{"id":34910,"date":"2026-03-03T15:13:54","date_gmt":"2026-03-03T20:43:54","guid":{"rendered":"https:\/\/multiofertasvip.com\/?post_type=product&#038;p=34910"},"modified":"2026-03-03T15:31:41","modified_gmt":"2026-03-03T21:01:41","slug":"armonizacion-de-casas-y-comercios-eduardo-dharma-yoel","status":"publish","type":"product","link":"https:\/\/multiofertasvip.com\/?product=armonizacion-de-casas-y-comercios-eduardo-dharma-yoel","title":{"rendered":"Armonizaci\u00f3n de Casas y Comercios-Eduardo dharma yoel"},"content":{"rendered":"<p><img data-recalc-dims=\"1\" decoding=\"async\" class=\"aligncenter\" src=\"https:\/\/i0.wp.com\/cursosenoferta.com\/amlsup1\/armonizacion%20de%20casas%20y%20comercios%20eduardo%20dharma%20yoel%20-%20archivos.jpg?w=1020&#038;ssl=1\" alt=\"xxxxx\" \/><\/p>\n<h2 class=\"elementor-heading-title elementor-size-default\">Que es Armon\u00eda y disarmon\u00eda.-<br \/>\nLos planos del astral y del eterico, carencia y abundancia.<br \/>\nLa mente m\u00e1gica y sus creaciones.<br \/>\nPensamientos arm\u00f3nicos y negativos.<br \/>\nMente abundante vs mente enferma o carente, como se potencian.<br \/>\nJerarqu\u00edas altas y bajas que intervienen.<br \/>\nQue son los arcontes y de que se alimentan<br \/>\nQue es un egregor y como se crea y alimenta.<br \/>\nArcontes y Egregores como limitan nuestra abundancia o la potencian.<br \/>\nNos pueden da\u00f1ar nuestra vivienda, oficina o veh\u00edculo, para que nos valla mal?<br \/>\nHay personas con el poder en sus mentes para da\u00f1arnos, como solucionarlo.<br \/>\nComo se sana o limpia una casa, comercio, u oficina enferma o da\u00f1ada.<br \/>\nOraciones , mantra, sahumerios, defumaciones, etc&#8230;<br \/>\nComo detectar con la palma de la mano, como scanner la energ\u00eda negativa de un lugar y positiva (hiperestesia)<br \/>\nElementos y rituales de sanaci\u00f3n en el siglo 21 y en la antig\u00fcedad.<br \/>\nSanaci\u00f3n de la casa con Energ\u00eda Reiki y S\u00edmbolos de varias religiones comparadas. Como hacerlo y lograrlo<br \/>\nComo se mantiene una casa sana o abundante.<br \/>\nElementos que podemos sacar de una casa u oficina que nos traen desgracia.<br \/>\nElementos de debemos colocar que atraen riqueza y bienestar familiar.<br \/>\nComo potenciar en Abundancia y Riqueza una Oficina, Escuela de ense\u00f1anza, Templo, Gabinete. autom\u00f3vil.<br \/>\nLa Gran clave debelada: Como se mantiene la Abundancia que conseguiremos.<br \/>\nY como siempre con Dharma Yoel mucho mas&#8230;..<\/h2>\n","protected":false},"excerpt":{"rendered":"<p>Que es Armon\u00eda y disarmon\u00eda.- Los planos del astral y del eterico, carencia y abundancia. La mente m\u00e1gica y sus creaciones. Pensamientos arm\u00f3nicos y negativos. Mente abundante vs mente enferma o carente, como se potencian. Jerarqu\u00edas altas y bajas que intervienen. Que son los arcontes y de que se alimentan Que es un egregor y [&#8230;]\n","protected":false},"featured_media":34912,"template":"","meta":{"_monsterinsights_skip_tracking":false,"_monsterinsights_sitenote_active":false,"_monsterinsights_sitenote_note":"","_monsterinsights_sitenote_category":0,"jetpack_post_was_ever_published":false,"jetpack_publicize_message":"","jetpack_publicize_feature_enabled":true,"jetpack_social_post_already_shared":false,"jetpack_social_options":{"image_generator_settings":{"template":"highway","default_image_id":0,"font":"","enabled":false},"version":2}},"product_brand":[],"product_cat":[46],"product_tag":[263,142,260,211,254,119,251,215,257,249,243,230,182,226,253,236,229,143,228,232,258,234,262,239,220,265,219,225,240,238,140,242,235,244,266,267,248,210,245,212,250,227,255,264,252,217,216,233,261,73,237,231,247,221,246,222,223,224,259,241,256,218,213,214,53],"class_list":{"0":"post-34910","1":"product","2":"type-product","3":"status-publish","4":"has-post-thumbnail","6":"product_cat-superacion","7":"product_tag-animales","8":"product_tag-avanzado","9":"product_tag-biden","10":"product_tag-billetes","11":"product_tag-bitcoin","12":"product_tag-carrera","13":"product_tag-china","14":"product_tag-christopher-olivarrieta","15":"product_tag-cine","16":"product_tag-coranavirus","17":"product_tag-cultura","18":"product_tag-cursos","19":"product_tag-dinero","20":"product_tag-dios","21":"product_tag-dolar","22":"product_tag-enric-corbera","23":"product_tag-ensenanza-en-casa","24":"product_tag-entidades","25":"product_tag-escuela","26":"product_tag-especialidad","27":"product_tag-estrenos","28":"product_tag-estudios","29":"product_tag-facebook","30":"product_tag-famosos","31":"product_tag-free","32":"product_tag-gatos","33":"product_tag-gratis","34":"product_tag-guerra","35":"product_tag-humor","36":"product_tag-internet","37":"product_tag-jose-palomo","38":"product_tag-juegos","39":"product_tag-lavin","40":"product_tag-manga","41":"product_tag-mercado-libre","42":"product_tag-mercado-pago","43":"product_tag-meteorologia","44":"product_tag-moneda","45":"product_tag-musica","46":"product_tag-nuevo","47":"product_tag-omnicron","48":"product_tag-oracion","49":"product_tag-peliculas","50":"product_tag-perros","51":"product_tag-peso","52":"product_tag-porn","53":"product_tag-porno","54":"product_tag-profesional","55":"product_tag-putin","56":"product_tag-salud","57":"product_tag-sexo","58":"product_tag-talleres","59":"product_tag-television","60":"product_tag-terapias","61":"product_tag-trabajo","62":"product_tag-ucrania","63":"product_tag-ukrania","64":"product_tag-usa","65":"product_tag-vacuna","66":"product_tag-viajes","67":"product_tag-videos","68":"product_tag-xxx","69":"product_tag-youtube","70":"product_tag-youtube-yuen-guadalajara","71":"product_tag-yuen","73":"first","74":"instock","75":"downloadable","76":"virtual","77":"purchasable","78":"product-type-simple"},"jetpack_publicize_connections":[],"jetpack-related-posts":[{"id":30229,"url":"https:\/\/multiofertasvip.com\/?product=taller-claves-para-generar-una-mente-abundante-enric-corbera","url_meta":{"origin":34910,"position":0},"title":"Taller Claves para Generar una Mente Abundante-Enric Corbera","author":"multiofertasvip","date":"julio 27, 2023","format":false,"excerpt":"Desbloquea tu abundancia para crear la vida que quieres En este taller profundizaremos en el concepto de abundancia. Descubrir\u00e1s las claves para propiciar este estado mental en ti y recursos pr\u00e1cticos para identificar las creencias y resonancias familiares que pueden estar dificultando que fluya la prosperidad en tu vida. Aprende\u2026","rel":"","context":"Entrada similar","block_context":{"text":"Entrada similar","link":""},"img":{"alt_text":"","src":"https:\/\/i0.wp.com\/multiofertasvip.com\/wp-content\/uploads\/2022\/01\/Captura-1.png?fit=200%2C200&ssl=1&resize=350%2C200","width":350,"height":200},"classes":[]},{"id":33506,"url":"https:\/\/multiofertasvip.com\/?product=los-secretos-universales-del-dinero-edmundo-velazco","url_meta":{"origin":34910,"position":1},"title":"Los Secretos Universales del Dinero-Edmundo Velazco","author":"multiofertasvip","date":"diciembre 19, 2024","format":false,"excerpt":"Beneficios\u00a0del Programa: Transforma tu relaci\u00f3n con el dinero: Aprende a identificar y eliminar creencias limitantes que te han mantenido estancado y construye una mentalidad que atraiga abundancia. Acelera tu camino hacia la prosperidad: Aplicando t\u00e9cnicas avanzadas de PNL y F\u00edsica Cu\u00e1ntica para multiplicar hasta por cinco veces tu capacidad de\u2026","rel":"","context":"Entrada similar","block_context":{"text":"Entrada similar","link":""},"img":{"alt_text":"","src":"https:\/\/i0.wp.com\/multiofertasvip.com\/wp-content\/uploads\/2024\/12\/secretos.jpg?fit=200%2C200&ssl=1&resize=350%2C200","width":350,"height":200},"classes":[]},{"id":34950,"url":"https:\/\/multiofertasvip.com\/?product=reiki-de-acuario-eduardo-dharma-yoel-2","url_meta":{"origin":34910,"position":2},"title":"Reiki de Acuario Eduardo Dharma Yoel","author":"multiofertasvip","date":"marzo 6, 2026","format":false,"excerpt":"TEMARIO INSTRUCTORADO Y MAESTRIA\u00a0\u00a0 Descripci\u00f3n Potencia la energ\u00eda Reiki 1000 veces Aumenta la posibilidad de Sanaci\u00f3n e iluminaci\u00f3n Act\u00faa limpiando el karma Libera el cuerpo y el campo \u00e1urico \u00datil para cortar energ\u00edas negativas externas Apertura de Caminos Limpieza \u00c1urica Sana la mente aumentando el flujo de energ\u00eda equilibradora Prosperidad\u2026","rel":"","context":"Entrada similar","block_context":{"text":"Entrada similar","link":""},"img":{"alt_text":"","src":"https:\/\/i0.wp.com\/multiofertasvip.com\/wp-content\/uploads\/2026\/03\/reiki-acuario.png?fit=200%2C200&ssl=1&resize=350%2C200","width":350,"height":200},"classes":[]},{"id":32834,"url":"https:\/\/multiofertasvip.com\/?product=la-ciencia-para-crear-abundancia-pablo-vazquez-kunz","url_meta":{"origin":34910,"position":3},"title":"La ciencia para crear abundancia &#8211; Pablo Vazquez Kunz","author":"multiofertasvip","date":"mayo 14, 2024","format":false,"excerpt":"Obtiene los Beneficios que todos deseamos La Biodescodificaci\u00f3n es una v\u00eda r\u00e1pida para acceder al n\u00facleo de tu mente.\u00a0Una vez que configures tus nuevos pensamientos, simplemente te mantendr\u00e1s inspirado para iniciar la acci\u00f3n de cada d\u00eda. \u00a0 \u00a0\u00a0Elimina las creencias que te alejan del dinero \u00a0\u00a0Descubre la intenci\u00f3n positiva de\u2026","rel":"","context":"Entrada similar","block_context":{"text":"Entrada similar","link":""},"img":{"alt_text":"","src":"https:\/\/i0.wp.com\/multiofertasvip.com\/wp-content\/uploads\/2024\/05\/crear-abundancia.png?fit=200%2C200&ssl=1&resize=350%2C200","width":350,"height":200},"classes":[]},{"id":30677,"url":"https:\/\/multiofertasvip.com\/?product=anclas-para-el-exito-edmundo-velasco","url_meta":{"origin":34910,"position":4},"title":"Anclas para el \u00e9xito Edmundo Velasco","author":"multiofertasvip","date":"enero 19, 2023","format":false,"excerpt":"\u00a0 Prep\u00e1rate para el 2023\u00a0 Descubre la poderosa t\u00e9cnica de Programaci\u00f3n Neuroling\u00fc\u00edstica que entra a tu mente inconsciente y te permite lograr resultados sobresalientes en todas las \u00e1reas de tu vida,\u00a0aunque en alg\u00fan momento hayas cre\u00eddo que alcanzar el \u00e9xito era imposible. \u2013\u00a0El \u00e9xito es para unos pocos afortunados.\u2013\u00a0No lo\u2026","rel":"","context":"Entrada similar","block_context":{"text":"Entrada similar","link":""},"img":{"alt_text":"","src":"https:\/\/i0.wp.com\/multiofertasvip.com\/wp-content\/uploads\/2023\/01\/anclas-para-el-exito-.jpg?fit=200%2C200&ssl=1&resize=350%2C200","width":350,"height":200},"classes":[]},{"id":33502,"url":"https:\/\/multiofertasvip.com\/?product=soy-riqueza-tatiana-arias","url_meta":{"origin":34910,"position":5},"title":"Soy Riqueza Tatiana Arias","author":"multiofertasvip","date":"diciembre 19, 2024","format":false,"excerpt":"\u00bfC\u00f3mo lograr Riqueza ilimitada? Puede que tu mente se niegue a entender lo que estoy por decirte, pero tu alma s\u00ed lo entender\u00e1. La riqueza no tiene nada que ver con lo que HACES y tiene todo que ver con lo que ERES. Por eso, antes de manifestar abundancia material,\u2026","rel":"","context":"Entrada similar","block_context":{"text":"Entrada similar","link":""},"img":{"alt_text":"","src":"https:\/\/i0.wp.com\/multiofertasvip.com\/wp-content\/uploads\/2024\/12\/soy-riqueza.jpg?fit=200%2C200&ssl=1&resize=350%2C200","width":350,"height":200},"classes":[]}],"jetpack_sharing_enabled":true,"jetpack_likes_enabled":true,"_links":{"self":[{"href":"https:\/\/multiofertasvip.com\/index.php?rest_route=\/wp\/v2\/product\/34910","targetHints":{"allow":["GET"]}}],"collection":[{"href":"https:\/\/multiofertasvip.com\/index.php?rest_route=\/wp\/v2\/product"}],"about":[{"href":"https:\/\/multiofertasvip.com\/index.php?rest_route=\/wp\/v2\/types\/product"}],"version-history":[{"count":1,"href":"https:\/\/multiofertasvip.com\/index.php?rest_route=\/wp\/v2\/product\/34910\/revisions"}],"predecessor-version":[{"id":34913,"href":"https:\/\/multiofertasvip.com\/index.php?rest_route=\/wp\/v2\/product\/34910\/revisions\/34913"}],"wp:featuredmedia":[{"embeddable":true,"href":"https:\/\/multiofertasvip.com\/index.php?rest_route=\/wp\/v2\/media\/34912"}],"wp:attachment":[{"href":"https:\/\/multiofertasvip.com\/index.php?rest_route=%2Fwp%2Fv2%2Fmedia&parent=34910"}],"wp:term":[{"taxonomy":"product_brand","embeddable":true,"href":"https:\/\/multiofertasvip.com\/index.php?rest_route=%2Fwp%2Fv2%2Fproduct_brand&post=34910"},{"taxonomy":"product_cat","embeddable":true,"href":"https:\/\/multiofertasvip.com\/index.php?rest_route=%2Fwp%2Fv2%2Fproduct_cat&post=34910"},{"taxonomy":"product_tag","embeddable":true,"href":"https:\/\/multiofertasvip.com\/index.php?rest_route=%2Fwp%2Fv2%2Fproduct_tag&post=34910"}],"curies":[{"name":"wp","href":"https:\/\/api.w.org\/{rel}","templated":true}]}}