{"id":34899,"date":"2026-03-02T13:44:40","date_gmt":"2026-03-02T19:14:40","guid":{"rendered":"https:\/\/multiofertasvip.com\/?post_type=product&#038;p=34899"},"modified":"2026-03-02T13:48:17","modified_gmt":"2026-03-02T19:18:17","slug":"fenix-reinvencion-profesional-dra-carla-cosso","status":"publish","type":"product","link":"https:\/\/multiofertasvip.com\/?product=fenix-reinvencion-profesional-dra-carla-cosso","title":{"rendered":"F\u00c9NIX Reinvenci\u00f3n Profesional-Dra \u2013 Carla Cosso"},"content":{"rendered":"<p>Hay momentos en la carrera profesional en los que sentimos que algo nos detiene. Sabemos que tenemos potencial, experiencia y vocaci\u00f3n\u2026 pero existe un \u201cmuro\u201d invisible que limita nuestro crecimiento.<\/p>\n<p>Este entrenamiento intensivo en vivo y online de 3 d\u00edas est\u00e1 dise\u00f1ado para profesionales de la salud y el bienestar que desean reinventarse, actualizar su enfoque terap\u00e9utico y aplicar la neurobiolog\u00eda de forma creativa en sus procesos de acompa\u00f1amiento.<\/p>\n<p>Durante esta experiencia transformadora trabajar\u00e1s en tres etapas clave:<\/p>\n<p>\ud83d\udd39 D\u00cdA 1 \u2013 \u201cEL MURO\u201d<br \/>\nIdentificar\u00e1s qu\u00e9 est\u00e1 limitando tu expansi\u00f3n profesional. Tomar\u00e1s conciencia profunda de tu metodolog\u00eda actual de trabajo y revisar\u00e1s las estructuras que utilizas en tus acompa\u00f1amientos terap\u00e9uticos. Definir\u00e1s con claridad tus S\u00cd y tus NO, estableciendo l\u00edmites, coherencia y direcci\u00f3n en tu pr\u00e1ctica profesional.<\/p>\n<p>\ud83d\udd39 D\u00cdA 2 \u2013 \u201cLA ESCALERA\u201d<br \/>\nConstruiremos estrat\u00e9gicamente la escalera que te permitir\u00e1 trascender ese muro. Aprender\u00e1s a integrar herramientas neurobiol\u00f3gicas de manera pr\u00e1ctica y aplicada, fortaleciendo tu seguridad, claridad y capacidad de intervenci\u00f3n como profesional de la salud y el bienestar.<\/p>\n<p>\ud83d\udd39 D\u00cdA 3 \u2013 \u201cEL F\u00c9NIX\u201d<br \/>\nEs el d\u00eda del renacimiento profesional. Aqu\u00ed se consolida tu reinvenci\u00f3n. Emerges con una nueva identidad profesional, m\u00e1s s\u00f3lida, actualizada y alineada con tu prop\u00f3sito. Como el F\u00e9nix, resurges con fuerza, vitalidad y una visi\u00f3n expandida de tu rol como experta en salud y bienestar.<\/p>\n<p>Este entrenamiento no solo aporta herramientas t\u00e9cnicas, sino que impulsa una transformaci\u00f3n interna profunda que impactar\u00e1 tu pr\u00e1ctica terap\u00e9utica, tu posicionamiento profesional y tu confianza.<\/p>\n<p>Es el momento de dejar atr\u00e1s el estancamiento y renacer con una nueva versi\u00f3n de ti misma.<\/p>\n","protected":false},"excerpt":{"rendered":"<p>Hay momentos en la carrera profesional en los que sentimos que algo nos detiene. Sabemos que tenemos potencial, experiencia y vocaci\u00f3n\u2026 pero existe un \u201cmuro\u201d invisible que limita nuestro crecimiento. Este entrenamiento intensivo en vivo y online de 3 d\u00edas est\u00e1 dise\u00f1ado para profesionales de la salud y el bienestar que desean reinventarse, actualizar su [&#8230;]\n","protected":false},"featured_media":34900,"template":"","meta":{"_monsterinsights_skip_tracking":false,"_monsterinsights_sitenote_active":false,"_monsterinsights_sitenote_note":"","_monsterinsights_sitenote_category":0,"jetpack_post_was_ever_published":false,"jetpack_publicize_message":"","jetpack_publicize_feature_enabled":true,"jetpack_social_post_already_shared":false,"jetpack_social_options":{"image_generator_settings":{"template":"highway","default_image_id":0,"font":"","enabled":false},"version":2}},"product_brand":[],"product_cat":[46],"product_tag":[263,142,260,211,254,119,251,215,257,249,243,230,182,226,253,236,229,143,228,232,258,234,262,239,220,265,219,225,240,238,140,242,235,244,266,267,248,210,245,212,250,227,255,264,252,217,216,233,261,73,237,231,247,221,246,222,223,224,259,241,256,218,213,214,53],"class_list":{"0":"post-34899","1":"product","2":"type-product","3":"status-publish","4":"has-post-thumbnail","6":"product_cat-superacion","7":"product_tag-animales","8":"product_tag-avanzado","9":"product_tag-biden","10":"product_tag-billetes","11":"product_tag-bitcoin","12":"product_tag-carrera","13":"product_tag-china","14":"product_tag-christopher-olivarrieta","15":"product_tag-cine","16":"product_tag-coranavirus","17":"product_tag-cultura","18":"product_tag-cursos","19":"product_tag-dinero","20":"product_tag-dios","21":"product_tag-dolar","22":"product_tag-enric-corbera","23":"product_tag-ensenanza-en-casa","24":"product_tag-entidades","25":"product_tag-escuela","26":"product_tag-especialidad","27":"product_tag-estrenos","28":"product_tag-estudios","29":"product_tag-facebook","30":"product_tag-famosos","31":"product_tag-free","32":"product_tag-gatos","33":"product_tag-gratis","34":"product_tag-guerra","35":"product_tag-humor","36":"product_tag-internet","37":"product_tag-jose-palomo","38":"product_tag-juegos","39":"product_tag-lavin","40":"product_tag-manga","41":"product_tag-mercado-libre","42":"product_tag-mercado-pago","43":"product_tag-meteorologia","44":"product_tag-moneda","45":"product_tag-musica","46":"product_tag-nuevo","47":"product_tag-omnicron","48":"product_tag-oracion","49":"product_tag-peliculas","50":"product_tag-perros","51":"product_tag-peso","52":"product_tag-porn","53":"product_tag-porno","54":"product_tag-profesional","55":"product_tag-putin","56":"product_tag-salud","57":"product_tag-sexo","58":"product_tag-talleres","59":"product_tag-television","60":"product_tag-terapias","61":"product_tag-trabajo","62":"product_tag-ucrania","63":"product_tag-ukrania","64":"product_tag-usa","65":"product_tag-vacuna","66":"product_tag-viajes","67":"product_tag-videos","68":"product_tag-xxx","69":"product_tag-youtube","70":"product_tag-youtube-yuen-guadalajara","71":"product_tag-yuen","73":"first","74":"instock","75":"downloadable","76":"virtual","77":"purchasable","78":"product-type-simple"},"jetpack_publicize_connections":[],"jetpack-related-posts":[{"id":34719,"url":"https:\/\/multiofertasvip.com\/?product=master-de-respiracion-consciente-nacho-munoz","url_meta":{"origin":34899,"position":0},"title":"M\u00e1ster de Respiraci\u00f3n Consciente \u2013 Nacho Mu\u00f1oz","author":"multiofertasvip","date":"enero 8, 2026","format":false,"excerpt":"El M\u00e1ster de Respiraci\u00f3n Consciente es un programa formativo profundo y pr\u00e1ctico dise\u00f1ado para que te conviertas en facilitador de Hipno-Respiraci\u00f3n Consciente, una de las herramientas m\u00e1s impactantes y transformadoras dentro del acompa\u00f1amiento personal y terap\u00e9utico. A trav\u00e9s de este m\u00e1ster aprender\u00e1s a integrar una metodolog\u00eda capaz de generar experiencias\u2026","rel":"","context":"Entrada similar","block_context":{"text":"Entrada similar","link":""},"img":{"alt_text":"","src":"https:\/\/i0.wp.com\/multiofertasvip.com\/wp-content\/uploads\/2026\/01\/respiracion-consciente.png?fit=200%2C200&ssl=1&resize=350%2C200","width":350,"height":200},"classes":[]},{"id":34131,"url":"https:\/\/multiofertasvip.com\/?product=curso-de-soul-communication-2-diana-arbol","url_meta":{"origin":34899,"position":1},"title":"Curso de Soul Communication 2-Diana Arbol","author":"multiofertasvip","date":"agosto 7, 2025","format":false,"excerpt":"Despu\u00e9s de haber integrado las 9 t\u00e9cnicas de acceso al Registro Ak\u00e1shico, aprender\u00e1s a acompa\u00f1ar a otros hacia el descubrimiento de su Ikigai, del descubrimiento del sentido de lo ocurrido en su vida, de sus relaciones, de los aprendizajes que a\u00fan necesita hacer, as\u00ed como del Origen y Prop\u00f3sito de\u2026","rel":"","context":"Entrada similar","block_context":{"text":"Entrada similar","link":""},"img":{"alt_text":"","src":"https:\/\/i0.wp.com\/multiofertasvip.com\/wp-content\/uploads\/2025\/08\/Ikigai2.png?fit=200%2C200&ssl=1&resize=350%2C200","width":350,"height":200},"classes":[]},{"id":31049,"url":"https:\/\/multiofertasvip.com\/?product=diplomado-programacion-neurolinguistica-pnl","url_meta":{"origin":34899,"position":2},"title":"Diplomado Programaci\u00f3n Neuroling\u00fc\u00edstica (PNL)","author":"multiofertasvip","date":"noviembre 9, 2023","format":false,"excerpt":"Inteligencia Emocional y Programaci\u00f3n Neuroling\u00fc\u00edstica para Terapeutas La PNL o programaci\u00f3n neuroling\u00fc\u00edstica ha sido definida por el famoso coach Tony Robbins como la f\u00edsica nuclear de la mente, que permite descomponer y analizar las partes que constituyen el comportamiento. Es una estrategia de comunicaci\u00f3n, desarrollo personal y psicoterapia, desarrollada por\u2026","rel":"","context":"Entrada similar","block_context":{"text":"Entrada similar","link":""},"img":{"alt_text":"","src":"https:\/\/i0.wp.com\/multiofertasvip.com\/wp-content\/uploads\/2023\/11\/pnl.png?fit=720%2C552&ssl=1&resize=350%2C200","width":350,"height":200,"srcset":"https:\/\/i0.wp.com\/multiofertasvip.com\/wp-content\/uploads\/2023\/11\/pnl.png?fit=720%2C552&ssl=1&resize=350%2C200 1x, https:\/\/i0.wp.com\/multiofertasvip.com\/wp-content\/uploads\/2023\/11\/pnl.png?fit=720%2C552&ssl=1&resize=525%2C300 1.5x, https:\/\/i0.wp.com\/multiofertasvip.com\/wp-content\/uploads\/2023\/11\/pnl.png?fit=720%2C552&ssl=1&resize=700%2C400 2x"},"classes":[]},{"id":35506,"url":"https:\/\/multiofertasvip.com\/?product=sanacion-cuantica-miguel-santos-2","url_meta":{"origin":34899,"position":3},"title":"Sanaci\u00f3n Cu\u00e1ntica Miguel Santos","author":"multiofertasvip","date":"abril 14, 2026","format":false,"excerpt":"Peso total:\u00a02.1 GB \u00a1Descubre el poder transformador de la Sanaci\u00f3n Cu\u00e1ntica! \ud83c\udf0c\u2728 Imagina un camino donde la ciencia y la espiritualidad se entrelazan, ofreciendo un profundo renacer a tu bienestar f\u00edsico, emocional y espiritual. Nuestro curso de Sanaci\u00f3n Cu\u00e1ntica est\u00e1 dise\u00f1ado para guiarte en esta traves\u00eda fascinante, proporcion\u00e1ndote las herramientas\u2026","rel":"","context":"Entrada similar","block_context":{"text":"Entrada similar","link":""},"img":{"alt_text":"Sanaci\u00f3n Cu\u00e1ntica ","src":"https:\/\/i0.wp.com\/cursoslux.com\/wp-content\/uploads\/2026\/04\/sanacion-cuantica-.jpg?resize=350%2C200&ssl=1","width":350,"height":200},"classes":[]},{"id":35235,"url":"https:\/\/multiofertasvip.com\/?product=principios-de-la-psicosomatica-clinica-y-humanista-modulo-1-y-2-salomon-sellam-2","url_meta":{"origin":34899,"position":4},"title":"Principios de la Psicosom\u00e1tica Cl\u00ednica y Humanista \u2013 M\u00f3dulo 1 y 2 \u2013 Salomon Sellam","author":"multiofertasvip","date":"marzo 26, 2026","format":false,"excerpt":"\u00a0 \u00a0 \u00a0 \u00a0 \u00a0 \u00a0 \u00a0","rel":"","context":"Entrada similar","block_context":{"text":"Entrada similar","link":""},"img":{"alt_text":"","src":"https:\/\/i0.wp.com\/www.salomon-sellam.com\/wp-content\/uploads\/2021\/08\/PRINCIPIOS-Y-BASES-DE-LA-1024x579.png?resize=350%2C200&ssl=1","width":350,"height":200,"srcset":"https:\/\/i0.wp.com\/www.salomon-sellam.com\/wp-content\/uploads\/2021\/08\/PRINCIPIOS-Y-BASES-DE-LA-1024x579.png?resize=350%2C200&ssl=1 1x, https:\/\/i0.wp.com\/www.salomon-sellam.com\/wp-content\/uploads\/2021\/08\/PRINCIPIOS-Y-BASES-DE-LA-1024x579.png?resize=525%2C300&ssl=1 1.5x, https:\/\/i0.wp.com\/www.salomon-sellam.com\/wp-content\/uploads\/2021\/08\/PRINCIPIOS-Y-BASES-DE-LA-1024x579.png?resize=700%2C400&ssl=1 2x"},"classes":[]},{"id":35248,"url":"https:\/\/multiofertasvip.com\/?product=metodo-pums-cesar-gonzales","url_meta":{"origin":34899,"position":5},"title":"M\u00e9todo PUMS C\u00e9sar Gonz\u00e1les","author":"multiofertasvip","date":"marzo 27, 2026","format":false,"excerpt":"\u00a0 \u00a0 \u00a0 \u00a0 \u00a0 \u00a0 \u00a0","rel":"","context":"Entrada similar","block_context":{"text":"Entrada similar","link":""},"img":{"alt_text":"","src":"https:\/\/i0.wp.com\/multiofertasvip.com\/wp-content\/uploads\/2026\/03\/bioenergetica.png?fit=200%2C200&ssl=1&resize=350%2C200","width":350,"height":200},"classes":[]}],"jetpack_sharing_enabled":true,"jetpack_likes_enabled":true,"_links":{"self":[{"href":"https:\/\/multiofertasvip.com\/index.php?rest_route=\/wp\/v2\/product\/34899","targetHints":{"allow":["GET"]}}],"collection":[{"href":"https:\/\/multiofertasvip.com\/index.php?rest_route=\/wp\/v2\/product"}],"about":[{"href":"https:\/\/multiofertasvip.com\/index.php?rest_route=\/wp\/v2\/types\/product"}],"version-history":[{"count":1,"href":"https:\/\/multiofertasvip.com\/index.php?rest_route=\/wp\/v2\/product\/34899\/revisions"}],"predecessor-version":[{"id":34902,"href":"https:\/\/multiofertasvip.com\/index.php?rest_route=\/wp\/v2\/product\/34899\/revisions\/34902"}],"wp:featuredmedia":[{"embeddable":true,"href":"https:\/\/multiofertasvip.com\/index.php?rest_route=\/wp\/v2\/media\/34900"}],"wp:attachment":[{"href":"https:\/\/multiofertasvip.com\/index.php?rest_route=%2Fwp%2Fv2%2Fmedia&parent=34899"}],"wp:term":[{"taxonomy":"product_brand","embeddable":true,"href":"https:\/\/multiofertasvip.com\/index.php?rest_route=%2Fwp%2Fv2%2Fproduct_brand&post=34899"},{"taxonomy":"product_cat","embeddable":true,"href":"https:\/\/multiofertasvip.com\/index.php?rest_route=%2Fwp%2Fv2%2Fproduct_cat&post=34899"},{"taxonomy":"product_tag","embeddable":true,"href":"https:\/\/multiofertasvip.com\/index.php?rest_route=%2Fwp%2Fv2%2Fproduct_tag&post=34899"}],"curies":[{"name":"wp","href":"https:\/\/api.w.org\/{rel}","templated":true}]}}