{"id":34895,"date":"2026-03-02T13:41:15","date_gmt":"2026-03-02T19:11:15","guid":{"rendered":"https:\/\/multiofertasvip.com\/?post_type=product&#038;p=34895"},"modified":"2026-03-02T13:44:06","modified_gmt":"2026-03-02T19:14:06","slug":"como-diferenciarte-siendo-profesional-de-la-salud-dra-carla-cosso","status":"publish","type":"product","link":"https:\/\/multiofertasvip.com\/?product=como-diferenciarte-siendo-profesional-de-la-salud-dra-carla-cosso","title":{"rendered":"Como Diferenciarte Siendo Profesional de la Salud \u2013 Dra Carla Cosso"},"content":{"rendered":"<p>Si eres profesional de la salud o el bienestar y sientes que tu crecimiento se ha quedado limitado a las paredes de tu consultorio, este curso es para ti.<\/p>\n<p>Esta formaci\u00f3n on demand, creada por la Dra. Carla Cosso, est\u00e1 dise\u00f1ada especialmente para mujeres profesionales que desean ampliar su impacto, acompa\u00f1ar a m\u00e1s consultantes y, al mismo tiempo, disponer de mayor libertad y tiempo personal.<\/p>\n<p>En solo 7 m\u00f3dulos pr\u00e1cticos (que puedes completar en menos de 3 horas), descubrir\u00e1s c\u00f3mo superar la gran traba que frena a muchas profesionales cuando quieren dar el salto hacia espacios grupales:<\/p>\n<p>\u201c\u00bfSobre qu\u00e9 tem\u00e1tica puedo crear un taller o curso sin ser una m\u00e1s ofreciendo lo mismo?\u201d<\/p>\n<p>Aqu\u00ed no se trata de copiar lo que hacen otras. Se trata de identificar tu diferencial, aquello que te hace \u00fanica y que convierte tu experiencia profesional en una propuesta aut\u00e9ntica y valiosa.<\/p>\n<p>Aprender\u00e1s a:<br \/>\n\u2728 Reconocer tu propuesta \u00fanica de valor<br \/>\n\u2728 Detectar lo que te distingue dentro de tu especialidad<br \/>\n\u2728 Dise\u00f1ar espacios grupales con identidad propia<br \/>\n\u2728 Acompa\u00f1ar procesos de transformaci\u00f3n m\u00e1s profundos<br \/>\n\u2728 Expandir tu alcance profesional sin sacrificar tu bienestar<\/p>\n<p>Este curso es ideal si quieres comenzar a crear talleres, programas o cursos grupales con claridad, confianza y estrategia, sin sentir que compites por precio ni que ofreces \u201cm\u00e1s de lo mismo\u201d.<\/p>\n<p>Es el primer paso para trascender el modelo tradicional de atenci\u00f3n individual y posicionarte como referente en tu \u00e1rea.<\/p>\n","protected":false},"excerpt":{"rendered":"<p>Si eres profesional de la salud o el bienestar y sientes que tu crecimiento se ha quedado limitado a las paredes de tu consultorio, este curso es para ti. Esta formaci\u00f3n on demand, creada por la Dra. Carla Cosso, est\u00e1 dise\u00f1ada especialmente para mujeres profesionales que desean ampliar su impacto, acompa\u00f1ar a m\u00e1s consultantes y, [&#8230;]\n","protected":false},"featured_media":34897,"template":"","meta":{"_monsterinsights_skip_tracking":false,"_monsterinsights_sitenote_active":false,"_monsterinsights_sitenote_note":"","_monsterinsights_sitenote_category":0,"jetpack_post_was_ever_published":false,"jetpack_publicize_message":"","jetpack_publicize_feature_enabled":true,"jetpack_social_post_already_shared":false,"jetpack_social_options":{"image_generator_settings":{"template":"highway","default_image_id":0,"font":"","enabled":false},"version":2}},"product_brand":[],"product_cat":[46],"product_tag":[263,142,260,211,254,119,251,215,257,249,243,230,182,226,253,236,229,143,228,232,258,234,262,239,220,265,219,225,240,238,140,242,235,244,266,267,248,210,245,212,250,227,255,264,252,217,216,233,261,73,237,231,247,221,246,222,223,224,259,241,256,218,213,214,53],"class_list":{"0":"post-34895","1":"product","2":"type-product","3":"status-publish","4":"has-post-thumbnail","6":"product_cat-superacion","7":"product_tag-animales","8":"product_tag-avanzado","9":"product_tag-biden","10":"product_tag-billetes","11":"product_tag-bitcoin","12":"product_tag-carrera","13":"product_tag-china","14":"product_tag-christopher-olivarrieta","15":"product_tag-cine","16":"product_tag-coranavirus","17":"product_tag-cultura","18":"product_tag-cursos","19":"product_tag-dinero","20":"product_tag-dios","21":"product_tag-dolar","22":"product_tag-enric-corbera","23":"product_tag-ensenanza-en-casa","24":"product_tag-entidades","25":"product_tag-escuela","26":"product_tag-especialidad","27":"product_tag-estrenos","28":"product_tag-estudios","29":"product_tag-facebook","30":"product_tag-famosos","31":"product_tag-free","32":"product_tag-gatos","33":"product_tag-gratis","34":"product_tag-guerra","35":"product_tag-humor","36":"product_tag-internet","37":"product_tag-jose-palomo","38":"product_tag-juegos","39":"product_tag-lavin","40":"product_tag-manga","41":"product_tag-mercado-libre","42":"product_tag-mercado-pago","43":"product_tag-meteorologia","44":"product_tag-moneda","45":"product_tag-musica","46":"product_tag-nuevo","47":"product_tag-omnicron","48":"product_tag-oracion","49":"product_tag-peliculas","50":"product_tag-perros","51":"product_tag-peso","52":"product_tag-porn","53":"product_tag-porno","54":"product_tag-profesional","55":"product_tag-putin","56":"product_tag-salud","57":"product_tag-sexo","58":"product_tag-talleres","59":"product_tag-television","60":"product_tag-terapias","61":"product_tag-trabajo","62":"product_tag-ucrania","63":"product_tag-ukrania","64":"product_tag-usa","65":"product_tag-vacuna","66":"product_tag-viajes","67":"product_tag-videos","68":"product_tag-xxx","69":"product_tag-youtube","70":"product_tag-youtube-yuen-guadalajara","71":"product_tag-yuen","73":"first","74":"instock","75":"downloadable","76":"virtual","77":"purchasable","78":"product-type-simple"},"jetpack_publicize_connections":[],"jetpack-related-posts":[{"id":34891,"url":"https:\/\/multiofertasvip.com\/?product=taller-intensivo-3-pilares-para-crear-un-curso-online-dra-carla-cosso","url_meta":{"origin":34895,"position":0},"title":"Taller Intensivo 3 PILARES para Crear un Curso Online \u2013 Dra. Carla Cosso","author":"multiofertasvip","date":"marzo 2, 2026","format":false,"excerpt":"Si eres profesional de la salud y quieres llevar tu conocimiento m\u00e1s all\u00e1 de la consulta presencial, este taller intensivo es el punto de partida que necesitas. En este entrenamiento, la Dra. Carla Cosso te gu\u00eda paso a paso a trav\u00e9s de los 3 pilares fundamentales para crear un curso\u2026","rel":"","context":"Entrada similar","block_context":{"text":"Entrada similar","link":""},"img":{"alt_text":"","src":"https:\/\/i0.wp.com\/multiofertasvip.com\/wp-content\/uploads\/2026\/03\/3-pilares-para-cambiar.jpg?fit=200%2C200&ssl=1&resize=350%2C200","width":350,"height":200},"classes":[]},{"id":34887,"url":"https:\/\/multiofertasvip.com\/?product=camino-del-bienestar-dra-carla-cosso","url_meta":{"origin":34895,"position":1},"title":"CAMINO del Bienestar \u2013 Dra.Carla Cosso","author":"multiofertasvip","date":"marzo 2, 2026","format":false,"excerpt":"El bienestar no es un lujo, es una decisi\u00f3n consciente. En este programa aprender\u00e1s qu\u00e9 hacer para vivir en verdadero equilibrio, integrando tu vida personal y profesional sin sacrificar tu energ\u00eda, tu salud ni tu prop\u00f3sito. Este curso est\u00e1 especialmente dise\u00f1ado para mujeres profesionales del \u00e1mbito de la salud y\u2026","rel":"","context":"Entrada similar","block_context":{"text":"Entrada similar","link":""},"img":{"alt_text":"","src":"https:\/\/i0.wp.com\/multiofertasvip.com\/wp-content\/uploads\/2026\/03\/neurociencias-del-bienestar.jpg?fit=200%2C200&ssl=1&resize=350%2C200","width":350,"height":200},"classes":[]},{"id":34899,"url":"https:\/\/multiofertasvip.com\/?product=fenix-reinvencion-profesional-dra-carla-cosso","url_meta":{"origin":34895,"position":2},"title":"F\u00c9NIX Reinvenci\u00f3n Profesional-Dra \u2013 Carla Cosso","author":"multiofertasvip","date":"marzo 2, 2026","format":false,"excerpt":"Hay momentos en la carrera profesional en los que sentimos que algo nos detiene. Sabemos que tenemos potencial, experiencia y vocaci\u00f3n\u2026 pero existe un \u201cmuro\u201d invisible que limita nuestro crecimiento. Este entrenamiento intensivo en vivo y online de 3 d\u00edas est\u00e1 dise\u00f1ado para profesionales de la salud y el bienestar\u2026","rel":"","context":"Entrada similar","block_context":{"text":"Entrada similar","link":""},"img":{"alt_text":"","src":"https:\/\/i0.wp.com\/multiofertasvip.com\/wp-content\/uploads\/2026\/03\/neurobiologia-aplicada-fenix.jpg?fit=200%2C200&ssl=1&resize=350%2C200","width":350,"height":200},"classes":[]},{"id":30781,"url":"https:\/\/multiofertasvip.com\/?product=sistema-de-renovacion-total-edmundo-velasco","url_meta":{"origin":34895,"position":3},"title":"Sistema de RENOVACI\u00d3N TOTAL-Edmundo Velasco","author":"multiofertasvip","date":"marzo 14, 2023","format":false,"excerpt":"\u00a0 El nuevo sistema en donde el Master Coach Edmundo Velasco y la Dra. Elsa \u00c1vila te entregan todos sus conocimientos y experiencia para RENOVARTE Un concepto \u00fanico. El sistema con los cursos y contenidos m\u00e1s valiosos de Edmundo Velasco y Elsa \u00c1vila recopilados en un s\u00f3lo producto para ayudarte\u2026","rel":"","context":"Entrada similar","block_context":{"text":"Entrada similar","link":""},"img":{"alt_text":"","src":"https:\/\/i0.wp.com\/multiofertasvip.com\/wp-content\/uploads\/2023\/03\/sistema-de-renovacion-total-carpetas-235x300.jpg?resize=350%2C200&ssl=1","width":350,"height":200},"classes":[]},{"id":30826,"url":"https:\/\/multiofertasvip.com\/?product=acu-magnetismo-dra-capella","url_meta":{"origin":34895,"position":4},"title":"Acu-Magnetismo-Dra. Capella","author":"multiofertasvip","date":"mayo 7, 2023","format":false,"excerpt":"\u00a0 \u00a0 \u00a0","rel":"","context":"Entrada similar","block_context":{"text":"Entrada similar","link":""},"img":{"alt_text":"","src":"https:\/\/i0.wp.com\/multiofertasvip.com\/wp-content\/uploads\/2023\/05\/ACUMAGNETISMO2-300x253.png?resize=350%2C200&ssl=1","width":350,"height":200,"srcset":"https:\/\/i0.wp.com\/multiofertasvip.com\/wp-content\/uploads\/2023\/05\/ACUMAGNETISMO2-300x253.png?resize=350%2C200&ssl=1 1x, https:\/\/i0.wp.com\/multiofertasvip.com\/wp-content\/uploads\/2023\/05\/ACUMAGNETISMO2-300x253.png?resize=525%2C300&ssl=1 1.5x"},"classes":[]},{"id":33804,"url":"https:\/\/multiofertasvip.com\/?product=curso-metodo-resecado-y-tecnologias-mentales-para-la-sanacion-carlos-zamora","url_meta":{"origin":34895,"position":5},"title":"Curso M\u00e9todo Resecado y Tecnolog\u00edas Mentales para la sanaci\u00f3n-Carlos Zamora","author":"multiofertasvip","date":"abril 25, 2025","format":false,"excerpt":"Curso M\u00e9todo Resecado y Tecnolog\u00edas Mentales para la sanaci\u00f3n Curso de Sanaci\u00f3n Bioenerg\u00e9tica \ud83d\udccc Con la T\u00e9cnica de Resecado puedes tratar todo tipo de desequilibrio del cuerpo con gran eficacia. \ud83d\udc49 Si tienes conocimientos de otras terapias , Biomagnetismo, acupuntura, sanaciones bioenerg\u00e9ticas, puedes incluirlas en Resecado y tener mayor \u00e9xito\u2026","rel":"","context":"Entrada similar","block_context":{"text":"Entrada similar","link":""},"img":{"alt_text":"","src":"https:\/\/i0.wp.com\/multiofertasvip.com\/wp-content\/uploads\/2025\/04\/resecado.png?fit=200%2C200&ssl=1&resize=350%2C200","width":350,"height":200},"classes":[]}],"jetpack_sharing_enabled":true,"jetpack_likes_enabled":true,"_links":{"self":[{"href":"https:\/\/multiofertasvip.com\/index.php?rest_route=\/wp\/v2\/product\/34895","targetHints":{"allow":["GET"]}}],"collection":[{"href":"https:\/\/multiofertasvip.com\/index.php?rest_route=\/wp\/v2\/product"}],"about":[{"href":"https:\/\/multiofertasvip.com\/index.php?rest_route=\/wp\/v2\/types\/product"}],"version-history":[{"count":1,"href":"https:\/\/multiofertasvip.com\/index.php?rest_route=\/wp\/v2\/product\/34895\/revisions"}],"predecessor-version":[{"id":34898,"href":"https:\/\/multiofertasvip.com\/index.php?rest_route=\/wp\/v2\/product\/34895\/revisions\/34898"}],"wp:featuredmedia":[{"embeddable":true,"href":"https:\/\/multiofertasvip.com\/index.php?rest_route=\/wp\/v2\/media\/34897"}],"wp:attachment":[{"href":"https:\/\/multiofertasvip.com\/index.php?rest_route=%2Fwp%2Fv2%2Fmedia&parent=34895"}],"wp:term":[{"taxonomy":"product_brand","embeddable":true,"href":"https:\/\/multiofertasvip.com\/index.php?rest_route=%2Fwp%2Fv2%2Fproduct_brand&post=34895"},{"taxonomy":"product_cat","embeddable":true,"href":"https:\/\/multiofertasvip.com\/index.php?rest_route=%2Fwp%2Fv2%2Fproduct_cat&post=34895"},{"taxonomy":"product_tag","embeddable":true,"href":"https:\/\/multiofertasvip.com\/index.php?rest_route=%2Fwp%2Fv2%2Fproduct_tag&post=34895"}],"curies":[{"name":"wp","href":"https:\/\/api.w.org\/{rel}","templated":true}]}}