{"id":34887,"date":"2026-03-02T13:33:52","date_gmt":"2026-03-02T19:03:52","guid":{"rendered":"https:\/\/multiofertasvip.com\/?post_type=product&#038;p=34887"},"modified":"2026-03-02T13:37:28","modified_gmt":"2026-03-02T19:07:28","slug":"camino-del-bienestar-dra-carla-cosso","status":"publish","type":"product","link":"https:\/\/multiofertasvip.com\/?product=camino-del-bienestar-dra-carla-cosso","title":{"rendered":"CAMINO del Bienestar \u2013 Dra.Carla Cosso"},"content":{"rendered":"<p>El bienestar no es un lujo, es una decisi\u00f3n consciente. En este programa aprender\u00e1s qu\u00e9 hacer para vivir en verdadero equilibrio, integrando tu vida personal y profesional sin sacrificar tu energ\u00eda, tu salud ni tu prop\u00f3sito.<\/p>\n<p>Este curso est\u00e1 especialmente dise\u00f1ado para mujeres profesionales del \u00e1mbito de la salud y el bienestar que desean acompa\u00f1ar a otros desde un lugar s\u00f3lido, coherente y equilibrado. Porque no podemos sostener a nuestros consultantes si primero no aprendemos a sostenernos a nosotras mismas.<\/p>\n<p>A lo largo de la formaci\u00f3n descubrir\u00e1s c\u00f3mo aplicar las neurociencias de forma simple y pr\u00e1ctica en tu d\u00eda a d\u00eda. No se trata de acumular m\u00e1s informaci\u00f3n, sino de generar transformaci\u00f3n real. Menos teor\u00eda innecesaria y m\u00e1s herramientas accionables que impacten tu bienestar emocional, mental y profesional.<\/p>\n<p>Aprender\u00e1s a:<\/p>\n<p>\u2714 Integrar principios de neurociencia para gestionar mejor el estr\u00e9s y las emociones.<br \/>\n\u2714 Equilibrar tu vocaci\u00f3n profesional con tu vida personal sin culpa ni agotamiento.<br \/>\n\u2714 Crear h\u00e1bitos sostenibles que eleven tu energ\u00eda y claridad mental.<br \/>\n\u2714 Cuidarte estrat\u00e9gicamente para poder cuidar mejor a tus consultantes.<\/p>\n<p>Este programa es una invitaci\u00f3n a redise\u00f1ar tu forma de vivir y trabajar, priorizando tu bienestar como base de tu \u00e9xito profesional. Porque el verdadero equilibrio comienza contigo.<\/p>\n","protected":false},"excerpt":{"rendered":"<p>El bienestar no es un lujo, es una decisi\u00f3n consciente. En este programa aprender\u00e1s qu\u00e9 hacer para vivir en verdadero equilibrio, integrando tu vida personal y profesional sin sacrificar tu energ\u00eda, tu salud ni tu prop\u00f3sito. Este curso est\u00e1 especialmente dise\u00f1ado para mujeres profesionales del \u00e1mbito de la salud y el bienestar que desean acompa\u00f1ar [&#8230;]\n","protected":false},"featured_media":34889,"template":"","meta":{"_monsterinsights_skip_tracking":false,"_monsterinsights_sitenote_active":false,"_monsterinsights_sitenote_note":"","_monsterinsights_sitenote_category":0,"jetpack_post_was_ever_published":false,"jetpack_publicize_message":"","jetpack_publicize_feature_enabled":true,"jetpack_social_post_already_shared":false,"jetpack_social_options":{"image_generator_settings":{"template":"highway","default_image_id":0,"font":"","enabled":false},"version":2}},"product_brand":[],"product_cat":[46],"product_tag":[263,142,260,211,254,119,251,215,257,249,243,230,182,226,253,236,229,143,228,232,258,234,262,239,220,265,219,225,240,238,140,242,235,244,266,267,248,210,245,212,250,227,255,264,252,217,216,233,261,73,237,231,247,221,246,222,223,224,259,241,256,218,213,214,53],"class_list":{"0":"post-34887","1":"product","2":"type-product","3":"status-publish","4":"has-post-thumbnail","6":"product_cat-superacion","7":"product_tag-animales","8":"product_tag-avanzado","9":"product_tag-biden","10":"product_tag-billetes","11":"product_tag-bitcoin","12":"product_tag-carrera","13":"product_tag-china","14":"product_tag-christopher-olivarrieta","15":"product_tag-cine","16":"product_tag-coranavirus","17":"product_tag-cultura","18":"product_tag-cursos","19":"product_tag-dinero","20":"product_tag-dios","21":"product_tag-dolar","22":"product_tag-enric-corbera","23":"product_tag-ensenanza-en-casa","24":"product_tag-entidades","25":"product_tag-escuela","26":"product_tag-especialidad","27":"product_tag-estrenos","28":"product_tag-estudios","29":"product_tag-facebook","30":"product_tag-famosos","31":"product_tag-free","32":"product_tag-gatos","33":"product_tag-gratis","34":"product_tag-guerra","35":"product_tag-humor","36":"product_tag-internet","37":"product_tag-jose-palomo","38":"product_tag-juegos","39":"product_tag-lavin","40":"product_tag-manga","41":"product_tag-mercado-libre","42":"product_tag-mercado-pago","43":"product_tag-meteorologia","44":"product_tag-moneda","45":"product_tag-musica","46":"product_tag-nuevo","47":"product_tag-omnicron","48":"product_tag-oracion","49":"product_tag-peliculas","50":"product_tag-perros","51":"product_tag-peso","52":"product_tag-porn","53":"product_tag-porno","54":"product_tag-profesional","55":"product_tag-putin","56":"product_tag-salud","57":"product_tag-sexo","58":"product_tag-talleres","59":"product_tag-television","60":"product_tag-terapias","61":"product_tag-trabajo","62":"product_tag-ucrania","63":"product_tag-ukrania","64":"product_tag-usa","65":"product_tag-vacuna","66":"product_tag-viajes","67":"product_tag-videos","68":"product_tag-xxx","69":"product_tag-youtube","70":"product_tag-youtube-yuen-guadalajara","71":"product_tag-yuen","73":"first","74":"instock","75":"downloadable","76":"virtual","77":"purchasable","78":"product-type-simple"},"jetpack_publicize_connections":[],"jetpack-related-posts":[{"id":34899,"url":"https:\/\/multiofertasvip.com\/?product=fenix-reinvencion-profesional-dra-carla-cosso","url_meta":{"origin":34887,"position":0},"title":"F\u00c9NIX Reinvenci\u00f3n Profesional-Dra \u2013 Carla Cosso","author":"multiofertasvip","date":"marzo 2, 2026","format":false,"excerpt":"Hay momentos en la carrera profesional en los que sentimos que algo nos detiene. Sabemos que tenemos potencial, experiencia y vocaci\u00f3n\u2026 pero existe un \u201cmuro\u201d invisible que limita nuestro crecimiento. Este entrenamiento intensivo en vivo y online de 3 d\u00edas est\u00e1 dise\u00f1ado para profesionales de la salud y el bienestar\u2026","rel":"","context":"Entrada similar","block_context":{"text":"Entrada similar","link":""},"img":{"alt_text":"","src":"https:\/\/i0.wp.com\/multiofertasvip.com\/wp-content\/uploads\/2026\/03\/neurobiologia-aplicada-fenix.jpg?fit=200%2C200&ssl=1&resize=350%2C200","width":350,"height":200},"classes":[]},{"id":34804,"url":"https:\/\/multiofertasvip.com\/?product=coaching-para-tu-salud-ejv-y-asociados-sc","url_meta":{"origin":34887,"position":1},"title":"Coaching Para tu Salud EJV y Asociados SC","author":"multiofertasvip","date":"febrero 18, 2026","format":false,"excerpt":"\ud83c\udf1f\u00a0Transforma Tu Vida con el Curso de Coaching Para Tu Salud\u00a0\ud83c\udf1f \u00bfTe sientes atrapado en un ciclo de h\u00e1bitos poco saludables? \u00bfSue\u00f1as con una vida m\u00e1s plena, en\u00e9rgica y equilibrada? \u00a1Es el momento de dar el paso hacia tu bienestar integral! Te presentamos nuestro innovador\u00a0Curso de Coaching Para Tu Salud,\u2026","rel":"","context":"Entrada similar","block_context":{"text":"Entrada similar","link":""},"img":{"alt_text":"","src":"https:\/\/i0.wp.com\/multiofertasvip.com\/wp-content\/uploads\/2026\/02\/coaching-para-la-salud.png?fit=200%2C200&ssl=1&resize=350%2C200","width":350,"height":200},"classes":[]},{"id":34809,"url":"https:\/\/multiofertasvip.com\/?product=enfermedades-detras-de-no-disfrutar-de-la-dulzura-de-la-vida-integrativo","url_meta":{"origin":34887,"position":2},"title":"Enfermedades detr\u00e1s de no disfrutar de la Dulzura de la Vida-Integrativo","author":"multiofertasvip","date":"febrero 18, 2026","format":false,"excerpt":"\u00a1Descubre el Secreto Detr\u00e1s de Tu Bienestar! \ud83c\udf43\u2728 \u00bfTe has sentido alguna vez atrapado en la rutina diaria, sin poder disfrutar de los peque\u00f1os placeres que la vida tiene para ofrecer? \u00bfCrees que la dulzura de la vida es solo para otros? Te presentamos nuestro innovador curso\u00a0\u00abEnfermedades Detr\u00e1s de No\u2026","rel":"","context":"Entrada similar","block_context":{"text":"Entrada similar","link":""},"img":{"alt_text":"","src":"https:\/\/i0.wp.com\/multiofertasvip.com\/wp-content\/uploads\/2026\/02\/enfermedades.png?fit=200%2C200&ssl=1&resize=350%2C200","width":350,"height":200},"classes":[]},{"id":34827,"url":"https:\/\/multiofertasvip.com\/?product=protecciones-energeticas-alma-rendon","url_meta":{"origin":34887,"position":3},"title":"Protecciones Energ\u00e9ticas \u2013 Alma Rend\u00f3n","author":"multiofertasvip","date":"febrero 19, 2026","format":false,"excerpt":"Protecciones Energ\u00e9ticas es un taller profundo y transformador creado para ayudarte a proteger tu energ\u00eda de forma consciente, amorosa y efectiva, mientras elevas tu vibraci\u00f3n y aprendes a vivir desde una frecuencia alta y estable. Vivimos expuestos constantemente a cargas emocionales, energ\u00edas densas, miedos, creencias limitantes y entornos que drenan\u2026","rel":"","context":"Entrada similar","block_context":{"text":"Entrada similar","link":""},"img":{"alt_text":"","src":"https:\/\/i0.wp.com\/multiofertasvip.com\/wp-content\/uploads\/2026\/02\/protecciones-energeticas.png?fit=200%2C200&ssl=1&resize=350%2C200","width":350,"height":200},"classes":[]},{"id":35487,"url":"https:\/\/multiofertasvip.com\/?product=meditacion-avanzada-josep-m-clopes-2","url_meta":{"origin":34887,"position":4},"title":"Meditaci\u00f3n Avanzada Josep M. Clop\u00e9s","author":"multiofertasvip","date":"abril 14, 2026","format":false,"excerpt":"Meditaci\u00f3n Avanzada de Josep M. Clop\u00e9s Meditaci\u00f3n Avanzada de Josep M. Clop\u00e9s\u00a0es un programa formativo online dise\u00f1ado para llevarte m\u00e1s all\u00e1 de t\u00e9cnicas b\u00e1sicas de meditaci\u00f3n hacia una pr\u00e1ctica profunda y transformadora que potencia tu bienestar mental, emocional y f\u00edsico a trav\u00e9s de la disciplina meditativa. Este curso se basa\u2026","rel":"","context":"Entrada similar","block_context":{"text":"Entrada similar","link":""},"img":{"alt_text":"","src":"https:\/\/i0.wp.com\/multiofertasvip.com\/wp-content\/uploads\/2023\/04\/meditacion-avanzada.png?fit=200%2C200&ssl=1&resize=350%2C200","width":350,"height":200},"classes":[]},{"id":35198,"url":"https:\/\/multiofertasvip.com\/?product=tecnica-psico-fisica-expansiva-armonia-eduardo-dharma-yoel-2","url_meta":{"origin":34887,"position":5},"title":"T\u00e9cnica Psico F\u00edsica Expansiva Armon\u00eda \u2013 Eduardo Dharma Yoel","author":"multiofertasvip","date":"marzo 19, 2026","format":false,"excerpt":"\u00a0 \u00a0 \u00a0 \u00a0 \u00a0 \u00a0 \u00a0","rel":"","context":"Entrada similar","block_context":{"text":"Entrada similar","link":""},"img":{"alt_text":"","src":"https:\/\/i0.wp.com\/multiofertasvip.com\/wp-content\/uploads\/2026\/03\/Tecnica-Psico-Fisica-Expansiva-Armonia.png?fit=200%2C200&ssl=1&resize=350%2C200","width":350,"height":200},"classes":[]}],"jetpack_sharing_enabled":true,"jetpack_likes_enabled":true,"_links":{"self":[{"href":"https:\/\/multiofertasvip.com\/index.php?rest_route=\/wp\/v2\/product\/34887","targetHints":{"allow":["GET"]}}],"collection":[{"href":"https:\/\/multiofertasvip.com\/index.php?rest_route=\/wp\/v2\/product"}],"about":[{"href":"https:\/\/multiofertasvip.com\/index.php?rest_route=\/wp\/v2\/types\/product"}],"version-history":[{"count":1,"href":"https:\/\/multiofertasvip.com\/index.php?rest_route=\/wp\/v2\/product\/34887\/revisions"}],"predecessor-version":[{"id":34890,"href":"https:\/\/multiofertasvip.com\/index.php?rest_route=\/wp\/v2\/product\/34887\/revisions\/34890"}],"wp:featuredmedia":[{"embeddable":true,"href":"https:\/\/multiofertasvip.com\/index.php?rest_route=\/wp\/v2\/media\/34889"}],"wp:attachment":[{"href":"https:\/\/multiofertasvip.com\/index.php?rest_route=%2Fwp%2Fv2%2Fmedia&parent=34887"}],"wp:term":[{"taxonomy":"product_brand","embeddable":true,"href":"https:\/\/multiofertasvip.com\/index.php?rest_route=%2Fwp%2Fv2%2Fproduct_brand&post=34887"},{"taxonomy":"product_cat","embeddable":true,"href":"https:\/\/multiofertasvip.com\/index.php?rest_route=%2Fwp%2Fv2%2Fproduct_cat&post=34887"},{"taxonomy":"product_tag","embeddable":true,"href":"https:\/\/multiofertasvip.com\/index.php?rest_route=%2Fwp%2Fv2%2Fproduct_tag&post=34887"}],"curies":[{"name":"wp","href":"https:\/\/api.w.org\/{rel}","templated":true}]}}