{"id":34879,"date":"2026-03-02T13:26:17","date_gmt":"2026-03-02T18:56:17","guid":{"rendered":"https:\/\/multiofertasvip.com\/?post_type=product&#038;p=34879"},"modified":"2026-03-02T13:29:38","modified_gmt":"2026-03-02T18:59:38","slug":"conoce-y-activa-todo-tu-cuerpo-yoga-paula-pedeschi","status":"publish","type":"product","link":"https:\/\/multiofertasvip.com\/?product=conoce-y-activa-todo-tu-cuerpo-yoga-paula-pedeschi","title":{"rendered":"Conoce y activa todo tu cuerpo (Yoga) Paula Pedeschi"},"content":{"rendered":"<div class=\"x14z9mp xat24cr x1lziwak x1vvkbs xtlvy1s x126k92a\"><\/div>\n<div class=\"x14z9mp xat24cr x1lziwak x1vvkbs xtlvy1s x126k92a\">\n<div dir=\"auto\"><\/div>\n<\/div>\n<div class=\"x14z9mp xat24cr x1lziwak x1vvkbs xtlvy1s x126k92a\">\n<div dir=\"auto\">Esta serie de Vinyasa est\u00e1 dise\u00f1ada en darte las herramientas para ayudarte a alinear, y activar con respiraci\u00f3n y movimientos conscientemente todo tu cuerpo.<\/p>\n<p>Cada pr\u00e1ctica tiene un enfoque especial en promover el soporte y contra soporte de tu columna vertebral y te explica con detalle la alineaci\u00f3n de cada asana.<\/p><\/div>\n<\/div>\n","protected":false},"excerpt":{"rendered":"<p>Esta serie de Vinyasa est\u00e1 dise\u00f1ada en darte las herramientas para ayudarte a alinear, y activar con respiraci\u00f3n y movimientos conscientemente todo tu cuerpo. Cada pr\u00e1ctica tiene un enfoque especial en promover el soporte y contra soporte de tu columna vertebral y te explica con detalle la alineaci\u00f3n de cada asana.<\/p>\n","protected":false},"featured_media":34881,"template":"","meta":{"_monsterinsights_skip_tracking":false,"_monsterinsights_sitenote_active":false,"_monsterinsights_sitenote_note":"","_monsterinsights_sitenote_category":0,"jetpack_post_was_ever_published":false,"jetpack_publicize_message":"","jetpack_publicize_feature_enabled":true,"jetpack_social_post_already_shared":false,"jetpack_social_options":{"image_generator_settings":{"template":"highway","default_image_id":0,"font":"","enabled":false},"version":2}},"product_brand":[],"product_cat":[46],"product_tag":[263,142,260,211,254,119,251,215,257,249,243,230,182,226,253,236,229,143,228,232,258,234,262,239,220,265,219,225,240,238,140,242,235,244,266,267,248,210,245,212,250,227,255,264,252,217,216,233,261,73,237,231,247,221,246,222,223,224,259,241,256,218,213,214,53],"class_list":{"0":"post-34879","1":"product","2":"type-product","3":"status-publish","4":"has-post-thumbnail","6":"product_cat-superacion","7":"product_tag-animales","8":"product_tag-avanzado","9":"product_tag-biden","10":"product_tag-billetes","11":"product_tag-bitcoin","12":"product_tag-carrera","13":"product_tag-china","14":"product_tag-christopher-olivarrieta","15":"product_tag-cine","16":"product_tag-coranavirus","17":"product_tag-cultura","18":"product_tag-cursos","19":"product_tag-dinero","20":"product_tag-dios","21":"product_tag-dolar","22":"product_tag-enric-corbera","23":"product_tag-ensenanza-en-casa","24":"product_tag-entidades","25":"product_tag-escuela","26":"product_tag-especialidad","27":"product_tag-estrenos","28":"product_tag-estudios","29":"product_tag-facebook","30":"product_tag-famosos","31":"product_tag-free","32":"product_tag-gatos","33":"product_tag-gratis","34":"product_tag-guerra","35":"product_tag-humor","36":"product_tag-internet","37":"product_tag-jose-palomo","38":"product_tag-juegos","39":"product_tag-lavin","40":"product_tag-manga","41":"product_tag-mercado-libre","42":"product_tag-mercado-pago","43":"product_tag-meteorologia","44":"product_tag-moneda","45":"product_tag-musica","46":"product_tag-nuevo","47":"product_tag-omnicron","48":"product_tag-oracion","49":"product_tag-peliculas","50":"product_tag-perros","51":"product_tag-peso","52":"product_tag-porn","53":"product_tag-porno","54":"product_tag-profesional","55":"product_tag-putin","56":"product_tag-salud","57":"product_tag-sexo","58":"product_tag-talleres","59":"product_tag-television","60":"product_tag-terapias","61":"product_tag-trabajo","62":"product_tag-ucrania","63":"product_tag-ukrania","64":"product_tag-usa","65":"product_tag-vacuna","66":"product_tag-viajes","67":"product_tag-videos","68":"product_tag-xxx","69":"product_tag-youtube","70":"product_tag-youtube-yuen-guadalajara","71":"product_tag-yuen","73":"first","74":"instock","75":"downloadable","76":"virtual","77":"purchasable","78":"product-type-simple"},"jetpack_publicize_connections":[],"jetpack-related-posts":[{"id":29758,"url":"https:\/\/multiofertasvip.com\/?product=curso-bioenergetica-avanzada-en-video-miguel-ojeda","url_meta":{"origin":34879,"position":0},"title":"Curso Bioenergetica Avanzada En Video-Miguel Ojeda","author":"multiofertasvip","date":"abril 18, 2021","format":false,"excerpt":"La bioenerg\u00e9tica avanzada es una t\u00e9cnica basada en experiencias e investigaciones de terapeutas biomagn\u00e9ticos de todo el mundo bas\u00e1ndose en la evoluci\u00f3n de diversos protocolos detallados logrando ir m\u00e1s all\u00e1 del par Biomagn\u00e9tico que te proporcionan el equilibrio energ\u00e9tico que requieres en tu mente cuerpo y esp\u00edritu. La bioenerg\u00e9tica es\u2026","rel":"","context":"Entrada similar","block_context":{"text":"Entrada similar","link":""},"img":{"alt_text":"","src":"https:\/\/i0.wp.com\/multiofertasvip.com\/wp-content\/uploads\/2021\/04\/bioenergetica-avanzada.jpg?fit=200%2C200&ssl=1&resize=350%2C200","width":350,"height":200},"classes":[]},{"id":33955,"url":"https:\/\/multiofertasvip.com\/?product=magia-con-moleculas-cuerpo-poderoso-y-encendido-daniela-correa","url_meta":{"origin":34879,"position":1},"title":"Magia con Mol\u00e9culas Cuerpo Poderoso y Encendido- Daniela Correa","author":"multiofertasvip","date":"mayo 30, 2025","format":false,"excerpt":"Curso Magia con Mol\u00e9culas Edici\u00f3n Cuerpo Poderoso y Encendido Activa el gozo, la energ\u00eda y la sabidur\u00eda de tu cuerpo. Tu cuerpo no es un obst\u00e1culo ni una carga. Es un canal de magia, gozo y sabidur\u00eda\u2026 si eliges escucharlo. En esta edici\u00f3n especial de Magia con Mol\u00e9culas\u00ae, abrimos el\u2026","rel":"","context":"Entrada similar","block_context":{"text":"Entrada similar","link":""},"img":{"alt_text":"","src":"https:\/\/i0.wp.com\/multiofertasvip.com\/wp-content\/uploads\/2025\/05\/magia-con-moleculas-cuerpo-poderoso-y-encendido.jpg?fit=200%2C200&ssl=1&resize=350%2C200","width":350,"height":200},"classes":[]},{"id":34883,"url":"https:\/\/multiofertasvip.com\/?product=yoga-terapeutico-serie-angelica-granado","url_meta":{"origin":34879,"position":2},"title":"Yoga terap\u00e9utico (serie) &#8211; Angelica Granado","author":"multiofertasvip","date":"marzo 2, 2026","format":false,"excerpt":"El yoga restaurativo propuesta terap\u00e9utica basada en las posturas de Hatha Yoga, poniendo como protagonistas cie la pr\u00e1ctica a la relajaci\u00f3n, la respiraci\u00f3n y el trabajo con soportes o apoyos, como: mantas, bolsters, cinturones, sillas, pelotas, bloques o la pared. Las herramientas nos ayudan a que haya un estiramiento sin\u2026","rel":"","context":"Entrada similar","block_context":{"text":"Entrada similar","link":""},"img":{"alt_text":"","src":"https:\/\/i0.wp.com\/multiofertasvip.com\/wp-content\/uploads\/2026\/03\/yoha-terapeutico.jpg?fit=200%2C200&ssl=1&resize=350%2C200","width":350,"height":200},"classes":[]},{"id":32725,"url":"https:\/\/multiofertasvip.com\/?product=tesla-healing-369-heriberto-bluhm","url_meta":{"origin":34879,"position":3},"title":"Tesla Healing 369-Heriberto Bluhm","author":"multiofertasvip","date":"abril 12, 2024","format":false,"excerpt":"Todo en el universo es energ\u00eda y vibraci\u00f3n. Cada elemento de la tabla peri\u00f3dica at\u00f3mica consiste de diferentes ondas vibratorias. El Universo est\u00e1 saturado de frecuencias o vibraciones energ\u00e9ticas que afectan a todas las c\u00e9lulas vivas de los reinos humano, animal y vegetal. El Humano tiene la facultad de utilizar\u2026","rel":"","context":"Entrada similar","block_context":{"text":"Entrada similar","link":""},"img":{"alt_text":"","src":"https:\/\/i0.wp.com\/multiofertasvip.com\/wp-content\/uploads\/2024\/04\/tesla-healing.png?fit=200%2C200&ssl=1&resize=350%2C200","width":350,"height":200},"classes":[]},{"id":35291,"url":"https:\/\/multiofertasvip.com\/?product=anatomia-del-movimiento-corporal-move-2","url_meta":{"origin":34879,"position":4},"title":"Anatom\u00eda del Movimiento- Corporal Move","author":"multiofertasvip","date":"abril 1, 2026","format":false,"excerpt":"\u00a0 \u00a0 \u00a0 \u00a0 \u00a0 \u00a0 \u00a0","rel":"","context":"Entrada similar","block_context":{"text":"Entrada similar","link":""},"img":{"alt_text":"Anatom\u00eda del Movimiento","src":"https:\/\/i0.wp.com\/cursoslux.com\/wp-content\/uploads\/2026\/03\/anatomia-del-movimiento.jpg?resize=350%2C200&ssl=1","width":350,"height":200},"classes":[]},{"id":33011,"url":"https:\/\/multiofertasvip.com\/?product=magia-cuantica-recuperando-tu-cuerpo-magico-daniela-correa","url_meta":{"origin":34879,"position":5},"title":"Magia Cu\u00e1ntica \u2013 Recuperando tu Cuerpo M\u00e1gico-Daniela Correa","author":"multiofertasvip","date":"julio 22, 2024","format":false,"excerpt":"Cuando llegamos a esta encarnaci\u00f3n todo es acerca del gozo y el bienestar de nuestro cuerpo. A trav\u00e9s de \u00e9l nos relacionamos con nuestro entorno y recibimos informaci\u00f3n, nos comunicamos y estamos din\u00e1micamente en contacto con sus requerimientos y buscamos por todos los medios satisfacerlos. Todas las limitaciones, juicios y\u2026","rel":"","context":"Entrada similar","block_context":{"text":"Entrada similar","link":""},"img":{"alt_text":"","src":"https:\/\/i0.wp.com\/multiofertasvip.com\/wp-content\/uploads\/2024\/07\/recuperando-tu-cuerpo-magico.png?fit=200%2C200&ssl=1&resize=350%2C200","width":350,"height":200},"classes":[]}],"jetpack_sharing_enabled":true,"jetpack_likes_enabled":true,"_links":{"self":[{"href":"https:\/\/multiofertasvip.com\/index.php?rest_route=\/wp\/v2\/product\/34879","targetHints":{"allow":["GET"]}}],"collection":[{"href":"https:\/\/multiofertasvip.com\/index.php?rest_route=\/wp\/v2\/product"}],"about":[{"href":"https:\/\/multiofertasvip.com\/index.php?rest_route=\/wp\/v2\/types\/product"}],"version-history":[{"count":1,"href":"https:\/\/multiofertasvip.com\/index.php?rest_route=\/wp\/v2\/product\/34879\/revisions"}],"predecessor-version":[{"id":34882,"href":"https:\/\/multiofertasvip.com\/index.php?rest_route=\/wp\/v2\/product\/34879\/revisions\/34882"}],"wp:featuredmedia":[{"embeddable":true,"href":"https:\/\/multiofertasvip.com\/index.php?rest_route=\/wp\/v2\/media\/34881"}],"wp:attachment":[{"href":"https:\/\/multiofertasvip.com\/index.php?rest_route=%2Fwp%2Fv2%2Fmedia&parent=34879"}],"wp:term":[{"taxonomy":"product_brand","embeddable":true,"href":"https:\/\/multiofertasvip.com\/index.php?rest_route=%2Fwp%2Fv2%2Fproduct_brand&post=34879"},{"taxonomy":"product_cat","embeddable":true,"href":"https:\/\/multiofertasvip.com\/index.php?rest_route=%2Fwp%2Fv2%2Fproduct_cat&post=34879"},{"taxonomy":"product_tag","embeddable":true,"href":"https:\/\/multiofertasvip.com\/index.php?rest_route=%2Fwp%2Fv2%2Fproduct_tag&post=34879"}],"curies":[{"name":"wp","href":"https:\/\/api.w.org\/{rel}","templated":true}]}}