{"id":34868,"date":"2026-02-27T11:32:27","date_gmt":"2026-02-27T17:02:27","guid":{"rendered":"https:\/\/multiofertasvip.com\/?post_type=product&#038;p=34868"},"modified":"2026-02-27T12:08:00","modified_gmt":"2026-02-27T17:38:00","slug":"creacion-de-servidores-magicos-ki-ann-mexico-bloque-1","status":"publish","type":"product","link":"https:\/\/multiofertasvip.com\/?product=creacion-de-servidores-magicos-ki-ann-mexico-bloque-1","title":{"rendered":"Creaci\u00f3n de Servidores M\u00e1gicos Ki-Ann M\u00e9xico bloque 1"},"content":{"rendered":"<div class=\"x14z9mp xat24cr x1lziwak x1vvkbs xtlvy1s x126k92a\">\n<div dir=\"auto\">Atr\u00e9vete a explorar rituales altamente codiciados dentro de la alta magia.<\/div>\n<\/div>\n<div class=\"x14z9mp xat24cr x1lziwak x1vvkbs xtlvy1s x126k92a\">\n<div dir=\"auto\"><span class=\"html-span xexx8yu xyri2b x18d9i69 x1c1uobl x1hl2dhg x16tdsg8 x1vvkbs x3nfvp2 x1j61x8r x1fcty0u xdj266r xat24cr xm2jcoa x1mpyi22 xxymvpz xlup9mm x1kky2od\"><img decoding=\"async\" class=\"xz74otr x15mokao x1ga7v0g x16uus16 xbiv7yw\" src=\"https:\/\/static.xx.fbcdn.net\/images\/emoji.php\/v9\/tfc\/1\/16\/1f3e6.png\" alt=\"\ud83c\udfe6\" width=\"16\" height=\"16\" \/><\/span> \u00daNICA OCASI\u00d3N EN QUE SE IMPARTIR\u00c1 ESTE CURSO<\/div>\n<div dir=\"auto\">Este curso es especializado. No encontrar\u00e1s esta informaci\u00f3n en redes sociales. Por su profundidad y rareza, es verdaderamente INVALUABLE <span class=\"html-span xexx8yu xyri2b x18d9i69 x1c1uobl x1hl2dhg x16tdsg8 x1vvkbs x3nfvp2 x1j61x8r x1fcty0u xdj266r xat24cr xm2jcoa x1mpyi22 xxymvpz xlup9mm x1kky2od\"><img decoding=\"async\" class=\"xz74otr x15mokao x1ga7v0g x16uus16 xbiv7yw\" src=\"https:\/\/static.xx.fbcdn.net\/images\/emoji.php\/v9\/t5a\/1\/16\/1f4b0.png\" alt=\"\ud83d\udcb0\" width=\"16\" height=\"16\" \/><\/span><span class=\"html-span xexx8yu xyri2b x18d9i69 x1c1uobl x1hl2dhg x16tdsg8 x1vvkbs x3nfvp2 x1j61x8r x1fcty0u xdj266r xat24cr xm2jcoa x1mpyi22 xxymvpz xlup9mm x1kky2od\"><img decoding=\"async\" class=\"xz74otr x15mokao x1ga7v0g x16uus16 xbiv7yw\" src=\"https:\/\/static.xx.fbcdn.net\/images\/emoji.php\/v9\/t5a\/1\/16\/1f4b0.png\" alt=\"\ud83d\udcb0\" width=\"16\" height=\"16\" \/><\/span><span class=\"html-span xexx8yu xyri2b x18d9i69 x1c1uobl x1hl2dhg x16tdsg8 x1vvkbs x3nfvp2 x1j61x8r x1fcty0u xdj266r xat24cr xm2jcoa x1mpyi22 xxymvpz xlup9mm x1kky2od\"><img decoding=\"async\" class=\"xz74otr x15mokao x1ga7v0g x16uus16 xbiv7yw\" src=\"https:\/\/static.xx.fbcdn.net\/images\/emoji.php\/v9\/t5a\/1\/16\/1f4b0.png\" alt=\"\ud83d\udcb0\" width=\"16\" height=\"16\" \/><\/span><\/div>\n<\/div>\n<div class=\"x14z9mp xat24cr x1lziwak x1vvkbs xtlvy1s x126k92a\">\n<div dir=\"auto\">Ki-Ann\u00ae te invita a formar parte de esta experiencia transformadora.<\/div>\n<\/div>\n<div class=\"x14z9mp xat24cr x1lziwak x1vvkbs xtlvy1s x126k92a\">\n<div dir=\"auto\"><span class=\"html-span xexx8yu xyri2b x18d9i69 x1c1uobl x1hl2dhg x16tdsg8 x1vvkbs x3nfvp2 x1j61x8r x1fcty0u xdj266r xat24cr xm2jcoa x1mpyi22 xxymvpz xlup9mm x1kky2od\"><img decoding=\"async\" class=\"xz74otr x15mokao x1ga7v0g x16uus16 xbiv7yw\" src=\"https:\/\/static.xx.fbcdn.net\/images\/emoji.php\/v9\/t49\/1\/16\/1f4da.png\" alt=\"\ud83d\udcda\" width=\"16\" height=\"16\" \/><\/span> Detalles del Curso<\/div>\n<\/div>\n<div class=\"x14z9mp xat24cr x1lziwak x1vvkbs xtlvy1s x126k92a\">\n<div dir=\"auto\">&#8211; <span class=\"html-span xexx8yu xyri2b x18d9i69 x1c1uobl x1hl2dhg x16tdsg8 x1vvkbs x3nfvp2 x1j61x8r x1fcty0u xdj266r xat24cr xm2jcoa x1mpyi22 xxymvpz xlup9mm x1kky2od\"><img loading=\"lazy\" decoding=\"async\" class=\"xz74otr x15mokao x1ga7v0g x16uus16 xbiv7yw\" src=\"https:\/\/static.xx.fbcdn.net\/images\/emoji.php\/v9\/tf4\/1\/16\/2728.png\" alt=\"\u2728\" width=\"16\" height=\"16\" \/><\/span> Recorrido de 4 sesiones, cada una de 2 horas<\/div>\n<div dir=\"auto\">&#8211; <span class=\"html-span xexx8yu xyri2b x18d9i69 x1c1uobl x1hl2dhg x16tdsg8 x1vvkbs x3nfvp2 x1j61x8r x1fcty0u xdj266r xat24cr xm2jcoa x1mpyi22 xxymvpz xlup9mm x1kky2od\"><img loading=\"lazy\" decoding=\"async\" class=\"xz74otr x15mokao x1ga7v0g x16uus16 xbiv7yw\" src=\"https:\/\/static.xx.fbcdn.net\/images\/emoji.php\/v9\/tf4\/1\/16\/2728.png\" alt=\"\u2728\" width=\"16\" height=\"16\" \/><\/span> Clases dominicales a las 6:00 pm (hora CDMX)<\/div>\n<div dir=\"auto\">&#8211; <span class=\"html-span xexx8yu xyri2b x18d9i69 x1c1uobl x1hl2dhg x16tdsg8 x1vvkbs x3nfvp2 x1j61x8r x1fcty0u xdj266r xat24cr xm2jcoa x1mpyi22 xxymvpz xlup9mm x1kky2od\"><img loading=\"lazy\" decoding=\"async\" class=\"xz74otr x15mokao x1ga7v0g x16uus16 xbiv7yw\" src=\"https:\/\/static.xx.fbcdn.net\/images\/emoji.php\/v9\/tf4\/1\/16\/2728.png\" alt=\"\u2728\" width=\"16\" height=\"16\" \/><\/span> Modalidad online v\u00eda Zoom<\/div>\n<div dir=\"auto\">&#8211; <span class=\"html-span xexx8yu xyri2b x18d9i69 x1c1uobl x1hl2dhg x16tdsg8 x1vvkbs x3nfvp2 x1j61x8r x1fcty0u xdj266r xat24cr xm2jcoa x1mpyi22 xxymvpz xlup9mm x1kky2od\"><img loading=\"lazy\" decoding=\"async\" class=\"xz74otr x15mokao x1ga7v0g x16uus16 xbiv7yw\" src=\"https:\/\/static.xx.fbcdn.net\/images\/emoji.php\/v9\/tf4\/1\/16\/2728.png\" alt=\"\u2728\" width=\"16\" height=\"16\" \/><\/span> Todas las clases se graban y se comparten<\/div>\n<div dir=\"auto\"><\/div>\n<div dir=\"auto\"><span class=\"html-span xexx8yu xyri2b x18d9i69 x1c1uobl x1hl2dhg x16tdsg8 x1vvkbs x3nfvp2 x1j61x8r x1fcty0u xdj266r xat24cr xm2jcoa x1mpyi22 xxymvpz xlup9mm x1kky2od\" style=\"font-size: 14.4px;\"><img loading=\"lazy\" decoding=\"async\" class=\"xz74otr x15mokao x1ga7v0g x16uus16 xbiv7yw\" src=\"https:\/\/static.xx.fbcdn.net\/images\/emoji.php\/v9\/t33\/1\/16\/1f319.png\" alt=\"\ud83c\udf19\" width=\"16\" height=\"16\" \/><\/span><span style=\"font-size: 14.4px;\"> Temario del Curso <\/span><span style=\"font-size: 14.4px;\">\u00a0(4 semanas): primer Bloque:<\/span><\/div>\n<div dir=\"auto\"><\/div>\n<\/div>\n<div class=\"x14z9mp xat24cr x1lziwak x1vvkbs xtlvy1s x126k92a\">\n<div dir=\"auto\">&#8211; Introduccion y Activacion de amuletos\/herramientas<\/div>\n<div dir=\"auto\">&#8211; Activacion de elfos, Hadas y Duendes<\/div>\n<div dir=\"auto\">&#8211; Activacion de Dragones<\/div>\n<div dir=\"auto\">&#8211; Ritual de Proteccion con Dragones<\/div>\n<div dir=\"auto\"><\/div>\n<\/div>\n<div class=\"x14z9mp xat24cr x1lziwak x1vvkbs xtlvy1s x126k92a\">\n<div dir=\"auto\"><span class=\"html-span xexx8yu xyri2b x18d9i69 x1c1uobl x1hl2dhg x16tdsg8 x1vvkbs x3nfvp2 x1j61x8r x1fcty0u xdj266r xat24cr xm2jcoa x1mpyi22 xxymvpz xlup9mm x1kky2od\"><img loading=\"lazy\" decoding=\"async\" class=\"xz74otr x15mokao x1ga7v0g x16uus16 xbiv7yw\" src=\"https:\/\/static.xx.fbcdn.net\/images\/emoji.php\/v9\/t14\/1\/16\/1f9d9_200d_2640.png\" alt=\"\ud83e\uddd9\u200d\u2640\ufe0f\" width=\"16\" height=\"16\" \/><\/span> Este curso es para libre pensadores, no para curiosos, sino para aquellos que saben lo que quieren.<\/div>\n<div dir=\"auto\">Es un curso que podr\u00eda cambiar tu vida.<\/div>\n<\/div>\n<div class=\"x14z9mp xat24cr x1lziwak x1vvkbs xtlvy1s x126k92a\">\n<div dir=\"auto\">Por la naturaleza del contenido, Ki-Ann\u00ae se puede reservar el derecho de admisi\u00f3n.<\/div>\n<div dir=\"auto\"><\/div>\n<\/div>\n","protected":false},"excerpt":{"rendered":"<p>Atr\u00e9vete a explorar rituales altamente codiciados dentro de la alta magia. \u00daNICA OCASI\u00d3N EN QUE SE IMPARTIR\u00c1 ESTE CURSO Este curso es especializado. No encontrar\u00e1s esta informaci\u00f3n en redes sociales. Por su profundidad y rareza, es verdaderamente INVALUABLE Ki-Ann\u00ae te invita a formar parte de esta experiencia transformadora. Detalles del Curso &#8211; Recorrido de 4 [&#8230;]\n","protected":false},"featured_media":34870,"template":"","meta":{"_monsterinsights_skip_tracking":false,"_monsterinsights_sitenote_active":false,"_monsterinsights_sitenote_note":"","_monsterinsights_sitenote_category":0,"jetpack_post_was_ever_published":false,"jetpack_publicize_message":"","jetpack_publicize_feature_enabled":true,"jetpack_social_post_already_shared":false,"jetpack_social_options":{"image_generator_settings":{"template":"highway","default_image_id":0,"font":"","enabled":false},"version":2}},"product_brand":[],"product_cat":[46],"product_tag":[263,142,260,211,254,119,251,215,257,249,243,230,182,226,253,236,229,143,228,232,258,234,262,239,220,265,219,225,240,238,140,242,235,244,266,267,248,210,245,212,250,227,255,264,252,217,216,233,261,73,237,231,247,221,246,222,223,224,259,241,256,218,213,214,53],"class_list":{"0":"post-34868","1":"product","2":"type-product","3":"status-publish","4":"has-post-thumbnail","6":"product_cat-superacion","7":"product_tag-animales","8":"product_tag-avanzado","9":"product_tag-biden","10":"product_tag-billetes","11":"product_tag-bitcoin","12":"product_tag-carrera","13":"product_tag-china","14":"product_tag-christopher-olivarrieta","15":"product_tag-cine","16":"product_tag-coranavirus","17":"product_tag-cultura","18":"product_tag-cursos","19":"product_tag-dinero","20":"product_tag-dios","21":"product_tag-dolar","22":"product_tag-enric-corbera","23":"product_tag-ensenanza-en-casa","24":"product_tag-entidades","25":"product_tag-escuela","26":"product_tag-especialidad","27":"product_tag-estrenos","28":"product_tag-estudios","29":"product_tag-facebook","30":"product_tag-famosos","31":"product_tag-free","32":"product_tag-gatos","33":"product_tag-gratis","34":"product_tag-guerra","35":"product_tag-humor","36":"product_tag-internet","37":"product_tag-jose-palomo","38":"product_tag-juegos","39":"product_tag-lavin","40":"product_tag-manga","41":"product_tag-mercado-libre","42":"product_tag-mercado-pago","43":"product_tag-meteorologia","44":"product_tag-moneda","45":"product_tag-musica","46":"product_tag-nuevo","47":"product_tag-omnicron","48":"product_tag-oracion","49":"product_tag-peliculas","50":"product_tag-perros","51":"product_tag-peso","52":"product_tag-porn","53":"product_tag-porno","54":"product_tag-profesional","55":"product_tag-putin","56":"product_tag-salud","57":"product_tag-sexo","58":"product_tag-talleres","59":"product_tag-television","60":"product_tag-terapias","61":"product_tag-trabajo","62":"product_tag-ucrania","63":"product_tag-ukrania","64":"product_tag-usa","65":"product_tag-vacuna","66":"product_tag-viajes","67":"product_tag-videos","68":"product_tag-xxx","69":"product_tag-youtube","70":"product_tag-youtube-yuen-guadalajara","71":"product_tag-yuen","73":"first","74":"instock","75":"downloadable","76":"virtual","77":"purchasable","78":"product-type-simple"},"jetpack_publicize_connections":[],"jetpack-related-posts":[{"id":35103,"url":"https:\/\/multiofertasvip.com\/?product=curso-de-introduccion-un-curso-de-milagros-tv-consciente-2","url_meta":{"origin":34868,"position":0},"title":"Curso de introducci\u00f3n Un Curso de Milagros-Tv Consciente","author":"multiofertasvip","date":"marzo 16, 2026","format":false,"excerpt":"\u00a0 \u00a0 \u00a0 \u00a0","rel":"","context":"Entrada similar","block_context":{"text":"Entrada similar","link":""},"img":{"alt_text":"Luc\u00eda Alonso Ovejero","src":"https:\/\/i0.wp.com\/cdnm.fractalmedia.es\/image\/5CXeAnM2SD\/282\/thumbnail.jpg?resize=350%2C200&ssl=1","width":350,"height":200},"classes":[]},{"id":30960,"url":"https:\/\/multiofertasvip.com\/?product=curso-membresia-de-acceso-total-ricardo-ponc","url_meta":{"origin":34868,"position":1},"title":"Curso Membres\u00eda de Acceso Total-Ricardo Ponce","author":"multiofertasvip","date":"septiembre 5, 2023","format":false,"excerpt":"Cursos incluidos con la compra \u00a0 Introducci\u00f3n Curso 0 \u00a0Ricardo Ponce $100 Curso 1 - \u00bfQui\u00e9n Soy? CERTIFICACI\u00d3N \u00a0Ricardo Ponce $99 Curso 2 - Responsabilidad Emocional CERTIFICACI\u00d3N \u00a0Ricardo Ponce $99 Curso 3 - Relaciones Personales CERTIFICACI\u00d3N \u00a0Ricardo Ponce $99 Curso 4 - Abundancia Integral CERTIFICACI\u00d3N \u00a0Ricardo Ponce $99 Curso 5\u2026","rel":"","context":"Entrada similar","block_context":{"text":"Entrada similar","link":""},"img":{"alt_text":"","src":"https:\/\/i0.wp.com\/multiofertasvip.com\/wp-content\/uploads\/2023\/09\/membresia-total.jpg?fit=200%2C200&ssl=1&resize=350%2C200","width":350,"height":200},"classes":[]},{"id":29967,"url":"https:\/\/multiofertasvip.com\/?product=curso-par-magnetico-enfoque-pums-en-video-mariana-del-hoyo","url_meta":{"origin":34868,"position":2},"title":"Curso Par Magnetico Enfoque PUMS En Video-Mariana del Hoyo","author":"multiofertasvip","date":"junio 27, 2021","format":false,"excerpt":"Este es un curso muy completo y con mucha informaci\u00f3n, no necesitaas hacer oto nivel de PAR BIOMAGNETICO, podras iniciarte en metodo PUMS optimizacion en rastreos.","rel":"","context":"Entrada similar","block_context":{"text":"Entrada similar","link":""},"img":{"alt_text":"","src":"https:\/\/i0.wp.com\/multiofertasvip.com\/wp-content\/uploads\/2021\/06\/bio.jpg?fit=200%2C200&ssl=1&resize=350%2C200","width":350,"height":200},"classes":[]},{"id":35014,"url":"https:\/\/multiofertasvip.com\/?product=curso-hipnosis-tabaco-banda-gastrica-todohipno-2","url_meta":{"origin":34868,"position":3},"title":"Curso Hipnosis Tabaco-Banda G\u00e1strica-TodoHipno","author":"multiofertasvip","date":"marzo 10, 2026","format":false,"excerpt":"\u00a0 \u00a0 \u00a0 \u00a0","rel":"","context":"Entrada similar","block_context":{"text":"Entrada similar","link":""},"img":{"alt_text":"Hipnosis tabaco y banda gastrica","src":"https:\/\/i0.wp.com\/www.todohipno.com\/wp-content\/uploads\/2021\/03\/TABAQUISMO-1080x675.png?resize=350%2C200&ssl=1","width":350,"height":200,"srcset":"https:\/\/i0.wp.com\/www.todohipno.com\/wp-content\/uploads\/2021\/03\/TABAQUISMO-1080x675.png?resize=350%2C200&ssl=1 1x, https:\/\/i0.wp.com\/www.todohipno.com\/wp-content\/uploads\/2021\/03\/TABAQUISMO-1080x675.png?resize=525%2C300&ssl=1 1.5x, https:\/\/i0.wp.com\/www.todohipno.com\/wp-content\/uploads\/2021\/03\/TABAQUISMO-1080x675.png?resize=700%2C400&ssl=1 2x"},"classes":[]},{"id":35258,"url":"https:\/\/multiofertasvip.com\/?product=curso-basico-de-biomagnetismo-celia-garcia-2","url_meta":{"origin":34868,"position":4},"title":"Curso B\u00e1sico de Biomagnetismo Celia Garc\u00eda","author":"multiofertasvip","date":"marzo 29, 2026","format":false,"excerpt":"\u00a0 \u00a0 \u00a0 \u00a0 \u00a0 \u00a0 \u00a0","rel":"","context":"Entrada similar","block_context":{"text":"Entrada similar","link":""},"img":{"alt_text":"Curso B\u00e1sico de Biomagnetismo","src":"https:\/\/i0.wp.com\/cursoslux.com\/wp-content\/uploads\/2026\/03\/curso-basico-de-biomagnetismo.jpg?resize=350%2C200&ssl=1","width":350,"height":200},"classes":[]},{"id":30993,"url":"https:\/\/multiofertasvip.com\/?product=curso-basico-de-comunicacion-interespecies-daniela-camino","url_meta":{"origin":34868,"position":5},"title":"Curso b\u00e1sico de Comunicaci\u00f3n Interespecies-Daniela Camino","author":"multiofertasvip","date":"octubre 15, 2023","format":false,"excerpt":"Descripci\u00f3n del curso Este curso est\u00e1 pensado para quienes no pueden asistir a un presencial, ya sea porque viven lejos o porque les conviene m\u00e1s hacerlo pausadamente. Es un curso en l\u00ednea basado en grabaciones de cursos impartidos por\u00a0Daniela Camino\u00a0en la Ciudad de M\u00e9xico, integrando los ejercicios de comunicaci\u00f3n\u00a0interespecies\u00a0que requieres\u2026","rel":"","context":"Entrada similar","block_context":{"text":"Entrada similar","link":""},"img":{"alt_text":"","src":"https:\/\/i0.wp.com\/multiofertasvip.com\/wp-content\/uploads\/2023\/10\/LOGOS-SUELTOS-05.png?fit=200%2C200&ssl=1&resize=350%2C200","width":350,"height":200},"classes":[]}],"jetpack_sharing_enabled":true,"jetpack_likes_enabled":true,"_links":{"self":[{"href":"https:\/\/multiofertasvip.com\/index.php?rest_route=\/wp\/v2\/product\/34868","targetHints":{"allow":["GET"]}}],"collection":[{"href":"https:\/\/multiofertasvip.com\/index.php?rest_route=\/wp\/v2\/product"}],"about":[{"href":"https:\/\/multiofertasvip.com\/index.php?rest_route=\/wp\/v2\/types\/product"}],"version-history":[{"count":1,"href":"https:\/\/multiofertasvip.com\/index.php?rest_route=\/wp\/v2\/product\/34868\/revisions"}],"predecessor-version":[{"id":34871,"href":"https:\/\/multiofertasvip.com\/index.php?rest_route=\/wp\/v2\/product\/34868\/revisions\/34871"}],"wp:featuredmedia":[{"embeddable":true,"href":"https:\/\/multiofertasvip.com\/index.php?rest_route=\/wp\/v2\/media\/34870"}],"wp:attachment":[{"href":"https:\/\/multiofertasvip.com\/index.php?rest_route=%2Fwp%2Fv2%2Fmedia&parent=34868"}],"wp:term":[{"taxonomy":"product_brand","embeddable":true,"href":"https:\/\/multiofertasvip.com\/index.php?rest_route=%2Fwp%2Fv2%2Fproduct_brand&post=34868"},{"taxonomy":"product_cat","embeddable":true,"href":"https:\/\/multiofertasvip.com\/index.php?rest_route=%2Fwp%2Fv2%2Fproduct_cat&post=34868"},{"taxonomy":"product_tag","embeddable":true,"href":"https:\/\/multiofertasvip.com\/index.php?rest_route=%2Fwp%2Fv2%2Fproduct_tag&post=34868"}],"curies":[{"name":"wp","href":"https:\/\/api.w.org\/{rel}","templated":true}]}}