{"id":34864,"date":"2026-02-27T10:07:10","date_gmt":"2026-02-27T15:37:10","guid":{"rendered":"https:\/\/multiofertasvip.com\/?post_type=product&#038;p=34864"},"modified":"2026-02-27T11:21:56","modified_gmt":"2026-02-27T16:51:56","slug":"undoing-hardwiring-dr-dain-heer","status":"publish","type":"product","link":"https:\/\/multiofertasvip.com\/?product=undoing-hardwiring-dr-dain-heer","title":{"rendered":"Undoing Hardwiring \u2013 Dr. Dain Heer"},"content":{"rendered":"<p>\u00bfQu\u00e9 has programado como la estructura inamovible de tu realidad?<br \/>\n\u00bfCu\u00e1ntas de tus decisiones han estado basadas en la necesidad de encajar, de ser \u201cnormal\u201d, de cumplir con expectativas que quiz\u00e1 nunca fueron realmente tuyas?<\/p>\n<p>Este programa es una invitaci\u00f3n profunda a cuestionar aquello que has dado por sentado. A explorar si ese deseo de pertenecer ha estado limitando la magia, la expansi\u00f3n y el misterio que verdaderamente eres y est\u00e1s destinado a expresar.<\/p>\n<p>Durante esta experiencia mensual \u201cDive In\u201d, nos sumergiremos en las elecciones disponibles m\u00e1s all\u00e1 del condicionamiento, m\u00e1s all\u00e1 del \u201ccableado\u201d mental y emocional que hemos adoptado como verdad absoluta. Es un espacio para sacudir las estructuras r\u00edgidas que hemos solidificado en el cuerpo, en la mente y en nuestra percepci\u00f3n de la realidad.<\/p>\n<p>A trav\u00e9s de herramientas de conciencia, reflexi\u00f3n y expansi\u00f3n energ\u00e9tica, comenzar\u00e1s a reconocer d\u00f3nde has estado funcionando desde la disonancia cognitiva \u2014esa sensaci\u00f3n interna de contradicci\u00f3n que hemos aprendido a normalizar\u2014 y c\u00f3mo liberarte de ella.<\/p>\n<p>Si est\u00e1s listo para romper con las limitaciones invisibles, expandir tu conciencia y elegir una realidad diferente, este curso es para ti.<\/p>\n","protected":false},"excerpt":{"rendered":"<p>\u00bfQu\u00e9 has programado como la estructura inamovible de tu realidad? \u00bfCu\u00e1ntas de tus decisiones han estado basadas en la necesidad de encajar, de ser \u201cnormal\u201d, de cumplir con expectativas que quiz\u00e1 nunca fueron realmente tuyas? Este programa es una invitaci\u00f3n profunda a cuestionar aquello que has dado por sentado. A explorar si ese deseo de [&#8230;]\n","protected":false},"featured_media":34865,"template":"","meta":{"_monsterinsights_skip_tracking":false,"_monsterinsights_sitenote_active":false,"_monsterinsights_sitenote_note":"","_monsterinsights_sitenote_category":0,"jetpack_post_was_ever_published":false,"jetpack_publicize_message":"","jetpack_publicize_feature_enabled":true,"jetpack_social_post_already_shared":false,"jetpack_social_options":{"image_generator_settings":{"template":"highway","default_image_id":0,"font":"","enabled":false},"version":2}},"product_brand":[],"product_cat":[122],"product_tag":[263,142,260,211,254,119,251,215,257,249,243,230,182,226,253,236,229,143,228,232,258,234,262,239,220,265,219,225,240,238,140,242,235,244,266,267,248,210,245,212,250,227,255,264,252,217,216,233,261,73,237,231,247,221,246,222,223,224,259,241,256,218,213,214,53],"class_list":{"0":"post-34864","1":"product","2":"type-product","3":"status-publish","4":"has-post-thumbnail","6":"product_cat-access-consciousness","7":"product_tag-animales","8":"product_tag-avanzado","9":"product_tag-biden","10":"product_tag-billetes","11":"product_tag-bitcoin","12":"product_tag-carrera","13":"product_tag-china","14":"product_tag-christopher-olivarrieta","15":"product_tag-cine","16":"product_tag-coranavirus","17":"product_tag-cultura","18":"product_tag-cursos","19":"product_tag-dinero","20":"product_tag-dios","21":"product_tag-dolar","22":"product_tag-enric-corbera","23":"product_tag-ensenanza-en-casa","24":"product_tag-entidades","25":"product_tag-escuela","26":"product_tag-especialidad","27":"product_tag-estrenos","28":"product_tag-estudios","29":"product_tag-facebook","30":"product_tag-famosos","31":"product_tag-free","32":"product_tag-gatos","33":"product_tag-gratis","34":"product_tag-guerra","35":"product_tag-humor","36":"product_tag-internet","37":"product_tag-jose-palomo","38":"product_tag-juegos","39":"product_tag-lavin","40":"product_tag-manga","41":"product_tag-mercado-libre","42":"product_tag-mercado-pago","43":"product_tag-meteorologia","44":"product_tag-moneda","45":"product_tag-musica","46":"product_tag-nuevo","47":"product_tag-omnicron","48":"product_tag-oracion","49":"product_tag-peliculas","50":"product_tag-perros","51":"product_tag-peso","52":"product_tag-porn","53":"product_tag-porno","54":"product_tag-profesional","55":"product_tag-putin","56":"product_tag-salud","57":"product_tag-sexo","58":"product_tag-talleres","59":"product_tag-television","60":"product_tag-terapias","61":"product_tag-trabajo","62":"product_tag-ucrania","63":"product_tag-ukrania","64":"product_tag-usa","65":"product_tag-vacuna","66":"product_tag-viajes","67":"product_tag-videos","68":"product_tag-xxx","69":"product_tag-youtube","70":"product_tag-youtube-yuen-guadalajara","71":"product_tag-yuen","73":"first","74":"instock","75":"downloadable","76":"virtual","77":"purchasable","78":"product-type-simple"},"jetpack_publicize_connections":[],"jetpack-related-posts":[{"id":33360,"url":"https:\/\/multiofertasvip.com\/?product=desprogramandote-magia-con-moleculas-edicion-mas-alla-del-dolor-daniela-correa","url_meta":{"origin":34864,"position":0},"title":"Desprogram\u00e1ndote + Magia con mol\u00e9culas Edici\u00f3n Mas all\u00e1 del dolor -Daniela Correa","author":"multiofertasvip","date":"noviembre 25, 2024","format":false,"excerpt":"\u00bfC\u00f3mo ser\u00eda para ti reconocer todos esos implantes, puntos de vista, mentiras que hasta hoy has elegido como parte de tu \u201cprogramaci\u00f3n\u201d y que lo \u00fanico que hacen es limitarte a ser quien verdaderamente eres? Desprogram\u00e1ndote + Magia con mol\u00e9culas Edici\u00f3n Mas all\u00e1 del dolor by Daniela Correa, no se\u2026","rel":"","context":"Entrada similar","block_context":{"text":"Entrada similar","link":""},"img":{"alt_text":"","src":"https:\/\/i0.wp.com\/multiofertasvip.com\/wp-content\/uploads\/2024\/11\/mas-alla-del-dolor.png?fit=200%2C200&ssl=1&resize=350%2C200","width":350,"height":200},"classes":[]},{"id":35487,"url":"https:\/\/multiofertasvip.com\/?product=meditacion-avanzada-josep-m-clopes-2","url_meta":{"origin":34864,"position":1},"title":"Meditaci\u00f3n Avanzada Josep M. Clop\u00e9s","author":"multiofertasvip","date":"abril 14, 2026","format":false,"excerpt":"Meditaci\u00f3n Avanzada de Josep M. Clop\u00e9s Meditaci\u00f3n Avanzada de Josep M. Clop\u00e9s\u00a0es un programa formativo online dise\u00f1ado para llevarte m\u00e1s all\u00e1 de t\u00e9cnicas b\u00e1sicas de meditaci\u00f3n hacia una pr\u00e1ctica profunda y transformadora que potencia tu bienestar mental, emocional y f\u00edsico a trav\u00e9s de la disciplina meditativa. Este curso se basa\u2026","rel":"","context":"Entrada similar","block_context":{"text":"Entrada similar","link":""},"img":{"alt_text":"","src":"https:\/\/i0.wp.com\/multiofertasvip.com\/wp-content\/uploads\/2023\/04\/meditacion-avanzada.png?fit=200%2C200&ssl=1&resize=350%2C200","width":350,"height":200},"classes":[]},{"id":35400,"url":"https:\/\/multiofertasvip.com\/?product=el-codigo-de-la-cocreacion-nacho-munoz-3","url_meta":{"origin":34864,"position":2},"title":"El Codigo De La Cocreacion \u2013 Nacho Mu\u00f1oz","author":"multiofertasvip","date":"abril 9, 2026","format":false,"excerpt":"\u00a0 \u00a0 \u00a0 \u00a0 \u00a0 \u00a0 \u00a0","rel":"","context":"Entrada similar","block_context":{"text":"Entrada similar","link":""},"img":{"alt_text":"","src":"https:\/\/i0.wp.com\/multiofertasvip.com\/wp-content\/uploads\/2026\/04\/EL-CODIGO-DE-LA-COCREACION.jpg?fit=200%2C200&ssl=1&resize=350%2C200","width":350,"height":200},"classes":[]},{"id":30516,"url":"https:\/\/multiofertasvip.com\/?product=taller-yuen-dinero-mas-alla-de-los-limites-janeth-franco","url_meta":{"origin":34864,"position":3},"title":"Taller Yuen -Dinero mas alla de los limites-Janeth Franco","author":"multiofertasvip","date":"octubre 19, 2022","format":false,"excerpt":"BIENVENIDO A DINERO M\u00c1S ALL\u00c1 DELOSLIMITES Este es un programa que de manera f\u00e1cil y simple te permitir\u00e1 tomar consciencia de las elecciones e influencias que han actualizado tu realidad presente con el dinero.Y tambi\u00e9n podr\u00e1s borrar esas causas y efectos para abrir nuevos caminos haciala prosperidad. \u00a0","rel":"","context":"Entrada similar","block_context":{"text":"Entrada similar","link":""},"img":{"alt_text":"","src":"https:\/\/i0.wp.com\/multiofertasvip.com\/wp-content\/uploads\/2022\/10\/dinero.jpg?fit=200%2C200&ssl=1&resize=350%2C200","width":350,"height":200},"classes":[]},{"id":31157,"url":"https:\/\/multiofertasvip.com\/?product=el-arte-de-la-manifestacion-regan-hyllier-mindvalley","url_meta":{"origin":34864,"position":4},"title":"El Arte de la Manifestaci\u00f3n Regan Hyllier &#8211; Mindvalley","author":"multiofertasvip","date":"enero 2, 2024","format":false,"excerpt":"Este evento transformador te guiar\u00e1 en un viaje espiritual para presenciar de primera mano el poder de cinco renombrados canalizadores mientras transmiten mensajes ps\u00edquicos del m\u00e1s all\u00e1 en estados alterados de conciencia.","rel":"","context":"Entrada similar","block_context":{"text":"Entrada similar","link":""},"img":{"alt_text":"Nombre del programa en m\u00faltiples dispositivos","src":"https:\/\/i0.wp.com\/storyblok-cdn.mindvalley.com\/f\/60579\/2068x1110\/55b23c5544\/tam_sp_devices_curriculum_en.png?resize=350%2C200&ssl=1","width":350,"height":200,"srcset":"https:\/\/i0.wp.com\/storyblok-cdn.mindvalley.com\/f\/60579\/2068x1110\/55b23c5544\/tam_sp_devices_curriculum_en.png?resize=350%2C200&ssl=1 1x, https:\/\/i0.wp.com\/storyblok-cdn.mindvalley.com\/f\/60579\/2068x1110\/55b23c5544\/tam_sp_devices_curriculum_en.png?resize=525%2C300&ssl=1 1.5x, https:\/\/i0.wp.com\/storyblok-cdn.mindvalley.com\/f\/60579\/2068x1110\/55b23c5544\/tam_sp_devices_curriculum_en.png?resize=700%2C400&ssl=1 2x"},"classes":[]},{"id":34135,"url":"https:\/\/multiofertasvip.com\/?product=curso-origen-crea-la-vida-de-tus-suenos-sergio-canovas","url_meta":{"origin":34864,"position":5},"title":"Curso Origen Crea la Vida de Tus Sue\u00f1os Sergio Canovas","author":"multiofertasvip","date":"agosto 7, 2025","format":false,"excerpt":"La herramienta que transformar\u00e1 tu vida en solo 33 d\u00edas Imagina por un momento que tienes en tus manos la clave para desbloquear todo tu potencial y reprogramar tu realidad en solo 33 d\u00edas. ORIGEN no es solo un curso, es un proceso de transformaci\u00f3n profunda, dise\u00f1ado para alinear tu\u2026","rel":"","context":"Entrada similar","block_context":{"text":"Entrada similar","link":""},"img":{"alt_text":"","src":"https:\/\/i0.wp.com\/multiofertasvip.com\/wp-content\/uploads\/2025\/08\/ORIGEN.jpg?fit=200%2C200&ssl=1&resize=350%2C200","width":350,"height":200},"classes":[]}],"jetpack_sharing_enabled":true,"jetpack_likes_enabled":true,"_links":{"self":[{"href":"https:\/\/multiofertasvip.com\/index.php?rest_route=\/wp\/v2\/product\/34864","targetHints":{"allow":["GET"]}}],"collection":[{"href":"https:\/\/multiofertasvip.com\/index.php?rest_route=\/wp\/v2\/product"}],"about":[{"href":"https:\/\/multiofertasvip.com\/index.php?rest_route=\/wp\/v2\/types\/product"}],"version-history":[{"count":1,"href":"https:\/\/multiofertasvip.com\/index.php?rest_route=\/wp\/v2\/product\/34864\/revisions"}],"predecessor-version":[{"id":34867,"href":"https:\/\/multiofertasvip.com\/index.php?rest_route=\/wp\/v2\/product\/34864\/revisions\/34867"}],"wp:featuredmedia":[{"embeddable":true,"href":"https:\/\/multiofertasvip.com\/index.php?rest_route=\/wp\/v2\/media\/34865"}],"wp:attachment":[{"href":"https:\/\/multiofertasvip.com\/index.php?rest_route=%2Fwp%2Fv2%2Fmedia&parent=34864"}],"wp:term":[{"taxonomy":"product_brand","embeddable":true,"href":"https:\/\/multiofertasvip.com\/index.php?rest_route=%2Fwp%2Fv2%2Fproduct_brand&post=34864"},{"taxonomy":"product_cat","embeddable":true,"href":"https:\/\/multiofertasvip.com\/index.php?rest_route=%2Fwp%2Fv2%2Fproduct_cat&post=34864"},{"taxonomy":"product_tag","embeddable":true,"href":"https:\/\/multiofertasvip.com\/index.php?rest_route=%2Fwp%2Fv2%2Fproduct_tag&post=34864"}],"curies":[{"name":"wp","href":"https:\/\/api.w.org\/{rel}","templated":true}]}}