{"id":34860,"date":"2026-02-26T16:03:15","date_gmt":"2026-02-26T21:33:15","guid":{"rendered":"https:\/\/multiofertasvip.com\/?post_type=product&#038;p=34860"},"modified":"2026-02-26T16:06:36","modified_gmt":"2026-02-26T21:36:36","slug":"the-money-class-dr-dain-heer","status":"publish","type":"product","link":"https:\/\/multiofertasvip.com\/?product=the-money-class-dr-dain-heer","title":{"rendered":"The Money Class-Dr. Dain Heer"},"content":{"rendered":"<p>Curso La Clase de Dinero No es lo Que Pensabas Dain Heer<br \/>\nUna serie de 4 llamadas con el Dr. Dain Heer.<\/p>\n<p>Este producto es una serie de 4 llamadas sobre dinero de mi programa Monstruos de Milagros. Juntos, creamos algo completamente diferente e inesperado. Y eso es decirlo suavemente.<\/p>\n<p>Como parte de estas llamadas, tambi\u00e9n descubrir\u00e1s y experimentar\u00e1s 2 sesiones de S\u00edntesis Energ\u00e9tica del Ser (ESB). Sum\u00e9rgete en ellas para acceder y desbloquear posibilidades financieras a nivel energ\u00e9tico.<\/p>\n<p>\u00bfQu\u00e9 se necesita para cambiar por completo tu realidad financiera y comenzar a manifestar milagros con el dinero?<br \/>\nY con todos los dem\u00e1s recursos disponibles para crear la vida y el mundo que deseas.<\/p>\n<p>Pero \u00bfy si es algo completamente diferente de lo que pensabas?<\/p>\n<p>\u00bfY si todo lo relacionado con el llamado dinero no tiene nada que ver con el &#8220;dinero&#8221;? \u00bfY<\/p>\n<p>si nada relacionado con el dinero tiene que ver con el dinero?<\/p>\n<p>Deja que te vuele la mente m\u00e1s all\u00e1 de lo comprensible&#8230;<br \/>\ny descubre el espacio y la magia que pueden surgir.<\/p>\n","protected":false},"excerpt":{"rendered":"<p>Curso La Clase de Dinero No es lo Que Pensabas Dain Heer Una serie de 4 llamadas con el Dr. Dain Heer. Este producto es una serie de 4 llamadas sobre dinero de mi programa Monstruos de Milagros. Juntos, creamos algo completamente diferente e inesperado. Y eso es decirlo suavemente. Como parte de estas llamadas, [&#8230;]\n","protected":false},"featured_media":34862,"template":"","meta":{"_monsterinsights_skip_tracking":false,"_monsterinsights_sitenote_active":false,"_monsterinsights_sitenote_note":"","_monsterinsights_sitenote_category":0,"jetpack_post_was_ever_published":false,"jetpack_publicize_message":"","jetpack_publicize_feature_enabled":true,"jetpack_social_post_already_shared":false,"jetpack_social_options":{"image_generator_settings":{"template":"highway","default_image_id":0,"font":"","enabled":false},"version":2}},"product_brand":[],"product_cat":[122],"product_tag":[263,142,260,211,254,119,251,215,257,249,243,230,182,226,253,236,229,143,228,232,258,234,262,239,220,265,219,225,240,238,140,242,235,244,266,267,248,210,245,212,250,227,255,264,252,217,216,233,261,73,237,231,247,221,246,222,223,224,259,241,256,218,213,214,53],"class_list":{"0":"post-34860","1":"product","2":"type-product","3":"status-publish","4":"has-post-thumbnail","6":"product_cat-access-consciousness","7":"product_tag-animales","8":"product_tag-avanzado","9":"product_tag-biden","10":"product_tag-billetes","11":"product_tag-bitcoin","12":"product_tag-carrera","13":"product_tag-china","14":"product_tag-christopher-olivarrieta","15":"product_tag-cine","16":"product_tag-coranavirus","17":"product_tag-cultura","18":"product_tag-cursos","19":"product_tag-dinero","20":"product_tag-dios","21":"product_tag-dolar","22":"product_tag-enric-corbera","23":"product_tag-ensenanza-en-casa","24":"product_tag-entidades","25":"product_tag-escuela","26":"product_tag-especialidad","27":"product_tag-estrenos","28":"product_tag-estudios","29":"product_tag-facebook","30":"product_tag-famosos","31":"product_tag-free","32":"product_tag-gatos","33":"product_tag-gratis","34":"product_tag-guerra","35":"product_tag-humor","36":"product_tag-internet","37":"product_tag-jose-palomo","38":"product_tag-juegos","39":"product_tag-lavin","40":"product_tag-manga","41":"product_tag-mercado-libre","42":"product_tag-mercado-pago","43":"product_tag-meteorologia","44":"product_tag-moneda","45":"product_tag-musica","46":"product_tag-nuevo","47":"product_tag-omnicron","48":"product_tag-oracion","49":"product_tag-peliculas","50":"product_tag-perros","51":"product_tag-peso","52":"product_tag-porn","53":"product_tag-porno","54":"product_tag-profesional","55":"product_tag-putin","56":"product_tag-salud","57":"product_tag-sexo","58":"product_tag-talleres","59":"product_tag-television","60":"product_tag-terapias","61":"product_tag-trabajo","62":"product_tag-ucrania","63":"product_tag-ukrania","64":"product_tag-usa","65":"product_tag-vacuna","66":"product_tag-viajes","67":"product_tag-videos","68":"product_tag-xxx","69":"product_tag-youtube","70":"product_tag-youtube-yuen-guadalajara","71":"product_tag-yuen","73":"first","74":"instock","75":"downloadable","76":"virtual","77":"purchasable","78":"product-type-simple"},"jetpack_publicize_connections":[],"jetpack-related-posts":[{"id":33150,"url":"https:\/\/multiofertasvip.com\/?product=intro-being-you-creating-money-with-ease-dr-dain-heer","url_meta":{"origin":34860,"position":0},"title":"Intro Being You Creating Money with Ease-Dr. Dain Heer(Espa\u00f1ol)","author":"multiofertasvip","date":"agosto 26, 2024","format":false,"excerpt":"\u00bfQu\u00e9 pasa si todo lo que te han ense\u00f1ado o has aprendido sobre el dinero, la riqueza y la abundancia est\u00e1 desactualizado o es incorrecto? Durante esta clase nocturna, el Dr. Dain Heer le presentar\u00e1 una forma muy diferente de funcionar y ser en el \u00e1rea del dinero. \u00a1Bienvenido a\u00a0Ser\u2026","rel":"","context":"Entrada similar","block_context":{"text":"Entrada similar","link":""},"img":{"alt_text":"","src":"https:\/\/i0.wp.com\/multiofertasvip.com\/wp-content\/uploads\/2024\/08\/being.jpg?fit=200%2C200&ssl=1&resize=350%2C200","width":350,"height":200},"classes":[]},{"id":32960,"url":"https:\/\/multiofertasvip.com\/?product=being-money-esb-dr-dain-heer","url_meta":{"origin":34860,"position":1},"title":"Being Money ESB-Dr. Dain Heer","author":"multiofertasvip","date":"julio 3, 2024","format":false,"excerpt":"A veces lleva un tiempo reconocer que no hay nada malo en nosotros y que en realidad somos criaturas abundantes que vivimos en un mundo abundante de nuestra creaci\u00f3n\u201d. Dr. Dain Heer Hay algo en el mundo y en nuestras vidas que parece invitar tanto a la importancia como a\u2026","rel":"","context":"Entrada similar","block_context":{"text":"Entrada similar","link":""},"img":{"alt_text":"","src":"https:\/\/i0.wp.com\/multiofertasvip.com\/wp-content\/uploads\/2024\/07\/money.png?fit=200%2C200&ssl=1&resize=350%2C200","width":350,"height":200},"classes":[]},{"id":33197,"url":"https:\/\/multiofertasvip.com\/?product=the-communion-package-dr-dain-heerespanol","url_meta":{"origin":34860,"position":2},"title":"The Communion Package-Dr. Dain Heer(Espa\u00f1ol)","author":"multiofertasvip","date":"septiembre 10, 2024","format":false,"excerpt":"Una selecci\u00f3n especial de 4 sesiones con el Dr. Dain Heer de la tercera ronda de 30 d\u00edas ESB donde la energ\u00eda condujo a la belleza y al espacio de comuni\u00f3n.\u00a0 Si ya no funcion\u00e1ramos desde la conexi\u00f3n y en cambio permiti\u00e9ramos\u00a0el espacio desconocido llamado comuni\u00f3n, no habr\u00eda NO ni\u2026","rel":"","context":"Entrada similar","block_context":{"text":"Entrada similar","link":""},"img":{"alt_text":"","src":"https:\/\/i0.wp.com\/multiofertasvip.com\/wp-content\/uploads\/2024\/09\/pack-comunnion.jpg?fit=200%2C200&ssl=1&resize=350%2C200","width":350,"height":200},"classes":[]},{"id":33465,"url":"https:\/\/multiofertasvip.com\/?product=the-reset-2024-en-espanol-e-ingles-dr-dain-heer","url_meta":{"origin":34860,"position":3},"title":"The Reset 2024 (En espa\u00f1ol e ingl\u00e9s) Dr Dain Heer","author":"multiofertasvip","date":"diciembre 2, 2024","format":false,"excerpt":"\u00a1A partir de 2023, el Dr. Dain Heer invit\u00f3 al mundo a\u00a0presionar el bot\u00f3n REINICIO\u00a0en todo! Lo que se cre\u00f3 fue una serie \u00fanica de clases, que te invitan a superar tus limitaciones y crear un futuro diferente para ti y el mundo con facilidad. \u00a0 11 d\u00edas de grabaciones\u2026","rel":"","context":"Entrada similar","block_context":{"text":"Entrada similar","link":""},"img":{"alt_text":"","src":"https:\/\/i0.wp.com\/multiofertasvip.com\/wp-content\/uploads\/2024\/12\/rese24.jpg?fit=200%2C200&ssl=1&resize=350%2C200","width":350,"height":200},"classes":[]},{"id":34587,"url":"https:\/\/multiofertasvip.com\/?product=beyond-protection-october-call-b-dr-dain-heer-espanol","url_meta":{"origin":34860,"position":4},"title":"Beyond Protection October | Call #B-Dr. Dain Heer (espa\u00f1ol)","author":"multiofertasvip","date":"diciembre 15, 2025","format":false,"excerpt":"De alguna manera, milagrosamente, en una breve hora, el Dr. Dain Heer recorre a\u00f1os de las mejores y m\u00e1s actualizadas herramientas, consejos y trucos de Access Consciousness. \u00bfC\u00f3mo lo hace? \u00a1Desc\u00fabrelo aqu\u00ed!","rel":"","context":"Entrada similar","block_context":{"text":"Entrada similar","link":""},"img":{"alt_text":"","src":"https:\/\/i0.wp.com\/multiofertasvip.com\/wp-content\/uploads\/2025\/12\/OCTUBRE-B.png?fit=200%2C200&ssl=1&resize=350%2C200","width":350,"height":200},"classes":[]},{"id":33588,"url":"https:\/\/multiofertasvip.com\/?product=clase-global-de-barras-de-access-2024-dr-dain-heer","url_meta":{"origin":34860,"position":5},"title":"Clase Global de Barras de Access 2024 Dr. Dain Heer","author":"multiofertasvip","date":"enero 29, 2025","format":false,"excerpt":"Acomp\u00e1\u00f1ame junto con miles de personas al rededor del mundo a la \u00daNICA clase de Barras que puedes tomar en l\u00ednea. La \u00daNICA que har\u00e9 este a\u00f1o. Puedes tomarla EN L\u00cdNEA desde cualquier parte del mundo, o venir en persona a CIUDAD DE M\u00c9XICO. Las Barras cambiaron mi vida por\u2026","rel":"","context":"Entrada similar","block_context":{"text":"Entrada similar","link":""},"img":{"alt_text":"\u00a1\u00a1\u00daLTIMOS LUGARES para la clase Global de Barras de Access en CDMX con el Dr Dain Heer!!","src":"https:\/\/scontent.fmxl1-1.fna.fbcdn.net\/v\/t45.1600-4\/463639495_120214063292780558_9051828910810903756_n.jpg?stp=cp0_dst-jpg_p526x296_q75_spS444_tt6&_nc_cat=110&ccb=1-7&_nc_sid=c02adf&_nc_eui2=AeFKRaKftW9FUQcmPxm0Bp4C_14qf9y69lr_Xip_3Lr2WvFOcu5rW2MTDZ8B6rTF3y8H33BJd0PF8MgcL1PfWuAw&_nc_ohc=crn2Cnw61GcQ7kNvgFt3y-5&_nc_zt=1&_nc_ht=scontent.fmxl1-1.fna&_nc_gid=Alwg7MqfJtvOazMVB2Q4ofa&oh=00_AYAVHasnsnjDAsA51fiIXdc2pHYmS2GSstopfyBxaAcmFg&oe=67A07125","width":350,"height":200,"srcset":"https:\/\/scontent.fmxl1-1.fna.fbcdn.net\/v\/t45.1600-4\/463639495_120214063292780558_9051828910810903756_n.jpg?stp=cp0_dst-jpg_p526x296_q75_spS444_tt6&_nc_cat=110&ccb=1-7&_nc_sid=c02adf&_nc_eui2=AeFKRaKftW9FUQcmPxm0Bp4C_14qf9y69lr_Xip_3Lr2WvFOcu5rW2MTDZ8B6rTF3y8H33BJd0PF8MgcL1PfWuAw&_nc_ohc=crn2Cnw61GcQ7kNvgFt3y-5&_nc_zt=1&_nc_ht=scontent.fmxl1-1.fna&_nc_gid=Alwg7MqfJtvOazMVB2Q4ofa&oh=00_AYAVHasnsnjDAsA51fiIXdc2pHYmS2GSstopfyBxaAcmFg&oe=67A07125 1x, https:\/\/scontent.fmxl1-1.fna.fbcdn.net\/v\/t45.1600-4\/463639495_120214063292780558_9051828910810903756_n.jpg?stp=cp0_dst-jpg_p526x296_q75_spS444_tt6&_nc_cat=110&ccb=1-7&_nc_sid=c02adf&_nc_eui2=AeFKRaKftW9FUQcmPxm0Bp4C_14qf9y69lr_Xip_3Lr2WvFOcu5rW2MTDZ8B6rTF3y8H33BJd0PF8MgcL1PfWuAw&_nc_ohc=crn2Cnw61GcQ7kNvgFt3y-5&_nc_zt=1&_nc_ht=scontent.fmxl1-1.fna&_nc_gid=Alwg7MqfJtvOazMVB2Q4ofa&oh=00_AYAVHasnsnjDAsA51fiIXdc2pHYmS2GSstopfyBxaAcmFg&oe=67A07125 1.5x"},"classes":[]}],"jetpack_sharing_enabled":true,"jetpack_likes_enabled":true,"_links":{"self":[{"href":"https:\/\/multiofertasvip.com\/index.php?rest_route=\/wp\/v2\/product\/34860","targetHints":{"allow":["GET"]}}],"collection":[{"href":"https:\/\/multiofertasvip.com\/index.php?rest_route=\/wp\/v2\/product"}],"about":[{"href":"https:\/\/multiofertasvip.com\/index.php?rest_route=\/wp\/v2\/types\/product"}],"version-history":[{"count":1,"href":"https:\/\/multiofertasvip.com\/index.php?rest_route=\/wp\/v2\/product\/34860\/revisions"}],"predecessor-version":[{"id":34863,"href":"https:\/\/multiofertasvip.com\/index.php?rest_route=\/wp\/v2\/product\/34860\/revisions\/34863"}],"wp:featuredmedia":[{"embeddable":true,"href":"https:\/\/multiofertasvip.com\/index.php?rest_route=\/wp\/v2\/media\/34862"}],"wp:attachment":[{"href":"https:\/\/multiofertasvip.com\/index.php?rest_route=%2Fwp%2Fv2%2Fmedia&parent=34860"}],"wp:term":[{"taxonomy":"product_brand","embeddable":true,"href":"https:\/\/multiofertasvip.com\/index.php?rest_route=%2Fwp%2Fv2%2Fproduct_brand&post=34860"},{"taxonomy":"product_cat","embeddable":true,"href":"https:\/\/multiofertasvip.com\/index.php?rest_route=%2Fwp%2Fv2%2Fproduct_cat&post=34860"},{"taxonomy":"product_tag","embeddable":true,"href":"https:\/\/multiofertasvip.com\/index.php?rest_route=%2Fwp%2Fv2%2Fproduct_tag&post=34860"}],"curies":[{"name":"wp","href":"https:\/\/api.w.org\/{rel}","templated":true}]}}