{"id":34843,"date":"2026-02-20T10:33:03","date_gmt":"2026-02-20T16:03:03","guid":{"rendered":"https:\/\/multiofertasvip.com\/?post_type=product&#038;p=34843"},"modified":"2026-02-23T15:30:06","modified_gmt":"2026-02-23T21:00:06","slug":"fearless-february-para-un-futuro-fabuloso-daniela-correa","status":"publish","type":"product","link":"https:\/\/multiofertasvip.com\/?product=fearless-february-para-un-futuro-fabuloso-daniela-correa","title":{"rendered":"Fearless February para un futuro fabuloso-Daniela Correa"},"content":{"rendered":"<div class=\"elementor-element elementor-element-39b40ad elementor-widget elementor-widget-heading\" data-id=\"39b40ad\" data-element_type=\"widget\" data-e-type=\"widget\" data-widget_type=\"heading.default\">\n<div class=\"elementor-widget-container\">\n<h2 class=\"elementor-heading-title elementor-size-default\">La experiencia<\/h2>\n<\/div>\n<\/div>\n<div class=\"elementor-element elementor-element-287f446 elementor-widget elementor-widget-text-editor\" data-id=\"287f446\" data-element_type=\"widget\" data-e-type=\"widget\" data-widget_type=\"text-editor.default\">\n<div class=\"elementor-widget-container\">\n<p>Fearless February abre una conversaci\u00f3n directa con el miedo que frena el movimiento.<br data-start=\"848\" data-end=\"851\" \/>Durante 10 d\u00edas recibir\u00e1s un audio diario. Cada audio abre una conversaci\u00f3n energ\u00e9tica contigo: con lo que repites, con lo que postergas y con las respuestas autom\u00e1ticas que aparecen cuando toca elegir o actuar.<\/p>\n<p data-start=\"1122\" data-end=\"1328\">Durante 10 d\u00edas recibir\u00e1s un audio diario. Cada uno abre una conversaci\u00f3n energ\u00e9tica con lo que se repite, con lo que se posterga y con las respuestas autom\u00e1ticas que aparecen cuando toca elegir o actuar.<\/p>\n<p data-start=\"1335\" data-end=\"1425\">El recorrido se vive d\u00eda a d\u00eda y los audios pueden escucharse tantas veces como lo elijas.<\/p>\n<p data-start=\"866\" data-end=\"944\">Al finalizar el recorrido de audios, tendr\u00e1s acceso a una clase integradora.<\/p>\n<p data-start=\"951\" data-end=\"1140\">En este espacio se acomoda el trabajo energ\u00e9tico realizado durante los d\u00edas previos, permitiendo reconocer c\u00f3mo opera el miedo al momento de actuar o elegir, y soltar su carga autom\u00e1tica.<\/p>\n<p data-start=\"1147\" data-end=\"1289\">La clase abre un lugar interno m\u00e1s disponible desde el cual elegir deja de sentirse como un riesgo y se convierte en una posibilidad presente.<\/p>\n<\/div>\n<\/div>\n","protected":false},"excerpt":{"rendered":"<p>La experiencia Fearless February abre una conversaci\u00f3n directa con el miedo que frena el movimiento.Durante 10 d\u00edas recibir\u00e1s un audio diario. Cada audio abre una conversaci\u00f3n energ\u00e9tica contigo: con lo que repites, con lo que postergas y con las respuestas autom\u00e1ticas que aparecen cuando toca elegir o actuar. Durante 10 d\u00edas recibir\u00e1s un audio diario. [&#8230;]\n","protected":false},"featured_media":34845,"template":"","meta":{"_monsterinsights_skip_tracking":false,"_monsterinsights_sitenote_active":false,"_monsterinsights_sitenote_note":"","_monsterinsights_sitenote_category":0,"jetpack_post_was_ever_published":false,"jetpack_publicize_message":"","jetpack_publicize_feature_enabled":true,"jetpack_social_post_already_shared":false,"jetpack_social_options":{"image_generator_settings":{"template":"highway","default_image_id":0,"font":"","enabled":false},"version":2}},"product_brand":[],"product_cat":[46],"product_tag":[263,142,260,211,254,119,251,215,257,249,243,230,182,226,253,236,229,143,228,232,258,234,262,239,220,265,219,225,240,238,140,242,235,244,266,267,248,210,245,212,250,227,255,264,252,217,216,233,261,73,237,231,247,221,246,222,223,224,259,241,256,218,213,214,53],"class_list":{"0":"post-34843","1":"product","2":"type-product","3":"status-publish","4":"has-post-thumbnail","6":"product_cat-superacion","7":"product_tag-animales","8":"product_tag-avanzado","9":"product_tag-biden","10":"product_tag-billetes","11":"product_tag-bitcoin","12":"product_tag-carrera","13":"product_tag-china","14":"product_tag-christopher-olivarrieta","15":"product_tag-cine","16":"product_tag-coranavirus","17":"product_tag-cultura","18":"product_tag-cursos","19":"product_tag-dinero","20":"product_tag-dios","21":"product_tag-dolar","22":"product_tag-enric-corbera","23":"product_tag-ensenanza-en-casa","24":"product_tag-entidades","25":"product_tag-escuela","26":"product_tag-especialidad","27":"product_tag-estrenos","28":"product_tag-estudios","29":"product_tag-facebook","30":"product_tag-famosos","31":"product_tag-free","32":"product_tag-gatos","33":"product_tag-gratis","34":"product_tag-guerra","35":"product_tag-humor","36":"product_tag-internet","37":"product_tag-jose-palomo","38":"product_tag-juegos","39":"product_tag-lavin","40":"product_tag-manga","41":"product_tag-mercado-libre","42":"product_tag-mercado-pago","43":"product_tag-meteorologia","44":"product_tag-moneda","45":"product_tag-musica","46":"product_tag-nuevo","47":"product_tag-omnicron","48":"product_tag-oracion","49":"product_tag-peliculas","50":"product_tag-perros","51":"product_tag-peso","52":"product_tag-porn","53":"product_tag-porno","54":"product_tag-profesional","55":"product_tag-putin","56":"product_tag-salud","57":"product_tag-sexo","58":"product_tag-talleres","59":"product_tag-television","60":"product_tag-terapias","61":"product_tag-trabajo","62":"product_tag-ucrania","63":"product_tag-ukrania","64":"product_tag-usa","65":"product_tag-vacuna","66":"product_tag-viajes","67":"product_tag-videos","68":"product_tag-xxx","69":"product_tag-youtube","70":"product_tag-youtube-yuen-guadalajara","71":"product_tag-yuen","73":"first","74":"instock","75":"downloadable","76":"virtual","77":"purchasable","78":"product-type-simple"},"jetpack_publicize_connections":[],"jetpack-related-posts":[{"id":30818,"url":"https:\/\/multiofertasvip.com\/?product=access-bar-jale-de-energia-de-sexualness-manfred-zepeda","url_meta":{"origin":34843,"position":0},"title":"Access Bar Jale de Energ\u00eda de Sexualness-Manfred Zepeda","author":"multiofertasvip","date":"agosto 7, 2023","format":false,"excerpt":"27 Jale de Energ\u00eda de Sexualness 7 d\u00edas de Sexualness es un Jale energ\u00e9tico que he creado para compartir contigo todo lo que he aprendido acerca de esta energ\u00eda. \u00bfQu\u00e9 podr\u00edas crear en tu vida si reconocieras tu energ\u00eda de Sexualness? Recibir\u00e1s: Las 7 grabaci\u00f3n en audio de los jales\u2026","rel":"","context":"Entrada similar","block_context":{"text":"Entrada similar","link":""},"img":{"alt_text":"","src":"https:\/\/i0.wp.com\/multiofertasvip.com\/wp-content\/uploads\/2023\/05\/jale-de-energia-de-sexualness.jpg?fit=200%2C200&ssl=1&resize=350%2C200","width":350,"height":200},"classes":[]},{"id":33469,"url":"https:\/\/multiofertasvip.com\/?product=jale-de-energia-de-riqueza-manfred-zepeda","url_meta":{"origin":34843,"position":1},"title":"Jale de Energ\u00eda de Riqueza-Manfred Zepeda","author":"multiofertasvip","date":"diciembre 2, 2024","format":false,"excerpt":"\u00bfEstas imaginando o creando tu vida? \u00bfHas escuchado de los Jales de Energ\u00eda? Te invito a estos 7 jales energ\u00e9ticos de Energ\u00eda de Riqueza. Recibir\u00e1s: Las 7 grabaci\u00f3n en audio de los jales energ\u00e9ticos\u00a0","rel":"","context":"Entrada similar","block_context":{"text":"Entrada similar","link":""},"img":{"alt_text":"","src":"https:\/\/i0.wp.com\/multiofertasvip.com\/wp-content\/uploads\/2024\/12\/JALES-DE-ENERGIA-DEL-DINERO.jpg?fit=200%2C200&ssl=1&resize=350%2C200","width":350,"height":200},"classes":[]},{"id":29915,"url":"https:\/\/multiofertasvip.com\/?product=metodo-yuen-curso-vibe-fit-2-el-fortalecimiento-de-la-vida-cotidiana-dr-kam-yuen","url_meta":{"origin":34843,"position":2},"title":"M\u00e9todo Yuen &#8211; Curso VIBE Fit- #2 -El Fortalecimiento de la Vida Cotidiana-Dr Kam Yuen","author":"multiofertasvip","date":"abril 22, 2021","format":false,"excerpt":"T\u00edtulo: Curso VIBE Fit- #2 -El Fortalecimiento de la Vida Cotidiana Autor:\u00a0Dr. Kam Yuen Idioma:\u00a0Espa\u00f1ol Formatos:\u00a0mp3 (audio), pdf (ebook) Cantidad audios: 10 Cantidad de Videos: 8 Cantidad pdf: 4 Peso total: 900.6 MB \u00a0","rel":"","context":"Entrada similar","block_context":{"text":"Entrada similar","link":""},"img":{"alt_text":"","src":"https:\/\/i0.wp.com\/multiofertasvip.com\/wp-content\/uploads\/2021\/04\/vibe-2.png?fit=444%2C413&ssl=1&resize=350%2C200","width":350,"height":200},"classes":[]},{"id":35030,"url":"https:\/\/multiofertasvip.com\/?product=curso-hipnosis-regresiva-espiritual-todohipno-3","url_meta":{"origin":34843,"position":3},"title":"Curso Hipnosis Regresiva Espiritual-TodoHipno","author":"multiofertasvip","date":"marzo 11, 2026","format":false,"excerpt":"\u00a0 \u00a0 \u00a0 \u00a0","rel":"","context":"Entrada similar","block_context":{"text":"Entrada similar","link":""},"img":{"alt_text":"hipnosis regresiones","src":"https:\/\/i0.wp.com\/www.todohipno.com\/wp-content\/uploads\/2021\/03\/regresiva-espritual-1080x675.png?resize=350%2C200&ssl=1","width":350,"height":200,"srcset":"https:\/\/i0.wp.com\/www.todohipno.com\/wp-content\/uploads\/2021\/03\/regresiva-espritual-1080x675.png?resize=350%2C200&ssl=1 1x, https:\/\/i0.wp.com\/www.todohipno.com\/wp-content\/uploads\/2021\/03\/regresiva-espritual-1080x675.png?resize=525%2C300&ssl=1 1.5x, https:\/\/i0.wp.com\/www.todohipno.com\/wp-content\/uploads\/2021\/03\/regresiva-espritual-1080x675.png?resize=700%2C400&ssl=1 2x"},"classes":[]},{"id":33197,"url":"https:\/\/multiofertasvip.com\/?product=the-communion-package-dr-dain-heerespanol","url_meta":{"origin":34843,"position":4},"title":"The Communion Package-Dr. Dain Heer(Espa\u00f1ol)","author":"multiofertasvip","date":"septiembre 10, 2024","format":false,"excerpt":"Una selecci\u00f3n especial de 4 sesiones con el Dr. Dain Heer de la tercera ronda de 30 d\u00edas ESB donde la energ\u00eda condujo a la belleza y al espacio de comuni\u00f3n.\u00a0 Si ya no funcion\u00e1ramos desde la conexi\u00f3n y en cambio permiti\u00e9ramos\u00a0el espacio desconocido llamado comuni\u00f3n, no habr\u00eda NO ni\u2026","rel":"","context":"Entrada similar","block_context":{"text":"Entrada similar","link":""},"img":{"alt_text":"","src":"https:\/\/i0.wp.com\/multiofertasvip.com\/wp-content\/uploads\/2024\/09\/pack-comunnion.jpg?fit=200%2C200&ssl=1&resize=350%2C200","width":350,"height":200},"classes":[]},{"id":33449,"url":"https:\/\/multiofertasvip.com\/?product=taller-yuen-guadalajara-perdidas-economicas-ii","url_meta":{"origin":34843,"position":5},"title":"Taller Yuen Guadalajara-Perdidas Economicas II","author":"multiofertasvip","date":"diciembre 1, 2024","format":false,"excerpt":"Incluye: Grabaci\u00f3n en audio formato mp3 Grabaci\u00f3n en Video Manual Continuaremos haciendo conciencia y borrando esas memorias de p\u00e9rdidas que est\u00e1n a un nivel m\u00e1s profundo, casi in detectable que nos han atra\u00eddo pobreza y estancamiento econ\u00f3mico a ti y a tu familia. Con este taller daremos un paso m\u00e1s\u2026","rel":"","context":"Entrada similar","block_context":{"text":"Entrada similar","link":""},"img":{"alt_text":"","src":"https:\/\/i0.wp.com\/multiofertasvip.com\/wp-content\/uploads\/2024\/12\/perdidas-economicas-2.png?fit=200%2C200&ssl=1&resize=350%2C200","width":350,"height":200},"classes":[]}],"jetpack_sharing_enabled":true,"jetpack_likes_enabled":true,"_links":{"self":[{"href":"https:\/\/multiofertasvip.com\/index.php?rest_route=\/wp\/v2\/product\/34843","targetHints":{"allow":["GET"]}}],"collection":[{"href":"https:\/\/multiofertasvip.com\/index.php?rest_route=\/wp\/v2\/product"}],"about":[{"href":"https:\/\/multiofertasvip.com\/index.php?rest_route=\/wp\/v2\/types\/product"}],"version-history":[{"count":1,"href":"https:\/\/multiofertasvip.com\/index.php?rest_route=\/wp\/v2\/product\/34843\/revisions"}],"predecessor-version":[{"id":34846,"href":"https:\/\/multiofertasvip.com\/index.php?rest_route=\/wp\/v2\/product\/34843\/revisions\/34846"}],"wp:featuredmedia":[{"embeddable":true,"href":"https:\/\/multiofertasvip.com\/index.php?rest_route=\/wp\/v2\/media\/34845"}],"wp:attachment":[{"href":"https:\/\/multiofertasvip.com\/index.php?rest_route=%2Fwp%2Fv2%2Fmedia&parent=34843"}],"wp:term":[{"taxonomy":"product_brand","embeddable":true,"href":"https:\/\/multiofertasvip.com\/index.php?rest_route=%2Fwp%2Fv2%2Fproduct_brand&post=34843"},{"taxonomy":"product_cat","embeddable":true,"href":"https:\/\/multiofertasvip.com\/index.php?rest_route=%2Fwp%2Fv2%2Fproduct_cat&post=34843"},{"taxonomy":"product_tag","embeddable":true,"href":"https:\/\/multiofertasvip.com\/index.php?rest_route=%2Fwp%2Fv2%2Fproduct_tag&post=34843"}],"curies":[{"name":"wp","href":"https:\/\/api.w.org\/{rel}","templated":true}]}}