{"id":34839,"date":"2026-02-19T16:53:03","date_gmt":"2026-02-19T22:23:03","guid":{"rendered":"https:\/\/multiofertasvip.com\/?post_type=product&#038;p=34839"},"modified":"2026-02-19T16:57:08","modified_gmt":"2026-02-19T22:27:08","slug":"taller-ventas-energeticas-alma-rendon","status":"publish","type":"product","link":"https:\/\/multiofertasvip.com\/?product=taller-ventas-energeticas-alma-rendon","title":{"rendered":"Taller Ventas Energeticas \u2013 Alma Rendon"},"content":{"rendered":"<div class=\"sc-kFKoiG eoKLim\">\n<div id=\"headline-c62cd6c8\" class=\"sc-khdDuB jHhmDA\">\n<p>Este es un taller que transformar\u00e1 de ra\u00edz las creencias que tienes con respecto a vender y a cobrar por tus productos y servicios.<\/p>\n<\/div>\n<\/div>\n<div class=\"sc-kFKoiG iWEob\">\n<div id=\"headline-5b372852\" class=\"sc-khdDuB ffQnuE\">\n<p>Descubre las creencias limitantes que est\u00e1n impidiendo que puedas vender tus productos o servicios con mayor facilidad.<\/p>\n<p>Toma consciencia de qu\u00e9 es aquello que est\u00e1 impidiendo lograr tus metas de ventas.<\/p>\n<p>Reconoce tu poder para transformar tu energ\u00eda y creencias y vender con total facilidad.<\/p>\n<p>\u00bfQu\u00e9 m\u00e1s es posible?<\/p>\n<div class=\"sc-kCNzdd fieeec\">\n<section id=\"section-08869079\" class=\"sc-fNUWgR cSBju\">\n<div class=\"sc-bscXGs bTcPsd\">\n<div class=\"sc-kFKoiG blwjlq\">\n<div id=\"row-57563a9f\" class=\"sc-gzVdWW hlgokq\">\n<div class=\"sc-hRgSog bpyBwR\">\n<div class=\"sc-kCNzdd jvblqR\">\n<div id=\"text-53d9bec4\" class=\"sc-khdDuB hLUixm\">\n<div>\n<p>Vamos a combinar poderosas herramientas trabajo de ENERG\u00cdA (piense en &#8220;Energ\u00eda cu\u00e1ntica de transformaci\u00f3n).<\/p>\n<\/div>\n<\/div>\n<\/div>\n<\/div>\n<\/div>\n<\/div>\n<\/div>\n<\/section>\n<\/div>\n<div class=\"sc-kCNzdd kFxjrW\">\n<section id=\"section-4fad0e63\" class=\"sc-fNUWgR lhZISV\">\n<div class=\"sc-bscXGs bTcPsd\">\n<div class=\"sc-kFKoiG khOxyk\">\n<div id=\"row-2e45638a\" class=\"sc-gzVdWW dxNhTw\">\n<div class=\"sc-hRgSog bpyBwR\">\n<div class=\"sc-kFKoiG blwjlq\">\n<div id=\"row-5506119c\" class=\"sc-gzVdWW hlgokq\">\n<div class=\"sc-hRgSog bpyBwR\">\n<div class=\"sc-kFKoiG cRBwDj\">\n<div id=\"headline-2a7bfceb\" class=\"sc-khdDuB hrqfUw\">\n<p>\u00bfEst\u00e1s lista para incrementar tus ventas muchos m\u00e1s de tus productos y\/o servicios?<\/p>\n<\/div>\n<\/div>\n<div class=\"sc-kFKoiG jGbAVy\">\n<div class=\"sc-glpSfM cEUbGQ\"><picture class=\"sc-kHhQGl jDZtti\"><img data-recalc-dims=\"1\" decoding=\"async\" id=\"image-1c155027\" class=\"sc-dHMlHb isTdRu aligncenter\" src=\"https:\/\/i0.wp.com\/d1yei2z3i6k35z.cloudfront.net\/4360694\/64fc5b5b91a88_1.png?w=240&#038;ssl=1\"  \/><\/picture><\/div>\n<\/div>\n<div class=\"sc-kCNzdd dLEbxC\">\n<div id=\"text-ce5892fc\" class=\"sc-khdDuB irCEGf\">\n<div>\n<p>Seguramente eres excelente en lo que haces, pero sabes en tu interior que podr\u00edas lograr mucho m\u00e1s impacto con tu negocio.<\/p>\n<\/div>\n<\/div>\n<\/div>\n<div class=\"sc-kCNzdd dIgKqI\">\n<div id=\"text-f13ca468\" class=\"sc-khdDuB dROVJ\">\n<div>\n<p>He tenido la suerte de trabajar miles de poderosas personas (\u00a1como t\u00fa!) , m\u00e1s de 12 a\u00f1os de experiencia en mi negocio me respaldan, y me han dado la oportunidad de aprender t\u00e9cnicas energ\u00e9ticas para tener un negocio exitoso vendiendo productos, terapias, cursos y talleres que mejoran la salud y vida de las personas. Te quiero compartir las t\u00e9cnicas de lo que yo he aplicado a mi negocio y han hecho que logre ventas con facilidad y mantener un negocio en constante crecimiento\u00a0y\u00a0\u00e9xito.<\/p>\n<p>&nbsp;<\/p>\n<\/div>\n<\/div>\n<\/div>\n<\/div>\n<\/div>\n<\/div>\n<\/div>\n<\/div>\n<\/div>\n<\/div>\n<\/section>\n<\/div>\n<\/div>\n<\/div>\n","protected":false},"excerpt":{"rendered":"<p>Este es un taller que transformar\u00e1 de ra\u00edz las creencias que tienes con respecto a vender y a cobrar por tus productos y servicios. Descubre las creencias limitantes que est\u00e1n impidiendo que puedas vender tus productos o servicios con mayor facilidad. Toma consciencia de qu\u00e9 es aquello que est\u00e1 impidiendo lograr tus metas de ventas. [&#8230;]\n","protected":false},"featured_media":34841,"template":"","meta":{"_monsterinsights_skip_tracking":false,"_monsterinsights_sitenote_active":false,"_monsterinsights_sitenote_note":"","_monsterinsights_sitenote_category":0,"jetpack_post_was_ever_published":false,"jetpack_publicize_message":"","jetpack_publicize_feature_enabled":true,"jetpack_social_post_already_shared":false,"jetpack_social_options":{"image_generator_settings":{"template":"highway","default_image_id":0,"font":"","enabled":false},"version":2}},"product_brand":[],"product_cat":[46],"product_tag":[263,142,260,211,254,119,251,215,257,249,243,230,182,226,253,236,229,143,228,232,258,234,262,239,220,265,219,225,240,238,140,242,235,244,266,267,248,210,245,212,250,227,255,264,252,217,216,233,261,73,237,231,247,221,246,222,223,224,259,241,256,218,213,214,53],"class_list":{"0":"post-34839","1":"product","2":"type-product","3":"status-publish","4":"has-post-thumbnail","6":"product_cat-superacion","7":"product_tag-animales","8":"product_tag-avanzado","9":"product_tag-biden","10":"product_tag-billetes","11":"product_tag-bitcoin","12":"product_tag-carrera","13":"product_tag-china","14":"product_tag-christopher-olivarrieta","15":"product_tag-cine","16":"product_tag-coranavirus","17":"product_tag-cultura","18":"product_tag-cursos","19":"product_tag-dinero","20":"product_tag-dios","21":"product_tag-dolar","22":"product_tag-enric-corbera","23":"product_tag-ensenanza-en-casa","24":"product_tag-entidades","25":"product_tag-escuela","26":"product_tag-especialidad","27":"product_tag-estrenos","28":"product_tag-estudios","29":"product_tag-facebook","30":"product_tag-famosos","31":"product_tag-free","32":"product_tag-gatos","33":"product_tag-gratis","34":"product_tag-guerra","35":"product_tag-humor","36":"product_tag-internet","37":"product_tag-jose-palomo","38":"product_tag-juegos","39":"product_tag-lavin","40":"product_tag-manga","41":"product_tag-mercado-libre","42":"product_tag-mercado-pago","43":"product_tag-meteorologia","44":"product_tag-moneda","45":"product_tag-musica","46":"product_tag-nuevo","47":"product_tag-omnicron","48":"product_tag-oracion","49":"product_tag-peliculas","50":"product_tag-perros","51":"product_tag-peso","52":"product_tag-porn","53":"product_tag-porno","54":"product_tag-profesional","55":"product_tag-putin","56":"product_tag-salud","57":"product_tag-sexo","58":"product_tag-talleres","59":"product_tag-television","60":"product_tag-terapias","61":"product_tag-trabajo","62":"product_tag-ucrania","63":"product_tag-ukrania","64":"product_tag-usa","65":"product_tag-vacuna","66":"product_tag-viajes","67":"product_tag-videos","68":"product_tag-xxx","69":"product_tag-youtube","70":"product_tag-youtube-yuen-guadalajara","71":"product_tag-yuen","73":"first","74":"instock","75":"downloadable","76":"virtual","77":"purchasable","78":"product-type-simple"},"jetpack_publicize_connections":[],"jetpack-related-posts":[{"id":34827,"url":"https:\/\/multiofertasvip.com\/?product=protecciones-energeticas-alma-rendon","url_meta":{"origin":34839,"position":0},"title":"Protecciones Energ\u00e9ticas \u2013 Alma Rend\u00f3n","author":"multiofertasvip","date":"febrero 19, 2026","format":false,"excerpt":"Protecciones Energ\u00e9ticas es un taller profundo y transformador creado para ayudarte a proteger tu energ\u00eda de forma consciente, amorosa y efectiva, mientras elevas tu vibraci\u00f3n y aprendes a vivir desde una frecuencia alta y estable. Vivimos expuestos constantemente a cargas emocionales, energ\u00edas densas, miedos, creencias limitantes y entornos que drenan\u2026","rel":"","context":"Entrada similar","block_context":{"text":"Entrada similar","link":""},"img":{"alt_text":"","src":"https:\/\/i0.wp.com\/multiofertasvip.com\/wp-content\/uploads\/2026\/02\/protecciones-energeticas.png?fit=200%2C200&ssl=1&resize=350%2C200","width":350,"height":200},"classes":[]},{"id":34220,"url":"https:\/\/multiofertasvip.com\/?product=muestra-grupal-cirugias-cuanticas-potencializa-tus-ventas-paula-gil","url_meta":{"origin":34839,"position":1},"title":"Muestra Grupal Cirug\u00edas Cu\u00e1nticas Potencializa tus Ventas-Paula Gil","author":"multiofertasvip","date":"septiembre 11, 2025","format":false,"excerpt":"\u2728 Potencializa tus ventas desde el campo cu\u00e1ntico. \u00bfY si tus ventas no dependieran de estrategias ni f\u00f3rmulas externas, sino de la energ\u00eda y la informaci\u00f3n que puedes ser? \u00bfY si pudieras cambiar esa informaci\u00f3n y esa energ\u00eda para recibir m\u00e1s clientes, m\u00e1s dinero y m\u00e1s ventas? En esta muestra\u2026","rel":"","context":"Entrada similar","block_context":{"text":"Entrada similar","link":""},"img":{"alt_text":"","src":"https:\/\/i0.wp.com\/multiofertasvip.com\/wp-content\/uploads\/2025\/08\/potencializa-tus-ventas-1.png?fit=200%2C200&ssl=1&resize=350%2C200","width":350,"height":200},"classes":[]},{"id":32603,"url":"https:\/\/multiofertasvip.com\/?product=taller-yuen-guadalajara-energia-del-placer-2024","url_meta":{"origin":34839,"position":2},"title":"Taller Yuen Guadalajara Energia del Placer 2024","author":"multiofertasvip","date":"marzo 7, 2024","format":false,"excerpt":"Incluye: Grabaci\u00f3n en audio formato mp3 Grabaci\u00f3n en Video Que te produc\u00eda placer que ahora no puedes hacer? Comer ciertos alimentos? Tomar algunas bebidas? Viajar? Es probable que ya seas intolerante a algunos alimentos no porque tu cuerpo cambi\u00f3, si no tal vez porque en ti hay una energ\u00eda que\u2026","rel":"","context":"Entrada similar","block_context":{"text":"Entrada similar","link":""},"img":{"alt_text":"","src":"https:\/\/i0.wp.com\/multiofertasvip.com\/wp-content\/uploads\/2024\/03\/placer.png?fit=200%2C200&ssl=1&resize=350%2C200","width":350,"height":200},"classes":[]},{"id":34823,"url":"https:\/\/multiofertasvip.com\/?product=activa-las-moleculas-de-la-juventud-alma-rendon","url_meta":{"origin":34839,"position":3},"title":"Activa las Molecul\u00e1s de la Juventud \u2013 Alma Rend\u00f3n","author":"multiofertasvip","date":"febrero 19, 2026","format":false,"excerpt":"Molecul\u00e1s de la Juventud, creado por Alma Rend\u00f3n, es un taller transformacional dise\u00f1ado para ayudarte a redefinir tu relaci\u00f3n con la edad, la vitalidad y la energ\u00eda que habita en tu cuerpo y en tu mente. Este programa parte de una verdad poderosa: la juventud no comienza en el cuerpo,\u2026","rel":"","context":"Entrada similar","block_context":{"text":"Entrada similar","link":""},"img":{"alt_text":"","src":"https:\/\/i0.wp.com\/multiofertasvip.com\/wp-content\/uploads\/2026\/02\/activa-la-molecula-de-la-juventud.png?fit=200%2C200&ssl=1&resize=350%2C200","width":350,"height":200},"classes":[]},{"id":30157,"url":"https:\/\/multiofertasvip.com\/?product=curso-conecta-con-el-dinero-sin-esfuerzo-diana-caro","url_meta":{"origin":34839,"position":4},"title":"Curso Conecta con el Dinero sin Esfuerzo-Diana Caro","author":"multiofertasvip","date":"diciembre 10, 2021","format":false,"excerpt":"Descubre los secretos ocultos que bloquean tu relaci\u00f3n con el dinero y comenzar a manifestar desde la fluidez y el GOZO el dinero que deseas.","rel":"","context":"Entrada similar","block_context":{"text":"Entrada similar","link":""},"img":{"alt_text":"","src":"https:\/\/i0.wp.com\/multiofertasvip.com\/wp-content\/uploads\/2021\/12\/conecta-con-el-dinero.jpg?fit=200%2C200&ssl=1&resize=350%2C200","width":350,"height":200},"classes":[]},{"id":29964,"url":"https:\/\/multiofertasvip.com\/?product=la-biologia-de-las-creencias-en-video-bruce-lipton","url_meta":{"origin":34839,"position":5},"title":"La Biologia de las Creencias en Video-Bruce Lipton","author":"multiofertasvip","date":"junio 23, 2021","format":false,"excerpt":"LA BIOLOG\u00cdA DE LAS CREENCIAS Libera el poder de tu mente para tomar el control de su vida y de su salud! Adquiera el curso ya mismo para poder aprovechar los 5 cap\u00edtulos, las 34 lecciones y \u00a1m\u00e1s de 10 horas de video!","rel":"","context":"Entrada similar","block_context":{"text":"Entrada similar","link":""},"img":{"alt_text":"","src":"https:\/\/i0.wp.com\/mk0tcchexnl5680h0m8.kinstacdn.com\/wp-content\/uploads\/2019\/12\/icon-heart.png?resize=350%2C200&ssl=1","width":350,"height":200},"classes":[]}],"jetpack_sharing_enabled":true,"jetpack_likes_enabled":true,"_links":{"self":[{"href":"https:\/\/multiofertasvip.com\/index.php?rest_route=\/wp\/v2\/product\/34839","targetHints":{"allow":["GET"]}}],"collection":[{"href":"https:\/\/multiofertasvip.com\/index.php?rest_route=\/wp\/v2\/product"}],"about":[{"href":"https:\/\/multiofertasvip.com\/index.php?rest_route=\/wp\/v2\/types\/product"}],"version-history":[{"count":1,"href":"https:\/\/multiofertasvip.com\/index.php?rest_route=\/wp\/v2\/product\/34839\/revisions"}],"predecessor-version":[{"id":34842,"href":"https:\/\/multiofertasvip.com\/index.php?rest_route=\/wp\/v2\/product\/34839\/revisions\/34842"}],"wp:featuredmedia":[{"embeddable":true,"href":"https:\/\/multiofertasvip.com\/index.php?rest_route=\/wp\/v2\/media\/34841"}],"wp:attachment":[{"href":"https:\/\/multiofertasvip.com\/index.php?rest_route=%2Fwp%2Fv2%2Fmedia&parent=34839"}],"wp:term":[{"taxonomy":"product_brand","embeddable":true,"href":"https:\/\/multiofertasvip.com\/index.php?rest_route=%2Fwp%2Fv2%2Fproduct_brand&post=34839"},{"taxonomy":"product_cat","embeddable":true,"href":"https:\/\/multiofertasvip.com\/index.php?rest_route=%2Fwp%2Fv2%2Fproduct_cat&post=34839"},{"taxonomy":"product_tag","embeddable":true,"href":"https:\/\/multiofertasvip.com\/index.php?rest_route=%2Fwp%2Fv2%2Fproduct_tag&post=34839"}],"curies":[{"name":"wp","href":"https:\/\/api.w.org\/{rel}","templated":true}]}}