{"id":34831,"date":"2026-02-19T16:44:43","date_gmt":"2026-02-19T22:14:43","guid":{"rendered":"https:\/\/multiofertasvip.com\/?post_type=product&#038;p=34831"},"modified":"2026-02-19T16:48:04","modified_gmt":"2026-02-19T22:18:04","slug":"11-dias-de-milagros-cuanticos-financieros-alma-rendon","status":"publish","type":"product","link":"https:\/\/multiofertasvip.com\/?product=11-dias-de-milagros-cuanticos-financieros-alma-rendon","title":{"rendered":"11 D\u00edas De Milagros Cu\u00e1nticos Financieros \u2013 Alma Rendon"},"content":{"rendered":"<p>Este poderoso entrenamiento de 11 d\u00edas te gu\u00eda paso a paso a transformar tu energ\u00eda y reprogramar tus creencias sobre el dinero, la abundancia y el merecimiento. A trav\u00e9s de clases en video, procesos verbales y pr\u00e1cticas energ\u00e9ticas, acceder\u00e1s a herramientas cu\u00e1nticas que te permitir\u00e1n liberar bloqueos financieros, soltar la escasez y conectar con la frecuencia de la prosperidad.<\/p>\n<p>Inspirado en el poder de la transformaci\u00f3n cu\u00e1ntica, este programa no solo trabaja a nivel mental, sino tambi\u00e9n en los planos energ\u00e9ticos donde se crean las verdaderas posibilidades. Cada d\u00eda es una invitaci\u00f3n a expandir tu conciencia y abrirte a recibir m\u00e1s: m\u00e1s ingresos, m\u00e1s oportunidades, m\u00e1s bienestar.<\/p>\n<p>Al completar los 11 d\u00edas, sentir\u00e1s una nueva ligereza en tu relaci\u00f3n con el dinero, claridad para tomar decisiones financieras alineadas con tu prop\u00f3sito y una profunda paz interior que te permitir\u00e1 manifestar con facilidad.<\/p>\n<p>\ud83c\udf1f Resultados que puedes esperar:<\/p>\n<p>Mayor fluidez y abundancia econ\u00f3mica.<\/p>\n<p>Claridad mental y emocional para crear sin miedo.<\/p>\n<p>Energ\u00eda elevada y conexi\u00f3n profunda contigo misma.<\/p>\n<p>Sensaci\u00f3n de expansi\u00f3n y gratitud hacia la vida.<\/p>\n<div id=\"text-3836661107\" class=\"text\"><\/div>\n","protected":false},"excerpt":{"rendered":"<p>Este poderoso entrenamiento de 11 d\u00edas te gu\u00eda paso a paso a transformar tu energ\u00eda y reprogramar tus creencias sobre el dinero, la abundancia y el merecimiento. A trav\u00e9s de clases en video, procesos verbales y pr\u00e1cticas energ\u00e9ticas, acceder\u00e1s a herramientas cu\u00e1nticas que te permitir\u00e1n liberar bloqueos financieros, soltar la escasez y conectar con la [&#8230;]\n","protected":false},"featured_media":34832,"template":"","meta":{"_monsterinsights_skip_tracking":false,"_monsterinsights_sitenote_active":false,"_monsterinsights_sitenote_note":"","_monsterinsights_sitenote_category":0,"jetpack_post_was_ever_published":false,"jetpack_publicize_message":"","jetpack_publicize_feature_enabled":true,"jetpack_social_post_already_shared":false,"jetpack_social_options":{"image_generator_settings":{"template":"highway","default_image_id":0,"font":"","enabled":false},"version":2}},"product_brand":[],"product_cat":[46],"product_tag":[263,142,260,211,254,119,251,215,257,249,243,230,182,226,253,236,229,143,228,232,258,234,262,239,220,265,219,225,240,238,140,242,235,244,266,267,248,210,245,212,250,227,255,264,252,217,216,233,261,73,237,231,247,221,246,222,223,224,259,241,256,218,213,214,53],"class_list":{"0":"post-34831","1":"product","2":"type-product","3":"status-publish","4":"has-post-thumbnail","6":"product_cat-superacion","7":"product_tag-animales","8":"product_tag-avanzado","9":"product_tag-biden","10":"product_tag-billetes","11":"product_tag-bitcoin","12":"product_tag-carrera","13":"product_tag-china","14":"product_tag-christopher-olivarrieta","15":"product_tag-cine","16":"product_tag-coranavirus","17":"product_tag-cultura","18":"product_tag-cursos","19":"product_tag-dinero","20":"product_tag-dios","21":"product_tag-dolar","22":"product_tag-enric-corbera","23":"product_tag-ensenanza-en-casa","24":"product_tag-entidades","25":"product_tag-escuela","26":"product_tag-especialidad","27":"product_tag-estrenos","28":"product_tag-estudios","29":"product_tag-facebook","30":"product_tag-famosos","31":"product_tag-free","32":"product_tag-gatos","33":"product_tag-gratis","34":"product_tag-guerra","35":"product_tag-humor","36":"product_tag-internet","37":"product_tag-jose-palomo","38":"product_tag-juegos","39":"product_tag-lavin","40":"product_tag-manga","41":"product_tag-mercado-libre","42":"product_tag-mercado-pago","43":"product_tag-meteorologia","44":"product_tag-moneda","45":"product_tag-musica","46":"product_tag-nuevo","47":"product_tag-omnicron","48":"product_tag-oracion","49":"product_tag-peliculas","50":"product_tag-perros","51":"product_tag-peso","52":"product_tag-porn","53":"product_tag-porno","54":"product_tag-profesional","55":"product_tag-putin","56":"product_tag-salud","57":"product_tag-sexo","58":"product_tag-talleres","59":"product_tag-television","60":"product_tag-terapias","61":"product_tag-trabajo","62":"product_tag-ucrania","63":"product_tag-ukrania","64":"product_tag-usa","65":"product_tag-vacuna","66":"product_tag-viajes","67":"product_tag-videos","68":"product_tag-xxx","69":"product_tag-youtube","70":"product_tag-youtube-yuen-guadalajara","71":"product_tag-yuen","73":"first","74":"instock","75":"downloadable","76":"virtual","77":"purchasable","78":"product-type-simple"},"jetpack_publicize_connections":[],"jetpack-related-posts":[{"id":34835,"url":"https:\/\/multiofertasvip.com\/?product=5-dias-de-jales-de-energia-de-clientes-y-posibilidades-infinitas-alma-rendon","url_meta":{"origin":34831,"position":0},"title":"5 D\u00edas De Jales De Energ\u00eda De Clientes Y Posibilidades Infinitas \u2013 Alma Rendon","author":"multiofertasvip","date":"febrero 19, 2026","format":false,"excerpt":"El programa \u201c5 D\u00edas de Jales de Energ\u00eda de Clientes y Posibilidades Infinitas\u201d de Alma Rend\u00f3n es una experiencia transformadora dise\u00f1ada para ense\u00f1arte a utilizar tu propia energ\u00eda como una fuerza magn\u00e9tica para atraer ventas, dinero y nuevas oportunidades. A trav\u00e9s de pr\u00e1cticas energ\u00e9ticas, procesos verbales y ejercicios conscientes, descubrir\u00e1s\u2026","rel":"","context":"Entrada similar","block_context":{"text":"Entrada similar","link":""},"img":{"alt_text":"","src":"https:\/\/i0.wp.com\/multiofertasvip.com\/wp-content\/uploads\/2026\/02\/5-dias-de-jales-de-energia.png?fit=200%2C200&ssl=1&resize=350%2C200","width":350,"height":200},"classes":[]},{"id":34777,"url":"https:\/\/multiofertasvip.com\/?product=muestra-grupal-cirugias-cuanticas-relacion-con-tu-padre-paula-gil","url_meta":{"origin":34831,"position":1},"title":"Muestra Grupal Cirug\u00edas Cu\u00e1nticas Relaci\u00f3n con tu Padre -Paula Gil","author":"multiofertasvip","date":"febrero 10, 2026","format":false,"excerpt":"La energ\u00eda de tu padre\u00a0\u2014est\u00e9 presente, ausente, amoroso o distante\u2014 dej\u00f3 una huella en ti. Y muchas veces,\u00a0esa huella sigue impactando tus relaciones, tu dinero, tu cuerpo y tu forma de recibir del mundo. \u26a1En esta muestra vivencial haremos una\u00a0cirug\u00eda energ\u00e9tica para cambiar la informaci\u00f3n grabada en tu campo por\u2026","rel":"","context":"Entrada similar","block_context":{"text":"Entrada similar","link":""},"img":{"alt_text":"","src":"https:\/\/i0.wp.com\/multiofertasvip.com\/wp-content\/uploads\/2026\/02\/PADRE-CC.jpeg?fit=200%2C200&ssl=1&resize=350%2C200","width":350,"height":200},"classes":[]},{"id":33225,"url":"https:\/\/multiofertasvip.com\/?product=cirugias-cuanticas-nivel-1-paula-andrea-gil","url_meta":{"origin":34831,"position":2},"title":"Cirug\u00edas Cu\u00e1nticas Nivel 1-Paula Andrea Gil","author":"multiofertasvip","date":"octubre 4, 2024","format":false,"excerpt":"\u00bfTe gusta la energ\u00eda, tienes habilidades con la energ\u00eda o quieres aprenderlas para ti o para aplicarlas en alguien m\u00e1s? \u00a1Tenemos una posibilidad grandiosa con las cirug\u00edas cu\u00e1nticas! Las cirug\u00edas cu\u00e1nticas son una t\u00e9cnica de regeneraci\u00f3n a nivel cu\u00e1ntico que permite lograr much\u00edsimos beneficios en el cuerpo. Las part\u00edculas cu\u00e1nticas\u2026","rel":"","context":"Entrada similar","block_context":{"text":"Entrada similar","link":""},"img":{"alt_text":"","src":"https:\/\/i0.wp.com\/multiofertasvip.com\/wp-content\/uploads\/2024\/10\/Cirugias-Cuanticas.jpeg?fit=200%2C200&ssl=1&resize=350%2C200","width":350,"height":200},"classes":[]},{"id":30618,"url":"https:\/\/multiofertasvip.com\/?product=masterclass-la-energia-del-dinero-ing-mariana-frenesdo","url_meta":{"origin":34831,"position":3},"title":"Masterclass la energia del dinero-Ing Mariana Frenesdo","author":"multiofertasvip","date":"noviembre 10, 2022","format":false,"excerpt":"\u00a0 \u00a0 \u00a0 \u00a0","rel":"","context":"Entrada similar","block_context":{"text":"Entrada similar","link":""},"img":{"alt_text":"","src":"https:\/\/i0.wp.com\/multiofertasvip.com\/wp-content\/uploads\/2022\/11\/dinero.jpg?fit=200%2C200&ssl=1&resize=350%2C200","width":350,"height":200},"classes":[]},{"id":33017,"url":"https:\/\/multiofertasvip.com\/?product=divorcio-energetico-desfragmentacion-y-lazos-cuanticos-daniela-correa","url_meta":{"origin":34831,"position":4},"title":"Divorcio energ\u00e9tico, desfragmentaci\u00f3n y lazos cu\u00e1nticos-Daniela Correa","author":"multiofertasvip","date":"julio 29, 2024","format":false,"excerpt":"\u00a1\u00a1\u00a1Clase de s\u00e1bado por la tarde!!! \u00bfC\u00f3mo ser\u00eda tu vida si te liberas de las ataduras del pasado y haces espacio para una nueva energ\u00eda en tu vida? \u00bfQue tal si eligieras sanar relaciones pasadas, liberar bloqueos energ\u00e9ticos y conectar con tu verdadero potencial a trav\u00e9s de magia cu\u00e1ntica? \u00bfQui\u00e9n\u2026","rel":"","context":"Entrada similar","block_context":{"text":"Entrada similar","link":""},"img":{"alt_text":"","src":"https:\/\/i0.wp.com\/multiofertasvip.com\/wp-content\/uploads\/2024\/07\/divorcio-energetico.png?fit=200%2C200&ssl=1&resize=350%2C200","width":350,"height":200},"classes":[]},{"id":34787,"url":"https:\/\/multiofertasvip.com\/?product=cirugias-cuanticas-nivel-1-diciembre-2025-paula-gil-actualizacion","url_meta":{"origin":34831,"position":5},"title":"Cirug\u00edas Cu\u00e1nticas Nivel 1 Diciembre 2025-Paula Gil actualizacion","author":"multiofertasvip","date":"febrero 10, 2026","format":false,"excerpt":"\u00bfTe gusta la energ\u00eda? \u00bfTienes habilidades con la energ\u00eda? \u00bfQuisieras aprenderlas para ti, para tu vida o para aplicarlas en alguien m\u00e1s? \u00bfSiempre has pensado que todo se puede cambiar? \u00a0 Existe una posibilidad grandiosa con las Cirug\u00edas Cu\u00e1nticas Las Cirug\u00edas Cu\u00e1nticas\u00ae\u00a0son una t\u00e9cnica de regeneraci\u00f3n a nivel cu\u00e1ntico que\u2026","rel":"","context":"Entrada similar","block_context":{"text":"Entrada similar","link":""},"img":{"alt_text":"","src":"https:\/\/i0.wp.com\/multiofertasvip.com\/wp-content\/uploads\/2026\/02\/NIVEL-1-CC.jpg?fit=200%2C200&ssl=1&resize=350%2C200","width":350,"height":200},"classes":[]}],"jetpack_sharing_enabled":true,"jetpack_likes_enabled":true,"_links":{"self":[{"href":"https:\/\/multiofertasvip.com\/index.php?rest_route=\/wp\/v2\/product\/34831","targetHints":{"allow":["GET"]}}],"collection":[{"href":"https:\/\/multiofertasvip.com\/index.php?rest_route=\/wp\/v2\/product"}],"about":[{"href":"https:\/\/multiofertasvip.com\/index.php?rest_route=\/wp\/v2\/types\/product"}],"version-history":[{"count":1,"href":"https:\/\/multiofertasvip.com\/index.php?rest_route=\/wp\/v2\/product\/34831\/revisions"}],"predecessor-version":[{"id":34834,"href":"https:\/\/multiofertasvip.com\/index.php?rest_route=\/wp\/v2\/product\/34831\/revisions\/34834"}],"wp:featuredmedia":[{"embeddable":true,"href":"https:\/\/multiofertasvip.com\/index.php?rest_route=\/wp\/v2\/media\/34832"}],"wp:attachment":[{"href":"https:\/\/multiofertasvip.com\/index.php?rest_route=%2Fwp%2Fv2%2Fmedia&parent=34831"}],"wp:term":[{"taxonomy":"product_brand","embeddable":true,"href":"https:\/\/multiofertasvip.com\/index.php?rest_route=%2Fwp%2Fv2%2Fproduct_brand&post=34831"},{"taxonomy":"product_cat","embeddable":true,"href":"https:\/\/multiofertasvip.com\/index.php?rest_route=%2Fwp%2Fv2%2Fproduct_cat&post=34831"},{"taxonomy":"product_tag","embeddable":true,"href":"https:\/\/multiofertasvip.com\/index.php?rest_route=%2Fwp%2Fv2%2Fproduct_tag&post=34831"}],"curies":[{"name":"wp","href":"https:\/\/api.w.org\/{rel}","templated":true}]}}