{"id":34791,"date":"2026-02-10T13:28:09","date_gmt":"2026-02-10T18:58:09","guid":{"rendered":"https:\/\/multiofertasvip.com\/?post_type=product&#038;p=34791"},"modified":"2026-02-23T15:59:44","modified_gmt":"2026-02-23T21:29:44","slug":"cirugias-cuanticas-especialidad-espacios-paula-gil","status":"publish","type":"product","link":"https:\/\/multiofertasvip.com\/?product=cirugias-cuanticas-especialidad-espacios-paula-gil","title":{"rendered":"Limpieza de Espacios-Paula Gil"},"content":{"rendered":"<div class=\"xdj266r x14z9mp xat24cr x1lziwak x1vvkbs x126k92a\">\n<div dir=\"auto\">Sab\u00edas que la energ\u00eda de los espacios donde vives influye bastante en tu cuerpo, en tu bienestar e incluso en tu salud.<\/div>\n<\/div>\n<div class=\"x14z9mp xat24cr x1lziwak x1vvkbs xtlvy1s x126k92a\">\n<div dir=\"auto\">Esta clase te da las herramientas para armonizar, limpiar y transformar la energ\u00eda de cualquier espacio <span class=\"html-span xexx8yu xyri2b x18d9i69 x1c1uobl x1hl2dhg x16tdsg8 x1vvkbs x3nfvp2 x1j61x8r x1fcty0u xdj266r xat24cr xm2jcoa x1mpyi22 xxymvpz xlup9mm x1kky2od\"><img decoding=\"async\" class=\"xz74otr x15mokao x1ga7v0g x16uus16 xbiv7yw\" src=\"https:\/\/static.xx.fbcdn.net\/images\/emoji.php\/v9\/tf6\/1\/16\/1f3e0.png\" alt=\"\ud83c\udfe0\" width=\"16\" height=\"16\" \/><\/span><\/div>\n<\/div>\n","protected":false},"excerpt":{"rendered":"<p>Sab\u00edas que la energ\u00eda de los espacios donde vives influye bastante en tu cuerpo, en tu bienestar e incluso en tu salud. Esta clase te da las herramientas para armonizar, limpiar y transformar la energ\u00eda de cualquier espacio<\/p>\n","protected":false},"featured_media":34796,"template":"","meta":{"_monsterinsights_skip_tracking":false,"_monsterinsights_sitenote_active":false,"_monsterinsights_sitenote_note":"","_monsterinsights_sitenote_category":0,"jetpack_post_was_ever_published":false,"jetpack_publicize_message":"","jetpack_publicize_feature_enabled":true,"jetpack_social_post_already_shared":true,"jetpack_social_options":{"image_generator_settings":{"template":"highway","default_image_id":0,"font":"","enabled":false},"version":2}},"product_brand":[],"product_cat":[122],"product_tag":[263,142,260,211,254,119,251,215,257,249,243,230,182,226,253,236,229,143,228,232,258,234,262,239,220,265,219,225,240,238,140,242,235,244,266,267,248,210,245,212,250,227,255,264,252,217,216,233,261,73,237,231,247,221,246,222,223,224,259,241,256,218,213,214,53],"class_list":{"0":"post-34791","1":"product","2":"type-product","3":"status-publish","4":"has-post-thumbnail","6":"product_cat-access-consciousness","7":"product_tag-animales","8":"product_tag-avanzado","9":"product_tag-biden","10":"product_tag-billetes","11":"product_tag-bitcoin","12":"product_tag-carrera","13":"product_tag-china","14":"product_tag-christopher-olivarrieta","15":"product_tag-cine","16":"product_tag-coranavirus","17":"product_tag-cultura","18":"product_tag-cursos","19":"product_tag-dinero","20":"product_tag-dios","21":"product_tag-dolar","22":"product_tag-enric-corbera","23":"product_tag-ensenanza-en-casa","24":"product_tag-entidades","25":"product_tag-escuela","26":"product_tag-especialidad","27":"product_tag-estrenos","28":"product_tag-estudios","29":"product_tag-facebook","30":"product_tag-famosos","31":"product_tag-free","32":"product_tag-gatos","33":"product_tag-gratis","34":"product_tag-guerra","35":"product_tag-humor","36":"product_tag-internet","37":"product_tag-jose-palomo","38":"product_tag-juegos","39":"product_tag-lavin","40":"product_tag-manga","41":"product_tag-mercado-libre","42":"product_tag-mercado-pago","43":"product_tag-meteorologia","44":"product_tag-moneda","45":"product_tag-musica","46":"product_tag-nuevo","47":"product_tag-omnicron","48":"product_tag-oracion","49":"product_tag-peliculas","50":"product_tag-perros","51":"product_tag-peso","52":"product_tag-porn","53":"product_tag-porno","54":"product_tag-profesional","55":"product_tag-putin","56":"product_tag-salud","57":"product_tag-sexo","58":"product_tag-talleres","59":"product_tag-television","60":"product_tag-terapias","61":"product_tag-trabajo","62":"product_tag-ucrania","63":"product_tag-ukrania","64":"product_tag-usa","65":"product_tag-vacuna","66":"product_tag-viajes","67":"product_tag-videos","68":"product_tag-xxx","69":"product_tag-youtube","70":"product_tag-youtube-yuen-guadalajara","71":"product_tag-yuen","73":"first","74":"instock","75":"downloadable","76":"virtual","77":"purchasable","78":"product-type-simple"},"jetpack_publicize_connections":[],"jetpack-related-posts":[{"id":34813,"url":"https:\/\/multiofertasvip.com\/?product=limpieza-energetica-de-espacios-y-viviendas-integrativo","url_meta":{"origin":34791,"position":0},"title":"Limpieza Energ\u00e9tica de Espacios y Viviendas -Integrativo","author":"multiofertasvip","date":"febrero 18, 2026","format":false,"excerpt":"\ud83c\udf1f\u00a0Transforma Tu Hogar: Curso de Limpieza Energ\u00e9tica de Espacios y Viviendas\u00a0\ud83c\udf1f \u00bfSientes que tu casa carga con energ\u00edas pesadas? \u00bfTe gustar\u00eda crear un ambiente m\u00e1s armonioso y saludable en tu hogar? \u00a1Este curso es exactamente lo que necesitas! \u00bfQu\u00e9 es la Limpieza Energ\u00e9tica? La limpieza energ\u00e9tica es una pr\u00e1ctica ancestral\u2026","rel":"","context":"Entrada similar","block_context":{"text":"Entrada similar","link":""},"img":{"alt_text":"","src":"https:\/\/i0.wp.com\/multiofertasvip.com\/wp-content\/uploads\/2026\/02\/limpieza.png?fit=200%2C200&ssl=1&resize=350%2C200","width":350,"height":200},"classes":[]},{"id":34439,"url":"https:\/\/multiofertasvip.com\/?product=muestra-grupal-limpieza-multidimensional-espacios-paula-gil","url_meta":{"origin":34791,"position":1},"title":"Muestra Grupal Limpieza Multidimensional Espacios-Paula Gil","author":"multiofertasvip","date":"octubre 13, 2025","format":false,"excerpt":"Hay muchas energ\u00edas que pueden estar incidiendo en los espacios y que afectan el c\u00f3mo se siente, el si se vende o se renta o no, o lo que se crea en determinado lugar. Te invito a una muestra grupal de limpieza multidimensional de espacios donde puede ser posible transformar\u2026","rel":"","context":"Entrada similar","block_context":{"text":"Entrada similar","link":""},"img":{"alt_text":"","src":"https:\/\/i0.wp.com\/multiofertasvip.com\/wp-content\/uploads\/2025\/10\/ESPACIOS.jpg?fit=200%2C200&ssl=1&resize=350%2C200","width":350,"height":200},"classes":[]},{"id":33197,"url":"https:\/\/multiofertasvip.com\/?product=the-communion-package-dr-dain-heerespanol","url_meta":{"origin":34791,"position":2},"title":"The Communion Package-Dr. Dain Heer(Espa\u00f1ol)","author":"multiofertasvip","date":"septiembre 10, 2024","format":false,"excerpt":"Una selecci\u00f3n especial de 4 sesiones con el Dr. Dain Heer de la tercera ronda de 30 d\u00edas ESB donde la energ\u00eda condujo a la belleza y al espacio de comuni\u00f3n.\u00a0 Si ya no funcion\u00e1ramos desde la conexi\u00f3n y en cambio permiti\u00e9ramos\u00a0el espacio desconocido llamado comuni\u00f3n, no habr\u00eda NO ni\u2026","rel":"","context":"Entrada similar","block_context":{"text":"Entrada similar","link":""},"img":{"alt_text":"","src":"https:\/\/i0.wp.com\/multiofertasvip.com\/wp-content\/uploads\/2024\/09\/pack-comunnion.jpg?fit=200%2C200&ssl=1&resize=350%2C200","width":350,"height":200},"classes":[]},{"id":33173,"url":"https:\/\/multiofertasvip.com\/?product=limpieza-de-espacios-elma-galvan","url_meta":{"origin":34791,"position":3},"title":"Limpieza de Espacios-Elma Galvan","author":"multiofertasvip","date":"agosto 30, 2024","format":false,"excerpt":"\u00bfC\u00f3mo ser\u00eda armonizar tus espacios y cambiar las mol\u00e9culas para crear una vida mas\u00a0nutritiva y con mayores posibilidades? \u00bfTe ha pasado que est\u00e1s en alg\u00fan lugar y sientes la vibra pesada?\u00a0 \u00bfC\u00f3mo seria limpiar energ\u00e9ticamente esas \u00e1reas que te est\u00e1n causando limitaci\u00f3n y frustraci\u00f3n en tu vida? \u00bfCu\u00e1ndo llegas a\u2026","rel":"","context":"Entrada similar","block_context":{"text":"Entrada similar","link":""},"img":{"alt_text":"Video Thumbnail","src":"https:\/\/i0.wp.com\/kajabi-storefronts-production.kajabi-cdn.com\/kajabi-storefronts-production\/themes\/2019030\/settings_images\/9RBVSY9Rl2FcqxB01wPF_file.jpg?resize=350%2C200&ssl=1","width":350,"height":200,"srcset":"https:\/\/i0.wp.com\/kajabi-storefronts-production.kajabi-cdn.com\/kajabi-storefronts-production\/themes\/2019030\/settings_images\/9RBVSY9Rl2FcqxB01wPF_file.jpg?resize=350%2C200&ssl=1 1x, https:\/\/i0.wp.com\/kajabi-storefronts-production.kajabi-cdn.com\/kajabi-storefronts-production\/themes\/2019030\/settings_images\/9RBVSY9Rl2FcqxB01wPF_file.jpg?resize=525%2C300&ssl=1 1.5x"},"classes":[]},{"id":32855,"url":"https:\/\/multiofertasvip.com\/?product=limpieza-de-casas-y-espacios-de-la-a-la-z-vanesa-litvac","url_meta":{"origin":34791,"position":4},"title":"Limpieza de Casas y Espacios de la A la Z-Vanesa-Litvac","author":"multiofertasvip","date":"mayo 29, 2024","format":false,"excerpt":"Esta Clase esta dise\u00f1ada con herramientas de la clase de especialidad de Hablando con las Entidades de Access Consiousness! \u2728 Aprende a reconocer y limpiar diversas energ\u00edas en tu espacio. Abre tu percepci\u00f3n, comun\u00edcate con las energ\u00edas presentes y descubre herramientas f\u00e1ciles para \"desembrujar\" cualquier lugar. \ud83d\ude4c \u00a1Sorpr\u00e9ndete con el\u2026","rel":"","context":"Entrada similar","block_context":{"text":"Entrada similar","link":""},"img":{"alt_text":"","src":"https:\/\/i0.wp.com\/multiofertasvip.com\/wp-content\/uploads\/2024\/05\/limpieza-de-espacios-vanesa-litvac.png?fit=200%2C200&ssl=1&resize=350%2C200","width":350,"height":200},"classes":[]},{"id":34707,"url":"https:\/\/multiofertasvip.com\/?product=si-el-sexo-vende-porque-tu-no-daniela-correa","url_meta":{"origin":34791,"position":5},"title":"Si el Sexo Vende, porque Tu, no?-Daniela Correa","author":"multiofertasvip","date":"enero 9, 2026","format":false,"excerpt":"Tres d\u00edas para explorar la fuerza creativa que vive en ti, abrir tu magnetismo y permitir que tu negocio te responda de formas que quiz\u00e1 nunca has experimentado. No se trata de t\u00e9cnicas.Es energ\u00eda.Y la tuya est\u00e1 lista. \u00a0\u00bfPara qui\u00e9n es? Esta experiencia es para mujeres que sienten que hay\u2026","rel":"","context":"Entrada similar","block_context":{"text":"Entrada similar","link":""},"img":{"alt_text":"","src":"https:\/\/i0.wp.com\/multiofertasvip.com\/wp-content\/uploads\/2026\/01\/si-el-sexo-vende.png?fit=200%2C200&ssl=1&resize=350%2C200","width":350,"height":200},"classes":[]}],"jetpack_sharing_enabled":false,"jetpack_likes_enabled":false,"_links":{"self":[{"href":"https:\/\/multiofertasvip.com\/index.php?rest_route=\/wp\/v2\/product\/34791","targetHints":{"allow":["GET"]}}],"collection":[{"href":"https:\/\/multiofertasvip.com\/index.php?rest_route=\/wp\/v2\/product"}],"about":[{"href":"https:\/\/multiofertasvip.com\/index.php?rest_route=\/wp\/v2\/types\/product"}],"version-history":[{"count":3,"href":"https:\/\/multiofertasvip.com\/index.php?rest_route=\/wp\/v2\/product\/34791\/revisions"}],"predecessor-version":[{"id":34798,"href":"https:\/\/multiofertasvip.com\/index.php?rest_route=\/wp\/v2\/product\/34791\/revisions\/34798"}],"wp:featuredmedia":[{"embeddable":true,"href":"https:\/\/multiofertasvip.com\/index.php?rest_route=\/wp\/v2\/media\/34796"}],"wp:attachment":[{"href":"https:\/\/multiofertasvip.com\/index.php?rest_route=%2Fwp%2Fv2%2Fmedia&parent=34791"}],"wp:term":[{"taxonomy":"product_brand","embeddable":true,"href":"https:\/\/multiofertasvip.com\/index.php?rest_route=%2Fwp%2Fv2%2Fproduct_brand&post=34791"},{"taxonomy":"product_cat","embeddable":true,"href":"https:\/\/multiofertasvip.com\/index.php?rest_route=%2Fwp%2Fv2%2Fproduct_cat&post=34791"},{"taxonomy":"product_tag","embeddable":true,"href":"https:\/\/multiofertasvip.com\/index.php?rest_route=%2Fwp%2Fv2%2Fproduct_tag&post=34791"}],"curies":[{"name":"wp","href":"https:\/\/api.w.org\/{rel}","templated":true}]}}