{"id":34787,"date":"2026-02-10T13:23:09","date_gmt":"2026-02-10T18:53:09","guid":{"rendered":"https:\/\/multiofertasvip.com\/?post_type=product&#038;p=34787"},"modified":"2026-02-23T15:32:47","modified_gmt":"2026-02-23T21:02:47","slug":"cirugias-cuanticas-nivel-1-diciembre-2025-paula-gil-actualizacion","status":"publish","type":"product","link":"https:\/\/multiofertasvip.com\/?product=cirugias-cuanticas-nivel-1-diciembre-2025-paula-gil-actualizacion","title":{"rendered":"Cirug\u00edas Cu\u00e1nticas Nivel 1 Diciembre 2025-Paula Gil actualizacion"},"content":{"rendered":"<p>\u00bfTe gusta la energ\u00eda?<\/p>\n<p>\u00bfTienes habilidades con la energ\u00eda?<\/p>\n<p>\u00bfQuisieras aprenderlas para ti, para tu vida o para aplicarlas en alguien m\u00e1s?<\/p>\n<p>\u00bfSiempre has pensado que todo se puede cambiar?<\/p>\n<p>&nbsp;<\/p>\n<div id=\"section-1728643497854\" data-section-id=\"1728643497854\">\n<section class=\"section background-light\" data-reveal-event=\"\" data-reveal-offset=\"\" data-reveal-units=\"seconds\">\n<div class=\"sizer\">\n<div class=\"container\">\n<div class=\"row align-items-center justify-content-center\">\n<div id=\"block-1728643497854_0\" class=\"block-type--text text-left col-10\" data-reveal-event=\"\" data-reveal-offset=\"\" data-reveal-units=\"seconds\">\n<div class=\"block box-shadow- aos-init aos-animate\" data-aos=\"none\" data-aos-delay=\"0\" data-aos-duration=\"0\">\n<h3>Existe una posibilidad grandiosa con las Cirug\u00edas Cu\u00e1nticas<\/h3>\n<\/div>\n<\/div>\n<\/div>\n<\/div>\n<\/div>\n<\/section>\n<\/div>\n<div id=\"section-1728643497855\" data-section-id=\"1728643497855\">\n<section class=\"section background-light\" data-reveal-event=\"\" data-reveal-offset=\"\" data-reveal-units=\"seconds\">\n<div class=\"sizer\">\n<div class=\"section__overlay\"><\/div>\n<div class=\"container\">\n<div class=\"row align-items-start justify-content-around\">\n<div id=\"block-1604537274549_2\" class=\"block-type--video text- col-6\" data-reveal-event=\"\" data-reveal-offset=\"\" data-reveal-units=\"seconds\">\n<div class=\"block box-shadow- aos-init aos-animate\" data-aos=\"none\" data-aos-delay=\"0\" data-aos-duration=\"0\">\n<div class=\"video\">\n<div class=\"kjb-video-responsive\">\n<div id=\"wistia_6flf1ii63e\" class=\"wistia_embed wistia_async_6flf1ii63e wistia_embed_initialized\" data-track-progress=\"\" data-tracked-percent=\"\">\n<div id=\"wistia_chrome_23\" class=\"w-chrome notranslate\" tabindex=\"-1\">\n<div id=\"wistia_grid_29_wrapper\">\n<div id=\"wistia_grid_29_above\"><\/div>\n<div id=\"wistia_grid_29_main\">\n<div id=\"wistia_grid_29_behind\"><\/div>\n<div id=\"wistia_grid_29_center\">\n<div class=\"w-video-wrapper w-css-reset\"><\/div>\n<\/div>\n<\/div>\n<\/div>\n<\/div>\n<\/div>\n<\/div>\n<\/div>\n<\/div>\n<\/div>\n<div id=\"block-1604537274549_0\" class=\"block-type--text text-left col-5 animated\" data-reveal-event=\"\" data-reveal-offset=\"\" data-reveal-units=\"seconds\">\n<div class=\"block box-shadow-none aos-init aos-animate\" data-aos=\"fade-up\" data-aos-delay=\"0\" data-aos-duration=\"1000\">\n<p><em><strong>Las Cirug\u00edas Cu\u00e1nticas\u00ae<\/strong>\u00a0<\/em>son una t\u00e9cnica de regeneraci\u00f3n a nivel cu\u00e1ntico que permite lograr much\u00edsimos beneficios no solo en tu cuerpo sino en todas las \u00e1reas de tu vida.<\/p>\n<p>Las part\u00edculas cu\u00e1nticas son energ\u00eda y contienen informaci\u00f3n que puede ser modificada para crear cambios m\u00e1s all\u00e1 de lo que alguna vez cre\u00edste posible.<\/p>\n<\/div>\n<\/div>\n<\/div>\n<\/div>\n<\/div>\n<\/section>\n<\/div>\n<div id=\"section-1728648117449\" data-section-id=\"1728648117449\">\n<section class=\"section background-light\" data-reveal-event=\"\" data-reveal-offset=\"\" data-reveal-units=\"seconds\">\n<div class=\"sizer\">\n<div class=\"section__overlay\"><\/div>\n<div class=\"container\">\n<div class=\"row align-items-center justify-content-center\"><span style=\"font-size: 14.4px;\">En esta clase, obtendr\u00e1s las herramientas principales para convertirte en un cirujano cu\u00e1ntico.<\/span><\/div>\n<\/div>\n<\/div>\n<\/section>\n<\/div>\n<div id=\"section-1728643497856\" data-section-id=\"1728643497856\">\n<section class=\"section background-light\" data-reveal-event=\"\" data-reveal-offset=\"\" data-reveal-units=\"seconds\">\n<div class=\"sizer\">\n<div class=\"container\">\n<div class=\"row align-items-center justify-content-center\">\n<div id=\"block-1728648982448\" class=\"block-type--pricing text-center col-9\" data-reveal-event=\"\" data-reveal-offset=\"\" data-reveal-units=\"seconds\">\n<div class=\"block box-shadow-medium background-light aos-init aos-animate\" data-aos=\"none\" data-aos-delay=\"0\" data-aos-duration=\"0\">\n<div class=\"pricing\">\n<div class=\"pricing__body\">\n<div class=\"pricing__content custom-icon\">\n<p>No solamente aprender\u00e1s a tener m\u00e1s facilidad con la lectura y la percepci\u00f3n de la informaci\u00f3n energ\u00e9tica, sino que, adem\u00e1s:<\/p>\n<ul>\n<li>Descubrir\u00e1s c\u00f3mo funciona el mundo cu\u00e1ntico y te dar\u00e1s cuenta de que puedes cambiar la informaci\u00f3n cu\u00e1ntica existente y, que ese cambio, puede transformar cualquier cosa en tu realidad.<\/li>\n<li>Comenzar\u00e1s a realizar escaneos energ\u00e9ticos de cuerpos, casas, negocios, animales, y todo lo que existe. \u00a1Es decir! podr\u00e1s \u201cleer la energ\u00eda\u201d para saber que se requiere cambiar en cada caso.<\/li>\n<li>Aprender\u00e1s a eliminar bloqueos, densidades, pegamentos energ\u00e9ticos y a transformar cualquier estructura energ\u00e9tica en la que est\u00e9s trabajando con una informaci\u00f3n diferente.<\/li>\n<li>Aprender\u00e1s a crear chakras, \u00f3rganos, sistemas y gl\u00e1ndulas a nivel cu\u00e1ntico.<\/li>\n<\/ul>\n<\/div>\n<\/div>\n<\/div>\n<\/div>\n<\/div>\n<\/div>\n<\/div>\n<\/div>\n<\/section>\n<\/div>\n<p>&nbsp;<\/p>\n","protected":false},"excerpt":{"rendered":"<p>\u00bfTe gusta la energ\u00eda? \u00bfTienes habilidades con la energ\u00eda? \u00bfQuisieras aprenderlas para ti, para tu vida o para aplicarlas en alguien m\u00e1s? \u00bfSiempre has pensado que todo se puede cambiar? &nbsp; Existe una posibilidad grandiosa con las Cirug\u00edas Cu\u00e1nticas Las Cirug\u00edas Cu\u00e1nticas\u00ae\u00a0son una t\u00e9cnica de regeneraci\u00f3n a nivel cu\u00e1ntico que permite lograr much\u00edsimos beneficios no [&#8230;]\n","protected":false},"featured_media":34789,"template":"","meta":{"_monsterinsights_skip_tracking":false,"_monsterinsights_sitenote_active":false,"_monsterinsights_sitenote_note":"","_monsterinsights_sitenote_category":0,"jetpack_post_was_ever_published":false,"jetpack_publicize_message":"","jetpack_publicize_feature_enabled":true,"jetpack_social_post_already_shared":true,"jetpack_social_options":{"image_generator_settings":{"template":"highway","default_image_id":0,"font":"","enabled":false},"version":2}},"product_brand":[],"product_cat":[122],"product_tag":[263,142,260,211,254,119,251,215,257,249,243,230,182,226,253,236,229,143,228,232,258,234,262,239,220,265,219,225,240,238,140,242,235,244,266,267,248,210,245,212,250,227,255,264,252,217,216,233,261,73,237,231,247,221,246,222,223,224,259,241,256,218,213,214,53],"class_list":{"0":"post-34787","1":"product","2":"type-product","3":"status-publish","4":"has-post-thumbnail","6":"product_cat-access-consciousness","7":"product_tag-animales","8":"product_tag-avanzado","9":"product_tag-biden","10":"product_tag-billetes","11":"product_tag-bitcoin","12":"product_tag-carrera","13":"product_tag-china","14":"product_tag-christopher-olivarrieta","15":"product_tag-cine","16":"product_tag-coranavirus","17":"product_tag-cultura","18":"product_tag-cursos","19":"product_tag-dinero","20":"product_tag-dios","21":"product_tag-dolar","22":"product_tag-enric-corbera","23":"product_tag-ensenanza-en-casa","24":"product_tag-entidades","25":"product_tag-escuela","26":"product_tag-especialidad","27":"product_tag-estrenos","28":"product_tag-estudios","29":"product_tag-facebook","30":"product_tag-famosos","31":"product_tag-free","32":"product_tag-gatos","33":"product_tag-gratis","34":"product_tag-guerra","35":"product_tag-humor","36":"product_tag-internet","37":"product_tag-jose-palomo","38":"product_tag-juegos","39":"product_tag-lavin","40":"product_tag-manga","41":"product_tag-mercado-libre","42":"product_tag-mercado-pago","43":"product_tag-meteorologia","44":"product_tag-moneda","45":"product_tag-musica","46":"product_tag-nuevo","47":"product_tag-omnicron","48":"product_tag-oracion","49":"product_tag-peliculas","50":"product_tag-perros","51":"product_tag-peso","52":"product_tag-porn","53":"product_tag-porno","54":"product_tag-profesional","55":"product_tag-putin","56":"product_tag-salud","57":"product_tag-sexo","58":"product_tag-talleres","59":"product_tag-television","60":"product_tag-terapias","61":"product_tag-trabajo","62":"product_tag-ucrania","63":"product_tag-ukrania","64":"product_tag-usa","65":"product_tag-vacuna","66":"product_tag-viajes","67":"product_tag-videos","68":"product_tag-xxx","69":"product_tag-youtube","70":"product_tag-youtube-yuen-guadalajara","71":"product_tag-yuen","73":"first","74":"instock","75":"downloadable","76":"virtual","77":"purchasable","78":"product-type-simple"},"jetpack_publicize_connections":[],"jetpack-related-posts":[{"id":33225,"url":"https:\/\/multiofertasvip.com\/?product=cirugias-cuanticas-nivel-1-paula-andrea-gil","url_meta":{"origin":34787,"position":0},"title":"Cirug\u00edas Cu\u00e1nticas Nivel 1-Paula Andrea Gil","author":"multiofertasvip","date":"octubre 4, 2024","format":false,"excerpt":"\u00bfTe gusta la energ\u00eda, tienes habilidades con la energ\u00eda o quieres aprenderlas para ti o para aplicarlas en alguien m\u00e1s? \u00a1Tenemos una posibilidad grandiosa con las cirug\u00edas cu\u00e1nticas! Las cirug\u00edas cu\u00e1nticas son una t\u00e9cnica de regeneraci\u00f3n a nivel cu\u00e1ntico que permite lograr much\u00edsimos beneficios en el cuerpo. Las part\u00edculas cu\u00e1nticas\u2026","rel":"","context":"Entrada similar","block_context":{"text":"Entrada similar","link":""},"img":{"alt_text":"","src":"https:\/\/i0.wp.com\/multiofertasvip.com\/wp-content\/uploads\/2024\/10\/Cirugias-Cuanticas.jpeg?fit=200%2C200&ssl=1&resize=350%2C200","width":350,"height":200},"classes":[]},{"id":34737,"url":"https:\/\/multiofertasvip.com\/?product=muestra-grupal-cirugias-cuanticas-crea-mucho-mas-dinero-paula-andrea-gil","url_meta":{"origin":34787,"position":1},"title":"Muestra Grupal Cirug\u00edas Cu\u00e1nticas  Crea Mucho m\u00e1s Dinero-Paula Andrea Gil","author":"multiofertasvip","date":"enero 9, 2026","format":false,"excerpt":"El dinero no es solo papel o n\u00fameros en una cuenta bancaria\u2026\u00a0Es energ\u00eda. Y como toda energ\u00eda,\u00a0responde a la informaci\u00f3n cu\u00e1ntica que hay en tu campo. Si en tu campo cu\u00e1ntico hay informaci\u00f3n de escasez, lucha o sacrificio\u2026 Eso es lo que seguir\u00e1s viviendo con el dinero. Pero, \u00bfqu\u00e9 pasar\u00eda\u2026","rel":"","context":"Entrada similar","block_context":{"text":"Entrada similar","link":""},"img":{"alt_text":"","src":"https:\/\/i0.wp.com\/multiofertasvip.com\/wp-content\/uploads\/2026\/01\/mas-dinero.jpg?fit=200%2C200&ssl=1&resize=350%2C200","width":350,"height":200},"classes":[]},{"id":34479,"url":"https:\/\/multiofertasvip.com\/?product=muestra-grupal-cirugias-cuanticas-potencia-tu-energia-femenina-paula-gil","url_meta":{"origin":34787,"position":2},"title":"Muestra Grupal Cirug\u00edas Cu\u00e1nticas Potencia tu Energ\u00eda Femenina-Paula Gil","author":"multiofertasvip","date":"octubre 23, 2025","format":false,"excerpt":"La energ\u00eda femenina es pura creaci\u00f3n, intuici\u00f3n y recepci\u00f3n. Te permite\u00a0manifestar con facilidad, conectar con tu esencia y recibir sin esfuerzo. Pero\u2026 \u00bfqu\u00e9 pasa cuando tu energ\u00eda femenina est\u00e1 bloqueada o limitada? \ud83d\udd38\u00a0Te cuesta recibir sin esfuerzo\u00a0y sientes que siempre debes \"hacer m\u00e1s\" para merecer. \ud83d\udd38 Aparece el\u00a0autosabotaje, la autoexigencia\u2026","rel":"","context":"Entrada similar","block_context":{"text":"Entrada similar","link":""},"img":{"alt_text":"","src":"https:\/\/i0.wp.com\/multiofertasvip.com\/wp-content\/uploads\/2025\/10\/potencia-tu-energia-femenina.jpg?fit=200%2C200&ssl=1&resize=350%2C200","width":350,"height":200},"classes":[]},{"id":34360,"url":"https:\/\/multiofertasvip.com\/?product=muestra-grupal-cirugias-cuanticas-creacion-de-dinero-paula-gil","url_meta":{"origin":34787,"position":3},"title":"Muestra Grupal Cirug\u00edas Cu\u00e1nticas Creacion de Dinero-Paula Gil","author":"multiofertasvip","date":"septiembre 9, 2025","format":false,"excerpt":"El dinero no es solo papel o n\u00fameros en una cuenta bancaria\u2026 es energ\u00eda. Y como toda energ\u00eda,\u00a0responde a la informaci\u00f3n cu\u00e1ntica que hay en tu campo. Si en tu campo cu\u00e1ntico hay informaci\u00f3n de escasez, lucha o sacrificio\u2026 Eso es lo que seguir\u00e1s viviendo con el dinero. Pero, \u00bfqu\u00e9\u2026","rel":"","context":"Entrada similar","block_context":{"text":"Entrada similar","link":""},"img":{"alt_text":"","src":"https:\/\/i0.wp.com\/multiofertasvip.com\/wp-content\/uploads\/2025\/09\/CCC-DINERO.png?fit=200%2C200&ssl=1&resize=350%2C200","width":350,"height":200},"classes":[]},{"id":34220,"url":"https:\/\/multiofertasvip.com\/?product=muestra-grupal-cirugias-cuanticas-potencializa-tus-ventas-paula-gil","url_meta":{"origin":34787,"position":4},"title":"Muestra Grupal Cirug\u00edas Cu\u00e1nticas Potencializa tus Ventas-Paula Gil","author":"multiofertasvip","date":"septiembre 11, 2025","format":false,"excerpt":"\u2728 Potencializa tus ventas desde el campo cu\u00e1ntico. \u00bfY si tus ventas no dependieran de estrategias ni f\u00f3rmulas externas, sino de la energ\u00eda y la informaci\u00f3n que puedes ser? \u00bfY si pudieras cambiar esa informaci\u00f3n y esa energ\u00eda para recibir m\u00e1s clientes, m\u00e1s dinero y m\u00e1s ventas? En esta muestra\u2026","rel":"","context":"Entrada similar","block_context":{"text":"Entrada similar","link":""},"img":{"alt_text":"","src":"https:\/\/i0.wp.com\/multiofertasvip.com\/wp-content\/uploads\/2025\/08\/potencializa-tus-ventas-1.png?fit=200%2C200&ssl=1&resize=350%2C200","width":350,"height":200},"classes":[]},{"id":34389,"url":"https:\/\/multiofertasvip.com\/?product=muestra-grupal-cirugias-cuanticas-negocios-paula-gil","url_meta":{"origin":34787,"position":5},"title":"Muestra Grupal Cirug\u00edas Cu\u00e1nticas Negocios -Paula Gil","author":"multiofertasvip","date":"septiembre 12, 2025","format":false,"excerpt":"\u00bfTienes un negocio y te gustar\u00eda cambiar su energ\u00eda? Esta es la posibilidad de hacerlo y no desde esta realidad sino desde el mundo cu\u00e1ntico. Te invito a una sesi\u00f3n cu\u00e1ntica para tu negocio que puede permitirte cambiar la energ\u00eda y potencializarlo en diferentes aspectos. Esta es una sesi\u00f3n eminentemente\u2026","rel":"","context":"Entrada similar","block_context":{"text":"Entrada similar","link":""},"img":{"alt_text":"","src":"https:\/\/i0.wp.com\/multiofertasvip.com\/wp-content\/uploads\/2025\/09\/muestra-grupal-negocios.png?fit=200%2C200&ssl=1&resize=350%2C200","width":350,"height":200},"classes":[]}],"jetpack_sharing_enabled":false,"jetpack_likes_enabled":false,"_links":{"self":[{"href":"https:\/\/multiofertasvip.com\/index.php?rest_route=\/wp\/v2\/product\/34787","targetHints":{"allow":["GET"]}}],"collection":[{"href":"https:\/\/multiofertasvip.com\/index.php?rest_route=\/wp\/v2\/product"}],"about":[{"href":"https:\/\/multiofertasvip.com\/index.php?rest_route=\/wp\/v2\/types\/product"}],"version-history":[{"count":1,"href":"https:\/\/multiofertasvip.com\/index.php?rest_route=\/wp\/v2\/product\/34787\/revisions"}],"predecessor-version":[{"id":34790,"href":"https:\/\/multiofertasvip.com\/index.php?rest_route=\/wp\/v2\/product\/34787\/revisions\/34790"}],"wp:featuredmedia":[{"embeddable":true,"href":"https:\/\/multiofertasvip.com\/index.php?rest_route=\/wp\/v2\/media\/34789"}],"wp:attachment":[{"href":"https:\/\/multiofertasvip.com\/index.php?rest_route=%2Fwp%2Fv2%2Fmedia&parent=34787"}],"wp:term":[{"taxonomy":"product_brand","embeddable":true,"href":"https:\/\/multiofertasvip.com\/index.php?rest_route=%2Fwp%2Fv2%2Fproduct_brand&post=34787"},{"taxonomy":"product_cat","embeddable":true,"href":"https:\/\/multiofertasvip.com\/index.php?rest_route=%2Fwp%2Fv2%2Fproduct_cat&post=34787"},{"taxonomy":"product_tag","embeddable":true,"href":"https:\/\/multiofertasvip.com\/index.php?rest_route=%2Fwp%2Fv2%2Fproduct_tag&post=34787"}],"curies":[{"name":"wp","href":"https:\/\/api.w.org\/{rel}","templated":true}]}}