{"id":34783,"date":"2026-02-10T13:17:13","date_gmt":"2026-02-10T18:47:13","guid":{"rendered":"https:\/\/multiofertasvip.com\/?post_type=product&#038;p=34783"},"modified":"2026-02-23T15:33:09","modified_gmt":"2026-02-23T21:03:09","slug":"escuela-de-mutantes-%c2%b7-habilidades-psiquicas-octubre-2021-paula-gil","status":"publish","type":"product","link":"https:\/\/multiofertasvip.com\/?product=escuela-de-mutantes-%c2%b7-habilidades-psiquicas-octubre-2021-paula-gil","title":{"rendered":"Escuela de Mutantes \u00b7 Habilidades Ps\u00edquicas Octubre 2021-Paula Gil"},"content":{"rendered":"<p>\u00bfTe gusta la f\u00edsica cu\u00e1ntica?<\/p>\n<p>\u00bfTe gusta la energ\u00eda?<\/p>\n<p>\u00bfTe gustan los super h\u00e9roes y sus super poderes?<\/p>\n<p>\u00bfTe gustar\u00eda desarrollar o potencializar tus habilidades ps\u00edquicas o tus habilidades con energ\u00eda?<\/p>\n<p>\u00bfTe gustar\u00eda trabajar con la energ\u00eda y con las part\u00edculas cu\u00e1nticas?<\/p>\n<p>\u00bfTe gustar\u00eda percibir informaci\u00f3n de la energ\u00eda de personas, lugares, objetos, espacios?<\/p>\n<p>\u00bfQu\u00e9 super poderes tienes con la energ\u00eda y las habilidades ps\u00edquicas de los que nunca hab\u00eda sido consciente?<\/p>\n<p>Todo en el universo es energ\u00eda y la energ\u00eda es informaci\u00f3n.<\/p>\n<p>En este programa, veremos, entre otros:<\/p>\n<ul>\n<li>Visi\u00f3n remota. Capacidad de recibir informaci\u00f3n de lugares, objetos o personas a distancia.<\/li>\n<li>Precognici\u00f3n. Capacidad de leer las l\u00edneas de tiempo.<\/li>\n<li>Psicometr\u00eda. Capacidad de leer la energ\u00eda de los objetos o las personas al tocarlas.<\/li>\n<li>Cronoquinesis. Capacidad de cambiar la percepci\u00f3n del tiempo.<\/li>\n<li>Habilidades psionicas. Habilidades con bolas o flujos de energ\u00eda.<\/li>\n<\/ul>\n<p>Percibe la energ\u00eda de esta escuela de mutantes (edici\u00f3n habilidades ps\u00edquicas) y lo que puede crear para ti.<\/p>\n<p>Percibe la energ\u00eda de tu ser encarnando las habilidades ps\u00edquicas que realmente eres<\/p>\n<p>7 s\u00faper potentes clases EN VIVO para ir m\u00e1s all\u00e1 de esta realidad<\/p>\n<p>&nbsp;<\/p>\n","protected":false},"excerpt":{"rendered":"<p>\u00bfTe gusta la f\u00edsica cu\u00e1ntica? \u00bfTe gusta la energ\u00eda? \u00bfTe gustan los super h\u00e9roes y sus super poderes? \u00bfTe gustar\u00eda desarrollar o potencializar tus habilidades ps\u00edquicas o tus habilidades con energ\u00eda? \u00bfTe gustar\u00eda trabajar con la energ\u00eda y con las part\u00edculas cu\u00e1nticas? \u00bfTe gustar\u00eda percibir informaci\u00f3n de la energ\u00eda de personas, lugares, objetos, espacios? \u00bfQu\u00e9 [&#8230;]\n","protected":false},"featured_media":34785,"template":"","meta":{"_monsterinsights_skip_tracking":false,"_monsterinsights_sitenote_active":false,"_monsterinsights_sitenote_note":"","_monsterinsights_sitenote_category":0,"jetpack_post_was_ever_published":false,"jetpack_publicize_message":"","jetpack_publicize_feature_enabled":true,"jetpack_social_post_already_shared":true,"jetpack_social_options":{"image_generator_settings":{"template":"highway","default_image_id":0,"font":"","enabled":false},"version":2}},"product_brand":[],"product_cat":[122],"product_tag":[263,142,260,211,254,119,251,215,257,249,243,230,182,226,253,236,229,143,228,232,258,234,262,239,220,265,219,225,240,238,140,242,235,244,266,267,248,210,245,212,250,227,255,264,252,217,216,233,261,73,237,231,247,221,246,222,223,224,259,241,256,218,213,214,53],"class_list":{"0":"post-34783","1":"product","2":"type-product","3":"status-publish","4":"has-post-thumbnail","6":"product_cat-access-consciousness","7":"product_tag-animales","8":"product_tag-avanzado","9":"product_tag-biden","10":"product_tag-billetes","11":"product_tag-bitcoin","12":"product_tag-carrera","13":"product_tag-china","14":"product_tag-christopher-olivarrieta","15":"product_tag-cine","16":"product_tag-coranavirus","17":"product_tag-cultura","18":"product_tag-cursos","19":"product_tag-dinero","20":"product_tag-dios","21":"product_tag-dolar","22":"product_tag-enric-corbera","23":"product_tag-ensenanza-en-casa","24":"product_tag-entidades","25":"product_tag-escuela","26":"product_tag-especialidad","27":"product_tag-estrenos","28":"product_tag-estudios","29":"product_tag-facebook","30":"product_tag-famosos","31":"product_tag-free","32":"product_tag-gatos","33":"product_tag-gratis","34":"product_tag-guerra","35":"product_tag-humor","36":"product_tag-internet","37":"product_tag-jose-palomo","38":"product_tag-juegos","39":"product_tag-lavin","40":"product_tag-manga","41":"product_tag-mercado-libre","42":"product_tag-mercado-pago","43":"product_tag-meteorologia","44":"product_tag-moneda","45":"product_tag-musica","46":"product_tag-nuevo","47":"product_tag-omnicron","48":"product_tag-oracion","49":"product_tag-peliculas","50":"product_tag-perros","51":"product_tag-peso","52":"product_tag-porn","53":"product_tag-porno","54":"product_tag-profesional","55":"product_tag-putin","56":"product_tag-salud","57":"product_tag-sexo","58":"product_tag-talleres","59":"product_tag-television","60":"product_tag-terapias","61":"product_tag-trabajo","62":"product_tag-ucrania","63":"product_tag-ukrania","64":"product_tag-usa","65":"product_tag-vacuna","66":"product_tag-viajes","67":"product_tag-videos","68":"product_tag-xxx","69":"product_tag-youtube","70":"product_tag-youtube-yuen-guadalajara","71":"product_tag-yuen","73":"first","74":"instock","75":"downloadable","76":"virtual","77":"purchasable","78":"product-type-simple"},"jetpack_publicize_connections":[],"jetpack-related-posts":[{"id":33323,"url":"https:\/\/multiofertasvip.com\/?product=escuela-de-mutantes-%c2%b7-habilidades-psiquicas-paula-andrea-gil","url_meta":{"origin":34783,"position":0},"title":"Escuela de Mutantes \u00b7 Habilidades Ps\u00edquicas-Paula Andrea Gil","author":"multiofertasvip","date":"noviembre 24, 2024","format":false,"excerpt":"\u00bfTe gusta la f\u00edsica cuantica? \u00bfTe gusta la energ\u00eda? \u00bfTe gustan los super h\u00e9roes y sus super poderes? \u00bfTe gustar\u00eda desarrollar o potencializar tus habilidades psiquicas o tus habilidades con energia ? \u00bfTe gustar\u00eda trabajar con la energ\u00eda y con las part\u00edculas cu\u00e1nticas? \u00bfTe gustar\u00eda percibir informaci\u00f3n de la energ\u00eda\u2026","rel":"","context":"Entrada similar","block_context":{"text":"Entrada similar","link":""},"img":{"alt_text":"","src":"https:\/\/i0.wp.com\/multiofertasvip.com\/wp-content\/uploads\/2024\/11\/mutantes-1.png?fit=200%2C200&ssl=1&resize=350%2C200","width":350,"height":200},"classes":[]},{"id":33451,"url":"https:\/\/multiofertasvip.com\/?product=escuela-de-mutantes-%c2%b7-reload-paula-andrea-gil","url_meta":{"origin":34783,"position":1},"title":"Escuela de Mutantes \u00b7 Reload-Paula Andrea Gil","author":"multiofertasvip","date":"diciembre 1, 2024","format":false,"excerpt":"\u00bfTe gusta la f\u00edsica cu\u00e1ntica?\u00bfTe gustan los superh\u00e9roes y sus super poderes?.\u00bfTe gustar\u00eda descubrir las habilidades m\u00e1s all\u00e1 de esta realidad que tiene tu cuerpo y tu cerebro?\u00bfTe gustar\u00eda crear en otras dimensiones y realidades?\u00bfTe gustar\u00eda tener herramientas para crear m\u00e1s all\u00e1 de esta realidad?\u00bfCu\u00e1ntas habilidades con el tiempo puedes\u2026","rel":"","context":"Entrada similar","block_context":{"text":"Entrada similar","link":""},"img":{"alt_text":"","src":"https:\/\/i0.wp.com\/multiofertasvip.com\/wp-content\/uploads\/2024\/11\/reload.jpg?fit=200%2C200&ssl=1&resize=350%2C200","width":350,"height":200},"classes":[]},{"id":30812,"url":"https:\/\/multiofertasvip.com\/?product=access-bar-hablando-con-las-entidades-manfred-zepeda","url_meta":{"origin":34783,"position":2},"title":"Access Bar Hablando con las Entidades-Manfred Zepeda","author":"multiofertasvip","date":"agosto 27, 2023","format":false,"excerpt":"\u00bfTe gustar\u00eda ser m\u00e1s consciente y presente con las energ\u00edas y tener comunicaci\u00f3n con seres del m\u00e1s all\u00e1? \u00danete a la clase de Hablando con Entidades donde aprender\u00e1s a desarrollar tus habilidades ps\u00edquicas y a cambiar tu forma de ver el mundo de los esp\u00edritus. Esta clase es altamente energ\u00e9tica\u2026","rel":"","context":"Entrada similar","block_context":{"text":"Entrada similar","link":""},"img":{"alt_text":"","src":"https:\/\/i0.wp.com\/multiofertasvip.com\/wp-content\/uploads\/2023\/04\/talk.jpg?fit=200%2C200&ssl=1&resize=350%2C200","width":350,"height":200},"classes":[]},{"id":33225,"url":"https:\/\/multiofertasvip.com\/?product=cirugias-cuanticas-nivel-1-paula-andrea-gil","url_meta":{"origin":34783,"position":3},"title":"Cirug\u00edas Cu\u00e1nticas Nivel 1-Paula Andrea Gil","author":"multiofertasvip","date":"octubre 4, 2024","format":false,"excerpt":"\u00bfTe gusta la energ\u00eda, tienes habilidades con la energ\u00eda o quieres aprenderlas para ti o para aplicarlas en alguien m\u00e1s? \u00a1Tenemos una posibilidad grandiosa con las cirug\u00edas cu\u00e1nticas! Las cirug\u00edas cu\u00e1nticas son una t\u00e9cnica de regeneraci\u00f3n a nivel cu\u00e1ntico que permite lograr much\u00edsimos beneficios en el cuerpo. Las part\u00edculas cu\u00e1nticas\u2026","rel":"","context":"Entrada similar","block_context":{"text":"Entrada similar","link":""},"img":{"alt_text":"","src":"https:\/\/i0.wp.com\/multiofertasvip.com\/wp-content\/uploads\/2024\/10\/Cirugias-Cuanticas.jpeg?fit=200%2C200&ssl=1&resize=350%2C200","width":350,"height":200},"classes":[]},{"id":34787,"url":"https:\/\/multiofertasvip.com\/?product=cirugias-cuanticas-nivel-1-diciembre-2025-paula-gil-actualizacion","url_meta":{"origin":34783,"position":4},"title":"Cirug\u00edas Cu\u00e1nticas Nivel 1 Diciembre 2025-Paula Gil actualizacion","author":"multiofertasvip","date":"febrero 10, 2026","format":false,"excerpt":"\u00bfTe gusta la energ\u00eda? \u00bfTienes habilidades con la energ\u00eda? \u00bfQuisieras aprenderlas para ti, para tu vida o para aplicarlas en alguien m\u00e1s? \u00bfSiempre has pensado que todo se puede cambiar? \u00a0 Existe una posibilidad grandiosa con las Cirug\u00edas Cu\u00e1nticas Las Cirug\u00edas Cu\u00e1nticas\u00ae\u00a0son una t\u00e9cnica de regeneraci\u00f3n a nivel cu\u00e1ntico que\u2026","rel":"","context":"Entrada similar","block_context":{"text":"Entrada similar","link":""},"img":{"alt_text":"","src":"https:\/\/i0.wp.com\/multiofertasvip.com\/wp-content\/uploads\/2026\/02\/NIVEL-1-CC.jpg?fit=200%2C200&ssl=1&resize=350%2C200","width":350,"height":200},"classes":[]},{"id":32308,"url":"https:\/\/multiofertasvip.com\/?product=taller-de-defensa-bioenergetica-antologia-cuantica","url_meta":{"origin":34783,"position":5},"title":"Taller de Defensa Bioenergetica-Antologia Cuantica","author":"multiofertasvip","date":"febrero 20, 2024","format":false,"excerpt":"\ud83d\udd25 Incluye Manual Digital\u00a0 \u00bfQu\u00e9 es la Defensa Bioenerg\u00e9tica? Es la ciencia y el arte de protegerse tanto de los ataques ps\u00edquicos que se hacen con intenci\u00f3n o sin ella. As\u00ed como tambi\u00e9n de los fen\u00f3menos naturales y no naturales que afectan a las c\u00e9lulas del cuerpo, como son las\u2026","rel":"","context":"Entrada similar","block_context":{"text":"Entrada similar","link":""},"img":{"alt_text":"","src":"https:\/\/i0.wp.com\/multiofertasvip.com\/wp-content\/uploads\/2024\/02\/defensa-energetica.jpg?fit=200%2C200&ssl=1&resize=350%2C200","width":350,"height":200},"classes":[]}],"jetpack_sharing_enabled":false,"jetpack_likes_enabled":false,"_links":{"self":[{"href":"https:\/\/multiofertasvip.com\/index.php?rest_route=\/wp\/v2\/product\/34783","targetHints":{"allow":["GET"]}}],"collection":[{"href":"https:\/\/multiofertasvip.com\/index.php?rest_route=\/wp\/v2\/product"}],"about":[{"href":"https:\/\/multiofertasvip.com\/index.php?rest_route=\/wp\/v2\/types\/product"}],"version-history":[{"count":1,"href":"https:\/\/multiofertasvip.com\/index.php?rest_route=\/wp\/v2\/product\/34783\/revisions"}],"predecessor-version":[{"id":34786,"href":"https:\/\/multiofertasvip.com\/index.php?rest_route=\/wp\/v2\/product\/34783\/revisions\/34786"}],"wp:featuredmedia":[{"embeddable":true,"href":"https:\/\/multiofertasvip.com\/index.php?rest_route=\/wp\/v2\/media\/34785"}],"wp:attachment":[{"href":"https:\/\/multiofertasvip.com\/index.php?rest_route=%2Fwp%2Fv2%2Fmedia&parent=34783"}],"wp:term":[{"taxonomy":"product_brand","embeddable":true,"href":"https:\/\/multiofertasvip.com\/index.php?rest_route=%2Fwp%2Fv2%2Fproduct_brand&post=34783"},{"taxonomy":"product_cat","embeddable":true,"href":"https:\/\/multiofertasvip.com\/index.php?rest_route=%2Fwp%2Fv2%2Fproduct_cat&post=34783"},{"taxonomy":"product_tag","embeddable":true,"href":"https:\/\/multiofertasvip.com\/index.php?rest_route=%2Fwp%2Fv2%2Fproduct_tag&post=34783"}],"curies":[{"name":"wp","href":"https:\/\/api.w.org\/{rel}","templated":true}]}}