{"id":34622,"date":"2025-12-15T15:09:55","date_gmt":"2025-12-15T20:39:55","guid":{"rendered":"https:\/\/multiofertasvip.com\/?post_type=product&#038;p=34622"},"modified":"2026-02-23T15:45:53","modified_gmt":"2026-02-23T21:15:53","slug":"vision-aural-dr-cristian-salado","status":"publish","type":"product","link":"https:\/\/multiofertasvip.com\/?product=vision-aural-dr-cristian-salado","title":{"rendered":"Visi\u00f3n Aural \u2013 Dr. Cristian Salado"},"content":{"rendered":"<p>El Curso de Visi\u00f3n Aural, T\u00e9cnicas y Fundamentos, impartido por el Dr. Cristian Salado, es una formaci\u00f3n integral dise\u00f1ada para quienes desean desarrollar y profundizar en la percepci\u00f3n del aura y sus aplicaciones pr\u00e1cticas. A lo largo de m\u00e1s de 100 horas de material original, dividido en m\u00f3dulos de 10 semanas, el curso explora los componentes del aura y su relaci\u00f3n con aspectos de la salud, el bienestar y la personalidad.<\/p>\n<p>Los participantes aprender\u00e1n diversas t\u00e9cnicas para potenciar la visi\u00f3n aural tanto en s\u00ed mismos como en otras personas, incluyendo m\u00e9todos sensoriales, uso del p\u00e9ndulo para el an\u00e1lisis energ\u00e9tico, trabajo con las manos y ejercicios de percepci\u00f3n a trav\u00e9s de la mirada. Adem\u00e1s, se ense\u00f1an herramientas para aplicar estos conocimientos en contextos de acompa\u00f1amiento emocional o pr\u00e1cticas de crecimiento personal.<\/p>\n<p>La base del entrenamiento es el desarrollo de la consciencia mediante la auto-observaci\u00f3n, la atenci\u00f3n plena, la concentraci\u00f3n y la relajaci\u00f3n. Este enfoque permite que cada estudiante fortalezca su percepci\u00f3n interna y su capacidad para interpretar la informaci\u00f3n energ\u00e9tica, integrando estos recursos en su pr\u00e1ctica cl\u00ednica, terap\u00e9utica o personal.<\/p>\n","protected":false},"excerpt":{"rendered":"<p>El Curso de Visi\u00f3n Aural, T\u00e9cnicas y Fundamentos, impartido por el Dr. Cristian Salado, es una formaci\u00f3n integral dise\u00f1ada para quienes desean desarrollar y profundizar en la percepci\u00f3n del aura y sus aplicaciones pr\u00e1cticas. A lo largo de m\u00e1s de 100 horas de material original, dividido en m\u00f3dulos de 10 semanas, el curso explora los [&#8230;]\n","protected":false},"featured_media":34629,"template":"","meta":{"_monsterinsights_skip_tracking":false,"_monsterinsights_sitenote_active":false,"_monsterinsights_sitenote_note":"","_monsterinsights_sitenote_category":0,"jetpack_post_was_ever_published":false,"jetpack_publicize_message":"","jetpack_publicize_feature_enabled":true,"jetpack_social_post_already_shared":false,"jetpack_social_options":{"image_generator_settings":{"template":"highway","default_image_id":0,"font":"","enabled":false},"version":2}},"product_brand":[],"product_cat":[46],"product_tag":[263,142,260,211,254,119,251,215,257,249,243,230,182,226,253,236,229,143,228,232,258,234,262,239,220,265,219,225,240,238,140,242,235,244,266,267,248,210,245,212,250,227,255,264,252,217,216,233,261,73,237,231,247,221,246,222,223,224,259,241,256,218,213,214,53],"class_list":{"0":"post-34622","1":"product","2":"type-product","3":"status-publish","4":"has-post-thumbnail","6":"product_cat-superacion","7":"product_tag-animales","8":"product_tag-avanzado","9":"product_tag-biden","10":"product_tag-billetes","11":"product_tag-bitcoin","12":"product_tag-carrera","13":"product_tag-china","14":"product_tag-christopher-olivarrieta","15":"product_tag-cine","16":"product_tag-coranavirus","17":"product_tag-cultura","18":"product_tag-cursos","19":"product_tag-dinero","20":"product_tag-dios","21":"product_tag-dolar","22":"product_tag-enric-corbera","23":"product_tag-ensenanza-en-casa","24":"product_tag-entidades","25":"product_tag-escuela","26":"product_tag-especialidad","27":"product_tag-estrenos","28":"product_tag-estudios","29":"product_tag-facebook","30":"product_tag-famosos","31":"product_tag-free","32":"product_tag-gatos","33":"product_tag-gratis","34":"product_tag-guerra","35":"product_tag-humor","36":"product_tag-internet","37":"product_tag-jose-palomo","38":"product_tag-juegos","39":"product_tag-lavin","40":"product_tag-manga","41":"product_tag-mercado-libre","42":"product_tag-mercado-pago","43":"product_tag-meteorologia","44":"product_tag-moneda","45":"product_tag-musica","46":"product_tag-nuevo","47":"product_tag-omnicron","48":"product_tag-oracion","49":"product_tag-peliculas","50":"product_tag-perros","51":"product_tag-peso","52":"product_tag-porn","53":"product_tag-porno","54":"product_tag-profesional","55":"product_tag-putin","56":"product_tag-salud","57":"product_tag-sexo","58":"product_tag-talleres","59":"product_tag-television","60":"product_tag-terapias","61":"product_tag-trabajo","62":"product_tag-ucrania","63":"product_tag-ukrania","64":"product_tag-usa","65":"product_tag-vacuna","66":"product_tag-viajes","67":"product_tag-videos","68":"product_tag-xxx","69":"product_tag-youtube","70":"product_tag-youtube-yuen-guadalajara","71":"product_tag-yuen","73":"first","74":"instock","75":"downloadable","76":"virtual","77":"purchasable","78":"product-type-simple"},"jetpack_publicize_connections":[],"jetpack-related-posts":[{"id":35287,"url":"https:\/\/multiofertasvip.com\/?product=camino-de-la-flor-corporal-move","url_meta":{"origin":34622,"position":0},"title":"Camino de la Flor- Corporal Move","author":"multiofertasvip","date":"abril 1, 2026","format":false,"excerpt":"\u00a0 \u00a0 \u00a0 \u00a0 \u00a0 \u00a0 \u00a0","rel":"","context":"Entrada similar","block_context":{"text":"Entrada similar","link":""},"img":{"alt_text":"Camino de la Flor","src":"https:\/\/i0.wp.com\/cursoslux.com\/wp-content\/uploads\/2026\/03\/camino-de-la-flor.jpg?resize=350%2C200&ssl=1","width":350,"height":200},"classes":[]},{"id":35487,"url":"https:\/\/multiofertasvip.com\/?product=meditacion-avanzada-josep-m-clopes-2","url_meta":{"origin":34622,"position":1},"title":"Meditaci\u00f3n Avanzada Josep M. Clop\u00e9s","author":"multiofertasvip","date":"abril 14, 2026","format":false,"excerpt":"Meditaci\u00f3n Avanzada de Josep M. Clop\u00e9s Meditaci\u00f3n Avanzada de Josep M. Clop\u00e9s\u00a0es un programa formativo online dise\u00f1ado para llevarte m\u00e1s all\u00e1 de t\u00e9cnicas b\u00e1sicas de meditaci\u00f3n hacia una pr\u00e1ctica profunda y transformadora que potencia tu bienestar mental, emocional y f\u00edsico a trav\u00e9s de la disciplina meditativa. Este curso se basa\u2026","rel":"","context":"Entrada similar","block_context":{"text":"Entrada similar","link":""},"img":{"alt_text":"","src":"https:\/\/i0.wp.com\/multiofertasvip.com\/wp-content\/uploads\/2023\/04\/meditacion-avanzada.png?fit=200%2C200&ssl=1&resize=350%2C200","width":350,"height":200},"classes":[]},{"id":30336,"url":"https:\/\/multiofertasvip.com\/?product=terapia-con-pendulo-sol-lascano","url_meta":{"origin":34622,"position":2},"title":"Terapia con P\u00e9ndulo-Sol Lascano","author":"multiofertasvip","date":"julio 11, 2022","format":false,"excerpt":"La terapia de p\u00e9ndulo sobre gr\u00e1fico es una poderosa herramienta que nos permite detectar fugas energ\u00e9ticas y utilizarla como or\u00e1culo. Su origen se encuentra en la radiestesia ancestral, que desde la antig\u00fcedad fue utilizada para\u00a0resolver dudas y evolucionar espiritualmente. Esta terapia es muy\u00a0vers\u00e1til, f\u00e1cil de aplicar y r\u00e1pida. En pocos\u2026","rel":"","context":"Entrada similar","block_context":{"text":"Entrada similar","link":""},"img":{"alt_text":"","src":"https:\/\/i0.wp.com\/multiofertasvip.com\/wp-content\/uploads\/2022\/07\/pendulo.jpg?fit=200%2C200&ssl=1&resize=350%2C200","width":350,"height":200},"classes":[]},{"id":35262,"url":"https:\/\/multiofertasvip.com\/?product=the-easy-loop-en-espanol-dr-dain-heer-2","url_meta":{"origin":34622,"position":3},"title":"The Easy Loop (En Espa\u00f1ol) Dr. Dain Heer","author":"multiofertasvip","date":"marzo 26, 2026","format":false,"excerpt":"\u00a0 \u00a0 \u00a0 \u00a0 \u00a0 \u00a0 \u00a0","rel":"","context":"Entrada similar","block_context":{"text":"Entrada similar","link":""},"img":{"alt_text":"The Easy Loop (En Espa\u00f1ol)","src":"https:\/\/i0.wp.com\/cursoslux.com\/wp-content\/uploads\/2026\/03\/the-easy-loop-en-espanol.jpg?resize=350%2C200&ssl=1","width":350,"height":200},"classes":[]},{"id":35300,"url":"https:\/\/multiofertasvip.com\/?product=ruta-360-isabel-osorio-2","url_meta":{"origin":34622,"position":4},"title":"Ruta 360-Isabel Osorio","author":"multiofertasvip","date":"abril 2, 2026","format":false,"excerpt":"\u00a0 \u00a0 \u00a0 \u00a0 \u00a0 \u00a0 \u00a0","rel":"","context":"Entrada similar","block_context":{"text":"Entrada similar","link":""},"img":{"alt_text":"Ruta 360","src":"https:\/\/i0.wp.com\/cursoslux.com\/wp-content\/uploads\/2026\/03\/ruta-360.jpg?resize=350%2C200&ssl=1","width":350,"height":200},"classes":[]},{"id":34615,"url":"https:\/\/multiofertasvip.com\/?product=el-manifiesto-harry-potra","url_meta":{"origin":34622,"position":5},"title":"El Manifiesto \u2013 Harry Potra","author":"multiofertasvip","date":"diciembre 15, 2025","format":false,"excerpt":"\u00a1Descubre el poder del \u00abManifiesto\u00bb en nuestro curso exclusivo! Aprender\u00e1s a expresar tus ideas y proyectos de manera impactante y efectiva. A trav\u00e9s de ejercicios pr\u00e1cticos y ejemplos inspiradores, desarrollar\u00e1s la habilidad de comunicar tu visi\u00f3n y conectar con tu audiencia. Ideal para emprendedores, creativos y l\u00edderes que desean dejar\u2026","rel":"","context":"Entrada similar","block_context":{"text":"Entrada similar","link":""},"img":{"alt_text":"","src":"https:\/\/i0.wp.com\/multiofertasvip.com\/wp-content\/uploads\/2025\/12\/EL-MANIFIESTO.png?fit=200%2C200&ssl=1&resize=350%2C200","width":350,"height":200},"classes":[]}],"jetpack_sharing_enabled":true,"jetpack_likes_enabled":true,"_links":{"self":[{"href":"https:\/\/multiofertasvip.com\/index.php?rest_route=\/wp\/v2\/product\/34622","targetHints":{"allow":["GET"]}}],"collection":[{"href":"https:\/\/multiofertasvip.com\/index.php?rest_route=\/wp\/v2\/product"}],"about":[{"href":"https:\/\/multiofertasvip.com\/index.php?rest_route=\/wp\/v2\/types\/product"}],"version-history":[{"count":1,"href":"https:\/\/multiofertasvip.com\/index.php?rest_route=\/wp\/v2\/product\/34622\/revisions"}],"predecessor-version":[{"id":34627,"href":"https:\/\/multiofertasvip.com\/index.php?rest_route=\/wp\/v2\/product\/34622\/revisions\/34627"}],"wp:featuredmedia":[{"embeddable":true,"href":"https:\/\/multiofertasvip.com\/index.php?rest_route=\/wp\/v2\/media\/34629"}],"wp:attachment":[{"href":"https:\/\/multiofertasvip.com\/index.php?rest_route=%2Fwp%2Fv2%2Fmedia&parent=34622"}],"wp:term":[{"taxonomy":"product_brand","embeddable":true,"href":"https:\/\/multiofertasvip.com\/index.php?rest_route=%2Fwp%2Fv2%2Fproduct_brand&post=34622"},{"taxonomy":"product_cat","embeddable":true,"href":"https:\/\/multiofertasvip.com\/index.php?rest_route=%2Fwp%2Fv2%2Fproduct_cat&post=34622"},{"taxonomy":"product_tag","embeddable":true,"href":"https:\/\/multiofertasvip.com\/index.php?rest_route=%2Fwp%2Fv2%2Fproduct_tag&post=34622"}],"curies":[{"name":"wp","href":"https:\/\/api.w.org\/{rel}","templated":true}]}}