{"id":34360,"date":"2025-09-09T10:24:16","date_gmt":"2025-09-09T15:54:16","guid":{"rendered":"https:\/\/multiofertasvip.com\/?post_type=product&#038;p=34360"},"modified":"2025-09-09T10:26:50","modified_gmt":"2025-09-09T15:56:50","slug":"muestra-grupal-cirugias-cuanticas-creacion-de-dinero-paula-gil","status":"publish","type":"product","link":"https:\/\/multiofertasvip.com\/?product=muestra-grupal-cirugias-cuanticas-creacion-de-dinero-paula-gil","title":{"rendered":"Muestra Grupal Cirug\u00edas Cu\u00e1nticas Creacion de Dinero-Paula Gil"},"content":{"rendered":"<h3><strong>El dinero no es solo papel o n\u00fameros en una cuenta bancaria\u2026 es energ\u00eda.<\/strong><\/h3>\n<p>Y como toda energ\u00eda,\u00a0<strong>responde a la informaci\u00f3n cu\u00e1ntica que hay en tu campo.<\/strong><\/p>\n<h3><strong>Si en tu campo cu\u00e1ntico hay informaci\u00f3n de escasez, lucha o sacrificio\u2026<\/strong><\/h3>\n<p>Eso es lo que seguir\u00e1s viviendo con el dinero.<\/p>\n<p><strong>Pero, \u00bfqu\u00e9 pasar\u00eda si actualizaras esa informaci\u00f3n y crearas una nueva realidad financiera?<\/strong><\/p>\n<p>En esta Muestra Grupal de Cirug\u00edas Cu\u00e1nticas\u00ae es posible\u00a0<strong>transformar la informaci\u00f3n cu\u00e1ntica de tu campo<\/strong>\u00a0para que\u00a0<strong>el dinero pueda llegar a ti con mayor facilidad, sin esfuerzo ni limitaciones.<\/strong><\/p>\n<p><strong>\u00bfEst\u00e1s listo para recibir el dinero desde una nueva energ\u00eda?<\/strong><\/p>\n<p>El dinero ya est\u00e1 disponible para ti en el campo cu\u00e1ntico\u2026\u00a0<strong>\u00bflo eliges?<\/strong><\/p>\n","protected":false},"excerpt":{"rendered":"<p>El dinero no es solo papel o n\u00fameros en una cuenta bancaria\u2026 es energ\u00eda. Y como toda energ\u00eda,\u00a0responde a la informaci\u00f3n cu\u00e1ntica que hay en tu campo. Si en tu campo cu\u00e1ntico hay informaci\u00f3n de escasez, lucha o sacrificio\u2026 Eso es lo que seguir\u00e1s viviendo con el dinero. Pero, \u00bfqu\u00e9 pasar\u00eda si actualizaras esa informaci\u00f3n [&#8230;]\n","protected":false},"featured_media":34353,"template":"","meta":{"_monsterinsights_skip_tracking":false,"_monsterinsights_sitenote_active":false,"_monsterinsights_sitenote_note":"","_monsterinsights_sitenote_category":0,"jetpack_post_was_ever_published":false,"jetpack_publicize_message":"","jetpack_publicize_feature_enabled":true,"jetpack_social_post_already_shared":true,"jetpack_social_options":{"image_generator_settings":{"template":"highway","default_image_id":0,"font":"","enabled":false},"version":2}},"product_brand":[],"product_cat":[122],"product_tag":[263,142,260,211,254,119,251,215,257,249,243,230,182,226,253,236,229,143,228,232,258,234,262,239,220,265,219,225,240,238,140,242,235,244,266,267,248,210,245,212,250,227,255,264,252,217,216,233,261,73,237,231,247,221,246,222,223,224,259,241,256,218,213,214,53],"class_list":{"0":"post-34360","1":"product","2":"type-product","3":"status-publish","4":"has-post-thumbnail","6":"product_cat-access-consciousness","7":"product_tag-animales","8":"product_tag-avanzado","9":"product_tag-biden","10":"product_tag-billetes","11":"product_tag-bitcoin","12":"product_tag-carrera","13":"product_tag-china","14":"product_tag-christopher-olivarrieta","15":"product_tag-cine","16":"product_tag-coranavirus","17":"product_tag-cultura","18":"product_tag-cursos","19":"product_tag-dinero","20":"product_tag-dios","21":"product_tag-dolar","22":"product_tag-enric-corbera","23":"product_tag-ensenanza-en-casa","24":"product_tag-entidades","25":"product_tag-escuela","26":"product_tag-especialidad","27":"product_tag-estrenos","28":"product_tag-estudios","29":"product_tag-facebook","30":"product_tag-famosos","31":"product_tag-free","32":"product_tag-gatos","33":"product_tag-gratis","34":"product_tag-guerra","35":"product_tag-humor","36":"product_tag-internet","37":"product_tag-jose-palomo","38":"product_tag-juegos","39":"product_tag-lavin","40":"product_tag-manga","41":"product_tag-mercado-libre","42":"product_tag-mercado-pago","43":"product_tag-meteorologia","44":"product_tag-moneda","45":"product_tag-musica","46":"product_tag-nuevo","47":"product_tag-omnicron","48":"product_tag-oracion","49":"product_tag-peliculas","50":"product_tag-perros","51":"product_tag-peso","52":"product_tag-porn","53":"product_tag-porno","54":"product_tag-profesional","55":"product_tag-putin","56":"product_tag-salud","57":"product_tag-sexo","58":"product_tag-talleres","59":"product_tag-television","60":"product_tag-terapias","61":"product_tag-trabajo","62":"product_tag-ucrania","63":"product_tag-ukrania","64":"product_tag-usa","65":"product_tag-vacuna","66":"product_tag-viajes","67":"product_tag-videos","68":"product_tag-xxx","69":"product_tag-youtube","70":"product_tag-youtube-yuen-guadalajara","71":"product_tag-yuen","73":"first","74":"instock","75":"downloadable","76":"virtual","77":"purchasable","78":"product-type-simple"},"jetpack_publicize_connections":[],"jetpack-related-posts":[{"id":34737,"url":"https:\/\/multiofertasvip.com\/?product=muestra-grupal-cirugias-cuanticas-crea-mucho-mas-dinero-paula-andrea-gil","url_meta":{"origin":34360,"position":0},"title":"Muestra Grupal Cirug\u00edas Cu\u00e1nticas  Crea Mucho m\u00e1s Dinero-Paula Andrea Gil","author":"multiofertasvip","date":"enero 9, 2026","format":false,"excerpt":"El dinero no es solo papel o n\u00fameros en una cuenta bancaria\u2026\u00a0Es energ\u00eda. Y como toda energ\u00eda,\u00a0responde a la informaci\u00f3n cu\u00e1ntica que hay en tu campo. Si en tu campo cu\u00e1ntico hay informaci\u00f3n de escasez, lucha o sacrificio\u2026 Eso es lo que seguir\u00e1s viviendo con el dinero. Pero, \u00bfqu\u00e9 pasar\u00eda\u2026","rel":"","context":"Entrada similar","block_context":{"text":"Entrada similar","link":""},"img":{"alt_text":"","src":"https:\/\/i0.wp.com\/multiofertasvip.com\/wp-content\/uploads\/2026\/01\/mas-dinero.jpg?fit=200%2C200&ssl=1&resize=350%2C200","width":350,"height":200},"classes":[]},{"id":34220,"url":"https:\/\/multiofertasvip.com\/?product=muestra-grupal-cirugias-cuanticas-potencializa-tus-ventas-paula-gil","url_meta":{"origin":34360,"position":1},"title":"Muestra Grupal Cirug\u00edas Cu\u00e1nticas Potencializa tus Ventas-Paula Gil","author":"multiofertasvip","date":"septiembre 11, 2025","format":false,"excerpt":"\u2728 Potencializa tus ventas desde el campo cu\u00e1ntico. \u00bfY si tus ventas no dependieran de estrategias ni f\u00f3rmulas externas, sino de la energ\u00eda y la informaci\u00f3n que puedes ser? \u00bfY si pudieras cambiar esa informaci\u00f3n y esa energ\u00eda para recibir m\u00e1s clientes, m\u00e1s dinero y m\u00e1s ventas? En esta muestra\u2026","rel":"","context":"Entrada similar","block_context":{"text":"Entrada similar","link":""},"img":{"alt_text":"","src":"https:\/\/i0.wp.com\/multiofertasvip.com\/wp-content\/uploads\/2025\/08\/potencializa-tus-ventas-1.png?fit=200%2C200&ssl=1&resize=350%2C200","width":350,"height":200},"classes":[]},{"id":34357,"url":"https:\/\/multiofertasvip.com\/?product=muestra-grupal-cirugias-cuanticas-recibe-sin-limites-paula-gil","url_meta":{"origin":34360,"position":2},"title":"Muestra Grupal Cirug\u00edas Cu\u00e1nticas Recibe sin Limites-Paula Gil","author":"multiofertasvip","date":"septiembre 9, 2025","format":false,"excerpt":"\u00bfY si la \u00fanica barrera para recibir m\u00e1s en tu vida es la informaci\u00f3n cu\u00e1ntica que existe? El universo est\u00e1 listo para darte TODO, pero muchas veces esa informaci\u00f3n cu\u00e1ntica que guardas en tu cuerpo y en tu campo limita tu capacidad de recibir. En esta muestra grupal de Cirug\u00edas\u2026","rel":"","context":"Entrada similar","block_context":{"text":"Entrada similar","link":""},"img":{"alt_text":"","src":"https:\/\/i0.wp.com\/multiofertasvip.com\/wp-content\/uploads\/2025\/09\/CC-RECIBE-SIN-LIMITES.png?fit=200%2C200&ssl=1&resize=350%2C200","width":350,"height":200},"classes":[]},{"id":34777,"url":"https:\/\/multiofertasvip.com\/?product=muestra-grupal-cirugias-cuanticas-relacion-con-tu-padre-paula-gil","url_meta":{"origin":34360,"position":3},"title":"Muestra Grupal Cirug\u00edas Cu\u00e1nticas Relaci\u00f3n con tu Padre -Paula Gil","author":"multiofertasvip","date":"febrero 10, 2026","format":false,"excerpt":"La energ\u00eda de tu padre\u00a0\u2014est\u00e9 presente, ausente, amoroso o distante\u2014 dej\u00f3 una huella en ti. Y muchas veces,\u00a0esa huella sigue impactando tus relaciones, tu dinero, tu cuerpo y tu forma de recibir del mundo. \u26a1En esta muestra vivencial haremos una\u00a0cirug\u00eda energ\u00e9tica para cambiar la informaci\u00f3n grabada en tu campo por\u2026","rel":"","context":"Entrada similar","block_context":{"text":"Entrada similar","link":""},"img":{"alt_text":"","src":"https:\/\/i0.wp.com\/multiofertasvip.com\/wp-content\/uploads\/2026\/02\/PADRE-CC.jpeg?fit=200%2C200&ssl=1&resize=350%2C200","width":350,"height":200},"classes":[]},{"id":34479,"url":"https:\/\/multiofertasvip.com\/?product=muestra-grupal-cirugias-cuanticas-potencia-tu-energia-femenina-paula-gil","url_meta":{"origin":34360,"position":4},"title":"Muestra Grupal Cirug\u00edas Cu\u00e1nticas Potencia tu Energ\u00eda Femenina-Paula Gil","author":"multiofertasvip","date":"octubre 23, 2025","format":false,"excerpt":"La energ\u00eda femenina es pura creaci\u00f3n, intuici\u00f3n y recepci\u00f3n. Te permite\u00a0manifestar con facilidad, conectar con tu esencia y recibir sin esfuerzo. Pero\u2026 \u00bfqu\u00e9 pasa cuando tu energ\u00eda femenina est\u00e1 bloqueada o limitada? \ud83d\udd38\u00a0Te cuesta recibir sin esfuerzo\u00a0y sientes que siempre debes \"hacer m\u00e1s\" para merecer. \ud83d\udd38 Aparece el\u00a0autosabotaje, la autoexigencia\u2026","rel":"","context":"Entrada similar","block_context":{"text":"Entrada similar","link":""},"img":{"alt_text":"","src":"https:\/\/i0.wp.com\/multiofertasvip.com\/wp-content\/uploads\/2025\/10\/potencia-tu-energia-femenina.jpg?fit=200%2C200&ssl=1&resize=350%2C200","width":350,"height":200},"classes":[]},{"id":34453,"url":"https:\/\/multiofertasvip.com\/?product=muestra-grupal-cirugias-cuanticas-reconoce-tu-belleza-paula-gil","url_meta":{"origin":34360,"position":5},"title":"Muestra Grupal Cirug\u00edas Cu\u00e1nticas Reconoce tu Belleza-Paula Gil","author":"multiofertasvip","date":"octubre 16, 2025","format":false,"excerpt":"\u00bfQu\u00e9 pasar\u00eda si la belleza no fuera solo algo f\u00edsico, sino una energ\u00eda que puedes activar y expandir en ti? \u00bfY si la belleza que eres ya est\u00e1 ah\u00ed, pero solo necesitas cambiar la informaci\u00f3n cu\u00e1ntica para reconocerla? En esta sesi\u00f3n grupal de Cirug\u00edas Cu\u00e1nticas\u00ae vamos a transformar la informaci\u00f3n\u2026","rel":"","context":"Entrada similar","block_context":{"text":"Entrada similar","link":""},"img":{"alt_text":"","src":"https:\/\/i0.wp.com\/multiofertasvip.com\/wp-content\/uploads\/2025\/10\/reconoce-tu-belleza.jpg?fit=200%2C200&ssl=1&resize=350%2C200","width":350,"height":200},"classes":[]}],"jetpack_sharing_enabled":false,"jetpack_likes_enabled":false,"_links":{"self":[{"href":"https:\/\/multiofertasvip.com\/index.php?rest_route=\/wp\/v2\/product\/34360","targetHints":{"allow":["GET"]}}],"collection":[{"href":"https:\/\/multiofertasvip.com\/index.php?rest_route=\/wp\/v2\/product"}],"about":[{"href":"https:\/\/multiofertasvip.com\/index.php?rest_route=\/wp\/v2\/types\/product"}],"version-history":[{"count":1,"href":"https:\/\/multiofertasvip.com\/index.php?rest_route=\/wp\/v2\/product\/34360\/revisions"}],"predecessor-version":[{"id":34362,"href":"https:\/\/multiofertasvip.com\/index.php?rest_route=\/wp\/v2\/product\/34360\/revisions\/34362"}],"wp:featuredmedia":[{"embeddable":true,"href":"https:\/\/multiofertasvip.com\/index.php?rest_route=\/wp\/v2\/media\/34353"}],"wp:attachment":[{"href":"https:\/\/multiofertasvip.com\/index.php?rest_route=%2Fwp%2Fv2%2Fmedia&parent=34360"}],"wp:term":[{"taxonomy":"product_brand","embeddable":true,"href":"https:\/\/multiofertasvip.com\/index.php?rest_route=%2Fwp%2Fv2%2Fproduct_brand&post=34360"},{"taxonomy":"product_cat","embeddable":true,"href":"https:\/\/multiofertasvip.com\/index.php?rest_route=%2Fwp%2Fv2%2Fproduct_cat&post=34360"},{"taxonomy":"product_tag","embeddable":true,"href":"https:\/\/multiofertasvip.com\/index.php?rest_route=%2Fwp%2Fv2%2Fproduct_tag&post=34360"}],"curies":[{"name":"wp","href":"https:\/\/api.w.org\/{rel}","templated":true}]}}