{"id":34160,"date":"2025-08-19T12:26:54","date_gmt":"2025-08-19T17:56:54","guid":{"rendered":"https:\/\/multiofertasvip.com\/?post_type=product&#038;p=34160"},"modified":"2025-08-19T12:39:19","modified_gmt":"2025-08-19T18:09:19","slug":"curso-de-reiki-nivel-1-angeles-s-goyanes","status":"publish","type":"product","link":"https:\/\/multiofertasvip.com\/?product=curso-de-reiki-nivel-1-angeles-s-goyanes","title":{"rendered":"Curso de Reiki Nivel 1-\u00c1ngeles S. Goyanes"},"content":{"rendered":"<h3><strong>Caracter\u00edsticas \u00a0de este curso de Reiki de primer nivel<\/strong><\/h3>\n<ul>\n<li>Lecciones amenas y bien explicadas.<\/li>\n<li>Cada lecci\u00f3n est\u00e1 explicada en\u00a0<strong>v\u00eddeo<\/strong>. No te quedar\u00e1n dudas de c\u00f3mo has de realizar las partes pr\u00e1cticas: tratamiento, auto tratamiento y ejercicios. Adem\u00e1s, tendr\u00e1s\u00a0<strong>manuales y documentos de apoyo<\/strong>.<\/li>\n<li>Los v\u00eddeos no los puedes descargar pero los documentos, s\u00ed.<\/li>\n<li>Explicaciones serias y basadas en\u00a0<strong>hechos cient\u00edficos<\/strong>. El Reiki no es dependiente de ninguna religi\u00f3n ni creencia espiritual y no es necesaria ninguna menci\u00f3n a ellas para aprenderlo.<\/li>\n<li>Iniciaci\u00f3n. Es la pieza fundamental y todo curso de Reiki debe incluir este proceso. Acordaremos el momento y procedimiento (con o sin que necesites conexi\u00f3n a Internet) y te\u00a0<b>realizar\u00e9 una Iniciaci\u00f3n a distancia seg\u00fan el m\u00e9todo Tibetano.<\/b><\/li>\n<\/ul>\n<div class=\"ld-section-heading\">\n<h2><\/h2>\n<h2>Contenido del Curso<\/h2>\n<div class=\"ld-item-list-actions\" data-ld-expand-list=\"true\"><span style=\"font-size: 14.4px;\">Fundamentos<\/span><\/div>\n<\/div>\n<div id=\"ld-item-list-29\" class=\"ld-item-list-items ld-item-list-29\" data-ld-expand-id=\"ld-item-list-29\" data-ld-expand-list=\"true\">\n<div id=\"ld-expand-179\" class=\"ld-item-list-item ld-item-lesson-item ld-lesson-item-179 is_sample learndash-not-available learndash-incomplete ld-expandable\" data-ld-expand-id=\"ld-expand-179\">\n<div class=\"ld-item-list-item-preview\">\n<div class=\"ld-tooltip ld-tooltip--hidden\">\n<div class=\"ld-status-icon ld-status-incomplete\"><\/div>\n<div class=\"ld-item-title\">Introducci\u00f3n<span class=\"ld-item-components\"><span class=\"ld-item-component\">\u00a0Temas\u00a0<\/span><span class=\"ld-status ld-status-unlocked ld-primary-color\"> Lecci\u00f3n de demostraci\u00f3n.<\/span><\/span><\/div>\n<div><\/div>\n<\/div>\n<\/div>\n<div id=\"ld-expand-179-container\" class=\"ld-item-list-item-expanded ld-expanded\" data-height=\"340.797\">\n<div id=\"ld-expand-179\" class=\"ld-table-list ld-topic-list is_sample ld-no-pagination ld-expand-179\">\n<div class=\"ld-table-list-header ld-primary-background\">\n<div class=\"ld-table-list-title\"><span class=\"ld-text\">Contenido de la Lecci\u00f3n<\/span><\/div>\n<div><\/div>\n<div class=\"ld-table-list-lesson-details\"><span class=\"ld-lesson-list-progress\">0% Completado<\/span><span class=\"ld-lesson-list-steps\">0\/3 pasos<\/span><\/div>\n<\/div>\n<div id=\"ld-topic-list-179\" class=\"ld-table-list-items ld-topic-list-179\" data-ld-expand-list=\"\">\n<div id=\"ld-table-list-item-11807\" class=\"ld-table-list-item ld-table-list-item-11807\">\n<div class=\"ld-status-icon ld-status-incomplete\"><\/div>\n<p><span class=\"ld-topic-title\">Estructura y Sugerencias de Estudio<\/span><\/div>\n<div id=\"ld-table-list-item-11821\" class=\"ld-table-list-item ld-table-list-item-11821\"><\/div>\n<\/div>\n<div class=\"ld-table-list-footer\"><\/div>\n<\/div>\n<\/div>\n<\/div>\n<div id=\"ld-expand-211\" class=\"ld-item-list-item ld-item-lesson-item ld-lesson-item-211 is_not_sample learndash-not-available learndash-incomplete\" data-ld-expand-id=\"ld-expand-211\">\n<div class=\"ld-item-list-item-preview\">\n<div class=\"ld-tooltip ld-tooltip--initialized ld-tooltip--hidden\">\n<div class=\"ld-item-title\">Conceptos B\u00e1sicos<\/div>\n<div><\/div>\n<div id=\"ld-lesson__row-tooltip--211\" class=\"ld-tooltip__text\" role=\"tooltip\"><span style=\"font-size: 14.4px;\">Meditaci\u00f3n Gassho<\/span><\/div>\n<\/div>\n<\/div>\n<\/div>\n<div id=\"ld-expand-209\" class=\"ld-item-list-item ld-item-lesson-item ld-lesson-item-209 is_not_sample learndash-not-available learndash-incomplete\" data-ld-expand-id=\"ld-expand-209\">\n<div class=\"ld-item-list-item-preview\">\n<div class=\"ld-tooltip ld-tooltip--initialized ld-tooltip--hidden\">\n<div><\/div>\n<div id=\"ld-lesson__row-tooltip--209\" class=\"ld-tooltip__text\" role=\"tooltip\"><span style=\"font-size: 14.4px;\">Los Neurop\u00e9ptidos<\/span><\/div>\n<\/div>\n<\/div>\n<\/div>\n<div id=\"ld-expand-205\" class=\"ld-item-list-item ld-item-lesson-item ld-lesson-item-205 is_not_sample learndash-not-available learndash-incomplete\" data-ld-expand-id=\"ld-expand-205\">\n<div class=\"ld-item-list-item-preview\">\n<div class=\"ld-tooltip ld-tooltip--initialized ld-tooltip--hidden\">\n<div><\/div>\n<div id=\"ld-lesson__row-tooltip--205\" class=\"ld-tooltip__text\" role=\"tooltip\"><span style=\"font-size: 14.4px;\">Experimentos de Masari Emoto<\/span><\/div>\n<\/div>\n<\/div>\n<\/div>\n<div id=\"ld-expand-203\" class=\"ld-item-list-item ld-item-lesson-item ld-lesson-item-203 is_not_sample learndash-not-available learndash-incomplete\" data-ld-expand-id=\"ld-expand-203\">\n<div class=\"ld-item-list-item-preview\">\n<div class=\"ld-tooltip ld-tooltip--initialized ld-tooltip--hidden\">\n<div><\/div>\n<div id=\"ld-lesson__row-tooltip--203\" class=\"ld-tooltip__text\" role=\"tooltip\"><span style=\"font-size: 14.4px;\">Las Curvas de Sanaci\u00f3n<\/span><\/div>\n<\/div>\n<\/div>\n<\/div>\n<div id=\"ld-expand-201\" class=\"ld-item-list-item ld-item-lesson-item ld-lesson-item-201 is_not_sample learndash-not-available learndash-incomplete\" data-ld-expand-id=\"ld-expand-201\">\n<div class=\"ld-item-list-item-preview\">\n<div class=\"ld-tooltip ld-tooltip--initialized ld-tooltip--hidden\">\n<div><\/div>\n<div id=\"ld-lesson__row-tooltip--201\" class=\"ld-tooltip__text\" role=\"tooltip\"><span style=\"font-size: 14.4px;\">Preguntas Frecuentes 1<\/span><\/div>\n<\/div>\n<\/div>\n<\/div>\n<div id=\"ld-expand-195\" class=\"ld-item-list-item ld-item-lesson-item ld-lesson-item-195 is_not_sample learndash-not-available learndash-incomplete\" data-ld-expand-id=\"ld-expand-195\">\n<div class=\"ld-item-list-item-preview\">\n<div class=\"ld-tooltip ld-tooltip--initialized ld-tooltip--hidden\">\n<div><\/div>\n<div id=\"ld-lesson__row-tooltip--195\" class=\"ld-tooltip__text\" role=\"tooltip\"><span style=\"font-size: 14.4px;\">Preguntas Frecuentes 2<\/span><\/div>\n<\/div>\n<\/div>\n<\/div>\n<div id=\"ld-expand-193\" class=\"ld-item-list-item ld-item-lesson-item ld-lesson-item-193 is_not_sample learndash-not-available learndash-incomplete\" data-ld-expand-id=\"ld-expand-193\">\n<div class=\"ld-item-list-item-preview\">\n<div class=\"ld-tooltip ld-tooltip--initialized ld-tooltip--hidden\">\n<div role=\"tooltip\"><\/div>\n<div id=\"ld-lesson__row-tooltip--193\" class=\"ld-tooltip__text\" role=\"tooltip\"><span style=\"font-size: 14.4px;\">Vampiros y Otros Problemas<\/span><\/div>\n<\/div>\n<\/div>\n<\/div>\n<div id=\"ld-expand-199\" class=\"ld-item-list-item ld-item-lesson-item ld-lesson-item-199 is_not_sample learndash-not-available learndash-incomplete\" data-ld-expand-id=\"ld-expand-199\">\n<div class=\"ld-item-list-item-preview\">\n<div class=\"ld-tooltip ld-tooltip--initialized ld-tooltip--hidden\">\n<div role=\"tooltip\"><\/div>\n<div id=\"ld-lesson__row-tooltip--199\" class=\"ld-tooltip__text\" role=\"tooltip\"><span style=\"font-size: 14.4px;\">La Pr\u00e1ctica del Reiki<\/span><\/div>\n<\/div>\n<\/div>\n<\/div>\n<div id=\"ld-expand-207\" class=\"ld-item-list-item ld-item-lesson-item ld-lesson-item-207 is_not_sample learndash-not-available learndash-incomplete\" data-ld-expand-id=\"ld-expand-207\">\n<div class=\"ld-item-list-item-preview\">\n<div class=\"ld-tooltip ld-tooltip--initialized ld-tooltip--hidden\">\n<div role=\"tooltip\"><\/div>\n<div id=\"ld-lesson__row-tooltip--207\" class=\"ld-tooltip__text\" role=\"tooltip\"><span style=\"font-size: 14.4px;\">T\u00e9cnicas y Ejercicios<\/span><\/div>\n<\/div>\n<\/div>\n<\/div>\n<div id=\"ld-expand-185\" class=\"ld-item-list-item ld-item-lesson-item ld-lesson-item-185 is_not_sample learndash-not-available learndash-incomplete\" data-ld-expand-id=\"ld-expand-185\">\n<div class=\"ld-item-list-item-preview\">\n<div class=\"ld-tooltip ld-tooltip--initialized ld-tooltip--hidden\">\n<div role=\"tooltip\"><\/div>\n<div id=\"ld-lesson__row-tooltip--185\" class=\"ld-tooltip__text\" role=\"tooltip\"><span style=\"font-size: 14.4px;\">Todo Sobre Tu Iniciaci\u00f3n<\/span><span class=\"ld-item-components\" style=\"font-size: 14.4px;\"><span class=\"ld-item-component\">4 Temas<\/span><\/span><\/div>\n<\/div>\n<\/div>\n<\/div>\n<div id=\"ld-expand-191\" class=\"ld-item-list-item ld-item-lesson-item ld-lesson-item-191 is_not_sample learndash-not-available learndash-incomplete ld-expandable\" data-ld-expand-id=\"ld-expand-191\">\n<div class=\"ld-item-list-item-preview\">\n<div class=\"ld-tooltip ld-tooltip--initialized ld-tooltip--hidden\">\n<div role=\"tooltip\"><\/div>\n<div role=\"tooltip\"><span style=\"font-size: 14.4px;\">Contenido de la Lecci\u00f3n<\/span><\/div>\n<\/div>\n<\/div>\n<div id=\"ld-expand-191-container\" class=\"ld-item-list-item-expanded ld-expanded\" data-height=\"409.797\">\n<div id=\"ld-expand-191\" class=\"ld-table-list ld-topic-list ld-no-pagination ld-expand-191\">\n<div class=\"ld-table-list-header ld-primary-background\">\n<div><\/div>\n<div class=\"ld-table-list-lesson-details\"><span class=\"ld-lesson-list-progress\">0% Completado<\/span><span class=\"ld-lesson-list-steps\">0\/4 pasos<\/span><\/div>\n<\/div>\n<div id=\"ld-topic-list-191\" class=\"ld-table-list-items ld-topic-list-191\" data-ld-expand-list=\"\">\n<div id=\"ld-table-list-item-13216\" class=\"ld-table-list-item ld-table-list-item-13216\">\n<div class=\"ld-status-icon ld-status-incomplete\"><\/div>\n<p><span class=\"ld-topic-title\">Tu Iniciaci\u00f3n<\/span><\/div>\n<div id=\"ld-table-list-item-11826\" class=\"ld-table-list-item ld-table-list-item-11826\">\n<div class=\"ld-status-icon ld-status-incomplete\"><\/div>\n<p><span class=\"ld-topic-title\">En qu\u00e9 Consiste la Iniciaci\u00f3n<\/span><\/div>\n<div id=\"ld-table-list-item-11832\" class=\"ld-table-list-item ld-table-list-item-11832\">\n<div class=\"ld-status-icon ld-status-incomplete\"><\/div>\n<p><span class=\"ld-topic-title\">El D\u00eda de la Iniciaci\u00f3n<\/span><\/div>\n<div id=\"ld-table-list-item-11830\" class=\"ld-table-list-item ld-table-list-item-11830\">\n<div class=\"ld-status-icon ld-status-incomplete\"><\/div>\n<p><span class=\"ld-topic-title\">\u00bfQu\u00e9 Pasa Despu\u00e9s de la Iniciaci\u00f3n?<\/span><\/div>\n<\/div>\n<div class=\"ld-table-list-footer\"><\/div>\n<\/div>\n<\/div>\n<\/div>\n<div class=\"ld-item-list-section-heading ld-item-section-heading-1572713878161\">\n<div class=\"ld-lesson-section-heading\" aria-role=\"heading\" aria-level=\"3\">A Practicar<\/div>\n<\/div>\n<div id=\"ld-expand-187\" class=\"ld-item-list-item ld-item-lesson-item ld-lesson-item-187 is_not_sample learndash-not-available learndash-incomplete\" data-ld-expand-id=\"ld-expand-187\">\n<div class=\"ld-item-list-item-preview\">\n<div class=\"ld-tooltip ld-tooltip--initialized ld-tooltip--hidden\">\n<div class=\"ld-status-icon ld-status-incomplete\"><\/div>\n<div class=\"ld-item-title\">Autotratamiento<\/div>\n<div role=\"tooltip\"><\/div>\n<div id=\"ld-lesson__row-tooltip--187\" class=\"ld-tooltip__text\" role=\"tooltip\"><span style=\"font-size: 14.4px;\">Kenyoku<\/span><\/div>\n<\/div>\n<\/div>\n<\/div>\n<div id=\"ld-expand-189\" class=\"ld-item-list-item ld-item-lesson-item ld-lesson-item-189 is_not_sample learndash-not-available learndash-incomplete\" data-ld-expand-id=\"ld-expand-189\">\n<div class=\"ld-item-list-item-preview\">\n<div class=\"ld-tooltip ld-tooltip--initialized ld-tooltip--hidden\">\n<div id=\"ld-lesson__row-tooltip--189\" class=\"ld-tooltip__text\" role=\"tooltip\"><\/div>\n<\/div>\n<\/div>\n<\/div>\n<div id=\"ld-expand-197\" class=\"ld-item-list-item ld-item-lesson-item ld-lesson-item-197 is_not_sample learndash-not-available learndash-incomplete\" data-ld-expand-id=\"ld-expand-197\">\n<div class=\"ld-item-list-item-preview\">\n<div class=\"ld-tooltip ld-tooltip--initialized ld-tooltip--hidden\">\n<div class=\"ld-item-title\">Ejercicios de Sensibilizaci\u00f3n a la Energ\u00eda<\/div>\n<div id=\"ld-lesson__row-tooltip--197\" class=\"ld-tooltip__text\" role=\"tooltip\"><\/div>\n<\/div>\n<\/div>\n<\/div>\n<div id=\"ld-expand-183\" class=\"ld-item-list-item ld-item-lesson-item ld-lesson-item-183 is_not_sample learndash-not-available learndash-incomplete\" data-ld-expand-id=\"ld-expand-183\">\n<div class=\"ld-item-list-item-preview\">\n<div class=\"ld-tooltip ld-tooltip--initialized ld-tooltip--hidden\">\n<div class=\"ld-item-title\">Tratamiento a Otra Persona<\/div>\n<\/div>\n<\/div>\n<\/div>\n<\/div>\n","protected":false},"excerpt":{"rendered":"<p>Caracter\u00edsticas \u00a0de este curso de Reiki de primer nivel Lecciones amenas y bien explicadas. Cada lecci\u00f3n est\u00e1 explicada en\u00a0v\u00eddeo. No te quedar\u00e1n dudas de c\u00f3mo has de realizar las partes pr\u00e1cticas: tratamiento, auto tratamiento y ejercicios. Adem\u00e1s, tendr\u00e1s\u00a0manuales y documentos de apoyo. Los v\u00eddeos no los puedes descargar pero los documentos, s\u00ed. Explicaciones serias y [&#8230;]\n","protected":false},"featured_media":34163,"template":"","meta":{"_monsterinsights_skip_tracking":false,"_monsterinsights_sitenote_active":false,"_monsterinsights_sitenote_note":"","_monsterinsights_sitenote_category":0,"jetpack_post_was_ever_published":false,"jetpack_publicize_message":"","jetpack_publicize_feature_enabled":true,"jetpack_social_post_already_shared":true,"jetpack_social_options":{"image_generator_settings":{"template":"highway","default_image_id":0,"font":"","enabled":false},"version":2}},"product_brand":[],"product_cat":[289],"product_tag":[263,142,260,211,254,119,251,215,257,249,243,230,182,226,253,236,229,143,228,232,258,234,262,239,220,265,219,225,240,238,140,242,235,244,266,267,248,210,245,212,250,227,255,264,252,217,216,233,261,73,237,231,247,221,246,222,223,224,259,241,256,218,213,214,53],"class_list":{"0":"post-34160","1":"product","2":"type-product","3":"status-publish","4":"has-post-thumbnail","6":"product_cat-reiki","7":"product_tag-animales","8":"product_tag-avanzado","9":"product_tag-biden","10":"product_tag-billetes","11":"product_tag-bitcoin","12":"product_tag-carrera","13":"product_tag-china","14":"product_tag-christopher-olivarrieta","15":"product_tag-cine","16":"product_tag-coranavirus","17":"product_tag-cultura","18":"product_tag-cursos","19":"product_tag-dinero","20":"product_tag-dios","21":"product_tag-dolar","22":"product_tag-enric-corbera","23":"product_tag-ensenanza-en-casa","24":"product_tag-entidades","25":"product_tag-escuela","26":"product_tag-especialidad","27":"product_tag-estrenos","28":"product_tag-estudios","29":"product_tag-facebook","30":"product_tag-famosos","31":"product_tag-free","32":"product_tag-gatos","33":"product_tag-gratis","34":"product_tag-guerra","35":"product_tag-humor","36":"product_tag-internet","37":"product_tag-jose-palomo","38":"product_tag-juegos","39":"product_tag-lavin","40":"product_tag-manga","41":"product_tag-mercado-libre","42":"product_tag-mercado-pago","43":"product_tag-meteorologia","44":"product_tag-moneda","45":"product_tag-musica","46":"product_tag-nuevo","47":"product_tag-omnicron","48":"product_tag-oracion","49":"product_tag-peliculas","50":"product_tag-perros","51":"product_tag-peso","52":"product_tag-porn","53":"product_tag-porno","54":"product_tag-profesional","55":"product_tag-putin","56":"product_tag-salud","57":"product_tag-sexo","58":"product_tag-talleres","59":"product_tag-television","60":"product_tag-terapias","61":"product_tag-trabajo","62":"product_tag-ucrania","63":"product_tag-ukrania","64":"product_tag-usa","65":"product_tag-vacuna","66":"product_tag-viajes","67":"product_tag-videos","68":"product_tag-xxx","69":"product_tag-youtube","70":"product_tag-youtube-yuen-guadalajara","71":"product_tag-yuen","73":"first","74":"instock","75":"downloadable","76":"virtual","77":"purchasable","78":"product-type-simple"},"jetpack_publicize_connections":[],"jetpack-related-posts":[{"id":34171,"url":"https:\/\/multiofertasvip.com\/?product=curso-de-reiki-nivel-2-angeles-s-goyanes","url_meta":{"origin":34160,"position":0},"title":"Curso de Reiki Nivel 2-\u00c1ngeles S. Goyanes","author":"multiofertasvip","date":"agosto 19, 2025","format":false,"excerpt":"Este curso de Reiki de nivel dos est\u00e1 dise\u00f1ado para minimizar la barrera de la distancia, con un trato personal, acceso inmediato, multitud de v\u00eddeos demostrativos, manual y materiales de apoyo, y diploma oficial de la Federaci\u00f3n Espa\u00f1ola de Reiki. Caracter\u00edsticas de este curso de segundo nivel de Reiki \u00a0\u2026","rel":"","context":"Entrada similar","block_context":{"text":"Entrada similar","link":""},"img":{"alt_text":"Curso de reiki de nivel dos a distancia","src":"https:\/\/i0.wp.com\/www.cursodereiki.online\/wp-content\/uploads\/2019\/11\/anta-1024x800.jpg?resize=350%2C200&ssl=1","width":350,"height":200,"srcset":"https:\/\/i0.wp.com\/www.cursodereiki.online\/wp-content\/uploads\/2019\/11\/anta-1024x800.jpg?resize=350%2C200&ssl=1 1x, https:\/\/i0.wp.com\/www.cursodereiki.online\/wp-content\/uploads\/2019\/11\/anta-1024x800.jpg?resize=525%2C300&ssl=1 1.5x, https:\/\/i0.wp.com\/www.cursodereiki.online\/wp-content\/uploads\/2019\/11\/anta-1024x800.jpg?resize=700%2C400&ssl=1 2x"},"classes":[]},{"id":30466,"url":"https:\/\/multiofertasvip.com\/?product=kototama-reiki-avanzado-sesiones-vibracionales-practicante-y-maestro","url_meta":{"origin":34160,"position":1},"title":"Kototama Reiki Avanzado sesiones vibracionales. Practicante y Maestro","author":"multiofertasvip","date":"octubre 5, 2022","format":false,"excerpt":"Curso para Practicantes Avanzados o Maestros de Reiki. Los 50 Sonidos de la Armon\u00eda Universal. Un curso de 3 horas de duraci\u00f3n para aprender a usar y combinar los sonidos primordiales y crear tus propios mantras. De accesosin limites para ver la cantidad de veces que precises. Material exclusivo \u00a0\u2026","rel":"","context":"Entrada similar","block_context":{"text":"Entrada similar","link":""},"img":{"alt_text":"","src":"https:\/\/i0.wp.com\/multiofertasvip.com\/wp-content\/uploads\/2022\/10\/catoma.jpg?fit=200%2C200&ssl=1&resize=350%2C200","width":350,"height":200},"classes":[]},{"id":30487,"url":"https:\/\/multiofertasvip.com\/?product=reiki-tradicional-japones-manuel-uribazo","url_meta":{"origin":34160,"position":2},"title":"Reiki Tradicional Japones-Manuel Uribazo","author":"multiofertasvip","date":"octubre 12, 2022","format":false,"excerpt":"El Reiki japon\u00e9s es una pr\u00e1ctica espiritual, la cual combina la meditaci\u00f3n, el cultivo de energ\u00eda y las pr\u00e1cticas de limpieza, todo con la intenci\u00f3n de aquietar y refinar la mente, al contrario que el\u00a0Reiki Kundalini\u00a0el cual har\u00e1 ascender tu energ\u00eda. Un practicante de Reiki japon\u00e9s pasa tiempo cultivando la\u2026","rel":"","context":"Entrada similar","block_context":{"text":"Entrada similar","link":""},"img":{"alt_text":"","src":"https:\/\/i0.wp.com\/multiofertasvip.com\/wp-content\/uploads\/2022\/10\/Reiki-Japones-Tradicional.jpg?fit=200%2C200&ssl=1&resize=350%2C200","width":350,"height":200},"classes":[]},{"id":30485,"url":"https:\/\/multiofertasvip.com\/?product=raku-kei-reiki-rafael-alcaz","url_meta":{"origin":34160,"position":3},"title":"RAKU KEI REIKI-Rafael Alcaz","author":"multiofertasvip","date":"octubre 12, 2022","format":false,"excerpt":"RAKU KEI REIKI - \"El camino del Drag\u00f3n de Fuego\", en Oriente el Drag\u00f3n es S\u00edmbolo de Sabidur\u00eda. Pertenece a la rama Usui Shiki Ryoho (Reiki Occidental). RAKU KEI REIKI es uno de los mas antiguos de la USUI SHIKI RYOHO (Reiki Occidental) fue creado a principio de los 80\u2026","rel":"","context":"Entrada similar","block_context":{"text":"Entrada similar","link":""},"img":{"alt_text":"","src":"https:\/\/i0.wp.com\/multiofertasvip.com\/wp-content\/uploads\/2022\/10\/RAUKEI.jpg?fit=200%2C200&ssl=1&resize=350%2C200","width":350,"height":200},"classes":[]},{"id":35381,"url":"https:\/\/multiofertasvip.com\/?product=curso-de-introduccion-al-reiki-inma-sanchez-television-consciente-2","url_meta":{"origin":34160,"position":4},"title":"Curso de introducci\u00f3n al Reiki-Inma Sanchez-Television Consciente","author":"multiofertasvip","date":"abril 7, 2026","format":false,"excerpt":"\u00a0 \u00a0 \u00a0 \u00a0 \u00a0 \u00a0 \u00a0","rel":"","context":"Entrada similar","block_context":{"text":"Entrada similar","link":""},"img":{"alt_text":"","src":"https:\/\/i0.wp.com\/multiofertasvip.com\/wp-content\/uploads\/2026\/04\/introduccion-al-reiki.png?fit=200%2C200&ssl=1&resize=350%2C200","width":350,"height":200},"classes":[]},{"id":34950,"url":"https:\/\/multiofertasvip.com\/?product=reiki-de-acuario-eduardo-dharma-yoel-2","url_meta":{"origin":34160,"position":5},"title":"Reiki de Acuario Eduardo Dharma Yoel","author":"multiofertasvip","date":"marzo 6, 2026","format":false,"excerpt":"TEMARIO INSTRUCTORADO Y MAESTRIA\u00a0\u00a0 Descripci\u00f3n Potencia la energ\u00eda Reiki 1000 veces Aumenta la posibilidad de Sanaci\u00f3n e iluminaci\u00f3n Act\u00faa limpiando el karma Libera el cuerpo y el campo \u00e1urico \u00datil para cortar energ\u00edas negativas externas Apertura de Caminos Limpieza \u00c1urica Sana la mente aumentando el flujo de energ\u00eda equilibradora Prosperidad\u2026","rel":"","context":"Entrada similar","block_context":{"text":"Entrada similar","link":""},"img":{"alt_text":"","src":"https:\/\/i0.wp.com\/multiofertasvip.com\/wp-content\/uploads\/2026\/03\/reiki-acuario.png?fit=200%2C200&ssl=1&resize=350%2C200","width":350,"height":200},"classes":[]}],"jetpack_sharing_enabled":false,"jetpack_likes_enabled":false,"_links":{"self":[{"href":"https:\/\/multiofertasvip.com\/index.php?rest_route=\/wp\/v2\/product\/34160","targetHints":{"allow":["GET"]}}],"collection":[{"href":"https:\/\/multiofertasvip.com\/index.php?rest_route=\/wp\/v2\/product"}],"about":[{"href":"https:\/\/multiofertasvip.com\/index.php?rest_route=\/wp\/v2\/types\/product"}],"version-history":[{"count":2,"href":"https:\/\/multiofertasvip.com\/index.php?rest_route=\/wp\/v2\/product\/34160\/revisions"}],"predecessor-version":[{"id":34172,"href":"https:\/\/multiofertasvip.com\/index.php?rest_route=\/wp\/v2\/product\/34160\/revisions\/34172"}],"wp:featuredmedia":[{"embeddable":true,"href":"https:\/\/multiofertasvip.com\/index.php?rest_route=\/wp\/v2\/media\/34163"}],"wp:attachment":[{"href":"https:\/\/multiofertasvip.com\/index.php?rest_route=%2Fwp%2Fv2%2Fmedia&parent=34160"}],"wp:term":[{"taxonomy":"product_brand","embeddable":true,"href":"https:\/\/multiofertasvip.com\/index.php?rest_route=%2Fwp%2Fv2%2Fproduct_brand&post=34160"},{"taxonomy":"product_cat","embeddable":true,"href":"https:\/\/multiofertasvip.com\/index.php?rest_route=%2Fwp%2Fv2%2Fproduct_cat&post=34160"},{"taxonomy":"product_tag","embeddable":true,"href":"https:\/\/multiofertasvip.com\/index.php?rest_route=%2Fwp%2Fv2%2Fproduct_tag&post=34160"}],"curies":[{"name":"wp","href":"https:\/\/api.w.org\/{rel}","templated":true}]}}