{"id":34115,"date":"2025-08-06T14:54:21","date_gmt":"2025-08-06T20:24:21","guid":{"rendered":"https:\/\/multiofertasvip.com\/?post_type=product&#038;p=34115"},"modified":"2025-08-06T15:08:30","modified_gmt":"2025-08-06T20:38:30","slug":"curso-coaching-neuro-emocional-mario-posanzini","status":"publish","type":"product","link":"https:\/\/multiofertasvip.com\/?product=curso-coaching-neuro-emocional-mario-posanzini","title":{"rendered":"Curso Coaching Neuro Emocional Mario Posanzini"},"content":{"rendered":"<p>La ciencia hoy nos demuestra que detr\u00e1s de cada s\u00edntoma, detr\u00e1s de cada enfermedad, hay una emoci\u00f3n que la genera. Descubre en esta formaci\u00f3n el impacto que tienen las emociones en nuestra biolog\u00eda, en nuestro organismo, y c\u00f3mo puedes gestionarlas de forma efectiva. Es una fusi\u00f3n que une al Coaching Ontol\u00f3gico con otras importantes disciplinas como por ejemplo PNL (Programaci\u00f3n Neuro Ling\u00fc\u00edstica), Biodescodificaci\u00f3n, Neurociencias, Transgeneracional, F\u00edsica Cu\u00e1ntica y Epigen\u00e9tica Conductual entre otras, logrando una visi\u00f3n absolutamente innovadora, un m\u00e9todo hol\u00edstico que nos invita a seguir evolucionado como seres humanos, con la intensi\u00f3n de trascender nuestras propias creencias limitantes, desarrollando una nueva forma de pensar y de vivir, obteni\u00e9ndose como resultado el mejoramiento de la calidad de vida, el bienestar y la plenitud de las personas. El Coaching Neuro Emocional es una experiencia de vida, una forma de aprender a gestionar las emociones desde una nueva perspectiva, integrando los avances que diferentes ciencias han obtenido hasta el momento, generando una toma de conciencia de la relaci\u00f3n existente entre las emociones y su impacto en el funcionamiento biol\u00f3gico del ser humano. Dirigido a: dirigido a toda persona interesada en su desarrollo personal y en aprender a gestionar sus empociones de una forma asertiva. Si eres Psic\u00f3logo, Coach o Terapeuta, esta formaci\u00f3n potenciar\u00e1 tus conocimientos pudiendo ofrecer un servicio \u00fanico diferenci\u00e1ndote del resto.<\/p>\n","protected":false},"excerpt":{"rendered":"<p>La ciencia hoy nos demuestra que detr\u00e1s de cada s\u00edntoma, detr\u00e1s de cada enfermedad, hay una emoci\u00f3n que la genera. Descubre en esta formaci\u00f3n el impacto que tienen las emociones en nuestra biolog\u00eda, en nuestro organismo, y c\u00f3mo puedes gestionarlas de forma efectiva. Es una fusi\u00f3n que une al Coaching Ontol\u00f3gico con otras importantes disciplinas [&#8230;]\n","protected":false},"featured_media":34117,"template":"","meta":{"_monsterinsights_skip_tracking":false,"_monsterinsights_sitenote_active":false,"_monsterinsights_sitenote_note":"","_monsterinsights_sitenote_category":0,"jetpack_post_was_ever_published":false,"jetpack_publicize_message":"","jetpack_publicize_feature_enabled":true,"jetpack_social_post_already_shared":true,"jetpack_social_options":{"image_generator_settings":{"template":"highway","default_image_id":0,"font":"","enabled":false},"version":2}},"product_brand":[],"product_cat":[32],"product_tag":[263,142,260,211,254,119,251,215,257,249,243,230,182,226,253,236,229,143,228,232,258,234,262,239,220,265,219,225,240,238,140,242,235,244,266,267,248,210,245,212,250,227,255,264,252,217,216,233,261,73,237,231,247,221,246,222,223,224,259,241,256,218,213,214,53],"class_list":{"0":"post-34115","1":"product","2":"type-product","3":"status-publish","4":"has-post-thumbnail","6":"product_cat-sanacion","7":"product_tag-animales","8":"product_tag-avanzado","9":"product_tag-biden","10":"product_tag-billetes","11":"product_tag-bitcoin","12":"product_tag-carrera","13":"product_tag-china","14":"product_tag-christopher-olivarrieta","15":"product_tag-cine","16":"product_tag-coranavirus","17":"product_tag-cultura","18":"product_tag-cursos","19":"product_tag-dinero","20":"product_tag-dios","21":"product_tag-dolar","22":"product_tag-enric-corbera","23":"product_tag-ensenanza-en-casa","24":"product_tag-entidades","25":"product_tag-escuela","26":"product_tag-especialidad","27":"product_tag-estrenos","28":"product_tag-estudios","29":"product_tag-facebook","30":"product_tag-famosos","31":"product_tag-free","32":"product_tag-gatos","33":"product_tag-gratis","34":"product_tag-guerra","35":"product_tag-humor","36":"product_tag-internet","37":"product_tag-jose-palomo","38":"product_tag-juegos","39":"product_tag-lavin","40":"product_tag-manga","41":"product_tag-mercado-libre","42":"product_tag-mercado-pago","43":"product_tag-meteorologia","44":"product_tag-moneda","45":"product_tag-musica","46":"product_tag-nuevo","47":"product_tag-omnicron","48":"product_tag-oracion","49":"product_tag-peliculas","50":"product_tag-perros","51":"product_tag-peso","52":"product_tag-porn","53":"product_tag-porno","54":"product_tag-profesional","55":"product_tag-putin","56":"product_tag-salud","57":"product_tag-sexo","58":"product_tag-talleres","59":"product_tag-television","60":"product_tag-terapias","61":"product_tag-trabajo","62":"product_tag-ucrania","63":"product_tag-ukrania","64":"product_tag-usa","65":"product_tag-vacuna","66":"product_tag-viajes","67":"product_tag-videos","68":"product_tag-xxx","69":"product_tag-youtube","70":"product_tag-youtube-yuen-guadalajara","71":"product_tag-yuen","73":"first","74":"instock","75":"downloadable","76":"virtual","77":"purchasable","78":"product-type-simple"},"jetpack_publicize_connections":[],"jetpack-related-posts":[{"id":30781,"url":"https:\/\/multiofertasvip.com\/?product=sistema-de-renovacion-total-edmundo-velasco","url_meta":{"origin":34115,"position":0},"title":"Sistema de RENOVACI\u00d3N TOTAL-Edmundo Velasco","author":"multiofertasvip","date":"marzo 14, 2023","format":false,"excerpt":"\u00a0 El nuevo sistema en donde el Master Coach Edmundo Velasco y la Dra. Elsa \u00c1vila te entregan todos sus conocimientos y experiencia para RENOVARTE Un concepto \u00fanico. El sistema con los cursos y contenidos m\u00e1s valiosos de Edmundo Velasco y Elsa \u00c1vila recopilados en un s\u00f3lo producto para ayudarte\u2026","rel":"","context":"Entrada similar","block_context":{"text":"Entrada similar","link":""},"img":{"alt_text":"","src":"https:\/\/i0.wp.com\/multiofertasvip.com\/wp-content\/uploads\/2023\/03\/sistema-de-renovacion-total-carpetas-235x300.jpg?resize=350%2C200&ssl=1","width":350,"height":200},"classes":[]},{"id":34769,"url":"https:\/\/multiofertasvip.com\/?product=curso-de-coaching-e-inteligencia-emocional-online-deusto-salud","url_meta":{"origin":34115,"position":1},"title":"Curso de Coaching e Inteligencia Emocional Online- Deusto Salud","author":"multiofertasvip","date":"febrero 10, 2026","format":false,"excerpt":"Transformaci\u00f3n Personal y Profesional: Curso de Coaching e Inteligencia Emocional Online \u00bfTe gustar\u00eda convertirte en la mejor versi\u00f3n de ti mismo y ayudar a otros a hacer lo mismo? \u00a1Este es el momento perfecto para dar el primer paso! Te presentamos nuestro\u00a0Curso de Coaching e Inteligencia Emocional Online, dise\u00f1ado espec\u00edficamente\u2026","rel":"","context":"Entrada similar","block_context":{"text":"Entrada similar","link":""},"img":{"alt_text":"","src":"https:\/\/i0.wp.com\/multiofertasvip.com\/wp-content\/uploads\/2026\/02\/COACHING.jpg?fit=200%2C200&ssl=1&resize=350%2C200","width":350,"height":200},"classes":[]},{"id":34809,"url":"https:\/\/multiofertasvip.com\/?product=enfermedades-detras-de-no-disfrutar-de-la-dulzura-de-la-vida-integrativo","url_meta":{"origin":34115,"position":2},"title":"Enfermedades detr\u00e1s de no disfrutar de la Dulzura de la Vida-Integrativo","author":"multiofertasvip","date":"febrero 18, 2026","format":false,"excerpt":"\u00a1Descubre el Secreto Detr\u00e1s de Tu Bienestar! \ud83c\udf43\u2728 \u00bfTe has sentido alguna vez atrapado en la rutina diaria, sin poder disfrutar de los peque\u00f1os placeres que la vida tiene para ofrecer? \u00bfCrees que la dulzura de la vida es solo para otros? Te presentamos nuestro innovador curso\u00a0\u00abEnfermedades Detr\u00e1s de No\u2026","rel":"","context":"Entrada similar","block_context":{"text":"Entrada similar","link":""},"img":{"alt_text":"","src":"https:\/\/i0.wp.com\/multiofertasvip.com\/wp-content\/uploads\/2026\/02\/enfermedades.png?fit=200%2C200&ssl=1&resize=350%2C200","width":350,"height":200},"classes":[]},{"id":35064,"url":"https:\/\/multiofertasvip.com\/?product=formacion-en-sistema-floral-mencion-astrologia-tienditadelalma-2","url_meta":{"origin":34115,"position":3},"title":"Formaci\u00f3n en Sistema Floral (menci\u00f3n Astrolog\u00eda)-Tienditadelalma","author":"multiofertasvip","date":"marzo 13, 2026","format":false,"excerpt":"\u00a0 \u00a0 \u00a0 \u00a0","rel":"","context":"Entrada similar","block_context":{"text":"Entrada similar","link":""},"img":{"alt_text":"","src":"https:\/\/i0.wp.com\/institutolta.com\/wp-content\/uploads\/2024\/04\/411181487_845014527632804_8858129483429620302_n.jpg?resize=350%2C200&ssl=1","width":350,"height":200,"srcset":"https:\/\/i0.wp.com\/institutolta.com\/wp-content\/uploads\/2024\/04\/411181487_845014527632804_8858129483429620302_n.jpg?resize=350%2C200&ssl=1 1x, https:\/\/i0.wp.com\/institutolta.com\/wp-content\/uploads\/2024\/04\/411181487_845014527632804_8858129483429620302_n.jpg?resize=525%2C300&ssl=1 1.5x"},"classes":[]},{"id":35035,"url":"https:\/\/multiofertasvip.com\/?product=curso-coaching-felicidad-todohipno-2","url_meta":{"origin":34115,"position":4},"title":"Curso Coaching Felicidad-TodoHipno","author":"multiofertasvip","date":"marzo 11, 2026","format":false,"excerpt":"\u00a0 \u00a0 \u00a0 \u00a0","rel":"","context":"Entrada similar","block_context":{"text":"Entrada similar","link":""},"img":{"alt_text":"Coaching","src":"https:\/\/i0.wp.com\/www.todohipno.com\/wp-content\/uploads\/2021\/03\/coaching-1080x675.png?resize=350%2C200&ssl=1","width":350,"height":200},"classes":[]},{"id":34804,"url":"https:\/\/multiofertasvip.com\/?product=coaching-para-tu-salud-ejv-y-asociados-sc","url_meta":{"origin":34115,"position":5},"title":"Coaching Para tu Salud EJV y Asociados SC","author":"multiofertasvip","date":"febrero 18, 2026","format":false,"excerpt":"\ud83c\udf1f\u00a0Transforma Tu Vida con el Curso de Coaching Para Tu Salud\u00a0\ud83c\udf1f \u00bfTe sientes atrapado en un ciclo de h\u00e1bitos poco saludables? \u00bfSue\u00f1as con una vida m\u00e1s plena, en\u00e9rgica y equilibrada? \u00a1Es el momento de dar el paso hacia tu bienestar integral! Te presentamos nuestro innovador\u00a0Curso de Coaching Para Tu Salud,\u2026","rel":"","context":"Entrada similar","block_context":{"text":"Entrada similar","link":""},"img":{"alt_text":"","src":"https:\/\/i0.wp.com\/multiofertasvip.com\/wp-content\/uploads\/2026\/02\/coaching-para-la-salud.png?fit=200%2C200&ssl=1&resize=350%2C200","width":350,"height":200},"classes":[]}],"jetpack_sharing_enabled":false,"jetpack_likes_enabled":false,"_links":{"self":[{"href":"https:\/\/multiofertasvip.com\/index.php?rest_route=\/wp\/v2\/product\/34115","targetHints":{"allow":["GET"]}}],"collection":[{"href":"https:\/\/multiofertasvip.com\/index.php?rest_route=\/wp\/v2\/product"}],"about":[{"href":"https:\/\/multiofertasvip.com\/index.php?rest_route=\/wp\/v2\/types\/product"}],"version-history":[{"count":1,"href":"https:\/\/multiofertasvip.com\/index.php?rest_route=\/wp\/v2\/product\/34115\/revisions"}],"predecessor-version":[{"id":34118,"href":"https:\/\/multiofertasvip.com\/index.php?rest_route=\/wp\/v2\/product\/34115\/revisions\/34118"}],"wp:featuredmedia":[{"embeddable":true,"href":"https:\/\/multiofertasvip.com\/index.php?rest_route=\/wp\/v2\/media\/34117"}],"wp:attachment":[{"href":"https:\/\/multiofertasvip.com\/index.php?rest_route=%2Fwp%2Fv2%2Fmedia&parent=34115"}],"wp:term":[{"taxonomy":"product_brand","embeddable":true,"href":"https:\/\/multiofertasvip.com\/index.php?rest_route=%2Fwp%2Fv2%2Fproduct_brand&post=34115"},{"taxonomy":"product_cat","embeddable":true,"href":"https:\/\/multiofertasvip.com\/index.php?rest_route=%2Fwp%2Fv2%2Fproduct_cat&post=34115"},{"taxonomy":"product_tag","embeddable":true,"href":"https:\/\/multiofertasvip.com\/index.php?rest_route=%2Fwp%2Fv2%2Fproduct_tag&post=34115"}],"curies":[{"name":"wp","href":"https:\/\/api.w.org\/{rel}","templated":true}]}}