{"id":34109,"date":"2025-08-06T14:06:01","date_gmt":"2025-08-06T19:36:01","guid":{"rendered":"https:\/\/multiofertasvip.com\/?post_type=product&#038;p=34109"},"modified":"2025-08-06T14:11:31","modified_gmt":"2025-08-06T19:41:31","slug":"dinero-expres-para-ti-vera-carsi","status":"publish","type":"product","link":"https:\/\/multiofertasvip.com\/?product=dinero-expres-para-ti-vera-carsi","title":{"rendered":"Dinero Expr\u00e9s Para Ti-Vera Carsi"},"content":{"rendered":"<div class=\"x14z9mp xat24cr x1lziwak x1vvkbs xtlvy1s x126k92a\">\n<div dir=\"auto\">Para que el dinero ya no duela: no hacerlo, ni no tenerlo ni conservarlo ni dejarlo ir.<\/div>\n<\/div>\n<div class=\"x14z9mp xat24cr x1lziwak x1vvkbs xtlvy1s x126k92a\">\n<div dir=\"auto\">Para que deje de ser el eje y centro del universo.<\/div>\n<\/div>\n<div class=\"x14z9mp xat24cr x1lziwak x1vvkbs xtlvy1s x126k92a\">\n<div dir=\"auto\">\u00bfPor qu\u00e9 es tan dif\u00edcil para ti tener dinero?<\/div>\n<div dir=\"auto\">\u00bfEs un castigo?<\/div>\n<div dir=\"auto\">\u00bfSe puede cambiar?<\/div>\n<div dir=\"auto\">\u00bfHay alg\u00fan secreto que las otras personas saben y t\u00fa desconoces?<\/div>\n<div dir=\"auto\">\u00bfEn verdad puedo aumentar mis flujos de dinero?<\/div>\n<div dir=\"auto\">\u00bfPor qu\u00e9 me siento pobre y me quedo sin dinero a\u00fan ganando grandes cantidades?<\/div>\n<\/div>\n<div class=\"x14z9mp xat24cr x1lziwak x1vvkbs xtlvy1s x126k92a\">\n<div dir=\"auto\">Ven, hagamos magia juntos.<\/div>\n<\/div>\n","protected":false},"excerpt":{"rendered":"<p>Para que el dinero ya no duela: no hacerlo, ni no tenerlo ni conservarlo ni dejarlo ir. Para que deje de ser el eje y centro del universo. \u00bfPor qu\u00e9 es tan dif\u00edcil para ti tener dinero? \u00bfEs un castigo? \u00bfSe puede cambiar? \u00bfHay alg\u00fan secreto que las otras personas saben y t\u00fa desconoces? \u00bfEn [&#8230;]\n","protected":false},"featured_media":34111,"template":"","meta":{"_monsterinsights_skip_tracking":false,"_monsterinsights_sitenote_active":false,"_monsterinsights_sitenote_note":"","_monsterinsights_sitenote_category":0,"jetpack_post_was_ever_published":false,"jetpack_publicize_message":"","jetpack_publicize_feature_enabled":true,"jetpack_social_post_already_shared":true,"jetpack_social_options":{"image_generator_settings":{"template":"highway","default_image_id":0,"font":"","enabled":false},"version":2}},"product_brand":[],"product_cat":[122],"product_tag":[263,142,260,211,254,119,251,215,257,249,243,230,182,226,253,236,229,143,228,232,258,234,262,239,220,265,219,225,240,238,140,242,235,244,266,267,248,210,245,212,250,227,255,264,252,217,216,233,261,73,237,231,247,221,246,222,223,224,259,241,256,218,213,214,53],"class_list":{"0":"post-34109","1":"product","2":"type-product","3":"status-publish","4":"has-post-thumbnail","6":"product_cat-access-consciousness","7":"product_tag-animales","8":"product_tag-avanzado","9":"product_tag-biden","10":"product_tag-billetes","11":"product_tag-bitcoin","12":"product_tag-carrera","13":"product_tag-china","14":"product_tag-christopher-olivarrieta","15":"product_tag-cine","16":"product_tag-coranavirus","17":"product_tag-cultura","18":"product_tag-cursos","19":"product_tag-dinero","20":"product_tag-dios","21":"product_tag-dolar","22":"product_tag-enric-corbera","23":"product_tag-ensenanza-en-casa","24":"product_tag-entidades","25":"product_tag-escuela","26":"product_tag-especialidad","27":"product_tag-estrenos","28":"product_tag-estudios","29":"product_tag-facebook","30":"product_tag-famosos","31":"product_tag-free","32":"product_tag-gatos","33":"product_tag-gratis","34":"product_tag-guerra","35":"product_tag-humor","36":"product_tag-internet","37":"product_tag-jose-palomo","38":"product_tag-juegos","39":"product_tag-lavin","40":"product_tag-manga","41":"product_tag-mercado-libre","42":"product_tag-mercado-pago","43":"product_tag-meteorologia","44":"product_tag-moneda","45":"product_tag-musica","46":"product_tag-nuevo","47":"product_tag-omnicron","48":"product_tag-oracion","49":"product_tag-peliculas","50":"product_tag-perros","51":"product_tag-peso","52":"product_tag-porn","53":"product_tag-porno","54":"product_tag-profesional","55":"product_tag-putin","56":"product_tag-salud","57":"product_tag-sexo","58":"product_tag-talleres","59":"product_tag-television","60":"product_tag-terapias","61":"product_tag-trabajo","62":"product_tag-ucrania","63":"product_tag-ukrania","64":"product_tag-usa","65":"product_tag-vacuna","66":"product_tag-viajes","67":"product_tag-videos","68":"product_tag-xxx","69":"product_tag-youtube","70":"product_tag-youtube-yuen-guadalajara","71":"product_tag-yuen","73":"first","74":"instock","75":"downloadable","76":"virtual","77":"purchasable","78":"product-type-simple"},"jetpack_publicize_connections":[],"jetpack-related-posts":[{"id":30618,"url":"https:\/\/multiofertasvip.com\/?product=masterclass-la-energia-del-dinero-ing-mariana-frenesdo","url_meta":{"origin":34109,"position":0},"title":"Masterclass la energia del dinero-Ing Mariana Frenesdo","author":"multiofertasvip","date":"noviembre 10, 2022","format":false,"excerpt":"\u00a0 \u00a0 \u00a0 \u00a0","rel":"","context":"Entrada similar","block_context":{"text":"Entrada similar","link":""},"img":{"alt_text":"","src":"https:\/\/i0.wp.com\/multiofertasvip.com\/wp-content\/uploads\/2022\/11\/dinero.jpg?fit=200%2C200&ssl=1&resize=350%2C200","width":350,"height":200},"classes":[]},{"id":34088,"url":"https:\/\/multiofertasvip.com\/?product=magia-con-moleculas-hackea-tu-matrix-con-el-dinero-daniela-correa","url_meta":{"origin":34109,"position":1},"title":"Magia con Moleculas Hackea tu Matrix con el Dinero-Daniela Correa","author":"multiofertasvip","date":"junio 29, 2025","format":false,"excerpt":"El dinero no es una recompensa.No llega porque hiciste todo bien.El dinero es una frecuencia, una energ\u00eda, un reflejo de tu nivel de expansi\u00f3n. Esta edici\u00f3n especial de\u00a0Magia con Mol\u00e9culas\u00ae, no es una clase sobre c\u00f3mo administrar mejor tus finanzas.Es una experiencia energ\u00e9tica para cambiar la frecuencia con la que\u2026","rel":"","context":"Entrada similar","block_context":{"text":"Entrada similar","link":""},"img":{"alt_text":"","src":"https:\/\/i0.wp.com\/multiofertasvip.com\/wp-content\/uploads\/2025\/06\/MAGIA-CON-MOLECULAS-HACKEA-TU-MATRIX-CON-EL-DINERO.png?fit=200%2C200&ssl=1&resize=350%2C200","width":350,"height":200},"classes":[]},{"id":33515,"url":"https:\/\/multiofertasvip.com\/?product=felicidad-sin-deudas-3-0-tatiana-arias","url_meta":{"origin":34109,"position":2},"title":"Felicidad Sin Deudas 3.0 Tatiana Arias","author":"multiofertasvip","date":"diciembre 19, 2024","format":false,"excerpt":"Felicidad sin Deudas 3.0 \u00a0\u201cHas Pensado Alguna Vez en Qu\u00e9 Har\u00edas Si el Dinero No Fuera un Problema\u201d \u00bfC\u00f3mo Ser\u00eda Tu Vida si No Tuvieras que Volver a Preocuparte por Pagar Deudas o por estar en D\u00e9ficit? \u00bfC\u00f3mo ser\u00eda tu vida si tuvieras Tranquilidad Financiera? \u00a0 \u00a0 \u00a0 \u00a0 \u00a0\u2026","rel":"","context":"Entrada similar","block_context":{"text":"Entrada similar","link":""},"img":{"alt_text":"","src":"https:\/\/i0.wp.com\/s3.amazonaws.com\/kajabi-storefronts-production\/site\/1912\/images\/nkf9h440ROCq75GCbBy2_Screen%20Shot%202016-06-05%20at%209.53.10%20PM.png?resize=350%2C200&ssl=1","width":350,"height":200},"classes":[]},{"id":30157,"url":"https:\/\/multiofertasvip.com\/?product=curso-conecta-con-el-dinero-sin-esfuerzo-diana-caro","url_meta":{"origin":34109,"position":3},"title":"Curso Conecta con el Dinero sin Esfuerzo-Diana Caro","author":"multiofertasvip","date":"diciembre 10, 2021","format":false,"excerpt":"Descubre los secretos ocultos que bloquean tu relaci\u00f3n con el dinero y comenzar a manifestar desde la fluidez y el GOZO el dinero que deseas.","rel":"","context":"Entrada similar","block_context":{"text":"Entrada similar","link":""},"img":{"alt_text":"","src":"https:\/\/i0.wp.com\/multiofertasvip.com\/wp-content\/uploads\/2021\/12\/conecta-con-el-dinero.jpg?fit=200%2C200&ssl=1&resize=350%2C200","width":350,"height":200},"classes":[]},{"id":30295,"url":"https:\/\/multiofertasvip.com\/?product=taller-dinero-estas-ahi-metodo-mcha","url_meta":{"origin":34109,"position":4},"title":"Taller dinero estas ah\u00ed. M\u00e9todo MCHA","author":"multiofertasvip","date":"abril 8, 2022","format":false,"excerpt":"\u00bfPor qu\u00e9 este curso sobre el dinero? \u00a0 Porque el dinero, en nuestra sociedad, es fundamental. Fundamental porque nos garantiza la supervivencia y nos permite complacernos o complacer a aquellos a los que amamos, \u00a1y tambi\u00e9n es un instrumento de libertad y de poder! As\u00ed que, forzosamente, muchas \u00abcosas\u00bb de\u2026","rel":"","context":"Entrada similar","block_context":{"text":"Entrada similar","link":""},"img":{"alt_text":"","src":"https:\/\/i0.wp.com\/multiofertasvip.com\/wp-content\/uploads\/2022\/04\/taller-dinero-estas-ahi-metodo-mcha.jpg?fit=200%2C200&ssl=1&resize=350%2C200","width":350,"height":200},"classes":[]},{"id":34903,"url":"https:\/\/multiofertasvip.com\/?product=reprograma-tu-relacion-con-el-dinero-begona-del-campo","url_meta":{"origin":34109,"position":5},"title":"Reprograma tu Relaci\u00f3n con el Dinero \u2013 Bego\u00f1a del Campo","author":"multiofertasvip","date":"marzo 2, 2026","format":false,"excerpt":"\u00a1Descubre el poder transformador de tu relaci\u00f3n con el dinero y reg\u00edstrate en nuestro curso \u00abReprograma tu Relaci\u00f3n con el Dinero\u00bb! \ud83c\udf1f \u00bfTe has sentido alguna vez atrapado en un ciclo de estr\u00e9s financiero? \u00bfSientes que tus creencias sobre el dinero limitan tus posibilidades y sue\u00f1os? Este curso est\u00e1 dise\u00f1ado\u2026","rel":"","context":"Entrada similar","block_context":{"text":"Entrada similar","link":""},"img":{"alt_text":"","src":"https:\/\/i0.wp.com\/multiofertasvip.com\/wp-content\/uploads\/2026\/03\/reprograma-tu-relacion-con-el-dinero.png?fit=200%2C200&ssl=1&resize=350%2C200","width":350,"height":200},"classes":[]}],"jetpack_sharing_enabled":false,"jetpack_likes_enabled":false,"_links":{"self":[{"href":"https:\/\/multiofertasvip.com\/index.php?rest_route=\/wp\/v2\/product\/34109","targetHints":{"allow":["GET"]}}],"collection":[{"href":"https:\/\/multiofertasvip.com\/index.php?rest_route=\/wp\/v2\/product"}],"about":[{"href":"https:\/\/multiofertasvip.com\/index.php?rest_route=\/wp\/v2\/types\/product"}],"version-history":[{"count":1,"href":"https:\/\/multiofertasvip.com\/index.php?rest_route=\/wp\/v2\/product\/34109\/revisions"}],"predecessor-version":[{"id":34113,"href":"https:\/\/multiofertasvip.com\/index.php?rest_route=\/wp\/v2\/product\/34109\/revisions\/34113"}],"wp:featuredmedia":[{"embeddable":true,"href":"https:\/\/multiofertasvip.com\/index.php?rest_route=\/wp\/v2\/media\/34111"}],"wp:attachment":[{"href":"https:\/\/multiofertasvip.com\/index.php?rest_route=%2Fwp%2Fv2%2Fmedia&parent=34109"}],"wp:term":[{"taxonomy":"product_brand","embeddable":true,"href":"https:\/\/multiofertasvip.com\/index.php?rest_route=%2Fwp%2Fv2%2Fproduct_brand&post=34109"},{"taxonomy":"product_cat","embeddable":true,"href":"https:\/\/multiofertasvip.com\/index.php?rest_route=%2Fwp%2Fv2%2Fproduct_cat&post=34109"},{"taxonomy":"product_tag","embeddable":true,"href":"https:\/\/multiofertasvip.com\/index.php?rest_route=%2Fwp%2Fv2%2Fproduct_tag&post=34109"}],"curies":[{"name":"wp","href":"https:\/\/api.w.org\/{rel}","templated":true}]}}