{"id":34082,"date":"2025-06-25T14:56:04","date_gmt":"2025-06-25T20:26:04","guid":{"rendered":"https:\/\/multiofertasvip.com\/?post_type=product&#038;p=34082"},"modified":"2025-06-25T15:01:17","modified_gmt":"2025-06-25T20:31:17","slug":"creador-cuantico-miguel-santos-cosmico","status":"publish","type":"product","link":"https:\/\/multiofertasvip.com\/?product=creador-cuantico-miguel-santos-cosmico","title":{"rendered":"Creador Cuantico Miguel Santos Cosmico"},"content":{"rendered":"<div class=\"content-inner\" dir=\"auto\">\n<div class=\"text-content clearfix with-meta\" dir=\"auto\">\u00bfTe gustar\u00eda descubrir herramientas poderosas para moldear tu futuro y crear una realidad alineada con tus sue\u00f1os?<\/p>\n<p>\u00a1Ha llegado el momento de ACTIVAR EL PORTAL DE CREACI\u00d3N CU\u00c1NTICA!<br \/>\nEN ESTE CURSO APRENDER\u00c1S:<br \/>\nC\u00f3mo se crea la REALIDAD<\/p>\n<p>C\u00f3mo abrir el PORTAL C\u00d3SMICO que Ilena el mundo f\u00edsico<\/p>\n<p>Los 3 ATAJOS que desbloquean TU PODER CU\u00c1NTICO<\/p>\n<p>CREAR LA REALIDAD QUE SO\u00d1ABAS<\/p>\n<p>Y los secretos de porque s\u00ed puedes crear SALUD Y RIQUEZA ILIMITADA<br \/>\nQu\u00e9 lograr\u00e1s<br \/>\nEmpoderamiento Personal<br \/>\nAprender\u00e1s t\u00e9cnicas para dise\u00f1ar una realidad alineada con tus verdaderos deseos y metas, aumentando tu confianza y autoestima.<br \/>\nEliminar tus creencias limitantes<br \/>\nDescubrir\u00e1s m\u00e9todos para superar estos pensamientos negativos, desarrollar\u00e1s una autoestima m\u00e1s s\u00f3lida, lo que te permitir\u00e1 afrontar desaf\u00edos.<br \/>\nConexi\u00f3n Espiritual Profunda<br \/>\nA trav\u00e9s de la creaci\u00f3n cu\u00e1ntica, podr\u00e1s conectar m\u00e1s profundamente con tu esencia espiritual y el universo.<span class=\"MessageMeta\" dir=\"ltr\" data-ignore-on-paste=\"true\"><span class=\"message-views\" title=\"Views: 97\">97<\/span><i class=\"icon icon-channelviews\" aria-hidden=\"true\"><\/i><span class=\"message-time\">08:18\u00a0AM<\/span><\/span><\/div>\n<\/div>\n<div class=\"message-action-buttons\"><\/div>\n","protected":false},"excerpt":{"rendered":"<p>\u00bfTe gustar\u00eda descubrir herramientas poderosas para moldear tu futuro y crear una realidad alineada con tus sue\u00f1os? \u00a1Ha llegado el momento de ACTIVAR EL PORTAL DE CREACI\u00d3N CU\u00c1NTICA! EN ESTE CURSO APRENDER\u00c1S: C\u00f3mo se crea la REALIDAD C\u00f3mo abrir el PORTAL C\u00d3SMICO que Ilena el mundo f\u00edsico Los 3 ATAJOS que desbloquean TU PODER CU\u00c1NTICO [&#8230;]\n","protected":false},"featured_media":34085,"template":"","meta":{"_monsterinsights_skip_tracking":false,"_monsterinsights_sitenote_active":false,"_monsterinsights_sitenote_note":"","_monsterinsights_sitenote_category":0,"jetpack_post_was_ever_published":false,"jetpack_publicize_message":"","jetpack_publicize_feature_enabled":true,"jetpack_social_post_already_shared":true,"jetpack_social_options":{"image_generator_settings":{"template":"highway","default_image_id":0,"font":"","enabled":false},"version":2}},"product_brand":[],"product_cat":[96,32],"product_tag":[263,142,260,211,254,119,251,215,257,249,243,230,182,226,253,236,229,143,228,232,258,234,262,239,220,265,219,225,240,238,140,242,235,244,266,267,248,210,245,212,250,227,255,264,252,217,216,233,261,73,237,231,247,221,246,222,223,224,259,241,256,218,213,214,53],"class_list":{"0":"post-34082","1":"product","2":"type-product","3":"status-publish","4":"has-post-thumbnail","6":"product_cat-biomagnetismo","7":"product_cat-sanacion","8":"product_tag-animales","9":"product_tag-avanzado","10":"product_tag-biden","11":"product_tag-billetes","12":"product_tag-bitcoin","13":"product_tag-carrera","14":"product_tag-china","15":"product_tag-christopher-olivarrieta","16":"product_tag-cine","17":"product_tag-coranavirus","18":"product_tag-cultura","19":"product_tag-cursos","20":"product_tag-dinero","21":"product_tag-dios","22":"product_tag-dolar","23":"product_tag-enric-corbera","24":"product_tag-ensenanza-en-casa","25":"product_tag-entidades","26":"product_tag-escuela","27":"product_tag-especialidad","28":"product_tag-estrenos","29":"product_tag-estudios","30":"product_tag-facebook","31":"product_tag-famosos","32":"product_tag-free","33":"product_tag-gatos","34":"product_tag-gratis","35":"product_tag-guerra","36":"product_tag-humor","37":"product_tag-internet","38":"product_tag-jose-palomo","39":"product_tag-juegos","40":"product_tag-lavin","41":"product_tag-manga","42":"product_tag-mercado-libre","43":"product_tag-mercado-pago","44":"product_tag-meteorologia","45":"product_tag-moneda","46":"product_tag-musica","47":"product_tag-nuevo","48":"product_tag-omnicron","49":"product_tag-oracion","50":"product_tag-peliculas","51":"product_tag-perros","52":"product_tag-peso","53":"product_tag-porn","54":"product_tag-porno","55":"product_tag-profesional","56":"product_tag-putin","57":"product_tag-salud","58":"product_tag-sexo","59":"product_tag-talleres","60":"product_tag-television","61":"product_tag-terapias","62":"product_tag-trabajo","63":"product_tag-ucrania","64":"product_tag-ukrania","65":"product_tag-usa","66":"product_tag-vacuna","67":"product_tag-viajes","68":"product_tag-videos","69":"product_tag-xxx","70":"product_tag-youtube","71":"product_tag-youtube-yuen-guadalajara","72":"product_tag-yuen","74":"first","75":"instock","76":"downloadable","77":"virtual","78":"purchasable","79":"product-type-simple"},"jetpack_publicize_connections":[],"jetpack-related-posts":[{"id":34076,"url":"https:\/\/multiofertasvip.com\/?product=riqueza-cuantica-miguel-santos-cosmico","url_meta":{"origin":34082,"position":0},"title":"Riqueza Cu\u00e1ntica Miguel Santos C\u00f3smico","author":"multiofertasvip","date":"junio 25, 2025","format":false,"excerpt":"Descubre los secretos de la Riqueza Cu\u00e1ntica \u00a0\u00bfSab\u00edas que puedes transformar tu realidad financiera conectando con el Campo Cu\u00e1ntico? \u00a0Este curso te llevar\u00e1 a un viaje extraordinario donde aprender\u00e1s a reprogramar tu mente, desbloquear tus creencias limitantes y alinear tu energ\u00eda con la abundancia infinita. \u00a0Temas clave que explorar\u00e1s: Por\u2026","rel":"","context":"Entrada similar","block_context":{"text":"Entrada similar","link":""},"img":{"alt_text":"","src":"https:\/\/i0.wp.com\/multiofertasvip.com\/wp-content\/uploads\/2025\/06\/riqueza-cuantica.jpg?fit=200%2C200&ssl=1&resize=350%2C200","width":350,"height":200},"classes":[]},{"id":33348,"url":"https:\/\/multiofertasvip.com\/?product=tecnologia-multidimensional-mujer-holistica","url_meta":{"origin":34082,"position":1},"title":"Tecnolog\u00eda Multidimensional &#8211; Mujer Hol\u00edstica","author":"multiofertasvip","date":"noviembre 24, 2024","format":false,"excerpt":"TECNOLOG\u00cdA ENERG\u00c9TICA AVANZADA EL JUEGO DE LA CREACI\u00d3N DE LA REALIDAD IMAG\u00cdNATE SI PUDIERAS\u2026 \u29bf EXPANDIR EL TIEMPO \u29bf RECIBIR MENSAJES DE SERES DE LUZ DE OTRAS DIMENSIONES \u29bf HACER QUE TUS MANIFESTACIONES OCURRAN M\u00c1S R\u00c1PIDO \u29bf DIVERTIRTE JUGANDO CON LAS LEYES UNIVERSALES \u29bf CANALIZAR C\u00d3DIGOS SAGRADOS Y TECNOLOG\u00cdA MULTIDIMENSIONAL\u2026","rel":"","context":"Entrada similar","block_context":{"text":"Entrada similar","link":""},"img":{"alt_text":"","src":"https:\/\/i0.wp.com\/images.squarespace-cdn.com\/content\/v1\/6266ce5a7c74f51187c25b2e\/3a451be9-6819-4186-8008-27f7cf0a5395\/TM_IMAGEN.png?resize=350%2C200&ssl=1","width":350,"height":200,"srcset":"https:\/\/i0.wp.com\/images.squarespace-cdn.com\/content\/v1\/6266ce5a7c74f51187c25b2e\/3a451be9-6819-4186-8008-27f7cf0a5395\/TM_IMAGEN.png?resize=350%2C200&ssl=1 1x, https:\/\/i0.wp.com\/images.squarespace-cdn.com\/content\/v1\/6266ce5a7c74f51187c25b2e\/3a451be9-6819-4186-8008-27f7cf0a5395\/TM_IMAGEN.png?resize=525%2C300&ssl=1 1.5x, https:\/\/i0.wp.com\/images.squarespace-cdn.com\/content\/v1\/6266ce5a7c74f51187c25b2e\/3a451be9-6819-4186-8008-27f7cf0a5395\/TM_IMAGEN.png?resize=700%2C400&ssl=1 2x"},"classes":[]},{"id":34787,"url":"https:\/\/multiofertasvip.com\/?product=cirugias-cuanticas-nivel-1-diciembre-2025-paula-gil-actualizacion","url_meta":{"origin":34082,"position":2},"title":"Cirug\u00edas Cu\u00e1nticas Nivel 1 Diciembre 2025-Paula Gil actualizacion","author":"multiofertasvip","date":"febrero 10, 2026","format":false,"excerpt":"\u00bfTe gusta la energ\u00eda? \u00bfTienes habilidades con la energ\u00eda? \u00bfQuisieras aprenderlas para ti, para tu vida o para aplicarlas en alguien m\u00e1s? \u00bfSiempre has pensado que todo se puede cambiar? \u00a0 Existe una posibilidad grandiosa con las Cirug\u00edas Cu\u00e1nticas Las Cirug\u00edas Cu\u00e1nticas\u00ae\u00a0son una t\u00e9cnica de regeneraci\u00f3n a nivel cu\u00e1ntico que\u2026","rel":"","context":"Entrada similar","block_context":{"text":"Entrada similar","link":""},"img":{"alt_text":"","src":"https:\/\/i0.wp.com\/multiofertasvip.com\/wp-content\/uploads\/2026\/02\/NIVEL-1-CC.jpg?fit=200%2C200&ssl=1&resize=350%2C200","width":350,"height":200},"classes":[]},{"id":33225,"url":"https:\/\/multiofertasvip.com\/?product=cirugias-cuanticas-nivel-1-paula-andrea-gil","url_meta":{"origin":34082,"position":3},"title":"Cirug\u00edas Cu\u00e1nticas Nivel 1-Paula Andrea Gil","author":"multiofertasvip","date":"octubre 4, 2024","format":false,"excerpt":"\u00bfTe gusta la energ\u00eda, tienes habilidades con la energ\u00eda o quieres aprenderlas para ti o para aplicarlas en alguien m\u00e1s? \u00a1Tenemos una posibilidad grandiosa con las cirug\u00edas cu\u00e1nticas! Las cirug\u00edas cu\u00e1nticas son una t\u00e9cnica de regeneraci\u00f3n a nivel cu\u00e1ntico que permite lograr much\u00edsimos beneficios en el cuerpo. Las part\u00edculas cu\u00e1nticas\u2026","rel":"","context":"Entrada similar","block_context":{"text":"Entrada similar","link":""},"img":{"alt_text":"","src":"https:\/\/i0.wp.com\/multiofertasvip.com\/wp-content\/uploads\/2024\/10\/Cirugias-Cuanticas.jpeg?fit=200%2C200&ssl=1&resize=350%2C200","width":350,"height":200},"classes":[]},{"id":34360,"url":"https:\/\/multiofertasvip.com\/?product=muestra-grupal-cirugias-cuanticas-creacion-de-dinero-paula-gil","url_meta":{"origin":34082,"position":4},"title":"Muestra Grupal Cirug\u00edas Cu\u00e1nticas Creacion de Dinero-Paula Gil","author":"multiofertasvip","date":"septiembre 9, 2025","format":false,"excerpt":"El dinero no es solo papel o n\u00fameros en una cuenta bancaria\u2026 es energ\u00eda. Y como toda energ\u00eda,\u00a0responde a la informaci\u00f3n cu\u00e1ntica que hay en tu campo. Si en tu campo cu\u00e1ntico hay informaci\u00f3n de escasez, lucha o sacrificio\u2026 Eso es lo que seguir\u00e1s viviendo con el dinero. Pero, \u00bfqu\u00e9\u2026","rel":"","context":"Entrada similar","block_context":{"text":"Entrada similar","link":""},"img":{"alt_text":"","src":"https:\/\/i0.wp.com\/multiofertasvip.com\/wp-content\/uploads\/2025\/09\/CCC-DINERO.png?fit=200%2C200&ssl=1&resize=350%2C200","width":350,"height":200},"classes":[]},{"id":35400,"url":"https:\/\/multiofertasvip.com\/?product=el-codigo-de-la-cocreacion-nacho-munoz-3","url_meta":{"origin":34082,"position":5},"title":"El Codigo De La Cocreacion \u2013 Nacho Mu\u00f1oz","author":"multiofertasvip","date":"abril 9, 2026","format":false,"excerpt":"\u00a0 \u00a0 \u00a0 \u00a0 \u00a0 \u00a0 \u00a0","rel":"","context":"Entrada similar","block_context":{"text":"Entrada similar","link":""},"img":{"alt_text":"","src":"https:\/\/i0.wp.com\/multiofertasvip.com\/wp-content\/uploads\/2026\/04\/EL-CODIGO-DE-LA-COCREACION.jpg?fit=200%2C200&ssl=1&resize=350%2C200","width":350,"height":200},"classes":[]}],"jetpack_sharing_enabled":false,"jetpack_likes_enabled":false,"_links":{"self":[{"href":"https:\/\/multiofertasvip.com\/index.php?rest_route=\/wp\/v2\/product\/34082","targetHints":{"allow":["GET"]}}],"collection":[{"href":"https:\/\/multiofertasvip.com\/index.php?rest_route=\/wp\/v2\/product"}],"about":[{"href":"https:\/\/multiofertasvip.com\/index.php?rest_route=\/wp\/v2\/types\/product"}],"version-history":[{"count":1,"href":"https:\/\/multiofertasvip.com\/index.php?rest_route=\/wp\/v2\/product\/34082\/revisions"}],"predecessor-version":[{"id":34086,"href":"https:\/\/multiofertasvip.com\/index.php?rest_route=\/wp\/v2\/product\/34082\/revisions\/34086"}],"wp:featuredmedia":[{"embeddable":true,"href":"https:\/\/multiofertasvip.com\/index.php?rest_route=\/wp\/v2\/media\/34085"}],"wp:attachment":[{"href":"https:\/\/multiofertasvip.com\/index.php?rest_route=%2Fwp%2Fv2%2Fmedia&parent=34082"}],"wp:term":[{"taxonomy":"product_brand","embeddable":true,"href":"https:\/\/multiofertasvip.com\/index.php?rest_route=%2Fwp%2Fv2%2Fproduct_brand&post=34082"},{"taxonomy":"product_cat","embeddable":true,"href":"https:\/\/multiofertasvip.com\/index.php?rest_route=%2Fwp%2Fv2%2Fproduct_cat&post=34082"},{"taxonomy":"product_tag","embeddable":true,"href":"https:\/\/multiofertasvip.com\/index.php?rest_route=%2Fwp%2Fv2%2Fproduct_tag&post=34082"}],"curies":[{"name":"wp","href":"https:\/\/api.w.org\/{rel}","templated":true}]}}