{"id":34076,"date":"2025-06-25T14:49:54","date_gmt":"2025-06-25T20:19:54","guid":{"rendered":"https:\/\/multiofertasvip.com\/?post_type=product&#038;p=34076"},"modified":"2025-06-25T15:15:16","modified_gmt":"2025-06-25T20:45:16","slug":"riqueza-cuantica-miguel-santos-cosmico","status":"publish","type":"product","link":"https:\/\/multiofertasvip.com\/?product=riqueza-cuantica-miguel-santos-cosmico","title":{"rendered":"Riqueza Cu\u00e1ntica Miguel Santos C\u00f3smico"},"content":{"rendered":"<div class=\"content-inner\" dir=\"auto\">\n<div class=\"text-content clearfix with-meta\" dir=\"auto\">\n<p>Descubre los secretos de la Riqueza Cu\u00e1ntica <img data-recalc-dims=\"1\" decoding=\"async\" class=\"emoji emoji-small\" draggable=\"false\" src=\"https:\/\/i0.wp.com\/web.telegram.org\/a\/img-apple-64\/1f4b0.png?w=1020&#038;ssl=1\" alt=\"\ud83d\udcb0\" data-path=\".\/img-apple-64\/1f4b0.png\" \/><img data-recalc-dims=\"1\" decoding=\"async\" class=\"emoji emoji-small\" draggable=\"false\" src=\"https:\/\/i0.wp.com\/web.telegram.org\/a\/img-apple-64\/2728.png?w=1020&#038;ssl=1\" alt=\"\u2728\" data-path=\".\/img-apple-64\/2728.png\" \/>\u00a0\u00bfSab\u00edas que puedes transformar tu realidad financiera conectando con el Campo Cu\u00e1ntico? <img data-recalc-dims=\"1\" decoding=\"async\" class=\"emoji emoji-small\" draggable=\"false\" src=\"https:\/\/i0.wp.com\/web.telegram.org\/a\/img-apple-64\/1f30c.png?w=1020&#038;ssl=1\" alt=\"\ud83c\udf0c\" data-path=\".\/img-apple-64\/1f30c.png\" \/>\u00a0Este curso te llevar\u00e1 a un viaje extraordinario donde aprender\u00e1s a reprogramar tu mente, desbloquear tus creencias limitantes y alinear tu energ\u00eda con la abundancia infinita. <img data-recalc-dims=\"1\" decoding=\"async\" class=\"open emoji emoji-small\" draggable=\"false\" src=\"https:\/\/i0.wp.com\/web.telegram.org\/a\/img-apple-64\/1f31f.png?w=1020&#038;ssl=1\" alt=\"\ud83c\udf1f\" data-path=\".\/img-apple-64\/1f31f.png\" \/><\/p>\n<p><img data-recalc-dims=\"1\" decoding=\"async\" class=\"emoji emoji-small\" draggable=\"false\" src=\"https:\/\/i0.wp.com\/web.telegram.org\/a\/img-apple-64\/1f4a1.png?w=1020&#038;ssl=1\" alt=\"\ud83d\udca1\" data-path=\".\/img-apple-64\/1f4a1.png\" \/>\u00a0Temas clave que explorar\u00e1s:<\/p>\n<p>Por qu\u00e9 el dinero es amor y espiritualidad <img data-recalc-dims=\"1\" decoding=\"async\" class=\"open emoji emoji-small\" draggable=\"false\" src=\"https:\/\/i0.wp.com\/web.telegram.org\/a\/img-apple-64\/1f54a.png?w=1020&#038;ssl=1\" alt=\"\ud83d\udd4a\ufe0f\" data-path=\".\/img-apple-64\/1f54a.png\" \/><img data-recalc-dims=\"1\" decoding=\"async\" class=\"open emoji emoji-small\" draggable=\"false\" src=\"https:\/\/i0.wp.com\/web.telegram.org\/a\/img-apple-64\/2764.png?w=1020&#038;ssl=1\" alt=\"\u2764\ufe0f\" data-path=\".\/img-apple-64\/2764.png\" \/><br \/>\nC\u00f3mo el pensamiento cu\u00e1ntico puede multiplicar tu \u00e9xito <img data-recalc-dims=\"1\" decoding=\"async\" class=\"emoji emoji-small\" draggable=\"false\" src=\"https:\/\/i0.wp.com\/web.telegram.org\/a\/img-apple-64\/1f680.png?w=1020&#038;ssl=1\" alt=\"\ud83d\ude80\" data-path=\".\/img-apple-64\/1f680.png\" \/><br \/>\nLos 10 atajos del campo invisible para atraer prosperidad <img data-recalc-dims=\"1\" decoding=\"async\" class=\"open emoji emoji-small\" draggable=\"false\" src=\"https:\/\/i0.wp.com\/web.telegram.org\/a\/img-apple-64\/26a1.png?w=1020&#038;ssl=1\" alt=\"\u26a1\" data-path=\".\/img-apple-64\/26a1.png\" \/><br \/>\nActivar tu portal energ\u00e9tico y despertar tu poder \u00fanico<br \/>\nEste curso no solo te cambia a ti, sino que te empodera para impactar al mundo. <img data-recalc-dims=\"1\" decoding=\"async\" class=\"open emoji emoji-small\" draggable=\"false\" src=\"https:\/\/i0.wp.com\/web.telegram.org\/a\/img-apple-64\/1f30e.png?w=1020&#038;ssl=1\" alt=\"\ud83c\udf0e\" data-path=\".\/img-apple-64\/1f30e.png\" \/>\u00a0\u00a1Es tu momento de abrazar la riqueza que mereces y manifestar el imperio de tus sue\u00f1os! <img data-recalc-dims=\"1\" decoding=\"async\" class=\"emoji emoji-small\" draggable=\"false\" src=\"https:\/\/i0.wp.com\/web.telegram.org\/a\/img-apple-64\/1f451.png?w=1020&#038;ssl=1\" alt=\"\ud83d\udc51\" data-path=\".\/img-apple-64\/1f451.png\" \/><img data-recalc-dims=\"1\" decoding=\"async\" class=\"emoji emoji-small\" draggable=\"false\" src=\"https:\/\/i0.wp.com\/web.telegram.org\/a\/img-apple-64\/1f4bc.png?w=1020&#038;ssl=1\" alt=\"\ud83d\udcbc\" data-path=\".\/img-apple-64\/1f4bc.png\" \/><\/p>\n<p><img data-recalc-dims=\"1\" decoding=\"async\" class=\"emoji emoji-small\" draggable=\"false\" src=\"https:\/\/i0.wp.com\/web.telegram.org\/a\/img-apple-64\/2728.png?w=1020&#038;ssl=1\" alt=\"\u2728\" data-path=\".\/img-apple-64\/2728.png\" \/>\u00a0Atr\u00e9vete a desbloquear tu potencial cu\u00e1ntico. <img data-recalc-dims=\"1\" decoding=\"async\" class=\"open emoji emoji-small\" draggable=\"false\" src=\"https:\/\/i0.wp.com\/web.telegram.org\/a\/img-apple-64\/1f6aa.png?w=1020&#038;ssl=1\" alt=\"\ud83d\udeaa\" data-path=\".\/img-apple-64\/1f6aa.png\" \/><img data-recalc-dims=\"1\" decoding=\"async\" class=\"open emoji emoji-small\" draggable=\"false\" src=\"https:\/\/i0.wp.com\/web.telegram.org\/a\/img-apple-64\/26a1.png?w=1020&#038;ssl=1\" alt=\"\u26a1\" data-path=\".\/img-apple-64\/26a1.png\" \/>\u00a0\u00a1El universo est\u00e1 esperando sorprenderte! <img data-recalc-dims=\"1\" decoding=\"async\" class=\"emoji emoji-small\" draggable=\"false\" src=\"https:\/\/i0.wp.com\/web.telegram.org\/a\/img-apple-64\/1f30c.png?w=1020&#038;ssl=1\" alt=\"\ud83c\udf0c\" data-path=\".\/img-apple-64\/1f30c.png\" \/><br \/>\n\u00bfQu\u00e9 aprender\u00e1s?<br \/>\nConectar con el Campo Cu\u00e1ntico<br \/>\nReprogramar creencias sobre el dinero<br \/>\nComprender la relaci\u00f3n entre dinero y espiritualidad<br \/>\nAlinear el pensamiento cu\u00e1ntico con la creaci\u00f3n de riqueza<br \/>\nActivar y utilizar tu poder energ\u00e9tico<br \/>\nAplicar afirmaciones y atajos del campo invisible<br \/>\nDesarrollar un plan c\u00f3smico para manifestar tus metas<span class=\"MessageMeta\" dir=\"ltr\" data-ignore-on-paste=\"true\"><span class=\"message-views\" title=\"Views: 123\">123<\/span><i class=\"icon icon-channelviews\" aria-hidden=\"true\"><\/i><span class=\"message-time\">06:12\u00a0PM<\/span><\/span><\/p>\n<\/div>\n<\/div>\n<div class=\"message-action-buttons\"><\/div>\n","protected":false},"excerpt":{"rendered":"<p>Descubre los secretos de la Riqueza Cu\u00e1ntica \u00a0\u00bfSab\u00edas que puedes transformar tu realidad financiera conectando con el Campo Cu\u00e1ntico? \u00a0Este curso te llevar\u00e1 a un viaje extraordinario donde aprender\u00e1s a reprogramar tu mente, desbloquear tus creencias limitantes y alinear tu energ\u00eda con la abundancia infinita. \u00a0Temas clave que explorar\u00e1s: Por qu\u00e9 el dinero es amor [&#8230;]\n","protected":false},"featured_media":34079,"template":"","meta":{"_monsterinsights_skip_tracking":false,"_monsterinsights_sitenote_active":false,"_monsterinsights_sitenote_note":"","_monsterinsights_sitenote_category":0,"jetpack_post_was_ever_published":false,"jetpack_publicize_message":"","jetpack_publicize_feature_enabled":true,"jetpack_social_post_already_shared":true,"jetpack_social_options":{"image_generator_settings":{"template":"highway","default_image_id":0,"font":"","enabled":false},"version":2}},"product_brand":[],"product_cat":[96,32],"product_tag":[263,142,260,211,254,119,251,215,257,249,243,230,182,226,253,236,229,143,228,232,258,234,262,239,220,265,219,225,240,238,140,242,235,244,266,267,248,210,245,212,250,227,255,264,252,217,216,233,261,73,237,231,247,221,246,222,223,224,259,241,256,218,213,214,53],"class_list":{"0":"post-34076","1":"product","2":"type-product","3":"status-publish","4":"has-post-thumbnail","6":"product_cat-biomagnetismo","7":"product_cat-sanacion","8":"product_tag-animales","9":"product_tag-avanzado","10":"product_tag-biden","11":"product_tag-billetes","12":"product_tag-bitcoin","13":"product_tag-carrera","14":"product_tag-china","15":"product_tag-christopher-olivarrieta","16":"product_tag-cine","17":"product_tag-coranavirus","18":"product_tag-cultura","19":"product_tag-cursos","20":"product_tag-dinero","21":"product_tag-dios","22":"product_tag-dolar","23":"product_tag-enric-corbera","24":"product_tag-ensenanza-en-casa","25":"product_tag-entidades","26":"product_tag-escuela","27":"product_tag-especialidad","28":"product_tag-estrenos","29":"product_tag-estudios","30":"product_tag-facebook","31":"product_tag-famosos","32":"product_tag-free","33":"product_tag-gatos","34":"product_tag-gratis","35":"product_tag-guerra","36":"product_tag-humor","37":"product_tag-internet","38":"product_tag-jose-palomo","39":"product_tag-juegos","40":"product_tag-lavin","41":"product_tag-manga","42":"product_tag-mercado-libre","43":"product_tag-mercado-pago","44":"product_tag-meteorologia","45":"product_tag-moneda","46":"product_tag-musica","47":"product_tag-nuevo","48":"product_tag-omnicron","49":"product_tag-oracion","50":"product_tag-peliculas","51":"product_tag-perros","52":"product_tag-peso","53":"product_tag-porn","54":"product_tag-porno","55":"product_tag-profesional","56":"product_tag-putin","57":"product_tag-salud","58":"product_tag-sexo","59":"product_tag-talleres","60":"product_tag-television","61":"product_tag-terapias","62":"product_tag-trabajo","63":"product_tag-ucrania","64":"product_tag-ukrania","65":"product_tag-usa","66":"product_tag-vacuna","67":"product_tag-viajes","68":"product_tag-videos","69":"product_tag-xxx","70":"product_tag-youtube","71":"product_tag-youtube-yuen-guadalajara","72":"product_tag-yuen","74":"first","75":"instock","76":"downloadable","77":"virtual","78":"purchasable","79":"product-type-simple"},"jetpack_publicize_connections":[],"jetpack-related-posts":[{"id":30269,"url":"https:\/\/multiofertasvip.com\/?product=activa-tus-finanzas-al-sanar-con-mama-zyntya-felicidad","url_meta":{"origin":34076,"position":0},"title":"Activa tus Finanzas Al Sanar con Mam\u00e1-Zyntya Felicidad","author":"multiofertasvip","date":"marzo 16, 2022","format":false,"excerpt":"Este curso es ideal para todo aquel que a\u00fan no siente merecimiento de la riqueza que por derecho universal le pertenece, no conf\u00eda en s\u00ed mismo para desarrollar su real potencial de prosperidad y quiere saber c\u00f3mo concretar y materializar sus m\u00e1s grandes sue\u00f1os Aunque no lo sab\u00edas, toda tu\u2026","rel":"","context":"Entrada similar","block_context":{"text":"Entrada similar","link":""},"img":{"alt_text":"","src":"https:\/\/i0.wp.com\/multiofertasvip.com\/wp-content\/uploads\/2022\/03\/activa-tus-finanzas-al-sanar-con-mama.png?fit=200%2C200&ssl=1&resize=350%2C200","width":350,"height":200},"classes":[]},{"id":34082,"url":"https:\/\/multiofertasvip.com\/?product=creador-cuantico-miguel-santos-cosmico","url_meta":{"origin":34076,"position":1},"title":"Creador Cuantico Miguel Santos Cosmico","author":"multiofertasvip","date":"junio 25, 2025","format":false,"excerpt":"\u00bfTe gustar\u00eda descubrir herramientas poderosas para moldear tu futuro y crear una realidad alineada con tus sue\u00f1os? \u00a1Ha llegado el momento de ACTIVAR EL PORTAL DE CREACI\u00d3N CU\u00c1NTICA! EN ESTE CURSO APRENDER\u00c1S: C\u00f3mo se crea la REALIDAD C\u00f3mo abrir el PORTAL C\u00d3SMICO que Ilena el mundo f\u00edsico Los 3 ATAJOS\u2026","rel":"","context":"Entrada similar","block_context":{"text":"Entrada similar","link":""},"img":{"alt_text":"","src":"https:\/\/i0.wp.com\/multiofertasvip.com\/wp-content\/uploads\/2025\/06\/creador-cuantico.jpg?fit=200%2C200&ssl=1&resize=350%2C200","width":350,"height":200},"classes":[]},{"id":30618,"url":"https:\/\/multiofertasvip.com\/?product=masterclass-la-energia-del-dinero-ing-mariana-frenesdo","url_meta":{"origin":34076,"position":2},"title":"Masterclass la energia del dinero-Ing Mariana Frenesdo","author":"multiofertasvip","date":"noviembre 10, 2022","format":false,"excerpt":"\u00a0 \u00a0 \u00a0 \u00a0","rel":"","context":"Entrada similar","block_context":{"text":"Entrada similar","link":""},"img":{"alt_text":"","src":"https:\/\/i0.wp.com\/multiofertasvip.com\/wp-content\/uploads\/2022\/11\/dinero.jpg?fit=200%2C200&ssl=1&resize=350%2C200","width":350,"height":200},"classes":[]},{"id":33506,"url":"https:\/\/multiofertasvip.com\/?product=los-secretos-universales-del-dinero-edmundo-velazco","url_meta":{"origin":34076,"position":3},"title":"Los Secretos Universales del Dinero-Edmundo Velazco","author":"multiofertasvip","date":"diciembre 19, 2024","format":false,"excerpt":"Beneficios\u00a0del Programa: Transforma tu relaci\u00f3n con el dinero: Aprende a identificar y eliminar creencias limitantes que te han mantenido estancado y construye una mentalidad que atraiga abundancia. Acelera tu camino hacia la prosperidad: Aplicando t\u00e9cnicas avanzadas de PNL y F\u00edsica Cu\u00e1ntica para multiplicar hasta por cinco veces tu capacidad de\u2026","rel":"","context":"Entrada similar","block_context":{"text":"Entrada similar","link":""},"img":{"alt_text":"","src":"https:\/\/i0.wp.com\/multiofertasvip.com\/wp-content\/uploads\/2024\/12\/secretos.jpg?fit=200%2C200&ssl=1&resize=350%2C200","width":350,"height":200},"classes":[]},{"id":30657,"url":"https:\/\/multiofertasvip.com\/?product=reto-la-energia-del-dinero-mariana-fresnedo","url_meta":{"origin":34076,"position":4},"title":"Reto la Energia del Dinero-Mariana Fresnedo","author":"multiofertasvip","date":"diciembre 20, 2022","format":false,"excerpt":"\u00a0La Energ\u00eda del Dinero\u00a0es el primer paso para crear esta nueva realidad. El regalo m\u00e1s grande de la F\u00edsica Cu\u00e1ntica es darte una explicaci\u00f3n cient\u00edfica y racional de c\u00f3mo funciona la energ\u00eda universal y cuando entiendes eso, sabes por qu\u00e9 es tu responsabilidad reprogramar el cuadro de creencias que tienes\u2026","rel":"","context":"Entrada similar","block_context":{"text":"Entrada similar","link":""},"img":{"alt_text":"","src":"https:\/\/i0.wp.com\/multiofertasvip.com\/wp-content\/uploads\/2022\/12\/reto.jpg?fit=200%2C200&ssl=1&resize=350%2C200","width":350,"height":200},"classes":[]},{"id":29764,"url":"https:\/\/multiofertasvip.com\/?product=taller-de-negocios-dinero-y-ventas-en-video-metodo-yuen-guadalajara","url_meta":{"origin":34076,"position":5},"title":"Taller De Negocios Dinero Y Ventas en Video-Metodo Yuen Guadalajara","author":"multiofertasvip","date":"abril 18, 2021","format":false,"excerpt":"\u00a0 \u00a0 \u00a0 \u00a0 \u00a0 \u00a0 \u00a0","rel":"","context":"Entrada similar","block_context":{"text":"Entrada similar","link":""},"img":{"alt_text":"","src":"https:\/\/i0.wp.com\/multiofertasvip.com\/wp-content\/uploads\/2021\/04\/negocios.jpg?fit=200%2C200&ssl=1&resize=350%2C200","width":350,"height":200},"classes":[]}],"jetpack_sharing_enabled":false,"jetpack_likes_enabled":false,"_links":{"self":[{"href":"https:\/\/multiofertasvip.com\/index.php?rest_route=\/wp\/v2\/product\/34076","targetHints":{"allow":["GET"]}}],"collection":[{"href":"https:\/\/multiofertasvip.com\/index.php?rest_route=\/wp\/v2\/product"}],"about":[{"href":"https:\/\/multiofertasvip.com\/index.php?rest_route=\/wp\/v2\/types\/product"}],"version-history":[{"count":3,"href":"https:\/\/multiofertasvip.com\/index.php?rest_route=\/wp\/v2\/product\/34076\/revisions"}],"predecessor-version":[{"id":34083,"href":"https:\/\/multiofertasvip.com\/index.php?rest_route=\/wp\/v2\/product\/34076\/revisions\/34083"}],"wp:featuredmedia":[{"embeddable":true,"href":"https:\/\/multiofertasvip.com\/index.php?rest_route=\/wp\/v2\/media\/34079"}],"wp:attachment":[{"href":"https:\/\/multiofertasvip.com\/index.php?rest_route=%2Fwp%2Fv2%2Fmedia&parent=34076"}],"wp:term":[{"taxonomy":"product_brand","embeddable":true,"href":"https:\/\/multiofertasvip.com\/index.php?rest_route=%2Fwp%2Fv2%2Fproduct_brand&post=34076"},{"taxonomy":"product_cat","embeddable":true,"href":"https:\/\/multiofertasvip.com\/index.php?rest_route=%2Fwp%2Fv2%2Fproduct_cat&post=34076"},{"taxonomy":"product_tag","embeddable":true,"href":"https:\/\/multiofertasvip.com\/index.php?rest_route=%2Fwp%2Fv2%2Fproduct_tag&post=34076"}],"curies":[{"name":"wp","href":"https:\/\/api.w.org\/{rel}","templated":true}]}}