{"id":34064,"date":"2025-06-24T19:39:49","date_gmt":"2025-06-25T01:09:49","guid":{"rendered":"https:\/\/multiofertasvip.com\/?post_type=product&#038;p=34064"},"modified":"2025-06-24T19:45:16","modified_gmt":"2025-06-25T01:15:16","slug":"disena-la-vida-que-se-te-antoja-psic-ana-arizmendi","status":"publish","type":"product","link":"https:\/\/multiofertasvip.com\/?product=disena-la-vida-que-se-te-antoja-psic-ana-arizmendi","title":{"rendered":"Dise\u00f1a la vida que se te antoja-Psic Ana Arizmendi"},"content":{"rendered":"<h2 class=\"font_2 wixui-rich-text__text\"><span class=\"wixui-rich-text__text\">En este taller de 5 horas:<\/span><\/h2>\n<ul class=\"font_2 wixui-rich-text__text\">\n<li class=\"wixui-rich-text__text\">\n<h2 class=\"font_2 wixui-rich-text__text\"><span class=\"wixui-rich-text__text\">Participar\u00e1s en un\u00a0<\/span>poderoso ritual de cierre de \u00a0a\u00f1o<\/h2>\n<\/li>\n<li class=\"wixui-rich-text__text\">\n<h2 class=\"font_2 wixui-rich-text__text\">Descubrir\u00e1s de qu\u00e9 tienes hambre\u00a0<span class=\"wixui-rich-text__text\">en cada \u00e1rea de tu vida<\/span><\/h2>\n<\/li>\n<li class=\"wixui-rich-text__text\">\n<h2 class=\"font_2 wixui-rich-text__text\">Tomar\u00e1s decisiones<span class=\"wixui-rich-text__text\">\u00a0para dise\u00f1ar tu pr\u00f3ximo a\u00f1o<\/span><\/h2>\n<\/li>\n<li class=\"wixui-rich-text__text\">\n<h2 class=\"font_2 wixui-rich-text__text\">Compartir\u00e1s en un c\u00edrculo seguro y enriquecedor<span class=\"wixui-rich-text__text\">\u00a0de personas que como t\u00fa, quieren vivir una vida deliciosa<\/span><\/h2>\n<\/li>\n<li class=\"wixui-rich-text__text\">\n<h2 class=\"font_2 wixui-rich-text__text\"><span class=\"wixui-rich-text__text\">Aprender\u00e1s a utilizar las\u00a0<\/span>tarjetas Dise\u00f1a la Vida que se te Antoja\u00a0<span class=\"wixui-rich-text__text\">un maravilloso recurso para dar seguimiento a tus objetivos<\/span><\/h2>\n<\/li>\n<li class=\"wixui-rich-text__text\">\n<h2 class=\"font_2 wixui-rich-text__text\">BONO<span class=\"wixui-rich-text__text\">: sesi\u00f3n de seguimiento en junio 2025. \u00a0<\/span><\/h2>\n<\/li>\n<\/ul>\n<h2 class=\"font_2 wixui-rich-text__text\"><span class=\"wixui-rich-text__text\"><span class=\"wixGuard wixui-rich-text__text\">\u200b<\/span><\/span><\/h2>\n<h2 class=\"font_2 wixui-rich-text__text\">Incluye:<\/h2>\n<ul class=\"font_2 wixui-rich-text__text\">\n<li class=\"wixui-rich-text__text\">\n<h2 class=\"font_2 wixui-rich-text__text\"><span class=\"wixui-rich-text__text\">Grabaci\u00f3n disponible por un mes\u00a0<\/span><\/h2>\n<\/li>\n<li class=\"wixui-rich-text__text\">\n<h2 class=\"font_2 wixui-rich-text__text\"><span class=\"wixui-rich-text__text\">Manual descargable<\/span><\/h2>\n<\/li>\n<li class=\"wixui-rich-text__text\">\n<h2 class=\"font_2 wixui-rich-text__text\"><span class=\"wixui-rich-text__text\">Sesi\u00f3n extra en junio de 2025 para hacer un seguimiento a mitad de a\u00f1o\u00a0<\/span><\/h2>\n<\/li>\n<\/ul>\n","protected":false},"excerpt":{"rendered":"<p>En este taller de 5 horas: Participar\u00e1s en un\u00a0poderoso ritual de cierre de \u00a0a\u00f1o Descubrir\u00e1s de qu\u00e9 tienes hambre\u00a0en cada \u00e1rea de tu vida Tomar\u00e1s decisiones\u00a0para dise\u00f1ar tu pr\u00f3ximo a\u00f1o Compartir\u00e1s en un c\u00edrculo seguro y enriquecedor\u00a0de personas que como t\u00fa, quieren vivir una vida deliciosa Aprender\u00e1s a utilizar las\u00a0tarjetas Dise\u00f1a la Vida que se [&#8230;]\n","protected":false},"featured_media":34066,"template":"","meta":{"_monsterinsights_skip_tracking":false,"_monsterinsights_sitenote_active":false,"_monsterinsights_sitenote_note":"","_monsterinsights_sitenote_category":0,"jetpack_post_was_ever_published":false,"jetpack_publicize_message":"","jetpack_publicize_feature_enabled":true,"jetpack_social_post_already_shared":true,"jetpack_social_options":{"image_generator_settings":{"template":"highway","default_image_id":0,"font":"","enabled":false},"version":2}},"product_brand":[],"product_cat":[96],"product_tag":[263,142,260,211,254,119,251,215,257,249,243,230,182,226,253,236,229,143,228,232,258,234,262,239,220,265,219,225,240,238,140,242,235,244,266,267,248,210,245,212,250,227,255,264,252,217,216,233,261,73,237,231,247,221,246,222,223,224,259,241,256,218,213,214,53],"class_list":{"0":"post-34064","1":"product","2":"type-product","3":"status-publish","4":"has-post-thumbnail","6":"product_cat-biomagnetismo","7":"product_tag-animales","8":"product_tag-avanzado","9":"product_tag-biden","10":"product_tag-billetes","11":"product_tag-bitcoin","12":"product_tag-carrera","13":"product_tag-china","14":"product_tag-christopher-olivarrieta","15":"product_tag-cine","16":"product_tag-coranavirus","17":"product_tag-cultura","18":"product_tag-cursos","19":"product_tag-dinero","20":"product_tag-dios","21":"product_tag-dolar","22":"product_tag-enric-corbera","23":"product_tag-ensenanza-en-casa","24":"product_tag-entidades","25":"product_tag-escuela","26":"product_tag-especialidad","27":"product_tag-estrenos","28":"product_tag-estudios","29":"product_tag-facebook","30":"product_tag-famosos","31":"product_tag-free","32":"product_tag-gatos","33":"product_tag-gratis","34":"product_tag-guerra","35":"product_tag-humor","36":"product_tag-internet","37":"product_tag-jose-palomo","38":"product_tag-juegos","39":"product_tag-lavin","40":"product_tag-manga","41":"product_tag-mercado-libre","42":"product_tag-mercado-pago","43":"product_tag-meteorologia","44":"product_tag-moneda","45":"product_tag-musica","46":"product_tag-nuevo","47":"product_tag-omnicron","48":"product_tag-oracion","49":"product_tag-peliculas","50":"product_tag-perros","51":"product_tag-peso","52":"product_tag-porn","53":"product_tag-porno","54":"product_tag-profesional","55":"product_tag-putin","56":"product_tag-salud","57":"product_tag-sexo","58":"product_tag-talleres","59":"product_tag-television","60":"product_tag-terapias","61":"product_tag-trabajo","62":"product_tag-ucrania","63":"product_tag-ukrania","64":"product_tag-usa","65":"product_tag-vacuna","66":"product_tag-viajes","67":"product_tag-videos","68":"product_tag-xxx","69":"product_tag-youtube","70":"product_tag-youtube-yuen-guadalajara","71":"product_tag-yuen","73":"first","74":"instock","75":"downloadable","76":"virtual","77":"purchasable","78":"product-type-simple"},"jetpack_publicize_connections":[],"jetpack-related-posts":[{"id":30725,"url":"https:\/\/multiofertasvip.com\/?product=amo-al-dinero-y-el-dinero-me-ama-a-mi-maria-jose-flaque","url_meta":{"origin":34064,"position":0},"title":"Amo  al dinero y el dinero me ama a mi-Mar\u00eda Jos\u00e9 Flaqu\u00e9","author":"multiofertasvip","date":"febrero 15, 2023","format":false,"excerpt":"EL FUTURO DEL DINERO TE AYUDAR\u00c1: \ud83d\udcb0 Organizar tus finanzas y crear un plan de acci\u00f3n para el 2021 \ud83d\udcb0 Ingresar en la frecuencia EL FUTURO DEL DINERO TE AYUDAR\u00c1: \ud83d\udcb0 Organizar tus finanzas y crear un plan de acci\u00f3n para el 2021 \ud83d\udcb0 Ingresar en la frecuencia de la\u2026","rel":"","context":"Entrada similar","block_context":{"text":"Entrada similar","link":""},"img":{"alt_text":"","src":"https:\/\/i0.wp.com\/multiofertasvip.com\/wp-content\/uploads\/2023\/02\/AMO-EL-DINERO.png?fit=200%2C200&ssl=1&resize=350%2C200","width":350,"height":200},"classes":[]},{"id":30820,"url":"https:\/\/multiofertasvip.com\/?product=access-bar-rituales-de-fin-de-ano-2022-manfred-zepeda","url_meta":{"origin":34064,"position":1},"title":"Access Bar-Rituales de fin de a\u00f1o 2022-Manfred Zepeda","author":"multiofertasvip","date":"agosto 27, 2023","format":false,"excerpt":"Un a\u00f1o m\u00e1s ha pasado y t\u00fa y tu universo son muy diferentes, quisieras crear un a\u00f1o 2022 m\u00e1s generativo y nutritivo? Quisieras dejar de repetir patrones de lo que se muestra en tu vida y crear algo diferente? Te invito a esta clase ONLINE para hacer una limpieza energ\u00e9tica\u2026","rel":"","context":"Entrada similar","block_context":{"text":"Entrada similar","link":""},"img":{"alt_text":"","src":"https:\/\/i0.wp.com\/multiofertasvip.com\/wp-content\/uploads\/2023\/05\/rituales-de-fin-de-ano-2022-access-bar.jpg?fit=200%2C200&ssl=1&resize=350%2C200","width":350,"height":200},"classes":[]},{"id":35242,"url":"https:\/\/multiofertasvip.com\/?product=cambia-tu-mente-cambia-tu-cuerpo-cambia-tu-vida-juan-lucas-martin","url_meta":{"origin":34064,"position":2},"title":"Cambia tu Mente, Cambia tu Cuerpo, Cambia tu Vida Juan Lucas Mart\u00edn","author":"multiofertasvip","date":"marzo 27, 2026","format":false,"excerpt":"\u00a0 \u00a0 \u00a0 \u00a0 \u00a0 \u00a0 \u00a0","rel":"","context":"Entrada similar","block_context":{"text":"Entrada similar","link":""},"img":{"alt_text":"","src":"https:\/\/i0.wp.com\/cursoslux.com\/wp-content\/uploads\/2026\/03\/Screenshot_2-7.png?resize=350%2C200&ssl=1","width":350,"height":200,"srcset":"https:\/\/i0.wp.com\/cursoslux.com\/wp-content\/uploads\/2026\/03\/Screenshot_2-7.png?resize=350%2C200&ssl=1 1x, https:\/\/i0.wp.com\/cursoslux.com\/wp-content\/uploads\/2026\/03\/Screenshot_2-7.png?resize=525%2C300&ssl=1 1.5x, https:\/\/i0.wp.com\/cursoslux.com\/wp-content\/uploads\/2026\/03\/Screenshot_2-7.png?resize=700%2C400&ssl=1 2x"},"classes":[]},{"id":31927,"url":"https:\/\/multiofertasvip.com\/?product=tablero-de-suenos-elma-galvan","url_meta":{"origin":34064,"position":3},"title":"Tablero de sue\u00f1os-Elma Galvan","author":"multiofertasvip","date":"febrero 8, 2024","format":false,"excerpt":"Tablero de sue\u00f1os Actualizando la vida que deseas 2024 El tablero de sue\u00f1os\u00a0(vision board) est\u00e1 dise\u00f1ado para\u00a0conectar con tus objetivos para actualizar y manifestar todos tus sue\u00f1os y deseos\u00a0\u00bfest\u00e1s listo\/a para crear tu 2024? En clase vas a\u00a0dise\u00f1ar un collage de tu 2024, utilizaremos preguntas y herramientas\u00a0para plasmar todo lo\u2026","rel":"","context":"Entrada similar","block_context":{"text":"Entrada similar","link":""},"img":{"alt_text":"","src":"https:\/\/i0.wp.com\/multiofertasvip.com\/wp-content\/uploads\/2024\/02\/tablero-de-suenos-access-consciousness.jpg?fit=200%2C200&ssl=1&resize=350%2C200","width":350,"height":200},"classes":[]},{"id":34804,"url":"https:\/\/multiofertasvip.com\/?product=coaching-para-tu-salud-ejv-y-asociados-sc","url_meta":{"origin":34064,"position":4},"title":"Coaching Para tu Salud EJV y Asociados SC","author":"multiofertasvip","date":"febrero 18, 2026","format":false,"excerpt":"\ud83c\udf1f\u00a0Transforma Tu Vida con el Curso de Coaching Para Tu Salud\u00a0\ud83c\udf1f \u00bfTe sientes atrapado en un ciclo de h\u00e1bitos poco saludables? \u00bfSue\u00f1as con una vida m\u00e1s plena, en\u00e9rgica y equilibrada? \u00a1Es el momento de dar el paso hacia tu bienestar integral! Te presentamos nuestro innovador\u00a0Curso de Coaching Para Tu Salud,\u2026","rel":"","context":"Entrada similar","block_context":{"text":"Entrada similar","link":""},"img":{"alt_text":"","src":"https:\/\/i0.wp.com\/multiofertasvip.com\/wp-content\/uploads\/2026\/02\/coaching-para-la-salud.png?fit=200%2C200&ssl=1&resize=350%2C200","width":350,"height":200},"classes":[]},{"id":34615,"url":"https:\/\/multiofertasvip.com\/?product=el-manifiesto-harry-potra","url_meta":{"origin":34064,"position":5},"title":"El Manifiesto \u2013 Harry Potra","author":"multiofertasvip","date":"diciembre 15, 2025","format":false,"excerpt":"\u00a1Descubre el poder del \u00abManifiesto\u00bb en nuestro curso exclusivo! Aprender\u00e1s a expresar tus ideas y proyectos de manera impactante y efectiva. A trav\u00e9s de ejercicios pr\u00e1cticos y ejemplos inspiradores, desarrollar\u00e1s la habilidad de comunicar tu visi\u00f3n y conectar con tu audiencia. Ideal para emprendedores, creativos y l\u00edderes que desean dejar\u2026","rel":"","context":"Entrada similar","block_context":{"text":"Entrada similar","link":""},"img":{"alt_text":"","src":"https:\/\/i0.wp.com\/multiofertasvip.com\/wp-content\/uploads\/2025\/12\/EL-MANIFIESTO.png?fit=200%2C200&ssl=1&resize=350%2C200","width":350,"height":200},"classes":[]}],"jetpack_sharing_enabled":false,"jetpack_likes_enabled":false,"_links":{"self":[{"href":"https:\/\/multiofertasvip.com\/index.php?rest_route=\/wp\/v2\/product\/34064","targetHints":{"allow":["GET"]}}],"collection":[{"href":"https:\/\/multiofertasvip.com\/index.php?rest_route=\/wp\/v2\/product"}],"about":[{"href":"https:\/\/multiofertasvip.com\/index.php?rest_route=\/wp\/v2\/types\/product"}],"version-history":[{"count":1,"href":"https:\/\/multiofertasvip.com\/index.php?rest_route=\/wp\/v2\/product\/34064\/revisions"}],"predecessor-version":[{"id":34067,"href":"https:\/\/multiofertasvip.com\/index.php?rest_route=\/wp\/v2\/product\/34064\/revisions\/34067"}],"wp:featuredmedia":[{"embeddable":true,"href":"https:\/\/multiofertasvip.com\/index.php?rest_route=\/wp\/v2\/media\/34066"}],"wp:attachment":[{"href":"https:\/\/multiofertasvip.com\/index.php?rest_route=%2Fwp%2Fv2%2Fmedia&parent=34064"}],"wp:term":[{"taxonomy":"product_brand","embeddable":true,"href":"https:\/\/multiofertasvip.com\/index.php?rest_route=%2Fwp%2Fv2%2Fproduct_brand&post=34064"},{"taxonomy":"product_cat","embeddable":true,"href":"https:\/\/multiofertasvip.com\/index.php?rest_route=%2Fwp%2Fv2%2Fproduct_cat&post=34064"},{"taxonomy":"product_tag","embeddable":true,"href":"https:\/\/multiofertasvip.com\/index.php?rest_route=%2Fwp%2Fv2%2Fproduct_tag&post=34064"}],"curies":[{"name":"wp","href":"https:\/\/api.w.org\/{rel}","templated":true}]}}