{"id":34059,"date":"2025-06-24T18:26:18","date_gmt":"2025-06-24T23:56:18","guid":{"rendered":"https:\/\/multiofertasvip.com\/?post_type=product&#038;p=34059"},"modified":"2025-06-24T18:31:59","modified_gmt":"2025-06-25T00:01:59","slug":"biomagnestismo-holistico-cebiom","status":"publish","type":"product","link":"https:\/\/multiofertasvip.com\/?product=biomagnestismo-holistico-cebiom","title":{"rendered":"Biomagnestismo Hol\u00edstico CEBIOM"},"content":{"rendered":"<p><img data-recalc-dims=\"1\" decoding=\"async\" class=\"aligncenter\" src=\"https:\/\/i0.wp.com\/cursosenoferta.com\/amlsup1\/biomagnetismo%20holistico%20CEBIOM%20-%20archivos.jpg?w=1020&#038;ssl=1\" alt=\"xxxxxxxxx\" \/><\/p>\n<p>Curso Biomagnetismo Hol\u00edstico CEBIOM<br \/>\nINCLUYE<\/p>\n<p>-Material Digital<\/p>\n<p>-10 M\u00f3dulos<\/p>\n<p>-Pr\u00e1cticas y Tareas por M\u00f3dulo<\/p>\n<p>-Certificado del Centro de Estudios e Investigaci\u00f3n de Biomagnetismo Hol\u00edstico y T\u00e9cnicas Bioenerg\u00e9ticas para el Desarrollo Humano, A.C. (CEBIOM) y Asociaci\u00f3n Profesional de Naturopat\u00eda y Bioterapia de Espa\u00f1a (APENB)<\/p>\n","protected":false},"excerpt":{"rendered":"<p>Curso Biomagnetismo Hol\u00edstico CEBIOM INCLUYE -Material Digital -10 M\u00f3dulos -Pr\u00e1cticas y Tareas por M\u00f3dulo -Certificado del Centro de Estudios e Investigaci\u00f3n de Biomagnetismo Hol\u00edstico y T\u00e9cnicas Bioenerg\u00e9ticas para el Desarrollo Humano, A.C. (CEBIOM) y Asociaci\u00f3n Profesional de Naturopat\u00eda y Bioterapia de Espa\u00f1a (APENB)<\/p>\n","protected":false},"featured_media":34062,"template":"","meta":{"_monsterinsights_skip_tracking":false,"_monsterinsights_sitenote_active":false,"_monsterinsights_sitenote_note":"","_monsterinsights_sitenote_category":0,"jetpack_post_was_ever_published":false,"jetpack_publicize_message":"","jetpack_publicize_feature_enabled":true,"jetpack_social_post_already_shared":true,"jetpack_social_options":{"image_generator_settings":{"template":"highway","default_image_id":0,"font":"","enabled":false},"version":2}},"product_brand":[],"product_cat":[96],"product_tag":[263,142,260,211,254,119,251,215,257,249,243,230,182,226,253,236,229,143,228,232,258,234,262,239,220,265,219,225,240,238,140,242,235,244,266,267,248,210,245,212,250,227,255,264,252,217,216,233,261,73,237,231,247,221,246,222,223,224,259,241,256,218,213,214,53],"class_list":{"0":"post-34059","1":"product","2":"type-product","3":"status-publish","4":"has-post-thumbnail","6":"product_cat-biomagnetismo","7":"product_tag-animales","8":"product_tag-avanzado","9":"product_tag-biden","10":"product_tag-billetes","11":"product_tag-bitcoin","12":"product_tag-carrera","13":"product_tag-china","14":"product_tag-christopher-olivarrieta","15":"product_tag-cine","16":"product_tag-coranavirus","17":"product_tag-cultura","18":"product_tag-cursos","19":"product_tag-dinero","20":"product_tag-dios","21":"product_tag-dolar","22":"product_tag-enric-corbera","23":"product_tag-ensenanza-en-casa","24":"product_tag-entidades","25":"product_tag-escuela","26":"product_tag-especialidad","27":"product_tag-estrenos","28":"product_tag-estudios","29":"product_tag-facebook","30":"product_tag-famosos","31":"product_tag-free","32":"product_tag-gatos","33":"product_tag-gratis","34":"product_tag-guerra","35":"product_tag-humor","36":"product_tag-internet","37":"product_tag-jose-palomo","38":"product_tag-juegos","39":"product_tag-lavin","40":"product_tag-manga","41":"product_tag-mercado-libre","42":"product_tag-mercado-pago","43":"product_tag-meteorologia","44":"product_tag-moneda","45":"product_tag-musica","46":"product_tag-nuevo","47":"product_tag-omnicron","48":"product_tag-oracion","49":"product_tag-peliculas","50":"product_tag-perros","51":"product_tag-peso","52":"product_tag-porn","53":"product_tag-porno","54":"product_tag-profesional","55":"product_tag-putin","56":"product_tag-salud","57":"product_tag-sexo","58":"product_tag-talleres","59":"product_tag-television","60":"product_tag-terapias","61":"product_tag-trabajo","62":"product_tag-ucrania","63":"product_tag-ukrania","64":"product_tag-usa","65":"product_tag-vacuna","66":"product_tag-viajes","67":"product_tag-videos","68":"product_tag-xxx","69":"product_tag-youtube","70":"product_tag-youtube-yuen-guadalajara","71":"product_tag-yuen","73":"first","74":"instock","75":"downloadable","76":"virtual","77":"purchasable","78":"product-type-simple"},"jetpack_publicize_connections":[],"jetpack-related-posts":[{"id":34054,"url":"https:\/\/multiofertasvip.com\/?product=par-biomagnetico-de-inicio-a-avanzado-mariana-del-hoyo","url_meta":{"origin":34059,"position":0},"title":"Par Biomagnetico de Inicio a Avanzado -Mariana del Hoyo","author":"multiofertasvip","date":"junio 24, 2025","format":false,"excerpt":"\u00bfQu\u00e9 es el Bio-par Magn\u00e9tico? El Par Biomagn\u00e9tico es una terapia no invasiva, alternativa y complementaria que utiliza campos magn\u00e9ticos de mediana intensidad. Los imanes equilibran el pH en \u00e1reas afectadas, eliminan infecciones, bacterias, virus, par\u00e1sitos y hongos, y restauran los flujos energ\u00e9ticos del cuerpo. Adem\u00e1s, contribuyen a liberar emociones\u2026","rel":"","context":"Entrada similar","block_context":{"text":"Entrada similar","link":""},"img":{"alt_text":"","src":"https:\/\/i0.wp.com\/multiofertasvip.com\/wp-content\/uploads\/2025\/06\/PAR-BIOMAGNETICO.png?fit=200%2C200&ssl=1&resize=350%2C200","width":350,"height":200},"classes":[]},{"id":35258,"url":"https:\/\/multiofertasvip.com\/?product=curso-basico-de-biomagnetismo-celia-garcia-2","url_meta":{"origin":34059,"position":1},"title":"Curso B\u00e1sico de Biomagnetismo Celia Garc\u00eda","author":"multiofertasvip","date":"marzo 29, 2026","format":false,"excerpt":"\u00a0 \u00a0 \u00a0 \u00a0 \u00a0 \u00a0 \u00a0","rel":"","context":"Entrada similar","block_context":{"text":"Entrada similar","link":""},"img":{"alt_text":"Curso B\u00e1sico de Biomagnetismo","src":"https:\/\/i0.wp.com\/cursoslux.com\/wp-content\/uploads\/2026\/03\/curso-basico-de-biomagnetismo.jpg?resize=350%2C200&ssl=1","width":350,"height":200},"classes":[]},{"id":29967,"url":"https:\/\/multiofertasvip.com\/?product=curso-par-magnetico-enfoque-pums-en-video-mariana-del-hoyo","url_meta":{"origin":34059,"position":2},"title":"Curso Par Magnetico Enfoque PUMS En Video-Mariana del Hoyo","author":"multiofertasvip","date":"junio 27, 2021","format":false,"excerpt":"Este es un curso muy completo y con mucha informaci\u00f3n, no necesitaas hacer oto nivel de PAR BIOMAGNETICO, podras iniciarte en metodo PUMS optimizacion en rastreos.","rel":"","context":"Entrada similar","block_context":{"text":"Entrada similar","link":""},"img":{"alt_text":"","src":"https:\/\/i0.wp.com\/multiofertasvip.com\/wp-content\/uploads\/2021\/06\/bio.jpg?fit=200%2C200&ssl=1&resize=350%2C200","width":350,"height":200},"classes":[]},{"id":31117,"url":"https:\/\/multiofertasvip.com\/?product=biomagnetismo-aplicado-al-cancer-biopar-vive-sano","url_meta":{"origin":34059,"position":3},"title":"Biomagnetismo aplicado al c\u00e1ncer Biopar Vive Sano","author":"multiofertasvip","date":"diciembre 12, 2023","format":false,"excerpt":"TEMARIO: MODULO 1 PROTOCOLOS PARA APOYO EN CASA DE C\u00c1NCER: \u00b7 C\u00c9RVICO UTERINO \u00b7 HODGKIN \u00b7 M\u00c9DULA \u00b7 PULMONAR \u00b7 \u00daTERO \u00b7 TESTICULO MODULO 2 PROTOCOLOS PARA APOYO EN CASA DE C\u00c1NCER: \u00b7 MAMAS \u00b7 OSTEO \u00b7 MELANOMA \u00b7 PANCREAS \u00b7 RECTO \u00b7 LENGUA \u00b7 SARCOMA","rel":"","context":"Entrada similar","block_context":{"text":"Entrada similar","link":""},"img":{"alt_text":"","src":"https:\/\/i0.wp.com\/multiofertasvip.com\/wp-content\/uploads\/2023\/12\/cancer.png?fit=200%2C200&ssl=1&resize=350%2C200","width":350,"height":200},"classes":[]},{"id":31111,"url":"https:\/\/multiofertasvip.com\/?product=curso-control-de-peso-con-biomagnetismo-biopar-vive-sano","url_meta":{"origin":34059,"position":4},"title":"Curso Control de Peso con Biomagnetismo Biopar Vive Sano","author":"multiofertasvip","date":"diciembre 12, 2023","format":false,"excerpt":"Este taller va dirigido a personas con conocimientos de Biomagnetismo o energ\u00edas Aprende a aplicar imanes terape\u00faticos identificando las emociones de abandono, rechazo, abuso para controlar la ansiedad en la comida. Modulo 1 \u00bfQu\u00e9 problema me da la grasa? Identificar las ausencias \u00bfQu\u00e9 es lo que me seduce? Conflictos del\u2026","rel":"","context":"Entrada similar","block_context":{"text":"Entrada similar","link":""},"img":{"alt_text":"","src":"https:\/\/i0.wp.com\/multiofertasvip.com\/wp-content\/uploads\/2023\/12\/peso.png?fit=200%2C200&ssl=1&resize=350%2C200","width":350,"height":200},"classes":[]},{"id":33348,"url":"https:\/\/multiofertasvip.com\/?product=tecnologia-multidimensional-mujer-holistica","url_meta":{"origin":34059,"position":5},"title":"Tecnolog\u00eda Multidimensional &#8211; Mujer Hol\u00edstica","author":"multiofertasvip","date":"noviembre 24, 2024","format":false,"excerpt":"TECNOLOG\u00cdA ENERG\u00c9TICA AVANZADA EL JUEGO DE LA CREACI\u00d3N DE LA REALIDAD IMAG\u00cdNATE SI PUDIERAS\u2026 \u29bf EXPANDIR EL TIEMPO \u29bf RECIBIR MENSAJES DE SERES DE LUZ DE OTRAS DIMENSIONES \u29bf HACER QUE TUS MANIFESTACIONES OCURRAN M\u00c1S R\u00c1PIDO \u29bf DIVERTIRTE JUGANDO CON LAS LEYES UNIVERSALES \u29bf CANALIZAR C\u00d3DIGOS SAGRADOS Y TECNOLOG\u00cdA MULTIDIMENSIONAL\u2026","rel":"","context":"Entrada similar","block_context":{"text":"Entrada similar","link":""},"img":{"alt_text":"","src":"https:\/\/i0.wp.com\/images.squarespace-cdn.com\/content\/v1\/6266ce5a7c74f51187c25b2e\/3a451be9-6819-4186-8008-27f7cf0a5395\/TM_IMAGEN.png?resize=350%2C200&ssl=1","width":350,"height":200,"srcset":"https:\/\/i0.wp.com\/images.squarespace-cdn.com\/content\/v1\/6266ce5a7c74f51187c25b2e\/3a451be9-6819-4186-8008-27f7cf0a5395\/TM_IMAGEN.png?resize=350%2C200&ssl=1 1x, https:\/\/i0.wp.com\/images.squarespace-cdn.com\/content\/v1\/6266ce5a7c74f51187c25b2e\/3a451be9-6819-4186-8008-27f7cf0a5395\/TM_IMAGEN.png?resize=525%2C300&ssl=1 1.5x, https:\/\/i0.wp.com\/images.squarespace-cdn.com\/content\/v1\/6266ce5a7c74f51187c25b2e\/3a451be9-6819-4186-8008-27f7cf0a5395\/TM_IMAGEN.png?resize=700%2C400&ssl=1 2x"},"classes":[]}],"jetpack_sharing_enabled":false,"jetpack_likes_enabled":false,"_links":{"self":[{"href":"https:\/\/multiofertasvip.com\/index.php?rest_route=\/wp\/v2\/product\/34059","targetHints":{"allow":["GET"]}}],"collection":[{"href":"https:\/\/multiofertasvip.com\/index.php?rest_route=\/wp\/v2\/product"}],"about":[{"href":"https:\/\/multiofertasvip.com\/index.php?rest_route=\/wp\/v2\/types\/product"}],"version-history":[{"count":1,"href":"https:\/\/multiofertasvip.com\/index.php?rest_route=\/wp\/v2\/product\/34059\/revisions"}],"predecessor-version":[{"id":34063,"href":"https:\/\/multiofertasvip.com\/index.php?rest_route=\/wp\/v2\/product\/34059\/revisions\/34063"}],"wp:featuredmedia":[{"embeddable":true,"href":"https:\/\/multiofertasvip.com\/index.php?rest_route=\/wp\/v2\/media\/34062"}],"wp:attachment":[{"href":"https:\/\/multiofertasvip.com\/index.php?rest_route=%2Fwp%2Fv2%2Fmedia&parent=34059"}],"wp:term":[{"taxonomy":"product_brand","embeddable":true,"href":"https:\/\/multiofertasvip.com\/index.php?rest_route=%2Fwp%2Fv2%2Fproduct_brand&post=34059"},{"taxonomy":"product_cat","embeddable":true,"href":"https:\/\/multiofertasvip.com\/index.php?rest_route=%2Fwp%2Fv2%2Fproduct_cat&post=34059"},{"taxonomy":"product_tag","embeddable":true,"href":"https:\/\/multiofertasvip.com\/index.php?rest_route=%2Fwp%2Fv2%2Fproduct_tag&post=34059"}],"curies":[{"name":"wp","href":"https:\/\/api.w.org\/{rel}","templated":true}]}}