{"id":34054,"date":"2025-06-24T18:02:43","date_gmt":"2025-06-24T23:32:43","guid":{"rendered":"https:\/\/multiofertasvip.com\/?post_type=product&#038;p=34054"},"modified":"2025-06-24T18:12:06","modified_gmt":"2025-06-24T23:42:06","slug":"par-biomagnetico-de-inicio-a-avanzado-mariana-del-hoyo","status":"publish","type":"product","link":"https:\/\/multiofertasvip.com\/?product=par-biomagnetico-de-inicio-a-avanzado-mariana-del-hoyo","title":{"rendered":"Par Biomagnetico de Inicio a Avanzado -Mariana del Hoyo"},"content":{"rendered":"<div class=\"elementor-element elementor-element-94ca509 elementor-widget elementor-widget-heading\" data-id=\"94ca509\" data-element_type=\"widget\" data-widget_type=\"heading.default\">\n<div class=\"elementor-widget-container\">\n<h2 class=\"elementor-heading-title elementor-size-default\">\u00bfQu\u00e9 es el Bio-par Magn\u00e9tico?<\/h2>\n<\/div>\n<\/div>\n<div class=\"elementor-element elementor-element-301c2e9 elementor-widget elementor-widget-text-editor\" data-id=\"301c2e9\" data-element_type=\"widget\" data-widget_type=\"text-editor.default\">\n<div class=\"elementor-widget-container\">\n<p>El Par Biomagn\u00e9tico es una terapia no invasiva, alternativa y complementaria que utiliza campos magn\u00e9ticos de mediana intensidad. Los imanes equilibran el pH en \u00e1reas afectadas, eliminan infecciones, bacterias, virus, par\u00e1sitos y hongos, y restauran los flujos energ\u00e9ticos del cuerpo. Adem\u00e1s, contribuyen a liberar emociones atrapadas, logrando la homeostasis del organismo. Esta t\u00e9cnica, descubierta en 1988 por el Dr. Isaac Goiz Dur\u00e1n, ha demostrado resultados extraordinarios desde su implementaci\u00f3n.<\/p>\n<\/div>\n<div class=\"elementor-element elementor-element-72b1e36 elementor-widget elementor-widget-heading\" data-id=\"72b1e36\" data-element_type=\"widget\" data-widget_type=\"heading.default\">\n<div class=\"elementor-widget-container\">\n<h2 class=\"elementor-heading-title elementor-size-default\">\u00bfC\u00f3mo se lleva a cabo la terapia?<\/h2>\n<\/div>\n<\/div>\n<div class=\"elementor-element elementor-element-4a7e3e0 elementor-widget elementor-widget-text-editor\" data-id=\"4a7e3e0\" data-element_type=\"widget\" data-widget_type=\"text-editor.default\">\n<div class=\"elementor-widget-container\">\n<p>A trav\u00e9s de un test kinesiol\u00f3gico, se obtiene una respuesta muscular inteligente desde la mente supraconsciente del consultante. Este m\u00e9todo permite identificar pares biomagn\u00e9ticos relacionados con desequilibrios de acidez o alcalinidad en el cuerpo, donde pueden habitar microorganismos pat\u00f3genos. Aplicando cargas magn\u00e9ticas positivas o negativas, seg\u00fan corresponda, tambi\u00e9n se tratan estados emocionales y psicoespirituales. Actualmente, se han descubierto cerca de mil pares biomagn\u00e9ticos asociados a disfunciones org\u00e1nicas, infecciones, y aspectos emocionales y espirituales.<\/p>\n<div class=\"elementor-element elementor-element-fdf04ae elementor-widget elementor-widget-heading\" data-id=\"fdf04ae\" data-element_type=\"widget\" data-widget_type=\"heading.default\">\n<div class=\"elementor-widget-container\">\n<h2 class=\"elementor-heading-title elementor-size-default\">\u00bfQu\u00e9 significan los niveles en Biomagnetismo?<\/h2>\n<\/div>\n<\/div>\n<div class=\"elementor-element elementor-element-abe0321 elementor-widget elementor-widget-text-editor\" data-id=\"abe0321\" data-element_type=\"widget\" data-widget_type=\"text-editor.default\">\n<div class=\"elementor-widget-container\">\n<p><span lang=\"ES-MX\">Los niveles en Biomagnetismo reflejan la cantidad de pares biomagn\u00e9ticos conocidos y el m\u00e9todo para localizarlos. En la ense\u00f1anza cl\u00e1sica, se cubren 400 pares en dos niveles. Sin embargo, las investigaciones y aportes de diversos maestros han ampliado este n\u00famero a aproximadamente mil pares, lo que permite abordar una mayor variedad de disfunciones y desequilibrios.<\/span><\/p>\n<p><span lang=\"ES-MX\">Durante mi formaci\u00f3n, observ\u00e9 que los niveles tradicionales se organizaban en m\u00f3dulos que var\u00edan en el n\u00famero de pares ense\u00f1ados y las t\u00e9cnicas de rastreo aplicadas. Por ello, dise\u00f1\u00e9 una metodolog\u00eda integral que combina todos los niveles en un curso intensivo y vivencial. Este enfoque permite a los participantes incorporar progresivamente las t\u00e9cnicas de testeo y despolarizaci\u00f3n de pares biomagn\u00e9ticos.<\/span><\/p>\n<div class=\"elementor-element elementor-element-2a68ee1 elementor-widget elementor-widget-heading\" data-id=\"2a68ee1\" data-element_type=\"widget\" data-widget_type=\"heading.default\">\n<div class=\"elementor-widget-container\">\n<h2 class=\"elementor-heading-title elementor-size-default\">\u00bfQu\u00e9 distingue mis cursos de los convencionales?<\/h2>\n<\/div>\n<\/div>\n<div class=\"elementor-element elementor-element-4e85bc7 elementor-widget elementor-widget-text-editor\" data-id=\"4e85bc7\" data-element_type=\"widget\" data-widget_type=\"text-editor.default\">\n<div class=\"elementor-widget-container\">\n<p>Mis cursos fusionan los conocimientos adquiridos de m\u00faltiples maestros de Biomagnetismo con t\u00e9cnicas espirituales de liberaci\u00f3n, ofreciendo una perspectiva hol\u00edstica del consultante. Este enfoque permite resolver aspectos que suelen ser ignorados, como las afecciones emocionales y espirituales.<\/p>\n<p>El curso intensivo capacita al estudiante en un nivel avanzado, eliminando la necesidad de m\u00f3dulos adicionales. Adem\u00e1s, he enriquecido la t\u00e9cnica cl\u00e1sica del Par Biomagn\u00e9tico con:<\/p>\n<ul>\n<li>Rastreo bioenerg\u00e9tico de m\u00e1s de mil pares.<\/li>\n<li>Descubrimiento de nuevos pares y rastreos anat\u00f3micos profundos.<\/li>\n<li>Protocolos avanzados, como el de las \u00c1reas de Brodmann (focalizado en el sistema neuronal).<\/li>\n<li>Ajustes y calibraciones de la columna vertebral.<\/li>\n<li>M\u00e9todos innovadores como el enfoque PUMS y la Bioi\u00f3nica, que permite trabajar sin imanes f\u00edsicos, obteniendo resultados excelentes.<\/li>\n<\/ul>\n<\/div>\n<p>&nbsp;<\/p>\n<\/div>\n<\/div>\n<\/div>\n<\/div>\n<\/div>\n<\/div>\n","protected":false},"excerpt":{"rendered":"<p>\u00bfQu\u00e9 es el Bio-par Magn\u00e9tico? El Par Biomagn\u00e9tico es una terapia no invasiva, alternativa y complementaria que utiliza campos magn\u00e9ticos de mediana intensidad. Los imanes equilibran el pH en \u00e1reas afectadas, eliminan infecciones, bacterias, virus, par\u00e1sitos y hongos, y restauran los flujos energ\u00e9ticos del cuerpo. Adem\u00e1s, contribuyen a liberar emociones atrapadas, logrando la homeostasis del [&#8230;]\n","protected":false},"featured_media":34057,"template":"","meta":{"_monsterinsights_skip_tracking":false,"_monsterinsights_sitenote_active":false,"_monsterinsights_sitenote_note":"","_monsterinsights_sitenote_category":0,"jetpack_post_was_ever_published":false,"jetpack_publicize_message":"","jetpack_publicize_feature_enabled":true,"jetpack_social_post_already_shared":true,"jetpack_social_options":{"image_generator_settings":{"template":"highway","default_image_id":0,"font":"","enabled":false},"version":2}},"product_brand":[],"product_cat":[96],"product_tag":[263,142,260,211,254,119,251,215,257,249,243,230,182,226,253,236,229,143,228,232,258,234,262,239,220,265,219,225,240,238,140,242,235,244,266,267,248,210,245,212,250,227,255,264,252,217,216,233,261,73,237,231,247,221,246,222,223,224,259,241,256,218,213,214,53],"class_list":{"0":"post-34054","1":"product","2":"type-product","3":"status-publish","4":"has-post-thumbnail","6":"product_cat-biomagnetismo","7":"product_tag-animales","8":"product_tag-avanzado","9":"product_tag-biden","10":"product_tag-billetes","11":"product_tag-bitcoin","12":"product_tag-carrera","13":"product_tag-china","14":"product_tag-christopher-olivarrieta","15":"product_tag-cine","16":"product_tag-coranavirus","17":"product_tag-cultura","18":"product_tag-cursos","19":"product_tag-dinero","20":"product_tag-dios","21":"product_tag-dolar","22":"product_tag-enric-corbera","23":"product_tag-ensenanza-en-casa","24":"product_tag-entidades","25":"product_tag-escuela","26":"product_tag-especialidad","27":"product_tag-estrenos","28":"product_tag-estudios","29":"product_tag-facebook","30":"product_tag-famosos","31":"product_tag-free","32":"product_tag-gatos","33":"product_tag-gratis","34":"product_tag-guerra","35":"product_tag-humor","36":"product_tag-internet","37":"product_tag-jose-palomo","38":"product_tag-juegos","39":"product_tag-lavin","40":"product_tag-manga","41":"product_tag-mercado-libre","42":"product_tag-mercado-pago","43":"product_tag-meteorologia","44":"product_tag-moneda","45":"product_tag-musica","46":"product_tag-nuevo","47":"product_tag-omnicron","48":"product_tag-oracion","49":"product_tag-peliculas","50":"product_tag-perros","51":"product_tag-peso","52":"product_tag-porn","53":"product_tag-porno","54":"product_tag-profesional","55":"product_tag-putin","56":"product_tag-salud","57":"product_tag-sexo","58":"product_tag-talleres","59":"product_tag-television","60":"product_tag-terapias","61":"product_tag-trabajo","62":"product_tag-ucrania","63":"product_tag-ukrania","64":"product_tag-usa","65":"product_tag-vacuna","66":"product_tag-viajes","67":"product_tag-videos","68":"product_tag-xxx","69":"product_tag-youtube","70":"product_tag-youtube-yuen-guadalajara","71":"product_tag-yuen","73":"first","74":"instock","75":"downloadable","76":"virtual","77":"purchasable","78":"product-type-simple"},"jetpack_publicize_connections":[],"jetpack-related-posts":[{"id":30108,"url":"https:\/\/multiofertasvip.com\/?product=curso-de-master-en-terapias-magneticas-gersson-lopez","url_meta":{"origin":34054,"position":0},"title":"Curso de Master en Terapias Magneticas-Gersson Lopez","author":"multiofertasvip","date":"noviembre 29, 2021","format":false,"excerpt":"Aprende las distintas herramientas, que te te ofrecen las Terapias Magneticas.","rel":"","context":"Entrada similar","block_context":{"text":"Entrada similar","link":""},"img":{"alt_text":"","src":"https:\/\/i0.wp.com\/multiofertasvip.com\/wp-content\/uploads\/2021\/11\/master-en-terapias.png?fit=200%2C200&ssl=1&resize=350%2C200","width":350,"height":200},"classes":[]},{"id":29967,"url":"https:\/\/multiofertasvip.com\/?product=curso-par-magnetico-enfoque-pums-en-video-mariana-del-hoyo","url_meta":{"origin":34054,"position":1},"title":"Curso Par Magnetico Enfoque PUMS En Video-Mariana del Hoyo","author":"multiofertasvip","date":"junio 27, 2021","format":false,"excerpt":"Este es un curso muy completo y con mucha informaci\u00f3n, no necesitaas hacer oto nivel de PAR BIOMAGNETICO, podras iniciarte en metodo PUMS optimizacion en rastreos.","rel":"","context":"Entrada similar","block_context":{"text":"Entrada similar","link":""},"img":{"alt_text":"","src":"https:\/\/i0.wp.com\/multiofertasvip.com\/wp-content\/uploads\/2021\/06\/bio.jpg?fit=200%2C200&ssl=1&resize=350%2C200","width":350,"height":200},"classes":[]},{"id":31033,"url":"https:\/\/multiofertasvip.com\/?product=biomagnetismo-medico-niveles-i-y-ii-dr-pierre-trillos","url_meta":{"origin":34054,"position":2},"title":"Biomagnetismo M\u00e9dico Niveles I y II-Dr. Pierre Trillos","author":"multiofertasvip","date":"octubre 30, 2023","format":false,"excerpt":"El biomagnetismo es un enfoque revolucionario, cient\u00edfico y terap\u00e9utico del bienestar que difiere de la medicina tradicional, la homeopat\u00eda, las hierbas y las terapias naturales, pero es perfectamente compatible con cualquier otra t\u00e9cnica tradicional o alternativa. Se trata de uno de los usos alternativos de los imanes, que representa un\u2026","rel":"","context":"Entrada similar","block_context":{"text":"Entrada similar","link":""},"img":{"alt_text":"","src":"https:\/\/i0.wp.com\/multiofertasvip.com\/wp-content\/uploads\/2023\/10\/Captura-300x126.jpg?resize=350%2C200&ssl=1","width":350,"height":200},"classes":[]},{"id":31101,"url":"https:\/\/multiofertasvip.com\/?product=bases-fundamentales-del-biomagnetismo-biopar-vive-sano","url_meta":{"origin":34054,"position":3},"title":"Bases Fundamentales del Biomagnetismo Biopar Vive Sano","author":"multiofertasvip","date":"diciembre 12, 2023","format":false,"excerpt":"TEMARIO: - HISTORIA DEL BIOMAGNETISMO - FUNDAMENTOS DEL BIOMAGNETISMO - POLARIDADES DE LOS IMANES - DIFERENCIA ENTRE LOS DOS POLOS - TIPO DE IMANES - EQUILIBRIO - REESTRICCIONES Y REGLAS - COMO APLICAR EL PAR MAGN\u00c9TICO","rel":"","context":"Entrada similar","block_context":{"text":"Entrada similar","link":""},"img":{"alt_text":"","src":"https:\/\/i0.wp.com\/multiofertasvip.com\/wp-content\/uploads\/2023\/12\/iniciacion.png?fit=200%2C200&ssl=1&resize=350%2C200","width":350,"height":200},"classes":[]},{"id":31040,"url":"https:\/\/multiofertasvip.com\/?product=terapia-magnetica-para-mascotas-fabiana-perrone","url_meta":{"origin":34054,"position":4},"title":"Terapia magn\u00e9tica para mascotas-Fabiana Perrone","author":"multiofertasvip","date":"octubre 31, 2023","format":false,"excerpt":"TERAPIA MAGN\u00c9TICA PARA MASCOTAS \u00abTerapia magn\u00e9tica para mascotas: el camino hacia una salud m\u00e1s plena\u00bb \u2193\u2193MIRA EL VIDEO CON ATENCI\u00d3N\u2193\u2193 \u00bfQU\u00c9 ES LA TERAPIA MAGN\u00c9TICA PARA ANIMALES? La\u00a0terapia biomagn\u00e9tica para mascotas\u00a0busca identificar y corregir posibles\u00a0desequilibrios energ\u00e9ticos\u00a0que puedan estar afectando la salud y el bienestar de los animales. Se puede aplicar\u2026","rel":"","context":"Entrada similar","block_context":{"text":"Entrada similar","link":""},"img":{"alt_text":"","src":"","width":0,"height":0},"classes":[]},{"id":31096,"url":"https:\/\/multiofertasvip.com\/?product=biomagnetismo-apoyo-en-casa-biopar-vive-sano","url_meta":{"origin":34054,"position":5},"title":"Biomagnetismo apoyo en casa Biopar Vive Sano","author":"multiofertasvip","date":"diciembre 12, 2023","format":false,"excerpt":"Este taller va dirigido a todas las personas, con o sin conocimiento de Biomagnetismo: - INFLUENZA - RESFRIO COM\u00daN METABOLISMO DEL PANCREAS TIROIDES - TRASTORNOS RESPIRATORIOS GASTRITIS - INFECCI\u00d3N VAGINAL DESBLOQUEO ENERG\u00c9TICO ENERGIA NATURAL - DIABETES - ESTR\u00c9S - ACNE - DIVERTICULOS - EQUILIBRIO EMOCIONAL Objetivo: Aprender a aplicar imanes\u2026","rel":"","context":"Entrada similar","block_context":{"text":"Entrada similar","link":""},"img":{"alt_text":"","src":"https:\/\/i0.wp.com\/multiofertasvip.com\/wp-content\/uploads\/2023\/12\/bapoyo-a-tu-casa.png?fit=200%2C200&ssl=1&resize=350%2C200","width":350,"height":200},"classes":[]}],"jetpack_sharing_enabled":false,"jetpack_likes_enabled":false,"_links":{"self":[{"href":"https:\/\/multiofertasvip.com\/index.php?rest_route=\/wp\/v2\/product\/34054","targetHints":{"allow":["GET"]}}],"collection":[{"href":"https:\/\/multiofertasvip.com\/index.php?rest_route=\/wp\/v2\/product"}],"about":[{"href":"https:\/\/multiofertasvip.com\/index.php?rest_route=\/wp\/v2\/types\/product"}],"version-history":[{"count":2,"href":"https:\/\/multiofertasvip.com\/index.php?rest_route=\/wp\/v2\/product\/34054\/revisions"}],"predecessor-version":[{"id":34060,"href":"https:\/\/multiofertasvip.com\/index.php?rest_route=\/wp\/v2\/product\/34054\/revisions\/34060"}],"wp:featuredmedia":[{"embeddable":true,"href":"https:\/\/multiofertasvip.com\/index.php?rest_route=\/wp\/v2\/media\/34057"}],"wp:attachment":[{"href":"https:\/\/multiofertasvip.com\/index.php?rest_route=%2Fwp%2Fv2%2Fmedia&parent=34054"}],"wp:term":[{"taxonomy":"product_brand","embeddable":true,"href":"https:\/\/multiofertasvip.com\/index.php?rest_route=%2Fwp%2Fv2%2Fproduct_brand&post=34054"},{"taxonomy":"product_cat","embeddable":true,"href":"https:\/\/multiofertasvip.com\/index.php?rest_route=%2Fwp%2Fv2%2Fproduct_cat&post=34054"},{"taxonomy":"product_tag","embeddable":true,"href":"https:\/\/multiofertasvip.com\/index.php?rest_route=%2Fwp%2Fv2%2Fproduct_tag&post=34054"}],"curies":[{"name":"wp","href":"https:\/\/api.w.org\/{rel}","templated":true}]}}