{"id":34043,"date":"2025-06-15T22:06:05","date_gmt":"2025-06-16T03:36:05","guid":{"rendered":"https:\/\/multiofertasvip.com\/?post_type=product&#038;p=34043"},"modified":"2025-06-15T22:09:33","modified_gmt":"2025-06-16T03:39:33","slug":"curso-nivel-3-biomagnetismo-quantico-avelino-hervas","status":"publish","type":"product","link":"https:\/\/multiofertasvip.com\/?product=curso-nivel-3-biomagnetismo-quantico-avelino-hervas","title":{"rendered":"Curso Nivel 3 Biomagnetismo Quantico-Avelino Hervas"},"content":{"rendered":"<p>En este\u00a0<strong>TERCER NIVEL<\/strong>\u00a0se tratar\u00e1 la\u00a0<strong>sanaci\u00f3n Qu\u00e1ntica<\/strong>\u00a0d\u00f3nde trabajamos a nivel\u00a0<strong>ESPIRITUAL<\/strong>\u00a0directamente conectando desde la fuente ya\u00a0<strong>no se requiere hacer chequeos<\/strong>,\u00a0<strong>ni siquiera tener conocimientos de biomagnetismo<\/strong>, pudiendo visualizar las zonas da\u00f1adas y pudiendo hacer operaciones y tambi\u00e9n reparar los desequilibrios qu\u00e1nticamente.\u00a0<strong>Se produce la sanaci\u00f3n espont\u00e1nea<\/strong>.<\/p>\n<p><strong>\u2705 Las 17 llaves de oro del contenido del curso;<\/strong><\/p>\n<ul>\n<li>\ud83d\udddd\ufe0fPrimera llave: Limpieza Karmarmica y energ\u00e9tica<\/li>\n<li>\ud83d\udddd\ufe0fSegunda llave: Ejercicios de Lamaseria<\/li>\n<li>\ud83d\udddd\ufe0fTercera llave: El despertar de la Pineal<\/li>\n<li>\ud83d\udddd\ufe0fCuarta llave: Reestructuraci\u00f3n del ADN<\/li>\n<li>\ud83d\udddd\ufe0fQuinta llave: Reestructuraci\u00f3n de los 4 cuerpos energ\u00e9ticos (cuaternario inferior)<\/li>\n<li>\ud83d\udddd\ufe0fSexta llave: Reestructuraci\u00f3n de los 3 cuerpos Espirituales (triangulo superior)<\/li>\n<li>\ud83d\udddd\ufe0fS\u00e9ptima llave: Auto sanaci\u00f3n<\/li>\n<li>\ud83d\udddd\ufe0fOctava llave: Sanaci\u00f3n presencial<\/li>\n<li>\ud83d\udddd\ufe0fNovena llave: Sanaci\u00f3n a distancia<\/li>\n<li>\ud83d\udddd\ufe0fD\u00e9cima llave: Protecci\u00f3n contra ataques energ\u00e9ticos<\/li>\n<li>\ud83d\udddd\ufe0fUnd\u00e9cima llave: Abrecaminos<\/li>\n<li>\ud83d\udddd\ufe0fDuod\u00e9cima llave: Instalaci\u00f3n 38 s\u00edmbolos Arcturianos<\/li>\n<li>\ud83d\udddd\ufe0fDecimotercera llave: Instalaci\u00f3n de los 24 Diamantes desde la Fuente del Amor Incondicional<\/li>\n<li>\ud83d\udddd\ufe0fDecimocuarta llave: Imanes Qu\u00e1nticos<\/li>\n<li>\ud83d\udddd\ufe0fDecimoquinta llave: Restructuraci\u00f3n y equilibrio de los cuerpos energ\u00e9ticos<\/li>\n<li>\ud83d\udddd\ufe0fDecimosexta llave: Cama sanadora<\/li>\n<li>\ud83d\udddd\ufe0fDecimos\u00e9ptima llave: Frecuencia sanadora del Maestro Jes\u00fas<\/li>\n<\/ul>\n<p>Para lograr eso utilizamos varias t\u00e9cnicas de sanaci\u00f3n f\u00edsica y espiritual, entre ellas;<\/p>\n<p>\ud83d\udcccLa Gnosis,<br \/>\n\ud83d\udcccEl\u00a0budismo tibetano, tambi\u00e9n conocido como lama\u00edsmo, vajray\u0101na,\u00a0budismo t\u00e1ntrico\u00a0o budismo indo-tibetano.<br \/>\n\ud83d\udcccEnse\u00f1anzas de sanaci\u00f3n y espirituales de Sathya Sai Baba<br \/>\n\ud83d\udcccLas antiguas escrituras sagradas de los Esenios, Hilari\u00f3n de Monte Nebo, que nos entreg\u00f3 la llave de oro para descubrir la vida y misi\u00f3n del gran maestro Jashua de Nazaret.<\/p>\n<p>\ud83d\udcccTodo ello unido y adaptado a \u00e9sta nueva era con las nuevas terapias de sanaci\u00f3n Qu\u00e1ntica.<\/p>\n<p>&nbsp;<\/p>\n<p>\ud83d\udc49\ud83c\udffc Nosotros somos esp\u00edritus encarnados en la tierra, todos nosotros estamos vinculados.<br \/>\nSomos el gran \u201d Yo soy\u201d, somos una parte de Dios, y tenemos el poder para llegar tan alto como est\u00e1bamos antes de que lleg\u00e1ramos sobre la tierra.<br \/>\nSeparados por un velo, llamado ego, aunque somos colectivos y por eso podemos auto sanarnos y sanar a los dem\u00e1s.<\/p>\n<p>\u2747\ufe0f El nivel 3 de sanaci\u00f3n espiritual busca el conectarnos de nuevo con la fuente, llegar al archivo universal, lograr el despertar y la elevaci\u00f3n espiritual m\u00e1s alta que puede llegar el ser humano encarnado en la tierra.<\/p>\n","protected":false},"excerpt":{"rendered":"<p>En este\u00a0TERCER NIVEL\u00a0se tratar\u00e1 la\u00a0sanaci\u00f3n Qu\u00e1ntica\u00a0d\u00f3nde trabajamos a nivel\u00a0ESPIRITUAL\u00a0directamente conectando desde la fuente ya\u00a0no se requiere hacer chequeos,\u00a0ni siquiera tener conocimientos de biomagnetismo, pudiendo visualizar las zonas da\u00f1adas y pudiendo hacer operaciones y tambi\u00e9n reparar los desequilibrios qu\u00e1nticamente.\u00a0Se produce la sanaci\u00f3n espont\u00e1nea. \u2705 Las 17 llaves de oro del contenido del curso; \ud83d\udddd\ufe0fPrimera llave: Limpieza [&#8230;]\n","protected":false},"featured_media":34037,"template":"","meta":{"_monsterinsights_skip_tracking":false,"_monsterinsights_sitenote_active":false,"_monsterinsights_sitenote_note":"","_monsterinsights_sitenote_category":0,"jetpack_post_was_ever_published":false,"jetpack_publicize_message":"","jetpack_publicize_feature_enabled":true,"jetpack_social_post_already_shared":true,"jetpack_social_options":{"image_generator_settings":{"template":"highway","default_image_id":0,"font":"","enabled":false},"version":2}},"product_brand":[],"product_cat":[96],"product_tag":[263,142,260,211,254,119,251,215,257,249,243,230,182,226,253,236,229,143,228,232,258,234,262,239,220,265,219,225,240,238,140,242,235,244,266,267,248,210,245,212,250,227,255,264,252,217,216,233,261,73,237,231,247,221,246,222,223,224,259,241,256,218,213,214,53],"class_list":{"0":"post-34043","1":"product","2":"type-product","3":"status-publish","4":"has-post-thumbnail","6":"product_cat-biomagnetismo","7":"product_tag-animales","8":"product_tag-avanzado","9":"product_tag-biden","10":"product_tag-billetes","11":"product_tag-bitcoin","12":"product_tag-carrera","13":"product_tag-china","14":"product_tag-christopher-olivarrieta","15":"product_tag-cine","16":"product_tag-coranavirus","17":"product_tag-cultura","18":"product_tag-cursos","19":"product_tag-dinero","20":"product_tag-dios","21":"product_tag-dolar","22":"product_tag-enric-corbera","23":"product_tag-ensenanza-en-casa","24":"product_tag-entidades","25":"product_tag-escuela","26":"product_tag-especialidad","27":"product_tag-estrenos","28":"product_tag-estudios","29":"product_tag-facebook","30":"product_tag-famosos","31":"product_tag-free","32":"product_tag-gatos","33":"product_tag-gratis","34":"product_tag-guerra","35":"product_tag-humor","36":"product_tag-internet","37":"product_tag-jose-palomo","38":"product_tag-juegos","39":"product_tag-lavin","40":"product_tag-manga","41":"product_tag-mercado-libre","42":"product_tag-mercado-pago","43":"product_tag-meteorologia","44":"product_tag-moneda","45":"product_tag-musica","46":"product_tag-nuevo","47":"product_tag-omnicron","48":"product_tag-oracion","49":"product_tag-peliculas","50":"product_tag-perros","51":"product_tag-peso","52":"product_tag-porn","53":"product_tag-porno","54":"product_tag-profesional","55":"product_tag-putin","56":"product_tag-salud","57":"product_tag-sexo","58":"product_tag-talleres","59":"product_tag-television","60":"product_tag-terapias","61":"product_tag-trabajo","62":"product_tag-ucrania","63":"product_tag-ukrania","64":"product_tag-usa","65":"product_tag-vacuna","66":"product_tag-viajes","67":"product_tag-videos","68":"product_tag-xxx","69":"product_tag-youtube","70":"product_tag-youtube-yuen-guadalajara","71":"product_tag-yuen","73":"first","74":"instock","75":"downloadable","76":"virtual","77":"purchasable","78":"product-type-simple"},"jetpack_publicize_connections":[],"jetpack-related-posts":[{"id":30970,"url":"https:\/\/multiofertasvip.com\/?product=la-llave-de-tu-cuerpo-agradece-elma-galvan","url_meta":{"origin":34043,"position":0},"title":"La Llave de tu Cuerpo Agradece-Elma Galvan","author":"multiofertasvip","date":"septiembre 6, 2023","format":false,"excerpt":"Restablece la comunicaci\u00f3n con tu cuerpo a trav\u00e9s de esta exploraci\u00f3n guiada por la Facilitadora Certificada de Access Consiusness Elma Galv\u00e1n, e inv\u00edtalo a ser la potencia que realmente es. Con\u00e9ctate con nosotros desde su clase de\u00a03 D\u00edas de Cuerpoen Colombia\u00a0y disfruta de la magia y los misterios disponibles para\u2026","rel":"","context":"Entrada similar","block_context":{"text":"Entrada similar","link":""},"img":{"alt_text":"","src":"https:\/\/i0.wp.com\/multiofertasvip.com\/wp-content\/uploads\/2023\/09\/la-llave.jpg?fit=200%2C200&ssl=1&resize=350%2C200","width":350,"height":200},"classes":[]},{"id":34040,"url":"https:\/\/multiofertasvip.com\/?product=curso-nivel-2-biomagnetismo-quantico-avelino-hervas","url_meta":{"origin":34043,"position":1},"title":"Curso Nivel 2 Biomagnetismo Quantico-Avelino Hervas","author":"multiofertasvip","date":"junio 15, 2025","format":false,"excerpt":"En este SEGUNDO NIVEL\u00a0se tratar\u00e1 el Biomagnetismo Qu\u00e1ntico d\u00f3nde trabajamos m\u00e1s desde el plano\u00a0ENERG\u00c9TICO, ya no utilizamos imanes f\u00edsicos ni medicamentos f\u00edsicos, aqu\u00ed tambi\u00e9n utilizamos las l\u00e1minas especiales para enfermedades a modo de radi\u00f3nica. \u00bfQu\u00e9 aprender\u00e1s? Qu\u00e9 es el Biomagnetismo Qu\u00e1ntico La meditaci\u00f3n guiada de Theta Healing para subir al\u2026","rel":"","context":"Entrada similar","block_context":{"text":"Entrada similar","link":""},"img":{"alt_text":"","src":"https:\/\/i0.wp.com\/multiofertasvip.com\/wp-content\/uploads\/2025\/06\/BQN2.jpg?fit=200%2C200&ssl=1&resize=350%2C200","width":350,"height":200},"classes":[]},{"id":34034,"url":"https:\/\/multiofertasvip.com\/?product=curso-nivel-1-biomagnetismo-quantico-avelino-hervas","url_meta":{"origin":34043,"position":2},"title":"Curso Nivel 1 Biomagnetismo Quantico-Avelino Hervas","author":"multiofertasvip","date":"junio 15, 2025","format":false,"excerpt":"En este\u00a0PRIMER NIVEL\u00a0se tratar\u00e1 el par Biomagnetico avanzado enfocado al plano\u00a0F\u00cdSICO\u00a0donde usamos imanes f\u00edsicos. \u00bfQu\u00e9 aprender\u00e1s? \u00a0 Qu\u00e9 es el Par Biomagn\u00e9tico El material que necesitas para poder utilizar la t\u00e9cnica del par Biomagn\u00e9tico (imanes, manual con el protocolo b\u00e1sico) C\u00f3mo hacer tus propios imanes La polaridad de los imanes,\u2026","rel":"","context":"Entrada similar","block_context":{"text":"Entrada similar","link":""},"img":{"alt_text":"","src":"https:\/\/i0.wp.com\/multiofertasvip.com\/wp-content\/uploads\/2025\/06\/BQN1.jpg?fit=200%2C200&ssl=1&resize=350%2C200","width":350,"height":200},"classes":[]},{"id":35112,"url":"https:\/\/multiofertasvip.com\/?product=metodo-yuen-resolucion-final-modulo-10-ypy-academy-2","url_meta":{"origin":34043,"position":3},"title":"Metodo Yuen Resolucion Final Modulo 10 -YPY Academy","author":"multiofertasvip","date":"marzo 17, 2026","format":false,"excerpt":"\u00a0 \u00a0 \u00a0 \u00a0 \u00a0 \u00a0 \u00a0","rel":"","context":"Entrada similar","block_context":{"text":"Entrada similar","link":""},"img":{"alt_text":"","src":"https:\/\/i0.wp.com\/multiofertasvip.com\/wp-content\/uploads\/2026\/03\/YPT-MODULO-10.png?fit=200%2C200&ssl=1&resize=350%2C200","width":350,"height":200},"classes":[]},{"id":30422,"url":"https:\/\/multiofertasvip.com\/?product=metodo-yuen-el-cuerpo-modulo-1-ypy-academy","url_meta":{"origin":34043,"position":4},"title":"Metodo Yuen El Cuerpo Modulo 1-YPY Academy","author":"multiofertasvip","date":"marzo 17, 2026","format":false,"excerpt":"\u00a0 \u00a0 \u00a0 \u00a0 \u00a0 \u00a0 \u00a0","rel":"","context":"Entrada similar","block_context":{"text":"Entrada similar","link":""},"img":{"alt_text":"","src":"https:\/\/i0.wp.com\/multiofertasvip.com\/wp-content\/uploads\/2022\/09\/modulo-1.jpg?fit=200%2C200&ssl=1&resize=350%2C200","width":350,"height":200},"classes":[]},{"id":30436,"url":"https:\/\/multiofertasvip.com\/?product=metodo-yuen-finanzas-modulo-5-ypy-academy","url_meta":{"origin":34043,"position":5},"title":"Metodo Yuen Finanzas Modulo 5-YPY Academy","author":"multiofertasvip","date":"marzo 17, 2026","format":false,"excerpt":"\u00a0 \u00a0 \u00a0 \u00a0 \u00a0 \u00a0 \u00a0","rel":"","context":"Entrada similar","block_context":{"text":"Entrada similar","link":""},"img":{"alt_text":"","src":"https:\/\/i0.wp.com\/multiofertasvip.com\/wp-content\/uploads\/2022\/09\/finanzas.jpg?fit=200%2C200&ssl=1&resize=350%2C200","width":350,"height":200},"classes":[]}],"jetpack_sharing_enabled":false,"jetpack_likes_enabled":false,"_links":{"self":[{"href":"https:\/\/multiofertasvip.com\/index.php?rest_route=\/wp\/v2\/product\/34043","targetHints":{"allow":["GET"]}}],"collection":[{"href":"https:\/\/multiofertasvip.com\/index.php?rest_route=\/wp\/v2\/product"}],"about":[{"href":"https:\/\/multiofertasvip.com\/index.php?rest_route=\/wp\/v2\/types\/product"}],"version-history":[{"count":2,"href":"https:\/\/multiofertasvip.com\/index.php?rest_route=\/wp\/v2\/product\/34043\/revisions"}],"predecessor-version":[{"id":34046,"href":"https:\/\/multiofertasvip.com\/index.php?rest_route=\/wp\/v2\/product\/34043\/revisions\/34046"}],"wp:featuredmedia":[{"embeddable":true,"href":"https:\/\/multiofertasvip.com\/index.php?rest_route=\/wp\/v2\/media\/34037"}],"wp:attachment":[{"href":"https:\/\/multiofertasvip.com\/index.php?rest_route=%2Fwp%2Fv2%2Fmedia&parent=34043"}],"wp:term":[{"taxonomy":"product_brand","embeddable":true,"href":"https:\/\/multiofertasvip.com\/index.php?rest_route=%2Fwp%2Fv2%2Fproduct_brand&post=34043"},{"taxonomy":"product_cat","embeddable":true,"href":"https:\/\/multiofertasvip.com\/index.php?rest_route=%2Fwp%2Fv2%2Fproduct_cat&post=34043"},{"taxonomy":"product_tag","embeddable":true,"href":"https:\/\/multiofertasvip.com\/index.php?rest_route=%2Fwp%2Fv2%2Fproduct_tag&post=34043"}],"curies":[{"name":"wp","href":"https:\/\/api.w.org\/{rel}","templated":true}]}}