{"id":34034,"date":"2025-06-15T21:51:08","date_gmt":"2025-06-16T03:21:08","guid":{"rendered":"https:\/\/multiofertasvip.com\/?post_type=product&#038;p=34034"},"modified":"2025-06-15T21:59:27","modified_gmt":"2025-06-16T03:29:27","slug":"curso-nivel-1-biomagnetismo-quantico-avelino-hervas","status":"publish","type":"product","link":"https:\/\/multiofertasvip.com\/?product=curso-nivel-1-biomagnetismo-quantico-avelino-hervas","title":{"rendered":"Curso Nivel 1 Biomagnetismo Quantico-Avelino Hervas"},"content":{"rendered":"<p>En este\u00a0<strong>PRIMER NIVEL<\/strong>\u00a0se tratar\u00e1 el par Biomagnetico avanzado enfocado al plano\u00a0<strong>F\u00cdSICO<\/strong>\u00a0donde usamos imanes f\u00edsicos.<\/p>\n<h2><strong>\u00bfQu\u00e9 aprender\u00e1s?<\/strong><\/h2>\n<p>&nbsp;<\/p>\n<ol>\n<li>Qu\u00e9 es el Par Biomagn\u00e9tico<\/li>\n<li>El material que necesitas para poder utilizar la t\u00e9cnica del par Biomagn\u00e9tico (imanes, manual con el protocolo b\u00e1sico)<\/li>\n<li>C\u00f3mo hacer tus propios imanes<\/li>\n<li>La polaridad de los imanes, \u00bfC\u00f3mo saberla?<\/li>\n<li>El test kinesiol\u00f3gico en el Par Biomagn\u00e9tico<\/li>\n<li>C\u00f3mo quitar los bloqueos de terapeuta para realizar testeo<\/li>\n<li>Antes de todo, \u00a1aprende a hacerte un auto rastreo!<\/li>\n<li>C\u00f3mo hacer el testeo a otra persona\n<ul>\n<li>La t\u00e9cnica del testeo a trav\u00e9s del protocolo terap\u00e9utico (manual);<\/li>\n<li>Permiso para realizar la terapia;<\/li>\n<li>Rogaci\u00f3n de la mejor\u00eda de la salud en el proceso del impacto;<\/li>\n<li>Cierre del contacto con el usuario y protecci\u00f3n del terapeuta<\/li>\n<\/ul>\n<\/li>\n<li>La t\u00e9cnica de la sanaci\u00f3n a distancia<\/li>\n<li>Biomagnetismo Avanzado<\/li>\n<li>Los pares especiales:\n<ul>\n<li>Coronavirus<\/li>\n<li>Mejorar el sistema inmunol\u00f3gico<\/li>\n<li>Regulaci\u00f3n hormonal<\/li>\n<li>D\u00e9tox<\/li>\n<li>El equilibrio de 7 chakras<\/li>\n<li>Protocolo anti estr\u00e9s<\/li>\n<li>Resecado<\/li>\n<li>Par gen<\/li>\n<li>Eterna juventud y est\u00e9tica<\/li>\n<\/ul>\n<\/li>\n<\/ol>\n","protected":false},"excerpt":{"rendered":"<p>En este\u00a0PRIMER NIVEL\u00a0se tratar\u00e1 el par Biomagnetico avanzado enfocado al plano\u00a0F\u00cdSICO\u00a0donde usamos imanes f\u00edsicos. \u00bfQu\u00e9 aprender\u00e1s? &nbsp; Qu\u00e9 es el Par Biomagn\u00e9tico El material que necesitas para poder utilizar la t\u00e9cnica del par Biomagn\u00e9tico (imanes, manual con el protocolo b\u00e1sico) C\u00f3mo hacer tus propios imanes La polaridad de los imanes, \u00bfC\u00f3mo saberla? El test kinesiol\u00f3gico [&#8230;]\n","protected":false},"featured_media":34035,"template":"","meta":{"_monsterinsights_skip_tracking":false,"_monsterinsights_sitenote_active":false,"_monsterinsights_sitenote_note":"","_monsterinsights_sitenote_category":0,"jetpack_post_was_ever_published":false,"jetpack_publicize_message":"","jetpack_publicize_feature_enabled":true,"jetpack_social_post_already_shared":true,"jetpack_social_options":{"image_generator_settings":{"template":"highway","default_image_id":0,"font":"","enabled":false},"version":2}},"product_brand":[],"product_cat":[96],"product_tag":[263,142,260,211,254,119,251,215,257,249,243,230,182,226,253,236,229,143,228,232,258,234,262,239,220,265,219,225,240,238,140,242,235,244,266,267,248,210,245,212,250,227,255,264,252,217,216,233,261,73,237,231,247,221,246,222,223,224,259,241,256,218,213,214,53],"class_list":{"0":"post-34034","1":"product","2":"type-product","3":"status-publish","4":"has-post-thumbnail","6":"product_cat-biomagnetismo","7":"product_tag-animales","8":"product_tag-avanzado","9":"product_tag-biden","10":"product_tag-billetes","11":"product_tag-bitcoin","12":"product_tag-carrera","13":"product_tag-china","14":"product_tag-christopher-olivarrieta","15":"product_tag-cine","16":"product_tag-coranavirus","17":"product_tag-cultura","18":"product_tag-cursos","19":"product_tag-dinero","20":"product_tag-dios","21":"product_tag-dolar","22":"product_tag-enric-corbera","23":"product_tag-ensenanza-en-casa","24":"product_tag-entidades","25":"product_tag-escuela","26":"product_tag-especialidad","27":"product_tag-estrenos","28":"product_tag-estudios","29":"product_tag-facebook","30":"product_tag-famosos","31":"product_tag-free","32":"product_tag-gatos","33":"product_tag-gratis","34":"product_tag-guerra","35":"product_tag-humor","36":"product_tag-internet","37":"product_tag-jose-palomo","38":"product_tag-juegos","39":"product_tag-lavin","40":"product_tag-manga","41":"product_tag-mercado-libre","42":"product_tag-mercado-pago","43":"product_tag-meteorologia","44":"product_tag-moneda","45":"product_tag-musica","46":"product_tag-nuevo","47":"product_tag-omnicron","48":"product_tag-oracion","49":"product_tag-peliculas","50":"product_tag-perros","51":"product_tag-peso","52":"product_tag-porn","53":"product_tag-porno","54":"product_tag-profesional","55":"product_tag-putin","56":"product_tag-salud","57":"product_tag-sexo","58":"product_tag-talleres","59":"product_tag-television","60":"product_tag-terapias","61":"product_tag-trabajo","62":"product_tag-ucrania","63":"product_tag-ukrania","64":"product_tag-usa","65":"product_tag-vacuna","66":"product_tag-viajes","67":"product_tag-videos","68":"product_tag-xxx","69":"product_tag-youtube","70":"product_tag-youtube-yuen-guadalajara","71":"product_tag-yuen","73":"first","74":"instock","75":"downloadable","76":"virtual","77":"purchasable","78":"product-type-simple"},"jetpack_publicize_connections":[],"jetpack-related-posts":[{"id":34040,"url":"https:\/\/multiofertasvip.com\/?product=curso-nivel-2-biomagnetismo-quantico-avelino-hervas","url_meta":{"origin":34034,"position":0},"title":"Curso Nivel 2 Biomagnetismo Quantico-Avelino Hervas","author":"multiofertasvip","date":"junio 15, 2025","format":false,"excerpt":"En este SEGUNDO NIVEL\u00a0se tratar\u00e1 el Biomagnetismo Qu\u00e1ntico d\u00f3nde trabajamos m\u00e1s desde el plano\u00a0ENERG\u00c9TICO, ya no utilizamos imanes f\u00edsicos ni medicamentos f\u00edsicos, aqu\u00ed tambi\u00e9n utilizamos las l\u00e1minas especiales para enfermedades a modo de radi\u00f3nica. \u00bfQu\u00e9 aprender\u00e1s? Qu\u00e9 es el Biomagnetismo Qu\u00e1ntico La meditaci\u00f3n guiada de Theta Healing para subir al\u2026","rel":"","context":"Entrada similar","block_context":{"text":"Entrada similar","link":""},"img":{"alt_text":"","src":"https:\/\/i0.wp.com\/multiofertasvip.com\/wp-content\/uploads\/2025\/06\/BQN2.jpg?fit=200%2C200&ssl=1&resize=350%2C200","width":350,"height":200},"classes":[]},{"id":34054,"url":"https:\/\/multiofertasvip.com\/?product=par-biomagnetico-de-inicio-a-avanzado-mariana-del-hoyo","url_meta":{"origin":34034,"position":1},"title":"Par Biomagnetico de Inicio a Avanzado -Mariana del Hoyo","author":"multiofertasvip","date":"junio 24, 2025","format":false,"excerpt":"\u00bfQu\u00e9 es el Bio-par Magn\u00e9tico? El Par Biomagn\u00e9tico es una terapia no invasiva, alternativa y complementaria que utiliza campos magn\u00e9ticos de mediana intensidad. Los imanes equilibran el pH en \u00e1reas afectadas, eliminan infecciones, bacterias, virus, par\u00e1sitos y hongos, y restauran los flujos energ\u00e9ticos del cuerpo. Adem\u00e1s, contribuyen a liberar emociones\u2026","rel":"","context":"Entrada similar","block_context":{"text":"Entrada similar","link":""},"img":{"alt_text":"","src":"https:\/\/i0.wp.com\/multiofertasvip.com\/wp-content\/uploads\/2025\/06\/PAR-BIOMAGNETICO.png?fit=200%2C200&ssl=1&resize=350%2C200","width":350,"height":200},"classes":[]},{"id":31033,"url":"https:\/\/multiofertasvip.com\/?product=biomagnetismo-medico-niveles-i-y-ii-dr-pierre-trillos","url_meta":{"origin":34034,"position":2},"title":"Biomagnetismo M\u00e9dico Niveles I y II-Dr. Pierre Trillos","author":"multiofertasvip","date":"octubre 30, 2023","format":false,"excerpt":"El biomagnetismo es un enfoque revolucionario, cient\u00edfico y terap\u00e9utico del bienestar que difiere de la medicina tradicional, la homeopat\u00eda, las hierbas y las terapias naturales, pero es perfectamente compatible con cualquier otra t\u00e9cnica tradicional o alternativa. Se trata de uno de los usos alternativos de los imanes, que representa un\u2026","rel":"","context":"Entrada similar","block_context":{"text":"Entrada similar","link":""},"img":{"alt_text":"","src":"https:\/\/i0.wp.com\/multiofertasvip.com\/wp-content\/uploads\/2023\/10\/Captura-300x126.jpg?resize=350%2C200&ssl=1","width":350,"height":200},"classes":[]},{"id":31096,"url":"https:\/\/multiofertasvip.com\/?product=biomagnetismo-apoyo-en-casa-biopar-vive-sano","url_meta":{"origin":34034,"position":3},"title":"Biomagnetismo apoyo en casa Biopar Vive Sano","author":"multiofertasvip","date":"diciembre 12, 2023","format":false,"excerpt":"Este taller va dirigido a todas las personas, con o sin conocimiento de Biomagnetismo: - INFLUENZA - RESFRIO COM\u00daN METABOLISMO DEL PANCREAS TIROIDES - TRASTORNOS RESPIRATORIOS GASTRITIS - INFECCI\u00d3N VAGINAL DESBLOQUEO ENERG\u00c9TICO ENERGIA NATURAL - DIABETES - ESTR\u00c9S - ACNE - DIVERTICULOS - EQUILIBRIO EMOCIONAL Objetivo: Aprender a aplicar imanes\u2026","rel":"","context":"Entrada similar","block_context":{"text":"Entrada similar","link":""},"img":{"alt_text":"","src":"https:\/\/i0.wp.com\/multiofertasvip.com\/wp-content\/uploads\/2023\/12\/bapoyo-a-tu-casa.png?fit=200%2C200&ssl=1&resize=350%2C200","width":350,"height":200},"classes":[]},{"id":30483,"url":"https:\/\/multiofertasvip.com\/?product=aprende-biomagnetismo-facil-y-rapido-david-aguirre","url_meta":{"origin":34034,"position":4},"title":"Aprende Biomagnetismo Facil y Rapido-David Aguirre","author":"multiofertasvip","date":"octubre 12, 2022","format":false,"excerpt":"En estos v\u00eddeos aprender\u00e1s a usar imanes para tratar cualquier enfermedad, incluso c\u00e1ncer, diabetes y Sida. Recibir\u00e1s manual del curso y constancia con valor curricular. Temario: El secreto de la eterna Salud!!! Bajar de peso Rastreo a distancia Magnetoterapia El par biomagnetico El pH Como comunicarte con tu subconsciente Biomagnetismo\u2026","rel":"","context":"Entrada similar","block_context":{"text":"Entrada similar","link":""},"img":{"alt_text":"","src":"https:\/\/i0.wp.com\/multiofertasvip.com\/wp-content\/uploads\/2022\/10\/biomagnetismo.jpg?fit=200%2C200&ssl=1&resize=350%2C200","width":350,"height":200},"classes":[]},{"id":31040,"url":"https:\/\/multiofertasvip.com\/?product=terapia-magnetica-para-mascotas-fabiana-perrone","url_meta":{"origin":34034,"position":5},"title":"Terapia magn\u00e9tica para mascotas-Fabiana Perrone","author":"multiofertasvip","date":"octubre 31, 2023","format":false,"excerpt":"TERAPIA MAGN\u00c9TICA PARA MASCOTAS \u00abTerapia magn\u00e9tica para mascotas: el camino hacia una salud m\u00e1s plena\u00bb \u2193\u2193MIRA EL VIDEO CON ATENCI\u00d3N\u2193\u2193 \u00bfQU\u00c9 ES LA TERAPIA MAGN\u00c9TICA PARA ANIMALES? La\u00a0terapia biomagn\u00e9tica para mascotas\u00a0busca identificar y corregir posibles\u00a0desequilibrios energ\u00e9ticos\u00a0que puedan estar afectando la salud y el bienestar de los animales. Se puede aplicar\u2026","rel":"","context":"Entrada similar","block_context":{"text":"Entrada similar","link":""},"img":{"alt_text":"","src":"","width":0,"height":0},"classes":[]}],"jetpack_sharing_enabled":false,"jetpack_likes_enabled":false,"_links":{"self":[{"href":"https:\/\/multiofertasvip.com\/index.php?rest_route=\/wp\/v2\/product\/34034","targetHints":{"allow":["GET"]}}],"collection":[{"href":"https:\/\/multiofertasvip.com\/index.php?rest_route=\/wp\/v2\/product"}],"about":[{"href":"https:\/\/multiofertasvip.com\/index.php?rest_route=\/wp\/v2\/types\/product"}],"version-history":[{"count":1,"href":"https:\/\/multiofertasvip.com\/index.php?rest_route=\/wp\/v2\/product\/34034\/revisions"}],"predecessor-version":[{"id":34039,"href":"https:\/\/multiofertasvip.com\/index.php?rest_route=\/wp\/v2\/product\/34034\/revisions\/34039"}],"wp:featuredmedia":[{"embeddable":true,"href":"https:\/\/multiofertasvip.com\/index.php?rest_route=\/wp\/v2\/media\/34035"}],"wp:attachment":[{"href":"https:\/\/multiofertasvip.com\/index.php?rest_route=%2Fwp%2Fv2%2Fmedia&parent=34034"}],"wp:term":[{"taxonomy":"product_brand","embeddable":true,"href":"https:\/\/multiofertasvip.com\/index.php?rest_route=%2Fwp%2Fv2%2Fproduct_brand&post=34034"},{"taxonomy":"product_cat","embeddable":true,"href":"https:\/\/multiofertasvip.com\/index.php?rest_route=%2Fwp%2Fv2%2Fproduct_cat&post=34034"},{"taxonomy":"product_tag","embeddable":true,"href":"https:\/\/multiofertasvip.com\/index.php?rest_route=%2Fwp%2Fv2%2Fproduct_tag&post=34034"}],"curies":[{"name":"wp","href":"https:\/\/api.w.org\/{rel}","templated":true}]}}