{"id":33975,"date":"2025-05-30T11:52:42","date_gmt":"2025-05-30T17:22:42","guid":{"rendered":"https:\/\/multiofertasvip.com\/?post_type=product&#038;p=33975"},"modified":"2025-05-30T12:01:14","modified_gmt":"2025-05-30T17:31:14","slug":"curso-de-letras-hebreas-raul-duran","status":"publish","type":"product","link":"https:\/\/multiofertasvip.com\/?product=curso-de-letras-hebreas-raul-duran","title":{"rendered":"Curso de Letras Hebreas Ra\u00fal Dur\u00e1n"},"content":{"rendered":"<p><img data-recalc-dims=\"1\" decoding=\"async\" class=\"aligncenter\" src=\"https:\/\/i0.wp.com\/cursosenoferta.com\/amlsup1\/curso%20de%20letras%20hebreas%20raul%20duran%20-%20archivos.jpg?w=1020&#038;ssl=1\" alt=\"XXXX\" \/><\/p>\n<h2><strong>Qu\u00e9 recibes una vez dentro del programa\u00a0 \u00a0 \u00a0\u00a0<\/strong><\/h2>\n<div><\/div>\n<div><strong><br \/>\n<\/strong><strong>\u2af8<\/strong>\u00a0<strong>2<\/strong><strong>6\u00a0M\u00d3DULOS TE\u00d3RICOS<\/strong><\/div>\n<div>Dedicados al estudio profundo de cada una de las Letras Hebreas.\u00a0Las\u00a0clases te\u00f3ricas se desbloquear\u00e1n semanalmente\u00a0y\u00a0tienen una duraci\u00f3n aproximada de 60\u00a0minutos. Est\u00e1n dise\u00f1adas para aportarte los significados ocultos de cada una de las Letras Hebreas.<\/div>\n<div><\/div>\n<div><strong>\u2af8<\/strong>\u00a0<strong>7\u00a0PR\u00c1CTICAS PARA CADA LETRA\u00a0<\/strong><\/div>\n<div>Dise\u00f1adas para que\u00a0puedas experimentar los beneficios de h\u00e1bitos espirituales fuertes y para facilitar\u00a0tu conexi\u00f3n con cada Letra. Las pr\u00e1cticas incluyen meditaciones espec\u00edficas para tallar la Letra en tu conciencia, Caligraf\u00eda y Expresi\u00f3n Art\u00edstica, Diario de Eventos Singulares (en el qu\u00e9 registrar\u00e1s todos los hechos significativos en tu vida como consecuencia de la pr\u00e1ctica), Diccionario personal de vocabulario espec\u00edfico y guematr\u00edas y m\u00e1s.<br \/>\n<strong><br \/>\n\u2af8\u00a0TUTORIALES\u00a0<\/strong><\/div>\n<div>En ellos\u00a0 te explico de manera precisa c\u00f3mo realizar cada pr\u00e1ctica y c\u00f3mo manejar las herramientas inform\u00e1ticas que te servir\u00e1n para llevar a cabo\u00a0algunas de las pr\u00e1cticas.<\/div>\n<p>&nbsp;<\/p>\n","protected":false},"excerpt":{"rendered":"<p>Qu\u00e9 recibes una vez dentro del programa\u00a0 \u00a0 \u00a0\u00a0 \u2af8\u00a026\u00a0M\u00d3DULOS TE\u00d3RICOS Dedicados al estudio profundo de cada una de las Letras Hebreas.\u00a0Las\u00a0clases te\u00f3ricas se desbloquear\u00e1n semanalmente\u00a0y\u00a0tienen una duraci\u00f3n aproximada de 60\u00a0minutos. Est\u00e1n dise\u00f1adas para aportarte los significados ocultos de cada una de las Letras Hebreas. \u2af8\u00a07\u00a0PR\u00c1CTICAS PARA CADA LETRA\u00a0 Dise\u00f1adas para que\u00a0puedas experimentar los beneficios [&#8230;]\n","protected":false},"featured_media":33979,"template":"","meta":{"_monsterinsights_skip_tracking":false,"_monsterinsights_sitenote_active":false,"_monsterinsights_sitenote_note":"","_monsterinsights_sitenote_category":0,"jetpack_post_was_ever_published":false,"jetpack_publicize_message":"","jetpack_publicize_feature_enabled":true,"jetpack_social_post_already_shared":true,"jetpack_social_options":{"image_generator_settings":{"template":"highway","default_image_id":0,"font":"","enabled":false},"version":2}},"product_brand":[],"product_cat":[46],"product_tag":[263,142,260,211,254,119,251,215,257,249,243,230,182,226,253,236,229,143,228,232,258,234,262,239,220,265,219,225,240,238,140,242,235,244,266,267,248,210,245,212,250,227,255,264,252,217,216,233,261,73,237,231,247,221,246,222,223,224,259,241,256,218,213,214,53],"class_list":{"0":"post-33975","1":"product","2":"type-product","3":"status-publish","4":"has-post-thumbnail","6":"product_cat-superacion","7":"product_tag-animales","8":"product_tag-avanzado","9":"product_tag-biden","10":"product_tag-billetes","11":"product_tag-bitcoin","12":"product_tag-carrera","13":"product_tag-china","14":"product_tag-christopher-olivarrieta","15":"product_tag-cine","16":"product_tag-coranavirus","17":"product_tag-cultura","18":"product_tag-cursos","19":"product_tag-dinero","20":"product_tag-dios","21":"product_tag-dolar","22":"product_tag-enric-corbera","23":"product_tag-ensenanza-en-casa","24":"product_tag-entidades","25":"product_tag-escuela","26":"product_tag-especialidad","27":"product_tag-estrenos","28":"product_tag-estudios","29":"product_tag-facebook","30":"product_tag-famosos","31":"product_tag-free","32":"product_tag-gatos","33":"product_tag-gratis","34":"product_tag-guerra","35":"product_tag-humor","36":"product_tag-internet","37":"product_tag-jose-palomo","38":"product_tag-juegos","39":"product_tag-lavin","40":"product_tag-manga","41":"product_tag-mercado-libre","42":"product_tag-mercado-pago","43":"product_tag-meteorologia","44":"product_tag-moneda","45":"product_tag-musica","46":"product_tag-nuevo","47":"product_tag-omnicron","48":"product_tag-oracion","49":"product_tag-peliculas","50":"product_tag-perros","51":"product_tag-peso","52":"product_tag-porn","53":"product_tag-porno","54":"product_tag-profesional","55":"product_tag-putin","56":"product_tag-salud","57":"product_tag-sexo","58":"product_tag-talleres","59":"product_tag-television","60":"product_tag-terapias","61":"product_tag-trabajo","62":"product_tag-ucrania","63":"product_tag-ukrania","64":"product_tag-usa","65":"product_tag-vacuna","66":"product_tag-viajes","67":"product_tag-videos","68":"product_tag-xxx","69":"product_tag-youtube","70":"product_tag-youtube-yuen-guadalajara","71":"product_tag-yuen","73":"first","74":"instock","75":"downloadable","76":"virtual","77":"purchasable","78":"product-type-simple"},"jetpack_publicize_connections":[],"jetpack-related-posts":[{"id":319,"url":"https:\/\/multiofertasvip.com\/?product=curso-numerologia-transpersonal-nivel-1-y-2","url_meta":{"origin":33975,"position":0},"title":"Curso Numerologia Transpersonal Nivel 1 y 2","author":"multiofertasvip","date":"junio 3, 2019","format":false,"excerpt":"Los n\u00fameros han estado siempre presentes como valores, como ciencia, como auxiliares del arte, han sido sistemas, leyes, doctrinas, s\u00edmbolos sagrados y principios de sabidur\u00eda universal, como con Plat\u00f3n y suN\u00famero Nupcial; y Pit\u00e1goras con su\u00a0Paradigma, que combina C\u00e1bala, Astrolog\u00eda y Numerolog\u00eda. El Universo vibra, tiene resonancia, es ritmo, el\u2026","rel":"","context":"Con 1 comentario","block_context":{"text":"Con 1 comentario","link":"https:\/\/multiofertasvip.com\/?product=curso-numerologia-transpersonal-nivel-1-y-2#comments"},"img":{"alt_text":"","src":"https:\/\/i0.wp.com\/multiofertasvip.com\/wp-content\/uploads\/2019\/06\/numerologia.jpg?fit=200%2C200&ssl=1&resize=350%2C200","width":350,"height":200},"classes":[]},{"id":30466,"url":"https:\/\/multiofertasvip.com\/?product=kototama-reiki-avanzado-sesiones-vibracionales-practicante-y-maestro","url_meta":{"origin":33975,"position":1},"title":"Kototama Reiki Avanzado sesiones vibracionales. Practicante y Maestro","author":"multiofertasvip","date":"octubre 5, 2022","format":false,"excerpt":"Curso para Practicantes Avanzados o Maestros de Reiki. Los 50 Sonidos de la Armon\u00eda Universal. Un curso de 3 horas de duraci\u00f3n para aprender a usar y combinar los sonidos primordiales y crear tus propios mantras. De accesosin limites para ver la cantidad de veces que precises. Material exclusivo \u00a0\u2026","rel":"","context":"Entrada similar","block_context":{"text":"Entrada similar","link":""},"img":{"alt_text":"","src":"https:\/\/i0.wp.com\/multiofertasvip.com\/wp-content\/uploads\/2022\/10\/catoma.jpg?fit=200%2C200&ssl=1&resize=350%2C200","width":350,"height":200},"classes":[]},{"id":30370,"url":"https:\/\/multiofertasvip.com\/?product=formacion-pendulo-hebrero-originario","url_meta":{"origin":33975,"position":2},"title":"Formacion Pendulo Hebrero Originario","author":"multiofertasvip","date":"julio 27, 2022","format":false,"excerpt":"El P\u00e9ndulo Hebreo Originario permite elevar y equilibrar la vibraci\u00f3n de los centros energ\u00e9ticos (Chakras);como tambi\u00e9n al cuerpo mental, emocional y f\u00edsico en particular. Refuerza enormemente el Campo Electromagn\u00e9tico. Permite detectar y limpiar los miasmas (materia estancada) y as\u00ed evitar futuras enfermedades y colaborar en el proceso de alta vibraci\u00f3n\u2026","rel":"","context":"Entrada similar","block_context":{"text":"Entrada similar","link":""},"img":{"alt_text":"","src":"https:\/\/i0.wp.com\/multiofertasvip.com\/wp-content\/uploads\/2022\/07\/PHEBREO.jpg?fit=200%2C200&ssl=1&resize=350%2C200","width":350,"height":200},"classes":[]},{"id":30759,"url":"https:\/\/multiofertasvip.com\/?product=curso-numerologia-nivel-1-y-2-macarena-giuliani","url_meta":{"origin":33975,"position":3},"title":"Curso Numerologia Nivel 1 y 2-Macarena Giuliani","author":"multiofertasvip","date":"marzo 3, 2023","format":false,"excerpt":"Los n\u00fameros han estado siempre presentes como valores, como ciencia, como auxiliares del arte, han sido sistemas, leyes, doctrinas, s\u00edmbolos sagrados y principios de sabidur\u00eda universal, como con Plat\u00f3n y suN\u00famero Nupcial; y Pit\u00e1goras con su\u00a0Paradigma, que combina C\u00e1bala, Astrolog\u00eda y Numerolog\u00eda. El Universo vibra, tiene resonancia, es ritmo, el\u2026","rel":"","context":"Con 1 comentario","block_context":{"text":"Con 1 comentario","link":"https:\/\/multiofertasvip.com\/?product=curso-numerologia-nivel-1-y-2-macarena-giuliani#comments"},"img":{"alt_text":"","src":"https:\/\/i0.wp.com\/multiofertasvip.com\/wp-content\/uploads\/2023\/03\/numerolia.png?fit=200%2C200&ssl=1&resize=350%2C200","width":350,"height":200},"classes":[]},{"id":35253,"url":"https:\/\/multiofertasvip.com\/?product=ajuste-corporal-con-martillo-neurologico-miguel-ojeda","url_meta":{"origin":33975,"position":4},"title":"Ajuste Corporal con Martillo Neurol\u00f3gico Miguel Ojeda","author":"multiofertasvip","date":"marzo 28, 2026","format":false,"excerpt":"\u00a0 \u00a0 \u00a0 \u00a0 \u00a0 \u00a0 \u00a0","rel":"","context":"Entrada similar","block_context":{"text":"Entrada similar","link":""},"img":{"alt_text":"","src":"https:\/\/i0.wp.com\/cursoslux.com\/wp-content\/uploads\/2026\/03\/Screenshot_2-6.png?resize=350%2C200&ssl=1","width":350,"height":200,"srcset":"https:\/\/i0.wp.com\/cursoslux.com\/wp-content\/uploads\/2026\/03\/Screenshot_2-6.png?resize=350%2C200&ssl=1 1x, https:\/\/i0.wp.com\/cursoslux.com\/wp-content\/uploads\/2026\/03\/Screenshot_2-6.png?resize=525%2C300&ssl=1 1.5x, https:\/\/i0.wp.com\/cursoslux.com\/wp-content\/uploads\/2026\/03\/Screenshot_2-6.png?resize=700%2C400&ssl=1 2x, https:\/\/i0.wp.com\/cursoslux.com\/wp-content\/uploads\/2026\/03\/Screenshot_2-6.png?resize=1050%2C600&ssl=1 3x"},"classes":[]},{"id":35291,"url":"https:\/\/multiofertasvip.com\/?product=anatomia-del-movimiento-corporal-move-2","url_meta":{"origin":33975,"position":5},"title":"Anatom\u00eda del Movimiento- Corporal Move","author":"multiofertasvip","date":"abril 1, 2026","format":false,"excerpt":"\u00a0 \u00a0 \u00a0 \u00a0 \u00a0 \u00a0 \u00a0","rel":"","context":"Entrada similar","block_context":{"text":"Entrada similar","link":""},"img":{"alt_text":"Anatom\u00eda del Movimiento","src":"https:\/\/i0.wp.com\/cursoslux.com\/wp-content\/uploads\/2026\/03\/anatomia-del-movimiento.jpg?resize=350%2C200&ssl=1","width":350,"height":200},"classes":[]}],"jetpack_sharing_enabled":false,"jetpack_likes_enabled":false,"_links":{"self":[{"href":"https:\/\/multiofertasvip.com\/index.php?rest_route=\/wp\/v2\/product\/33975","targetHints":{"allow":["GET"]}}],"collection":[{"href":"https:\/\/multiofertasvip.com\/index.php?rest_route=\/wp\/v2\/product"}],"about":[{"href":"https:\/\/multiofertasvip.com\/index.php?rest_route=\/wp\/v2\/types\/product"}],"version-history":[{"count":1,"href":"https:\/\/multiofertasvip.com\/index.php?rest_route=\/wp\/v2\/product\/33975\/revisions"}],"predecessor-version":[{"id":33978,"href":"https:\/\/multiofertasvip.com\/index.php?rest_route=\/wp\/v2\/product\/33975\/revisions\/33978"}],"wp:featuredmedia":[{"embeddable":true,"href":"https:\/\/multiofertasvip.com\/index.php?rest_route=\/wp\/v2\/media\/33979"}],"wp:attachment":[{"href":"https:\/\/multiofertasvip.com\/index.php?rest_route=%2Fwp%2Fv2%2Fmedia&parent=33975"}],"wp:term":[{"taxonomy":"product_brand","embeddable":true,"href":"https:\/\/multiofertasvip.com\/index.php?rest_route=%2Fwp%2Fv2%2Fproduct_brand&post=33975"},{"taxonomy":"product_cat","embeddable":true,"href":"https:\/\/multiofertasvip.com\/index.php?rest_route=%2Fwp%2Fv2%2Fproduct_cat&post=33975"},{"taxonomy":"product_tag","embeddable":true,"href":"https:\/\/multiofertasvip.com\/index.php?rest_route=%2Fwp%2Fv2%2Fproduct_tag&post=33975"}],"curies":[{"name":"wp","href":"https:\/\/api.w.org\/{rel}","templated":true}]}}