{"id":33970,"date":"2025-05-30T11:39:47","date_gmt":"2025-05-30T17:09:47","guid":{"rendered":"https:\/\/multiofertasvip.com\/?post_type=product&#038;p=33970"},"modified":"2025-05-30T11:46:33","modified_gmt":"2025-05-30T17:16:33","slug":"programa-de-riqueza-consciente-cristobal-amo","status":"publish","type":"product","link":"https:\/\/multiofertasvip.com\/?product=programa-de-riqueza-consciente-cristobal-amo","title":{"rendered":"Programa de Riqueza Consciente &#8211; Cristobal Amo"},"content":{"rendered":"<p><img data-recalc-dims=\"1\" decoding=\"async\" class=\"aligncenter\" src=\"https:\/\/i0.wp.com\/cursosenoferta.com\/amlsup1\/programa%20de%20riqueza%20consciente%20cristobal%20amo%20-%20archivos.jpg?w=1020&#038;ssl=1\" alt=\"xxxx\" \/><\/p>\n<p class=\"_mb-5\" role=\"paragraph\">Este es un curso para convertirte en un generador de riqueza consciente, para conocer la correcta f\u00f3rmula de manifestar, para descubrir todos los secretos que rodean la manifestaci\u00f3n de riqueza.<\/p>\n<p class=\"_mb-5\" role=\"paragraph\">La forma M\u00c1S F\u00c1CIL y eficaz de manifestar en tu vida: salud, dinero, amor, paz Y felicidad.<\/p>\n<p class=\"_mb-5\" role=\"paragraph\">A trav\u00e9s de este curso descubrir\u00e1s por fin C\u00d3MO ACTIVAR TUS SUE\u00d1OS. En estos videos que recibir\u00e1s est\u00e1n resumidos m\u00e1s de seis a\u00f1os de aprendizaje.<\/p>\n<p class=\"_mb-5\" role=\"paragraph\">Empec\u00e9 mi Canal de Youtube en el a\u00f1o 2013 que en la actualidad cuenta con m\u00e1s de 780.000 suscriptores y 2.500 videos de los cuales la mayor\u00eda est\u00e1n dedicados a La Ley de la Atracci\u00f3n y a manifestar una mejor vida.<\/p>\n<p class=\"_mb-5\" role=\"paragraph\">Este curso que te presento ahora es el siguiente paso natural que te proporcionar\u00e1 TODO lo necesario para ENTENDERLO TODO y poder pasar al siguiente nivel de Maestr\u00eda en Riqueza Divina y Consciente.<\/p>\n","protected":false},"excerpt":{"rendered":"<p>Este es un curso para convertirte en un generador de riqueza consciente, para conocer la correcta f\u00f3rmula de manifestar, para descubrir todos los secretos que rodean la manifestaci\u00f3n de riqueza. La forma M\u00c1S F\u00c1CIL y eficaz de manifestar en tu vida: salud, dinero, amor, paz Y felicidad. A trav\u00e9s de este curso descubrir\u00e1s por fin [&#8230;]\n","protected":false},"featured_media":33973,"template":"","meta":{"_monsterinsights_skip_tracking":false,"_monsterinsights_sitenote_active":false,"_monsterinsights_sitenote_note":"","_monsterinsights_sitenote_category":0,"jetpack_post_was_ever_published":false,"jetpack_publicize_message":"","jetpack_publicize_feature_enabled":true,"jetpack_social_post_already_shared":true,"jetpack_social_options":{"image_generator_settings":{"template":"highway","default_image_id":0,"font":"","enabled":false},"version":2}},"product_brand":[],"product_cat":[46],"product_tag":[263,142,260,211,254,119,251,215,257,249,243,230,182,226,253,236,229,143,228,232,258,234,262,239,220,265,219,225,240,238,140,242,235,244,266,267,248,210,245,212,250,227,255,264,252,217,216,233,261,73,237,231,247,221,246,222,223,224,259,241,256,218,213,214,53],"class_list":{"0":"post-33970","1":"product","2":"type-product","3":"status-publish","4":"has-post-thumbnail","6":"product_cat-superacion","7":"product_tag-animales","8":"product_tag-avanzado","9":"product_tag-biden","10":"product_tag-billetes","11":"product_tag-bitcoin","12":"product_tag-carrera","13":"product_tag-china","14":"product_tag-christopher-olivarrieta","15":"product_tag-cine","16":"product_tag-coranavirus","17":"product_tag-cultura","18":"product_tag-cursos","19":"product_tag-dinero","20":"product_tag-dios","21":"product_tag-dolar","22":"product_tag-enric-corbera","23":"product_tag-ensenanza-en-casa","24":"product_tag-entidades","25":"product_tag-escuela","26":"product_tag-especialidad","27":"product_tag-estrenos","28":"product_tag-estudios","29":"product_tag-facebook","30":"product_tag-famosos","31":"product_tag-free","32":"product_tag-gatos","33":"product_tag-gratis","34":"product_tag-guerra","35":"product_tag-humor","36":"product_tag-internet","37":"product_tag-jose-palomo","38":"product_tag-juegos","39":"product_tag-lavin","40":"product_tag-manga","41":"product_tag-mercado-libre","42":"product_tag-mercado-pago","43":"product_tag-meteorologia","44":"product_tag-moneda","45":"product_tag-musica","46":"product_tag-nuevo","47":"product_tag-omnicron","48":"product_tag-oracion","49":"product_tag-peliculas","50":"product_tag-perros","51":"product_tag-peso","52":"product_tag-porn","53":"product_tag-porno","54":"product_tag-profesional","55":"product_tag-putin","56":"product_tag-salud","57":"product_tag-sexo","58":"product_tag-talleres","59":"product_tag-television","60":"product_tag-terapias","61":"product_tag-trabajo","62":"product_tag-ucrania","63":"product_tag-ukrania","64":"product_tag-usa","65":"product_tag-vacuna","66":"product_tag-viajes","67":"product_tag-videos","68":"product_tag-xxx","69":"product_tag-youtube","70":"product_tag-youtube-yuen-guadalajara","71":"product_tag-yuen","73":"first","74":"instock","75":"downloadable","76":"virtual","77":"purchasable","78":"product-type-simple"},"jetpack_publicize_connections":[],"jetpack-related-posts":[{"id":32796,"url":"https:\/\/multiofertasvip.com\/?product=desata-tu-riqueza-elma-galvan","url_meta":{"origin":33970,"position":0},"title":"Desata tu Riqueza-Elma Galvan","author":"multiofertasvip","date":"mayo 13, 2024","format":false,"excerpt":"\u00a0Desata tu riqueza 5 jalones energ\u00e9ticos en vivo \u00bfC\u00f3mo ser\u00eda desatar tus flujos de dinero y que se exponenciales tu riqueza?\u00a0\u00a0 \u00a1Hola mi potente!\u00a0\u00bfTe gustar\u00eda \"Desatar tu riqueza\" y aprender a manifestar la abundancia que mereces?\u00a0Durante\u00a05 sesiones de jalones energ\u00e9ticos (Energy pulls), descubrir\u00e1s c\u00f3mo liberarte de creencias limitantes y activar\u2026","rel":"","context":"Entrada similar","block_context":{"text":"Entrada similar","link":""},"img":{"alt_text":"","src":"https:\/\/i0.wp.com\/multiofertasvip.com\/wp-content\/uploads\/2024\/05\/desata-tu-riqueza.png?fit=200%2C200&ssl=1&resize=350%2C200","width":350,"height":200},"classes":[]},{"id":34076,"url":"https:\/\/multiofertasvip.com\/?product=riqueza-cuantica-miguel-santos-cosmico","url_meta":{"origin":33970,"position":1},"title":"Riqueza Cu\u00e1ntica Miguel Santos C\u00f3smico","author":"multiofertasvip","date":"junio 25, 2025","format":false,"excerpt":"Descubre los secretos de la Riqueza Cu\u00e1ntica \u00a0\u00bfSab\u00edas que puedes transformar tu realidad financiera conectando con el Campo Cu\u00e1ntico? \u00a0Este curso te llevar\u00e1 a un viaje extraordinario donde aprender\u00e1s a reprogramar tu mente, desbloquear tus creencias limitantes y alinear tu energ\u00eda con la abundancia infinita. \u00a0Temas clave que explorar\u00e1s: Por\u2026","rel":"","context":"Entrada similar","block_context":{"text":"Entrada similar","link":""},"img":{"alt_text":"","src":"https:\/\/i0.wp.com\/multiofertasvip.com\/wp-content\/uploads\/2025\/06\/riqueza-cuantica.jpg?fit=200%2C200&ssl=1&resize=350%2C200","width":350,"height":200},"classes":[]},{"id":33502,"url":"https:\/\/multiofertasvip.com\/?product=soy-riqueza-tatiana-arias","url_meta":{"origin":33970,"position":2},"title":"Soy Riqueza Tatiana Arias","author":"multiofertasvip","date":"diciembre 19, 2024","format":false,"excerpt":"\u00bfC\u00f3mo lograr Riqueza ilimitada? Puede que tu mente se niegue a entender lo que estoy por decirte, pero tu alma s\u00ed lo entender\u00e1. La riqueza no tiene nada que ver con lo que HACES y tiene todo que ver con lo que ERES. Por eso, antes de manifestar abundancia material,\u2026","rel":"","context":"Entrada similar","block_context":{"text":"Entrada similar","link":""},"img":{"alt_text":"","src":"https:\/\/i0.wp.com\/multiofertasvip.com\/wp-content\/uploads\/2024\/12\/soy-riqueza.jpg?fit=200%2C200&ssl=1&resize=350%2C200","width":350,"height":200},"classes":[]},{"id":30157,"url":"https:\/\/multiofertasvip.com\/?product=curso-conecta-con-el-dinero-sin-esfuerzo-diana-caro","url_meta":{"origin":33970,"position":3},"title":"Curso Conecta con el Dinero sin Esfuerzo-Diana Caro","author":"multiofertasvip","date":"diciembre 10, 2021","format":false,"excerpt":"Descubre los secretos ocultos que bloquean tu relaci\u00f3n con el dinero y comenzar a manifestar desde la fluidez y el GOZO el dinero que deseas.","rel":"","context":"Entrada similar","block_context":{"text":"Entrada similar","link":""},"img":{"alt_text":"","src":"https:\/\/i0.wp.com\/multiofertasvip.com\/wp-content\/uploads\/2021\/12\/conecta-con-el-dinero.jpg?fit=200%2C200&ssl=1&resize=350%2C200","width":350,"height":200},"classes":[]},{"id":30857,"url":"https:\/\/multiofertasvip.com\/?product=el-cubo-de-metatromcodigo-de-manifestacion-susana-shima","url_meta":{"origin":33970,"position":4},"title":"El cubo de Metatrom(Codigo de Manifestacion)-Susana Shima","author":"multiofertasvip","date":"junio 16, 2023","format":false,"excerpt":"El objetivo de este curso es compartirte una perspectiva del movimiento energ\u00e9tico que sucede en tu casa y en tu comercio En este curso tambi\u00e9n te compartir\u00e9 el c\u00f3mo hablar con la energ\u00eda de la casa asi como lo que la casa te est\u00e1 mostrando a trav\u00e9s de la biodescodificaci\u00f3n\u2026","rel":"","context":"Entrada similar","block_context":{"text":"Entrada similar","link":""},"img":{"alt_text":"","src":"https:\/\/i0.wp.com\/multiofertasvip.com\/wp-content\/uploads\/2023\/06\/cubo.jpg?fit=200%2C200&ssl=1&resize=350%2C200","width":350,"height":200},"classes":[]},{"id":30618,"url":"https:\/\/multiofertasvip.com\/?product=masterclass-la-energia-del-dinero-ing-mariana-frenesdo","url_meta":{"origin":33970,"position":5},"title":"Masterclass la energia del dinero-Ing Mariana Frenesdo","author":"multiofertasvip","date":"noviembre 10, 2022","format":false,"excerpt":"\u00a0 \u00a0 \u00a0 \u00a0","rel":"","context":"Entrada similar","block_context":{"text":"Entrada similar","link":""},"img":{"alt_text":"","src":"https:\/\/i0.wp.com\/multiofertasvip.com\/wp-content\/uploads\/2022\/11\/dinero.jpg?fit=200%2C200&ssl=1&resize=350%2C200","width":350,"height":200},"classes":[]}],"jetpack_sharing_enabled":false,"jetpack_likes_enabled":false,"_links":{"self":[{"href":"https:\/\/multiofertasvip.com\/index.php?rest_route=\/wp\/v2\/product\/33970","targetHints":{"allow":["GET"]}}],"collection":[{"href":"https:\/\/multiofertasvip.com\/index.php?rest_route=\/wp\/v2\/product"}],"about":[{"href":"https:\/\/multiofertasvip.com\/index.php?rest_route=\/wp\/v2\/types\/product"}],"version-history":[{"count":2,"href":"https:\/\/multiofertasvip.com\/index.php?rest_route=\/wp\/v2\/product\/33970\/revisions"}],"predecessor-version":[{"id":33976,"href":"https:\/\/multiofertasvip.com\/index.php?rest_route=\/wp\/v2\/product\/33970\/revisions\/33976"}],"wp:featuredmedia":[{"embeddable":true,"href":"https:\/\/multiofertasvip.com\/index.php?rest_route=\/wp\/v2\/media\/33973"}],"wp:attachment":[{"href":"https:\/\/multiofertasvip.com\/index.php?rest_route=%2Fwp%2Fv2%2Fmedia&parent=33970"}],"wp:term":[{"taxonomy":"product_brand","embeddable":true,"href":"https:\/\/multiofertasvip.com\/index.php?rest_route=%2Fwp%2Fv2%2Fproduct_brand&post=33970"},{"taxonomy":"product_cat","embeddable":true,"href":"https:\/\/multiofertasvip.com\/index.php?rest_route=%2Fwp%2Fv2%2Fproduct_cat&post=33970"},{"taxonomy":"product_tag","embeddable":true,"href":"https:\/\/multiofertasvip.com\/index.php?rest_route=%2Fwp%2Fv2%2Fproduct_tag&post=33970"}],"curies":[{"name":"wp","href":"https:\/\/api.w.org\/{rel}","templated":true}]}}