{"id":33964,"date":"2025-05-30T10:08:59","date_gmt":"2025-05-30T15:38:59","guid":{"rendered":"https:\/\/multiofertasvip.com\/?post_type=product&#038;p=33964"},"modified":"2025-05-30T10:16:17","modified_gmt":"2025-05-30T15:46:17","slug":"microbioenergetica-miguel-ojeda","status":"publish","type":"product","link":"https:\/\/multiofertasvip.com\/?product=microbioenergetica-miguel-ojeda","title":{"rendered":"Microbioenerg\u00e9tica-Miguel Ojeda"},"content":{"rendered":"<p><img data-recalc-dims=\"1\" decoding=\"async\" class=\"aligncenter\" src=\"https:\/\/i0.wp.com\/cursosenoferta.com\/amlsup1\/microbioenergetica%20miguel%20ojeda%20-%20archivos.jpg?w=1020&#038;ssl=1\" alt=\"xxxxx\" \/><\/p>\n<p>&nbsp;<\/p>\n<div class=\"fe-block fe-block-fa7681aa77f7b860a13c\">\n<div id=\"block-fa7681aa77f7b860a13c\" class=\"sqs-block html-block sqs-block-html\" data-block-type=\"2\">\n<div class=\"sqs-block-content\">\n<div class=\"sqs-html-content\">\n<h2 class=\"preFade fadeIn\"><strong>Microbio<\/strong>energ\u00e9tica<\/h2>\n<\/div>\n<\/div>\n<\/div>\n<\/div>\n<div class=\"fe-block fe-block-0d93269855b54a8cea74\">\n<div id=\"block-0d93269855b54a8cea74\" class=\"sqs-block html-block sqs-block-html\" data-block-type=\"2\" data-border-radii=\"{&quot;topLeft&quot;:{&quot;unit&quot;:&quot;px&quot;,&quot;value&quot;:0.0},&quot;topRight&quot;:{&quot;unit&quot;:&quot;px&quot;,&quot;value&quot;:0.0},&quot;bottomLeft&quot;:{&quot;unit&quot;:&quot;px&quot;,&quot;value&quot;:0.0},&quot;bottomRight&quot;:{&quot;unit&quot;:&quot;px&quot;,&quot;value&quot;:0.0}}\">\n<div class=\"sqs-block-content\">\n<div class=\"sqs-html-content\">\n<p class=\"sqsrte-large preFade fadeIn\"><em>\u201cEl c\u00f3digo emocional, energ\u00e9tico y simb\u00f3lico de los microbios\u201d<\/em><\/p>\n<\/div>\n<\/div>\n<\/div>\n<\/div>\n<div class=\"fe-block fe-block-9bf38840e7ca405bd16e\">\n<div id=\"block-9bf38840e7ca405bd16e\" class=\"sqs-block html-block sqs-block-html\" data-block-type=\"2\" data-border-radii=\"{&quot;topLeft&quot;:{&quot;unit&quot;:&quot;px&quot;,&quot;value&quot;:0.0},&quot;topRight&quot;:{&quot;unit&quot;:&quot;px&quot;,&quot;value&quot;:0.0},&quot;bottomLeft&quot;:{&quot;unit&quot;:&quot;px&quot;,&quot;value&quot;:0.0},&quot;bottomRight&quot;:{&quot;unit&quot;:&quot;px&quot;,&quot;value&quot;:0.0}}\">\n<div class=\"sqs-block-content\">\n<div class=\"sqs-html-content\">\n<h4 class=\"preFade fadeIn\"><span class=\"sqsrte-text-color--darkAccent\"><strong>4 &#8211; 5 de marzo 2023<\/strong><\/span><\/h4>\n<\/div>\n<\/div>\n<\/div>\n<\/div>\n<div class=\"fe-block fe-block-d32d382ef3d86f873698\">\n<div id=\"block-d32d382ef3d86f873698\" class=\"sqs-block html-block sqs-block-html\" data-block-type=\"2\" data-border-radii=\"{&quot;topLeft&quot;:{&quot;unit&quot;:&quot;px&quot;,&quot;value&quot;:0.0},&quot;topRight&quot;:{&quot;unit&quot;:&quot;px&quot;,&quot;value&quot;:0.0},&quot;bottomLeft&quot;:{&quot;unit&quot;:&quot;px&quot;,&quot;value&quot;:0.0},&quot;bottomRight&quot;:{&quot;unit&quot;:&quot;px&quot;,&quot;value&quot;:0.0}}\">\n<div class=\"sqs-block-content\">\n<div class=\"sqs-html-content\">\n<h4 class=\"preFade fadeIn\"><strong>Temario:<\/strong><\/h4>\n<\/div>\n<\/div>\n<\/div>\n<\/div>\n<div class=\"fe-block fe-block-6da622e6b283aeb2f7cf\">\n<div id=\"block-6da622e6b283aeb2f7cf\" class=\"sqs-block html-block sqs-block-html\" data-block-type=\"2\" data-border-radii=\"{&quot;topLeft&quot;:{&quot;unit&quot;:&quot;px&quot;,&quot;value&quot;:0.0},&quot;topRight&quot;:{&quot;unit&quot;:&quot;px&quot;,&quot;value&quot;:0.0},&quot;bottomLeft&quot;:{&quot;unit&quot;:&quot;px&quot;,&quot;value&quot;:0.0},&quot;bottomRight&quot;:{&quot;unit&quot;:&quot;px&quot;,&quot;value&quot;:0.0}}\">\n<div class=\"sqs-block-content\">\n<div class=\"sqs-html-content\">\n<p class=\"preFade fadeIn\"><strong>Estados emocionales y microbios.<\/strong><\/p>\n<p class=\"preFade fadeIn\"><strong>Teoria de los equivalentes simb\u00f3licos.<\/strong><\/p>\n<p class=\"preFade fadeIn\"><strong>Conflictos biol\u00f3gicos y microbios.<\/strong><\/p>\n<p class=\"preFade fadeIn\"><strong>Los circulos de la Vida.<\/strong><\/p>\n<p class=\"preFade fadeIn\"><strong>Niveles de somatizaci\u00f3n.<\/strong><\/p>\n<p class=\"preFade fadeIn\"><strong>Sistema nervioso autonomo y bioshock.<\/strong><\/p>\n<p class=\"preFade fadeIn\"><strong>Embriologia y microbios.<\/strong><\/p>\n<p class=\"preFade fadeIn\"><strong>El sistema ontog\u00e9nico de los microbios.<\/strong><\/p>\n<p class=\"preFade fadeIn\"><strong>El microbioma humano.<\/strong><\/p>\n<p class=\"preFade fadeIn\"><strong>Simbiosis y asociaciones biol\u00f3gicas.<\/strong><\/p>\n<p class=\"preFade fadeIn\"><strong>Decodificaci\u00f3n de infecciones.<\/strong><\/p>\n<\/div>\n<\/div>\n<\/div>\n<\/div>\n<div class=\"fe-block fe-block-f7e6fe6ac0418ff14cd6\">\n<div id=\"block-f7e6fe6ac0418ff14cd6\" class=\"sqs-block html-block sqs-block-html\" data-block-type=\"2\" data-border-radii=\"{&quot;topLeft&quot;:{&quot;unit&quot;:&quot;px&quot;,&quot;value&quot;:0.0},&quot;topRight&quot;:{&quot;unit&quot;:&quot;px&quot;,&quot;value&quot;:0.0},&quot;bottomLeft&quot;:{&quot;unit&quot;:&quot;px&quot;,&quot;value&quot;:0.0},&quot;bottomRight&quot;:{&quot;unit&quot;:&quot;px&quot;,&quot;value&quot;:0.0}}\">\n<div class=\"sqs-block-content\">\n<div class=\"sqs-html-content\">\n<p class=\"preFade fadeIn\"><strong>El resentir primario.<\/strong><\/p>\n<p class=\"preFade fadeIn\"><strong>Bacterias y emociones.<\/strong><\/p>\n<p class=\"preFade fadeIn\"><strong>Sensaciones vitales.<\/strong><\/p>\n<p class=\"preFade fadeIn\"><strong>Programas biol\u00f3gicos especiales y microbios.<\/strong><\/p>\n<p class=\"preFade fadeIn\"><strong>Virologia energ\u00e9tica.<\/strong><\/p>\n<p class=\"preFade fadeIn\"><strong>El c\u00f3digo emocional, energ\u00e9tico y simb\u00f3lico de los microbios.<\/strong><\/p>\n<p class=\"preFade fadeIn\"><strong>La infeccion aguda y cr\u00f3nica.<\/strong><\/p>\n<p class=\"preFade fadeIn\"><strong>Ajustes de memorias energ\u00e9ticas ancestrales.<\/strong><\/p>\n<p class=\"preFade fadeIn\"><strong>Protocolos y t\u00e9cnicas de rastreo.<\/strong><\/p>\n<\/div>\n<\/div>\n<\/div>\n<\/div>\n<div class=\"fe-block fe-block-c5e09c5068d29eda4e32\">\n<div id=\"block-c5e09c5068d29eda4e32\" class=\"sqs-block html-block sqs-block-html\" data-block-type=\"2\" data-border-radii=\"{&quot;topLeft&quot;:{&quot;unit&quot;:&quot;px&quot;,&quot;value&quot;:0.0},&quot;topRight&quot;:{&quot;unit&quot;:&quot;px&quot;,&quot;value&quot;:0.0},&quot;bottomLeft&quot;:{&quot;unit&quot;:&quot;px&quot;,&quot;value&quot;:0.0},&quot;bottomRight&quot;:{&quot;unit&quot;:&quot;px&quot;,&quot;value&quot;:0.0}}\">\n<div class=\"sqs-block-content\">\n<div class=\"sqs-html-content\">\n<p class=\"preFade fadeIn\">Impartido por<\/p>\n<\/div>\n<\/div>\n<\/div>\n<\/div>\n<div class=\"fe-block fe-block-3fd7a4790d3fe5e21965\">\n<div id=\"block-3fd7a4790d3fe5e21965\" class=\"sqs-block html-block sqs-block-html\" data-block-type=\"2\" data-border-radii=\"{&quot;topLeft&quot;:{&quot;unit&quot;:&quot;px&quot;,&quot;value&quot;:0.0},&quot;topRight&quot;:{&quot;unit&quot;:&quot;px&quot;,&quot;value&quot;:0.0},&quot;bottomLeft&quot;:{&quot;unit&quot;:&quot;px&quot;,&quot;value&quot;:0.0},&quot;bottomRight&quot;:{&quot;unit&quot;:&quot;px&quot;,&quot;value&quot;:0.0}}\">\n<div class=\"sqs-block-content\">\n<div class=\"sqs-html-content\">\n<h4 class=\"preFade fadeIn\"><span class=\"sqsrte-text-color--accent\"><strong>Dr. Miguel Ojeda Rios<\/strong><\/span><\/h4>\n<\/div>\n<\/div>\n<\/div>\n<\/div>\n","protected":false},"excerpt":{"rendered":"<p>&nbsp; Microbioenerg\u00e9tica \u201cEl c\u00f3digo emocional, energ\u00e9tico y simb\u00f3lico de los microbios\u201d 4 &#8211; 5 de marzo 2023 Temario: Estados emocionales y microbios. Teoria de los equivalentes simb\u00f3licos. Conflictos biol\u00f3gicos y microbios. Los circulos de la Vida. Niveles de somatizaci\u00f3n. Sistema nervioso autonomo y bioshock. Embriologia y microbios. El sistema ontog\u00e9nico de los microbios. El microbioma [&#8230;]\n","protected":false},"featured_media":33967,"template":"","meta":{"_monsterinsights_skip_tracking":false,"_monsterinsights_sitenote_active":false,"_monsterinsights_sitenote_note":"","_monsterinsights_sitenote_category":0,"jetpack_post_was_ever_published":false,"jetpack_publicize_message":"","jetpack_publicize_feature_enabled":true,"jetpack_social_post_already_shared":true,"jetpack_social_options":{"image_generator_settings":{"template":"highway","default_image_id":0,"font":"","enabled":false},"version":2}},"product_brand":[],"product_cat":[96],"product_tag":[263,142,260,211,254,119,251,215,257,249,243,230,182,226,253,236,229,143,228,232,258,234,262,239,220,265,219,225,240,238,140,242,235,244,266,267,248,210,245,212,250,227,255,264,252,217,216,233,261,73,237,231,247,221,246,222,223,224,259,241,256,218,213,214,53],"class_list":{"0":"post-33964","1":"product","2":"type-product","3":"status-publish","4":"has-post-thumbnail","6":"product_cat-biomagnetismo","7":"product_tag-animales","8":"product_tag-avanzado","9":"product_tag-biden","10":"product_tag-billetes","11":"product_tag-bitcoin","12":"product_tag-carrera","13":"product_tag-china","14":"product_tag-christopher-olivarrieta","15":"product_tag-cine","16":"product_tag-coranavirus","17":"product_tag-cultura","18":"product_tag-cursos","19":"product_tag-dinero","20":"product_tag-dios","21":"product_tag-dolar","22":"product_tag-enric-corbera","23":"product_tag-ensenanza-en-casa","24":"product_tag-entidades","25":"product_tag-escuela","26":"product_tag-especialidad","27":"product_tag-estrenos","28":"product_tag-estudios","29":"product_tag-facebook","30":"product_tag-famosos","31":"product_tag-free","32":"product_tag-gatos","33":"product_tag-gratis","34":"product_tag-guerra","35":"product_tag-humor","36":"product_tag-internet","37":"product_tag-jose-palomo","38":"product_tag-juegos","39":"product_tag-lavin","40":"product_tag-manga","41":"product_tag-mercado-libre","42":"product_tag-mercado-pago","43":"product_tag-meteorologia","44":"product_tag-moneda","45":"product_tag-musica","46":"product_tag-nuevo","47":"product_tag-omnicron","48":"product_tag-oracion","49":"product_tag-peliculas","50":"product_tag-perros","51":"product_tag-peso","52":"product_tag-porn","53":"product_tag-porno","54":"product_tag-profesional","55":"product_tag-putin","56":"product_tag-salud","57":"product_tag-sexo","58":"product_tag-talleres","59":"product_tag-television","60":"product_tag-terapias","61":"product_tag-trabajo","62":"product_tag-ucrania","63":"product_tag-ukrania","64":"product_tag-usa","65":"product_tag-vacuna","66":"product_tag-viajes","67":"product_tag-videos","68":"product_tag-xxx","69":"product_tag-youtube","70":"product_tag-youtube-yuen-guadalajara","71":"product_tag-yuen","73":"first","74":"instock","75":"downloadable","76":"virtual","77":"purchasable","78":"product-type-simple"},"jetpack_publicize_connections":[],"jetpack-related-posts":[{"id":30322,"url":"https:\/\/multiofertasvip.com\/?product=seminario-internacional-de-bioenergetica-y-microbioenergetica-vallarta","url_meta":{"origin":33964,"position":0},"title":"Seminario Internacional de Bioenergetica y Microbioenergetica Vallarta","author":"multiofertasvip","date":"mayo 27, 2022","format":false,"excerpt":"Temario Biomagnetismo avanzado La teor\u00eda polivagal y conflictolog\u00eda biol\u00f3gica Tratamiento del s\u00edndrome post-covid Din\u00e1micas sist\u00e9micas de la enfermedad Transgeneracional y ciclos repetitivos Recuperaci\u00f3n funcional y bioenerg\u00e9tica Virolog\u00eda energ\u00e9tica Infecci\u00f3n cr\u00f3nica y esquemas desadaptativos El sistema de las partes internas Reprocesamiento del trauma Trauma, memoria y conflictos biol\u00f3gicos Sindrome inflamatorio y\u2026","rel":"","context":"Entrada similar","block_context":{"text":"Entrada similar","link":""},"img":{"alt_text":"","src":"https:\/\/i0.wp.com\/multiofertasvip.com\/wp-content\/uploads\/2022\/05\/vallarta.png?fit=200%2C200&ssl=1&resize=350%2C200","width":350,"height":200},"classes":[]},{"id":35205,"url":"https:\/\/multiofertasvip.com\/?product=bioenergetica-y-biomagnetismo-holografico-energetico-miguel-ojeda-2","url_meta":{"origin":33964,"position":1},"title":"Bioenergetica y Biomagnetismo Hologr\u00e1fico Energ\u00e9tico Miguel Ojeda","author":"multiofertasvip","date":"marzo 20, 2026","format":false,"excerpt":"\u00a0 \u00a0 \u00a0 \u00a0 \u00a0 \u00a0 \u00a0","rel":"","context":"Entrada similar","block_context":{"text":"Entrada similar","link":""},"img":{"alt_text":"","src":"https:\/\/i0.wp.com\/multiofertasvip.com\/wp-content\/uploads\/2026\/03\/Biomagnetismo-Holografico.png?fit=200%2C200&ssl=1&resize=350%2C200","width":350,"height":200},"classes":[]},{"id":30798,"url":"https:\/\/multiofertasvip.com\/?product=conflictos-biologicos-y-neurociencias-enero-2023-miguel-ojeda","url_meta":{"origin":33964,"position":2},"title":"Conflictos Biologicos y Neurociencias  Enero 2023-Miguel Ojeda","author":"multiofertasvip","date":"abril 18, 2023","format":false,"excerpt":"La neurociencia basa sus investigaciones en campos tan diversos como: El control gen\u00e9tico del desarrollo neuronal desde el nacimiento. La operaci\u00f3n de redes neuronales. La estructura y el funcionamiento de las redes neuronales que se responsabilizan de la memoria, la percepci\u00f3n y el habla. Los mecanismos responsables del aprendizaje.","rel":"","context":"Entrada similar","block_context":{"text":"Entrada similar","link":""},"img":{"alt_text":"","src":"https:\/\/i0.wp.com\/multiofertasvip.com\/wp-content\/uploads\/2023\/04\/conflictos.jpg?fit=200%2C200&ssl=1&resize=350%2C200","width":350,"height":200},"classes":[]},{"id":30280,"url":"https:\/\/multiofertasvip.com\/?product=bioenergetica-y-tratamiento-en-efectos-post-covid-miguel-ojeda","url_meta":{"origin":33964,"position":3},"title":"Bioenergetica y tratamiento en efectos post-covid-Miguel Ojeda","author":"multiofertasvip","date":"marzo 31, 2022","format":false,"excerpt":"\u00a0 \u00a0","rel":"","context":"Entrada similar","block_context":{"text":"Entrada similar","link":""},"img":{"alt_text":"","src":"https:\/\/i0.wp.com\/multiofertasvip.com\/wp-content\/uploads\/2022\/03\/Efectospostcovid-1.jpg?fit=200%2C200&ssl=1&resize=350%2C200","width":350,"height":200},"classes":[]},{"id":29758,"url":"https:\/\/multiofertasvip.com\/?product=curso-bioenergetica-avanzada-en-video-miguel-ojeda","url_meta":{"origin":33964,"position":4},"title":"Curso Bioenergetica Avanzada En Video-Miguel Ojeda","author":"multiofertasvip","date":"abril 18, 2021","format":false,"excerpt":"La bioenerg\u00e9tica avanzada es una t\u00e9cnica basada en experiencias e investigaciones de terapeutas biomagn\u00e9ticos de todo el mundo bas\u00e1ndose en la evoluci\u00f3n de diversos protocolos detallados logrando ir m\u00e1s all\u00e1 del par Biomagn\u00e9tico que te proporcionan el equilibrio energ\u00e9tico que requieres en tu mente cuerpo y esp\u00edritu. La bioenerg\u00e9tica es\u2026","rel":"","context":"Entrada similar","block_context":{"text":"Entrada similar","link":""},"img":{"alt_text":"","src":"https:\/\/i0.wp.com\/multiofertasvip.com\/wp-content\/uploads\/2021\/04\/bioenergetica-avanzada.jpg?fit=200%2C200&ssl=1&resize=350%2C200","width":350,"height":200},"classes":[]},{"id":29761,"url":"https:\/\/multiofertasvip.com\/?product=curso-conflictos-biologicos-y-neurociencias-en-video-miguel-ojeda","url_meta":{"origin":33964,"position":5},"title":"Curso Conflictos Biologicos y Neurociencias En Video-Miguel Ojeda","author":"multiofertasvip","date":"abril 18, 2021","format":false,"excerpt":"La neurociencia basa sus investigaciones en campos tan diversos como: El control gen\u00e9tico del desarrollo neuronal desde el nacimiento. La operaci\u00f3n de redes neuronales. La estructura y el funcionamiento de las redes neuronales que se responsabilizan de la memoria, la percepci\u00f3n y el habla. Los mecanismos responsables del aprendizaje.","rel":"","context":"Entrada similar","block_context":{"text":"Entrada similar","link":""},"img":{"alt_text":"","src":"https:\/\/i0.wp.com\/multiofertasvip.com\/wp-content\/uploads\/2021\/04\/conflictos.jpg?fit=200%2C200&ssl=1&resize=350%2C200","width":350,"height":200},"classes":[]}],"jetpack_sharing_enabled":false,"jetpack_likes_enabled":false,"_links":{"self":[{"href":"https:\/\/multiofertasvip.com\/index.php?rest_route=\/wp\/v2\/product\/33964","targetHints":{"allow":["GET"]}}],"collection":[{"href":"https:\/\/multiofertasvip.com\/index.php?rest_route=\/wp\/v2\/product"}],"about":[{"href":"https:\/\/multiofertasvip.com\/index.php?rest_route=\/wp\/v2\/types\/product"}],"version-history":[{"count":2,"href":"https:\/\/multiofertasvip.com\/index.php?rest_route=\/wp\/v2\/product\/33964\/revisions"}],"predecessor-version":[{"id":33969,"href":"https:\/\/multiofertasvip.com\/index.php?rest_route=\/wp\/v2\/product\/33964\/revisions\/33969"}],"wp:featuredmedia":[{"embeddable":true,"href":"https:\/\/multiofertasvip.com\/index.php?rest_route=\/wp\/v2\/media\/33967"}],"wp:attachment":[{"href":"https:\/\/multiofertasvip.com\/index.php?rest_route=%2Fwp%2Fv2%2Fmedia&parent=33964"}],"wp:term":[{"taxonomy":"product_brand","embeddable":true,"href":"https:\/\/multiofertasvip.com\/index.php?rest_route=%2Fwp%2Fv2%2Fproduct_brand&post=33964"},{"taxonomy":"product_cat","embeddable":true,"href":"https:\/\/multiofertasvip.com\/index.php?rest_route=%2Fwp%2Fv2%2Fproduct_cat&post=33964"},{"taxonomy":"product_tag","embeddable":true,"href":"https:\/\/multiofertasvip.com\/index.php?rest_route=%2Fwp%2Fv2%2Fproduct_tag&post=33964"}],"curies":[{"name":"wp","href":"https:\/\/api.w.org\/{rel}","templated":true}]}}