{"id":33959,"date":"2025-05-30T09:58:12","date_gmt":"2025-05-30T15:28:12","guid":{"rendered":"https:\/\/multiofertasvip.com\/?post_type=product&#038;p=33959"},"modified":"2025-05-30T10:18:34","modified_gmt":"2025-05-30T15:48:34","slug":"metodo-raderadiestesia-diferencial-y-efectiva-adriana-echeverri","status":"publish","type":"product","link":"https:\/\/multiofertasvip.com\/?product=metodo-raderadiestesia-diferencial-y-efectiva-adriana-echeverri","title":{"rendered":"Metodo RADE(Radiestesia Diferencial y Efectiva-Adriana Echeverri"},"content":{"rendered":"<p class=\"_mb-5\" role=\"paragraph\">Este programa est\u00e1 dise\u00f1ado para entregar al terapeuta herramientas radiest\u00e9sicas, radi\u00f3nicas, metaf\u00edsicas y cu\u00e1nticas que generan transformaciones y promuevan resultados en sus vidas y en sus consultantes. El enfoque del m\u00e9todo es identificar, tratar y bloquear la causa de los desequilibrios a todos los niveles del ser, asegurando resultados sostenibles en el tiempo.<\/p>\n<p class=\"_mb-5\" role=\"paragraph\">El m\u00e9todo ofrece una metodolog\u00eda simple pero muy poderosa tra\u00edda directamente desde Brasil y puesta por primera vez al mercado hispanohablante que te permitir\u00e1 llegar a niveles cu\u00e1nticos y multidimensionales. Podr\u00e1s percibir como tu vida se torna m\u00e1s leve a medida que aplicas el m\u00e9todo y tus relaciones, finanzas y salud comienzan a mejorar sustancialmente.<\/p>\n","protected":false},"excerpt":{"rendered":"<p>Este programa est\u00e1 dise\u00f1ado para entregar al terapeuta herramientas radiest\u00e9sicas, radi\u00f3nicas, metaf\u00edsicas y cu\u00e1nticas que generan transformaciones y promuevan resultados en sus vidas y en sus consultantes. El enfoque del m\u00e9todo es identificar, tratar y bloquear la causa de los desequilibrios a todos los niveles del ser, asegurando resultados sostenibles en el tiempo. El m\u00e9todo [&#8230;]\n","protected":false},"featured_media":33961,"template":"","meta":{"_monsterinsights_skip_tracking":false,"_monsterinsights_sitenote_active":false,"_monsterinsights_sitenote_note":"","_monsterinsights_sitenote_category":0,"jetpack_post_was_ever_published":false,"jetpack_publicize_message":"","jetpack_publicize_feature_enabled":true,"jetpack_social_post_already_shared":true,"jetpack_social_options":{"image_generator_settings":{"template":"highway","default_image_id":0,"font":"","enabled":false},"version":2}},"product_brand":[],"product_cat":[46],"product_tag":[263,142,260,211,254,119,251,215,257,249,243,230,182,226,253,236,229,143,228,232,258,234,262,239,220,265,219,225,240,238,140,242,235,244,266,267,248,210,245,212,250,227,255,264,252,217,216,233,261,73,237,231,247,221,246,222,223,224,259,241,256,218,213,214,53],"class_list":{"0":"post-33959","1":"product","2":"type-product","3":"status-publish","4":"has-post-thumbnail","6":"product_cat-superacion","7":"product_tag-animales","8":"product_tag-avanzado","9":"product_tag-biden","10":"product_tag-billetes","11":"product_tag-bitcoin","12":"product_tag-carrera","13":"product_tag-china","14":"product_tag-christopher-olivarrieta","15":"product_tag-cine","16":"product_tag-coranavirus","17":"product_tag-cultura","18":"product_tag-cursos","19":"product_tag-dinero","20":"product_tag-dios","21":"product_tag-dolar","22":"product_tag-enric-corbera","23":"product_tag-ensenanza-en-casa","24":"product_tag-entidades","25":"product_tag-escuela","26":"product_tag-especialidad","27":"product_tag-estrenos","28":"product_tag-estudios","29":"product_tag-facebook","30":"product_tag-famosos","31":"product_tag-free","32":"product_tag-gatos","33":"product_tag-gratis","34":"product_tag-guerra","35":"product_tag-humor","36":"product_tag-internet","37":"product_tag-jose-palomo","38":"product_tag-juegos","39":"product_tag-lavin","40":"product_tag-manga","41":"product_tag-mercado-libre","42":"product_tag-mercado-pago","43":"product_tag-meteorologia","44":"product_tag-moneda","45":"product_tag-musica","46":"product_tag-nuevo","47":"product_tag-omnicron","48":"product_tag-oracion","49":"product_tag-peliculas","50":"product_tag-perros","51":"product_tag-peso","52":"product_tag-porn","53":"product_tag-porno","54":"product_tag-profesional","55":"product_tag-putin","56":"product_tag-salud","57":"product_tag-sexo","58":"product_tag-talleres","59":"product_tag-television","60":"product_tag-terapias","61":"product_tag-trabajo","62":"product_tag-ucrania","63":"product_tag-ukrania","64":"product_tag-usa","65":"product_tag-vacuna","66":"product_tag-viajes","67":"product_tag-videos","68":"product_tag-xxx","69":"product_tag-youtube","70":"product_tag-youtube-yuen-guadalajara","71":"product_tag-yuen","73":"first","74":"instock","75":"downloadable","76":"virtual","77":"purchasable","78":"product-type-simple"},"jetpack_publicize_connections":[],"jetpack-related-posts":[{"id":29945,"url":"https:\/\/multiofertasvip.com\/?product=metodo-yuen-antologia-cuantica-nivel-1","url_meta":{"origin":33959,"position":0},"title":"Metodo Yuen Antologia Cuantica Nivel 1","author":"multiofertasvip","date":"mayo 23, 2021","format":false,"excerpt":"\u00bfQu\u00e9 es el M\u00e9todo Yuen? El M\u00e9todo Yuen es una t\u00e9cnica de sanaci\u00f3n cu\u00e1ntica cuyo origen se encuentra en la sabidur\u00eda ancestral de los antiguos Monjes Shaolin de China, el Dr. Kam Yuen es la persona que ha desarrollado este m\u00e9todo integrando conocimientos de la Medicina Tradicional China y de\u2026","rel":"","context":"Entrada similar","block_context":{"text":"Entrada similar","link":""},"img":{"alt_text":"","src":"https:\/\/i0.wp.com\/multiofertasvip.com\/wp-content\/uploads\/2021\/05\/milagros1.png?fit=200%2C200&ssl=1&resize=350%2C200","width":350,"height":200},"classes":[]},{"id":30436,"url":"https:\/\/multiofertasvip.com\/?product=metodo-yuen-finanzas-modulo-5-ypy-academy","url_meta":{"origin":33959,"position":1},"title":"Metodo Yuen Finanzas Modulo 5-YPY Academy","author":"multiofertasvip","date":"marzo 17, 2026","format":false,"excerpt":"\u00a0 \u00a0 \u00a0 \u00a0 \u00a0 \u00a0 \u00a0","rel":"","context":"Entrada similar","block_context":{"text":"Entrada similar","link":""},"img":{"alt_text":"","src":"https:\/\/i0.wp.com\/multiofertasvip.com\/wp-content\/uploads\/2022\/09\/finanzas.jpg?fit=200%2C200&ssl=1&resize=350%2C200","width":350,"height":200},"classes":[]},{"id":30289,"url":"https:\/\/multiofertasvip.com\/?product=taller-de-regularizacion-niveles-1-3-metodo-yuen-guadalajara","url_meta":{"origin":33959,"position":2},"title":"Taller de Regularizacion Niveles 1-3 Metodo Yuen Guadalajara","author":"multiofertasvip","date":"marzo 31, 2022","format":false,"excerpt":"Incluye (8) lecciones de audio de alta definici\u00f3n (60 minutos cada una) \u00a0","rel":"","context":"Entrada similar","block_context":{"text":"Entrada similar","link":""},"img":{"alt_text":"","src":"https:\/\/i0.wp.com\/multiofertasvip.com\/wp-content\/uploads\/2022\/03\/talleres.jpg?fit=200%2C200&ssl=1&resize=350%2C200","width":350,"height":200},"classes":[]},{"id":29947,"url":"https:\/\/multiofertasvip.com\/?product=metodo-yuen-antologia-cuantica-nivel-2","url_meta":{"origin":33959,"position":3},"title":"Metodo Yuen Antologia Cuantica Nivel 2","author":"multiofertasvip","date":"mayo 23, 2021","format":false,"excerpt":"\u00bfQu\u00e9 es el M\u00e9todo Yuen? El M\u00e9todo Yuen es una t\u00e9cnica de sanaci\u00f3n cu\u00e1ntica cuyo origen se encuentra en la sabidur\u00eda ancestral de los antiguos Monjes Shaolin de China, el Dr. Kam Yuen es la persona que ha desarrollado este m\u00e9todo integrando conocimientos de la Medicina Tradicional China y de\u2026","rel":"","context":"Entrada similar","block_context":{"text":"Entrada similar","link":""},"img":{"alt_text":"","src":"https:\/\/i0.wp.com\/multiofertasvip.com\/wp-content\/uploads\/2021\/05\/milagros2.png?fit=200%2C200&ssl=1&resize=350%2C200","width":350,"height":200},"classes":[]},{"id":29949,"url":"https:\/\/multiofertasvip.com\/?product=metodo-yuen-antologia-cuantica-nivel-3","url_meta":{"origin":33959,"position":4},"title":"Metodo Yuen Antologia Cuantica Nivel 3","author":"multiofertasvip","date":"mayo 23, 2021","format":false,"excerpt":"\u00bfQu\u00e9 es el M\u00e9todo Yuen? El M\u00e9todo Yuen es una t\u00e9cnica de sanaci\u00f3n cu\u00e1ntica cuyo origen se encuentra en la sabidur\u00eda ancestral de los antiguos Monjes Shaolin de China, el Dr. Kam Yuen es la persona que ha desarrollado este m\u00e9todo integrando conocimientos de la Medicina Tradicional China y de\u2026","rel":"","context":"Entrada similar","block_context":{"text":"Entrada similar","link":""},"img":{"alt_text":"","src":"https:\/\/i0.wp.com\/multiofertasvip.com\/wp-content\/uploads\/2021\/05\/milagros3.png?fit=200%2C200&ssl=1&resize=350%2C200","width":350,"height":200},"classes":[]},{"id":30395,"url":"https:\/\/multiofertasvip.com\/?product=metodo-yuen-nivel-intermedio","url_meta":{"origin":33959,"position":5},"title":"FORMACI\u00d3N M\u00c9TODO YUEN INTEGRAL I &#8211; II &#8211; III","author":"multiofertasvip","date":"agosto 17, 2022","format":false,"excerpt":"\u00a0 \u00a0 \u00a0 \u00a0 \u00a0 \u00a0 \u00a0","rel":"","context":"Entrada similar","block_context":{"text":"Entrada similar","link":""},"img":{"alt_text":"","src":"https:\/\/i0.wp.com\/multiofertasvip.com\/wp-content\/uploads\/2022\/08\/activaciones-cuanticas.jpg?fit=200%2C200&ssl=1&resize=350%2C200","width":350,"height":200},"classes":[]}],"jetpack_sharing_enabled":false,"jetpack_likes_enabled":false,"_links":{"self":[{"href":"https:\/\/multiofertasvip.com\/index.php?rest_route=\/wp\/v2\/product\/33959","targetHints":{"allow":["GET"]}}],"collection":[{"href":"https:\/\/multiofertasvip.com\/index.php?rest_route=\/wp\/v2\/product"}],"about":[{"href":"https:\/\/multiofertasvip.com\/index.php?rest_route=\/wp\/v2\/types\/product"}],"version-history":[{"count":2,"href":"https:\/\/multiofertasvip.com\/index.php?rest_route=\/wp\/v2\/product\/33959\/revisions"}],"predecessor-version":[{"id":33971,"href":"https:\/\/multiofertasvip.com\/index.php?rest_route=\/wp\/v2\/product\/33959\/revisions\/33971"}],"wp:featuredmedia":[{"embeddable":true,"href":"https:\/\/multiofertasvip.com\/index.php?rest_route=\/wp\/v2\/media\/33961"}],"wp:attachment":[{"href":"https:\/\/multiofertasvip.com\/index.php?rest_route=%2Fwp%2Fv2%2Fmedia&parent=33959"}],"wp:term":[{"taxonomy":"product_brand","embeddable":true,"href":"https:\/\/multiofertasvip.com\/index.php?rest_route=%2Fwp%2Fv2%2Fproduct_brand&post=33959"},{"taxonomy":"product_cat","embeddable":true,"href":"https:\/\/multiofertasvip.com\/index.php?rest_route=%2Fwp%2Fv2%2Fproduct_cat&post=33959"},{"taxonomy":"product_tag","embeddable":true,"href":"https:\/\/multiofertasvip.com\/index.php?rest_route=%2Fwp%2Fv2%2Fproduct_tag&post=33959"}],"curies":[{"name":"wp","href":"https:\/\/api.w.org\/{rel}","templated":true}]}}