{"id":33938,"date":"2025-05-14T13:35:08","date_gmt":"2025-05-14T19:05:08","guid":{"rendered":"https:\/\/multiofertasvip.com\/?post_type=product&#038;p=33938"},"modified":"2025-05-14T13:39:14","modified_gmt":"2025-05-14T19:09:14","slug":"magia-con-moleculas-edicion-amor-bonito-daniela-correa","status":"publish","type":"product","link":"https:\/\/multiofertasvip.com\/?product=magia-con-moleculas-edicion-amor-bonito-daniela-correa","title":{"rendered":"Magia con mol\u00e9culas Edici\u00f3n Amor Bonito-Daniela Correa"},"content":{"rendered":"<p>El amor bonito no es algo que tienes que encontrar, buscar o esperar\u2026 es algo que ERES.<\/p>\n<p>\ud83d\udc96 M\u00e1s all\u00e1 de las historias, los cuentos de hadas y las creencias sobre lo que el amor \u201cdeber\u00eda ser,\u201d existe una posibilidad m\u00e1s grandiosa: elegir ser amor y abrirte a recibirlo en todas sus formas.<\/p>\n<p>\ud83c\udf1f \u00bfY si el amor no tuviera que ser complicado?\ud83c\udf1f \u00bfY si no se tratara de merecerlo, sino de permitirlo?\ud83c\udf1f \u00bfY si siempre ha estado disponible para ti y solo necesitas soltar lo que te impide recibirlo? En esta edici\u00f3n especial de Magia con Mol\u00e9culas, haremos 5 ejercicios en vivo por Zoom para derretir barreras, liberar limitaciones y recordar que el amor ya es parte de ti.<\/p>\n<p>\u2728 \u00bfQu\u00e9 magia se activar\u00e1 en tu vida cuando simplemente elijas ser amor? \u2728<\/p>\n<p>\ud83d\udcc5 Clases: 16, 17, 18, 21 y 22 de abril<\/p>\n","protected":false},"excerpt":{"rendered":"<p>El amor bonito no es algo que tienes que encontrar, buscar o esperar\u2026 es algo que ERES. \ud83d\udc96 M\u00e1s all\u00e1 de las historias, los cuentos de hadas y las creencias sobre lo que el amor \u201cdeber\u00eda ser,\u201d existe una posibilidad m\u00e1s grandiosa: elegir ser amor y abrirte a recibirlo en todas sus formas. \ud83c\udf1f \u00bfY [&#8230;]\n","protected":false},"featured_media":33940,"template":"","meta":{"_monsterinsights_skip_tracking":false,"_monsterinsights_sitenote_active":false,"_monsterinsights_sitenote_note":"","_monsterinsights_sitenote_category":0,"jetpack_post_was_ever_published":false,"jetpack_publicize_message":"","jetpack_publicize_feature_enabled":true,"jetpack_social_post_already_shared":true,"jetpack_social_options":{"image_generator_settings":{"template":"highway","default_image_id":0,"font":"","enabled":false},"version":2}},"product_brand":[],"product_cat":[32],"product_tag":[263,142,260,211,254,119,251,215,257,249,243,230,182,226,253,236,229,143,228,232,258,234,262,239,220,265,219,225,240,238,140,242,235,244,266,267,248,210,245,212,250,227,255,264,252,217,216,233,261,73,237,231,247,221,246,222,223,224,259,241,256,218,213,214,53],"class_list":{"0":"post-33938","1":"product","2":"type-product","3":"status-publish","4":"has-post-thumbnail","6":"product_cat-sanacion","7":"product_tag-animales","8":"product_tag-avanzado","9":"product_tag-biden","10":"product_tag-billetes","11":"product_tag-bitcoin","12":"product_tag-carrera","13":"product_tag-china","14":"product_tag-christopher-olivarrieta","15":"product_tag-cine","16":"product_tag-coranavirus","17":"product_tag-cultura","18":"product_tag-cursos","19":"product_tag-dinero","20":"product_tag-dios","21":"product_tag-dolar","22":"product_tag-enric-corbera","23":"product_tag-ensenanza-en-casa","24":"product_tag-entidades","25":"product_tag-escuela","26":"product_tag-especialidad","27":"product_tag-estrenos","28":"product_tag-estudios","29":"product_tag-facebook","30":"product_tag-famosos","31":"product_tag-free","32":"product_tag-gatos","33":"product_tag-gratis","34":"product_tag-guerra","35":"product_tag-humor","36":"product_tag-internet","37":"product_tag-jose-palomo","38":"product_tag-juegos","39":"product_tag-lavin","40":"product_tag-manga","41":"product_tag-mercado-libre","42":"product_tag-mercado-pago","43":"product_tag-meteorologia","44":"product_tag-moneda","45":"product_tag-musica","46":"product_tag-nuevo","47":"product_tag-omnicron","48":"product_tag-oracion","49":"product_tag-peliculas","50":"product_tag-perros","51":"product_tag-peso","52":"product_tag-porn","53":"product_tag-porno","54":"product_tag-profesional","55":"product_tag-putin","56":"product_tag-salud","57":"product_tag-sexo","58":"product_tag-talleres","59":"product_tag-television","60":"product_tag-terapias","61":"product_tag-trabajo","62":"product_tag-ucrania","63":"product_tag-ukrania","64":"product_tag-usa","65":"product_tag-vacuna","66":"product_tag-viajes","67":"product_tag-videos","68":"product_tag-xxx","69":"product_tag-youtube","70":"product_tag-youtube-yuen-guadalajara","71":"product_tag-yuen","73":"first","74":"instock","75":"downloadable","76":"virtual","77":"purchasable","78":"product-type-simple"},"jetpack_publicize_connections":[],"jetpack-related-posts":[{"id":33297,"url":"https:\/\/multiofertasvip.com\/?product=desprogramandote-magia-con-moleculas-ponte-chingon-3-0-daniela-correa","url_meta":{"origin":33938,"position":0},"title":"Desprogram\u00e1ndote + Magia con mol\u00e9culas Ponte ching\u00f3n 3.0. -Daniela Correa","author":"multiofertasvip","date":"noviembre 15, 2024","format":false,"excerpt":"\u00bfEs ahora el momento de dejar atr\u00e1s las creencias limitantes y activar tu verdadero poder? En esta edici\u00f3n especial, te llevar\u00e9 a un viaje de transformaci\u00f3n profunda, donde, si lo eliges, vas a desprogramarte y utilizar la magia cu\u00e1ntica para crear una vida que realmente amas. Ser\u00e1 un espacio \u00fanico\u2026","rel":"","context":"Entrada similar","block_context":{"text":"Entrada similar","link":""},"img":{"alt_text":"","src":"https:\/\/i0.wp.com\/multiofertasvip.com\/wp-content\/uploads\/2024\/11\/chingon3.png?fit=200%2C200&ssl=1&resize=350%2C200","width":350,"height":200},"classes":[]},{"id":33955,"url":"https:\/\/multiofertasvip.com\/?product=magia-con-moleculas-cuerpo-poderoso-y-encendido-daniela-correa","url_meta":{"origin":33938,"position":1},"title":"Magia con Mol\u00e9culas Cuerpo Poderoso y Encendido- Daniela Correa","author":"multiofertasvip","date":"mayo 30, 2025","format":false,"excerpt":"Curso Magia con Mol\u00e9culas Edici\u00f3n Cuerpo Poderoso y Encendido Activa el gozo, la energ\u00eda y la sabidur\u00eda de tu cuerpo. Tu cuerpo no es un obst\u00e1culo ni una carga. Es un canal de magia, gozo y sabidur\u00eda\u2026 si eliges escucharlo. En esta edici\u00f3n especial de Magia con Mol\u00e9culas\u00ae, abrimos el\u2026","rel":"","context":"Entrada similar","block_context":{"text":"Entrada similar","link":""},"img":{"alt_text":"","src":"https:\/\/i0.wp.com\/multiofertasvip.com\/wp-content\/uploads\/2025\/05\/magia-con-moleculas-cuerpo-poderoso-y-encendido.jpg?fit=200%2C200&ssl=1&resize=350%2C200","width":350,"height":200},"classes":[]},{"id":33038,"url":"https:\/\/multiofertasvip.com\/?product=desprogramandote-magia-con-moleculas-edicion-que-pinche-verguenza-daniela-correa","url_meta":{"origin":33938,"position":2},"title":"Desprogram\u00e1ndote + Magia con mol\u00e9culas Edici\u00f3n \u00a1Qu\u00e9 pinche verg\u00fcenza!-Daniela Correa","author":"multiofertasvip","date":"julio 31, 2024","format":false,"excerpt":"\u00bfEst\u00e1s listo para liberar la verg\u00fcenza que te ha mantenido atrapado y limitado tu vida? Es el momento de deshacerte de esas emociones que te han frenado y abrirte a una nueva forma de relacionarte contigo mismo y con los dem\u00e1s. La verg\u00fcenza es una emoci\u00f3n poderosa que puede paralizarte\u2026","rel":"","context":"Entrada similar","block_context":{"text":"Entrada similar","link":""},"img":{"alt_text":"","src":"https:\/\/i0.wp.com\/multiofertasvip.com\/wp-content\/uploads\/2024\/07\/verguenza.png?fit=200%2C200&ssl=1&resize=350%2C200","width":350,"height":200},"classes":[]},{"id":34088,"url":"https:\/\/multiofertasvip.com\/?product=magia-con-moleculas-hackea-tu-matrix-con-el-dinero-daniela-correa","url_meta":{"origin":33938,"position":3},"title":"Magia con Moleculas Hackea tu Matrix con el Dinero-Daniela Correa","author":"multiofertasvip","date":"junio 29, 2025","format":false,"excerpt":"El dinero no es una recompensa.No llega porque hiciste todo bien.El dinero es una frecuencia, una energ\u00eda, un reflejo de tu nivel de expansi\u00f3n. Esta edici\u00f3n especial de\u00a0Magia con Mol\u00e9culas\u00ae, no es una clase sobre c\u00f3mo administrar mejor tus finanzas.Es una experiencia energ\u00e9tica para cambiar la frecuencia con la que\u2026","rel":"","context":"Entrada similar","block_context":{"text":"Entrada similar","link":""},"img":{"alt_text":"","src":"https:\/\/i0.wp.com\/multiofertasvip.com\/wp-content\/uploads\/2025\/06\/MAGIA-CON-MOLECULAS-HACKEA-TU-MATRIX-CON-EL-DINERO.png?fit=200%2C200&ssl=1&resize=350%2C200","width":350,"height":200},"classes":[]},{"id":33546,"url":"https:\/\/multiofertasvip.com\/?product=desprogramandote-magia-con-moleculas-creando-un-fucking-awesome-2025-daniela-correa","url_meta":{"origin":33938,"position":4},"title":"Desprogram\u00e1ndote + Magia con mol\u00e9culas. Creando un fucking awesome 2025-Daniela Correa","author":"multiofertasvip","date":"enero 8, 2025","format":false,"excerpt":"\u00a0\u00bfListo para hacer del 2025 tu a\u00f1o m\u00e1s grandioso?\u00a0 En esta edici\u00f3n especial, nos enfocamos en desprogramar todo aquello que te ha limitado hasta ahora, para que puedas recibir con total facilidad y expandir tu vida en todas las \u00e1reas. A trav\u00e9s de herramientas de conciencia y magia energ\u00e9tica, abriremos\u2026","rel":"","context":"Entrada similar","block_context":{"text":"Entrada similar","link":""},"img":{"alt_text":"","src":"https:\/\/i0.wp.com\/multiofertasvip.com\/wp-content\/uploads\/2025\/01\/awes.jpg?fit=200%2C200&ssl=1&resize=350%2C200","width":350,"height":200},"classes":[]},{"id":32746,"url":"https:\/\/multiofertasvip.com\/?product=magia-con-moleculas-business-magic-daniela-correa","url_meta":{"origin":33938,"position":5},"title":"Magia con mol\u00e9culas \u2013 Business Magic-Daniela Correa","author":"multiofertasvip","date":"abril 17, 2024","format":false,"excerpt":"Yo soy una mol\u00e9cula dispuesta a cambiarlo todo y si me dejas entrar, te voy a mostrar mi Magia con los negocios, que tal si me dejas contribuir a encender la tuya? porque mi amor, mi vida ES un negocio millonario!","rel":"","context":"Entrada similar","block_context":{"text":"Entrada similar","link":""},"img":{"alt_text":"","src":"https:\/\/i0.wp.com\/multiofertasvip.com\/wp-content\/uploads\/2024\/04\/bussines.png?fit=200%2C200&ssl=1&resize=350%2C200","width":350,"height":200},"classes":[]}],"jetpack_sharing_enabled":false,"jetpack_likes_enabled":false,"_links":{"self":[{"href":"https:\/\/multiofertasvip.com\/index.php?rest_route=\/wp\/v2\/product\/33938","targetHints":{"allow":["GET"]}}],"collection":[{"href":"https:\/\/multiofertasvip.com\/index.php?rest_route=\/wp\/v2\/product"}],"about":[{"href":"https:\/\/multiofertasvip.com\/index.php?rest_route=\/wp\/v2\/types\/product"}],"version-history":[{"count":1,"href":"https:\/\/multiofertasvip.com\/index.php?rest_route=\/wp\/v2\/product\/33938\/revisions"}],"predecessor-version":[{"id":33941,"href":"https:\/\/multiofertasvip.com\/index.php?rest_route=\/wp\/v2\/product\/33938\/revisions\/33941"}],"wp:featuredmedia":[{"embeddable":true,"href":"https:\/\/multiofertasvip.com\/index.php?rest_route=\/wp\/v2\/media\/33940"}],"wp:attachment":[{"href":"https:\/\/multiofertasvip.com\/index.php?rest_route=%2Fwp%2Fv2%2Fmedia&parent=33938"}],"wp:term":[{"taxonomy":"product_brand","embeddable":true,"href":"https:\/\/multiofertasvip.com\/index.php?rest_route=%2Fwp%2Fv2%2Fproduct_brand&post=33938"},{"taxonomy":"product_cat","embeddable":true,"href":"https:\/\/multiofertasvip.com\/index.php?rest_route=%2Fwp%2Fv2%2Fproduct_cat&post=33938"},{"taxonomy":"product_tag","embeddable":true,"href":"https:\/\/multiofertasvip.com\/index.php?rest_route=%2Fwp%2Fv2%2Fproduct_tag&post=33938"}],"curies":[{"name":"wp","href":"https:\/\/api.w.org\/{rel}","templated":true}]}}