{"id":33921,"date":"2025-05-07T15:58:00","date_gmt":"2025-05-07T21:28:00","guid":{"rendered":"https:\/\/multiofertasvip.com\/?post_type=product&#038;p=33921"},"modified":"2025-05-07T16:02:23","modified_gmt":"2025-05-07T21:32:23","slug":"taller-remedios-alquimicos-quanticos-libro-de-regalo-avelino-hervas","status":"publish","type":"product","link":"https:\/\/multiofertasvip.com\/?product=taller-remedios-alquimicos-quanticos-libro-de-regalo-avelino-hervas","title":{"rendered":"Taller Remedios Alqu\u00edmicos Qu\u00e1nticos + Libro de Regalo-Avelino Hervas"},"content":{"rendered":"<h2>Clase Grabada + Acceso a clases en Directo<\/h2>\n<p>&nbsp;<\/p>\n<h2>\u00bfQu\u00e9 aprender\u00e1s?<\/h2>\n<ul>\n<li>Crear tus propios medicamentos Qu\u00e1nticos<\/li>\n<li>Fitoterapia China<\/li>\n<li>Homeopat\u00eda<\/li>\n<li>Suplementos alimenticios<\/li>\n<li>Sales de shuler<\/li>\n<li>Pares biomagn\u00e9ticos<\/li>\n<li>Incluir Oraciones Sagradas<\/li>\n<\/ul>\n<p>&nbsp;<\/p>\n","protected":false},"excerpt":{"rendered":"<p>Clase Grabada + Acceso a clases en Directo &nbsp; \u00bfQu\u00e9 aprender\u00e1s? Crear tus propios medicamentos Qu\u00e1nticos Fitoterapia China Homeopat\u00eda Suplementos alimenticios Sales de shuler Pares biomagn\u00e9ticos Incluir Oraciones Sagradas &nbsp;<\/p>\n","protected":false},"featured_media":33923,"template":"","meta":{"_monsterinsights_skip_tracking":false,"_monsterinsights_sitenote_active":false,"_monsterinsights_sitenote_note":"","_monsterinsights_sitenote_category":0,"jetpack_post_was_ever_published":false,"jetpack_publicize_message":"","jetpack_publicize_feature_enabled":true,"jetpack_social_post_already_shared":true,"jetpack_social_options":{"image_generator_settings":{"template":"highway","default_image_id":0,"font":"","enabled":false},"version":2}},"product_brand":[],"product_cat":[32],"product_tag":[263,142,260,211,254,119,251,215,257,249,243,230,182,226,253,236,229,143,228,232,258,234,262,239,220,265,219,225,240,238,140,242,235,244,266,267,248,210,245,212,250,227,255,264,252,217,216,233,261,73,237,231,247,221,246,222,223,224,259,241,256,218,213,214,53],"class_list":{"0":"post-33921","1":"product","2":"type-product","3":"status-publish","4":"has-post-thumbnail","6":"product_cat-sanacion","7":"product_tag-animales","8":"product_tag-avanzado","9":"product_tag-biden","10":"product_tag-billetes","11":"product_tag-bitcoin","12":"product_tag-carrera","13":"product_tag-china","14":"product_tag-christopher-olivarrieta","15":"product_tag-cine","16":"product_tag-coranavirus","17":"product_tag-cultura","18":"product_tag-cursos","19":"product_tag-dinero","20":"product_tag-dios","21":"product_tag-dolar","22":"product_tag-enric-corbera","23":"product_tag-ensenanza-en-casa","24":"product_tag-entidades","25":"product_tag-escuela","26":"product_tag-especialidad","27":"product_tag-estrenos","28":"product_tag-estudios","29":"product_tag-facebook","30":"product_tag-famosos","31":"product_tag-free","32":"product_tag-gatos","33":"product_tag-gratis","34":"product_tag-guerra","35":"product_tag-humor","36":"product_tag-internet","37":"product_tag-jose-palomo","38":"product_tag-juegos","39":"product_tag-lavin","40":"product_tag-manga","41":"product_tag-mercado-libre","42":"product_tag-mercado-pago","43":"product_tag-meteorologia","44":"product_tag-moneda","45":"product_tag-musica","46":"product_tag-nuevo","47":"product_tag-omnicron","48":"product_tag-oracion","49":"product_tag-peliculas","50":"product_tag-perros","51":"product_tag-peso","52":"product_tag-porn","53":"product_tag-porno","54":"product_tag-profesional","55":"product_tag-putin","56":"product_tag-salud","57":"product_tag-sexo","58":"product_tag-talleres","59":"product_tag-television","60":"product_tag-terapias","61":"product_tag-trabajo","62":"product_tag-ucrania","63":"product_tag-ukrania","64":"product_tag-usa","65":"product_tag-vacuna","66":"product_tag-viajes","67":"product_tag-videos","68":"product_tag-xxx","69":"product_tag-youtube","70":"product_tag-youtube-yuen-guadalajara","71":"product_tag-yuen","73":"first","74":"instock","75":"downloadable","76":"virtual","77":"purchasable","78":"product-type-simple"},"jetpack_publicize_connections":[],"jetpack-related-posts":[{"id":34040,"url":"https:\/\/multiofertasvip.com\/?product=curso-nivel-2-biomagnetismo-quantico-avelino-hervas","url_meta":{"origin":33921,"position":0},"title":"Curso Nivel 2 Biomagnetismo Quantico-Avelino Hervas","author":"multiofertasvip","date":"junio 15, 2025","format":false,"excerpt":"En este SEGUNDO NIVEL\u00a0se tratar\u00e1 el Biomagnetismo Qu\u00e1ntico d\u00f3nde trabajamos m\u00e1s desde el plano\u00a0ENERG\u00c9TICO, ya no utilizamos imanes f\u00edsicos ni medicamentos f\u00edsicos, aqu\u00ed tambi\u00e9n utilizamos las l\u00e1minas especiales para enfermedades a modo de radi\u00f3nica. \u00bfQu\u00e9 aprender\u00e1s? Qu\u00e9 es el Biomagnetismo Qu\u00e1ntico La meditaci\u00f3n guiada de Theta Healing para subir al\u2026","rel":"","context":"Entrada similar","block_context":{"text":"Entrada similar","link":""},"img":{"alt_text":"","src":"https:\/\/i0.wp.com\/multiofertasvip.com\/wp-content\/uploads\/2025\/06\/BQN2.jpg?fit=200%2C200&ssl=1&resize=350%2C200","width":350,"height":200},"classes":[]},{"id":33820,"url":"https:\/\/multiofertasvip.com\/?product=curso-mesa-quantica-avelino-hervas-montserrat-cortes","url_meta":{"origin":33921,"position":1},"title":"Curso Mesa Qu\u00e1ntica-Avelino Herv\u00e1s, Montserrat Cort\u00e9s","author":"multiofertasvip","date":"abril 25, 2025","format":false,"excerpt":"MESA QU\u00c1NTICA\u00a0es un sistema que incluye dos m\u00e9todos de trabajo en dos formatos distintos.\u00a0Mesa Qu\u00e1ntica\u00a0es un m\u00e9todo en formato radiest\u00e9sico y\u00a0Sinergia\u00a0Qu\u00e1ntica\u00a0en formato digital. Estos dos m\u00e9todos que est\u00e1n sincronizados organizan de manera sistem\u00e1tica las terapias de nuestra escuela. Este sistema f\u00e1cil y sencillo es una gu\u00eda y un engranaje para\u2026","rel":"","context":"Entrada similar","block_context":{"text":"Entrada similar","link":""},"img":{"alt_text":"","src":"https:\/\/i0.wp.com\/multiofertasvip.com\/wp-content\/uploads\/2025\/04\/mesa-quantica.png?fit=200%2C200&ssl=1&resize=350%2C200","width":350,"height":200},"classes":[]},{"id":34043,"url":"https:\/\/multiofertasvip.com\/?product=curso-nivel-3-biomagnetismo-quantico-avelino-hervas","url_meta":{"origin":33921,"position":2},"title":"Curso Nivel 3 Biomagnetismo Quantico-Avelino Hervas","author":"multiofertasvip","date":"junio 15, 2025","format":false,"excerpt":"En este\u00a0TERCER NIVEL\u00a0se tratar\u00e1 la\u00a0sanaci\u00f3n Qu\u00e1ntica\u00a0d\u00f3nde trabajamos a nivel\u00a0ESPIRITUAL\u00a0directamente conectando desde la fuente ya\u00a0no se requiere hacer chequeos,\u00a0ni siquiera tener conocimientos de biomagnetismo, pudiendo visualizar las zonas da\u00f1adas y pudiendo hacer operaciones y tambi\u00e9n reparar los desequilibrios qu\u00e1nticamente.\u00a0Se produce la sanaci\u00f3n espont\u00e1nea. \u2705 Las 17 llaves de oro del contenido\u2026","rel":"","context":"Entrada similar","block_context":{"text":"Entrada similar","link":""},"img":{"alt_text":"","src":"https:\/\/i0.wp.com\/multiofertasvip.com\/wp-content\/uploads\/2025\/06\/BQN3.png?fit=200%2C200&ssl=1&resize=350%2C200","width":350,"height":200},"classes":[]},{"id":34034,"url":"https:\/\/multiofertasvip.com\/?product=curso-nivel-1-biomagnetismo-quantico-avelino-hervas","url_meta":{"origin":33921,"position":3},"title":"Curso Nivel 1 Biomagnetismo Quantico-Avelino Hervas","author":"multiofertasvip","date":"junio 15, 2025","format":false,"excerpt":"En este\u00a0PRIMER NIVEL\u00a0se tratar\u00e1 el par Biomagnetico avanzado enfocado al plano\u00a0F\u00cdSICO\u00a0donde usamos imanes f\u00edsicos. \u00bfQu\u00e9 aprender\u00e1s? \u00a0 Qu\u00e9 es el Par Biomagn\u00e9tico El material que necesitas para poder utilizar la t\u00e9cnica del par Biomagn\u00e9tico (imanes, manual con el protocolo b\u00e1sico) C\u00f3mo hacer tus propios imanes La polaridad de los imanes,\u2026","rel":"","context":"Entrada similar","block_context":{"text":"Entrada similar","link":""},"img":{"alt_text":"","src":"https:\/\/i0.wp.com\/multiofertasvip.com\/wp-content\/uploads\/2025\/06\/BQN1.jpg?fit=200%2C200&ssl=1&resize=350%2C200","width":350,"height":200},"classes":[]},{"id":30340,"url":"https:\/\/multiofertasvip.com\/?product=claves-para-ser-un-autentico-lider-enric-corbera","url_meta":{"origin":33921,"position":4},"title":"Claves para ser un aut\u00e9ntico l\u00edder-Enric Corbera","author":"multiofertasvip","date":"julio 27, 2023","format":false,"excerpt":"El verdadero l\u00edder no impone, inspira El verdadero liderazgo implica una forma de ver y entender la vida, no es una actitud puntual, sino una forma de reaccionar ante las circunstancias de manera coherente y eficaz. Te presentamos una nueva visi\u00f3n basada en la autogesti\u00f3n emocional, con el objetivo de\u2026","rel":"","context":"Entrada similar","block_context":{"text":"Entrada similar","link":""},"img":{"alt_text":"","src":"https:\/\/i0.wp.com\/multiofertasvip.com\/wp-content\/uploads\/2022\/07\/claves-para-ser-un-autentico-lider.jpg?fit=200%2C200&ssl=1&resize=350%2C200","width":350,"height":200},"classes":[]},{"id":33735,"url":"https:\/\/multiofertasvip.com\/?product=como-convertirse-en-dinero-edicion-9-vanesa-litvac","url_meta":{"origin":33921,"position":5},"title":"Como convertirse en Dinero Edicion 9-Vanesa Litvac","author":"multiofertasvip","date":"abril 4, 2025","format":false,"excerpt":"\u00bfEst\u00e1s dispuesto\/a a tener dinero?? \ud83d\udcb0C\u00d3MO CONVERTIRSE EN DINERO \ud83d\udcb0\ud83d\udca5 9\u00b0 Edici\u00f3n Gesti\u00f3n del Curso (a trav\u00e9s de 10 clases por zoom) la programaci\u00f3n de las clases (fecha y hora) 18 al 28 de Abril a 16hs Arg 18 al 28 de Abril a 13hs Mex 18 al 28 de\u2026","rel":"","context":"Entrada similar","block_context":{"text":"Entrada similar","link":""},"img":{"alt_text":"","src":"https:\/\/i0.wp.com\/multiofertasvip.com\/wp-content\/uploads\/2025\/04\/COMO-CONVERTIRSE-EN-DINERO-ED-9.png?fit=200%2C200&ssl=1&resize=350%2C200","width":350,"height":200},"classes":[]}],"jetpack_sharing_enabled":false,"jetpack_likes_enabled":false,"_links":{"self":[{"href":"https:\/\/multiofertasvip.com\/index.php?rest_route=\/wp\/v2\/product\/33921","targetHints":{"allow":["GET"]}}],"collection":[{"href":"https:\/\/multiofertasvip.com\/index.php?rest_route=\/wp\/v2\/product"}],"about":[{"href":"https:\/\/multiofertasvip.com\/index.php?rest_route=\/wp\/v2\/types\/product"}],"version-history":[{"count":1,"href":"https:\/\/multiofertasvip.com\/index.php?rest_route=\/wp\/v2\/product\/33921\/revisions"}],"predecessor-version":[{"id":33924,"href":"https:\/\/multiofertasvip.com\/index.php?rest_route=\/wp\/v2\/product\/33921\/revisions\/33924"}],"wp:featuredmedia":[{"embeddable":true,"href":"https:\/\/multiofertasvip.com\/index.php?rest_route=\/wp\/v2\/media\/33923"}],"wp:attachment":[{"href":"https:\/\/multiofertasvip.com\/index.php?rest_route=%2Fwp%2Fv2%2Fmedia&parent=33921"}],"wp:term":[{"taxonomy":"product_brand","embeddable":true,"href":"https:\/\/multiofertasvip.com\/index.php?rest_route=%2Fwp%2Fv2%2Fproduct_brand&post=33921"},{"taxonomy":"product_cat","embeddable":true,"href":"https:\/\/multiofertasvip.com\/index.php?rest_route=%2Fwp%2Fv2%2Fproduct_cat&post=33921"},{"taxonomy":"product_tag","embeddable":true,"href":"https:\/\/multiofertasvip.com\/index.php?rest_route=%2Fwp%2Fv2%2Fproduct_tag&post=33921"}],"curies":[{"name":"wp","href":"https:\/\/api.w.org\/{rel}","templated":true}]}}