{"id":33901,"date":"2025-05-01T12:59:58","date_gmt":"2025-05-01T18:29:58","guid":{"rendered":"https:\/\/multiofertasvip.com\/?post_type=product&#038;p=33901"},"modified":"2025-05-01T13:06:46","modified_gmt":"2025-05-01T18:36:46","slug":"diplomado-en-medicina-tradicional-china-mencion-acupuntura-escuela-neidan","status":"publish","type":"product","link":"https:\/\/multiofertasvip.com\/?product=diplomado-en-medicina-tradicional-china-mencion-acupuntura-escuela-neidan","title":{"rendered":"Diplomado en Medicina Tradicional China menci\u00f3n Acupuntura-Escuela Neidan"},"content":{"rendered":"<p>El Diplomado de Medicina Tradicional China menci\u00f3n Acupuntura provee a nuestros estudiantes los conocimientos te\u00f3rico-pr\u00e1cticos de la Medicina China Cl\u00e1sica y la Acupuntura, as\u00ed como las bases generales de las ciencias biom\u00e9dicas. Nuestro Programa de Estudio cumple con todos los requerimientos del Minsal que regulan el ejercicio de la Acupuntura como profesi\u00f3n Auxiliar del Sistema de Salud. Uno de los aspectos m\u00e1s interesantes del proceso formativo es que no tendr\u00e1s que viajar fuera de tu regi\u00f3n para aprender, pues los talleres y la pr\u00e1ctica cl\u00ednica son realizados en nueve regiones del pa\u00eds. Esto es de gran ayuda para nuestros estudiantes, pues les permite ahorrar todos los costos y los tiempos que supone viajar mes a mes a la regi\u00f3n metropolitana.<\/p>\n<p>&nbsp;<\/p>\n<p><strong><i class=\"fa-solid fa-person-chalkboard\" aria-hidden=\"true\"><\/i>\u00a0\u00bfA QUI\u00c9N SE ENCUENTRA DIRIGIDO ESTE DIPLOMADO?<\/strong><\/p>\n<p>Este Diplomado se encuentra dirigido a toda persona con vocaci\u00f3n de servicio que desee formarse como acupunturista, no se requiere ning\u00fan conocimiento ni experiencia previa. Si ya eres profesional de la salud humana podr\u00e1s convalidar y con ello eximirte de las asignaturas del m\u00f3dulo de Ciencias Biom\u00e9dicas.<\/p>\n","protected":false},"excerpt":{"rendered":"<p>El Diplomado de Medicina Tradicional China menci\u00f3n Acupuntura provee a nuestros estudiantes los conocimientos te\u00f3rico-pr\u00e1cticos de la Medicina China Cl\u00e1sica y la Acupuntura, as\u00ed como las bases generales de las ciencias biom\u00e9dicas. Nuestro Programa de Estudio cumple con todos los requerimientos del Minsal que regulan el ejercicio de la Acupuntura como profesi\u00f3n Auxiliar del Sistema [&#8230;]\n","protected":false},"featured_media":33904,"template":"","meta":{"_monsterinsights_skip_tracking":false,"_monsterinsights_sitenote_active":false,"_monsterinsights_sitenote_note":"","_monsterinsights_sitenote_category":0,"jetpack_post_was_ever_published":false,"jetpack_publicize_message":"","jetpack_publicize_feature_enabled":true,"jetpack_social_post_already_shared":true,"jetpack_social_options":{"image_generator_settings":{"template":"highway","default_image_id":0,"font":"","enabled":false},"version":2}},"product_brand":[],"product_cat":[32],"product_tag":[263,142,260,211,254,119,251,215,257,249,243,230,182,226,253,236,229,143,228,232,258,234,262,239,220,265,219,225,240,238,140,242,235,244,266,267,248,210,245,212,250,227,255,264,252,217,216,233,261,73,237,231,247,221,246,222,223,224,259,241,256,218,213,214,53],"class_list":{"0":"post-33901","1":"product","2":"type-product","3":"status-publish","4":"has-post-thumbnail","6":"product_cat-sanacion","7":"product_tag-animales","8":"product_tag-avanzado","9":"product_tag-biden","10":"product_tag-billetes","11":"product_tag-bitcoin","12":"product_tag-carrera","13":"product_tag-china","14":"product_tag-christopher-olivarrieta","15":"product_tag-cine","16":"product_tag-coranavirus","17":"product_tag-cultura","18":"product_tag-cursos","19":"product_tag-dinero","20":"product_tag-dios","21":"product_tag-dolar","22":"product_tag-enric-corbera","23":"product_tag-ensenanza-en-casa","24":"product_tag-entidades","25":"product_tag-escuela","26":"product_tag-especialidad","27":"product_tag-estrenos","28":"product_tag-estudios","29":"product_tag-facebook","30":"product_tag-famosos","31":"product_tag-free","32":"product_tag-gatos","33":"product_tag-gratis","34":"product_tag-guerra","35":"product_tag-humor","36":"product_tag-internet","37":"product_tag-jose-palomo","38":"product_tag-juegos","39":"product_tag-lavin","40":"product_tag-manga","41":"product_tag-mercado-libre","42":"product_tag-mercado-pago","43":"product_tag-meteorologia","44":"product_tag-moneda","45":"product_tag-musica","46":"product_tag-nuevo","47":"product_tag-omnicron","48":"product_tag-oracion","49":"product_tag-peliculas","50":"product_tag-perros","51":"product_tag-peso","52":"product_tag-porn","53":"product_tag-porno","54":"product_tag-profesional","55":"product_tag-putin","56":"product_tag-salud","57":"product_tag-sexo","58":"product_tag-talleres","59":"product_tag-television","60":"product_tag-terapias","61":"product_tag-trabajo","62":"product_tag-ucrania","63":"product_tag-ukrania","64":"product_tag-usa","65":"product_tag-vacuna","66":"product_tag-viajes","67":"product_tag-videos","68":"product_tag-xxx","69":"product_tag-youtube","70":"product_tag-youtube-yuen-guadalajara","71":"product_tag-yuen","73":"first","74":"instock","75":"downloadable","76":"virtual","77":"purchasable","78":"product-type-simple"},"jetpack_publicize_connections":[],"jetpack-related-posts":[{"id":35268,"url":"https:\/\/multiofertasvip.com\/?product=diplomado-mundial-en-neurociencias-feelink-2","url_meta":{"origin":33901,"position":0},"title":"Diplomado Mundial en Neurociencias Feelink","author":"multiofertasvip","date":"marzo 27, 2026","format":false,"excerpt":"\u00a0 \u00a0 \u00a0 \u00a0 \u00a0 \u00a0 \u00a0","rel":"","context":"Entrada similar","block_context":{"text":"Entrada similar","link":""},"img":{"alt_text":"","src":"https:\/\/i0.wp.com\/multiofertasvip.com\/wp-content\/uploads\/2026\/03\/diplomado-mundial-neurociencias.png?fit=200%2C200&ssl=1&resize=350%2C200","width":350,"height":200},"classes":[]},{"id":35085,"url":"https:\/\/multiofertasvip.com\/?product=diplomado-en-registros-akashicos-de-lector-a-maestro-tienditadelalma","url_meta":{"origin":33901,"position":1},"title":"Diplomado en Registros Ak\u00e1shicos (de Lector a Maestro)-Tienditadelalma","author":"multiofertasvip","date":"marzo 15, 2026","format":false,"excerpt":"\u00a0 \u00a0 \u00a0 \u00a0","rel":"","context":"Entrada similar","block_context":{"text":"Entrada similar","link":""},"img":{"alt_text":"","src":"https:\/\/i0.wp.com\/multiofertasvip.com\/wp-content\/uploads\/2026\/03\/registros-akashicos-1-y-2.jpg?fit=200%2C200&ssl=1&resize=350%2C200","width":350,"height":200},"classes":[]},{"id":31037,"url":"https:\/\/multiofertasvip.com\/?product=diplomado-en-iridologia-clinica-dr-miguel-angel-trillos-p","url_meta":{"origin":33901,"position":2},"title":"Diplomado en Iridolog\u00eda Cl\u00ednica-Dr. Miguel Angel Trillos P.","author":"multiofertasvip","date":"octubre 30, 2023","format":false,"excerpt":"Presentaci\u00f3n Diplomado Iridolog\u00eda Cl\u00ednica Aprovecha esta oportunidad para aprender\u00a0Iridolog\u00eda Cl\u00ednica \u00bfQu\u00e9 es la Iridolog\u00eda? Existen much\u00edsimas corrientes de medicina alternativa, aunque una de las m\u00e1s curiosas y llamativas es la iridolog\u00eda. Esta ciencia estudia la salud de las personas a trav\u00e9s del iris, la parte que les da el color\u2026","rel":"","context":"Entrada similar","block_context":{"text":"Entrada similar","link":""},"img":{"alt_text":"","src":"https:\/\/i0.wp.com\/eslaciencias.com\/wp-content\/uploads\/2022\/01\/Iridologia-1.jpg?resize=350%2C200&ssl=1","width":350,"height":200,"srcset":"https:\/\/i0.wp.com\/eslaciencias.com\/wp-content\/uploads\/2022\/01\/Iridologia-1.jpg?resize=350%2C200&ssl=1 1x, https:\/\/i0.wp.com\/eslaciencias.com\/wp-content\/uploads\/2022\/01\/Iridologia-1.jpg?resize=525%2C300&ssl=1 1.5x"},"classes":[]},{"id":31033,"url":"https:\/\/multiofertasvip.com\/?product=biomagnetismo-medico-niveles-i-y-ii-dr-pierre-trillos","url_meta":{"origin":33901,"position":3},"title":"Biomagnetismo M\u00e9dico Niveles I y II-Dr. Pierre Trillos","author":"multiofertasvip","date":"octubre 30, 2023","format":false,"excerpt":"El biomagnetismo es un enfoque revolucionario, cient\u00edfico y terap\u00e9utico del bienestar que difiere de la medicina tradicional, la homeopat\u00eda, las hierbas y las terapias naturales, pero es perfectamente compatible con cualquier otra t\u00e9cnica tradicional o alternativa. Se trata de uno de los usos alternativos de los imanes, que representa un\u2026","rel":"","context":"Entrada similar","block_context":{"text":"Entrada similar","link":""},"img":{"alt_text":"","src":"https:\/\/i0.wp.com\/multiofertasvip.com\/wp-content\/uploads\/2023\/10\/Captura-300x126.jpg?resize=350%2C200&ssl=1","width":350,"height":200},"classes":[]},{"id":33764,"url":"https:\/\/multiofertasvip.com\/?product=diplomado-metodo-yuen-fidham-ac","url_meta":{"origin":33901,"position":4},"title":"Diplomado M\u00e9todo Yuen-FIDHAM AC","author":"multiofertasvip","date":"abril 9, 2025","format":false,"excerpt":"\u00bfQu\u00e9 es el M\u00e9todo Yuen? \u269b\ufe0f T\u00e9cnica energ\u00e9tica de equilibrio cu\u00e1ntico que act\u00faa a nivel energ\u00e9tico, f\u00edsico, emocional y espiritual, permite desarrollar la intuici\u00f3n para buscar y borrar de tus memorias energ\u00e9ticas informaci\u00f3n que te debilita e integrar nueva informaci\u00f3n que te fortalezca, similar a una re-programaci\u00f3n de un software\u2026","rel":"","context":"Entrada similar","block_context":{"text":"Entrada similar","link":""},"img":{"alt_text":"","src":"https:\/\/i0.wp.com\/multiofertasvip.com\/wp-content\/uploads\/2025\/04\/yuen-.png?fit=200%2C200&ssl=1&resize=350%2C200","width":350,"height":200},"classes":[]},{"id":30896,"url":"https:\/\/multiofertasvip.com\/?product=diplomado-de-descodificacion-pablo-vazquez-kuns","url_meta":{"origin":33901,"position":5},"title":"Diplomado de Descodificacion-Pablo Vazquez Kuns","author":"multiofertasvip","date":"agosto 5, 2023","format":false,"excerpt":"\u00a0 \u00a0","rel":"","context":"Entrada similar","block_context":{"text":"Entrada similar","link":""},"img":{"alt_text":"","src":"https:\/\/i0.wp.com\/multiofertasvip.com\/wp-content\/uploads\/2023\/08\/diplomado-en-biodescodificacion-pablo-vazquez-archivos-300x249.jpg?resize=350%2C200&ssl=1","width":350,"height":200},"classes":[]}],"jetpack_sharing_enabled":false,"jetpack_likes_enabled":false,"_links":{"self":[{"href":"https:\/\/multiofertasvip.com\/index.php?rest_route=\/wp\/v2\/product\/33901","targetHints":{"allow":["GET"]}}],"collection":[{"href":"https:\/\/multiofertasvip.com\/index.php?rest_route=\/wp\/v2\/product"}],"about":[{"href":"https:\/\/multiofertasvip.com\/index.php?rest_route=\/wp\/v2\/types\/product"}],"version-history":[{"count":1,"href":"https:\/\/multiofertasvip.com\/index.php?rest_route=\/wp\/v2\/product\/33901\/revisions"}],"predecessor-version":[{"id":33905,"href":"https:\/\/multiofertasvip.com\/index.php?rest_route=\/wp\/v2\/product\/33901\/revisions\/33905"}],"wp:featuredmedia":[{"embeddable":true,"href":"https:\/\/multiofertasvip.com\/index.php?rest_route=\/wp\/v2\/media\/33904"}],"wp:attachment":[{"href":"https:\/\/multiofertasvip.com\/index.php?rest_route=%2Fwp%2Fv2%2Fmedia&parent=33901"}],"wp:term":[{"taxonomy":"product_brand","embeddable":true,"href":"https:\/\/multiofertasvip.com\/index.php?rest_route=%2Fwp%2Fv2%2Fproduct_brand&post=33901"},{"taxonomy":"product_cat","embeddable":true,"href":"https:\/\/multiofertasvip.com\/index.php?rest_route=%2Fwp%2Fv2%2Fproduct_cat&post=33901"},{"taxonomy":"product_tag","embeddable":true,"href":"https:\/\/multiofertasvip.com\/index.php?rest_route=%2Fwp%2Fv2%2Fproduct_tag&post=33901"}],"curies":[{"name":"wp","href":"https:\/\/api.w.org\/{rel}","templated":true}]}}