{"id":33880,"date":"2025-05-01T12:02:30","date_gmt":"2025-05-01T17:32:30","guid":{"rendered":"https:\/\/multiofertasvip.com\/?post_type=product&#038;p=33880"},"modified":"2025-05-01T12:06:12","modified_gmt":"2025-05-01T17:36:12","slug":"curso-de-neurociencia-recetas-cientificas-para-el-bienestar-nazareth-castellanos","status":"publish","type":"product","link":"https:\/\/multiofertasvip.com\/?product=curso-de-neurociencia-recetas-cientificas-para-el-bienestar-nazareth-castellanos","title":{"rendered":"Curso de Neurociencia Recetas cient\u00edficas para el bienestar-Nazareth Castellanos"},"content":{"rendered":"<p dir=\"ltr\">\u00bfQuieres ampliar tu conocimiento sobre\u00a0<b>c\u00f3mo funciona el cerebro y mejorar tu bienestar f\u00edsico y mental<\/b>? \u00bfTe has sentido atrapado en un\u00a0<b>ciclo de estr\u00e9s y ansiedad\u00a0<\/b>que parece no tener fin? \u00bfHas experimentado la\u00a0<b>frustraci\u00f3n\u00a0<\/b>de no entender c\u00f3mo funciona tu mente y tu cuerpo, y\u00a0<b>c\u00f3mo afecta a tu bienestar emocional?<\/b><\/p>\n<p dir=\"ltr\"><b><br \/>\n<\/b>Imagina tener las\u00a0<b>herramientas para comprender<\/b>\u00a0en profundidad\u00a0<b>c\u00f3mo funciona tu cerebro<\/b>, entender c\u00f3mo\u00a0<b>la dieta y la microbiota afectan a tu salud mental<\/b>, conocer c\u00f3mo\u00a0<b>la postura corporal y la respiraci\u00f3n influyen en tu cerebro<\/b>, y acercarte al fascinante concepto de neuroplasticidad, la capacidad del cerebro para cambiar y adaptarse.<\/p>\n<p dir=\"ltr\">Este Curso de Neurociencia del Bienestar te brindar\u00e1 todo eso y m\u00e1s. Es impartido por la Doctora Nazareth Castellanos, una experta en el campo de la neurociencia con m\u00e1s de 20 a\u00f1os de experiencia en investigaciones sobre el cerebro.<\/p>\n<p dir=\"ltr\"><b>\u00bfQu\u00e9 veremos durante el Curso de Neurociencia?<\/b><\/p>\n<p>1. Anatom\u00eda del estr\u00e9s:<\/p>\n<ul>\n<li>\u00bfQu\u00e9 es el estr\u00e9s y la ansiedad?<\/li>\n<li>Consecuencias del estr\u00e9s cr\u00f3nico<\/li>\n<li>El estr\u00e9s es una emoci\u00f3n, \u00bfC\u00f3mo lo gestiona nuestro cerebro?<\/li>\n<li>Neuroplasticidad: La capacidad de cambiar nuestro cerebro y conducta<\/li>\n<\/ul>\n<p>2. Un cerebro en calma:<\/p>\n<ul>\n<li>\u00bfQu\u00e9 es lo que nos hace m\u00e1s infelices?<\/li>\n<li>\u00bfC\u00f3mo es un cerebro infeliz?<\/li>\n<li>El silencio del cerebro: la calma mental<\/li>\n<li>Neurociencia de la meditaci\u00f3n<\/li>\n<\/ul>\n<p>3. Vivir desde el cuerpo:<\/p>\n<ul>\n<li>\u00bfTomamos las decisiones con el cuerpo o con la raz\u00f3n?<\/li>\n<li>La influencia de la postura corporal sobre nuestra mente<\/li>\n<li>\u00bfPor qu\u00e9 el cerebro necesita escuchar al cuerpo?<\/li>\n<li>La influencia de la respiraci\u00f3n sobre el cerebro<\/li>\n<\/ul>\n<p>4. La dieta del cerebro:<\/p>\n<ul>\n<li>El intestino: nuestro primer cerebro<\/li>\n<li>Microbiota intestinal<\/li>\n<li>La psicolog\u00eda vista desde el intestino<\/li>\n<li>Dieta y salud mental<\/li>\n<\/ul>\n<p>Nazareth Castellanos es Licenciada en F\u00edsica te\u00f3rica y doctora en Medicina &#8211; Neurociencia &#8211; por la Universidad Aut\u00f3noma de Madrid (UAM). Master en Matem\u00e1ticas aplicadas a la biolog\u00eda y Master en Neurociencias por la Facultad de Medicina de la UAM.<\/p>\n<p>Ha trabajado como investigadora y docente en el laboratorio de Neurociencia cognitiva y computacional del CTB (Universidad Complutense y Polit\u00e9cnica de Madrid), en el instituto de investigaciones cerebrales Max Planck de Frankfurt y en Kings College de Londres.<\/p>\n<p><b>No te conformes con vivir en el dolor y la angustia<\/b>. Es hora de tomar el control de tu bienestar emocional y aprender a conocer y entender tu cerebro como nunca antes. Este curso te brinda las herramientas necesarias para lograrlo.<\/p>\n","protected":false},"excerpt":{"rendered":"<p>\u00bfQuieres ampliar tu conocimiento sobre\u00a0c\u00f3mo funciona el cerebro y mejorar tu bienestar f\u00edsico y mental? \u00bfTe has sentido atrapado en un\u00a0ciclo de estr\u00e9s y ansiedad\u00a0que parece no tener fin? \u00bfHas experimentado la\u00a0frustraci\u00f3n\u00a0de no entender c\u00f3mo funciona tu mente y tu cuerpo, y\u00a0c\u00f3mo afecta a tu bienestar emocional? Imagina tener las\u00a0herramientas para comprender\u00a0en profundidad\u00a0c\u00f3mo funciona tu [&#8230;]\n","protected":false},"featured_media":33883,"template":"","meta":{"_monsterinsights_skip_tracking":false,"_monsterinsights_sitenote_active":false,"_monsterinsights_sitenote_note":"","_monsterinsights_sitenote_category":0,"jetpack_post_was_ever_published":false,"jetpack_publicize_message":"","jetpack_publicize_feature_enabled":true,"jetpack_social_post_already_shared":true,"jetpack_social_options":{"image_generator_settings":{"template":"highway","default_image_id":0,"font":"","enabled":false},"version":2}},"product_brand":[],"product_cat":[32],"product_tag":[263,142,260,211,254,119,251,215,257,249,243,230,182,226,253,236,229,143,228,232,258,234,262,239,220,265,219,225,240,238,140,242,235,244,266,267,248,210,245,212,250,227,255,264,252,217,216,233,261,73,237,231,247,221,246,222,223,224,259,241,256,218,213,214,53],"class_list":{"0":"post-33880","1":"product","2":"type-product","3":"status-publish","4":"has-post-thumbnail","6":"product_cat-sanacion","7":"product_tag-animales","8":"product_tag-avanzado","9":"product_tag-biden","10":"product_tag-billetes","11":"product_tag-bitcoin","12":"product_tag-carrera","13":"product_tag-china","14":"product_tag-christopher-olivarrieta","15":"product_tag-cine","16":"product_tag-coranavirus","17":"product_tag-cultura","18":"product_tag-cursos","19":"product_tag-dinero","20":"product_tag-dios","21":"product_tag-dolar","22":"product_tag-enric-corbera","23":"product_tag-ensenanza-en-casa","24":"product_tag-entidades","25":"product_tag-escuela","26":"product_tag-especialidad","27":"product_tag-estrenos","28":"product_tag-estudios","29":"product_tag-facebook","30":"product_tag-famosos","31":"product_tag-free","32":"product_tag-gatos","33":"product_tag-gratis","34":"product_tag-guerra","35":"product_tag-humor","36":"product_tag-internet","37":"product_tag-jose-palomo","38":"product_tag-juegos","39":"product_tag-lavin","40":"product_tag-manga","41":"product_tag-mercado-libre","42":"product_tag-mercado-pago","43":"product_tag-meteorologia","44":"product_tag-moneda","45":"product_tag-musica","46":"product_tag-nuevo","47":"product_tag-omnicron","48":"product_tag-oracion","49":"product_tag-peliculas","50":"product_tag-perros","51":"product_tag-peso","52":"product_tag-porn","53":"product_tag-porno","54":"product_tag-profesional","55":"product_tag-putin","56":"product_tag-salud","57":"product_tag-sexo","58":"product_tag-talleres","59":"product_tag-television","60":"product_tag-terapias","61":"product_tag-trabajo","62":"product_tag-ucrania","63":"product_tag-ukrania","64":"product_tag-usa","65":"product_tag-vacuna","66":"product_tag-viajes","67":"product_tag-videos","68":"product_tag-xxx","69":"product_tag-youtube","70":"product_tag-youtube-yuen-guadalajara","71":"product_tag-yuen","73":"first","74":"instock","75":"downloadable","76":"virtual","77":"purchasable","78":"product-type-simple"},"jetpack_publicize_connections":[],"jetpack-related-posts":[{"id":35098,"url":"https:\/\/multiofertasvip.com\/?product=curso-de-neurociencia-tv-consciente-2","url_meta":{"origin":33880,"position":0},"title":"Curso de Neurociencia-Tv Consciente","author":"multiofertasvip","date":"marzo 16, 2026","format":false,"excerpt":"\u00a0 \u00a0 \u00a0 \u00a0","rel":"","context":"Entrada similar","block_context":{"text":"Entrada similar","link":""},"img":{"alt_text":"Nazareth Castellanos","src":"https:\/\/i0.wp.com\/cdnm.fractalmedia.es\/image\/K7XV23xcbD\/282\/thumbnail.jpg?resize=350%2C200&ssl=1","width":350,"height":200},"classes":[]},{"id":35268,"url":"https:\/\/multiofertasvip.com\/?product=diplomado-mundial-en-neurociencias-feelink-2","url_meta":{"origin":33880,"position":1},"title":"Diplomado Mundial en Neurociencias Feelink","author":"multiofertasvip","date":"marzo 27, 2026","format":false,"excerpt":"\u00a0 \u00a0 \u00a0 \u00a0 \u00a0 \u00a0 \u00a0","rel":"","context":"Entrada similar","block_context":{"text":"Entrada similar","link":""},"img":{"alt_text":"","src":"https:\/\/i0.wp.com\/multiofertasvip.com\/wp-content\/uploads\/2026\/03\/diplomado-mundial-neurociencias.png?fit=200%2C200&ssl=1&resize=350%2C200","width":350,"height":200},"classes":[]},{"id":34887,"url":"https:\/\/multiofertasvip.com\/?product=camino-del-bienestar-dra-carla-cosso","url_meta":{"origin":33880,"position":2},"title":"CAMINO del Bienestar \u2013 Dra.Carla Cosso","author":"multiofertasvip","date":"marzo 2, 2026","format":false,"excerpt":"El bienestar no es un lujo, es una decisi\u00f3n consciente. En este programa aprender\u00e1s qu\u00e9 hacer para vivir en verdadero equilibrio, integrando tu vida personal y profesional sin sacrificar tu energ\u00eda, tu salud ni tu prop\u00f3sito. Este curso est\u00e1 especialmente dise\u00f1ado para mujeres profesionales del \u00e1mbito de la salud y\u2026","rel":"","context":"Entrada similar","block_context":{"text":"Entrada similar","link":""},"img":{"alt_text":"","src":"https:\/\/i0.wp.com\/multiofertasvip.com\/wp-content\/uploads\/2026\/03\/neurociencias-del-bienestar.jpg?fit=200%2C200&ssl=1&resize=350%2C200","width":350,"height":200},"classes":[]},{"id":29761,"url":"https:\/\/multiofertasvip.com\/?product=curso-conflictos-biologicos-y-neurociencias-en-video-miguel-ojeda","url_meta":{"origin":33880,"position":3},"title":"Curso Conflictos Biologicos y Neurociencias En Video-Miguel Ojeda","author":"multiofertasvip","date":"abril 18, 2021","format":false,"excerpt":"La neurociencia basa sus investigaciones en campos tan diversos como: El control gen\u00e9tico del desarrollo neuronal desde el nacimiento. La operaci\u00f3n de redes neuronales. La estructura y el funcionamiento de las redes neuronales que se responsabilizan de la memoria, la percepci\u00f3n y el habla. Los mecanismos responsables del aprendizaje.","rel":"","context":"Entrada similar","block_context":{"text":"Entrada similar","link":""},"img":{"alt_text":"","src":"https:\/\/i0.wp.com\/multiofertasvip.com\/wp-content\/uploads\/2021\/04\/conflictos.jpg?fit=200%2C200&ssl=1&resize=350%2C200","width":350,"height":200},"classes":[]},{"id":35450,"url":"https:\/\/multiofertasvip.com\/?product=neuropsicologia-femenina-mike-feroz","url_meta":{"origin":33880,"position":4},"title":"Neuropsicolog\u00eda Femenina \u2013 Mike Feroz","author":"multiofertasvip","date":"abril 13, 2026","format":false,"excerpt":"\u00a0 \u00a0 \u00a0 \u00a0 \u00a0 \u00a0 \u00a0","rel":"","context":"Entrada similar","block_context":{"text":"Entrada similar","link":""},"img":{"alt_text":"Neuropsicolog\u00eda Femenina","src":"https:\/\/i0.wp.com\/cursoslux.com\/wp-content\/uploads\/2026\/03\/neuropsicologia-femenina.jpg?resize=350%2C200&ssl=1","width":350,"height":200},"classes":[]},{"id":33863,"url":"https:\/\/multiofertasvip.com\/?product=psicosomatica-la-sanacion-a-traves-del-cuerpo-mente-patricia-vlaseca-marques","url_meta":{"origin":33880,"position":5},"title":"Psicosom\u00e1tica &#8211; La sanaci\u00f3n a trav\u00e9s del cuerpo-mente-Patricia Vlaseca Marques","author":"multiofertasvip","date":"mayo 1, 2025","format":false,"excerpt":"\u00bfSab\u00edas que todas las\u00a0experiencias vividas,\u00a0especialmente las traum\u00e1ticas, se quedan\u00a0almacenadas en el cuerpo\u00a0y son\u00a0causantes de gran parte de las enfermedades? \u00bfTe gustar\u00eda saber\u00a0identificar e interpretar las se\u00f1ales\u00a0que env\u00eda tu cuerpo\u00a0a trav\u00e9s de los s\u00edntomas f\u00edsicos? \u00bfy explorar las\u00a0conexiones\u00a0entre las\u00a0emociones, experiencias pasadas\u00a0y la\u00a0salud f\u00edsica? La neurociencia, la psicobiolog\u00eda y la psiconeurociencia nos\u2026","rel":"","context":"Entrada similar","block_context":{"text":"Entrada similar","link":""},"img":{"alt_text":"","src":"https:\/\/i0.wp.com\/multiofertasvip.com\/wp-content\/uploads\/2025\/05\/psicosomatica-1.png?fit=200%2C200&ssl=1&resize=350%2C200","width":350,"height":200},"classes":[]}],"jetpack_sharing_enabled":false,"jetpack_likes_enabled":false,"_links":{"self":[{"href":"https:\/\/multiofertasvip.com\/index.php?rest_route=\/wp\/v2\/product\/33880","targetHints":{"allow":["GET"]}}],"collection":[{"href":"https:\/\/multiofertasvip.com\/index.php?rest_route=\/wp\/v2\/product"}],"about":[{"href":"https:\/\/multiofertasvip.com\/index.php?rest_route=\/wp\/v2\/types\/product"}],"version-history":[{"count":2,"href":"https:\/\/multiofertasvip.com\/index.php?rest_route=\/wp\/v2\/product\/33880\/revisions"}],"predecessor-version":[{"id":33885,"href":"https:\/\/multiofertasvip.com\/index.php?rest_route=\/wp\/v2\/product\/33880\/revisions\/33885"}],"wp:featuredmedia":[{"embeddable":true,"href":"https:\/\/multiofertasvip.com\/index.php?rest_route=\/wp\/v2\/media\/33883"}],"wp:attachment":[{"href":"https:\/\/multiofertasvip.com\/index.php?rest_route=%2Fwp%2Fv2%2Fmedia&parent=33880"}],"wp:term":[{"taxonomy":"product_brand","embeddable":true,"href":"https:\/\/multiofertasvip.com\/index.php?rest_route=%2Fwp%2Fv2%2Fproduct_brand&post=33880"},{"taxonomy":"product_cat","embeddable":true,"href":"https:\/\/multiofertasvip.com\/index.php?rest_route=%2Fwp%2Fv2%2Fproduct_cat&post=33880"},{"taxonomy":"product_tag","embeddable":true,"href":"https:\/\/multiofertasvip.com\/index.php?rest_route=%2Fwp%2Fv2%2Fproduct_tag&post=33880"}],"curies":[{"name":"wp","href":"https:\/\/api.w.org\/{rel}","templated":true}]}}