{"id":33869,"date":"2025-05-01T11:39:44","date_gmt":"2025-05-01T17:09:44","guid":{"rendered":"https:\/\/multiofertasvip.com\/?post_type=product&#038;p=33869"},"modified":"2025-05-01T11:49:15","modified_gmt":"2025-05-01T17:19:15","slug":"interpretacion-de-los-suenos-un-viaje-al-inconsciente-javier-esteban","status":"publish","type":"product","link":"https:\/\/multiofertasvip.com\/?product=interpretacion-de-los-suenos-un-viaje-al-inconsciente-javier-esteban","title":{"rendered":"La gl\u00e1ndula pineal: El portal del alma-Juan Zaragoza"},"content":{"rendered":"<p>\u00bfSabes que la gl\u00e1ndula pineal\u00a0<b>regula nuestro sue\u00f1o?<\/b>\u00a0\u00bfy que en diversas culturas y tradiciones se vincula con el<b>\u00a0tercer ojo\u00a0<\/b>consider\u00e1ndola un centro de\u00a0<strong>intuici\u00f3n<\/strong>\u00a0y\u00a0<b>conexi\u00f3n espiritual? \u00bfte gustar\u00eda\u00a0<\/b>conocer<b>\u00a0c\u00f3mo protegerla de posibles da\u00f1os y c\u00f3mo estimularla\u00a0<\/b>favoreciendo tu salud y vida espiritual?<\/p>\n<p>En este Curso exploraremos en profundidad la\u00a0<strong>gl\u00e1ndula pineal\u00a0<\/strong>desde su perspectiva cient\u00edfica. Comenzaremos abordando su anatom\u00eda, ubicaci\u00f3n y funciones fisiol\u00f3gicas esenciales, como la\u00a0<strong>producci\u00f3n de melatonina<\/strong>, la regulaci\u00f3n de los\u00a0<strong>ritmos circadianos<\/strong>, su impacto en el\u00a0<strong>sue\u00f1o<\/strong>\u00a0y en el\u00a0<strong>sistema reproductivo<\/strong>, adem\u00e1s de su influencia en la\u00a0<strong>salud mental<\/strong>\u00a0y el\u00a0<strong>envejecimiento<\/strong>.<\/p>\n<p>A lo largo del curso, aprenderemos sobre los factores que\u00a0<strong>da\u00f1an la gl\u00e1ndula pineal<\/strong>, como la\u00a0<strong>calcificaci\u00f3n<\/strong>\u00a0provocada por toxinas ambientales (fl\u00faor, aluminio, glifosato),\u00a0<strong>radiaci\u00f3n electromagn\u00e9tica<\/strong>, y el\u00a0<strong>estr\u00e9s oxidativo<\/strong>\u00a0derivado de una mala alimentaci\u00f3n y exposici\u00f3n a la\u00a0<strong>luz azul<\/strong>. Tambi\u00e9n analizaremos c\u00f3mo este deterioro afecta nuestra capacidad de dormir, la\u00a0<strong>salud general<\/strong>, y la\u00a0<strong>conexi\u00f3n espiritual<\/strong>.<\/p>\n<p>Adem\u00e1s, el curso incluir\u00e1 estrategias para\u00a0<strong>activar y proteger la gl\u00e1ndula pineal<\/strong>, desde pr\u00e1cticas de\u00a0<strong>meditaci\u00f3n<\/strong>, t\u00e9cnicas de respiraci\u00f3n,\u00a0<strong>ejercicio f\u00edsico<\/strong>, exposici\u00f3n al sol y el uso de ciertos\u00a0<strong>alimentos y suplementos<\/strong>\u00a0que favorecen su equilibrio. Se revisar\u00e1n estudios recientes que demuestran el papel clave de la gl\u00e1ndula pineal en la\u00a0<strong>longevidad<\/strong>, la prevenci\u00f3n de\u00a0<strong>trastornos del estado de \u00e1nimo<\/strong>\u00a0y su relaci\u00f3n con la\u00a0<strong>cronodisrupci\u00f3n<\/strong>, el desajuste de los ritmos biol\u00f3gicos por el estilo de vida moderno.<\/p>\n<p>Finalmente, comprenderemos c\u00f3mo la<b>\u00a0ciencia sigue descubriendo el potencial de esta enigm\u00e1tica gl\u00e1ndula,<\/b>\u00a0no solo en la salud f\u00edsica, sino en la\u00a0<strong>expansi\u00f3n de la conciencia<\/strong>\u00a0y el\u00a0<strong>desarrollo espiritual<\/strong>, ofreciendo una nueva perspectiva sobre el bienestar integral y la evoluci\u00f3n humana.<\/p>\n<p><b>\u00bfA qui\u00e9n va dirigido este Curso?<\/b><\/p>\n<ul>\n<li>Profesionales de la salud y terapeutas<\/li>\n<li>Personas con inquietudes en su desarrollo espiritual<\/li>\n<li>Interesados en la salud hol\u00edstica<\/li>\n<\/ul>\n<p>&nbsp;<\/p>\n<p>&nbsp;<\/p>\n<p><b>\u00bfQu\u00e9 veremos durante el curso?<\/b><\/p>\n<ul>\n<li>Qu\u00e9 es la gl\u00e1ndula pineal<\/li>\n<li>Sus funciones biol\u00f3gicas<\/li>\n<li>Qu\u00e9 da\u00f1a la gl\u00e1ndula pineal<\/li>\n<li>Calcificaci\u00f3n de la gl\u00e1ndula pineal: c\u00f3mo prevenirla y descalcificar<\/li>\n<li>C\u00f3mo activar o estimular la gl\u00e1ndula pineal<\/li>\n<\/ul>\n","protected":false},"excerpt":{"rendered":"<p>\u00bfSabes que la gl\u00e1ndula pineal\u00a0regula nuestro sue\u00f1o?\u00a0\u00bfy que en diversas culturas y tradiciones se vincula con el\u00a0tercer ojo\u00a0consider\u00e1ndola un centro de\u00a0intuici\u00f3n\u00a0y\u00a0conexi\u00f3n espiritual? \u00bfte gustar\u00eda\u00a0conocer\u00a0c\u00f3mo protegerla de posibles da\u00f1os y c\u00f3mo estimularla\u00a0favoreciendo tu salud y vida espiritual? En este Curso exploraremos en profundidad la\u00a0gl\u00e1ndula pineal\u00a0desde su perspectiva cient\u00edfica. Comenzaremos abordando su anatom\u00eda, ubicaci\u00f3n y funciones fisiol\u00f3gicas [&#8230;]\n","protected":false},"featured_media":33875,"template":"","meta":{"_monsterinsights_skip_tracking":false,"_monsterinsights_sitenote_active":false,"_monsterinsights_sitenote_note":"","_monsterinsights_sitenote_category":0,"jetpack_post_was_ever_published":false,"jetpack_publicize_message":"","jetpack_publicize_feature_enabled":true,"jetpack_social_post_already_shared":true,"jetpack_social_options":{"image_generator_settings":{"template":"highway","default_image_id":0,"font":"","enabled":false},"version":2}},"product_brand":[],"product_cat":[32],"product_tag":[263,142,260,211,254,119,251,215,257,249,243,230,182,226,253,236,229,143,228,232,258,234,262,239,220,265,219,225,240,238,140,242,235,244,266,267,248,210,245,212,250,227,255,264,252,217,216,233,261,73,237,231,247,221,246,222,223,224,259,241,256,218,213,214,53],"class_list":{"0":"post-33869","1":"product","2":"type-product","3":"status-publish","4":"has-post-thumbnail","6":"product_cat-sanacion","7":"product_tag-animales","8":"product_tag-avanzado","9":"product_tag-biden","10":"product_tag-billetes","11":"product_tag-bitcoin","12":"product_tag-carrera","13":"product_tag-china","14":"product_tag-christopher-olivarrieta","15":"product_tag-cine","16":"product_tag-coranavirus","17":"product_tag-cultura","18":"product_tag-cursos","19":"product_tag-dinero","20":"product_tag-dios","21":"product_tag-dolar","22":"product_tag-enric-corbera","23":"product_tag-ensenanza-en-casa","24":"product_tag-entidades","25":"product_tag-escuela","26":"product_tag-especialidad","27":"product_tag-estrenos","28":"product_tag-estudios","29":"product_tag-facebook","30":"product_tag-famosos","31":"product_tag-free","32":"product_tag-gatos","33":"product_tag-gratis","34":"product_tag-guerra","35":"product_tag-humor","36":"product_tag-internet","37":"product_tag-jose-palomo","38":"product_tag-juegos","39":"product_tag-lavin","40":"product_tag-manga","41":"product_tag-mercado-libre","42":"product_tag-mercado-pago","43":"product_tag-meteorologia","44":"product_tag-moneda","45":"product_tag-musica","46":"product_tag-nuevo","47":"product_tag-omnicron","48":"product_tag-oracion","49":"product_tag-peliculas","50":"product_tag-perros","51":"product_tag-peso","52":"product_tag-porn","53":"product_tag-porno","54":"product_tag-profesional","55":"product_tag-putin","56":"product_tag-salud","57":"product_tag-sexo","58":"product_tag-talleres","59":"product_tag-television","60":"product_tag-terapias","61":"product_tag-trabajo","62":"product_tag-ucrania","63":"product_tag-ukrania","64":"product_tag-usa","65":"product_tag-vacuna","66":"product_tag-viajes","67":"product_tag-videos","68":"product_tag-xxx","69":"product_tag-youtube","70":"product_tag-youtube-yuen-guadalajara","71":"product_tag-yuen","73":"first","74":"instock","75":"downloadable","76":"virtual","77":"purchasable","78":"product-type-simple"},"jetpack_publicize_connections":[],"jetpack-related-posts":[{"id":14160,"url":"https:\/\/multiofertasvip.com\/?product=curso-activacion-de-la-glandula-pineal-metodo-andromeda","url_meta":{"origin":33869,"position":0},"title":"Curso Activacion de la Glandula Pineal Metodo Andromeda","author":"multiofertasvip","date":"mayo 20, 2020","format":false,"excerpt":"\u00a0 \u00a0 \u00a0 \u00a0 \u00a0","rel":"","context":"Entrada similar","block_context":{"text":"Entrada similar","link":""},"img":{"alt_text":"","src":"https:\/\/i0.wp.com\/multiofertasvip.com\/wp-content\/uploads\/2020\/05\/pineal.jpg?fit=200%2C200&ssl=1&resize=350%2C200","width":350,"height":200},"classes":[]},{"id":31009,"url":"https:\/\/multiofertasvip.com\/?product=glandula-pineal-y-el-tercer-ojo-romina-perayra","url_meta":{"origin":33869,"position":1},"title":"Glandula Pineal y el Tercer ojo-Romina Pereyra","author":"multiofertasvip","date":"octubre 23, 2023","format":false,"excerpt":"El mejor camino para abrir el portal hacia la sabidur\u00eda y la consciencia. La gl\u00e1ndula pineal es un asombroso \u00f3rgano que\u00a0todos poseemos\u00a0en el centro de nuestro cerebro. A pesar de tener el tama\u00f1o de una lenteja, es nuestra\u00a0\u201cGl\u00e1ndula Maestra\u201d. Ella comanda las funciones del\u00a0sistema end\u00f3crino\u00a0del organismo, el funcionamiento de las\u2026","rel":"","context":"Entrada similar","block_context":{"text":"Entrada similar","link":""},"img":{"alt_text":"","src":"https:\/\/i0.wp.com\/multiofertasvip.com\/wp-content\/uploads\/2023\/10\/GLANDULA.jpg?fit=200%2C200&ssl=1&resize=350%2C200","width":350,"height":200},"classes":[]},{"id":35085,"url":"https:\/\/multiofertasvip.com\/?product=diplomado-en-registros-akashicos-de-lector-a-maestro-tienditadelalma","url_meta":{"origin":33869,"position":2},"title":"Diplomado en Registros Ak\u00e1shicos (de Lector a Maestro)-Tienditadelalma","author":"multiofertasvip","date":"marzo 15, 2026","format":false,"excerpt":"\u00a0 \u00a0 \u00a0 \u00a0","rel":"","context":"Entrada similar","block_context":{"text":"Entrada similar","link":""},"img":{"alt_text":"","src":"https:\/\/i0.wp.com\/multiofertasvip.com\/wp-content\/uploads\/2026\/03\/registros-akashicos-1-y-2.jpg?fit=200%2C200&ssl=1&resize=350%2C200","width":350,"height":200},"classes":[]},{"id":30419,"url":"https:\/\/multiofertasvip.com\/?product=limpieza-y-armonizacion-pendulo-chakras-y-cristales-adriana-echeverri","url_meta":{"origin":33869,"position":3},"title":"Limpieza y Armonizaci\u00f3n: P\u00e9ndulo, Chakras Y Cristales-Adriana Echeverri","author":"multiofertasvip","date":"septiembre 6, 2022","format":false,"excerpt":"\u00a0 \u00a0 \u00a0 \u00a0 \u00a0 \u00a0 \u00a0","rel":"","context":"Entrada similar","block_context":{"text":"Entrada similar","link":""},"img":{"alt_text":"","src":"https:\/\/i0.wp.com\/multiofertasvip.com\/wp-content\/uploads\/2022\/09\/chakras.jpg?fit=200%2C200&ssl=1&resize=350%2C200","width":350,"height":200},"classes":[]},{"id":34043,"url":"https:\/\/multiofertasvip.com\/?product=curso-nivel-3-biomagnetismo-quantico-avelino-hervas","url_meta":{"origin":33869,"position":4},"title":"Curso Nivel 3 Biomagnetismo Quantico-Avelino Hervas","author":"multiofertasvip","date":"junio 15, 2025","format":false,"excerpt":"En este\u00a0TERCER NIVEL\u00a0se tratar\u00e1 la\u00a0sanaci\u00f3n Qu\u00e1ntica\u00a0d\u00f3nde trabajamos a nivel\u00a0ESPIRITUAL\u00a0directamente conectando desde la fuente ya\u00a0no se requiere hacer chequeos,\u00a0ni siquiera tener conocimientos de biomagnetismo, pudiendo visualizar las zonas da\u00f1adas y pudiendo hacer operaciones y tambi\u00e9n reparar los desequilibrios qu\u00e1nticamente.\u00a0Se produce la sanaci\u00f3n espont\u00e1nea. \u2705 Las 17 llaves de oro del contenido\u2026","rel":"","context":"Entrada similar","block_context":{"text":"Entrada similar","link":""},"img":{"alt_text":"","src":"https:\/\/i0.wp.com\/multiofertasvip.com\/wp-content\/uploads\/2025\/06\/BQN3.png?fit=200%2C200&ssl=1&resize=350%2C200","width":350,"height":200},"classes":[]},{"id":30100,"url":"https:\/\/multiofertasvip.com\/?product=curso-de-cromoterapia-gregorio-arenas","url_meta":{"origin":33869,"position":5},"title":"Curso de Cromoterapia-Gregorio Arenas","author":"multiofertasvip","date":"noviembre 27, 2021","format":false,"excerpt":"Incluye Manual Digital La luz y el color, son herramientas ideales para tratar patolog\u00edas desde leves hasta severas.","rel":"","context":"Entrada similar","block_context":{"text":"Entrada similar","link":""},"img":{"alt_text":"","src":"https:\/\/i0.wp.com\/multiofertasvip.com\/wp-content\/uploads\/2021\/11\/cromoterapia.png?fit=200%2C200&ssl=1&resize=350%2C200","width":350,"height":200},"classes":[]}],"jetpack_sharing_enabled":false,"jetpack_likes_enabled":false,"_links":{"self":[{"href":"https:\/\/multiofertasvip.com\/index.php?rest_route=\/wp\/v2\/product\/33869","targetHints":{"allow":["GET"]}}],"collection":[{"href":"https:\/\/multiofertasvip.com\/index.php?rest_route=\/wp\/v2\/product"}],"about":[{"href":"https:\/\/multiofertasvip.com\/index.php?rest_route=\/wp\/v2\/types\/product"}],"version-history":[{"count":3,"href":"https:\/\/multiofertasvip.com\/index.php?rest_route=\/wp\/v2\/product\/33869\/revisions"}],"predecessor-version":[{"id":33873,"href":"https:\/\/multiofertasvip.com\/index.php?rest_route=\/wp\/v2\/product\/33869\/revisions\/33873"}],"wp:featuredmedia":[{"embeddable":true,"href":"https:\/\/multiofertasvip.com\/index.php?rest_route=\/wp\/v2\/media\/33875"}],"wp:attachment":[{"href":"https:\/\/multiofertasvip.com\/index.php?rest_route=%2Fwp%2Fv2%2Fmedia&parent=33869"}],"wp:term":[{"taxonomy":"product_brand","embeddable":true,"href":"https:\/\/multiofertasvip.com\/index.php?rest_route=%2Fwp%2Fv2%2Fproduct_brand&post=33869"},{"taxonomy":"product_cat","embeddable":true,"href":"https:\/\/multiofertasvip.com\/index.php?rest_route=%2Fwp%2Fv2%2Fproduct_cat&post=33869"},{"taxonomy":"product_tag","embeddable":true,"href":"https:\/\/multiofertasvip.com\/index.php?rest_route=%2Fwp%2Fv2%2Fproduct_tag&post=33869"}],"curies":[{"name":"wp","href":"https:\/\/api.w.org\/{rel}","templated":true}]}}