{"id":33851,"date":"2025-04-28T14:26:43","date_gmt":"2025-04-28T19:56:43","guid":{"rendered":"https:\/\/multiofertasvip.com\/?post_type=product&#038;p=33851"},"modified":"2025-04-28T14:45:17","modified_gmt":"2025-04-28T20:15:17","slug":"formacion-hermanas-guia-pao-romero","status":"publish","type":"product","link":"https:\/\/multiofertasvip.com\/?product=formacion-hermanas-guia-pao-romero","title":{"rendered":"Formacion Hermanas Guia-Pao Romero"},"content":{"rendered":"<section id=\"description\" class=\"section section-divider _pt-6 _pt-md-7\">\n<div class=\"_d-flex _w-full redesigned-main-container\">\n<div class=\"_flex-1\">\n<div class=\"_w-full _line-height-lg _text-gray-600\">\n<p class=\"_mb-5\" role=\"paragraph\">\u201cHermana Gu\u00eda\u201d es una formaci\u00f3n dividida en 4 m\u00f3dulos donde ahondaremos todo lo que necesitas saber para ser una facilitadora profesional de c\u00edrculos de mujeres.<\/p>\n<p class=\"_mb-5\" role=\"paragraph\">Esta formaci\u00f3n est\u00e1 basada en el enfoque por competencias, el cual es una metodolog\u00eda educativa que facilita a los estudiantes a conocer, ser y saber hacer. Esto lo logramos a trav\u00e9s de ejercicios que nos lleven a situaciones pr\u00e1cticas y experimentales.<\/p>\n<\/div>\n<\/div>\n<\/div>\n<\/section>\n<section id=\"tabs\" class=\"section section-divider\">\n<div>\n<ul class=\"tab-content__list\">\n<li>Ventajas<\/li>\n<li>Detalles<\/li>\n<\/ul>\n<div class=\"tab-content\">\n<div id=\"panel-0\" class=\"content active\">\n<div id=\"advantages\" class=\"section\" data-testid=\"product-advantages\">\n<div class=\"_w-full _line-height-lg _text-gray-600\">\n<p class=\"_mb-5\" role=\"paragraph\">1. Aprenda a ser una facilitadora profesional de c\u00edrculos de mujeres: Con la formaci\u00f3n &#8220;Hermana Gu\u00eda&#8221;, usted aprender\u00e1 todo lo que necesita saber para ser una facilitadora profesional de c\u00edrculos de mujeres, lo que le permitir\u00e1 ayudar a otras mujeres a conectarse consigo mismas y con su comunidad.<\/p>\n<p class=\"_mb-5\" role=\"paragraph\">2. Enfoque por competencias: La metodolog\u00eda educativa utilizada en esta formaci\u00f3n se basa en el enfoque por competencias, lo que significa que usted aprender\u00e1 a conocer, ser y saber hacer. Esto le permitir\u00e1 adquirir habilidades pr\u00e1cticas y experimentales que podr\u00e1 aplicar en su vida diaria y en su trabajo como facilitadora.<\/p>\n<p class=\"_mb-5\" role=\"paragraph\">3. Dividido en 4 m\u00f3dulos: La formaci\u00f3n &#8220;Hermana Gu\u00eda&#8221; est\u00e1 dividida en 4 m\u00f3dulos, lo que le permitir\u00e1 avanzar paso a paso en su aprendizaje y asegurarse de que ha comprendido completamente cada tema antes de pasar al siguiente.<\/p>\n<p class=\"_mb-5\" role=\"paragraph\">4. Espiritualidad: Como parte de la categor\u00eda de espiritualidad, esta formaci\u00f3n le permitir\u00e1 conectarse con su espiritualidad y aprender a ayudar a otras mujeres a hacer lo mismo. Esto puede ser especialmente \u00fatil si est\u00e1 buscando una forma de conectarse con su comunidad y ayudar a otras mujeres a hacer lo mismo.<\/p>\n<\/div>\n<\/div>\n<\/div>\n<\/div>\n<\/div>\n<\/section>\n","protected":false},"excerpt":{"rendered":"<p>\u201cHermana Gu\u00eda\u201d es una formaci\u00f3n dividida en 4 m\u00f3dulos donde ahondaremos todo lo que necesitas saber para ser una facilitadora profesional de c\u00edrculos de mujeres. Esta formaci\u00f3n est\u00e1 basada en el enfoque por competencias, el cual es una metodolog\u00eda educativa que facilita a los estudiantes a conocer, ser y saber hacer. Esto lo logramos a [&#8230;]\n","protected":false},"featured_media":33853,"template":"","meta":{"_monsterinsights_skip_tracking":false,"_monsterinsights_sitenote_active":false,"_monsterinsights_sitenote_note":"","_monsterinsights_sitenote_category":0,"jetpack_post_was_ever_published":false,"jetpack_publicize_message":"","jetpack_publicize_feature_enabled":true,"jetpack_social_post_already_shared":true,"jetpack_social_options":{"image_generator_settings":{"template":"highway","default_image_id":0,"font":"","enabled":false},"version":2}},"product_brand":[],"product_cat":[32],"product_tag":[263,142,260,211,254,119,251,215,257,249,243,230,182,226,253,236,229,143,228,232,258,234,262,239,220,265,219,225,240,238,140,242,235,244,266,267,248,210,245,212,250,227,255,264,252,217,216,233,261,73,237,231,247,221,246,222,223,224,259,241,256,218,213,214,53],"class_list":{"0":"post-33851","1":"product","2":"type-product","3":"status-publish","4":"has-post-thumbnail","6":"product_cat-sanacion","7":"product_tag-animales","8":"product_tag-avanzado","9":"product_tag-biden","10":"product_tag-billetes","11":"product_tag-bitcoin","12":"product_tag-carrera","13":"product_tag-china","14":"product_tag-christopher-olivarrieta","15":"product_tag-cine","16":"product_tag-coranavirus","17":"product_tag-cultura","18":"product_tag-cursos","19":"product_tag-dinero","20":"product_tag-dios","21":"product_tag-dolar","22":"product_tag-enric-corbera","23":"product_tag-ensenanza-en-casa","24":"product_tag-entidades","25":"product_tag-escuela","26":"product_tag-especialidad","27":"product_tag-estrenos","28":"product_tag-estudios","29":"product_tag-facebook","30":"product_tag-famosos","31":"product_tag-free","32":"product_tag-gatos","33":"product_tag-gratis","34":"product_tag-guerra","35":"product_tag-humor","36":"product_tag-internet","37":"product_tag-jose-palomo","38":"product_tag-juegos","39":"product_tag-lavin","40":"product_tag-manga","41":"product_tag-mercado-libre","42":"product_tag-mercado-pago","43":"product_tag-meteorologia","44":"product_tag-moneda","45":"product_tag-musica","46":"product_tag-nuevo","47":"product_tag-omnicron","48":"product_tag-oracion","49":"product_tag-peliculas","50":"product_tag-perros","51":"product_tag-peso","52":"product_tag-porn","53":"product_tag-porno","54":"product_tag-profesional","55":"product_tag-putin","56":"product_tag-salud","57":"product_tag-sexo","58":"product_tag-talleres","59":"product_tag-television","60":"product_tag-terapias","61":"product_tag-trabajo","62":"product_tag-ucrania","63":"product_tag-ukrania","64":"product_tag-usa","65":"product_tag-vacuna","66":"product_tag-viajes","67":"product_tag-videos","68":"product_tag-xxx","69":"product_tag-youtube","70":"product_tag-youtube-yuen-guadalajara","71":"product_tag-yuen","73":"first","74":"instock","75":"downloadable","76":"virtual","77":"purchasable","78":"product-type-simple"},"jetpack_publicize_connections":[],"jetpack-related-posts":[{"id":31004,"url":"https:\/\/multiofertasvip.com\/?product=facilitadores-de-abundancia-cecilia-banchero","url_meta":{"origin":33851,"position":0},"title":"Facilitadores de Abundancia-Cecilia Banchero","author":"multiofertasvip","date":"octubre 20, 2023","format":false,"excerpt":"\u00a0 La\u00a0Formaci\u00f3n Online de Facilitadores en Abundancia\u00a0es un viaje a trav\u00e9s del\u00a0M\u00e9todo CB, un\u00a0conjunto de t\u00e9cnicas espec\u00edficas para generar abundancia en tu vida, y la de tus consultantes, si as\u00ed lo decides.\u00a0Aprender\u00e1s un modelo t\u00e9orico - pr\u00e1ctico basado en el psicoan\u00e1lisis, la metaf\u00edsica, la biodecodificaci\u00f3n, la f\u00edsica cu\u00e1ntica y los\u2026","rel":"","context":"Entrada similar","block_context":{"text":"Entrada similar","link":""},"img":{"alt_text":"Logo EDAYV-02.png","src":"https:\/\/i0.wp.com\/static.wixstatic.com\/media\/17b961_50d3bf0d065b45ee8f099dcc4404f411~mv2.png\/v1\/fill\/w_284%2Ch_120%2Cal_c%2Cq_85%2Cusm_0.66_1.00_0.01%2Cenc_auto\/Logo%20EDAYV-02.png?resize=350%2C200&ssl=1","width":350,"height":200},"classes":[]},{"id":34818,"url":"https:\/\/multiofertasvip.com\/?product=formacion-integral-de-tarot-egipcio-los-78-arcanos-guillermo-bergandi","url_meta":{"origin":33851,"position":1},"title":"Formaci\u00f3n Integral de Tarot Egipcio Los 78 Arcanos- Guillermo Bergandi","author":"multiofertasvip","date":"febrero 18, 2026","format":false,"excerpt":"La Formaci\u00f3n Integral de Tarot Egipcio es un viaje profundo hacia el autoconocimiento, la sabidur\u00eda ancestral y la toma de decisiones conscientes. A trav\u00e9s de este curso pr\u00e1ctico y accesible, aprender\u00e1s a interpretar los 78 Arcanos del Tarot Egipcio de manera clara, simb\u00f3lica y aplicable a la vida cotidiana, incluso\u2026","rel":"","context":"Entrada similar","block_context":{"text":"Entrada similar","link":""},"img":{"alt_text":"","src":"https:\/\/i0.wp.com\/multiofertasvip.com\/wp-content\/uploads\/2026\/02\/TarotEgipcio.png?fit=200%2C200&ssl=1&resize=350%2C200","width":350,"height":200},"classes":[]},{"id":35183,"url":"https:\/\/multiofertasvip.com\/?product=curso-online-canalizacion-espiritual-todohipno-actualizado-2","url_meta":{"origin":33851,"position":2},"title":"Curso Online Canalizaci\u00f3n Espiritual TodoHipno-Actualizado","author":"multiofertasvip","date":"marzo 19, 2026","format":false,"excerpt":"\u00a0 \u00a0 \u00a0 \u00a0 \u00a0 \u00a0 \u00a0","rel":"","context":"Entrada similar","block_context":{"text":"Entrada similar","link":""},"img":{"alt_text":"","src":"https:\/\/i0.wp.com\/www.todohipno.com\/wp-content\/uploads\/2021\/03\/curso-canalizacion-espiritual-1080x675.png?resize=350%2C200&ssl=1","width":350,"height":200,"srcset":"https:\/\/i0.wp.com\/www.todohipno.com\/wp-content\/uploads\/2021\/03\/curso-canalizacion-espiritual-1080x675.png?resize=350%2C200&ssl=1 1x, https:\/\/i0.wp.com\/www.todohipno.com\/wp-content\/uploads\/2021\/03\/curso-canalizacion-espiritual-1080x675.png?resize=525%2C300&ssl=1 1.5x, https:\/\/i0.wp.com\/www.todohipno.com\/wp-content\/uploads\/2021\/03\/curso-canalizacion-espiritual-1080x675.png?resize=700%2C400&ssl=1 2x"},"classes":[]},{"id":31000,"url":"https:\/\/multiofertasvip.com\/?product=descodificacion-total-carlos-galvan-copia","url_meta":{"origin":33851,"position":3},"title":"Anti Terapia Or\u00edgen- V\u00edctor Brossah","author":"multiofertasvip","date":"octubre 15, 2023","format":false,"excerpt":"Lo primero que te diremos es que\u2026 no te dejes enga\u00f1ar por eso de que se trata de una ANTI TERAPIA \u00a0 Porque ORIGEN es la terapia m\u00e1s poderosa que existe al menos a la hora de sugestionar nuestro subconsciente. \u00bfQUIERES UNA PODEROSA HERRAMIENTA PARA LOGRAR REPROGRAMAR TU SUBCONSCIENTE CADA\u2026","rel":"","context":"Entrada similar","block_context":{"text":"Entrada similar","link":""},"img":{"alt_text":"","src":"https:\/\/i0.wp.com\/formaciones.brossahleyton.com\/wp\/wp-content\/uploads\/2023\/07\/MANOS_LUZ.png?resize=350%2C200&ssl=1","width":350,"height":200,"srcset":"https:\/\/i0.wp.com\/formaciones.brossahleyton.com\/wp\/wp-content\/uploads\/2023\/07\/MANOS_LUZ.png?resize=350%2C200&ssl=1 1x, https:\/\/i0.wp.com\/formaciones.brossahleyton.com\/wp\/wp-content\/uploads\/2023\/07\/MANOS_LUZ.png?resize=525%2C300&ssl=1 1.5x, https:\/\/i0.wp.com\/formaciones.brossahleyton.com\/wp\/wp-content\/uploads\/2023\/07\/MANOS_LUZ.png?resize=700%2C400&ssl=1 2x, https:\/\/i0.wp.com\/formaciones.brossahleyton.com\/wp\/wp-content\/uploads\/2023\/07\/MANOS_LUZ.png?resize=1050%2C600&ssl=1 3x"},"classes":[]},{"id":33759,"url":"https:\/\/multiofertasvip.com\/?product=formacion-online-en-medicina-germanica-awaking-project","url_meta":{"origin":33851,"position":4},"title":"Formacion Online en Medicina Germ\u00e1nica Awaking Project","author":"multiofertasvip","date":"abril 4, 2025","format":false,"excerpt":"\u00a0 Bienvenidos a la\u00a0Certificaci\u00f3n Profesional en Medicina Germ\u00e1nica, un programa exhaustivo dise\u00f1ado para aquellos que desean profundizar en el estudio de la medicina germ\u00e1nica y ejercer profesionalmente en este campo. Esta formaci\u00f3n integral te proporcionar\u00e1 todas las herramientas y conocimientos necesarios para convertirte en un experto certificado en medicina germ\u00e1nica.\u2026","rel":"","context":"Entrada similar","block_context":{"text":"Entrada similar","link":""},"img":{"alt_text":"","src":"https:\/\/i0.wp.com\/multiofertasvip.com\/wp-content\/uploads\/2025\/04\/medicina-germanica.png?fit=200%2C200&ssl=1&resize=350%2C200","width":350,"height":200},"classes":[]},{"id":35030,"url":"https:\/\/multiofertasvip.com\/?product=curso-hipnosis-regresiva-espiritual-todohipno-3","url_meta":{"origin":33851,"position":5},"title":"Curso Hipnosis Regresiva Espiritual-TodoHipno","author":"multiofertasvip","date":"marzo 11, 2026","format":false,"excerpt":"\u00a0 \u00a0 \u00a0 \u00a0","rel":"","context":"Entrada similar","block_context":{"text":"Entrada similar","link":""},"img":{"alt_text":"hipnosis regresiones","src":"https:\/\/i0.wp.com\/www.todohipno.com\/wp-content\/uploads\/2021\/03\/regresiva-espritual-1080x675.png?resize=350%2C200&ssl=1","width":350,"height":200,"srcset":"https:\/\/i0.wp.com\/www.todohipno.com\/wp-content\/uploads\/2021\/03\/regresiva-espritual-1080x675.png?resize=350%2C200&ssl=1 1x, https:\/\/i0.wp.com\/www.todohipno.com\/wp-content\/uploads\/2021\/03\/regresiva-espritual-1080x675.png?resize=525%2C300&ssl=1 1.5x, https:\/\/i0.wp.com\/www.todohipno.com\/wp-content\/uploads\/2021\/03\/regresiva-espritual-1080x675.png?resize=700%2C400&ssl=1 2x"},"classes":[]}],"jetpack_sharing_enabled":false,"jetpack_likes_enabled":false,"_links":{"self":[{"href":"https:\/\/multiofertasvip.com\/index.php?rest_route=\/wp\/v2\/product\/33851","targetHints":{"allow":["GET"]}}],"collection":[{"href":"https:\/\/multiofertasvip.com\/index.php?rest_route=\/wp\/v2\/product"}],"about":[{"href":"https:\/\/multiofertasvip.com\/index.php?rest_route=\/wp\/v2\/types\/product"}],"version-history":[{"count":1,"href":"https:\/\/multiofertasvip.com\/index.php?rest_route=\/wp\/v2\/product\/33851\/revisions"}],"predecessor-version":[{"id":33855,"href":"https:\/\/multiofertasvip.com\/index.php?rest_route=\/wp\/v2\/product\/33851\/revisions\/33855"}],"wp:featuredmedia":[{"embeddable":true,"href":"https:\/\/multiofertasvip.com\/index.php?rest_route=\/wp\/v2\/media\/33853"}],"wp:attachment":[{"href":"https:\/\/multiofertasvip.com\/index.php?rest_route=%2Fwp%2Fv2%2Fmedia&parent=33851"}],"wp:term":[{"taxonomy":"product_brand","embeddable":true,"href":"https:\/\/multiofertasvip.com\/index.php?rest_route=%2Fwp%2Fv2%2Fproduct_brand&post=33851"},{"taxonomy":"product_cat","embeddable":true,"href":"https:\/\/multiofertasvip.com\/index.php?rest_route=%2Fwp%2Fv2%2Fproduct_cat&post=33851"},{"taxonomy":"product_tag","embeddable":true,"href":"https:\/\/multiofertasvip.com\/index.php?rest_route=%2Fwp%2Fv2%2Fproduct_tag&post=33851"}],"curies":[{"name":"wp","href":"https:\/\/api.w.org\/{rel}","templated":true}]}}