{"id":33847,"date":"2025-04-28T14:16:18","date_gmt":"2025-04-28T19:46:18","guid":{"rendered":"https:\/\/multiofertasvip.com\/?post_type=product&#038;p=33847"},"modified":"2025-04-28T14:22:58","modified_gmt":"2025-04-28T19:52:58","slug":"marcaje-abdominal-colombiano-fisioparallevar","status":"publish","type":"product","link":"https:\/\/multiofertasvip.com\/?product=marcaje-abdominal-colombiano-fisioparallevar","title":{"rendered":"Marcaje Abdominal Colombiano-Fisioparallevar"},"content":{"rendered":"<p class=\"_mb-5\" role=\"paragraph\">En este curso aprender\u00e1s y te volver\u00e1s experto en 4 t\u00e9cnicas colombianas para lograr un vientre plano y reloj de arena 100% natural.<\/p>\n<p class=\"_mb-5\" role=\"paragraph\">Aprender\u00e1s a tratar el estre\u00f1imiento, inflamaci\u00f3n visceral, reducci\u00f3n de cintura y marcaje abdominal.<\/p>\n<p class=\"_mb-5\" role=\"paragraph\">Un protocolo extremadamente completo en el cu\u00e1l ver\u00e1s:<\/p>\n<p class=\"_mb-5\" role=\"paragraph\">.- Desbloqueo digestivo abdominal<\/p>\n<p class=\"_mb-5\" role=\"paragraph\">.- Malaxaci\u00f3n col\u00f3nica o drenaje de colon en adultos y ni\u00f1os<\/p>\n<p class=\"_mb-5\" role=\"paragraph\">.- Marcaje abdominal manual y con maderoterapia<\/p>\n<p class=\"_mb-5\" role=\"paragraph\">Silueta 360 100% maderoterapia<\/p>\n<p class=\"_mb-5\" role=\"paragraph\">Aumentar\u00e1s tus ventas al por mayor<\/p>\n<p class=\"_mb-5\" role=\"paragraph\">Tendr\u00e1s nuevos clientes y agenda llena siempre<\/p>\n<p class=\"_mb-5\" role=\"paragraph\">Innovar\u00e1s con t\u00e9cnicas que le dan la vuelta al mundo<\/p>\n<p class=\"_mb-5\" role=\"paragraph\">Resultados desde tu primer sesi\u00f3n garantizados<\/p>\n<p class=\"_mb-5\" role=\"paragraph\">Gestionar\u00e1s cu\u00e1nto cobrar y armar paquetes exclusivos<\/p>\n<p class=\"_mb-5\" role=\"paragraph\">Grupos de apoyo y asesor\u00edas ilimitadas<\/p>\n<p class=\"_mb-5\" role=\"paragraph\">Certificado al finalizar tu curso<\/p>\n<p class=\"_mb-5\" role=\"paragraph\">Manuales de cada t\u00e9cnica<\/p>\n<p class=\"_mb-5\" role=\"paragraph\">y muchos regalos m\u00e1s\u2026.<\/p>\n<p class=\"_mb-5\" role=\"paragraph\">El mejor curso con la mejor academia del mercado internacional \u201cFisioparallevar\u201d<\/p>\n","protected":false},"excerpt":{"rendered":"<p>En este curso aprender\u00e1s y te volver\u00e1s experto en 4 t\u00e9cnicas colombianas para lograr un vientre plano y reloj de arena 100% natural. Aprender\u00e1s a tratar el estre\u00f1imiento, inflamaci\u00f3n visceral, reducci\u00f3n de cintura y marcaje abdominal. Un protocolo extremadamente completo en el cu\u00e1l ver\u00e1s: .- Desbloqueo digestivo abdominal .- Malaxaci\u00f3n col\u00f3nica o drenaje de colon [&#8230;]\n","protected":false},"featured_media":33848,"template":"","meta":{"_monsterinsights_skip_tracking":false,"_monsterinsights_sitenote_active":false,"_monsterinsights_sitenote_note":"","_monsterinsights_sitenote_category":0,"jetpack_post_was_ever_published":false,"jetpack_publicize_message":"","jetpack_publicize_feature_enabled":true,"jetpack_social_post_already_shared":true,"jetpack_social_options":{"image_generator_settings":{"template":"highway","default_image_id":0,"font":"","enabled":false},"version":2}},"product_brand":[],"product_cat":[32],"product_tag":[263,142,260,211,254,119,251,215,257,249,243,230,182,226,253,236,229,143,228,232,258,234,262,239,220,265,219,225,240,238,140,242,235,244,266,267,248,210,245,212,250,227,255,264,252,217,216,233,261,73,237,231,247,221,246,222,223,224,259,241,256,218,213,214,53],"class_list":{"0":"post-33847","1":"product","2":"type-product","3":"status-publish","4":"has-post-thumbnail","6":"product_cat-sanacion","7":"product_tag-animales","8":"product_tag-avanzado","9":"product_tag-biden","10":"product_tag-billetes","11":"product_tag-bitcoin","12":"product_tag-carrera","13":"product_tag-china","14":"product_tag-christopher-olivarrieta","15":"product_tag-cine","16":"product_tag-coranavirus","17":"product_tag-cultura","18":"product_tag-cursos","19":"product_tag-dinero","20":"product_tag-dios","21":"product_tag-dolar","22":"product_tag-enric-corbera","23":"product_tag-ensenanza-en-casa","24":"product_tag-entidades","25":"product_tag-escuela","26":"product_tag-especialidad","27":"product_tag-estrenos","28":"product_tag-estudios","29":"product_tag-facebook","30":"product_tag-famosos","31":"product_tag-free","32":"product_tag-gatos","33":"product_tag-gratis","34":"product_tag-guerra","35":"product_tag-humor","36":"product_tag-internet","37":"product_tag-jose-palomo","38":"product_tag-juegos","39":"product_tag-lavin","40":"product_tag-manga","41":"product_tag-mercado-libre","42":"product_tag-mercado-pago","43":"product_tag-meteorologia","44":"product_tag-moneda","45":"product_tag-musica","46":"product_tag-nuevo","47":"product_tag-omnicron","48":"product_tag-oracion","49":"product_tag-peliculas","50":"product_tag-perros","51":"product_tag-peso","52":"product_tag-porn","53":"product_tag-porno","54":"product_tag-profesional","55":"product_tag-putin","56":"product_tag-salud","57":"product_tag-sexo","58":"product_tag-talleres","59":"product_tag-television","60":"product_tag-terapias","61":"product_tag-trabajo","62":"product_tag-ucrania","63":"product_tag-ukrania","64":"product_tag-usa","65":"product_tag-vacuna","66":"product_tag-viajes","67":"product_tag-videos","68":"product_tag-xxx","69":"product_tag-youtube","70":"product_tag-youtube-yuen-guadalajara","71":"product_tag-yuen","73":"first","74":"instock","75":"downloadable","76":"virtual","77":"purchasable","78":"product-type-simple"},"jetpack_publicize_connections":[],"jetpack-related-posts":[{"id":33859,"url":"https:\/\/multiofertasvip.com\/?product=curso-de-meditacion-consciencia-en-accion-david-garcia-avila","url_meta":{"origin":33847,"position":0},"title":"Curso de Meditacion Consciencia en Accion- David Garcia Avila","author":"multiofertasvip","date":"mayo 1, 2025","format":false,"excerpt":"\u00bfDeseas empezar a vivir plenamente? \u00bfsumergirte en la presencia consciente del ahora? \u00bffavorecer tu paz interior?\u00a0Si es as\u00ed, te recomendamos Iniciar el viaje transformador hacia el descubrimiento de tu potencial interior a trav\u00e9s de la meditaci\u00f3n consciente En este curso, aprender\u00e1s\u00a0diversas t\u00e9cnicas de meditaci\u00f3n dise\u00f1adas para cultivar la consciencia plena\u2026","rel":"","context":"Entrada similar","block_context":{"text":"Entrada similar","link":""},"img":{"alt_text":"","src":"https:\/\/i0.wp.com\/multiofertasvip.com\/wp-content\/uploads\/2025\/05\/meditacion-.png?fit=200%2C200&ssl=1&resize=350%2C200","width":350,"height":200},"classes":[]},{"id":30674,"url":"https:\/\/multiofertasvip.com\/?product=danza-arabe-terapeutica-lina-maria-rico-calderon","url_meta":{"origin":33847,"position":1},"title":"Danza \u00c1rabe Terap\u00e9utica-Lina Maria Rico Calderon","author":"multiofertasvip","date":"enero 9, 2023","format":false,"excerpt":"\u00a0 Danza \u00c1rabe Terap\u00e9utica \u00a0 \u00bfSabias que con el movimiento de tu cintura puedes armonizar tu energ\u00eda? Con el masterclass DANZA ARABE TERAPEUTICA podr\u00e1s hacer alineaci\u00f3n de chakras a trav\u00e9s de los movimientos de danza \u00e1rabe para ganar confianza y amor propio. \u00bfQU\u00c9 VAS A LOGRAR? Aprender\u00e1s los movimientos b\u00e1sicos\u2026","rel":"","context":"Entrada similar","block_context":{"text":"Entrada similar","link":""},"img":{"alt_text":"","src":"https:\/\/i0.wp.com\/cursosexclusivos.com\/wp-content\/uploads\/2021\/12\/Danza-Arabe-Terapeutica-MasterClasses.La_.jpg?resize=350%2C200&ssl=1","width":350,"height":200,"srcset":"https:\/\/i0.wp.com\/cursosexclusivos.com\/wp-content\/uploads\/2021\/12\/Danza-Arabe-Terapeutica-MasterClasses.La_.jpg?resize=350%2C200&ssl=1 1x, https:\/\/i0.wp.com\/cursosexclusivos.com\/wp-content\/uploads\/2021\/12\/Danza-Arabe-Terapeutica-MasterClasses.La_.jpg?resize=525%2C300&ssl=1 1.5x"},"classes":[]},{"id":30418,"url":"https:\/\/multiofertasvip.com\/?product=curso-pendulo-hebreo-adriana-echeverri","url_meta":{"origin":33847,"position":2},"title":"Curso P\u00e9ndulo Hebreo-Adriana Echeverri","author":"multiofertasvip","date":"septiembre 6, 2022","format":false,"excerpt":"\u00a0 \u00a0 \u00a0 \u00a0 \u00a0 \u00a0 \u00a0","rel":"","context":"Entrada similar","block_context":{"text":"Entrada similar","link":""},"img":{"alt_text":"","src":"https:\/\/i0.wp.com\/multiofertasvip.com\/wp-content\/uploads\/2022\/09\/pendulo-hebreo.jpg?fit=200%2C200&ssl=1&resize=350%2C200","width":350,"height":200},"classes":[]},{"id":33824,"url":"https:\/\/multiofertasvip.com\/?product=drenanaje-linfatico-brasileno-abril-lopez","url_meta":{"origin":33847,"position":3},"title":"Drenanaje Linfatico Brasile\u00f1o-Abril Lopez","author":"multiofertasvip","date":"abril 25, 2025","format":false,"excerpt":"Esta informaci\u00f3n es para ti si... \u00bfHaces mil t\u00e9cnicas y no consigues buenos resultados? \u00bfAplica tratamientos costosos pero cobra barato por su servicio? Eres esa persona que busca cambiar las cosas y aumentar los ingresos de su negocio. Quieres aprender nuevas t\u00e9cnicas y mantener tu agenda llena de clientes. \u00bfTus\u2026","rel":"","context":"Entrada similar","block_context":{"text":"Entrada similar","link":""},"img":{"alt_text":"","src":"https:\/\/i0.wp.com\/multiofertasvip.com\/wp-content\/uploads\/2025\/04\/drenaje-linfatico.png?fit=200%2C200&ssl=1&resize=350%2C200","width":350,"height":200},"classes":[]},{"id":13833,"url":"https:\/\/multiofertasvip.com\/?product=curso-eft-como-superar-tu-problema-sentimental-en-6-pasos","url_meta":{"origin":33847,"position":4},"title":"Curso EFT C\u00f3mo superar tu Problema Sentimental en 6 pasos","author":"multiofertasvip","date":"mayo 13, 2020","format":false,"excerpt":"\u00a0 \u00a0 \u00a0 \u00a0","rel":"","context":"Entrada similar","block_context":{"text":"Entrada similar","link":""},"img":{"alt_text":"","src":"https:\/\/i0.wp.com\/multiofertasvip.com\/wp-content\/uploads\/2020\/05\/problemas.jpg?fit=200%2C200&ssl=1&resize=350%2C200","width":350,"height":200},"classes":[]},{"id":30719,"url":"https:\/\/multiofertasvip.com\/?product=medicina-chamanica-alberto-villoldo","url_meta":{"origin":33847,"position":5},"title":"Medicina Chamanica Alberto Villoldo","author":"multiofertasvip","date":"febrero 15, 2023","format":false,"excerpt":"Los ingenieros del mundo sagrado Hace 50 000 a\u00f1os los chamanes comenzaron a investigar la curaci\u00f3n. Durante milenios, han acumulado sabidur\u00eda y han aprendido y entendido sobre el mundo y la medicina. Los chamanes reconocen el campo de energ\u00eda luminosa que rodea a las personas contiene informaci\u00f3n, el software de\u2026","rel":"","context":"Entrada similar","block_context":{"text":"Entrada similar","link":""},"img":{"alt_text":"","src":"https:\/\/i0.wp.com\/multiofertasvip.com\/wp-content\/uploads\/2023\/02\/medicina-chamanica.jpg?fit=200%2C200&ssl=1&resize=350%2C200","width":350,"height":200},"classes":[]}],"jetpack_sharing_enabled":false,"jetpack_likes_enabled":false,"_links":{"self":[{"href":"https:\/\/multiofertasvip.com\/index.php?rest_route=\/wp\/v2\/product\/33847","targetHints":{"allow":["GET"]}}],"collection":[{"href":"https:\/\/multiofertasvip.com\/index.php?rest_route=\/wp\/v2\/product"}],"about":[{"href":"https:\/\/multiofertasvip.com\/index.php?rest_route=\/wp\/v2\/types\/product"}],"version-history":[{"count":2,"href":"https:\/\/multiofertasvip.com\/index.php?rest_route=\/wp\/v2\/product\/33847\/revisions"}],"predecessor-version":[{"id":33852,"href":"https:\/\/multiofertasvip.com\/index.php?rest_route=\/wp\/v2\/product\/33847\/revisions\/33852"}],"wp:featuredmedia":[{"embeddable":true,"href":"https:\/\/multiofertasvip.com\/index.php?rest_route=\/wp\/v2\/media\/33848"}],"wp:attachment":[{"href":"https:\/\/multiofertasvip.com\/index.php?rest_route=%2Fwp%2Fv2%2Fmedia&parent=33847"}],"wp:term":[{"taxonomy":"product_brand","embeddable":true,"href":"https:\/\/multiofertasvip.com\/index.php?rest_route=%2Fwp%2Fv2%2Fproduct_brand&post=33847"},{"taxonomy":"product_cat","embeddable":true,"href":"https:\/\/multiofertasvip.com\/index.php?rest_route=%2Fwp%2Fv2%2Fproduct_cat&post=33847"},{"taxonomy":"product_tag","embeddable":true,"href":"https:\/\/multiofertasvip.com\/index.php?rest_route=%2Fwp%2Fv2%2Fproduct_tag&post=33847"}],"curies":[{"name":"wp","href":"https:\/\/api.w.org\/{rel}","templated":true}]}}