{"id":33831,"date":"2025-04-25T14:30:12","date_gmt":"2025-04-25T20:00:12","guid":{"rendered":"https:\/\/multiofertasvip.com\/?post_type=product&#038;p=33831"},"modified":"2025-04-25T14:36:06","modified_gmt":"2025-04-25T20:06:06","slug":"curso-de-ozonoterapia-jonatas-dias-da-silva","status":"publish","type":"product","link":"https:\/\/multiofertasvip.com\/?product=curso-de-ozonoterapia-jonatas-dias-da-silva","title":{"rendered":"Curso de Ozonoterapia-Jonatas dias da silva"},"content":{"rendered":"<p>El Curso de Ozonoterapia surge como una herramienta indispensable para los profesionales que buscan ser un referente y avanzar en su carrera profesional. Este viaje educativo no es s\u00f3lo una oportunidad para la mejora t\u00e9cnica; Es un punto de inflexi\u00f3n en tu carrera profesional<\/p>\n<p>&nbsp;<\/p>\n<section id=\"tabs\" class=\"section section-divider\">\n<div class=\"tab-content\">\n<div id=\"panel-0\" class=\"content active\">\n<div class=\"accordion accordion__modules redesigned-modules\">\n<div class=\"hot-collapse__item\">\n<div class=\"hot-collapse__title\">\n<div class=\"accordion__item\" tabindex=\"0\" role=\"button\" aria-label=\"Contenido Presentaci\u00f3n\">\n<div class=\"accordion__heading\">\n<div class=\"_d-flex _flex-row _align-items-baseline\"><span class=\"accordion__section\">01 <\/span><span style=\"font-size: 14.4px;\">Presentaci\u00f3n<\/span><\/div>\n<\/div>\n<\/div>\n<\/div>\n<div class=\"hot-collapse__arrow\"><span style=\"font-size: 14.4px;\">02 <\/span><span style=\"font-size: 14.4px;\">Material Did\u00e1ctico &#8211; Folletos en PDF<\/span><\/div>\n<\/div>\n<div class=\"hot-collapse__item\">\n<div class=\"hot-collapse__arrow\"><span style=\"font-size: 14.4px;\">03 <\/span><span style=\"font-size: 14.4px;\">Ozonoterapia<\/span><\/div>\n<\/div>\n<div class=\"hot-collapse__item\">\n<div class=\"hot-collapse__arrow\"><span style=\"font-size: 14.4px;\">04 <\/span><span style=\"font-size: 14.4px;\">Mareriales<\/span><\/div>\n<\/div>\n<div class=\"hot-collapse__item\">\n<div class=\"hot-collapse__arrow\"><span style=\"font-size: 14.4px;\">05 <\/span><span style=\"font-size: 14.4px;\">Practica en V\u00eddeo 01<\/span><\/div>\n<\/div>\n<div class=\"hot-collapse__item\">\n<div class=\"hot-collapse__arrow\"><span style=\"font-size: 14.4px;\">06<\/span><span style=\"font-size: 14.4px;\">Practica en V\u00eddeo 02<\/span><\/div>\n<\/div>\n<div class=\"hot-collapse__item\">\n<div class=\"hot-collapse__arrow\"><span style=\"font-size: 14.4px;\">07<\/span><span style=\"font-size: 14.4px;\">Clases Pr\u00e1cticas Presenciales<\/span><\/div>\n<\/div>\n<div class=\"hot-collapse__item\">\n<div class=\"hot-collapse__arrow\"><span style=\"font-size: 14.4px;\">08<\/span><span style=\"font-size: 14.4px;\">Heridas y Ap\u00f3sitos &#8211; PDF<\/span><\/div>\n<\/div>\n<div class=\"hot-collapse__item\">\n<div class=\"hot-collapse__arrow\"><span style=\"font-size: 14.4px;\">09<\/span><span style=\"font-size: 14.4px;\">Pie Diab\u00e9tico<\/span><\/div>\n<\/div>\n<div class=\"hot-collapse__item\">\n<div class=\"hot-collapse__arrow\"><\/div>\n<\/div>\n<div class=\"hot-collapse__item--collapsed\">\n<div><\/div>\n<\/div>\n<\/div>\n<\/div>\n<div id=\"panel-1\" class=\"content hidden\">\n<div class=\"product-data\">\n<div class=\"_d-flex _align-items-center _mb-4 _mr-5\">\n<div class=\"_font-weight _ml-4\" aria-label=\"Garant\u00eda de 7 d\u00edas\"><\/div>\n<\/div>\n<div class=\"_d-flex _align-items-center _mb-4 _mr-5\">\n<div class=\"_font-weight _ml-4\" aria-label=\"Estudia a tu manera y en cualquier dispositivo\">\n<\/div>\n<\/div>\n<div class=\"_d-flex _align-items-center _mb-4 _mr-5\"><\/div>\n<\/div>\n<\/div>\n<\/div>\n<\/section>\n<section id=\"faq\" class=\"section section-divider\">\n<div>\n<div class=\"faq-container\">\n<div class=\"faq\">\n<div class=\"accordion redesigned-modules\">\n<div class=\"hot-collapse__item--collapsed\">\n<div><\/div>\n<\/div>\n<\/div>\n<\/div>\n<\/div>\n<\/div>\n<\/section>\n","protected":false},"excerpt":{"rendered":"<p>El Curso de Ozonoterapia surge como una herramienta indispensable para los profesionales que buscan ser un referente y avanzar en su carrera profesional. Este viaje educativo no es s\u00f3lo una oportunidad para la mejora t\u00e9cnica; Es un punto de inflexi\u00f3n en tu carrera profesional &nbsp; 01 Presentaci\u00f3n 02 Material Did\u00e1ctico &#8211; Folletos en PDF 03 [&#8230;]\n","protected":false},"featured_media":33833,"template":"","meta":{"_monsterinsights_skip_tracking":false,"_monsterinsights_sitenote_active":false,"_monsterinsights_sitenote_note":"","_monsterinsights_sitenote_category":0,"jetpack_post_was_ever_published":false,"jetpack_publicize_message":"","jetpack_publicize_feature_enabled":true,"jetpack_social_post_already_shared":true,"jetpack_social_options":{"image_generator_settings":{"template":"highway","default_image_id":0,"font":"","enabled":false},"version":2}},"product_brand":[],"product_cat":[32],"product_tag":[263,142,260,211,254,119,251,215,257,249,243,230,182,226,253,236,229,143,228,232,258,234,262,239,220,265,219,225,240,238,140,242,235,244,266,267,248,210,245,212,250,227,255,264,252,217,216,233,261,73,237,231,247,221,246,222,223,224,259,241,256,218,213,214,53],"class_list":{"0":"post-33831","1":"product","2":"type-product","3":"status-publish","4":"has-post-thumbnail","6":"product_cat-sanacion","7":"product_tag-animales","8":"product_tag-avanzado","9":"product_tag-biden","10":"product_tag-billetes","11":"product_tag-bitcoin","12":"product_tag-carrera","13":"product_tag-china","14":"product_tag-christopher-olivarrieta","15":"product_tag-cine","16":"product_tag-coranavirus","17":"product_tag-cultura","18":"product_tag-cursos","19":"product_tag-dinero","20":"product_tag-dios","21":"product_tag-dolar","22":"product_tag-enric-corbera","23":"product_tag-ensenanza-en-casa","24":"product_tag-entidades","25":"product_tag-escuela","26":"product_tag-especialidad","27":"product_tag-estrenos","28":"product_tag-estudios","29":"product_tag-facebook","30":"product_tag-famosos","31":"product_tag-free","32":"product_tag-gatos","33":"product_tag-gratis","34":"product_tag-guerra","35":"product_tag-humor","36":"product_tag-internet","37":"product_tag-jose-palomo","38":"product_tag-juegos","39":"product_tag-lavin","40":"product_tag-manga","41":"product_tag-mercado-libre","42":"product_tag-mercado-pago","43":"product_tag-meteorologia","44":"product_tag-moneda","45":"product_tag-musica","46":"product_tag-nuevo","47":"product_tag-omnicron","48":"product_tag-oracion","49":"product_tag-peliculas","50":"product_tag-perros","51":"product_tag-peso","52":"product_tag-porn","53":"product_tag-porno","54":"product_tag-profesional","55":"product_tag-putin","56":"product_tag-salud","57":"product_tag-sexo","58":"product_tag-talleres","59":"product_tag-television","60":"product_tag-terapias","61":"product_tag-trabajo","62":"product_tag-ucrania","63":"product_tag-ukrania","64":"product_tag-usa","65":"product_tag-vacuna","66":"product_tag-viajes","67":"product_tag-videos","68":"product_tag-xxx","69":"product_tag-youtube","70":"product_tag-youtube-yuen-guadalajara","71":"product_tag-yuen","73":"first","74":"instock","75":"downloadable","76":"virtual","77":"purchasable","78":"product-type-simple"},"jetpack_publicize_connections":[],"jetpack-related-posts":[{"id":34769,"url":"https:\/\/multiofertasvip.com\/?product=curso-de-coaching-e-inteligencia-emocional-online-deusto-salud","url_meta":{"origin":33831,"position":0},"title":"Curso de Coaching e Inteligencia Emocional Online- Deusto Salud","author":"multiofertasvip","date":"febrero 10, 2026","format":false,"excerpt":"Transformaci\u00f3n Personal y Profesional: Curso de Coaching e Inteligencia Emocional Online \u00bfTe gustar\u00eda convertirte en la mejor versi\u00f3n de ti mismo y ayudar a otros a hacer lo mismo? \u00a1Este es el momento perfecto para dar el primer paso! Te presentamos nuestro\u00a0Curso de Coaching e Inteligencia Emocional Online, dise\u00f1ado espec\u00edficamente\u2026","rel":"","context":"Entrada similar","block_context":{"text":"Entrada similar","link":""},"img":{"alt_text":"","src":"https:\/\/i0.wp.com\/multiofertasvip.com\/wp-content\/uploads\/2026\/02\/COACHING.jpg?fit=200%2C200&ssl=1&resize=350%2C200","width":350,"height":200},"classes":[]},{"id":33759,"url":"https:\/\/multiofertasvip.com\/?product=formacion-online-en-medicina-germanica-awaking-project","url_meta":{"origin":33831,"position":1},"title":"Formacion Online en Medicina Germ\u00e1nica Awaking Project","author":"multiofertasvip","date":"abril 4, 2025","format":false,"excerpt":"\u00a0 Bienvenidos a la\u00a0Certificaci\u00f3n Profesional en Medicina Germ\u00e1nica, un programa exhaustivo dise\u00f1ado para aquellos que desean profundizar en el estudio de la medicina germ\u00e1nica y ejercer profesionalmente en este campo. Esta formaci\u00f3n integral te proporcionar\u00e1 todas las herramientas y conocimientos necesarios para convertirte en un experto certificado en medicina germ\u00e1nica.\u2026","rel":"","context":"Entrada similar","block_context":{"text":"Entrada similar","link":""},"img":{"alt_text":"","src":"https:\/\/i0.wp.com\/multiofertasvip.com\/wp-content\/uploads\/2025\/04\/medicina-germanica.png?fit=200%2C200&ssl=1&resize=350%2C200","width":350,"height":200},"classes":[]},{"id":35458,"url":"https:\/\/multiofertasvip.com\/?product=lectura-de-alto-nivel-en-7-dias-power-explosive-2","url_meta":{"origin":33831,"position":2},"title":"Especialista en entrenamiento en mujeres \u2013 Power Explosive","author":"multiofertasvip","date":"abril 13, 2026","format":false,"excerpt":"\u00a0 \u00a0 \u00a0 \u00a0 \u00a0 \u00a0 \u00a0","rel":"","context":"Entrada similar","block_context":{"text":"Entrada similar","link":""},"img":{"alt_text":"Especialista en entrenamiento en mujeres","src":"https:\/\/i0.wp.com\/cursoslux.com\/wp-content\/uploads\/2025\/05\/especialista-en-entrenamiento-en-mujeres.jpg?resize=350%2C200&ssl=1","width":350,"height":200},"classes":[]},{"id":35300,"url":"https:\/\/multiofertasvip.com\/?product=ruta-360-isabel-osorio-2","url_meta":{"origin":33831,"position":3},"title":"Ruta 360-Isabel Osorio","author":"multiofertasvip","date":"abril 2, 2026","format":false,"excerpt":"\u00a0 \u00a0 \u00a0 \u00a0 \u00a0 \u00a0 \u00a0","rel":"","context":"Entrada similar","block_context":{"text":"Entrada similar","link":""},"img":{"alt_text":"Ruta 360","src":"https:\/\/i0.wp.com\/cursoslux.com\/wp-content\/uploads\/2026\/03\/ruta-360.jpg?resize=350%2C200&ssl=1","width":350,"height":200},"classes":[]},{"id":34895,"url":"https:\/\/multiofertasvip.com\/?product=como-diferenciarte-siendo-profesional-de-la-salud-dra-carla-cosso","url_meta":{"origin":33831,"position":4},"title":"Como Diferenciarte Siendo Profesional de la Salud \u2013 Dra Carla Cosso","author":"multiofertasvip","date":"marzo 2, 2026","format":false,"excerpt":"Si eres profesional de la salud o el bienestar y sientes que tu crecimiento se ha quedado limitado a las paredes de tu consultorio, este curso es para ti. Esta formaci\u00f3n on demand, creada por la Dra. Carla Cosso, est\u00e1 dise\u00f1ada especialmente para mujeres profesionales que desean ampliar su impacto,\u2026","rel":"","context":"Entrada similar","block_context":{"text":"Entrada similar","link":""},"img":{"alt_text":"","src":"https:\/\/i0.wp.com\/multiofertasvip.com\/wp-content\/uploads\/2026\/03\/como-diferenciarte.jpg?fit=200%2C200&ssl=1&resize=350%2C200","width":350,"height":200},"classes":[]},{"id":34891,"url":"https:\/\/multiofertasvip.com\/?product=taller-intensivo-3-pilares-para-crear-un-curso-online-dra-carla-cosso","url_meta":{"origin":33831,"position":5},"title":"Taller Intensivo 3 PILARES para Crear un Curso Online \u2013 Dra. Carla Cosso","author":"multiofertasvip","date":"marzo 2, 2026","format":false,"excerpt":"Si eres profesional de la salud y quieres llevar tu conocimiento m\u00e1s all\u00e1 de la consulta presencial, este taller intensivo es el punto de partida que necesitas. En este entrenamiento, la Dra. Carla Cosso te gu\u00eda paso a paso a trav\u00e9s de los 3 pilares fundamentales para crear un curso\u2026","rel":"","context":"Entrada similar","block_context":{"text":"Entrada similar","link":""},"img":{"alt_text":"","src":"https:\/\/i0.wp.com\/multiofertasvip.com\/wp-content\/uploads\/2026\/03\/3-pilares-para-cambiar.jpg?fit=200%2C200&ssl=1&resize=350%2C200","width":350,"height":200},"classes":[]}],"jetpack_sharing_enabled":false,"jetpack_likes_enabled":false,"_links":{"self":[{"href":"https:\/\/multiofertasvip.com\/index.php?rest_route=\/wp\/v2\/product\/33831","targetHints":{"allow":["GET"]}}],"collection":[{"href":"https:\/\/multiofertasvip.com\/index.php?rest_route=\/wp\/v2\/product"}],"about":[{"href":"https:\/\/multiofertasvip.com\/index.php?rest_route=\/wp\/v2\/types\/product"}],"version-history":[{"count":1,"href":"https:\/\/multiofertasvip.com\/index.php?rest_route=\/wp\/v2\/product\/33831\/revisions"}],"predecessor-version":[{"id":33835,"href":"https:\/\/multiofertasvip.com\/index.php?rest_route=\/wp\/v2\/product\/33831\/revisions\/33835"}],"wp:featuredmedia":[{"embeddable":true,"href":"https:\/\/multiofertasvip.com\/index.php?rest_route=\/wp\/v2\/media\/33833"}],"wp:attachment":[{"href":"https:\/\/multiofertasvip.com\/index.php?rest_route=%2Fwp%2Fv2%2Fmedia&parent=33831"}],"wp:term":[{"taxonomy":"product_brand","embeddable":true,"href":"https:\/\/multiofertasvip.com\/index.php?rest_route=%2Fwp%2Fv2%2Fproduct_brand&post=33831"},{"taxonomy":"product_cat","embeddable":true,"href":"https:\/\/multiofertasvip.com\/index.php?rest_route=%2Fwp%2Fv2%2Fproduct_cat&post=33831"},{"taxonomy":"product_tag","embeddable":true,"href":"https:\/\/multiofertasvip.com\/index.php?rest_route=%2Fwp%2Fv2%2Fproduct_tag&post=33831"}],"curies":[{"name":"wp","href":"https:\/\/api.w.org\/{rel}","templated":true}]}}