{"id":33824,"date":"2025-04-25T14:11:17","date_gmt":"2025-04-25T19:41:17","guid":{"rendered":"https:\/\/multiofertasvip.com\/?post_type=product&#038;p=33824"},"modified":"2025-04-28T14:15:56","modified_gmt":"2025-04-28T19:45:56","slug":"drenanaje-linfatico-brasileno-abril-lopez","status":"publish","type":"product","link":"https:\/\/multiofertasvip.com\/?product=drenanaje-linfatico-brasileno-abril-lopez","title":{"rendered":"Drenanaje Linfatico Brasile\u00f1o-Abril Lopez"},"content":{"rendered":"<section class=\"elementor-section elementor-inner-section elementor-element elementor-element-147a4406 elementor-section-boxed elementor-section-height-default elementor-section-height-default\" data-id=\"147a4406\" data-element_type=\"section\">\n<div class=\"elementor-container elementor-column-gap-default\">\n<div class=\"elementor-column elementor-col-100 elementor-inner-column elementor-element elementor-element-7747df66\" data-id=\"7747df66\" data-element_type=\"column\">\n<div class=\"elementor-widget-wrap elementor-element-populated\">\n<div class=\"elementor-element elementor-element-c296306 elementor-widget elementor-widget-heading\" data-id=\"c296306\" data-element_type=\"widget\" data-widget_type=\"heading.default\">\n<div class=\"elementor-widget-container\">\n<h2 class=\"elementor-heading-title elementor-size-default\">Esta informaci\u00f3n es para ti si&#8230;<\/h2>\n<\/div>\n<\/div>\n<\/div>\n<\/div>\n<\/div>\n<\/section>\n<section class=\"elementor-section elementor-inner-section elementor-element elementor-element-579012df elementor-section-boxed elementor-section-height-default elementor-section-height-default\" data-id=\"579012df\" data-element_type=\"section\">\n<div class=\"elementor-container elementor-column-gap-default\">\n<div class=\"elementor-column elementor-col-50 elementor-inner-column elementor-element elementor-element-56cec6c4\" data-id=\"56cec6c4\" data-element_type=\"column\">\n<div class=\"elementor-widget-wrap elementor-element-populated\">\n<div class=\"elementor-element elementor-element-46d170a8 elementor-align-left elementor-icon-list--layout-traditional elementor-list-item-link-full_width elementor-widget elementor-widget-icon-list\" data-id=\"46d170a8\" data-element_type=\"widget\" data-widget_type=\"icon-list.default\">\n<div class=\"elementor-widget-container\">\n<ul class=\"elementor-icon-list-items\">\n<li class=\"elementor-icon-list-item\"><i class=\"fas fa-check\" aria-hidden=\"true\"><\/i><span class=\"elementor-icon-list-text\">\u00bfHaces mil t\u00e9cnicas y no consigues buenos resultados?<\/span><\/li>\n<li class=\"elementor-icon-list-item\"><i class=\"fas fa-check\" aria-hidden=\"true\"><\/i><span class=\"elementor-icon-list-text\">\u00bfAplica tratamientos costosos pero cobra barato por su servicio?<\/span><\/li>\n<li class=\"elementor-icon-list-item\"><i class=\"fas fa-check\" aria-hidden=\"true\"><\/i><span class=\"elementor-icon-list-text\">Eres esa persona que busca cambiar las cosas y aumentar los ingresos de su negocio.<\/span><\/li>\n<li class=\"elementor-icon-list-item\"><i class=\"fas fa-check\" aria-hidden=\"true\"><\/i><span class=\"elementor-icon-list-text\">Quieres aprender nuevas t\u00e9cnicas y mantener tu agenda llena de clientes.<\/span><\/li>\n<li class=\"elementor-icon-list-item\"><i class=\"fas fa-check\" aria-hidden=\"true\"><\/i><span class=\"elementor-icon-list-text\">\u00bfTus clientes buscan resultados inmediatos y no sabes c\u00f3mo hacerlo?<\/span><\/li>\n<li class=\"elementor-icon-list-item\"><i class=\"fas fa-check\" aria-hidden=\"true\"><\/i><span class=\"elementor-icon-list-text\">\u00bfSus clientes a menudo no vuelven a usted?<\/span><\/li>\n<li><i class=\"fas fa-check\" aria-hidden=\"true\"><\/i><span class=\"elementor-icon-list-text\">Quieres destacar entre la competencia y convertirte en uno de los profesionales mejor pagados del mercado.<\/span><\/li>\n<\/ul>\n<section class=\"elementor-section elementor-inner-section elementor-element elementor-element-6c48a4ba elementor-section-boxed elementor-section-height-default elementor-section-height-default\" data-id=\"6c48a4ba\" data-element_type=\"section\">\n<div class=\"elementor-container elementor-column-gap-default\">\n<div class=\"elementor-column elementor-col-100 elementor-inner-column elementor-element elementor-element-55a86775\" data-id=\"55a86775\" data-element_type=\"column\">\n<div class=\"elementor-widget-wrap elementor-element-populated\">\n<div class=\"elementor-element elementor-element-652b89f8 elementor-widget elementor-widget-heading\" data-id=\"652b89f8\" data-element_type=\"widget\" data-widget_type=\"heading.default\">\n<div class=\"elementor-widget-container\">\n<h2 class=\"elementor-heading-title elementor-size-default\">\u00bfQu\u00e9 aprender\u00e1s con esta informaci\u00f3n?<\/h2>\n<\/div>\n<\/div>\n<div class=\"elementor-element elementor-element-14f13e44 elementor-widget elementor-widget-heading\" data-id=\"14f13e44\" data-element_type=\"widget\" data-widget_type=\"heading.default\">\n<div class=\"elementor-widget-container\">\n<h2 class=\"elementor-heading-title elementor-size-default\">Desarrollamos este Programa especialmente para que tengas resultados r\u00e1pidos<\/h2>\n<\/div>\n<\/div>\n<\/div>\n<\/div>\n<\/div>\n<\/section>\n<section class=\"elementor-section elementor-inner-section elementor-element elementor-element-15710631 elementor-section-boxed elementor-section-height-default elementor-section-height-default\" data-id=\"15710631\" data-element_type=\"section\">\n<div class=\"elementor-container elementor-column-gap-default\">\n<div class=\"elementor-column elementor-col-50 elementor-inner-column elementor-element elementor-element-78c53b98\" data-id=\"78c53b98\" data-element_type=\"column\">\n<div class=\"elementor-widget-wrap elementor-element-populated\">\n<div class=\"elementor-element elementor-element-304aa729 elementor-align-left elementor-icon-list--layout-traditional elementor-list-item-link-full_width elementor-widget elementor-widget-icon-list\" data-id=\"304aa729\" data-element_type=\"widget\" data-widget_type=\"icon-list.default\">\n<div class=\"elementor-widget-container\">\n<ul class=\"elementor-icon-list-items\">\n<li class=\"elementor-icon-list-item\"><i class=\"fas fa-check\" aria-hidden=\"true\"><\/i><span class=\"elementor-icon-list-text\">Aprende el mejor m\u00e9todo reductivo con resultados reales.<\/span><\/li>\n<li class=\"elementor-icon-list-item\"><i class=\"fas fa-check\" aria-hidden=\"true\"><\/i><span class=\"elementor-icon-list-text\">T\u00e9cnicas 100% manuales sin necesidad de aparatos ni madera.<\/span><\/li>\n<li class=\"elementor-icon-list-item\"><i class=\"fas fa-check\" aria-hidden=\"true\"><\/i><span class=\"elementor-icon-list-text\">Resultados inmediatos en cada sesi\u00f3n.<\/span><\/li>\n<li class=\"elementor-icon-list-item\"><i class=\"fas fa-check\" aria-hidden=\"true\"><\/i><span class=\"elementor-icon-list-text\">Podr\u00e1s moldear, tonificar, desinflamar, reducir y marcar una mejor silueta.<\/span><\/li>\n<li class=\"elementor-icon-list-item\"><i class=\"fas fa-check\" aria-hidden=\"true\"><\/i><span class=\"elementor-icon-list-text\">Aprender\u00e1s sobre los diferentes tipos de grasas, c\u00f3mo evaluarlas y brindarles el tratamiento adecuado.<\/span><\/li>\n<li class=\"elementor-icon-list-item\"><i class=\"fas fa-check\" aria-hidden=\"true\"><\/i><span class=\"elementor-icon-list-text\">Solucionar\u00e1s problemas de salud provocados por retenci\u00f3n de l\u00edquidos, inflamaci\u00f3n, grasa y celulitis.<\/span><\/li>\n<\/ul>\n<\/div>\n<\/div>\n<\/div>\n<\/div>\n<div class=\"elementor-column elementor-col-50 elementor-inner-column elementor-element elementor-element-5dd9838d\" data-id=\"5dd9838d\" data-element_type=\"column\">\n<div class=\"elementor-widget-wrap elementor-element-populated\">\n<div class=\"elementor-widget-container\"><\/div>\n<\/div>\n<\/div>\n<\/div>\n<\/section>\n<section class=\"elementor-section elementor-inner-section elementor-element elementor-element-2551b18a elementor-reverse-mobile elementor-section-boxed elementor-section-height-default elementor-section-height-default\" data-id=\"2551b18a\" data-element_type=\"section\">\n<div class=\"elementor-container elementor-column-gap-default\">\n<div class=\"elementor-column elementor-col-50 elementor-inner-column elementor-element elementor-element-3a3cd36e\" data-id=\"3a3cd36e\" data-element_type=\"column\">\n<div class=\"elementor-widget-wrap elementor-element-populated\">\n<div class=\"elementor-element elementor-element-53a1dfb9 elementor-widget elementor-widget-image\" data-id=\"53a1dfb9\" data-element_type=\"widget\" data-widget_type=\"image.default\">\n<div class=\"elementor-widget-container\"><\/div>\n<\/div>\n<\/div>\n<\/div>\n<div class=\"elementor-column elementor-col-50 elementor-inner-column elementor-element elementor-element-29989586\" data-id=\"29989586\" data-element_type=\"column\">\n<div class=\"elementor-widget-wrap elementor-element-populated\">\n<div class=\"elementor-element elementor-element-398b4b87 elementor-widget elementor-widget-heading\" data-id=\"398b4b87\" data-element_type=\"widget\" data-widget_type=\"heading.default\">\n<div class=\"elementor-widget-container\">\n<h2 class=\"elementor-heading-title elementor-size-default\">Beneficios del drenaje linf\u00e1tico brasile\u00f1o<\/h2>\n<\/div>\n<\/div>\n<div class=\"elementor-element elementor-element-5e73c17 elementor-align-left elementor-icon-list--layout-traditional elementor-list-item-link-full_width elementor-widget elementor-widget-icon-list\" data-id=\"5e73c17\" data-element_type=\"widget\" data-widget_type=\"icon-list.default\">\n<div class=\"elementor-widget-container\">\n<ul class=\"elementor-icon-list-items\">\n<li class=\"elementor-icon-list-item\"><i class=\"fas fa-check\" aria-hidden=\"true\"><\/i><span class=\"elementor-icon-list-text\">Efecto desintoxicante<\/span><\/li>\n<li class=\"elementor-icon-list-item\"><i class=\"fas fa-check\" aria-hidden=\"true\"><\/i><span class=\"elementor-icon-list-text\">Grasas de moho<\/span><\/li>\n<li class=\"elementor-icon-list-item\"><i class=\"fas fa-check\" aria-hidden=\"true\"><\/i><span class=\"elementor-icon-list-text\">Mejora la firmeza<\/span><\/li>\n<li class=\"elementor-icon-list-item\"><i class=\"fas fa-check\" aria-hidden=\"true\"><\/i><span class=\"elementor-icon-list-text\">Ataca la celulitis<\/span><\/li>\n<li class=\"elementor-icon-list-item\"><i class=\"fas fa-check\" aria-hidden=\"true\"><\/i><span class=\"elementor-icon-list-text\">Mejora el contorno corporal<\/span><\/li>\n<li class=\"elementor-icon-list-item\"><i class=\"fas fa-check\" aria-hidden=\"true\"><\/i><span class=\"elementor-icon-list-text\">Reducir tama\u00f1os<\/span><\/li>\n<li class=\"elementor-icon-list-item\"><i class=\"fas fa-check\" aria-hidden=\"true\"><\/i><span class=\"elementor-icon-list-text\">Mejora la circulaci\u00f3n<\/span><\/li>\n<li class=\"elementor-icon-list-item\"><i class=\"fas fa-check\" aria-hidden=\"true\"><\/i><span class=\"elementor-icon-list-text\">No es invasivo<\/span><\/li>\n<li class=\"elementor-icon-list-item\"><i class=\"fas fa-check\" aria-hidden=\"true\"><\/i><span class=\"elementor-icon-list-text\">No causa dolor<\/span><\/li>\n<\/ul>\n<\/div>\n<\/div>\n<\/div>\n<\/div>\n<\/div>\n<\/section>\n<\/div>\n<\/div>\n<\/div>\n<\/div>\n<\/div>\n<\/section>\n","protected":false},"excerpt":{"rendered":"<p>Esta informaci\u00f3n es para ti si&#8230; \u00bfHaces mil t\u00e9cnicas y no consigues buenos resultados? \u00bfAplica tratamientos costosos pero cobra barato por su servicio? Eres esa persona que busca cambiar las cosas y aumentar los ingresos de su negocio. Quieres aprender nuevas t\u00e9cnicas y mantener tu agenda llena de clientes. \u00bfTus clientes buscan resultados inmediatos y [&#8230;]\n","protected":false},"featured_media":33843,"template":"","meta":{"_monsterinsights_skip_tracking":false,"_monsterinsights_sitenote_active":false,"_monsterinsights_sitenote_note":"","_monsterinsights_sitenote_category":0,"jetpack_post_was_ever_published":false,"jetpack_publicize_message":"","jetpack_publicize_feature_enabled":true,"jetpack_social_post_already_shared":true,"jetpack_social_options":{"image_generator_settings":{"template":"highway","default_image_id":0,"font":"","enabled":false},"version":2}},"product_brand":[],"product_cat":[32],"product_tag":[263,142,260,211,254,119,251,215,257,249,243,230,182,226,253,236,229,143,228,232,258,234,262,239,220,265,219,225,240,238,140,242,235,244,266,267,248,210,245,212,250,227,255,264,252,217,216,233,261,73,237,231,247,221,246,222,223,224,259,241,256,218,213,214,53],"class_list":{"0":"post-33824","1":"product","2":"type-product","3":"status-publish","4":"has-post-thumbnail","6":"product_cat-sanacion","7":"product_tag-animales","8":"product_tag-avanzado","9":"product_tag-biden","10":"product_tag-billetes","11":"product_tag-bitcoin","12":"product_tag-carrera","13":"product_tag-china","14":"product_tag-christopher-olivarrieta","15":"product_tag-cine","16":"product_tag-coranavirus","17":"product_tag-cultura","18":"product_tag-cursos","19":"product_tag-dinero","20":"product_tag-dios","21":"product_tag-dolar","22":"product_tag-enric-corbera","23":"product_tag-ensenanza-en-casa","24":"product_tag-entidades","25":"product_tag-escuela","26":"product_tag-especialidad","27":"product_tag-estrenos","28":"product_tag-estudios","29":"product_tag-facebook","30":"product_tag-famosos","31":"product_tag-free","32":"product_tag-gatos","33":"product_tag-gratis","34":"product_tag-guerra","35":"product_tag-humor","36":"product_tag-internet","37":"product_tag-jose-palomo","38":"product_tag-juegos","39":"product_tag-lavin","40":"product_tag-manga","41":"product_tag-mercado-libre","42":"product_tag-mercado-pago","43":"product_tag-meteorologia","44":"product_tag-moneda","45":"product_tag-musica","46":"product_tag-nuevo","47":"product_tag-omnicron","48":"product_tag-oracion","49":"product_tag-peliculas","50":"product_tag-perros","51":"product_tag-peso","52":"product_tag-porn","53":"product_tag-porno","54":"product_tag-profesional","55":"product_tag-putin","56":"product_tag-salud","57":"product_tag-sexo","58":"product_tag-talleres","59":"product_tag-television","60":"product_tag-terapias","61":"product_tag-trabajo","62":"product_tag-ucrania","63":"product_tag-ukrania","64":"product_tag-usa","65":"product_tag-vacuna","66":"product_tag-viajes","67":"product_tag-videos","68":"product_tag-xxx","69":"product_tag-youtube","70":"product_tag-youtube-yuen-guadalajara","71":"product_tag-yuen","73":"first","74":"instock","75":"downloadable","76":"virtual","77":"purchasable","78":"product-type-simple"},"jetpack_publicize_connections":[],"jetpack-related-posts":[{"id":33735,"url":"https:\/\/multiofertasvip.com\/?product=como-convertirse-en-dinero-edicion-9-vanesa-litvac","url_meta":{"origin":33824,"position":0},"title":"Como convertirse en Dinero Edicion 9-Vanesa Litvac","author":"multiofertasvip","date":"abril 4, 2025","format":false,"excerpt":"\u00bfEst\u00e1s dispuesto\/a a tener dinero?? \ud83d\udcb0C\u00d3MO CONVERTIRSE EN DINERO \ud83d\udcb0\ud83d\udca5 9\u00b0 Edici\u00f3n Gesti\u00f3n del Curso (a trav\u00e9s de 10 clases por zoom) la programaci\u00f3n de las clases (fecha y hora) 18 al 28 de Abril a 16hs Arg 18 al 28 de Abril a 13hs Mex 18 al 28 de\u2026","rel":"","context":"Entrada similar","block_context":{"text":"Entrada similar","link":""},"img":{"alt_text":"","src":"https:\/\/i0.wp.com\/multiofertasvip.com\/wp-content\/uploads\/2025\/04\/COMO-CONVERTIRSE-EN-DINERO-ED-9.png?fit=200%2C200&ssl=1&resize=350%2C200","width":350,"height":200},"classes":[]},{"id":30397,"url":"https:\/\/multiofertasvip.com\/?product=metodo-yuen-nivel-intermedio-2","url_meta":{"origin":33824,"position":1},"title":"M\u00c9TODO YUEN NIVEL INTERMEDIO","author":"multiofertasvip","date":"agosto 17, 2022","format":false,"excerpt":"\u00a0 \u00a0 \u00a0 \u00a0 \u00a0 \u00a0 \u00a0","rel":"","context":"Entrada similar","block_context":{"text":"Entrada similar","link":""},"img":{"alt_text":"","src":"https:\/\/i0.wp.com\/multiofertasvip.com\/wp-content\/uploads\/2022\/08\/activaciones-cuanticas.jpg?fit=200%2C200&ssl=1&resize=350%2C200","width":350,"height":200},"classes":[]},{"id":31037,"url":"https:\/\/multiofertasvip.com\/?product=diplomado-en-iridologia-clinica-dr-miguel-angel-trillos-p","url_meta":{"origin":33824,"position":2},"title":"Diplomado en Iridolog\u00eda Cl\u00ednica-Dr. Miguel Angel Trillos P.","author":"multiofertasvip","date":"octubre 30, 2023","format":false,"excerpt":"Presentaci\u00f3n Diplomado Iridolog\u00eda Cl\u00ednica Aprovecha esta oportunidad para aprender\u00a0Iridolog\u00eda Cl\u00ednica \u00bfQu\u00e9 es la Iridolog\u00eda? Existen much\u00edsimas corrientes de medicina alternativa, aunque una de las m\u00e1s curiosas y llamativas es la iridolog\u00eda. Esta ciencia estudia la salud de las personas a trav\u00e9s del iris, la parte que les da el color\u2026","rel":"","context":"Entrada similar","block_context":{"text":"Entrada similar","link":""},"img":{"alt_text":"","src":"https:\/\/i0.wp.com\/eslaciencias.com\/wp-content\/uploads\/2022\/01\/Iridologia-1.jpg?resize=350%2C200&ssl=1","width":350,"height":200,"srcset":"https:\/\/i0.wp.com\/eslaciencias.com\/wp-content\/uploads\/2022\/01\/Iridologia-1.jpg?resize=350%2C200&ssl=1 1x, https:\/\/i0.wp.com\/eslaciencias.com\/wp-content\/uploads\/2022\/01\/Iridologia-1.jpg?resize=525%2C300&ssl=1 1.5x"},"classes":[]},{"id":29991,"url":"https:\/\/multiofertasvip.com\/?product=metodo-yuen-nivel-1-3-christopher-olivarrieta","url_meta":{"origin":33824,"position":3},"title":"Metodo Yuen Nivel 1-3 Christopher Olivarrieta","author":"multiofertasvip","date":"agosto 30, 2021","format":false,"excerpt":"Con la t\u00e9cnica \u00fanica del M\u00e9todo Yuen, puedes aprender a determinar y corregir tus propios desequilibrios, o en otras palabras, revertir la mayor\u00eda de cualquier proceso de enfermedad. Puedes mejorar todo en tus rendimientos de salud, relaciones y finanzas instant\u00e1neamente. Puedes eliminar el dolor al instante.","rel":"","context":"Entrada similar","block_context":{"text":"Entrada similar","link":""},"img":{"alt_text":"","src":"https:\/\/i0.wp.com\/multiofertasvip.com\/wp-content\/uploads\/2021\/08\/nivel-1-3-Christopher.jpg?fit=200%2C200&ssl=1&resize=350%2C200","width":350,"height":200},"classes":[]},{"id":35112,"url":"https:\/\/multiofertasvip.com\/?product=metodo-yuen-resolucion-final-modulo-10-ypy-academy-2","url_meta":{"origin":33824,"position":4},"title":"Metodo Yuen Resolucion Final Modulo 10 -YPY Academy","author":"multiofertasvip","date":"marzo 17, 2026","format":false,"excerpt":"\u00a0 \u00a0 \u00a0 \u00a0 \u00a0 \u00a0 \u00a0","rel":"","context":"Entrada similar","block_context":{"text":"Entrada similar","link":""},"img":{"alt_text":"","src":"https:\/\/i0.wp.com\/multiofertasvip.com\/wp-content\/uploads\/2026\/03\/YPT-MODULO-10.png?fit=200%2C200&ssl=1&resize=350%2C200","width":350,"height":200},"classes":[]},{"id":35108,"url":"https:\/\/multiofertasvip.com\/?product=metodo-yuen-fortalecimiento-para-la-vida-diaria-modulo-9-ypy-academy-2","url_meta":{"origin":33824,"position":5},"title":"Metodo Yuen Fortalecimiento para la vida diaria Modulo 9 -YPY Academy","author":"multiofertasvip","date":"marzo 17, 2026","format":false,"excerpt":"\u00a0 \u00a0 \u00a0 \u00a0 \u00a0 \u00a0 \u00a0","rel":"","context":"Entrada similar","block_context":{"text":"Entrada similar","link":""},"img":{"alt_text":"","src":"https:\/\/i0.wp.com\/multiofertasvip.com\/wp-content\/uploads\/2026\/03\/MODULO9-YPT.png?fit=200%2C200&ssl=1&resize=350%2C200","width":350,"height":200},"classes":[]}],"jetpack_sharing_enabled":false,"jetpack_likes_enabled":false,"_links":{"self":[{"href":"https:\/\/multiofertasvip.com\/index.php?rest_route=\/wp\/v2\/product\/33824","targetHints":{"allow":["GET"]}}],"collection":[{"href":"https:\/\/multiofertasvip.com\/index.php?rest_route=\/wp\/v2\/product"}],"about":[{"href":"https:\/\/multiofertasvip.com\/index.php?rest_route=\/wp\/v2\/types\/product"}],"version-history":[{"count":2,"href":"https:\/\/multiofertasvip.com\/index.php?rest_route=\/wp\/v2\/product\/33824\/revisions"}],"predecessor-version":[{"id":33846,"href":"https:\/\/multiofertasvip.com\/index.php?rest_route=\/wp\/v2\/product\/33824\/revisions\/33846"}],"wp:featuredmedia":[{"embeddable":true,"href":"https:\/\/multiofertasvip.com\/index.php?rest_route=\/wp\/v2\/media\/33843"}],"wp:attachment":[{"href":"https:\/\/multiofertasvip.com\/index.php?rest_route=%2Fwp%2Fv2%2Fmedia&parent=33824"}],"wp:term":[{"taxonomy":"product_brand","embeddable":true,"href":"https:\/\/multiofertasvip.com\/index.php?rest_route=%2Fwp%2Fv2%2Fproduct_brand&post=33824"},{"taxonomy":"product_cat","embeddable":true,"href":"https:\/\/multiofertasvip.com\/index.php?rest_route=%2Fwp%2Fv2%2Fproduct_cat&post=33824"},{"taxonomy":"product_tag","embeddable":true,"href":"https:\/\/multiofertasvip.com\/index.php?rest_route=%2Fwp%2Fv2%2Fproduct_tag&post=33824"}],"curies":[{"name":"wp","href":"https:\/\/api.w.org\/{rel}","templated":true}]}}