{"id":33820,"date":"2025-04-25T13:23:01","date_gmt":"2025-04-25T18:53:01","guid":{"rendered":"https:\/\/multiofertasvip.com\/?post_type=product&#038;p=33820"},"modified":"2025-05-12T14:24:02","modified_gmt":"2025-05-12T19:54:02","slug":"curso-mesa-quantica-avelino-hervas-montserrat-cortes","status":"publish","type":"product","link":"https:\/\/multiofertasvip.com\/?product=curso-mesa-quantica-avelino-hervas-montserrat-cortes","title":{"rendered":"Curso Mesa Qu\u00e1ntica-Avelino Herv\u00e1s, Montserrat Cort\u00e9s"},"content":{"rendered":"<p><em><strong>MESA QU\u00c1NTICA<\/strong><\/em><em>\u00a0es un sistema que incluye dos m\u00e9todos de trabajo en dos formatos distintos.\u00a0<\/em><em><strong>Mesa Qu\u00e1ntica\u00a0<\/strong><\/em><em>es un m\u00e9todo en formato radiest\u00e9sico y\u00a0<\/em><em><strong>Sinergia<\/strong><\/em>\u00a0<em><strong>Qu\u00e1ntica<\/strong><\/em><em>\u00a0en formato digital. Estos dos m\u00e9todos que est\u00e1n sincronizados organizan de manera sistem\u00e1tica las terapias de nuestra escuela.<\/em><br \/>\n<em>Este sistema f\u00e1cil y sencillo es una gu\u00eda y un engranaje para que el terapeuta escoja con seguridad cual es la mejor terapia para su consultante sin saltarse ning\u00fan paso del m\u00e9todo de la Escuela BQ. Es un mapa en el cual todos los caminos nos llevan al mismo destino, la SANACION.<\/em><\/p>\n<h2>Objetivos del curso<\/h2>\n<p>Guiar al terapeuta paso a paso en el proceso de una terapia seg\u00fan el m\u00e9todo de la escuela B. Q para que el terapeuta escoja con seguridad cual es la mejor terapia para su consultante.<br \/>\nIntegrar terapias de una manera sencilla, f\u00e1cil, organizada y eficaz, sabiendo que en cada momento estamos aplicando la terapia que el consultante necesita con\u00a0<strong>prioridad\u00a0<\/strong>y por ello, la m\u00e1s efectiva.<\/p>\n<p>&nbsp;<\/p>\n","protected":false},"excerpt":{"rendered":"<p>MESA QU\u00c1NTICA\u00a0es un sistema que incluye dos m\u00e9todos de trabajo en dos formatos distintos.\u00a0Mesa Qu\u00e1ntica\u00a0es un m\u00e9todo en formato radiest\u00e9sico y\u00a0Sinergia\u00a0Qu\u00e1ntica\u00a0en formato digital. Estos dos m\u00e9todos que est\u00e1n sincronizados organizan de manera sistem\u00e1tica las terapias de nuestra escuela. Este sistema f\u00e1cil y sencillo es una gu\u00eda y un engranaje para que el terapeuta escoja con [&#8230;]\n","protected":false},"featured_media":33821,"template":"","meta":{"_monsterinsights_skip_tracking":false,"_monsterinsights_sitenote_active":false,"_monsterinsights_sitenote_note":"","_monsterinsights_sitenote_category":0,"jetpack_post_was_ever_published":false,"jetpack_publicize_message":"","jetpack_publicize_feature_enabled":true,"jetpack_social_post_already_shared":true,"jetpack_social_options":{"image_generator_settings":{"template":"highway","default_image_id":0,"font":"","enabled":false},"version":2}},"product_brand":[],"product_cat":[32],"product_tag":[263,142,260,211,254,119,251,215,257,249,243,230,182,226,253,236,229,143,228,232,258,234,262,239,220,265,219,225,240,238,140,242,235,244,266,267,248,210,245,212,250,227,255,264,252,217,216,233,261,73,237,231,247,221,246,222,223,224,259,241,256,218,213,214,53],"class_list":{"0":"post-33820","1":"product","2":"type-product","3":"status-publish","4":"has-post-thumbnail","6":"product_cat-sanacion","7":"product_tag-animales","8":"product_tag-avanzado","9":"product_tag-biden","10":"product_tag-billetes","11":"product_tag-bitcoin","12":"product_tag-carrera","13":"product_tag-china","14":"product_tag-christopher-olivarrieta","15":"product_tag-cine","16":"product_tag-coranavirus","17":"product_tag-cultura","18":"product_tag-cursos","19":"product_tag-dinero","20":"product_tag-dios","21":"product_tag-dolar","22":"product_tag-enric-corbera","23":"product_tag-ensenanza-en-casa","24":"product_tag-entidades","25":"product_tag-escuela","26":"product_tag-especialidad","27":"product_tag-estrenos","28":"product_tag-estudios","29":"product_tag-facebook","30":"product_tag-famosos","31":"product_tag-free","32":"product_tag-gatos","33":"product_tag-gratis","34":"product_tag-guerra","35":"product_tag-humor","36":"product_tag-internet","37":"product_tag-jose-palomo","38":"product_tag-juegos","39":"product_tag-lavin","40":"product_tag-manga","41":"product_tag-mercado-libre","42":"product_tag-mercado-pago","43":"product_tag-meteorologia","44":"product_tag-moneda","45":"product_tag-musica","46":"product_tag-nuevo","47":"product_tag-omnicron","48":"product_tag-oracion","49":"product_tag-peliculas","50":"product_tag-perros","51":"product_tag-peso","52":"product_tag-porn","53":"product_tag-porno","54":"product_tag-profesional","55":"product_tag-putin","56":"product_tag-salud","57":"product_tag-sexo","58":"product_tag-talleres","59":"product_tag-television","60":"product_tag-terapias","61":"product_tag-trabajo","62":"product_tag-ucrania","63":"product_tag-ukrania","64":"product_tag-usa","65":"product_tag-vacuna","66":"product_tag-viajes","67":"product_tag-videos","68":"product_tag-xxx","69":"product_tag-youtube","70":"product_tag-youtube-yuen-guadalajara","71":"product_tag-yuen","73":"first","74":"instock","75":"downloadable","76":"virtual","77":"purchasable","78":"product-type-simple"},"jetpack_publicize_connections":[],"jetpack-related-posts":[{"id":34040,"url":"https:\/\/multiofertasvip.com\/?product=curso-nivel-2-biomagnetismo-quantico-avelino-hervas","url_meta":{"origin":33820,"position":0},"title":"Curso Nivel 2 Biomagnetismo Quantico-Avelino Hervas","author":"multiofertasvip","date":"junio 15, 2025","format":false,"excerpt":"En este SEGUNDO NIVEL\u00a0se tratar\u00e1 el Biomagnetismo Qu\u00e1ntico d\u00f3nde trabajamos m\u00e1s desde el plano\u00a0ENERG\u00c9TICO, ya no utilizamos imanes f\u00edsicos ni medicamentos f\u00edsicos, aqu\u00ed tambi\u00e9n utilizamos las l\u00e1minas especiales para enfermedades a modo de radi\u00f3nica. \u00bfQu\u00e9 aprender\u00e1s? Qu\u00e9 es el Biomagnetismo Qu\u00e1ntico La meditaci\u00f3n guiada de Theta Healing para subir al\u2026","rel":"","context":"Entrada similar","block_context":{"text":"Entrada similar","link":""},"img":{"alt_text":"","src":"https:\/\/i0.wp.com\/multiofertasvip.com\/wp-content\/uploads\/2025\/06\/BQN2.jpg?fit=200%2C200&ssl=1&resize=350%2C200","width":350,"height":200},"classes":[]},{"id":34034,"url":"https:\/\/multiofertasvip.com\/?product=curso-nivel-1-biomagnetismo-quantico-avelino-hervas","url_meta":{"origin":33820,"position":1},"title":"Curso Nivel 1 Biomagnetismo Quantico-Avelino Hervas","author":"multiofertasvip","date":"junio 15, 2025","format":false,"excerpt":"En este\u00a0PRIMER NIVEL\u00a0se tratar\u00e1 el par Biomagnetico avanzado enfocado al plano\u00a0F\u00cdSICO\u00a0donde usamos imanes f\u00edsicos. \u00bfQu\u00e9 aprender\u00e1s? \u00a0 Qu\u00e9 es el Par Biomagn\u00e9tico El material que necesitas para poder utilizar la t\u00e9cnica del par Biomagn\u00e9tico (imanes, manual con el protocolo b\u00e1sico) C\u00f3mo hacer tus propios imanes La polaridad de los imanes,\u2026","rel":"","context":"Entrada similar","block_context":{"text":"Entrada similar","link":""},"img":{"alt_text":"","src":"https:\/\/i0.wp.com\/multiofertasvip.com\/wp-content\/uploads\/2025\/06\/BQN1.jpg?fit=200%2C200&ssl=1&resize=350%2C200","width":350,"height":200},"classes":[]},{"id":33921,"url":"https:\/\/multiofertasvip.com\/?product=taller-remedios-alquimicos-quanticos-libro-de-regalo-avelino-hervas","url_meta":{"origin":33820,"position":2},"title":"Taller Remedios Alqu\u00edmicos Qu\u00e1nticos + Libro de Regalo-Avelino Hervas","author":"multiofertasvip","date":"mayo 7, 2025","format":false,"excerpt":"Clase Grabada + Acceso a clases en Directo \u00a0 \u00bfQu\u00e9 aprender\u00e1s? Crear tus propios medicamentos Qu\u00e1nticos Fitoterapia China Homeopat\u00eda Suplementos alimenticios Sales de shuler Pares biomagn\u00e9ticos Incluir Oraciones Sagradas \u00a0","rel":"","context":"Entrada similar","block_context":{"text":"Entrada similar","link":""},"img":{"alt_text":"","src":"https:\/\/i0.wp.com\/multiofertasvip.com\/wp-content\/uploads\/2025\/05\/remedios-alquimicos.png?fit=200%2C200&ssl=1&resize=350%2C200","width":350,"height":200},"classes":[]},{"id":34043,"url":"https:\/\/multiofertasvip.com\/?product=curso-nivel-3-biomagnetismo-quantico-avelino-hervas","url_meta":{"origin":33820,"position":3},"title":"Curso Nivel 3 Biomagnetismo Quantico-Avelino Hervas","author":"multiofertasvip","date":"junio 15, 2025","format":false,"excerpt":"En este\u00a0TERCER NIVEL\u00a0se tratar\u00e1 la\u00a0sanaci\u00f3n Qu\u00e1ntica\u00a0d\u00f3nde trabajamos a nivel\u00a0ESPIRITUAL\u00a0directamente conectando desde la fuente ya\u00a0no se requiere hacer chequeos,\u00a0ni siquiera tener conocimientos de biomagnetismo, pudiendo visualizar las zonas da\u00f1adas y pudiendo hacer operaciones y tambi\u00e9n reparar los desequilibrios qu\u00e1nticamente.\u00a0Se produce la sanaci\u00f3n espont\u00e1nea. \u2705 Las 17 llaves de oro del contenido\u2026","rel":"","context":"Entrada similar","block_context":{"text":"Entrada similar","link":""},"img":{"alt_text":"","src":"https:\/\/i0.wp.com\/multiofertasvip.com\/wp-content\/uploads\/2025\/06\/BQN3.png?fit=200%2C200&ssl=1&resize=350%2C200","width":350,"height":200},"classes":[]},{"id":29967,"url":"https:\/\/multiofertasvip.com\/?product=curso-par-magnetico-enfoque-pums-en-video-mariana-del-hoyo","url_meta":{"origin":33820,"position":4},"title":"Curso Par Magnetico Enfoque PUMS En Video-Mariana del Hoyo","author":"multiofertasvip","date":"junio 27, 2021","format":false,"excerpt":"Este es un curso muy completo y con mucha informaci\u00f3n, no necesitaas hacer oto nivel de PAR BIOMAGNETICO, podras iniciarte en metodo PUMS optimizacion en rastreos.","rel":"","context":"Entrada similar","block_context":{"text":"Entrada similar","link":""},"img":{"alt_text":"","src":"https:\/\/i0.wp.com\/multiofertasvip.com\/wp-content\/uploads\/2021\/06\/bio.jpg?fit=200%2C200&ssl=1&resize=350%2C200","width":350,"height":200},"classes":[]},{"id":35064,"url":"https:\/\/multiofertasvip.com\/?product=formacion-en-sistema-floral-mencion-astrologia-tienditadelalma-2","url_meta":{"origin":33820,"position":5},"title":"Formaci\u00f3n en Sistema Floral (menci\u00f3n Astrolog\u00eda)-Tienditadelalma","author":"multiofertasvip","date":"marzo 13, 2026","format":false,"excerpt":"\u00a0 \u00a0 \u00a0 \u00a0","rel":"","context":"Entrada similar","block_context":{"text":"Entrada similar","link":""},"img":{"alt_text":"","src":"https:\/\/i0.wp.com\/institutolta.com\/wp-content\/uploads\/2024\/04\/411181487_845014527632804_8858129483429620302_n.jpg?resize=350%2C200&ssl=1","width":350,"height":200,"srcset":"https:\/\/i0.wp.com\/institutolta.com\/wp-content\/uploads\/2024\/04\/411181487_845014527632804_8858129483429620302_n.jpg?resize=350%2C200&ssl=1 1x, https:\/\/i0.wp.com\/institutolta.com\/wp-content\/uploads\/2024\/04\/411181487_845014527632804_8858129483429620302_n.jpg?resize=525%2C300&ssl=1 1.5x"},"classes":[]}],"jetpack_sharing_enabled":false,"jetpack_likes_enabled":false,"_links":{"self":[{"href":"https:\/\/multiofertasvip.com\/index.php?rest_route=\/wp\/v2\/product\/33820","targetHints":{"allow":["GET"]}}],"collection":[{"href":"https:\/\/multiofertasvip.com\/index.php?rest_route=\/wp\/v2\/product"}],"about":[{"href":"https:\/\/multiofertasvip.com\/index.php?rest_route=\/wp\/v2\/types\/product"}],"version-history":[{"count":2,"href":"https:\/\/multiofertasvip.com\/index.php?rest_route=\/wp\/v2\/product\/33820\/revisions"}],"predecessor-version":[{"id":33825,"href":"https:\/\/multiofertasvip.com\/index.php?rest_route=\/wp\/v2\/product\/33820\/revisions\/33825"}],"wp:featuredmedia":[{"embeddable":true,"href":"https:\/\/multiofertasvip.com\/index.php?rest_route=\/wp\/v2\/media\/33821"}],"wp:attachment":[{"href":"https:\/\/multiofertasvip.com\/index.php?rest_route=%2Fwp%2Fv2%2Fmedia&parent=33820"}],"wp:term":[{"taxonomy":"product_brand","embeddable":true,"href":"https:\/\/multiofertasvip.com\/index.php?rest_route=%2Fwp%2Fv2%2Fproduct_brand&post=33820"},{"taxonomy":"product_cat","embeddable":true,"href":"https:\/\/multiofertasvip.com\/index.php?rest_route=%2Fwp%2Fv2%2Fproduct_cat&post=33820"},{"taxonomy":"product_tag","embeddable":true,"href":"https:\/\/multiofertasvip.com\/index.php?rest_route=%2Fwp%2Fv2%2Fproduct_tag&post=33820"}],"curies":[{"name":"wp","href":"https:\/\/api.w.org\/{rel}","templated":true}]}}