{"id":33809,"date":"2025-04-25T11:08:39","date_gmt":"2025-04-25T16:38:39","guid":{"rendered":"https:\/\/multiofertasvip.com\/?post_type=product&#038;p=33809"},"modified":"2025-04-25T13:01:29","modified_gmt":"2025-04-25T18:31:29","slug":"constelaciones-familiares-holograficas-cecilia-imbasteri","status":"publish","type":"product","link":"https:\/\/multiofertasvip.com\/?product=constelaciones-familiares-holograficas-cecilia-imbasteri","title":{"rendered":"Constelaciones Familiares Holograficas -Cecilia Imbasteri"},"content":{"rendered":"<p><span class=\"a\" data-initial-color=\"rgb(41, 59, 53)\">Las Constelaciones familiares son un m\u00e9todo sist\u00e9mico, cu\u00e1ntico, y<\/span><span class=\"a\" data-initial-color=\"rgb(41, 59, 53)\">fenomenol\u00f3gico,\u00a0<span class=\"l8\">de\u00a0b\u00fasqueda,\u00a0ordenamiento y\u00a0<span class=\"l11\">reconciliaci\u00f3n\u00a0<span class=\"l6\">de\u00a0la\u00a0historia<\/span><\/span><\/span><\/span><span class=\"a\" data-initial-color=\"rgb(41, 59, 53)\">familiar solo en aquellos casos que nos afecta.<\/span><span class=\"a\" data-initial-color=\"rgb(41, 59, 53)\">Es decir no constelamos el \u00e1rbol geneal\u00f3gico ni a nuestros ancestros.<\/span><span class=\"a\" data-initial-color=\"rgb(41, 59, 53)\">Constelamos un problema nuestro no resuelto hoy. Se parte de m\u00ed, de mi<\/span><span class=\"a\" data-initial-color=\"rgb(41, 59, 53)\">problema y del presente.<\/span><span class=\"a\" data-initial-color=\"rgb(41, 59, 53)\">Luego vemos de ordenar el v\u00ednculo con quienes nos trajeron a la vida, sus<\/span><span class=\"a\" data-initial-color=\"rgb(41, 59, 53)\">reemplazos (en casos de padres adoptivos), y por \u00faltimo se busca en los<\/span><span class=\"a\" data-initial-color=\"rgb(41, 59, 53)\">ancestros. Sus historias no concluidas ser\u00e1n el punto de inflexi\u00f3n desde donde<\/span><span class=\"a\" data-initial-color=\"rgb(41, 59, 53)\">sus descendientes\u00a0repetir\u00e1n patrones\u00a0<span class=\"l6\">para sanar\u00a0dicha historia.<\/span><\/span><span class=\"a\" data-initial-color=\"rgb(41, 59, 53)\">Es importante que veas que esto no es simplemente hacer una Formaci\u00f3n para<\/span><span class=\"a\" data-initial-color=\"rgb(41, 59, 53)\">&#8220;ejercer&#8221; en el futuro sino m\u00e1s bien es una forma personal de recorrer un camino de<\/span><span class=\"a\" data-initial-color=\"rgb(41, 59, 53)\">sanaci\u00f3n de todo aquello que no\u00a0entiendo, que no encuentro la salida.<\/span><span class=\"a\" data-initial-color=\"rgb(41, 59, 53)\">Por lo tanto puedes hacer esta Formaci\u00f3n para aprender y ayudar a otros o m\u00e1s<\/span><span class=\"a\" data-initial-color=\"rgb(41, 59, 53)\">bien para tu experiencia personal.<\/span><span class=\"a\" data-initial-color=\"rgb(41, 59, 53)\">Tampoco es una formaci\u00f3n exclusivamente para hacer Constelaciones Individuales<\/span><span class=\"a\" data-initial-color=\"rgb(41, 59, 53)\">como terapeuta..<\/span><span class=\"a\" data-initial-color=\"rgb(41, 59, 53)\">Esta Formaci\u00f3n es completa e incluye el t\u00edtulo de Constelador grupal presencial.<\/span><span class=\"a\" data-initial-color=\"rgb(41, 59, 53)\">Solo debes comprometerte si quieres recibirte a cursar algunas clases en vivo. Y<\/span><span class=\"a\" data-initial-color=\"rgb(41, 59, 53)\">tener el 8<span class=\"l6\">0% de asistencia sincr\u00f3nica, es decir en clases,\u00a0especialmente\u00a0las de practicas.<\/span><\/span><\/p>\n<p>&nbsp;<\/p>\n<p><span style=\"font-size: 105%;\"><strong>Programa Constelaciones familiares hologr\u00e1ficas<\/strong><\/span><\/p>\n<p><strong>\u00a0<\/strong><\/p>\n<p><strong>M\u00f3dul<\/strong><strong>o <\/strong><strong>1<\/strong><strong>:<\/strong> <strong>I<\/strong><strong>n<\/strong><strong>t<\/strong><strong>r<\/strong><strong>o<\/strong><strong>d<\/strong><strong>u<\/strong><strong>cc<\/strong><strong>i<\/strong><strong>\u00f3<\/strong><strong>n <\/strong>a)Pensamiento Sist\u00e9mico b)Propiedades emergentes c)Efecto palanca<\/p>\n<p>d)El sistema familiar dentro del gran sistema e)Otras propiedades<\/p>\n<p><strong>M\u00f3dul<\/strong><strong>o <\/strong><strong>2<\/strong><strong>:<\/strong> <strong>C<\/strong><strong>o<\/strong><strong>n<\/strong><strong>s<\/strong><strong>t<\/strong><strong>e<\/strong><strong>la<\/strong><strong>c<\/strong><strong>i<\/strong><strong>o<\/strong><strong>n<\/strong><strong>e<\/strong><strong>s<\/strong> <strong>f<\/strong><strong>a<\/strong><strong>m<\/strong><strong>i<\/strong><strong>l<\/strong><strong>i<\/strong><strong>a<\/strong><strong>r<\/strong><strong>e<\/strong><strong>s<\/strong> <strong>H<\/strong><strong>o<\/strong><strong>l<\/strong><strong>o<\/strong><strong>g<\/strong><strong>r<\/strong><strong>\u00e1<\/strong><strong>f<\/strong><strong>i<\/strong><strong>c<\/strong><strong>a<\/strong><strong>s<\/strong><\/p>\n<p>a)Porqu\u00e9 familiares b)Porqu\u00e9 Hologr\u00e1ficas c)Definiendo Las CFH d)Porqu\u00e9 cu\u00e1nticas e)Porqu\u00e9 fenomenol\u00f3gicas<\/p>\n<p>f)Evoluci\u00f3n: Virginia Satir, Thea Schoenfelder, Ruth \u00a0McClendon y Les Kadis, Bert Hellinger, Peter Bourquin, Franz \u00a0Ruppert.<\/p>\n<p>g)Qu\u00e9 es y qu\u00e9 no es CFH?<\/p>\n<p><strong>M\u00f3dul<\/strong><strong>o <\/strong><strong>3<\/strong><strong>:<\/strong> <strong>V<\/strong><strong>\u00ed<\/strong><strong>n<\/strong><strong>c<\/strong><strong>u<\/strong><strong>l\u00e1<\/strong><strong>n<\/strong><strong>d<\/strong><strong>o<\/strong><strong>n<\/strong><strong>o<\/strong><strong>s<\/strong><\/p>\n<p>a)V\u00ednculos y relaciones. Fuerzas vinculantes b)Lealtades invisibles. Horizontales y Verticales c)Las 3 Conciencias<\/p>\n<p>d)Amor ciego e)Roles en las CFH<\/p>\n<p>f)Centro vac\u00edo. Percepci\u00f3n sist\u00e9mica. El campo g)Implicancias. Qu\u00e9 son?<\/p>\n<p><strong>M\u00f3dul<\/strong><strong>o <\/strong><strong>4<\/strong><strong>:<\/strong> <strong>An\u00e1lisi<\/strong><strong>s <\/strong><strong>T<\/strong><strong>r<\/strong><strong>a<\/strong><strong>n<\/strong><strong>s<\/strong><strong>a<\/strong><strong>cc<\/strong><strong>i<\/strong><strong>o<\/strong><strong>n<\/strong><strong>a<\/strong><strong>l<\/strong><\/p>\n<p>a)Los estados del yo b)La transacci\u00f3n c)Caricias y descuentos<\/p>\n<p>d)Gui\u00f3n de vida y emociones<\/p>\n<p>e)Los juegos psicol\u00f3gicos o de manipulaci\u00f3n f)La posici\u00f3n existencial<\/p>\n<p><strong>M\u00f3dul<\/strong><strong>o <\/strong><strong>5<\/strong><strong>:<\/strong> <strong>L<\/strong><strong>o<\/strong><strong>s<\/strong> <strong>\u00f3<\/strong><strong>r<\/strong><strong>d<\/strong><strong>e<\/strong><strong>n<\/strong><strong>e<\/strong><strong>s<\/strong><strong> de<\/strong><strong>l <\/strong><strong>a<\/strong><strong>m<\/strong><strong>o<\/strong><strong>r<\/strong><\/p>\n<p>a)Pertenencia b)Jerarqu\u00eda<\/p>\n<p>c)Dar y tomar. Condiciones de la ayuda<\/p>\n<p>d)El sendero del medio para vivir nuestra nueva conciencia. T\u00e9cnica trial.<\/p>\n<p><strong>M\u00f3dul<\/strong><strong>o <\/strong><strong>6<\/strong><strong>:<\/strong> <strong>V\u00edncul<\/strong><strong>o <\/strong><strong>C<\/strong><strong>o<\/strong><strong>n<\/strong><strong>s<\/strong><strong>t<\/strong><strong>e<\/strong><strong>la<\/strong><strong>d<\/strong><strong>o<\/strong><strong>r<\/strong> <strong>\u2013 Constelado<\/strong><\/p>\n<p>a)\u00d3rdenes de la ayuda b)Jerarqu\u00eda y condiciones<\/p>\n<p>c)Pasos a seguir en una \u00a0constelaci\u00f3n d)Lo que s\u00ed, lo que a veces, lo que nunca<\/p>\n<p><strong>M\u00f3dul<\/strong><strong>o <\/strong><strong>7<\/strong><strong>:<\/strong> <strong>Mundo<\/strong><strong>s <\/strong><strong>e<\/strong><strong>s<\/strong><strong>p<\/strong><strong>e<\/strong><strong>c<\/strong><strong>i<\/strong><strong>al<\/strong><strong>e<\/strong><strong>s<\/strong> <strong>e <\/strong><strong>i<\/strong><strong>m<\/strong><strong>pl<\/strong><strong>i<\/strong><strong>c<\/strong><strong>a<\/strong><strong>n<\/strong><strong>c<\/strong><strong>i<\/strong><strong>a<\/strong><strong>s<\/strong><\/p>\n<p>a)Mundo de los padres b)Mundo de los hijos c)Mundo de los hermanos d)Mundo de las parejas <span style=\"color: #333333; font-size: 14.4px;\">e) Mundo de los amigos y compa\u00f1eros, f)Implicancias: \u00a0Yo en tu \u00a0lugar, \u00a0yo \u00a0igual \u00a0que t\u00fa, \u00a0yo \u00a0al \u00a0contrario \u00a0que t\u00fa, \u00a0yo \u00a0por \u00a0ti, \u00a0yo \u00a0no \u00a0te supero, yo te sigo, yo te acompa\u00f1o en el sufrimiento.<\/span><\/p>\n<p>g)Expiaci\u00f3n<\/p>\n<p>h)Clases especiales: Buen amor en la pareja Claves de la abundancia Personas invisibles<\/p>\n<p>El gemelo perdido<\/p>\n<p>Trauma precoz<\/p>\n<p><strong>M\u00f3dul<\/strong><strong>o <\/strong><strong>8<\/strong><strong>:<\/strong> <strong>C<\/strong><strong>o<\/strong><strong>n<\/strong><strong>s<\/strong><strong>t<\/strong><strong>e<\/strong><strong>la<\/strong><strong>c<\/strong><strong>i<\/strong><strong>o<\/strong><strong>n<\/strong><strong>e<\/strong><strong>s<\/strong> <strong>f<\/strong><strong>a<\/strong><strong>m<\/strong><strong>i<\/strong><strong>l<\/strong><strong>i<\/strong><strong>a<\/strong><strong>r<\/strong><strong>e<\/strong><strong>s<\/strong> <strong>h<\/strong><strong>o<\/strong><strong>l<\/strong><strong>o<\/strong><strong>g<\/strong><strong>r<\/strong><strong>\u00e1<\/strong><strong>f<\/strong><strong>i<\/strong><strong>c<\/strong><strong>a<\/strong><strong>s<\/strong><strong>:<\/strong> <strong>E<\/strong><strong>l m\u00e9todo<\/strong><\/p>\n<p>a)Imagen inicial b)Intervenciones c)Imagen final<\/p>\n<ol>\n<li>d) Lectura de gestos, posturas y espacios..<\/li>\n<\/ol>\n<p><strong>M\u00f3dul<\/strong><strong>o <\/strong><strong>9<\/strong><strong>:<\/strong> <strong>L<\/strong><strong>o<\/strong><strong>s<\/strong><strong> malo<\/strong><strong>s <\/strong><strong>y los buenos de las historias<\/strong><\/p>\n<p>a)V\u00edctimas y perpetradores b)El trauma<\/p>\n<p>c)El indefenso y el sobreviviente d)Traumas sociales<\/p>\n<p><strong>M\u00f3dul<\/strong><strong>o <\/strong><strong>1<\/strong><strong>0<\/strong><strong>:<\/strong> <strong>C<\/strong><strong>o<\/strong><strong>n<\/strong><strong>s<\/strong><strong>t<\/strong><strong>e<\/strong><strong>la<\/strong><strong>c<\/strong><strong>i<\/strong><strong>o<\/strong><strong>n<\/strong><strong>e<\/strong><strong>s<\/strong> <strong>p<\/strong><strong>r<\/strong><strong>o<\/strong><strong>t<\/strong><strong>o<\/strong><strong>t<\/strong><strong>\u00ed<\/strong><strong>p<\/strong><strong>i<\/strong><strong>c<\/strong><strong>a<\/strong><strong>s<\/strong><\/p>\n<p>a)Constelaci\u00f3n del Trauma b)Constelaci\u00f3n \u00a0del Yo cu\u00e1ntico c)Constelaci\u00f3n cu\u00e1ntica m\u00faltiple<\/p>\n<p>d)Constelaci\u00f3n del problema, del Tetralema, del Cuadrante de valores, del Milagro e)Constelaci\u00f3n de la enfermedad. Claves sist\u00e9micas para la salud<\/p>\n<p>f)Constelaci\u00f3n Ak\u00e1shica g)Constelaci\u00f3n metaf\u00edsica<\/p>\n<p>h)Constelaciones imaginativas teniendo en cuenta la t\u00e9cnica EMDR<\/p>\n<p>i)Constelaci\u00f3n del h\u00e9roe j)Constelaciones metaf\u00f3ricas k)Constelaciones regresivas<\/p>\n<p>l)Constelaciones de las voces internas: los personajes internos.<\/p>\n<p>&nbsp;<\/p>\n","protected":false},"excerpt":{"rendered":"<p>Las Constelaciones familiares son un m\u00e9todo sist\u00e9mico, cu\u00e1ntico, yfenomenol\u00f3gico,\u00a0de\u00a0b\u00fasqueda,\u00a0ordenamiento y\u00a0reconciliaci\u00f3n\u00a0de\u00a0la\u00a0historiafamiliar solo en aquellos casos que nos afecta.Es decir no constelamos el \u00e1rbol geneal\u00f3gico ni a nuestros ancestros.Constelamos un problema nuestro no resuelto hoy. Se parte de m\u00ed, de miproblema y del presente.Luego vemos de ordenar el v\u00ednculo con quienes nos trajeron a la vida, susreemplazos [&#8230;]\n","protected":false},"featured_media":33813,"template":"","meta":{"_monsterinsights_skip_tracking":false,"_monsterinsights_sitenote_active":false,"_monsterinsights_sitenote_note":"","_monsterinsights_sitenote_category":0,"jetpack_post_was_ever_published":false,"jetpack_publicize_message":"","jetpack_publicize_feature_enabled":true,"jetpack_social_post_already_shared":true,"jetpack_social_options":{"image_generator_settings":{"template":"highway","default_image_id":0,"font":"","enabled":false},"version":2}},"product_brand":[],"product_cat":[32],"product_tag":[263,142,260,211,254,119,251,215,257,249,243,230,182,226,253,236,229,143,228,232,258,234,262,239,220,265,219,225,240,238,140,242,235,244,266,267,248,210,245,212,250,227,255,264,252,217,216,233,261,73,237,231,247,221,246,222,223,224,259,241,256,218,213,214,53],"class_list":{"0":"post-33809","1":"product","2":"type-product","3":"status-publish","4":"has-post-thumbnail","6":"product_cat-sanacion","7":"product_tag-animales","8":"product_tag-avanzado","9":"product_tag-biden","10":"product_tag-billetes","11":"product_tag-bitcoin","12":"product_tag-carrera","13":"product_tag-china","14":"product_tag-christopher-olivarrieta","15":"product_tag-cine","16":"product_tag-coranavirus","17":"product_tag-cultura","18":"product_tag-cursos","19":"product_tag-dinero","20":"product_tag-dios","21":"product_tag-dolar","22":"product_tag-enric-corbera","23":"product_tag-ensenanza-en-casa","24":"product_tag-entidades","25":"product_tag-escuela","26":"product_tag-especialidad","27":"product_tag-estrenos","28":"product_tag-estudios","29":"product_tag-facebook","30":"product_tag-famosos","31":"product_tag-free","32":"product_tag-gatos","33":"product_tag-gratis","34":"product_tag-guerra","35":"product_tag-humor","36":"product_tag-internet","37":"product_tag-jose-palomo","38":"product_tag-juegos","39":"product_tag-lavin","40":"product_tag-manga","41":"product_tag-mercado-libre","42":"product_tag-mercado-pago","43":"product_tag-meteorologia","44":"product_tag-moneda","45":"product_tag-musica","46":"product_tag-nuevo","47":"product_tag-omnicron","48":"product_tag-oracion","49":"product_tag-peliculas","50":"product_tag-perros","51":"product_tag-peso","52":"product_tag-porn","53":"product_tag-porno","54":"product_tag-profesional","55":"product_tag-putin","56":"product_tag-salud","57":"product_tag-sexo","58":"product_tag-talleres","59":"product_tag-television","60":"product_tag-terapias","61":"product_tag-trabajo","62":"product_tag-ucrania","63":"product_tag-ukrania","64":"product_tag-usa","65":"product_tag-vacuna","66":"product_tag-viajes","67":"product_tag-videos","68":"product_tag-xxx","69":"product_tag-youtube","70":"product_tag-youtube-yuen-guadalajara","71":"product_tag-yuen","73":"first","74":"instock","75":"downloadable","76":"virtual","77":"purchasable","78":"product-type-simple"},"jetpack_publicize_connections":[],"jetpack-related-posts":[{"id":33785,"url":"https:\/\/multiofertasvip.com\/?product=constelaciones-cuanticas-nivel-1-mundo-pranico","url_meta":{"origin":33809,"position":0},"title":"Constelaciones Cu\u00e1nticas Nivel 1 Mundo Pr\u00e1nico","author":"multiofertasvip","date":"abril 15, 2025","format":false,"excerpt":"\u00bfQuieres aprender esta t\u00e9cnica de Sanaci\u00f3n sencilla y eficaz en la que se puede abordar cualquier \u00e1rea de la vida de tus clientes o de la tuya propia? \u00bfTe gustar\u00eda aprender a ser facilitador de las Constelaciones Cu\u00e1nticas? Entonces este Curso de Constelaciones Cu\u00e1nticas Nivel 1 es para ti. En\u2026","rel":"","context":"Entrada similar","block_context":{"text":"Entrada similar","link":""},"img":{"alt_text":"Familia Pr\u00e1nica","src":"https:\/\/i0.wp.com\/www.constelacionescuanticas.com\/wp-content\/uploads\/2021\/10\/FAMILIA-PRA%CC%81NICA_LOW-824x1024.webp?resize=350%2C200&ssl=1","width":350,"height":200,"srcset":"https:\/\/i0.wp.com\/www.constelacionescuanticas.com\/wp-content\/uploads\/2021\/10\/FAMILIA-PRA%CC%81NICA_LOW-824x1024.webp?resize=350%2C200&ssl=1 1x, https:\/\/i0.wp.com\/www.constelacionescuanticas.com\/wp-content\/uploads\/2021\/10\/FAMILIA-PRA%CC%81NICA_LOW-824x1024.webp?resize=525%2C300&ssl=1 1.5x, https:\/\/i0.wp.com\/www.constelacionescuanticas.com\/wp-content\/uploads\/2021\/10\/FAMILIA-PRA%CC%81NICA_LOW-824x1024.webp?resize=700%2C400&ssl=1 2x"},"classes":[]},{"id":30475,"url":"https:\/\/multiofertasvip.com\/?product=constelaciones-familiares-individuales%f0%9f%91%a8%f0%9f%91%a9%f0%9f%91%a7%f0%9f%91%a6con-cecilia-imbastari","url_meta":{"origin":33809,"position":1},"title":"Constelaciones familiares INDIVIDUALES\ud83d\udc68\u200d\ud83d\udc69\u200d\ud83d\udc67\u200d\ud83d\udc66Con Cecilia Imbastari","author":"multiofertasvip","date":"octubre 7, 2022","format":false,"excerpt":"\u00a0 \u00a0 \u00a0 \u00a0","rel":"","context":"Entrada similar","block_context":{"text":"Entrada similar","link":""},"img":{"alt_text":"","src":"https:\/\/i0.wp.com\/multiofertasvip.com\/wp-content\/uploads\/2022\/10\/constelaciones.jpg?fit=526%2C526&ssl=1&resize=350%2C200","width":350,"height":200,"srcset":"https:\/\/i0.wp.com\/multiofertasvip.com\/wp-content\/uploads\/2022\/10\/constelaciones.jpg?fit=526%2C526&ssl=1&resize=350%2C200 1x, https:\/\/i0.wp.com\/multiofertasvip.com\/wp-content\/uploads\/2022\/10\/constelaciones.jpg?fit=526%2C526&ssl=1&resize=525%2C300 1.5x"},"classes":[]},{"id":31080,"url":"https:\/\/multiofertasvip.com\/?product=cambiar-de-pais-constelaciones-familiares-inconsfa","url_meta":{"origin":33809,"position":2},"title":"Cambiar de pa\u00eds (Constelaciones Familiares) INCONSFA","author":"multiofertasvip","date":"diciembre 11, 2023","format":false,"excerpt":"Informaci\u00f3n sobre el curso Seminario v\u00e1lido para la formaci\u00f3n a Especialista en Nuevas Constelaciones Familiares. Seminario de 3,5 horas Din\u00e1mica del curso o taller Brigitte expondr\u00e1 la dimensi\u00f3n sist\u00e9mica del tema. Os propondr\u00e1 ejercicios para que pod\u00e1is experimentar por vosotros mismos la repercusi\u00f3n de estos conceptos en vuestras vidas. El\u2026","rel":"","context":"Entrada similar","block_context":{"text":"Entrada similar","link":""},"img":{"alt_text":"","src":"https:\/\/i0.wp.com\/multiofertasvip.com\/wp-content\/uploads\/2023\/12\/cambiar-de-pais.jpg?fit=200%2C200&ssl=1&resize=350%2C200","width":350,"height":200},"classes":[]},{"id":33815,"url":"https:\/\/multiofertasvip.com\/?product=constelaciones-familiares-todo-se-trata-de-papa-y-mama-eres-energia","url_meta":{"origin":33809,"position":3},"title":"Constelaciones Familiares, todo se trata de pap\u00e1 y mam\u00e1 -Eres Energ\u00eda","author":"multiofertasvip","date":"abril 25, 2025","format":false,"excerpt":"En este curso te ense\u00f1ar\u00e9 herramientas y claves maravillosas que nos entrega la metodolog\u00eda terap\u00e9utica Constelaciones Familiares, que te ayudar\u00e1n a sentir tu lugar en el mundo y empezar a manifestarte a trav\u00e9s de \u00e9l. Revisemos esta conexi\u00f3n. al tomar a tu madre \u2013 junto con tu padre \u2013 podr\u00e1s\u2026","rel":"","context":"Entrada similar","block_context":{"text":"Entrada similar","link":""},"img":{"alt_text":"","src":"","width":0,"height":0},"classes":[]},{"id":33790,"url":"https:\/\/multiofertasvip.com\/?product=constelaciones-cuanticas-nivel-2-mundo-pranico","url_meta":{"origin":33809,"position":4},"title":"Constelaciones Cu\u00e1nticas Nivel 2 Mundo Pr\u00e1nico","author":"multiofertasvip","date":"abril 15, 2025","format":false,"excerpt":"\u00bfQuieres profundizar y afianzar los conocimientos de la filosof\u00eda sist\u00e9mica y de las Constelaciones Cu\u00e1nticas? \u00bfNecesitas ganar seguridad con las se\u00f1ales del campo y con tu gu\u00eda interno para desarrollar las Constelaciones con confianza? Entonces Constelaciones Cu\u00e1nticas Nivel 2 es el curso ideal para ti. Un curso dise\u00f1ado para tu\u2026","rel":"","context":"Entrada similar","block_context":{"text":"Entrada similar","link":""},"img":{"alt_text":"Constelaciones Cu\u00e1nticas","src":"https:\/\/i0.wp.com\/www.constelacionescuanticas.com\/wp-content\/uploads\/2021\/07\/img_casita_constelaciones_degradado.png?resize=350%2C200&ssl=1","width":350,"height":200,"srcset":"https:\/\/i0.wp.com\/www.constelacionescuanticas.com\/wp-content\/uploads\/2021\/07\/img_casita_constelaciones_degradado.png?resize=350%2C200&ssl=1 1x, https:\/\/i0.wp.com\/www.constelacionescuanticas.com\/wp-content\/uploads\/2021\/07\/img_casita_constelaciones_degradado.png?resize=525%2C300&ssl=1 1.5x"},"classes":[]},{"id":35006,"url":"https:\/\/multiofertasvip.com\/?product=curso-constelaciones-playmobil-avanzado-todohipno-3","url_meta":{"origin":33809,"position":5},"title":"Curso Constelaciones Playmobil Avanzado-Todohipno","author":"multiofertasvip","date":"marzo 10, 2026","format":false,"excerpt":"\u00a0 \u00a0 \u00a0 \u00a0","rel":"","context":"Entrada similar","block_context":{"text":"Entrada similar","link":""},"img":{"alt_text":"","src":"https:\/\/i0.wp.com\/multiofertasvip.com\/wp-content\/uploads\/2026\/03\/constelaciones-playmobil-avanzado.png?fit=200%2C200&ssl=1&resize=350%2C200","width":350,"height":200},"classes":[]}],"jetpack_sharing_enabled":false,"jetpack_likes_enabled":false,"_links":{"self":[{"href":"https:\/\/multiofertasvip.com\/index.php?rest_route=\/wp\/v2\/product\/33809","targetHints":{"allow":["GET"]}}],"collection":[{"href":"https:\/\/multiofertasvip.com\/index.php?rest_route=\/wp\/v2\/product"}],"about":[{"href":"https:\/\/multiofertasvip.com\/index.php?rest_route=\/wp\/v2\/types\/product"}],"version-history":[{"count":2,"href":"https:\/\/multiofertasvip.com\/index.php?rest_route=\/wp\/v2\/product\/33809\/revisions"}],"predecessor-version":[{"id":33816,"href":"https:\/\/multiofertasvip.com\/index.php?rest_route=\/wp\/v2\/product\/33809\/revisions\/33816"}],"wp:featuredmedia":[{"embeddable":true,"href":"https:\/\/multiofertasvip.com\/index.php?rest_route=\/wp\/v2\/media\/33813"}],"wp:attachment":[{"href":"https:\/\/multiofertasvip.com\/index.php?rest_route=%2Fwp%2Fv2%2Fmedia&parent=33809"}],"wp:term":[{"taxonomy":"product_brand","embeddable":true,"href":"https:\/\/multiofertasvip.com\/index.php?rest_route=%2Fwp%2Fv2%2Fproduct_brand&post=33809"},{"taxonomy":"product_cat","embeddable":true,"href":"https:\/\/multiofertasvip.com\/index.php?rest_route=%2Fwp%2Fv2%2Fproduct_cat&post=33809"},{"taxonomy":"product_tag","embeddable":true,"href":"https:\/\/multiofertasvip.com\/index.php?rest_route=%2Fwp%2Fv2%2Fproduct_tag&post=33809"}],"curies":[{"name":"wp","href":"https:\/\/api.w.org\/{rel}","templated":true}]}}