{"id":33798,"date":"2025-04-15T14:42:15","date_gmt":"2025-04-15T20:12:15","guid":{"rendered":"https:\/\/multiofertasvip.com\/?post_type=product&#038;p=33798"},"modified":"2025-04-15T14:51:22","modified_gmt":"2025-04-15T20:21:22","slug":"formacion-anual-regresiones-a-vida-pasadas-escuela-internacional-de-ravp","status":"publish","type":"product","link":"https:\/\/multiofertasvip.com\/?product=formacion-anual-regresiones-a-vida-pasadas-escuela-internacional-de-ravp","title":{"rendered":"Formaci\u00f3n Anual Regresiones a Vida Pasadas Escuela Internacional de RAVP"},"content":{"rendered":"<h4><img data-recalc-dims=\"1\" decoding=\"async\" class=\"aligncenter\" src=\"https:\/\/i0.wp.com\/cursosenoferta.com\/amlsup1\/formacion%20anual%20regresiones%20a%20vidas%20pasadas%20-%20archivos.jpg?w=1020&#038;ssl=1\" alt=\"xxxx\" \/><\/h4>\n<h4><\/h4>\n<h4>\u00a0\u00bfA qui\u00e9n est\u00e1 dirigido?<\/h4>\n<h4>Esta formaci\u00f3n est\u00e1 dirigida a todo aquel que desee experimentar su propio crecimiento espiritual, tanto como si quieres convertirte en Terapeuta de Regresiones a Vidas Pasadas o como si simplemente tu intenci\u00f3n sea transitar esta experiencia y trabajar tu propia sanaci\u00f3n y crecimiento Espiritual.<\/h4>\n<h4>Con la t\u00e9cnica de Regresi\u00f3n podr\u00e1s Ayudar y Ayudarte a sanar desde lo m\u00e1s profundo del SER, desde los recuerdos del alma, sanar aquello que proviene de la Ni\u00f1ez, del vientre Materno o de una Vida Pasada.<\/h4>\n<hr \/>\n<h4><\/h4>\n<h4>\u00a0 \u00a0 \u00a0 \u00a0 \u00a0 \u00a0 \u00a0 \u00a0 \u00a0 \u00a0 \u00a0 \u00a0 \u00a0 \u00a0 \u00a0 \u00a0 \u00a0 \u00a0 \u00a0 \u00a0 \u00a0 \u00a0 \u00a0 \u00a0 \u00a0 \u00a0 \u00a0 \u00a0 \u00a0 \u00a0 \u00a0 \u00a0 \u00a0 \u00a0 \u00a0 \u00a0 \u00a0 \u00a0 \u00a0 \u00a0 \u00a0 \u00a0 \u00a0 \u00a0 \u00a0 \u00a0 \u00a0 \u00a0 \u00a0 \u00a0 \u00a0 \u00a0 \u00a0 \u00a0 \u00a0 \u00a0 \u00a0 \u00a0 \u00a0 \u00a0 \u00a0 \u00a0 \u00a0 \u00a0 \u00a0 Temario<\/h4>\n<h4>*M\u00f3dulo 1<\/h4>\n<h4>-Presentaci\u00f3n e introducci\u00f3n de la Formaci\u00f3n de Regresiones<\/h4>\n<h4>-Fragmentaci\u00f3n y recuperaci\u00f3n del alma<\/h4>\n<h4>-El rol del terapeuta<\/h4>\n<h4>-El Karma<\/h4>\n<h4>-Protecciones<\/h4>\n<h4>*M\u00f3dulo 2<\/h4>\n<h4>-Hipnosis Cl\u00ednica<\/h4>\n<h4>-Modulaci\u00f3n y tiempos para realizar una Hipnosis<\/h4>\n<h4>-Preparado de SCRIPT<\/h4>\n<h4>*M\u00f3dulo 3<\/h4>\n<h4>-Entrevista con el Consultante<\/h4>\n<h4>-Relajaci\u00f3n<\/h4>\n<h4>-T\u00e9cnica B\u00e1sica de Regresi\u00f3n<\/h4>\n<h4>-T\u00e9cnica de Armonizaci\u00f3n<\/h4>\n<h4>*M\u00f3dulo 4<\/h4>\n<h4>-Mandatos y como cortar esos lazos<\/h4>\n<h4>-Pactos, y como liberarlo<\/h4>\n<h4>-Acuerdos y consentimientos<\/h4>\n<h4>-Promesas y Juramentos<\/h4>\n<h4>*M\u00f3dulo 5<\/h4>\n<h4>-Almas Perdidas y su acompa\u00f1amiento a la luz<\/h4>\n<h4>-Almas adosadas de personas vivas<\/h4>\n<h4>*M\u00f3dulo 6<\/h4>\n<h4>-T\u00e9cnicas especificas para los m\u00e1s Mentales<\/h4>\n<h4>-La importancia del trabajo en la Muerte y Fragmentaci\u00f3n del alma<\/h4>\n<h4>*M\u00f3dulo 7<\/h4>\n<h4>-Vida en el vientre materno, en esta u en otra Vida<\/h4>\n<h4>-Trabajo del Nacimiento<\/h4>\n<h4>*M\u00f3dulo 8<\/h4>\n<h4>-SAET<\/h4>\n<h4>*M\u00f3dulo 9<\/h4>\n<h4>-Adicciones y Enfermedades<\/h4>\n<h4>*M\u00f3dulo 10<\/h4>\n<h4>-Prop\u00f3sito del Alma y a qu\u00e9 se debe que reencarnamos?<\/h4>\n","protected":false},"excerpt":{"rendered":"<p>\u00a0\u00bfA qui\u00e9n est\u00e1 dirigido? Esta formaci\u00f3n est\u00e1 dirigida a todo aquel que desee experimentar su propio crecimiento espiritual, tanto como si quieres convertirte en Terapeuta de Regresiones a Vidas Pasadas o como si simplemente tu intenci\u00f3n sea transitar esta experiencia y trabajar tu propia sanaci\u00f3n y crecimiento Espiritual. Con la t\u00e9cnica de Regresi\u00f3n podr\u00e1s Ayudar [&#8230;]\n","protected":false},"featured_media":33799,"template":"","meta":{"_monsterinsights_skip_tracking":false,"_monsterinsights_sitenote_active":false,"_monsterinsights_sitenote_note":"","_monsterinsights_sitenote_category":0,"jetpack_post_was_ever_published":false,"jetpack_publicize_message":"","jetpack_publicize_feature_enabled":true,"jetpack_social_post_already_shared":true,"jetpack_social_options":{"image_generator_settings":{"template":"highway","default_image_id":0,"font":"","enabled":false},"version":2}},"product_brand":[],"product_cat":[32],"product_tag":[263,142,260,211,254,119,251,215,257,249,243,230,182,226,253,236,229,143,228,232,258,234,262,239,220,265,219,225,240,238,140,242,235,244,266,267,248,210,245,212,250,227,255,264,252,217,216,233,261,73,237,231,247,221,246,222,223,224,259,241,256,218,213,214,53],"class_list":{"0":"post-33798","1":"product","2":"type-product","3":"status-publish","4":"has-post-thumbnail","6":"product_cat-sanacion","7":"product_tag-animales","8":"product_tag-avanzado","9":"product_tag-biden","10":"product_tag-billetes","11":"product_tag-bitcoin","12":"product_tag-carrera","13":"product_tag-china","14":"product_tag-christopher-olivarrieta","15":"product_tag-cine","16":"product_tag-coranavirus","17":"product_tag-cultura","18":"product_tag-cursos","19":"product_tag-dinero","20":"product_tag-dios","21":"product_tag-dolar","22":"product_tag-enric-corbera","23":"product_tag-ensenanza-en-casa","24":"product_tag-entidades","25":"product_tag-escuela","26":"product_tag-especialidad","27":"product_tag-estrenos","28":"product_tag-estudios","29":"product_tag-facebook","30":"product_tag-famosos","31":"product_tag-free","32":"product_tag-gatos","33":"product_tag-gratis","34":"product_tag-guerra","35":"product_tag-humor","36":"product_tag-internet","37":"product_tag-jose-palomo","38":"product_tag-juegos","39":"product_tag-lavin","40":"product_tag-manga","41":"product_tag-mercado-libre","42":"product_tag-mercado-pago","43":"product_tag-meteorologia","44":"product_tag-moneda","45":"product_tag-musica","46":"product_tag-nuevo","47":"product_tag-omnicron","48":"product_tag-oracion","49":"product_tag-peliculas","50":"product_tag-perros","51":"product_tag-peso","52":"product_tag-porn","53":"product_tag-porno","54":"product_tag-profesional","55":"product_tag-putin","56":"product_tag-salud","57":"product_tag-sexo","58":"product_tag-talleres","59":"product_tag-television","60":"product_tag-terapias","61":"product_tag-trabajo","62":"product_tag-ucrania","63":"product_tag-ukrania","64":"product_tag-usa","65":"product_tag-vacuna","66":"product_tag-viajes","67":"product_tag-videos","68":"product_tag-xxx","69":"product_tag-youtube","70":"product_tag-youtube-yuen-guadalajara","71":"product_tag-yuen","73":"first","74":"instock","75":"downloadable","76":"virtual","77":"purchasable","78":"product-type-simple"},"jetpack_publicize_connections":[],"jetpack-related-posts":[{"id":35030,"url":"https:\/\/multiofertasvip.com\/?product=curso-hipnosis-regresiva-espiritual-todohipno-3","url_meta":{"origin":33798,"position":0},"title":"Curso Hipnosis Regresiva Espiritual-TodoHipno","author":"multiofertasvip","date":"marzo 11, 2026","format":false,"excerpt":"\u00a0 \u00a0 \u00a0 \u00a0","rel":"","context":"Entrada similar","block_context":{"text":"Entrada similar","link":""},"img":{"alt_text":"hipnosis regresiones","src":"https:\/\/i0.wp.com\/www.todohipno.com\/wp-content\/uploads\/2021\/03\/regresiva-espritual-1080x675.png?resize=350%2C200&ssl=1","width":350,"height":200,"srcset":"https:\/\/i0.wp.com\/www.todohipno.com\/wp-content\/uploads\/2021\/03\/regresiva-espritual-1080x675.png?resize=350%2C200&ssl=1 1x, https:\/\/i0.wp.com\/www.todohipno.com\/wp-content\/uploads\/2021\/03\/regresiva-espritual-1080x675.png?resize=525%2C300&ssl=1 1.5x, https:\/\/i0.wp.com\/www.todohipno.com\/wp-content\/uploads\/2021\/03\/regresiva-espritual-1080x675.png?resize=700%2C400&ssl=1 2x"},"classes":[]},{"id":35085,"url":"https:\/\/multiofertasvip.com\/?product=diplomado-en-registros-akashicos-de-lector-a-maestro-tienditadelalma","url_meta":{"origin":33798,"position":1},"title":"Diplomado en Registros Ak\u00e1shicos (de Lector a Maestro)-Tienditadelalma","author":"multiofertasvip","date":"marzo 15, 2026","format":false,"excerpt":"\u00a0 \u00a0 \u00a0 \u00a0","rel":"","context":"Entrada similar","block_context":{"text":"Entrada similar","link":""},"img":{"alt_text":"","src":"https:\/\/i0.wp.com\/multiofertasvip.com\/wp-content\/uploads\/2026\/03\/registros-akashicos-1-y-2.jpg?fit=200%2C200&ssl=1&resize=350%2C200","width":350,"height":200},"classes":[]},{"id":34189,"url":"https:\/\/multiofertasvip.com\/?product=curso-online-hipnosis-regresiva-silvia-carbonell","url_meta":{"origin":33798,"position":2},"title":"Curso Online Hipnosis Regresiva Silvia Carbonell","author":"multiofertasvip","date":"agosto 19, 2025","format":false,"excerpt":"La terapia de hipnosis regresiva es una de las t\u00e9cnicas m\u00e1s efectivas para solucionar conflictos que parecen no tener soluci\u00f3n con otras t\u00e9cnicas de terapia. Durante la sesi\u00f3n, el cliente alcanza un estado de relajaci\u00f3n, desde donde accedemos directamente al subconsciente. Recuerda, imagina o recupera, informacion emocional de momentos pasados.\u2026","rel":"","context":"Entrada similar","block_context":{"text":"Entrada similar","link":""},"img":{"alt_text":"","src":"https:\/\/i0.wp.com\/multiofertasvip.com\/wp-content\/uploads\/2025\/08\/regresiva.jpg?fit=200%2C200&ssl=1&resize=350%2C200","width":350,"height":200},"classes":[]},{"id":34131,"url":"https:\/\/multiofertasvip.com\/?product=curso-de-soul-communication-2-diana-arbol","url_meta":{"origin":33798,"position":3},"title":"Curso de Soul Communication 2-Diana Arbol","author":"multiofertasvip","date":"agosto 7, 2025","format":false,"excerpt":"Despu\u00e9s de haber integrado las 9 t\u00e9cnicas de acceso al Registro Ak\u00e1shico, aprender\u00e1s a acompa\u00f1ar a otros hacia el descubrimiento de su Ikigai, del descubrimiento del sentido de lo ocurrido en su vida, de sus relaciones, de los aprendizajes que a\u00fan necesita hacer, as\u00ed como del Origen y Prop\u00f3sito de\u2026","rel":"","context":"Entrada similar","block_context":{"text":"Entrada similar","link":""},"img":{"alt_text":"","src":"https:\/\/i0.wp.com\/multiofertasvip.com\/wp-content\/uploads\/2025\/08\/Ikigai2.png?fit=200%2C200&ssl=1&resize=350%2C200","width":350,"height":200},"classes":[]},{"id":35014,"url":"https:\/\/multiofertasvip.com\/?product=curso-hipnosis-tabaco-banda-gastrica-todohipno-2","url_meta":{"origin":33798,"position":4},"title":"Curso Hipnosis Tabaco-Banda G\u00e1strica-TodoHipno","author":"multiofertasvip","date":"marzo 10, 2026","format":false,"excerpt":"\u00a0 \u00a0 \u00a0 \u00a0","rel":"","context":"Entrada similar","block_context":{"text":"Entrada similar","link":""},"img":{"alt_text":"Hipnosis tabaco y banda gastrica","src":"https:\/\/i0.wp.com\/www.todohipno.com\/wp-content\/uploads\/2021\/03\/TABAQUISMO-1080x675.png?resize=350%2C200&ssl=1","width":350,"height":200,"srcset":"https:\/\/i0.wp.com\/www.todohipno.com\/wp-content\/uploads\/2021\/03\/TABAQUISMO-1080x675.png?resize=350%2C200&ssl=1 1x, https:\/\/i0.wp.com\/www.todohipno.com\/wp-content\/uploads\/2021\/03\/TABAQUISMO-1080x675.png?resize=525%2C300&ssl=1 1.5x, https:\/\/i0.wp.com\/www.todohipno.com\/wp-content\/uploads\/2021\/03\/TABAQUISMO-1080x675.png?resize=700%2C400&ssl=1 2x"},"classes":[]},{"id":34818,"url":"https:\/\/multiofertasvip.com\/?product=formacion-integral-de-tarot-egipcio-los-78-arcanos-guillermo-bergandi","url_meta":{"origin":33798,"position":5},"title":"Formaci\u00f3n Integral de Tarot Egipcio Los 78 Arcanos- Guillermo Bergandi","author":"multiofertasvip","date":"febrero 18, 2026","format":false,"excerpt":"La Formaci\u00f3n Integral de Tarot Egipcio es un viaje profundo hacia el autoconocimiento, la sabidur\u00eda ancestral y la toma de decisiones conscientes. A trav\u00e9s de este curso pr\u00e1ctico y accesible, aprender\u00e1s a interpretar los 78 Arcanos del Tarot Egipcio de manera clara, simb\u00f3lica y aplicable a la vida cotidiana, incluso\u2026","rel":"","context":"Entrada similar","block_context":{"text":"Entrada similar","link":""},"img":{"alt_text":"","src":"https:\/\/i0.wp.com\/multiofertasvip.com\/wp-content\/uploads\/2026\/02\/TarotEgipcio.png?fit=200%2C200&ssl=1&resize=350%2C200","width":350,"height":200},"classes":[]}],"jetpack_sharing_enabled":false,"jetpack_likes_enabled":false,"_links":{"self":[{"href":"https:\/\/multiofertasvip.com\/index.php?rest_route=\/wp\/v2\/product\/33798","targetHints":{"allow":["GET"]}}],"collection":[{"href":"https:\/\/multiofertasvip.com\/index.php?rest_route=\/wp\/v2\/product"}],"about":[{"href":"https:\/\/multiofertasvip.com\/index.php?rest_route=\/wp\/v2\/types\/product"}],"version-history":[{"count":1,"href":"https:\/\/multiofertasvip.com\/index.php?rest_route=\/wp\/v2\/product\/33798\/revisions"}],"predecessor-version":[{"id":33801,"href":"https:\/\/multiofertasvip.com\/index.php?rest_route=\/wp\/v2\/product\/33798\/revisions\/33801"}],"wp:featuredmedia":[{"embeddable":true,"href":"https:\/\/multiofertasvip.com\/index.php?rest_route=\/wp\/v2\/media\/33799"}],"wp:attachment":[{"href":"https:\/\/multiofertasvip.com\/index.php?rest_route=%2Fwp%2Fv2%2Fmedia&parent=33798"}],"wp:term":[{"taxonomy":"product_brand","embeddable":true,"href":"https:\/\/multiofertasvip.com\/index.php?rest_route=%2Fwp%2Fv2%2Fproduct_brand&post=33798"},{"taxonomy":"product_cat","embeddable":true,"href":"https:\/\/multiofertasvip.com\/index.php?rest_route=%2Fwp%2Fv2%2Fproduct_cat&post=33798"},{"taxonomy":"product_tag","embeddable":true,"href":"https:\/\/multiofertasvip.com\/index.php?rest_route=%2Fwp%2Fv2%2Fproduct_tag&post=33798"}],"curies":[{"name":"wp","href":"https:\/\/api.w.org\/{rel}","templated":true}]}}