{"id":33790,"date":"2025-04-15T13:36:25","date_gmt":"2025-04-15T19:06:25","guid":{"rendered":"https:\/\/multiofertasvip.com\/?post_type=product&#038;p=33790"},"modified":"2025-04-15T13:43:55","modified_gmt":"2025-04-15T19:13:55","slug":"constelaciones-cuanticas-nivel-2-mundo-pranico","status":"publish","type":"product","link":"https:\/\/multiofertasvip.com\/?product=constelaciones-cuanticas-nivel-2-mundo-pranico","title":{"rendered":"Constelaciones Cu\u00e1nticas Nivel 2 Mundo Pr\u00e1nico"},"content":{"rendered":"<p><img data-recalc-dims=\"1\" decoding=\"async\" class=\"aligncenter\" src=\"https:\/\/i0.wp.com\/cursosenoferta.com\/amlsup1\/constelaciones%20cuanticas%20nivel%202%20mundo%20pranico%20-%20archivos.jpg?w=1020&#038;ssl=1\" alt=\"xxxxx\" \/><\/p>\n<div class=\"elementor-element elementor-element-06b1e63 elementor-widget elementor-widget-heading\" data-id=\"06b1e63\" data-element_type=\"widget\" data-widget_type=\"heading.default\">\n<div class=\"elementor-widget-container\">\n<p class=\"elementor-heading-title elementor-size-default\">\u00bfQuieres profundizar y afianzar los conocimientos de la filosof\u00eda sist\u00e9mica y de las Constelaciones Cu\u00e1nticas?<\/p>\n<p>\u00bfNecesitas ganar seguridad con las se\u00f1ales del campo y con tu gu\u00eda interno para desarrollar las Constelaciones con confianza?<\/p>\n<\/div>\n<\/div>\n<div class=\"elementor-element elementor-element-d99da3c elementor-widget elementor-widget-heading\" data-id=\"d99da3c\" data-element_type=\"widget\" data-widget_type=\"heading.default\">\n<div class=\"elementor-widget-container\">\n<p class=\"elementor-heading-title elementor-size-default\"><b>Entonces Constelaciones Cu\u00e1nticas Nivel 2 es el curso ideal para ti.<br \/>\n<\/b><br \/>\nUn curso dise\u00f1ado para tu desarrollo como facilitador de las Constelaciones Cu\u00e1nticas. Aprende la influencia del sistema familiar en la configuraci\u00f3n de tu vida actual. Sana el pasado y libera las cargas ancestrales, toma tu poder y vive tu vida.<\/p>\n<\/div>\n<\/div>\n<div class=\"elementor-element elementor-element-38dc65c elementor-widget-divider--view-line_icon elementor-view-default elementor-widget-divider--element-align-center elementor-widget elementor-widget-divider\" data-id=\"38dc65c\" data-element_type=\"widget\" data-widget_type=\"divider.default\">\n<div class=\"elementor-widget-container\">\n<div class=\"elementor-divider\">\n<div class=\"elementor-icon elementor-divider__element\"><\/div>\n<\/div>\n<\/div>\n<\/div>\n<section class=\"elementor-section elementor-inner-section elementor-element elementor-element-35ebc9a elementor-section-boxed elementor-section-height-default elementor-section-height-default\" data-id=\"35ebc9a\" data-element_type=\"section\">\n<div class=\"elementor-container elementor-column-gap-default\">\n<div class=\"elementor-column elementor-col-50 elementor-inner-column elementor-element elementor-element-61d0dd5\" data-id=\"61d0dd5\" data-element_type=\"column\">\n<div class=\"elementor-widget-wrap elementor-element-populated\">\n<div class=\"elementor-element elementor-element-3200247 elementor-widget elementor-widget-heading\" data-id=\"3200247\" data-element_type=\"widget\" data-widget_type=\"heading.default\">\n<div class=\"elementor-widget-container\">\n<h2 class=\"elementor-heading-title elementor-size-default\">Qu\u00e9 conseguir\u00e1s con este curso&#8230;<\/h2>\n<\/div>\n<\/div>\n<div class=\"elementor-element elementor-element-8d1d3fb elementor-widget elementor-widget-heading\" data-id=\"8d1d3fb\" data-element_type=\"widget\" data-widget_type=\"heading.default\">\n<div class=\"elementor-widget-container\">\n<h2 class=\"elementor-heading-title elementor-size-default\">Realiza un an\u00e1lisis detallado de tu relaci\u00f3n con los clientes. Afianza mayor seguridad en las Cosntelaciones que diriges.<\/h2>\n<\/div>\n<\/div>\n<div class=\"elementor-element elementor-element-22d4473 elementor-icon-list--layout-traditional elementor-list-item-link-full_width elementor-widget elementor-widget-icon-list\" data-id=\"22d4473\" data-element_type=\"widget\" data-widget_type=\"icon-list.default\">\n<div class=\"elementor-widget-container\">\n<ul class=\"elementor-icon-list-items\">\n<li class=\"elementor-icon-list-item\"><i class=\"fas fa-check\" aria-hidden=\"true\"><\/i><span class=\"elementor-icon-list-text\">Conecta con tu adulto cu\u00e1ntico<\/span><\/li>\n<li class=\"elementor-icon-list-item\"><i class=\"fas fa-check\" aria-hidden=\"true\"><\/i><span class=\"elementor-icon-list-text\">Mayor comprensi\u00f3n de la filosof\u00eda sist\u00e9mica.<\/span><\/li>\n<li class=\"elementor-icon-list-item\"><i class=\"fas fa-check\" aria-hidden=\"true\"><\/i><span class=\"elementor-icon-list-text\">Desarrolla el amor mayor. Amor a la vida.<\/span><\/li>\n<li class=\"elementor-icon-list-item\"><i class=\"fas fa-check\" aria-hidden=\"true\"><\/i><span class=\"elementor-icon-list-text\">Descubre tu relaci\u00f3n con los Sistemas Familiares de tus clientes.<\/span><\/li>\n<\/ul>\n<\/div>\n<\/div>\n<\/div>\n<\/div>\n<\/div>\n<\/section>\n<div class=\"elementor-element elementor-element-d97b10c elementor-widget elementor-widget-heading\" data-id=\"d97b10c\" data-element_type=\"widget\" data-widget_type=\"heading.default\">\n<div class=\"elementor-widget-container\">\n<p class=\"elementor-heading-title elementor-size-default\">&#8220;Mirar m\u00e1s all\u00e1 del cliente, permitirse conectar con lo esencial para la Constelaci\u00f3n, dejar de lado todo lo aprendido para que el gu\u00eda y la fuerza permitan manifestar el poder sanador.&#8221;<\/p>\n<\/div>\n<section class=\"elementor-section elementor-inner-section elementor-element elementor-element-89a9491 elementor-section-boxed elementor-section-height-default elementor-section-height-default\" data-id=\"89a9491\" data-element_type=\"section\">\n<div class=\"elementor-container elementor-column-gap-default\">\n<div class=\"elementor-column elementor-col-100 elementor-inner-column elementor-element elementor-element-a1c0141\" data-id=\"a1c0141\" data-element_type=\"column\">\n<div class=\"elementor-widget-wrap elementor-element-populated\">\n<div class=\"elementor-element elementor-element-7e73d1b elementor-widget elementor-widget-heading\" data-id=\"7e73d1b\" data-element_type=\"widget\" data-widget_type=\"heading.default\">\n<div class=\"elementor-widget-container\">\n<h2 class=\"elementor-heading-title elementor-size-default\">\u00bfQu\u00e9 aprender\u00e1s en el Curso Constelaciones Cu\u00e1nticas nivel 2?<\/h2>\n<\/div>\n<\/div>\n<\/div>\n<\/div>\n<\/div>\n<\/section>\n<div class=\"elementor-element elementor-element-6728976 elementor-widget elementor-widget-heading\" data-id=\"6728976\" data-element_type=\"widget\" data-widget_type=\"heading.default\">\n<div class=\"elementor-widget-container\">\n<h2 class=\"elementor-heading-title elementor-size-default\">Profundiza en el campo de Sanaci\u00f3n de las Constelaciones Cu\u00e1nticas. Comprende que son los Campos M\u00f3rficos y como nos afectan. Abordamos temas como la Purificaci\u00f3n, la conexi\u00f3n con algo m\u00e1s grande, el respeto y la gratitud.<\/h2>\n<\/div>\n<\/div>\n<section class=\"elementor-section elementor-inner-section elementor-element elementor-element-e0199a0 elementor-section-boxed elementor-section-height-default elementor-section-height-default\" data-id=\"e0199a0\" data-element_type=\"section\">\n<div class=\"elementor-container elementor-column-gap-default\">\n<div class=\"elementor-column elementor-col-100 elementor-inner-column elementor-element elementor-element-1ea2193\" data-id=\"1ea2193\" data-element_type=\"column\">\n<div class=\"elementor-widget-wrap elementor-element-populated\">\n<div class=\"elementor-element elementor-element-fa05860 elementor-widget elementor-widget-heading\" data-id=\"fa05860\" data-element_type=\"widget\" data-widget_type=\"heading.default\">\n<div class=\"elementor-widget-container\">\n<h2 class=\"elementor-heading-title elementor-size-default\">Temas que vamos a ver durante el curso&#8230;<\/h2>\n<\/div>\n<\/div>\n<div class=\"elementor-element elementor-element-00bb25c elementor-align-left elementor-icon-list--layout-traditional elementor-list-item-link-full_width elementor-widget elementor-widget-icon-list\" data-id=\"00bb25c\" data-element_type=\"widget\" data-widget_type=\"icon-list.default\">\n<div class=\"elementor-widget-container\">\n<ul class=\"elementor-icon-list-items\">\n<li class=\"elementor-icon-list-item\"><i class=\"fas fa-star\" aria-hidden=\"true\"><\/i><span class=\"elementor-icon-list-text\">Prepararse para un trabajo de Constelaciones Cu\u00e1nticas.<\/span><\/li>\n<li class=\"elementor-icon-list-item\"><i class=\"fas fa-star\" aria-hidden=\"true\"><\/i><span class=\"elementor-icon-list-text\">La mirada amplia. La inclusi\u00f3n de todos.<\/span><\/li>\n<li class=\"elementor-icon-list-item\"><i class=\"fas fa-star\" aria-hidden=\"true\"><\/i><span class=\"elementor-icon-list-text\">Trabajo de conexi\u00f3n con el Estado Adulto.<\/span><\/li>\n<li class=\"elementor-icon-list-item\"><i class=\"fas fa-star\" aria-hidden=\"true\"><\/i><span class=\"elementor-icon-list-text\">La supervisi\u00f3n mientras y despu\u00e9s de una constelaci\u00f3n.<\/span><\/li>\n<li class=\"elementor-icon-list-item\"><i class=\"fas fa-star\" aria-hidden=\"true\"><\/i><span class=\"elementor-icon-list-text\">Diferentes se\u00f1ales kineseol\u00f3gicas de la respuesta interna.<\/span><\/li>\n<li class=\"elementor-icon-list-item\"><i class=\"fas fa-star\" aria-hidden=\"true\"><\/i><span class=\"elementor-icon-list-text\">Tu relaci\u00f3n con la herramienta y como mejorarla.<\/span><\/li>\n<li class=\"elementor-icon-list-item\"><i class=\"fas fa-star\" aria-hidden=\"true\"><\/i><span class=\"elementor-icon-list-text\">Los campos m\u00f3rficos, \u00bfQu\u00e9 son y c\u00f3mo nos influyen?<\/span><\/li>\n<li class=\"elementor-icon-list-item\"><i class=\"fas fa-star\" aria-hidden=\"true\"><\/i><span class=\"elementor-icon-list-text\">Revisi\u00f3n de la Contratransferencia y el Centro.<\/span><\/li>\n<li class=\"elementor-icon-list-item\"><i class=\"fas fa-star\" aria-hidden=\"true\"><\/i><span class=\"elementor-icon-list-text\">T\u00e9cnicas de Consciencia de la Energ\u00eda Sutil para la potenciaci\u00f3n de las Constelaciones.<\/span><\/li>\n<\/ul>\n<\/div>\n<\/div>\n<\/div>\n<\/div>\n<\/div>\n<\/section>\n<section class=\"elementor-section elementor-inner-section elementor-element elementor-element-3c0069e elementor-section-boxed elementor-section-height-default elementor-section-height-default\" data-id=\"3c0069e\" data-element_type=\"section\">\n<div class=\"elementor-container elementor-column-gap-default\">\n<div class=\"elementor-column elementor-col-50 elementor-inner-column elementor-element elementor-element-edc3fcd\" data-id=\"edc3fcd\" data-element_type=\"column\">\n<div class=\"elementor-widget-wrap elementor-element-populated\">\n<div class=\"elementor-element elementor-element-275253e elementor-widget elementor-widget-image\" data-id=\"275253e\" data-element_type=\"widget\" data-settings=\"{&quot;_animation&quot;:&quot;none&quot;}\" data-widget_type=\"image.default\">\n<div class=\"elementor-widget-container\"><img data-recalc-dims=\"1\" fetchpriority=\"high\" decoding=\"async\" class=\"attachment-large size-large wp-image-45921\" src=\"https:\/\/i0.wp.com\/www.constelacionescuanticas.com\/wp-content\/uploads\/2021\/07\/img_casita_constelaciones_degradado.png?resize=600%2C656&#038;ssl=1\" sizes=\"(max-width: 600px) 100vw, 600px\" srcset=\"https:\/\/www.constelacionescuanticas.com\/wp-content\/uploads\/2021\/07\/img_casita_constelaciones_degradado.png 600w, https:\/\/www.constelacionescuanticas.com\/wp-content\/uploads\/2021\/07\/img_casita_constelaciones_degradado-274x300.png 274w\" alt=\"Constelaciones Cu\u00e1nticas\" width=\"600\" height=\"656\" \/><\/div>\n<\/div>\n<\/div>\n<\/div>\n<div class=\"elementor-column elementor-col-50 elementor-inner-column elementor-element elementor-element-f81f8e6\" data-id=\"f81f8e6\" data-element_type=\"column\">\n<div class=\"elementor-widget-wrap elementor-element-populated\">\n<div class=\"elementor-element elementor-element-217dadf elementor-widget elementor-widget-heading\" data-id=\"217dadf\" data-element_type=\"widget\" data-widget_type=\"heading.default\">\n<div class=\"elementor-widget-container\">\n<p class=\"elementor-heading-title elementor-size-default\">Observa tu capacidad como facilitador de las\u00a0<span style=\"color: 44b7c5; font-family: Lora;\"><b><i>Constelaciones Cu\u00e1nticas\u00a0<\/i><\/b><\/span><b><i><\/i><\/b>y aumenta tu poder de Sanaci\u00f3n como facilitador de las constelaciones.<\/p>\n<p>Conoce las claves para vivir los \u00f3rdenes del amor y porder desarrollar\u00a0<span style=\"color: 44b7c5; font-family: Lora;\"><b><i>una Vida al Servicio del amor,\u00a0<\/i><\/b><\/span>al servicio de tu destino y al servicio de la humanidad.<\/p>\n<p>Desarrollate como terapeuta de las Constelaciones Cu\u00e1nticas.<\/p>\n<\/div>\n<\/div>\n<\/div>\n<\/div>\n<\/div>\n<\/section>\n<\/div>\n","protected":false},"excerpt":{"rendered":"<p>\u00bfQuieres profundizar y afianzar los conocimientos de la filosof\u00eda sist\u00e9mica y de las Constelaciones Cu\u00e1nticas? \u00bfNecesitas ganar seguridad con las se\u00f1ales del campo y con tu gu\u00eda interno para desarrollar las Constelaciones con confianza? Entonces Constelaciones Cu\u00e1nticas Nivel 2 es el curso ideal para ti. Un curso dise\u00f1ado para tu desarrollo como facilitador de las [&#8230;]\n","protected":false},"featured_media":33793,"template":"","meta":{"_monsterinsights_skip_tracking":false,"_monsterinsights_sitenote_active":false,"_monsterinsights_sitenote_note":"","_monsterinsights_sitenote_category":0,"jetpack_post_was_ever_published":false,"jetpack_publicize_message":"","jetpack_publicize_feature_enabled":true,"jetpack_social_post_already_shared":true,"jetpack_social_options":{"image_generator_settings":{"template":"highway","default_image_id":0,"font":"","enabled":false},"version":2}},"product_brand":[],"product_cat":[32],"product_tag":[263,142,260,211,254,119,251,215,257,249,243,230,182,226,253,236,229,143,228,232,258,234,262,239,220,265,219,225,240,238,140,242,235,244,266,267,248,210,245,212,250,227,255,264,252,217,216,233,261,73,237,231,247,221,246,222,223,224,259,241,256,218,213,214,53],"class_list":{"0":"post-33790","1":"product","2":"type-product","3":"status-publish","4":"has-post-thumbnail","6":"product_cat-sanacion","7":"product_tag-animales","8":"product_tag-avanzado","9":"product_tag-biden","10":"product_tag-billetes","11":"product_tag-bitcoin","12":"product_tag-carrera","13":"product_tag-china","14":"product_tag-christopher-olivarrieta","15":"product_tag-cine","16":"product_tag-coranavirus","17":"product_tag-cultura","18":"product_tag-cursos","19":"product_tag-dinero","20":"product_tag-dios","21":"product_tag-dolar","22":"product_tag-enric-corbera","23":"product_tag-ensenanza-en-casa","24":"product_tag-entidades","25":"product_tag-escuela","26":"product_tag-especialidad","27":"product_tag-estrenos","28":"product_tag-estudios","29":"product_tag-facebook","30":"product_tag-famosos","31":"product_tag-free","32":"product_tag-gatos","33":"product_tag-gratis","34":"product_tag-guerra","35":"product_tag-humor","36":"product_tag-internet","37":"product_tag-jose-palomo","38":"product_tag-juegos","39":"product_tag-lavin","40":"product_tag-manga","41":"product_tag-mercado-libre","42":"product_tag-mercado-pago","43":"product_tag-meteorologia","44":"product_tag-moneda","45":"product_tag-musica","46":"product_tag-nuevo","47":"product_tag-omnicron","48":"product_tag-oracion","49":"product_tag-peliculas","50":"product_tag-perros","51":"product_tag-peso","52":"product_tag-porn","53":"product_tag-porno","54":"product_tag-profesional","55":"product_tag-putin","56":"product_tag-salud","57":"product_tag-sexo","58":"product_tag-talleres","59":"product_tag-television","60":"product_tag-terapias","61":"product_tag-trabajo","62":"product_tag-ucrania","63":"product_tag-ukrania","64":"product_tag-usa","65":"product_tag-vacuna","66":"product_tag-viajes","67":"product_tag-videos","68":"product_tag-xxx","69":"product_tag-youtube","70":"product_tag-youtube-yuen-guadalajara","71":"product_tag-yuen","73":"first","74":"instock","75":"downloadable","76":"virtual","77":"purchasable","78":"product-type-simple"},"jetpack_publicize_connections":[],"jetpack-related-posts":[{"id":33785,"url":"https:\/\/multiofertasvip.com\/?product=constelaciones-cuanticas-nivel-1-mundo-pranico","url_meta":{"origin":33790,"position":0},"title":"Constelaciones Cu\u00e1nticas Nivel 1 Mundo Pr\u00e1nico","author":"multiofertasvip","date":"abril 15, 2025","format":false,"excerpt":"\u00bfQuieres aprender esta t\u00e9cnica de Sanaci\u00f3n sencilla y eficaz en la que se puede abordar cualquier \u00e1rea de la vida de tus clientes o de la tuya propia? \u00bfTe gustar\u00eda aprender a ser facilitador de las Constelaciones Cu\u00e1nticas? Entonces este Curso de Constelaciones Cu\u00e1nticas Nivel 1 es para ti. En\u2026","rel":"","context":"Entrada similar","block_context":{"text":"Entrada similar","link":""},"img":{"alt_text":"Familia Pr\u00e1nica","src":"https:\/\/i0.wp.com\/www.constelacionescuanticas.com\/wp-content\/uploads\/2021\/10\/FAMILIA-PRA%CC%81NICA_LOW-824x1024.webp?resize=350%2C200&ssl=1","width":350,"height":200,"srcset":"https:\/\/i0.wp.com\/www.constelacionescuanticas.com\/wp-content\/uploads\/2021\/10\/FAMILIA-PRA%CC%81NICA_LOW-824x1024.webp?resize=350%2C200&ssl=1 1x, https:\/\/i0.wp.com\/www.constelacionescuanticas.com\/wp-content\/uploads\/2021\/10\/FAMILIA-PRA%CC%81NICA_LOW-824x1024.webp?resize=525%2C300&ssl=1 1.5x, https:\/\/i0.wp.com\/www.constelacionescuanticas.com\/wp-content\/uploads\/2021\/10\/FAMILIA-PRA%CC%81NICA_LOW-824x1024.webp?resize=700%2C400&ssl=1 2x"},"classes":[]},{"id":33809,"url":"https:\/\/multiofertasvip.com\/?product=constelaciones-familiares-holograficas-cecilia-imbasteri","url_meta":{"origin":33790,"position":1},"title":"Constelaciones Familiares Holograficas -Cecilia Imbasteri","author":"multiofertasvip","date":"abril 25, 2025","format":false,"excerpt":"Las Constelaciones familiares son un m\u00e9todo sist\u00e9mico, cu\u00e1ntico, yfenomenol\u00f3gico,\u00a0de\u00a0b\u00fasqueda,\u00a0ordenamiento y\u00a0reconciliaci\u00f3n\u00a0de\u00a0la\u00a0historiafamiliar solo en aquellos casos que nos afecta.Es decir no constelamos el \u00e1rbol geneal\u00f3gico ni a nuestros ancestros.Constelamos un problema nuestro no resuelto hoy. Se parte de m\u00ed, de miproblema y del presente.Luego vemos de ordenar el v\u00ednculo con quienes nos\u2026","rel":"","context":"Entrada similar","block_context":{"text":"Entrada similar","link":""},"img":{"alt_text":"","src":"https:\/\/i0.wp.com\/multiofertasvip.com\/wp-content\/uploads\/2025\/04\/constelaciones_familiares-holograficas.png?fit=200%2C200&ssl=1&resize=350%2C200","width":350,"height":200},"classes":[]},{"id":30269,"url":"https:\/\/multiofertasvip.com\/?product=activa-tus-finanzas-al-sanar-con-mama-zyntya-felicidad","url_meta":{"origin":33790,"position":2},"title":"Activa tus Finanzas Al Sanar con Mam\u00e1-Zyntya Felicidad","author":"multiofertasvip","date":"marzo 16, 2022","format":false,"excerpt":"Este curso es ideal para todo aquel que a\u00fan no siente merecimiento de la riqueza que por derecho universal le pertenece, no conf\u00eda en s\u00ed mismo para desarrollar su real potencial de prosperidad y quiere saber c\u00f3mo concretar y materializar sus m\u00e1s grandes sue\u00f1os Aunque no lo sab\u00edas, toda tu\u2026","rel":"","context":"Entrada similar","block_context":{"text":"Entrada similar","link":""},"img":{"alt_text":"","src":"https:\/\/i0.wp.com\/multiofertasvip.com\/wp-content\/uploads\/2022\/03\/activa-tus-finanzas-al-sanar-con-mama.png?fit=200%2C200&ssl=1&resize=350%2C200","width":350,"height":200},"classes":[]},{"id":30830,"url":"https:\/\/multiofertasvip.com\/?product=proyecto-sentido-gestacional-carlos-galvan","url_meta":{"origin":33790,"position":3},"title":"Proyecto Sentido Gestacional-Carlos Galvan","author":"multiofertasvip","date":"mayo 7, 2023","format":false,"excerpt":"\u00a0 \u00a0 \u00a0","rel":"","context":"Entrada similar","block_context":{"text":"Entrada similar","link":""},"img":{"alt_text":"","src":"https:\/\/i0.wp.com\/multiofertasvip.com\/wp-content\/uploads\/2023\/05\/proyecto-sentido.png?fit=200%2C200&ssl=1&resize=350%2C200","width":350,"height":200},"classes":[]},{"id":30275,"url":"https:\/\/multiofertasvip.com\/?product=terapia-con-imanes-biomagnetismo","url_meta":{"origin":33790,"position":4},"title":"Terapia con Imanes (Biomagnetismo)","author":"multiofertasvip","date":"marzo 16, 2022","format":false,"excerpt":"El presente producto NO GARANTIZA sus resultados, las t\u00e9cnicas e ideas expuestas NO deben interpretarse como una promesa o GARANT\u00cdA DE PREVENCI\u00d3N para el mejoramiento de su salud. Su nivel de \u00e9xito depende del tiempo que le dedique a las habilidades presentadas en el libro, como estos factores var\u00edan de\u2026","rel":"","context":"Entrada similar","block_context":{"text":"Entrada similar","link":""},"img":{"alt_text":"","src":"https:\/\/i0.wp.com\/multiofertasvip.com\/wp-content\/uploads\/2022\/03\/imanes1.png?fit=200%2C200&ssl=1&resize=350%2C200","width":350,"height":200},"classes":[]},{"id":30475,"url":"https:\/\/multiofertasvip.com\/?product=constelaciones-familiares-individuales%f0%9f%91%a8%f0%9f%91%a9%f0%9f%91%a7%f0%9f%91%a6con-cecilia-imbastari","url_meta":{"origin":33790,"position":5},"title":"Constelaciones familiares INDIVIDUALES\ud83d\udc68\u200d\ud83d\udc69\u200d\ud83d\udc67\u200d\ud83d\udc66Con Cecilia Imbastari","author":"multiofertasvip","date":"octubre 7, 2022","format":false,"excerpt":"\u00a0 \u00a0 \u00a0 \u00a0","rel":"","context":"Entrada similar","block_context":{"text":"Entrada similar","link":""},"img":{"alt_text":"","src":"https:\/\/i0.wp.com\/multiofertasvip.com\/wp-content\/uploads\/2022\/10\/constelaciones.jpg?fit=526%2C526&ssl=1&resize=350%2C200","width":350,"height":200,"srcset":"https:\/\/i0.wp.com\/multiofertasvip.com\/wp-content\/uploads\/2022\/10\/constelaciones.jpg?fit=526%2C526&ssl=1&resize=350%2C200 1x, https:\/\/i0.wp.com\/multiofertasvip.com\/wp-content\/uploads\/2022\/10\/constelaciones.jpg?fit=526%2C526&ssl=1&resize=525%2C300 1.5x"},"classes":[]}],"jetpack_sharing_enabled":false,"jetpack_likes_enabled":false,"_links":{"self":[{"href":"https:\/\/multiofertasvip.com\/index.php?rest_route=\/wp\/v2\/product\/33790","targetHints":{"allow":["GET"]}}],"collection":[{"href":"https:\/\/multiofertasvip.com\/index.php?rest_route=\/wp\/v2\/product"}],"about":[{"href":"https:\/\/multiofertasvip.com\/index.php?rest_route=\/wp\/v2\/types\/product"}],"version-history":[{"count":2,"href":"https:\/\/multiofertasvip.com\/index.php?rest_route=\/wp\/v2\/product\/33790\/revisions"}],"predecessor-version":[{"id":33795,"href":"https:\/\/multiofertasvip.com\/index.php?rest_route=\/wp\/v2\/product\/33790\/revisions\/33795"}],"wp:featuredmedia":[{"embeddable":true,"href":"https:\/\/multiofertasvip.com\/index.php?rest_route=\/wp\/v2\/media\/33793"}],"wp:attachment":[{"href":"https:\/\/multiofertasvip.com\/index.php?rest_route=%2Fwp%2Fv2%2Fmedia&parent=33790"}],"wp:term":[{"taxonomy":"product_brand","embeddable":true,"href":"https:\/\/multiofertasvip.com\/index.php?rest_route=%2Fwp%2Fv2%2Fproduct_brand&post=33790"},{"taxonomy":"product_cat","embeddable":true,"href":"https:\/\/multiofertasvip.com\/index.php?rest_route=%2Fwp%2Fv2%2Fproduct_cat&post=33790"},{"taxonomy":"product_tag","embeddable":true,"href":"https:\/\/multiofertasvip.com\/index.php?rest_route=%2Fwp%2Fv2%2Fproduct_tag&post=33790"}],"curies":[{"name":"wp","href":"https:\/\/api.w.org\/{rel}","templated":true}]}}