{"id":33785,"date":"2025-04-15T13:12:25","date_gmt":"2025-04-15T18:42:25","guid":{"rendered":"https:\/\/multiofertasvip.com\/?post_type=product&#038;p=33785"},"modified":"2025-04-15T13:46:39","modified_gmt":"2025-04-15T19:16:39","slug":"constelaciones-cuanticas-nivel-1-mundo-pranico","status":"publish","type":"product","link":"https:\/\/multiofertasvip.com\/?product=constelaciones-cuanticas-nivel-1-mundo-pranico","title":{"rendered":"Constelaciones Cu\u00e1nticas Nivel 1 Mundo Pr\u00e1nico"},"content":{"rendered":"<p><img data-recalc-dims=\"1\" decoding=\"async\" class=\"aligncenter\" src=\"https:\/\/i0.wp.com\/cursosenoferta.com\/amlsup1\/constelaciones%20cuanticas%20nivel%201%20mundo%20pranico%20-%20archivos.jpg?w=1020&#038;ssl=1\" alt=\"xxxxx\" \/><\/p>\n<section class=\"elementor-section elementor-top-section elementor-element elementor-element-17335e4 elementor-section-boxed elementor-section-height-default elementor-section-height-default\" data-id=\"17335e4\" data-element_type=\"section\">\n<div class=\"elementor-container elementor-column-gap-default\">\n<div class=\"elementor-column elementor-col-100 elementor-top-column elementor-element elementor-element-bf35969\" data-id=\"bf35969\" data-element_type=\"column\">\n<div class=\"elementor-widget-wrap elementor-element-populated\">\n<div class=\"elementor-element elementor-element-62a3199 elementor-widget elementor-widget-heading\" data-id=\"62a3199\" data-element_type=\"widget\" data-widget_type=\"heading.default\">\n<div class=\"elementor-widget-container\">\n<p class=\"elementor-heading-title elementor-size-default\">\u00bfQuieres aprender esta t\u00e9cnica de Sanaci\u00f3n sencilla y eficaz en la que se puede abordar cualquier \u00e1rea de la vida de tus clientes o de la tuya propia?<\/p>\n<p>\u00bfTe gustar\u00eda aprender a ser facilitador de las Constelaciones Cu\u00e1nticas?<\/p>\n<\/div>\n<\/div>\n<div class=\"elementor-element elementor-element-1ad78f8 elementor-widget elementor-widget-heading\" data-id=\"1ad78f8\" data-element_type=\"widget\" data-widget_type=\"heading.default\">\n<div class=\"elementor-widget-container\">\n<p class=\"elementor-heading-title elementor-size-default\"><b>Entonces este Curso de Constelaciones Cu\u00e1nticas Nivel 1 es para ti.<br \/>\n<\/b><br \/>\nEn el descubrir\u00e1s la evoluci\u00f3n de las Nuevas Constelaciones Familiares de Bert Hellinger con la consciencia de lo energ\u00e9tico-sutil, mientras aprendes los primeros pasos para ser un buen constelador\/a cu\u00e1ntico\/a<\/p>\n<\/div>\n<\/div>\n<div class=\"elementor-element elementor-element-e987f92 elementor-widget-divider--view-line_icon elementor-view-default elementor-widget-divider--element-align-center elementor-widget elementor-widget-divider\" data-id=\"e987f92\" data-element_type=\"widget\" data-widget_type=\"divider.default\">\n<div class=\"elementor-widget-container\">\n<div class=\"elementor-divider\">\n<div class=\"elementor-icon elementor-divider__element\"><span style=\"font-size: 23.04px;\">Qu\u00e9 conseguir\u00e1s con este curso&#8230;<\/span><\/div>\n<div><\/div>\n<\/div>\n<\/div>\n<\/div>\n<section class=\"elementor-section elementor-inner-section elementor-element elementor-element-b221828 elementor-section-boxed elementor-section-height-default elementor-section-height-default\" data-id=\"b221828\" data-element_type=\"section\">\n<div class=\"elementor-container elementor-column-gap-default\">\n<div class=\"elementor-column elementor-col-50 elementor-inner-column elementor-element elementor-element-a5a489d\" data-id=\"a5a489d\" data-element_type=\"column\">\n<div class=\"elementor-widget-wrap elementor-element-populated\">\n<div class=\"elementor-element elementor-element-5a33110 elementor-widget elementor-widget-heading\" data-id=\"5a33110\" data-element_type=\"widget\" data-widget_type=\"heading.default\">\n<div class=\"elementor-widget-container\">\n<h2 class=\"elementor-heading-title elementor-size-default\">Aprender\u00e1s a trabajar con la herramienta de las Constelaciones Cu\u00e1nticas y con diferentes ejercicios sist\u00e9micos que te ayudar\u00e1n en tu vida personal y en tus terapias para poder ayudar a otros.<\/h2>\n<\/div>\n<\/div>\n<div class=\"elementor-element elementor-element-08a9965 elementor-icon-list--layout-traditional elementor-list-item-link-full_width elementor-widget elementor-widget-icon-list\" data-id=\"08a9965\" data-element_type=\"widget\" data-widget_type=\"icon-list.default\">\n<div class=\"elementor-widget-container\">\n<ul class=\"elementor-icon-list-items\">\n<li class=\"elementor-icon-list-item\"><i class=\"fas fa-check\" aria-hidden=\"true\"><\/i><span class=\"elementor-icon-list-text\">Sentar las bases de la filosof\u00eda sist\u00e9mica necesaria para comprender las relaciones familiares.<\/span><\/li>\n<li class=\"elementor-icon-list-item\"><i class=\"fas fa-check\" aria-hidden=\"true\"><\/i><span class=\"elementor-icon-list-text\">Conectar con tu centro como fuerza sanadora.<\/span><\/li>\n<li class=\"elementor-icon-list-item\"><i class=\"fas fa-check\" aria-hidden=\"true\"><\/i><span class=\"elementor-icon-list-text\">Conectar con lo esencial y profundo para realizar la sanaci\u00f3n.<\/span><\/li>\n<li class=\"elementor-icon-list-item\"><i class=\"fas fa-check\" aria-hidden=\"true\"><\/i><span class=\"elementor-icon-list-text\">Realizar ejercicios sist\u00e9micos que pueden ayudar a generar grandes cambios en tu vida.<\/span><\/li>\n<li class=\"elementor-icon-list-item\"><i class=\"fas fa-check\" aria-hidden=\"true\"><\/i><span class=\"elementor-icon-list-text\">Conocer y practicar la herramienta de las Constelaciones Cu\u00e1nticas.<\/span><\/li>\n<\/ul>\n<\/div>\n<\/div>\n<\/div>\n<\/div>\n<\/div>\n<\/section>\n<div class=\"elementor-element elementor-element-4be8cbd elementor-widget elementor-widget-heading\" data-id=\"4be8cbd\" data-element_type=\"widget\" data-widget_type=\"heading.default\">\n<div class=\"elementor-widget-container\">\n<p class=\"elementor-heading-title elementor-size-default\"><span style=\"color: 44b7c5; font-family: lora;\"><i><b>Facilitar las Constelaciones Cu\u00e1nticas<\/b><\/i><\/span>\u00a0es un camino de crecimiento y sanaci\u00f3n. Es vivir al servicio de la vida y del amor.<br \/>\n<b><br \/>\n<\/b>Desarrolla tu cacapcidad para asentir a tu vida y a tu destino, las puertas de conectar con tu propia libertad para\u00a0<span style=\"color: 44b7c5; font-family: Lora;\"><i>Vivir la Vida<\/i><\/span><i>\u00a0con armonia y equilibrio.<\/i><\/p>\n<p>&nbsp;<\/p>\n<\/div>\n<p>&nbsp;<\/p>\n<\/div>\n<div class=\"elementor-element elementor-element-c4d7344 elementor-align-center elementor-widget elementor-widget-button\" data-id=\"c4d7344\" data-element_type=\"widget\" data-widget_type=\"button.default\">\n<div class=\"elementor-widget-container\">\n<div class=\"elementor-button-wrapper\"><span style=\"font-size: 23.04px;\">\u00bfQu\u00e9 aprender\u00e1s en Constelaciones Cu\u00e1nticas Nivel 1?<\/span><\/div>\n<\/div>\n<\/div>\n<section class=\"elementor-section elementor-inner-section elementor-element elementor-element-427033d elementor-section-boxed elementor-section-height-default elementor-section-height-default\" data-id=\"427033d\" data-element_type=\"section\">\n<div class=\"elementor-container elementor-column-gap-default\">\n<div class=\"elementor-column elementor-col-100 elementor-inner-column elementor-element elementor-element-38fb15e\" data-id=\"38fb15e\" data-element_type=\"column\">\n<div class=\"elementor-widget-wrap elementor-element-populated\">\n<div class=\"elementor-element elementor-element-141c0bb elementor-widget elementor-widget-heading\" data-id=\"141c0bb\" data-element_type=\"widget\" data-widget_type=\"heading.default\">\n<div class=\"elementor-widget-container\">\n<h2 class=\"elementor-heading-title elementor-size-default\">Con este curso asentamos las bases de la herramienta de las<span style=\"color: 44b7c5; font-family: Lora;\">\u00a0<b><i>Constelaciones Cu\u00e1nticas,<\/i><\/b><\/span><b><i>\u00a0<\/i><\/b>para ser un buen facilitador.<\/h2>\n<p>Este curso esta dise\u00f1ado para que aprendas el proceso necesario para el desarrollo de una constelaci\u00f3n ya sea para aplicar contigo mismo, con otra persona o coun un grupo de personas.<\/p>\n<\/div>\n<\/div>\n<\/div>\n<\/div>\n<\/div>\n<\/section>\n<\/div>\n<p>&nbsp;<\/p>\n<\/div>\n<p>&nbsp;<\/p>\n<\/div>\n<p>&nbsp;<\/p>\n<\/section>\n<section class=\"elementor-section elementor-top-section elementor-element elementor-element-5358f91 elementor-section-boxed elementor-section-height-default elementor-section-height-default\" data-id=\"5358f91\" data-element_type=\"section\">\n<div class=\"elementor-container elementor-column-gap-default\">\n<div class=\"elementor-column elementor-col-100 elementor-top-column elementor-element elementor-element-9c4c1f0\" data-id=\"9c4c1f0\" data-element_type=\"column\">\n<div class=\"elementor-widget-wrap elementor-element-populated\">\n<section class=\"elementor-section elementor-inner-section elementor-element elementor-element-543d6a6 elementor-section-boxed elementor-section-height-default elementor-section-height-default\" data-id=\"543d6a6\" data-element_type=\"section\">\n<div class=\"elementor-container elementor-column-gap-default\">\n<div class=\"elementor-column elementor-col-100 elementor-inner-column elementor-element elementor-element-c0fa08d\" data-id=\"c0fa08d\" data-element_type=\"column\">\n<div class=\"elementor-widget-wrap elementor-element-populated\">\n<div class=\"elementor-element elementor-element-2925697 elementor-widget elementor-widget-heading\" data-id=\"2925697\" data-element_type=\"widget\" data-widget_type=\"heading.default\">\n<div class=\"elementor-widget-container\">\n<h2 class=\"elementor-heading-title elementor-size-default\">Temas que vamos a ver durante el curso&#8230;<\/h2>\n<\/div>\n<\/div>\n<div class=\"elementor-element elementor-element-4042c35 elementor-align-left elementor-icon-list--layout-traditional elementor-list-item-link-full_width elementor-widget elementor-widget-icon-list\" data-id=\"4042c35\" data-element_type=\"widget\" data-widget_type=\"icon-list.default\">\n<div class=\"elementor-widget-container\">\n<ul class=\"elementor-icon-list-items\">\n<li class=\"elementor-icon-list-item\"><i class=\"fas fa-star\" aria-hidden=\"true\"><\/i><span class=\"elementor-icon-list-text\">Los Ordenes o leyes del amor.<\/span><\/li>\n<li class=\"elementor-icon-list-item\"><i class=\"fas fa-star\" aria-hidden=\"true\"><\/i><span class=\"elementor-icon-list-text\">La buena ayuda.<\/span><\/li>\n<li class=\"elementor-icon-list-item\"><i class=\"fas fa-star\" aria-hidden=\"true\"><\/i><span class=\"elementor-icon-list-text\">T\u00e9cnicas energ\u00e9ticas para el desarrollo de una constelaci\u00f3n.<\/span><\/li>\n<li class=\"elementor-icon-list-item\"><i class=\"fas fa-star\" aria-hidden=\"true\"><\/i><span class=\"elementor-icon-list-text\">Conectar con el gu\u00eda interno para ganar seguridad y percepci\u00f3n.<\/span><\/li>\n<li class=\"elementor-icon-list-item\"><i class=\"fas fa-star\" aria-hidden=\"true\"><\/i><span class=\"elementor-icon-list-text\">Aprende a guiar una Constelaci\u00f3n Cu\u00e1ntica individual o grupal.<\/span><\/li>\n<li class=\"elementor-icon-list-item\"><i class=\"fas fa-star\" aria-hidden=\"true\"><\/i><span class=\"elementor-icon-list-text\">Las se\u00f1ales del Campo, \u00bfC\u00f3mo y cu\u00e1ndo interpretarlas?<\/span><\/li>\n<li class=\"elementor-icon-list-item\"><i class=\"fas fa-star\" aria-hidden=\"true\"><\/i><span class=\"elementor-icon-list-text\">\u00bfC\u00f3mo facilitar Constelaciones a distancia?<\/span><\/li>\n<li class=\"elementor-icon-list-item\"><i class=\"fas fa-star\" aria-hidden=\"true\"><\/i><span class=\"elementor-icon-list-text\">La Contratransferencia \u00bfC\u00f3mo evitarla? y \u00bfQu\u00e9 hacer si se manifiesta?<\/span><\/li>\n<li class=\"elementor-icon-list-item\"><i class=\"fas fa-star\" aria-hidden=\"true\"><\/i><span class=\"elementor-icon-list-text\">Diferentes tipos de Constelaciones Familiares y su evoluci\u00f3n.<\/span><\/li>\n<\/ul>\n<\/div>\n<\/div>\n<\/div>\n<\/div>\n<\/div>\n<\/section>\n<section class=\"elementor-section elementor-inner-section elementor-element elementor-element-9ab72ec elementor-section-boxed elementor-section-height-default elementor-section-height-default\" data-id=\"9ab72ec\" data-element_type=\"section\">\n<div class=\"elementor-container elementor-column-gap-default\">\n<div class=\"elementor-column elementor-col-50 elementor-inner-column elementor-element elementor-element-6f5f657\" data-id=\"6f5f657\" data-element_type=\"column\">\n<div class=\"elementor-widget-wrap elementor-element-populated\">\n<div class=\"elementor-element elementor-element-ca49c07 elementor-widget elementor-widget-image\" data-id=\"ca49c07\" data-element_type=\"widget\" data-settings=\"{&quot;_animation&quot;:&quot;none&quot;}\" data-widget_type=\"image.default\">\n<div class=\"elementor-widget-container\"><img data-recalc-dims=\"1\" fetchpriority=\"high\" decoding=\"async\" class=\"attachment-large size-large wp-image-50398\" src=\"https:\/\/i0.wp.com\/www.constelacionescuanticas.com\/wp-content\/uploads\/2021\/10\/FAMILIA-PRA%CC%81NICA_LOW-824x1024.webp?resize=800%2C994&#038;ssl=1\" sizes=\"(max-width: 800px) 100vw, 800px\" srcset=\"https:\/\/www.constelacionescuanticas.com\/wp-content\/uploads\/2021\/10\/FAMILIA-PRA\u0301NICA_LOW-824x1024.webp 824w, https:\/\/www.constelacionescuanticas.com\/wp-content\/uploads\/2021\/10\/FAMILIA-PRA\u0301NICA_LOW-241x300.webp 241w, https:\/\/www.constelacionescuanticas.com\/wp-content\/uploads\/2021\/10\/FAMILIA-PRA\u0301NICA_LOW-768x954.webp 768w, https:\/\/www.constelacionescuanticas.com\/wp-content\/uploads\/2021\/10\/FAMILIA-PRA\u0301NICA_LOW-600x746.webp 600w, https:\/\/www.constelacionescuanticas.com\/wp-content\/uploads\/2021\/10\/FAMILIA-PRA\u0301NICA_LOW.webp 869w\" alt=\"Familia Pr\u00e1nica\" width=\"800\" height=\"994\" \/><\/div>\n<\/div>\n<\/div>\n<\/div>\n<div class=\"elementor-column elementor-col-50 elementor-inner-column elementor-element elementor-element-6540c98\" data-id=\"6540c98\" data-element_type=\"column\">\n<div class=\"elementor-widget-wrap elementor-element-populated\">\n<div class=\"elementor-element elementor-element-cecbd0c elementor-widget elementor-widget-heading\" data-id=\"cecbd0c\" data-element_type=\"widget\" data-widget_type=\"heading.default\">\n<div class=\"elementor-widget-container\">\n<p class=\"elementor-heading-title elementor-size-default\">Adem\u00e1s, realizaremos<span style=\"color: 44b7c5; font-family: Lora;\">\u00a0<b><i>Constelaciones Cu\u00e1nticas,<\/i><\/b><\/span><b><i>\u00a0<\/i><\/b>online en directo para desarrollar diferentes ejemplos.<\/p>\n<p>y te ense\u00f1aremos a autoevaluar el resultado de las Constelaciones para as\u00ed conseguir la mayor prufundizaci\u00f3n y resultados en tus terapidas como\u00a0<span style=\"color: 44b7c5; font-family: Lora;\"><b><i>Facilitador de las Constelaciones Cu\u00e1nticas.<\/i><\/b><\/span><b><i><\/i><\/b><\/p>\n<p>Teor\u00eda y pr\u00e1ctica que dar\u00e1 dinamismo a tus terapias.<\/p>\n<\/div>\n<\/div>\n<\/div>\n<\/div>\n<\/div>\n<\/section>\n<\/div>\n<\/div>\n<\/div>\n<\/section>\n","protected":false},"excerpt":{"rendered":"<p>\u00bfQuieres aprender esta t\u00e9cnica de Sanaci\u00f3n sencilla y eficaz en la que se puede abordar cualquier \u00e1rea de la vida de tus clientes o de la tuya propia? \u00bfTe gustar\u00eda aprender a ser facilitador de las Constelaciones Cu\u00e1nticas? Entonces este Curso de Constelaciones Cu\u00e1nticas Nivel 1 es para ti. En el descubrir\u00e1s la evoluci\u00f3n de [&#8230;]\n","protected":false},"featured_media":33788,"template":"","meta":{"_monsterinsights_skip_tracking":false,"_monsterinsights_sitenote_active":false,"_monsterinsights_sitenote_note":"","_monsterinsights_sitenote_category":0,"jetpack_post_was_ever_published":false,"jetpack_publicize_message":"","jetpack_publicize_feature_enabled":true,"jetpack_social_post_already_shared":true,"jetpack_social_options":{"image_generator_settings":{"template":"highway","default_image_id":0,"font":"","enabled":false},"version":2}},"product_brand":[],"product_cat":[32],"product_tag":[263,142,260,211,254,119,251,215,257,249,243,230,182,226,253,236,229,143,228,232,258,234,262,239,220,265,219,225,240,238,140,242,235,244,266,267,248,210,245,212,250,227,255,264,252,217,216,233,261,73,237,231,247,221,246,222,223,224,259,241,256,218,213,214,53],"class_list":{"0":"post-33785","1":"product","2":"type-product","3":"status-publish","4":"has-post-thumbnail","6":"product_cat-sanacion","7":"product_tag-animales","8":"product_tag-avanzado","9":"product_tag-biden","10":"product_tag-billetes","11":"product_tag-bitcoin","12":"product_tag-carrera","13":"product_tag-china","14":"product_tag-christopher-olivarrieta","15":"product_tag-cine","16":"product_tag-coranavirus","17":"product_tag-cultura","18":"product_tag-cursos","19":"product_tag-dinero","20":"product_tag-dios","21":"product_tag-dolar","22":"product_tag-enric-corbera","23":"product_tag-ensenanza-en-casa","24":"product_tag-entidades","25":"product_tag-escuela","26":"product_tag-especialidad","27":"product_tag-estrenos","28":"product_tag-estudios","29":"product_tag-facebook","30":"product_tag-famosos","31":"product_tag-free","32":"product_tag-gatos","33":"product_tag-gratis","34":"product_tag-guerra","35":"product_tag-humor","36":"product_tag-internet","37":"product_tag-jose-palomo","38":"product_tag-juegos","39":"product_tag-lavin","40":"product_tag-manga","41":"product_tag-mercado-libre","42":"product_tag-mercado-pago","43":"product_tag-meteorologia","44":"product_tag-moneda","45":"product_tag-musica","46":"product_tag-nuevo","47":"product_tag-omnicron","48":"product_tag-oracion","49":"product_tag-peliculas","50":"product_tag-perros","51":"product_tag-peso","52":"product_tag-porn","53":"product_tag-porno","54":"product_tag-profesional","55":"product_tag-putin","56":"product_tag-salud","57":"product_tag-sexo","58":"product_tag-talleres","59":"product_tag-television","60":"product_tag-terapias","61":"product_tag-trabajo","62":"product_tag-ucrania","63":"product_tag-ukrania","64":"product_tag-usa","65":"product_tag-vacuna","66":"product_tag-viajes","67":"product_tag-videos","68":"product_tag-xxx","69":"product_tag-youtube","70":"product_tag-youtube-yuen-guadalajara","71":"product_tag-yuen","73":"first","74":"instock","75":"downloadable","76":"virtual","77":"purchasable","78":"product-type-simple"},"jetpack_publicize_connections":[],"jetpack-related-posts":[],"jetpack_sharing_enabled":false,"jetpack_likes_enabled":false,"_links":{"self":[{"href":"https:\/\/multiofertasvip.com\/index.php?rest_route=\/wp\/v2\/product\/33785","targetHints":{"allow":["GET"]}}],"collection":[{"href":"https:\/\/multiofertasvip.com\/index.php?rest_route=\/wp\/v2\/product"}],"about":[{"href":"https:\/\/multiofertasvip.com\/index.php?rest_route=\/wp\/v2\/types\/product"}],"version-history":[{"count":3,"href":"https:\/\/multiofertasvip.com\/index.php?rest_route=\/wp\/v2\/product\/33785\/revisions"}],"predecessor-version":[{"id":33791,"href":"https:\/\/multiofertasvip.com\/index.php?rest_route=\/wp\/v2\/product\/33785\/revisions\/33791"}],"wp:featuredmedia":[{"embeddable":true,"href":"https:\/\/multiofertasvip.com\/index.php?rest_route=\/wp\/v2\/media\/33788"}],"wp:attachment":[{"href":"https:\/\/multiofertasvip.com\/index.php?rest_route=%2Fwp%2Fv2%2Fmedia&parent=33785"}],"wp:term":[{"taxonomy":"product_brand","embeddable":true,"href":"https:\/\/multiofertasvip.com\/index.php?rest_route=%2Fwp%2Fv2%2Fproduct_brand&post=33785"},{"taxonomy":"product_cat","embeddable":true,"href":"https:\/\/multiofertasvip.com\/index.php?rest_route=%2Fwp%2Fv2%2Fproduct_cat&post=33785"},{"taxonomy":"product_tag","embeddable":true,"href":"https:\/\/multiofertasvip.com\/index.php?rest_route=%2Fwp%2Fv2%2Fproduct_tag&post=33785"}],"curies":[{"name":"wp","href":"https:\/\/api.w.org\/{rel}","templated":true}]}}