{"id":33781,"date":"2025-04-15T12:53:47","date_gmt":"2025-04-15T18:23:47","guid":{"rendered":"https:\/\/multiofertasvip.com\/?post_type=product&#038;p=33781"},"modified":"2025-04-15T13:11:25","modified_gmt":"2025-04-15T18:41:25","slug":"diplomado-metodo-pums-fidham-ac","status":"publish","type":"product","link":"https:\/\/multiofertasvip.com\/?product=diplomado-metodo-pums-fidham-ac","title":{"rendered":"Diplomado M\u00e9todo Pums-FIDHAM AC"},"content":{"rendered":"<p>\u2705 \u00bfQUE ES EL METODO PUMS Y QUE APRENDER\u00c1S:<br \/>\n\u269b\ufe0f El terapeuta aprender\u00e1: explicado bajo factores cu\u00e1nticos, seg\u00fan los principios de Entrelazamiento cu\u00e1ntico, Superposici\u00f3n y de Incertidumbre:<\/p>\n<p>1\ufe0f\u20e3 Herramientas de tratamiento de factores etiol\u00f3gicos que siguen una secuencia de rastreos en el organismo tal, que detecta el \u00f3rgano, tejido o componente afectado o con Fen\u00f3meno de alteraci\u00f3n (FA), su causa primaria y la causa de ra\u00edz, aplicando as\u00ed mismo, el tratamiento \u00f3ptimo para cada uno de estos factores.<\/p>\n<p>2\ufe0f\u20e3 Bioi\u00f3nica t\u00e9cnica creada en 2014 por el Ing Cesar Gonz\u00e1lez Rivera, especializada para tratar o instruir a trav\u00e9s de un Decreto Espec\u00edfico y guiado hacia la estructura o fisiolog\u00eda de un \u00f3rgano o componente del organismo afectado.<\/p>\n<p>3\ufe0f\u20e3 Proyectar energ\u00e9ticamente una zona afectada a una imagen para rastrear en este \u00faltimo la estructura org\u00e1nica afectada su FA y por ende, su etiolog\u00eda.<\/p>\n<p>4\ufe0f\u20e3Aplicar distintos protocolos de rastreos y tratamientos para diferentes sistemas o aparatos funcionales, como:<br \/>\n\u2714\ufe0fBalance neuronal<br \/>\n\u2714\ufe0fFlujo cu\u00e1ntico memorial (FCM)<br \/>\n\u2714\ufe0fRastreo por presi\u00f3n hidrost\u00e1tica arterial (medir la presi\u00f3n arterial en cualquier punto espec\u00edfico del aparato circulatorio)<br \/>\n\u2714\ufe0fRastrear estructuras org\u00e1nicas con dolor a trav\u00e9s de detecci\u00f3n de Nociceptores activos<br \/>\n\u2714\ufe0fRastreo profundo del H\u00edgado<br \/>\n\u2714\ufe0f Rastreo de n\u00facleos hipotal\u00e1micos<br \/>\n\u2714\ufe0f Rastreo de mol\u00e9culas t\u00f3xicas<br \/>\n\u2714\ufe0fRastrear estructuras et\u00e9reas<br \/>\n\u2714\ufe0f Realizar transferencia bioenerg\u00e9tica leucocitaria y de ox\u00edgeno molecular<br \/>\nY m\u00e1s \u2026<\/p>\n<p>\u2733\ufe0fTEMAS BASE DEL DIPLOMADO<br \/>\n\u269b\ufe0f Anatom\u00eda<br \/>\n\u269b\ufe0f Fisiolog\u00eda y Biolog\u00eda Celular<br \/>\n\u269b\ufe0f Bioqu\u00edmica<br \/>\n\u269b\ufe0f Histolog\u00eda<br \/>\n\u269b\ufe0f Anatom\u00eda Patol\u00f3gica<br \/>\n\u269b\ufe0fBioenerg\u00e9tica Avanzada<br \/>\n\u269b\ufe0fProyecci\u00f3n Efectiva Energ\u00e9tica (PEE)<br \/>\n\u269b\ufe0fEstados Cu\u00e1nticos de los Microorganismos pat\u00f3genos<br \/>\n\u269b\ufe0fFlujo Cu\u00e1ntico Memorial<br \/>\n\u269b\ufe0fEstructuras Et\u00e9reas<br \/>\n\u269b\ufe0fPares Et\u00e9reos<br \/>\n\u269b\ufe0fProtocolo Bioi\u00f3nico<br \/>\n\u269b\ufe0fFen\u00f3menos de Alteraci\u00f3n<br \/>\n\u269b\ufe0fFactores Etiol\u00f3gicos<br \/>\n\u269b\ufe0fFactores de Rastreo por patolog\u00eda<br \/>\n\u269b\ufe0fMol\u00e9culas T\u00f3xicas<br \/>\n\u269b\ufe0fAcumuladores Cu\u00e1nticos<br \/>\n\u269b\ufe0fTransferencia de Ox\u00edgeno Molecular<br \/>\n\u269b\ufe0fTransferencia Bioenerg\u00e9tica Leucocitaria<br \/>\n\u269b\ufe0fEntrelazamiento Cu\u00e1ntico<\/p>\n<p>Alcance terap\u00e9utico:<br \/>\n\u203c\ufe0fILIMITADO\u203c\ufe0f<\/p>\n<p>Patolog\u00edas polireum\u00e1ticas<br \/>\nHep\u00e1ticas<br \/>\nDigestivas<br \/>\nCerebrovasculares<br \/>\nNeurol\u00f3gicas<br \/>\nSistema urinario<br \/>\nInmunol\u00f3gicas<br \/>\nCirculatorias<br \/>\nCardiovascular y Respiratorio<br \/>\nDiabetes<br \/>\nC\u00e1ncer y m\u00e1s.<\/p>\n<p>PERFIL DE INGRESO<br \/>\nTerapeutas de Biomagnetismo<br \/>\nTerapeutas de Bioenerg\u00e9tica<br \/>\nTerapeutas en Par Biomagn\u00e9tico<\/p>\n<p>&nbsp;<\/p>\n<p>&nbsp;<\/p>\n","protected":false},"excerpt":{"rendered":"<p>\u2705 \u00bfQUE ES EL METODO PUMS Y QUE APRENDER\u00c1S: \u269b\ufe0f El terapeuta aprender\u00e1: explicado bajo factores cu\u00e1nticos, seg\u00fan los principios de Entrelazamiento cu\u00e1ntico, Superposici\u00f3n y de Incertidumbre: 1\ufe0f\u20e3 Herramientas de tratamiento de factores etiol\u00f3gicos que siguen una secuencia de rastreos en el organismo tal, que detecta el \u00f3rgano, tejido o componente afectado o con Fen\u00f3meno [&#8230;]\n","protected":false},"featured_media":33782,"template":"","meta":{"_monsterinsights_skip_tracking":false,"_monsterinsights_sitenote_active":false,"_monsterinsights_sitenote_note":"","_monsterinsights_sitenote_category":0,"jetpack_post_was_ever_published":false,"jetpack_publicize_message":"","jetpack_publicize_feature_enabled":true,"jetpack_social_post_already_shared":true,"jetpack_social_options":{"image_generator_settings":{"template":"highway","default_image_id":0,"font":"","enabled":false},"version":2}},"product_brand":[],"product_cat":[32],"product_tag":[263,142,260,211,254,119,251,215,257,249,243,230,182,226,253,236,229,143,228,232,258,234,262,239,220,265,219,225,240,238,140,242,235,244,266,267,248,210,245,212,250,227,255,264,252,217,216,233,261,73,237,231,247,221,246,222,223,224,259,241,256,218,213,214,53],"class_list":{"0":"post-33781","1":"product","2":"type-product","3":"status-publish","4":"has-post-thumbnail","6":"product_cat-sanacion","7":"product_tag-animales","8":"product_tag-avanzado","9":"product_tag-biden","10":"product_tag-billetes","11":"product_tag-bitcoin","12":"product_tag-carrera","13":"product_tag-china","14":"product_tag-christopher-olivarrieta","15":"product_tag-cine","16":"product_tag-coranavirus","17":"product_tag-cultura","18":"product_tag-cursos","19":"product_tag-dinero","20":"product_tag-dios","21":"product_tag-dolar","22":"product_tag-enric-corbera","23":"product_tag-ensenanza-en-casa","24":"product_tag-entidades","25":"product_tag-escuela","26":"product_tag-especialidad","27":"product_tag-estrenos","28":"product_tag-estudios","29":"product_tag-facebook","30":"product_tag-famosos","31":"product_tag-free","32":"product_tag-gatos","33":"product_tag-gratis","34":"product_tag-guerra","35":"product_tag-humor","36":"product_tag-internet","37":"product_tag-jose-palomo","38":"product_tag-juegos","39":"product_tag-lavin","40":"product_tag-manga","41":"product_tag-mercado-libre","42":"product_tag-mercado-pago","43":"product_tag-meteorologia","44":"product_tag-moneda","45":"product_tag-musica","46":"product_tag-nuevo","47":"product_tag-omnicron","48":"product_tag-oracion","49":"product_tag-peliculas","50":"product_tag-perros","51":"product_tag-peso","52":"product_tag-porn","53":"product_tag-porno","54":"product_tag-profesional","55":"product_tag-putin","56":"product_tag-salud","57":"product_tag-sexo","58":"product_tag-talleres","59":"product_tag-television","60":"product_tag-terapias","61":"product_tag-trabajo","62":"product_tag-ucrania","63":"product_tag-ukrania","64":"product_tag-usa","65":"product_tag-vacuna","66":"product_tag-viajes","67":"product_tag-videos","68":"product_tag-xxx","69":"product_tag-youtube","70":"product_tag-youtube-yuen-guadalajara","71":"product_tag-yuen","73":"first","74":"instock","75":"downloadable","76":"virtual","77":"purchasable","78":"product-type-simple"},"jetpack_publicize_connections":[],"jetpack-related-posts":[{"id":35248,"url":"https:\/\/multiofertasvip.com\/?product=metodo-pums-cesar-gonzales","url_meta":{"origin":33781,"position":0},"title":"M\u00e9todo PUMS C\u00e9sar Gonz\u00e1les","author":"multiofertasvip","date":"marzo 27, 2026","format":false,"excerpt":"\u00a0 \u00a0 \u00a0 \u00a0 \u00a0 \u00a0 \u00a0","rel":"","context":"Entrada similar","block_context":{"text":"Entrada similar","link":""},"img":{"alt_text":"","src":"https:\/\/i0.wp.com\/multiofertasvip.com\/wp-content\/uploads\/2026\/03\/bioenergetica.png?fit=200%2C200&ssl=1&resize=350%2C200","width":350,"height":200},"classes":[]},{"id":34787,"url":"https:\/\/multiofertasvip.com\/?product=cirugias-cuanticas-nivel-1-diciembre-2025-paula-gil-actualizacion","url_meta":{"origin":33781,"position":1},"title":"Cirug\u00edas Cu\u00e1nticas Nivel 1 Diciembre 2025-Paula Gil actualizacion","author":"multiofertasvip","date":"febrero 10, 2026","format":false,"excerpt":"\u00bfTe gusta la energ\u00eda? \u00bfTienes habilidades con la energ\u00eda? \u00bfQuisieras aprenderlas para ti, para tu vida o para aplicarlas en alguien m\u00e1s? \u00bfSiempre has pensado que todo se puede cambiar? \u00a0 Existe una posibilidad grandiosa con las Cirug\u00edas Cu\u00e1nticas Las Cirug\u00edas Cu\u00e1nticas\u00ae\u00a0son una t\u00e9cnica de regeneraci\u00f3n a nivel cu\u00e1ntico que\u2026","rel":"","context":"Entrada similar","block_context":{"text":"Entrada similar","link":""},"img":{"alt_text":"","src":"https:\/\/i0.wp.com\/multiofertasvip.com\/wp-content\/uploads\/2026\/02\/NIVEL-1-CC.jpg?fit=200%2C200&ssl=1&resize=350%2C200","width":350,"height":200},"classes":[]},{"id":29865,"url":"https:\/\/multiofertasvip.com\/?product=taller-cancer-en-video-yuen-guadalajara","url_meta":{"origin":33781,"position":2},"title":"Taller Cancer  En Video -Yuen Guadalajara","author":"multiofertasvip","date":"abril 20, 2021","format":false,"excerpt":"\u00a0 \u00a0 \u00a0 \u00a0 \u00a0 \u00a0 \u00a0","rel":"","context":"Entrada similar","block_context":{"text":"Entrada similar","link":""},"img":{"alt_text":"","src":"https:\/\/i0.wp.com\/multiofertasvip.com\/wp-content\/uploads\/2021\/04\/cancer.jpg?fit=200%2C200&ssl=1&resize=350%2C200","width":350,"height":200},"classes":[]},{"id":30672,"url":"https:\/\/multiofertasvip.com\/?product=metodo-ahava-radiestesia-diferencial-y-efectiva-adriana-echeverri","url_meta":{"origin":33781,"position":3},"title":"M\u00e9todo AHAVA &#8211; Radiestesia Diferencial y Efectiva-Adriana Echeverri","author":"multiofertasvip","date":"enero 9, 2023","format":false,"excerpt":"\u00a1MIRA TODO LO QUE TE LLEVAS! M\u00f3dulo 1: Acercamiento a la Radiestesia: \u00a0 Fundamentos de radiestesia Instrumentos radiest\u00e9sicos P\u00e9ndulo: fundamentos, programaci\u00f3n y trabajo con p\u00e9ndulo Norte magn\u00e9tico y forma correcta de hacer preguntas Gr\u00e1ficos de radiestesia: fundamentos y s funcionamiento Bi\u00f3metros: fundamentos, funcionamiento y creaci\u00f3n Testigos: crear, limpiar y potencializar\u2026","rel":"","context":"Entrada similar","block_context":{"text":"Entrada similar","link":""},"img":{"alt_text":"","src":"https:\/\/i0.wp.com\/productoselite.net\/wp-content\/uploads\/2022\/12\/Acercamiento-a-la-radiestesia.jpg?resize=350%2C200&ssl=1","width":350,"height":200},"classes":[]},{"id":31040,"url":"https:\/\/multiofertasvip.com\/?product=terapia-magnetica-para-mascotas-fabiana-perrone","url_meta":{"origin":33781,"position":4},"title":"Terapia magn\u00e9tica para mascotas-Fabiana Perrone","author":"multiofertasvip","date":"octubre 31, 2023","format":false,"excerpt":"TERAPIA MAGN\u00c9TICA PARA MASCOTAS \u00abTerapia magn\u00e9tica para mascotas: el camino hacia una salud m\u00e1s plena\u00bb \u2193\u2193MIRA EL VIDEO CON ATENCI\u00d3N\u2193\u2193 \u00bfQU\u00c9 ES LA TERAPIA MAGN\u00c9TICA PARA ANIMALES? La\u00a0terapia biomagn\u00e9tica para mascotas\u00a0busca identificar y corregir posibles\u00a0desequilibrios energ\u00e9ticos\u00a0que puedan estar afectando la salud y el bienestar de los animales. Se puede aplicar\u2026","rel":"","context":"Entrada similar","block_context":{"text":"Entrada similar","link":""},"img":{"alt_text":"","src":"","width":0,"height":0},"classes":[]},{"id":34171,"url":"https:\/\/multiofertasvip.com\/?product=curso-de-reiki-nivel-2-angeles-s-goyanes","url_meta":{"origin":33781,"position":5},"title":"Curso de Reiki Nivel 2-\u00c1ngeles S. Goyanes","author":"multiofertasvip","date":"agosto 19, 2025","format":false,"excerpt":"Este curso de Reiki de nivel dos est\u00e1 dise\u00f1ado para minimizar la barrera de la distancia, con un trato personal, acceso inmediato, multitud de v\u00eddeos demostrativos, manual y materiales de apoyo, y diploma oficial de la Federaci\u00f3n Espa\u00f1ola de Reiki. Caracter\u00edsticas de este curso de segundo nivel de Reiki \u00a0\u2026","rel":"","context":"Entrada similar","block_context":{"text":"Entrada similar","link":""},"img":{"alt_text":"Curso de reiki de nivel dos a distancia","src":"https:\/\/i0.wp.com\/www.cursodereiki.online\/wp-content\/uploads\/2019\/11\/anta-1024x800.jpg?resize=350%2C200&ssl=1","width":350,"height":200,"srcset":"https:\/\/i0.wp.com\/www.cursodereiki.online\/wp-content\/uploads\/2019\/11\/anta-1024x800.jpg?resize=350%2C200&ssl=1 1x, https:\/\/i0.wp.com\/www.cursodereiki.online\/wp-content\/uploads\/2019\/11\/anta-1024x800.jpg?resize=525%2C300&ssl=1 1.5x, https:\/\/i0.wp.com\/www.cursodereiki.online\/wp-content\/uploads\/2019\/11\/anta-1024x800.jpg?resize=700%2C400&ssl=1 2x"},"classes":[]}],"jetpack_sharing_enabled":false,"jetpack_likes_enabled":false,"_links":{"self":[{"href":"https:\/\/multiofertasvip.com\/index.php?rest_route=\/wp\/v2\/product\/33781","targetHints":{"allow":["GET"]}}],"collection":[{"href":"https:\/\/multiofertasvip.com\/index.php?rest_route=\/wp\/v2\/product"}],"about":[{"href":"https:\/\/multiofertasvip.com\/index.php?rest_route=\/wp\/v2\/types\/product"}],"version-history":[{"count":2,"href":"https:\/\/multiofertasvip.com\/index.php?rest_route=\/wp\/v2\/product\/33781\/revisions"}],"predecessor-version":[{"id":33929,"href":"https:\/\/multiofertasvip.com\/index.php?rest_route=\/wp\/v2\/product\/33781\/revisions\/33929"}],"wp:featuredmedia":[{"embeddable":true,"href":"https:\/\/multiofertasvip.com\/index.php?rest_route=\/wp\/v2\/media\/33782"}],"wp:attachment":[{"href":"https:\/\/multiofertasvip.com\/index.php?rest_route=%2Fwp%2Fv2%2Fmedia&parent=33781"}],"wp:term":[{"taxonomy":"product_brand","embeddable":true,"href":"https:\/\/multiofertasvip.com\/index.php?rest_route=%2Fwp%2Fv2%2Fproduct_brand&post=33781"},{"taxonomy":"product_cat","embeddable":true,"href":"https:\/\/multiofertasvip.com\/index.php?rest_route=%2Fwp%2Fv2%2Fproduct_cat&post=33781"},{"taxonomy":"product_tag","embeddable":true,"href":"https:\/\/multiofertasvip.com\/index.php?rest_route=%2Fwp%2Fv2%2Fproduct_tag&post=33781"}],"curies":[{"name":"wp","href":"https:\/\/api.w.org\/{rel}","templated":true}]}}