{"id":33764,"date":"2025-04-09T11:24:22","date_gmt":"2025-04-09T16:54:22","guid":{"rendered":"https:\/\/multiofertasvip.com\/?post_type=product&#038;p=33764"},"modified":"2025-04-09T11:33:56","modified_gmt":"2025-04-09T17:03:56","slug":"diplomado-metodo-yuen-fidham-ac","status":"publish","type":"product","link":"https:\/\/multiofertasvip.com\/?product=diplomado-metodo-yuen-fidham-ac","title":{"rendered":"Diplomado M\u00e9todo Yuen-FIDHAM AC"},"content":{"rendered":"<p><img data-recalc-dims=\"1\" decoding=\"async\" class=\"aligncenter\" src=\"https:\/\/i0.wp.com\/cursosenoferta.com\/amlsup1\/diplomado%20metodo%20yuen%20FIDHAM%20AC%20-%20archivos.jpg?w=1020&#038;ssl=1\" alt=\"xxxx\" \/><\/p>\n<p>\u00bfQu\u00e9 es el M\u00e9todo Yuen?<br \/>\n\u269b\ufe0f T\u00e9cnica energ\u00e9tica de equilibrio cu\u00e1ntico que act\u00faa a nivel energ\u00e9tico, f\u00edsico, emocional y espiritual, permite desarrollar la intuici\u00f3n para buscar y borrar de tus memorias energ\u00e9ticas informaci\u00f3n que te debilita e integrar nueva informaci\u00f3n que te fortalezca, similar a una re-programaci\u00f3n de un software inform\u00e1tico.<\/p>\n<p>\u269b\ufe0f F\u00f3rmate y certif\u00edcate con nosotros, aprende desde un enfoque formativo NO intensivo, y monetiza tu aprendizaje desde el primer mes de clases !!<\/p>\n<p>&nbsp;<\/p>\n<p>&nbsp;<\/p>\n<p>&nbsp;<\/p>\n<p>&nbsp;<\/p>\n<p>&nbsp;<\/p>\n","protected":false},"excerpt":{"rendered":"<p>\u00bfQu\u00e9 es el M\u00e9todo Yuen? \u269b\ufe0f T\u00e9cnica energ\u00e9tica de equilibrio cu\u00e1ntico que act\u00faa a nivel energ\u00e9tico, f\u00edsico, emocional y espiritual, permite desarrollar la intuici\u00f3n para buscar y borrar de tus memorias energ\u00e9ticas informaci\u00f3n que te debilita e integrar nueva informaci\u00f3n que te fortalezca, similar a una re-programaci\u00f3n de un software inform\u00e1tico. \u269b\ufe0f F\u00f3rmate y certif\u00edcate [&#8230;]\n","protected":false},"featured_media":33766,"template":"","meta":{"_monsterinsights_skip_tracking":false,"_monsterinsights_sitenote_active":false,"_monsterinsights_sitenote_note":"","_monsterinsights_sitenote_category":0,"jetpack_post_was_ever_published":false,"jetpack_publicize_message":"","jetpack_publicize_feature_enabled":true,"jetpack_social_post_already_shared":true,"jetpack_social_options":{"image_generator_settings":{"template":"highway","default_image_id":0,"font":"","enabled":false},"version":2}},"product_brand":[],"product_cat":[87],"product_tag":[263,142,260,211,254,119,251,215,257,249,243,230,182,226,253,236,229,143,228,232,258,234,262,239,220,265,219,225,240,238,140,242,235,244,266,267,248,210,245,212,250,227,255,264,252,217,216,233,261,73,237,231,247,221,246,222,223,224,259,241,256,218,213,214,53],"class_list":{"0":"post-33764","1":"product","2":"type-product","3":"status-publish","4":"has-post-thumbnail","6":"product_cat-metodo-yuen","7":"product_tag-animales","8":"product_tag-avanzado","9":"product_tag-biden","10":"product_tag-billetes","11":"product_tag-bitcoin","12":"product_tag-carrera","13":"product_tag-china","14":"product_tag-christopher-olivarrieta","15":"product_tag-cine","16":"product_tag-coranavirus","17":"product_tag-cultura","18":"product_tag-cursos","19":"product_tag-dinero","20":"product_tag-dios","21":"product_tag-dolar","22":"product_tag-enric-corbera","23":"product_tag-ensenanza-en-casa","24":"product_tag-entidades","25":"product_tag-escuela","26":"product_tag-especialidad","27":"product_tag-estrenos","28":"product_tag-estudios","29":"product_tag-facebook","30":"product_tag-famosos","31":"product_tag-free","32":"product_tag-gatos","33":"product_tag-gratis","34":"product_tag-guerra","35":"product_tag-humor","36":"product_tag-internet","37":"product_tag-jose-palomo","38":"product_tag-juegos","39":"product_tag-lavin","40":"product_tag-manga","41":"product_tag-mercado-libre","42":"product_tag-mercado-pago","43":"product_tag-meteorologia","44":"product_tag-moneda","45":"product_tag-musica","46":"product_tag-nuevo","47":"product_tag-omnicron","48":"product_tag-oracion","49":"product_tag-peliculas","50":"product_tag-perros","51":"product_tag-peso","52":"product_tag-porn","53":"product_tag-porno","54":"product_tag-profesional","55":"product_tag-putin","56":"product_tag-salud","57":"product_tag-sexo","58":"product_tag-talleres","59":"product_tag-television","60":"product_tag-terapias","61":"product_tag-trabajo","62":"product_tag-ucrania","63":"product_tag-ukrania","64":"product_tag-usa","65":"product_tag-vacuna","66":"product_tag-viajes","67":"product_tag-videos","68":"product_tag-xxx","69":"product_tag-youtube","70":"product_tag-youtube-yuen-guadalajara","71":"product_tag-yuen","73":"first","74":"instock","75":"downloadable","76":"virtual","77":"purchasable","78":"product-type-simple"},"jetpack_publicize_connections":[],"jetpack-related-posts":[{"id":30775,"url":"https:\/\/multiofertasvip.com\/?product=metodo-yuen-nivel-2-manuel-marquez","url_meta":{"origin":33764,"position":0},"title":"Metodo yuen Nivel 2-Manuel Marquez","author":"multiofertasvip","date":"marzo 7, 2023","format":false,"excerpt":"El nivel 2 del M\u00e9todo Yuen se enfoca en la eliminaci\u00f3n de bloqueos energ\u00e9ticos m\u00e1s profundos y complejos. Algunos de los temas que podr\u00edas aprender incluyen: Ampliar tu capacidad de percepci\u00f3n energ\u00e9tica: Aprender\u00e1s a sintonizarte con diferentes tipos de energ\u00eda, incluyendo la energ\u00eda del cuerpo humano, el medio ambiente y\u2026","rel":"","context":"Entrada similar","block_context":{"text":"Entrada similar","link":""},"img":{"alt_text":"","src":"https:\/\/i0.wp.com\/multiofertasvip.com\/wp-content\/uploads\/2023\/03\/nivel-2.jpg?fit=200%2C200&ssl=1&resize=350%2C200","width":350,"height":200},"classes":[]},{"id":30773,"url":"https:\/\/multiofertasvip.com\/?product=metodo-yuen-nivel-1-manuel-marquez","url_meta":{"origin":33764,"position":1},"title":"Metodo yuen Nivel 1-Manuel Marquez","author":"multiofertasvip","date":"marzo 7, 2023","format":false,"excerpt":"Algunas de las cosas que aprender\u00e1s en el nivel 1 de M\u00e9todo Yuen incluyen: Los principios fundamentales de la medicina energ\u00e9tica y c\u00f3mo se relacionan con la salud f\u00edsica y emocional. C\u00f3mo detectar los desequilibrios energ\u00e9ticos en el cuerpo utilizando t\u00e9cnicas manuales y la observaci\u00f3n visual. C\u00f3mo corregir los desequilibrios\u2026","rel":"","context":"Entrada similar","block_context":{"text":"Entrada similar","link":""},"img":{"alt_text":"","src":"https:\/\/i0.wp.com\/multiofertasvip.com\/wp-content\/uploads\/2023\/03\/nivel-1.png?fit=200%2C200&ssl=1&resize=350%2C200","width":350,"height":200},"classes":[]},{"id":30187,"url":"https:\/\/multiofertasvip.com\/?product=metodo-yuen-taller-conecta-con-la-energia-del-dinero-christopher-o","url_meta":{"origin":33764,"position":2},"title":"Metodo Yuen-Taller Conecta con la Energia del Dinero-Christopher O.","author":"multiofertasvip","date":"enero 12, 2022","format":false,"excerpt":"FORTALECIMIENTOS, MENTORIA FINANCIERA, TIPS , RECOMENDACIONES PARA UNA VIDA ABUNTANTE, 4 CLASES DE 1 HRS APROX. CADA UNA","rel":"","context":"Entrada similar","block_context":{"text":"Entrada similar","link":""},"img":{"alt_text":"","src":"https:\/\/i0.wp.com\/multiofertasvip.com\/wp-content\/uploads\/2022\/01\/dinero2.jpg?fit=200%2C200&ssl=1&resize=350%2C200","width":350,"height":200},"classes":[]},{"id":30289,"url":"https:\/\/multiofertasvip.com\/?product=taller-de-regularizacion-niveles-1-3-metodo-yuen-guadalajara","url_meta":{"origin":33764,"position":3},"title":"Taller de Regularizacion Niveles 1-3 Metodo Yuen Guadalajara","author":"multiofertasvip","date":"marzo 31, 2022","format":false,"excerpt":"Incluye (8) lecciones de audio de alta definici\u00f3n (60 minutos cada una) \u00a0","rel":"","context":"Entrada similar","block_context":{"text":"Entrada similar","link":""},"img":{"alt_text":"","src":"https:\/\/i0.wp.com\/multiofertasvip.com\/wp-content\/uploads\/2022\/03\/talleres.jpg?fit=200%2C200&ssl=1&resize=350%2C200","width":350,"height":200},"classes":[]},{"id":30854,"url":"https:\/\/multiofertasvip.com\/?product=clinica-del-amor-lore-hutton","url_meta":{"origin":33764,"position":4},"title":"Clinica del amor-Lore Hutton","author":"multiofertasvip","date":"junio 16, 2023","format":false,"excerpt":"El objetivo de este curso es compartirte una perspectiva del movimiento energ\u00e9tico que sucede en tu casa y en tu comercio En este curso tambi\u00e9n te compartir\u00e9 el c\u00f3mo hablar con la energ\u00eda de la casa asi como lo que la casa te est\u00e1 mostrando a trav\u00e9s de la biodescodificaci\u00f3n\u2026","rel":"","context":"Entrada similar","block_context":{"text":"Entrada similar","link":""},"img":{"alt_text":"","src":"https:\/\/i0.wp.com\/multiofertasvip.com\/wp-content\/uploads\/2023\/06\/clinica-del-amor.jpg?fit=200%2C200&ssl=1&resize=350%2C200","width":350,"height":200},"classes":[]},{"id":35112,"url":"https:\/\/multiofertasvip.com\/?product=metodo-yuen-resolucion-final-modulo-10-ypy-academy-2","url_meta":{"origin":33764,"position":5},"title":"Metodo Yuen Resolucion Final Modulo 10 -YPY Academy","author":"multiofertasvip","date":"marzo 17, 2026","format":false,"excerpt":"\u00a0 \u00a0 \u00a0 \u00a0 \u00a0 \u00a0 \u00a0","rel":"","context":"Entrada similar","block_context":{"text":"Entrada similar","link":""},"img":{"alt_text":"","src":"https:\/\/i0.wp.com\/multiofertasvip.com\/wp-content\/uploads\/2026\/03\/YPT-MODULO-10.png?fit=200%2C200&ssl=1&resize=350%2C200","width":350,"height":200},"classes":[]}],"jetpack_sharing_enabled":false,"jetpack_likes_enabled":false,"_links":{"self":[{"href":"https:\/\/multiofertasvip.com\/index.php?rest_route=\/wp\/v2\/product\/33764","targetHints":{"allow":["GET"]}}],"collection":[{"href":"https:\/\/multiofertasvip.com\/index.php?rest_route=\/wp\/v2\/product"}],"about":[{"href":"https:\/\/multiofertasvip.com\/index.php?rest_route=\/wp\/v2\/types\/product"}],"version-history":[{"count":1,"href":"https:\/\/multiofertasvip.com\/index.php?rest_route=\/wp\/v2\/product\/33764\/revisions"}],"predecessor-version":[{"id":33767,"href":"https:\/\/multiofertasvip.com\/index.php?rest_route=\/wp\/v2\/product\/33764\/revisions\/33767"}],"wp:featuredmedia":[{"embeddable":true,"href":"https:\/\/multiofertasvip.com\/index.php?rest_route=\/wp\/v2\/media\/33766"}],"wp:attachment":[{"href":"https:\/\/multiofertasvip.com\/index.php?rest_route=%2Fwp%2Fv2%2Fmedia&parent=33764"}],"wp:term":[{"taxonomy":"product_brand","embeddable":true,"href":"https:\/\/multiofertasvip.com\/index.php?rest_route=%2Fwp%2Fv2%2Fproduct_brand&post=33764"},{"taxonomy":"product_cat","embeddable":true,"href":"https:\/\/multiofertasvip.com\/index.php?rest_route=%2Fwp%2Fv2%2Fproduct_cat&post=33764"},{"taxonomy":"product_tag","embeddable":true,"href":"https:\/\/multiofertasvip.com\/index.php?rest_route=%2Fwp%2Fv2%2Fproduct_tag&post=33764"}],"curies":[{"name":"wp","href":"https:\/\/api.w.org\/{rel}","templated":true}]}}