{"id":33759,"date":"2025-04-04T11:29:52","date_gmt":"2025-04-04T16:59:52","guid":{"rendered":"https:\/\/multiofertasvip.com\/?post_type=product&#038;p=33759"},"modified":"2025-05-12T14:28:26","modified_gmt":"2025-05-12T19:58:26","slug":"formacion-online-en-medicina-germanica-awaking-project","status":"publish","type":"product","link":"https:\/\/multiofertasvip.com\/?product=formacion-online-en-medicina-germanica-awaking-project","title":{"rendered":"Formacion Online en Medicina Germ\u00e1nica Awaking Project"},"content":{"rendered":"<p><img data-recalc-dims=\"1\" decoding=\"async\" class=\"aligncenter\" src=\"https:\/\/i0.wp.com\/cursosenoferta.com\/amlsup1\/formacion%20online%20en%20medicina%20germanica%20-%20archivos.jpg?w=1020&#038;ssl=1\" alt=\"xxxxx\" \/><\/p>\n<p>&nbsp;<\/p>\n<p>Bienvenidos a la\u00a0<strong>Certificaci\u00f3n Profesional en Medicina Germ\u00e1nica<\/strong>, un programa exhaustivo dise\u00f1ado para aquellos que desean profundizar en el estudio de la medicina germ\u00e1nica y ejercer profesionalmente en este campo. Esta formaci\u00f3n integral te proporcionar\u00e1 todas las herramientas y conocimientos necesarios para convertirte en un experto certificado en medicina germ\u00e1nica. Una formaci\u00f3n que estara en constante actualizaci\u00f3n.<\/p>\n<p><strong>\u00bfQu\u00e9 encontrar\u00e1s en este curso?<\/strong><\/p>\n<p>Nuestro programa de Certificaci\u00f3n Profesional en Medicina Germ\u00e1nica te ofrecer\u00e1 una formaci\u00f3n completa y avanzada, cubriendo todos los aspectos te\u00f3ricos y pr\u00e1cticos necesarios para dominar esta matem\u00e1tica biol\u00f3gica. Durante la formaci\u00f3n, tendr\u00e1s acceso a:<\/p>\n<ul class=\"wp-block-list\">\n<li><strong>M\u00f3dulos avanzados<\/strong>\u00a0que exploran en profundidad los principios y teor\u00edas de la medicina germ\u00e1nica.<\/li>\n<li><strong>Pr\u00e1cticas supervisadas<\/strong>\u00a0para aplicar los conocimientos adquiridos en situaciones reales.<\/li>\n<li><strong>Acceso exclusivo<\/strong>\u00a0a recursos de aprendizaje, materiales de estudio y bibliograf\u00eda especializada.<\/li>\n<li><strong>Clases en vivo<\/strong>\u00a0con expertos en medicina germ\u00e1nica para discutir casos pr\u00e1cticos y resolver dudas.<\/li>\n<li><strong>Seguimiento personalizado<\/strong>\u00a0por parte de nuestros profesionales para guiar tu progreso.<\/li>\n<li><strong>Evaluaciones y ex\u00e1menes<\/strong>\u00a0para asegurar que comprendes y puedes aplicar los conceptos aprendidos.<\/li>\n<\/ul>\n<p><strong>Certificaci\u00f3n y Beneficios Profesionales:<\/strong><\/p>\n<p>Al completar con \u00e9xito este programa, recibir\u00e1s una certificaci\u00f3n profesional, otorgada por el resplado y confianza de Awaking Project, un proyecto que lleva mas de 10 a\u00f1os de experiencia tanto practica como en progreso, desarrollo, difusion e implementacion de\u00a0 la medicina germanica, con mas de miles de casos de experiencia. Nosotros te capacitararemos para ejercer en el campo de la medicina germ\u00e1nica. Los beneficios de obtener esta certificaci\u00f3n incluyen:<\/p>\n<ul class=\"wp-block-list\">\n<li><strong>Reconocimiento profesional<\/strong>\u00a0en nuestra web, en el campo de la medicina germ\u00e1nica.<\/li>\n<li><strong>Acceso a una red profesional<\/strong>\u00a0de expertos y colegas en medicina germ\u00e1nica.<\/li>\n<li><strong>Oportunidades de desarrollo<\/strong>\u00a0en un area que esta en expans\u00edon a nivel mundial.<\/li>\n<li><strong>Capacidad para impartir formaci\u00f3n<\/strong>\u00a0y asesoramiento en medicina germ\u00e1nica.<\/li>\n<\/ul>\n<p><strong>Compromiso de Excelencia:<\/strong><\/p>\n<p>Nuestro compromiso es proporcionarte una formaci\u00f3n de la m\u00e1s alta calidad, asegurando que al finalizar este curso, est\u00e9s completamente preparado para aplicar los principios de la medicina germ\u00e1nica de manera profesional y \u00e9tica.<\/p>\n<p>\u00a1\u00danete a nosotros y da el siguiente paso en tu carrera con nuestra Certificaci\u00f3n Profesional en Medicina Germ\u00e1nica!<\/p>\n<p>Con esta formaci\u00f3n no depender\u00e1s nunca mas de nadie con respecto a tu salud, podr\u00e1s hacerte cargo 100% de la misma.<\/p>\n","protected":false},"excerpt":{"rendered":"<p>&nbsp; Bienvenidos a la\u00a0Certificaci\u00f3n Profesional en Medicina Germ\u00e1nica, un programa exhaustivo dise\u00f1ado para aquellos que desean profundizar en el estudio de la medicina germ\u00e1nica y ejercer profesionalmente en este campo. Esta formaci\u00f3n integral te proporcionar\u00e1 todas las herramientas y conocimientos necesarios para convertirte en un experto certificado en medicina germ\u00e1nica. Una formaci\u00f3n que estara en [&#8230;]\n","protected":false},"featured_media":33761,"template":"","meta":{"_monsterinsights_skip_tracking":false,"_monsterinsights_sitenote_active":false,"_monsterinsights_sitenote_note":"","_monsterinsights_sitenote_category":0,"jetpack_post_was_ever_published":false,"jetpack_publicize_message":"","jetpack_publicize_feature_enabled":true,"jetpack_social_post_already_shared":true,"jetpack_social_options":{"image_generator_settings":{"template":"highway","default_image_id":0,"font":"","enabled":false},"version":2}},"product_brand":[],"product_cat":[32],"product_tag":[263,142,260,211,254,119,251,215,257,249,243,230,182,226,253,236,229,143,228,232,258,234,262,239,220,265,219,225,240,238,140,242,235,244,266,267,248,210,245,212,250,227,255,264,252,217,216,233,261,73,237,231,247,221,246,222,223,224,259,241,256,218,213,214,53],"class_list":{"0":"post-33759","1":"product","2":"type-product","3":"status-publish","4":"has-post-thumbnail","6":"product_cat-sanacion","7":"product_tag-animales","8":"product_tag-avanzado","9":"product_tag-biden","10":"product_tag-billetes","11":"product_tag-bitcoin","12":"product_tag-carrera","13":"product_tag-china","14":"product_tag-christopher-olivarrieta","15":"product_tag-cine","16":"product_tag-coranavirus","17":"product_tag-cultura","18":"product_tag-cursos","19":"product_tag-dinero","20":"product_tag-dios","21":"product_tag-dolar","22":"product_tag-enric-corbera","23":"product_tag-ensenanza-en-casa","24":"product_tag-entidades","25":"product_tag-escuela","26":"product_tag-especialidad","27":"product_tag-estrenos","28":"product_tag-estudios","29":"product_tag-facebook","30":"product_tag-famosos","31":"product_tag-free","32":"product_tag-gatos","33":"product_tag-gratis","34":"product_tag-guerra","35":"product_tag-humor","36":"product_tag-internet","37":"product_tag-jose-palomo","38":"product_tag-juegos","39":"product_tag-lavin","40":"product_tag-manga","41":"product_tag-mercado-libre","42":"product_tag-mercado-pago","43":"product_tag-meteorologia","44":"product_tag-moneda","45":"product_tag-musica","46":"product_tag-nuevo","47":"product_tag-omnicron","48":"product_tag-oracion","49":"product_tag-peliculas","50":"product_tag-perros","51":"product_tag-peso","52":"product_tag-porn","53":"product_tag-porno","54":"product_tag-profesional","55":"product_tag-putin","56":"product_tag-salud","57":"product_tag-sexo","58":"product_tag-talleres","59":"product_tag-television","60":"product_tag-terapias","61":"product_tag-trabajo","62":"product_tag-ucrania","63":"product_tag-ukrania","64":"product_tag-usa","65":"product_tag-vacuna","66":"product_tag-viajes","67":"product_tag-videos","68":"product_tag-xxx","69":"product_tag-youtube","70":"product_tag-youtube-yuen-guadalajara","71":"product_tag-yuen","73":"first","74":"instock","75":"downloadable","76":"virtual","77":"purchasable","78":"product-type-simple"},"jetpack_publicize_connections":[],"jetpack-related-posts":[{"id":33901,"url":"https:\/\/multiofertasvip.com\/?product=diplomado-en-medicina-tradicional-china-mencion-acupuntura-escuela-neidan","url_meta":{"origin":33759,"position":0},"title":"Diplomado en Medicina Tradicional China menci\u00f3n Acupuntura-Escuela Neidan","author":"multiofertasvip","date":"mayo 1, 2025","format":false,"excerpt":"El Diplomado de Medicina Tradicional China menci\u00f3n Acupuntura provee a nuestros estudiantes los conocimientos te\u00f3rico-pr\u00e1cticos de la Medicina China Cl\u00e1sica y la Acupuntura, as\u00ed como las bases generales de las ciencias biom\u00e9dicas. Nuestro Programa de Estudio cumple con todos los requerimientos del Minsal que regulan el ejercicio de la Acupuntura\u2026","rel":"","context":"Entrada similar","block_context":{"text":"Entrada similar","link":""},"img":{"alt_text":"","src":"https:\/\/i0.wp.com\/multiofertasvip.com\/wp-content\/uploads\/2025\/05\/diplomado-acupuntura.jpg?fit=200%2C200&ssl=1&resize=350%2C200","width":350,"height":200},"classes":[]},{"id":35268,"url":"https:\/\/multiofertasvip.com\/?product=diplomado-mundial-en-neurociencias-feelink-2","url_meta":{"origin":33759,"position":1},"title":"Diplomado Mundial en Neurociencias Feelink","author":"multiofertasvip","date":"marzo 27, 2026","format":false,"excerpt":"\u00a0 \u00a0 \u00a0 \u00a0 \u00a0 \u00a0 \u00a0","rel":"","context":"Entrada similar","block_context":{"text":"Entrada similar","link":""},"img":{"alt_text":"","src":"https:\/\/i0.wp.com\/multiofertasvip.com\/wp-content\/uploads\/2026\/03\/diplomado-mundial-neurociencias.png?fit=200%2C200&ssl=1&resize=350%2C200","width":350,"height":200},"classes":[]},{"id":30719,"url":"https:\/\/multiofertasvip.com\/?product=medicina-chamanica-alberto-villoldo","url_meta":{"origin":33759,"position":2},"title":"Medicina Chamanica Alberto Villoldo","author":"multiofertasvip","date":"febrero 15, 2023","format":false,"excerpt":"Los ingenieros del mundo sagrado Hace 50 000 a\u00f1os los chamanes comenzaron a investigar la curaci\u00f3n. Durante milenios, han acumulado sabidur\u00eda y han aprendido y entendido sobre el mundo y la medicina. Los chamanes reconocen el campo de energ\u00eda luminosa que rodea a las personas contiene informaci\u00f3n, el software de\u2026","rel":"","context":"Entrada similar","block_context":{"text":"Entrada similar","link":""},"img":{"alt_text":"","src":"https:\/\/i0.wp.com\/multiofertasvip.com\/wp-content\/uploads\/2023\/02\/medicina-chamanica.jpg?fit=200%2C200&ssl=1&resize=350%2C200","width":350,"height":200},"classes":[]},{"id":30395,"url":"https:\/\/multiofertasvip.com\/?product=metodo-yuen-nivel-intermedio","url_meta":{"origin":33759,"position":3},"title":"FORMACI\u00d3N M\u00c9TODO YUEN INTEGRAL I &#8211; II &#8211; III","author":"multiofertasvip","date":"agosto 17, 2022","format":false,"excerpt":"\u00a0 \u00a0 \u00a0 \u00a0 \u00a0 \u00a0 \u00a0","rel":"","context":"Entrada similar","block_context":{"text":"Entrada similar","link":""},"img":{"alt_text":"","src":"https:\/\/i0.wp.com\/multiofertasvip.com\/wp-content\/uploads\/2022\/08\/activaciones-cuanticas.jpg?fit=200%2C200&ssl=1&resize=350%2C200","width":350,"height":200},"classes":[]},{"id":33065,"url":"https:\/\/multiofertasvip.com\/?product=bionergetica-y-medicina-astral-mariana-del-hoyo","url_meta":{"origin":33759,"position":4},"title":"Bionergetica y Medicina Astral-Mariana del Hoyo","author":"multiofertasvip","date":"agosto 16, 2024","format":false,"excerpt":"\u00bfQu\u00e9 es la Bioenerg\u00e9tica? El termino bioenerg\u00e9tica abarca los diferentes campos de la existencia del ser humano, comprende a todas nuestras funciones vitales, por ende, tambi\u00e9n incluye los distintos planos en que el ser coexiste de manera multidimensional. \u00bfC\u00f3mo se introduce la Bioenerg\u00e9tica en esta t\u00e9cnica? A trav\u00e9s de un\u2026","rel":"","context":"Entrada similar","block_context":{"text":"Entrada similar","link":""},"img":{"alt_text":"","src":"https:\/\/i0.wp.com\/multiofertasvip.com\/wp-content\/uploads\/2024\/08\/medicina-astral.jpg?fit=200%2C200&ssl=1&resize=350%2C200","width":350,"height":200},"classes":[]},{"id":269,"url":"https:\/\/multiofertasvip.com\/?product=manual-oficial-metodo-yuen-nivel-1","url_meta":{"origin":33759,"position":5},"title":"Manual Oficial Metodo Yuen Nivel 1","author":"multiofertasvip","date":"junio 2, 2019","format":false,"excerpt":"Las t\u00e9cnicas del M\u00e9todo Yuen son la vanguardia de la medicina, y pueden ser la clave del futuro de la asistencia sanitaria. Estas t\u00e9cnicas no necesariamente requieren contacto f\u00edsico, y aun as\u00ed pueden proporcionar un alivio inmediato de lose dolores debilitantes de cabeza, cuello y espalda; hasta de dolores artr\u00edticos\u2026","rel":"","context":"Entrada similar","block_context":{"text":"Entrada similar","link":""},"img":{"alt_text":"","src":"https:\/\/i0.wp.com\/multiofertasvip.com\/wp-content\/uploads\/2019\/06\/metodo-yuen-1.jpg?fit=200%2C200&ssl=1&resize=350%2C200","width":350,"height":200},"classes":[]}],"jetpack_sharing_enabled":false,"jetpack_likes_enabled":false,"_links":{"self":[{"href":"https:\/\/multiofertasvip.com\/index.php?rest_route=\/wp\/v2\/product\/33759","targetHints":{"allow":["GET"]}}],"collection":[{"href":"https:\/\/multiofertasvip.com\/index.php?rest_route=\/wp\/v2\/product"}],"about":[{"href":"https:\/\/multiofertasvip.com\/index.php?rest_route=\/wp\/v2\/types\/product"}],"version-history":[{"count":1,"href":"https:\/\/multiofertasvip.com\/index.php?rest_route=\/wp\/v2\/product\/33759\/revisions"}],"predecessor-version":[{"id":33763,"href":"https:\/\/multiofertasvip.com\/index.php?rest_route=\/wp\/v2\/product\/33759\/revisions\/33763"}],"wp:featuredmedia":[{"embeddable":true,"href":"https:\/\/multiofertasvip.com\/index.php?rest_route=\/wp\/v2\/media\/33761"}],"wp:attachment":[{"href":"https:\/\/multiofertasvip.com\/index.php?rest_route=%2Fwp%2Fv2%2Fmedia&parent=33759"}],"wp:term":[{"taxonomy":"product_brand","embeddable":true,"href":"https:\/\/multiofertasvip.com\/index.php?rest_route=%2Fwp%2Fv2%2Fproduct_brand&post=33759"},{"taxonomy":"product_cat","embeddable":true,"href":"https:\/\/multiofertasvip.com\/index.php?rest_route=%2Fwp%2Fv2%2Fproduct_cat&post=33759"},{"taxonomy":"product_tag","embeddable":true,"href":"https:\/\/multiofertasvip.com\/index.php?rest_route=%2Fwp%2Fv2%2Fproduct_tag&post=33759"}],"curies":[{"name":"wp","href":"https:\/\/api.w.org\/{rel}","templated":true}]}}