{"id":33735,"date":"2025-04-04T10:00:11","date_gmt":"2025-04-04T15:30:11","guid":{"rendered":"https:\/\/multiofertasvip.com\/?post_type=product&#038;p=33735"},"modified":"2025-04-04T10:00:14","modified_gmt":"2025-04-04T15:30:14","slug":"como-convertirse-en-dinero-edicion-9-vanesa-litvac","status":"publish","type":"product","link":"https:\/\/multiofertasvip.com\/?product=como-convertirse-en-dinero-edicion-9-vanesa-litvac","title":{"rendered":"Como convertirse en Dinero Edicion 9-Vanesa Litvac"},"content":{"rendered":"<p class=\"_mb-5\" role=\"paragraph\">\u00bfEst\u00e1s dispuesto\/a a tener dinero??<\/p>\n<p class=\"_mb-5\" role=\"paragraph\">\ud83d\udcb0C\u00d3MO CONVERTIRSE EN DINERO \ud83d\udcb0\ud83d\udca5 9\u00b0 Edici\u00f3n<\/p>\n<p class=\"_mb-5\" role=\"paragraph\">Gesti\u00f3n del Curso (a trav\u00e9s de 10 clases por zoom)<\/p>\n<p class=\"_mb-5\" role=\"paragraph\">la programaci\u00f3n de las clases (fecha y hora)<\/p>\n<p class=\"_mb-5\" role=\"paragraph\">18 al 28 de Abril a 16hs Arg<\/p>\n<p class=\"_mb-5\" role=\"paragraph\">18 al 28 de Abril a 13hs Mex<\/p>\n<p class=\"_mb-5\" role=\"paragraph\">18 al 28 de Abril a 21hs Euro<\/p>\n<p class=\"_mb-5\" role=\"paragraph\">La plataforma que se utilizar\u00e1 ser\u00e1 zoom, al realizar el pago vas a recibir el acceso a la informaci\u00f3n para acceder a las clases<\/p>\n<p class=\"_mb-5\" role=\"paragraph\">Tambi\u00e9n vas a contar con las clases grabadas de cada llamada<\/p>\n<p class=\"_mb-5\" role=\"paragraph\">Con Vanesa Litvac CF<\/p>\n<p class=\"_mb-5\" role=\"paragraph\">\ud83e\ude99 CLASE EN 10 LLAMADAS<\/p>\n","protected":false},"excerpt":{"rendered":"<p>\u00bfEst\u00e1s dispuesto\/a a tener dinero?? \ud83d\udcb0C\u00d3MO CONVERTIRSE EN DINERO \ud83d\udcb0\ud83d\udca5 9\u00b0 Edici\u00f3n Gesti\u00f3n del Curso (a trav\u00e9s de 10 clases por zoom) la programaci\u00f3n de las clases (fecha y hora) 18 al 28 de Abril a 16hs Arg 18 al 28 de Abril a 13hs Mex 18 al 28 de Abril a 21hs Euro La [&#8230;]\n","protected":false},"featured_media":33737,"template":"","meta":{"_monsterinsights_skip_tracking":false,"_monsterinsights_sitenote_active":false,"_monsterinsights_sitenote_note":"","_monsterinsights_sitenote_category":0,"jetpack_post_was_ever_published":false,"jetpack_publicize_message":"","jetpack_publicize_feature_enabled":true,"jetpack_social_post_already_shared":true,"jetpack_social_options":{"image_generator_settings":{"template":"highway","default_image_id":0,"font":"","enabled":false},"version":2}},"product_brand":[],"product_cat":[122],"product_tag":[263,142,260,211,254,119,251,215,257,249,243,230,182,226,253,236,229,143,228,232,258,234,262,239,220,265,219,225,240,238,140,242,235,244,266,267,248,210,245,212,250,227,255,264,252,217,216,233,261,73,237,231,247,221,246,222,223,224,259,241,256,218,213,214,53],"class_list":{"0":"post-33735","1":"product","2":"type-product","3":"status-publish","4":"has-post-thumbnail","6":"product_cat-access-consciousness","7":"product_tag-animales","8":"product_tag-avanzado","9":"product_tag-biden","10":"product_tag-billetes","11":"product_tag-bitcoin","12":"product_tag-carrera","13":"product_tag-china","14":"product_tag-christopher-olivarrieta","15":"product_tag-cine","16":"product_tag-coranavirus","17":"product_tag-cultura","18":"product_tag-cursos","19":"product_tag-dinero","20":"product_tag-dios","21":"product_tag-dolar","22":"product_tag-enric-corbera","23":"product_tag-ensenanza-en-casa","24":"product_tag-entidades","25":"product_tag-escuela","26":"product_tag-especialidad","27":"product_tag-estrenos","28":"product_tag-estudios","29":"product_tag-facebook","30":"product_tag-famosos","31":"product_tag-free","32":"product_tag-gatos","33":"product_tag-gratis","34":"product_tag-guerra","35":"product_tag-humor","36":"product_tag-internet","37":"product_tag-jose-palomo","38":"product_tag-juegos","39":"product_tag-lavin","40":"product_tag-manga","41":"product_tag-mercado-libre","42":"product_tag-mercado-pago","43":"product_tag-meteorologia","44":"product_tag-moneda","45":"product_tag-musica","46":"product_tag-nuevo","47":"product_tag-omnicron","48":"product_tag-oracion","49":"product_tag-peliculas","50":"product_tag-perros","51":"product_tag-peso","52":"product_tag-porn","53":"product_tag-porno","54":"product_tag-profesional","55":"product_tag-putin","56":"product_tag-salud","57":"product_tag-sexo","58":"product_tag-talleres","59":"product_tag-television","60":"product_tag-terapias","61":"product_tag-trabajo","62":"product_tag-ucrania","63":"product_tag-ukrania","64":"product_tag-usa","65":"product_tag-vacuna","66":"product_tag-viajes","67":"product_tag-videos","68":"product_tag-xxx","69":"product_tag-youtube","70":"product_tag-youtube-yuen-guadalajara","71":"product_tag-yuen","73":"first","74":"instock","75":"downloadable","76":"virtual","77":"purchasable","78":"product-type-simple"},"jetpack_publicize_connections":[],"jetpack-related-posts":[{"id":33413,"url":"https:\/\/multiofertasvip.com\/?product=taller-de-creacion-edicion-relaciones-con-vanesa-litvac","url_meta":{"origin":33735,"position":0},"title":"Taller de Creaci\u00f3n &#8211; Edici\u00f3n Relaciones con Vanesa Litvac","author":"multiofertasvip","date":"noviembre 30, 2024","format":false,"excerpt":"\u00bfY si todo lo que pensabas que sab\u00edas sobre las relaciones, el dinero y las entidades fuera s\u00f3lo una vieja creencia? \u00bfQu\u00e9 pasar\u00eda si pudieras redefinir tus puntos de vista? *\u00bfEst\u00e1s listo para este nuevo desaf\u00edo de 3 d\u00edas?* Parejas Dinero Entidades","rel":"","context":"Entrada similar","block_context":{"text":"Entrada similar","link":""},"img":{"alt_text":"\u2728","src":"https:\/\/static.xx.fbcdn.net\/images\/emoji.php\/v9\/tf4\/1\/16\/2728.png","width":350,"height":200},"classes":[]},{"id":32915,"url":"https:\/\/multiofertasvip.com\/?product=como-aprender-a-cobrar-vanesa-litvac","url_meta":{"origin":33735,"position":1},"title":"\u00bfComo aprender a cobrar?-Vanesa Litvac","author":"multiofertasvip","date":"junio 13, 2024","format":false,"excerpt":"\u00bfComo Aprender a Cobrar? con VANESA LITVAC CF TTTCF Tenes problemas de dinero y no sabes c\u00f3mo o cu\u00e1nto cobrar? Regalas tu tiempo, tus servicios porque te da pena cobrarle a los otros? No valoras lo que haces? Entonces est\u00e1s clase es para vos","rel":"","context":"Entrada similar","block_context":{"text":"Entrada similar","link":""},"img":{"alt_text":"","src":"https:\/\/i0.wp.com\/multiofertasvip.com\/wp-content\/uploads\/2024\/06\/como-aprender-a-cobrar.png?fit=200%2C200&ssl=1&resize=350%2C200","width":350,"height":200},"classes":[]},{"id":32937,"url":"https:\/\/multiofertasvip.com\/?product=como-tener-mas-dinero-vanesa-litvac","url_meta":{"origin":33735,"position":2},"title":"Como tener mas Dinero-Vanesa Litvac","author":"multiofertasvip","date":"junio 28, 2024","format":false,"excerpt":"Una de las cosas fundamentales para tener Riqueza y Opulencia en tu vida es poder \u2018tener\u2019 dinero, no solo crearlo sino estar dispuesto a tenerlo. En esta clase vamos a ver herramientas f\u00e1ciles, pragm\u00e1ticas e innovadoras para tener y aumentar el dinero en tu vida. Vamos a salir de todas\u2026","rel":"","context":"Entrada similar","block_context":{"text":"Entrada similar","link":""},"img":{"alt_text":"","src":"https:\/\/i0.wp.com\/multiofertasvip.com\/wp-content\/uploads\/2024\/06\/mas-dinero.png?fit=200%2C200&ssl=1&resize=350%2C200","width":350,"height":200},"classes":[]},{"id":32907,"url":"https:\/\/multiofertasvip.com\/?product=clase-especialidad-hablando-con-las-entidades-ambulantes-vanesa-litvac","url_meta":{"origin":33735,"position":3},"title":"Clase especialidad Hablando con las entidades &#8220;Ambulantes&#8221;-Vanesa Litvac","author":"multiofertasvip","date":"junio 12, 2024","format":false,"excerpt":"\ud83d\udc7bSab\u00edas que es m\u00e1s com\u00fan para un cuerpo tener m\u00faltiples \u201cambulantes\u201d que no tener ninguno? Si, \u201cambulantes\u201d son una de las m\u00e1s din\u00e1micas, y sin embargo confusas \u00e1reas con las entidades. \ud83d\udc7bLa clase de ambulantes pondr\u00e1 a prueba tu concepto de ti mismo y te asistir\u00e1 para tener claridad de\u2026","rel":"","context":"Entrada similar","block_context":{"text":"Entrada similar","link":""},"img":{"alt_text":"","src":"https:\/\/i0.wp.com\/multiofertasvip.com\/wp-content\/uploads\/2024\/06\/ambulantes.png?fit=200%2C200&ssl=1&resize=350%2C200","width":350,"height":200},"classes":[]},{"id":32855,"url":"https:\/\/multiofertasvip.com\/?product=limpieza-de-casas-y-espacios-de-la-a-la-z-vanesa-litvac","url_meta":{"origin":33735,"position":4},"title":"Limpieza de Casas y Espacios de la A la Z-Vanesa-Litvac","author":"multiofertasvip","date":"mayo 29, 2024","format":false,"excerpt":"Esta Clase esta dise\u00f1ada con herramientas de la clase de especialidad de Hablando con las Entidades de Access Consiousness! \u2728 Aprende a reconocer y limpiar diversas energ\u00edas en tu espacio. Abre tu percepci\u00f3n, comun\u00edcate con las energ\u00edas presentes y descubre herramientas f\u00e1ciles para \"desembrujar\" cualquier lugar. \ud83d\ude4c \u00a1Sorpr\u00e9ndete con el\u2026","rel":"","context":"Entrada similar","block_context":{"text":"Entrada similar","link":""},"img":{"alt_text":"","src":"https:\/\/i0.wp.com\/multiofertasvip.com\/wp-content\/uploads\/2024\/05\/limpieza-de-espacios-vanesa-litvac.png?fit=200%2C200&ssl=1&resize=350%2C200","width":350,"height":200},"classes":[]},{"id":33394,"url":"https:\/\/multiofertasvip.com\/?product=access-fundamento-vanesa-litvac","url_meta":{"origin":33735,"position":5},"title":"Access Fundamento-Vanesa Litvac","author":"multiofertasvip","date":"noviembre 29, 2024","format":false,"excerpt":"En esta clase de 3,5 d\u00edas exploramos las diferentes \u00e1reas que conforman nuestras vidas, y nos abrimos a un espacio diferente! Familia, cuerpo, dinero, negocios, entidades, relaciones, pareja, hijos, tu mismo\u2026 Vamos liberar las bases, los pensamientos, las creencias, los sentimientos y las emociones desde donde est\u00e1s creando tu vida\u2026","rel":"","context":"Entrada similar","block_context":{"text":"Entrada similar","link":""},"img":{"alt_text":"","src":"https:\/\/i0.wp.com\/multiofertasvip.com\/wp-content\/uploads\/2024\/11\/FUNDAMENTO-VENESA-LITVAC.jpg?fit=200%2C200&ssl=1&resize=350%2C200","width":350,"height":200},"classes":[]}],"jetpack_sharing_enabled":false,"jetpack_likes_enabled":false,"_links":{"self":[{"href":"https:\/\/multiofertasvip.com\/index.php?rest_route=\/wp\/v2\/product\/33735","targetHints":{"allow":["GET"]}}],"collection":[{"href":"https:\/\/multiofertasvip.com\/index.php?rest_route=\/wp\/v2\/product"}],"about":[{"href":"https:\/\/multiofertasvip.com\/index.php?rest_route=\/wp\/v2\/types\/product"}],"version-history":[{"count":2,"href":"https:\/\/multiofertasvip.com\/index.php?rest_route=\/wp\/v2\/product\/33735\/revisions"}],"predecessor-version":[{"id":33741,"href":"https:\/\/multiofertasvip.com\/index.php?rest_route=\/wp\/v2\/product\/33735\/revisions\/33741"}],"wp:featuredmedia":[{"embeddable":true,"href":"https:\/\/multiofertasvip.com\/index.php?rest_route=\/wp\/v2\/media\/33737"}],"wp:attachment":[{"href":"https:\/\/multiofertasvip.com\/index.php?rest_route=%2Fwp%2Fv2%2Fmedia&parent=33735"}],"wp:term":[{"taxonomy":"product_brand","embeddable":true,"href":"https:\/\/multiofertasvip.com\/index.php?rest_route=%2Fwp%2Fv2%2Fproduct_brand&post=33735"},{"taxonomy":"product_cat","embeddable":true,"href":"https:\/\/multiofertasvip.com\/index.php?rest_route=%2Fwp%2Fv2%2Fproduct_cat&post=33735"},{"taxonomy":"product_tag","embeddable":true,"href":"https:\/\/multiofertasvip.com\/index.php?rest_route=%2Fwp%2Fv2%2Fproduct_tag&post=33735"}],"curies":[{"name":"wp","href":"https:\/\/api.w.org\/{rel}","templated":true}]}}