{"id":33684,"date":"2025-03-11T14:34:46","date_gmt":"2025-03-11T20:04:46","guid":{"rendered":"https:\/\/multiofertasvip.com\/?post_type=product&#038;p=33684"},"modified":"2025-03-11T14:41:37","modified_gmt":"2025-03-11T20:11:37","slug":"como-convertirse-en-dinero-avanzado-ele-la-white","status":"publish","type":"product","link":"https:\/\/multiofertasvip.com\/?product=como-convertirse-en-dinero-avanzado-ele-la-white","title":{"rendered":"Como Convertirse en Dinero Avanzado-Ele La White"},"content":{"rendered":"<p><strong>Curso Avanzado: \u201cC\u00f3mo Convertirse en Dinero\u201d<\/strong><\/p>\n<p>Este curso intensivo de 9 sesiones est\u00e1 dise\u00f1ado para aquellos que desean transformar su relaci\u00f3n con el dinero a un nivel profundo y energ\u00e9tico. A lo largo de estas sesiones, explorar\u00e1s herramientas avanzadas que te permitir\u00e1n convertirte en la energ\u00eda del dinero, abriendo las puertas a una nueva realidad financiera y personal.<\/p>\n<ul>\n<li>Tu energ\u00eda y la energ\u00eda del Dinero.<br \/>\nComprender\u00e1s c\u00f3mo el dinero es una forma de energ\u00eda y c\u00f3mo puedes alinearte con esta frecuencia para atraerla a tu vida.<\/li>\n<li>Creencias limitantes y dinero.<br \/>\nIdentificar\u00e1s y liberar\u00e1s las creencias subconscientes que bloquean el flujo de dinero en tu vida.<\/li>\n<li>Expansi\u00f3n de la conciencia financiera.<br \/>\nAprender\u00e1s a expandir tu conciencia para incluir el dinero como parte integral de tu crecimiento personal.<\/li>\n<li>Herramientas energ\u00e9ticas para atraer Dinero.<br \/>\nDescubrir\u00e1s t\u00e9cnicas y ejercicios para vibrar en la frecuencia del dinero y manifestar abundancia.<\/li>\n<li>Cambia tu realidad financiera.<br \/>\nDesarrollar\u00e1s la habilidad de transformar tu realidad actual hacia una de mayor prosperidad, utilizando la energ\u00eda y el enfoque de tu atenci\u00f3n.<\/li>\n<li>Dinero y espiritualidad.<br \/>\nExplorar\u00e1s la interconexi\u00f3n entre la abundancia financiera y tu evoluci\u00f3n espiritual.<\/li>\n<li>El poder de la gratitud y la generosidad.<br \/>\nAprender\u00e1s a utilizar la gratitud y la generosidad como poderosas herramientas para mantener un flujo constante de dinero.<\/li>\n<li>\u00a0Creaci\u00f3n de nuevas posibilidades Financieras.<br \/>\nExpandir\u00e1s tus horizontes y comenzar\u00e1s a crear nuevas oportunidades financieras con una mente abierta y sin limitaciones.<\/li>\n<li>Integraci\u00f3n, generaci\u00f3n y actualizaci\u00f3n.<br \/>\nReunir\u00e1s todas las herramientas y aprendizajes del curso para integrarlas en tu vida diaria, manifestando una nueva realidad econ\u00f3mica.<\/li>\n<\/ul>\n<p><strong>\u00bfPara qui\u00e9n es este curso?<\/strong><br \/>\nEste curso es ideal para quienes ya tienen una base s\u00f3lida en desarrollo personal y desean ir m\u00e1s all\u00e1 en su relaci\u00f3n con el dinero, transform\u00e1ndola de manera radical y poderosa. Si est\u00e1s listo para dejar atr\u00e1s las limitaciones y convertirte en el creador consciente de tu realidad financiera, este curso es para ti.<\/p>\n","protected":false},"excerpt":{"rendered":"<p>Curso Avanzado: \u201cC\u00f3mo Convertirse en Dinero\u201d Este curso intensivo de 9 sesiones est\u00e1 dise\u00f1ado para aquellos que desean transformar su relaci\u00f3n con el dinero a un nivel profundo y energ\u00e9tico. A lo largo de estas sesiones, explorar\u00e1s herramientas avanzadas que te permitir\u00e1n convertirte en la energ\u00eda del dinero, abriendo las puertas a una nueva realidad [&#8230;]\n","protected":false},"featured_media":33685,"template":"","meta":{"_monsterinsights_skip_tracking":false,"_monsterinsights_sitenote_active":false,"_monsterinsights_sitenote_note":"","_monsterinsights_sitenote_category":0,"jetpack_post_was_ever_published":false,"jetpack_publicize_message":"","jetpack_publicize_feature_enabled":true,"jetpack_social_post_already_shared":true,"jetpack_social_options":{"image_generator_settings":{"template":"highway","default_image_id":0,"font":"","enabled":false},"version":2}},"product_brand":[],"product_cat":[122],"product_tag":[263,142,260,211,254,119,251,215,257,249,243,230,182,226,253,236,229,143,228,232,258,234,262,239,220,265,219,225,240,238,140,242,235,244,266,267,248,210,245,212,250,227,255,264,252,217,216,233,261,73,237,231,247,221,246,222,223,224,259,241,256,218,213,214,53],"class_list":{"0":"post-33684","1":"product","2":"type-product","3":"status-publish","4":"has-post-thumbnail","6":"product_cat-access-consciousness","7":"product_tag-animales","8":"product_tag-avanzado","9":"product_tag-biden","10":"product_tag-billetes","11":"product_tag-bitcoin","12":"product_tag-carrera","13":"product_tag-china","14":"product_tag-christopher-olivarrieta","15":"product_tag-cine","16":"product_tag-coranavirus","17":"product_tag-cultura","18":"product_tag-cursos","19":"product_tag-dinero","20":"product_tag-dios","21":"product_tag-dolar","22":"product_tag-enric-corbera","23":"product_tag-ensenanza-en-casa","24":"product_tag-entidades","25":"product_tag-escuela","26":"product_tag-especialidad","27":"product_tag-estrenos","28":"product_tag-estudios","29":"product_tag-facebook","30":"product_tag-famosos","31":"product_tag-free","32":"product_tag-gatos","33":"product_tag-gratis","34":"product_tag-guerra","35":"product_tag-humor","36":"product_tag-internet","37":"product_tag-jose-palomo","38":"product_tag-juegos","39":"product_tag-lavin","40":"product_tag-manga","41":"product_tag-mercado-libre","42":"product_tag-mercado-pago","43":"product_tag-meteorologia","44":"product_tag-moneda","45":"product_tag-musica","46":"product_tag-nuevo","47":"product_tag-omnicron","48":"product_tag-oracion","49":"product_tag-peliculas","50":"product_tag-perros","51":"product_tag-peso","52":"product_tag-porn","53":"product_tag-porno","54":"product_tag-profesional","55":"product_tag-putin","56":"product_tag-salud","57":"product_tag-sexo","58":"product_tag-talleres","59":"product_tag-television","60":"product_tag-terapias","61":"product_tag-trabajo","62":"product_tag-ucrania","63":"product_tag-ukrania","64":"product_tag-usa","65":"product_tag-vacuna","66":"product_tag-viajes","67":"product_tag-videos","68":"product_tag-xxx","69":"product_tag-youtube","70":"product_tag-youtube-yuen-guadalajara","71":"product_tag-yuen","73":"first","74":"instock","75":"downloadable","76":"virtual","77":"purchasable","78":"product-type-simple"},"jetpack_publicize_connections":[],"jetpack-related-posts":[{"id":30618,"url":"https:\/\/multiofertasvip.com\/?product=masterclass-la-energia-del-dinero-ing-mariana-frenesdo","url_meta":{"origin":33684,"position":0},"title":"Masterclass la energia del dinero-Ing Mariana Frenesdo","author":"multiofertasvip","date":"noviembre 10, 2022","format":false,"excerpt":"\u00a0 \u00a0 \u00a0 \u00a0","rel":"","context":"Entrada similar","block_context":{"text":"Entrada similar","link":""},"img":{"alt_text":"","src":"https:\/\/i0.wp.com\/multiofertasvip.com\/wp-content\/uploads\/2022\/11\/dinero.jpg?fit=200%2C200&ssl=1&resize=350%2C200","width":350,"height":200},"classes":[]},{"id":33061,"url":"https:\/\/multiofertasvip.com\/?product=activaciones-energeticas-easy-money-daniela-correa","url_meta":{"origin":33684,"position":1},"title":"Activaciones Energ\u00e9ticas Easy Money-Daniela Correa","author":"multiofertasvip","date":"agosto 16, 2024","format":false,"excerpt":"Las activaciones energ\u00e9ticas son una herramienta poderosa para transformar tu relaci\u00f3n con el dinero y atraer abundancia a tu vida. Si deseas crear una realidad financiera que realmente funcione para ti, esta es una de las t\u00e9cnicas m\u00e1s efectivas. Durante 7 d\u00edas, vamos a jugar con la energ\u00eda del dinero\u2026","rel":"","context":"Entrada similar","block_context":{"text":"Entrada similar","link":""},"img":{"alt_text":"","src":"https:\/\/i0.wp.com\/multiofertasvip.com\/wp-content\/uploads\/2024\/08\/EASY.jpg?fit=200%2C200&ssl=1&resize=350%2C200","width":350,"height":200},"classes":[]},{"id":32796,"url":"https:\/\/multiofertasvip.com\/?product=desata-tu-riqueza-elma-galvan","url_meta":{"origin":33684,"position":2},"title":"Desata tu Riqueza-Elma Galvan","author":"multiofertasvip","date":"mayo 13, 2024","format":false,"excerpt":"\u00a0Desata tu riqueza 5 jalones energ\u00e9ticos en vivo \u00bfC\u00f3mo ser\u00eda desatar tus flujos de dinero y que se exponenciales tu riqueza?\u00a0\u00a0 \u00a1Hola mi potente!\u00a0\u00bfTe gustar\u00eda \"Desatar tu riqueza\" y aprender a manifestar la abundancia que mereces?\u00a0Durante\u00a05 sesiones de jalones energ\u00e9ticos (Energy pulls), descubrir\u00e1s c\u00f3mo liberarte de creencias limitantes y activar\u2026","rel":"","context":"Entrada similar","block_context":{"text":"Entrada similar","link":""},"img":{"alt_text":"","src":"https:\/\/i0.wp.com\/multiofertasvip.com\/wp-content\/uploads\/2024\/05\/desata-tu-riqueza.png?fit=200%2C200&ssl=1&resize=350%2C200","width":350,"height":200},"classes":[]},{"id":34119,"url":"https:\/\/multiofertasvip.com\/?product=el-juego-espiritual-del-dinero-lida-arias","url_meta":{"origin":33684,"position":3},"title":"El Juego Espiritual del Dinero Lida Arias","author":"multiofertasvip","date":"agosto 6, 2025","format":false,"excerpt":"\u00a1Descubre el poderoso \u201cJuego Espiritual del Dinero\u201d y transforma tu relaci\u00f3n con la abundancia! \u00bfTe has preguntado alguna vez por qu\u00e9 algunas personas parecen atraer la riqueza de manera natural, mientras que otras luchan constantemente con sus finanzas? La respuesta no est\u00e1 \u00fanicamente en el trabajo duro o en la\u2026","rel":"","context":"Entrada similar","block_context":{"text":"Entrada similar","link":""},"img":{"alt_text":"","src":"https:\/\/i0.wp.com\/multiofertasvip.com\/wp-content\/uploads\/2025\/08\/JUEGO-ESPIRITUAL.jpg?fit=200%2C200&ssl=1&resize=350%2C200","width":350,"height":200},"classes":[]},{"id":31073,"url":"https:\/\/multiofertasvip.com\/?product=magia-dinero-y-prosperidad-access-consciousness-elma-galvan","url_meta":{"origin":33684,"position":4},"title":"Magia Dinero y Prosperidad (Access Consciousness)-Elma Galvan","author":"multiofertasvip","date":"enero 2, 2024","format":false,"excerpt":"\u00bfTe imaginas vivir en un mundo donde tu magia personal te conecta con la prosperidad? \u00bfEst\u00e1s listo para tomar acci\u00f3n y comenzar tu viaje hacia una realidad m\u00e1s grandiosa con el dinero, prosperidad y abundancia? \u00bfTe gustar\u00eda aprender a atraer riqueza y abundancia con la magia que llevas dentro?\u00a0 Magia,\u2026","rel":"","context":"Entrada similar","block_context":{"text":"Entrada similar","link":""},"img":{"alt_text":"","src":"https:\/\/i0.wp.com\/multiofertasvip.com\/wp-content\/uploads\/2023\/12\/magia-dinero-y-prosperidad-access-consciousness-1.jpg?fit=200%2C200&ssl=1&resize=350%2C200","width":350,"height":200},"classes":[]},{"id":34831,"url":"https:\/\/multiofertasvip.com\/?product=11-dias-de-milagros-cuanticos-financieros-alma-rendon","url_meta":{"origin":33684,"position":5},"title":"11 D\u00edas De Milagros Cu\u00e1nticos Financieros \u2013 Alma Rendon","author":"multiofertasvip","date":"febrero 19, 2026","format":false,"excerpt":"Este poderoso entrenamiento de 11 d\u00edas te gu\u00eda paso a paso a transformar tu energ\u00eda y reprogramar tus creencias sobre el dinero, la abundancia y el merecimiento. A trav\u00e9s de clases en video, procesos verbales y pr\u00e1cticas energ\u00e9ticas, acceder\u00e1s a herramientas cu\u00e1nticas que te permitir\u00e1n liberar bloqueos financieros, soltar la\u2026","rel":"","context":"Entrada similar","block_context":{"text":"Entrada similar","link":""},"img":{"alt_text":"","src":"https:\/\/i0.wp.com\/multiofertasvip.com\/wp-content\/uploads\/2026\/02\/11-dias-de-milagros-cuanticos.png?fit=200%2C200&ssl=1&resize=350%2C200","width":350,"height":200},"classes":[]}],"jetpack_sharing_enabled":false,"jetpack_likes_enabled":false,"_links":{"self":[{"href":"https:\/\/multiofertasvip.com\/index.php?rest_route=\/wp\/v2\/product\/33684","targetHints":{"allow":["GET"]}}],"collection":[{"href":"https:\/\/multiofertasvip.com\/index.php?rest_route=\/wp\/v2\/product"}],"about":[{"href":"https:\/\/multiofertasvip.com\/index.php?rest_route=\/wp\/v2\/types\/product"}],"version-history":[{"count":1,"href":"https:\/\/multiofertasvip.com\/index.php?rest_route=\/wp\/v2\/product\/33684\/revisions"}],"predecessor-version":[{"id":33687,"href":"https:\/\/multiofertasvip.com\/index.php?rest_route=\/wp\/v2\/product\/33684\/revisions\/33687"}],"wp:featuredmedia":[{"embeddable":true,"href":"https:\/\/multiofertasvip.com\/index.php?rest_route=\/wp\/v2\/media\/33685"}],"wp:attachment":[{"href":"https:\/\/multiofertasvip.com\/index.php?rest_route=%2Fwp%2Fv2%2Fmedia&parent=33684"}],"wp:term":[{"taxonomy":"product_brand","embeddable":true,"href":"https:\/\/multiofertasvip.com\/index.php?rest_route=%2Fwp%2Fv2%2Fproduct_brand&post=33684"},{"taxonomy":"product_cat","embeddable":true,"href":"https:\/\/multiofertasvip.com\/index.php?rest_route=%2Fwp%2Fv2%2Fproduct_cat&post=33684"},{"taxonomy":"product_tag","embeddable":true,"href":"https:\/\/multiofertasvip.com\/index.php?rest_route=%2Fwp%2Fv2%2Fproduct_tag&post=33684"}],"curies":[{"name":"wp","href":"https:\/\/api.w.org\/{rel}","templated":true}]}}