{"id":33670,"date":"2025-02-26T14:10:17","date_gmt":"2025-02-26T19:40:17","guid":{"rendered":"https:\/\/multiofertasvip.com\/?post_type=product&#038;p=33670"},"modified":"2025-02-26T14:15:03","modified_gmt":"2025-02-26T19:45:03","slug":"master-en-desarrollo-personal-sergio-fernandez","status":"publish","type":"product","link":"https:\/\/multiofertasvip.com\/?product=master-en-desarrollo-personal-sergio-fernandez","title":{"rendered":"Master en Desarrollo Personal-Sergio Fernandez"},"content":{"rendered":"<div class=\"elementor-element elementor-element-48b0a182 e-flex e-con-boxed e-con e-parent e-lazyloaded\" data-id=\"48b0a182\" data-element_type=\"container\" data-settings=\"{&quot;background_background&quot;:&quot;classic&quot;}\">\n<div class=\"e-con-inner\">\n<div class=\"elementor-element elementor-element-607a2f40 elementor-widget elementor-widget-text-editor\" data-id=\"607a2f40\" data-element_type=\"widget\" data-widget_type=\"text-editor.default\">\n<div class=\"elementor-widget-container\">\n<section class=\"elementor-section elementor-top-section elementor-element elementor-element-7a44a3e elementor-section-boxed elementor-section-height-default elementor-section-height-default\" data-id=\"7a44a3e\" data-element_type=\"section\">\n<div class=\"elementor-container elementor-column-gap-default\">\n<div class=\"elementor-column elementor-col-100 elementor-top-column elementor-element elementor-element-f6a071f\" data-id=\"f6a071f\" data-element_type=\"column\">\n<div class=\"elementor-widget-wrap elementor-element-populated\">\n<div class=\"elementor-element elementor-element-e56fed0 elementor-widget elementor-widget-heading\" data-id=\"e56fed0\" data-element_type=\"widget\" data-widget_type=\"heading.default\">\n<div class=\"elementor-widget-container\">\n<h2 class=\"elementor-heading-title elementor-size-default\">Accede al Master de Desarrollo personal<\/h2>\n<\/div>\n<\/div>\n<\/div>\n<\/div>\n<\/div>\n<\/section>\n<section class=\"elementor-section elementor-top-section elementor-element elementor-element-7afc731 elementor-section-boxed elementor-section-height-default elementor-section-height-default\" data-id=\"7afc731\" data-element_type=\"section\" data-settings=\"{&quot;background_background&quot;:&quot;classic&quot;}\">\n<div class=\"elementor-container elementor-column-gap-default\">\n<div class=\"elementor-column elementor-col-100 elementor-top-column elementor-element elementor-element-5ca6e61\" data-id=\"5ca6e61\" data-element_type=\"column\">\n<div class=\"elementor-widget-wrap elementor-element-populated\">\n<div class=\"elementor-element elementor-element-f13f5fa elementor-widget elementor-widget-text-editor\" data-id=\"f13f5fa\" data-element_type=\"widget\" data-widget_type=\"text-editor.default\">\n<div class=\"elementor-widget-container\">\n<p><a href=\"https:\/\/www.ippformacion.com\/master\/master-de-desarrollo-personal\/\">Master de Desarrollo personal \u2013 Sergio Fernandez<\/a>\u00a0es la formaci\u00f3n que te ense\u00f1ara como vivir en plenitud y abundancia en cada \u00e1rea de tu vida<\/p>\n<p>No importa si te gusta el desarrollo personal o si piensas que es algo que se ha puesto de moda. Da igual que pienses que es interesante o que es un rollo.<\/p>\n<p>La cruda realidad es que, si no aprendes algo de cada una de las seis \u00e1reas esenciales de la vida, terminar\u00e1s por experimentar problemas.<\/p>\n<p>Si no aprendes de autoconocimiento, de cuerpo y salud, de emociones, de relaciones, de trascendencia o de dinero y carrera profesional terminar\u00e1s por experimentar problemas.<\/p>\n<p><strong>Es s\u00f3lo cuesti\u00f3n de tiempo. \u23f0<\/strong><\/p>\n<p>Mira a tu alrededor y dime, \u00bfcu\u00e1ntas personas disfrutan de una vida plena en cada aspecto de su vida?<\/p>\n<p>Pilotar una avioneta sin aprender a hacerlo da problemas. (Esto lo entiende todo el mundo)<\/p>\n<p>De la misma manera que\u2026 Vivir sin aprender a hacerlo da problemas. (Esto nos cuesta m\u00e1s entenderlo)<\/p>\n<p>As\u00ed que:<\/p>\n<ul>\n<li>Si tienes la sensaci\u00f3n de que a veces te falta algo\u2026<\/li>\n<li>Si ya has tomado la decisi\u00f3n de ped\u00edrtelo todo y no te conformas con menos\u2026<\/li>\n<li>Si hay alguna asignatura vital que se te hace cuesta arriba, quiz\u00e1 durante a\u00f1os\u2026<\/li>\n<li>Si en el fondo de tu alma sabes que podr\u00edas disfrutar de una vida mejor\u2026<\/li>\n<\/ul>\n<p><strong>\u2705 D\u00e9jame que te diga que por primera vez en la historia puedes acceder al conocimiento y a las claves pr\u00e1cticas para transformar tu vida.<\/strong><\/p>\n<\/div>\n<\/div>\n<\/div>\n<\/div>\n<\/div>\n<\/section>\n<section class=\"elementor-section elementor-top-section elementor-element elementor-element-e4707c4 elementor-section-boxed elementor-section-height-default elementor-section-height-default\" data-id=\"e4707c4\" data-element_type=\"section\">\n<div class=\"elementor-container elementor-column-gap-default\">\n<div class=\"elementor-column elementor-col-100 elementor-top-column elementor-element elementor-element-5fde79a\" data-id=\"5fde79a\" data-element_type=\"column\">\n<div class=\"elementor-widget-wrap elementor-element-populated\">\n<div class=\"elementor-element elementor-element-3c9b70a elementor-widget elementor-widget-spacer\" data-id=\"3c9b70a\" data-element_type=\"widget\" data-widget_type=\"spacer.default\">\n<div class=\"elementor-widget-container\">\n<div class=\"elementor-spacer\">\n<div class=\"elementor-spacer-inner\"><\/div>\n<\/div>\n<\/div>\n<\/div>\n<div class=\"elementor-element elementor-element-5d4f5be elementor-widget elementor-widget-video\" data-id=\"5d4f5be\" data-element_type=\"widget\" data-settings=\"{&quot;video_type&quot;:&quot;dailymotion&quot;,&quot;controls&quot;:&quot;yes&quot;}\" data-widget_type=\"video.default\">\n<div class=\"elementor-widget-container\">\n<div class=\"elementor-wrapper elementor-open-inline\"><iframe class=\"elementor-video-iframe lazyloaded\" title=\"Reproductor de v\u00eddeo dailymotion\" src=\"https:\/\/dailymotion.com\/embed\/video\/k1c1lMsAbUKz1KCuGC0?ui-highlight&amp;start&amp;endscreen-enable=0&amp;controls=1&amp;mute=0&amp;ui-start-screen-info=1&amp;ui-logo=1\" allowfullscreen=\"allowfullscreen\" data-src=\"https:\/\/dailymotion.com\/embed\/video\/k1c1lMsAbUKz1KCuGC0?ui-highlight&amp;start&amp;endscreen-enable=0&amp;controls=1&amp;mute=0&amp;ui-start-screen-info=1&amp;ui-logo=1\" data-load-mode=\"1\"><\/iframe><\/div>\n<\/div>\n<\/div>\n<\/div>\n<\/div>\n<\/div>\n<\/section>\n<section class=\"elementor-section elementor-top-section elementor-element elementor-element-7cd2e0e elementor-section-boxed elementor-section-height-default elementor-section-height-default\" data-id=\"7cd2e0e\" data-element_type=\"section\">\n<div class=\"elementor-container elementor-column-gap-default\">\n<div class=\"elementor-column elementor-col-100 elementor-top-column elementor-element elementor-element-9edfa8b\" data-id=\"9edfa8b\" data-element_type=\"column\">\n<div class=\"elementor-widget-wrap elementor-element-populated\">\n<div class=\"elementor-element elementor-element-8e5ad6d elementor-widget elementor-widget-spacer\" data-id=\"8e5ad6d\" data-element_type=\"widget\" data-widget_type=\"spacer.default\">\n<div class=\"elementor-widget-container\">\n<div class=\"elementor-spacer\">\n<div class=\"elementor-spacer-inner\"><\/div>\n<\/div>\n<\/div>\n<\/div>\n<div class=\"elementor-element elementor-element-c662e0d elementor-widget elementor-widget-sp_easy_accordion_pro_shortcode\" data-id=\"c662e0d\" data-element_type=\"widget\" data-widget_type=\"sp_easy_accordion_pro_shortcode.default\">\n<div class=\"elementor-widget-container\">\n<h2 class=\"eap_section_title eap_section_title_102218\">Contenido del Master de Desarrollo personal<\/h2>\n<div id=\"sp_easy_accordion-1739914333\">\n<div id=\"sp-ea-102218\" class=\"sp-ea-one sp-easy-accordion\" data-ea-active=\"ea-click\" data-ea-mode=\"vertical\" data-preloader=\"\" data-scroll-active-item=\"\" data-offset-to-scroll=\"0\">\n<div class=\"ea-card sp-ea-single\">\n<h3 class=\"ea-header\"><a id=\"ea-header-1022180\" class=\"collapsed\" tabindex=\"0\" role=\"button\" href=\"https:\/\/tuscursoscloud.com\/producto\/master-de-desarrollo-personal-ipp-formacion\/#\" data-sptoggle=\"spcollapse\" data-sptarget=\"#collapse1022180\" aria-controls=\"collapse1022180\" aria-expanded=\"false\"><i class=\"ea-expand-icon eap-icon-ea-expand-plus\" aria-hidden=\"true\"><\/i>Arrancamos<\/a><\/h3>\n<\/div>\n<div class=\"ea-card sp-ea-single\">\n<h3 class=\"ea-header\"><a id=\"ea-header-1022181\" class=\"collapsed\" tabindex=\"0\" role=\"button\" href=\"https:\/\/tuscursoscloud.com\/producto\/master-de-desarrollo-personal-ipp-formacion\/#\" data-sptoggle=\"spcollapse\" data-sptarget=\"#collapse1022181\" aria-controls=\"collapse1022181\" aria-expanded=\"false\"><i class=\"ea-expand-icon eap-icon-ea-expand-plus\" aria-hidden=\"true\"><\/i>Bloque. Autoconocimiento<\/a><\/h3>\n<\/div>\n<div class=\"ea-card sp-ea-single\">\n<h3 class=\"ea-header\"><a id=\"ea-header-1022182\" class=\"collapsed\" tabindex=\"0\" role=\"button\" href=\"https:\/\/tuscursoscloud.com\/producto\/master-de-desarrollo-personal-ipp-formacion\/#\" data-sptoggle=\"spcollapse\" data-sptarget=\"#collapse1022182\" aria-controls=\"collapse1022182\" aria-expanded=\"false\"><i class=\"ea-expand-icon eap-icon-ea-expand-plus\" aria-hidden=\"true\"><\/i>Bloque. Cuerpo y salud<\/a><\/h3>\n<\/div>\n<div class=\"ea-card sp-ea-single\">\n<h3 class=\"ea-header\"><a id=\"ea-header-1022183\" class=\"collapsed\" tabindex=\"0\" role=\"button\" href=\"https:\/\/tuscursoscloud.com\/producto\/master-de-desarrollo-personal-ipp-formacion\/#\" data-sptoggle=\"spcollapse\" data-sptarget=\"#collapse1022183\" aria-controls=\"collapse1022183\" aria-expanded=\"false\"><i class=\"ea-expand-icon eap-icon-ea-expand-plus\" aria-hidden=\"true\"><\/i>Bloque. Emociones<\/a><\/h3>\n<\/div>\n<div class=\"ea-card sp-ea-single\">\n<h3 class=\"ea-header\"><a id=\"ea-header-1022184\" class=\"collapsed\" tabindex=\"0\" role=\"button\" href=\"https:\/\/tuscursoscloud.com\/producto\/master-de-desarrollo-personal-ipp-formacion\/#\" data-sptoggle=\"spcollapse\" data-sptarget=\"#collapse1022184\" aria-controls=\"collapse1022184\" aria-expanded=\"false\"><i class=\"ea-expand-icon eap-icon-ea-expand-plus\" aria-hidden=\"true\"><\/i>Bloque. Relaciones<\/a><\/h3>\n<\/div>\n<div class=\"ea-card sp-ea-single\">\n<h3 class=\"ea-header\"><a id=\"ea-header-1022185\" class=\"collapsed\" tabindex=\"0\" role=\"button\" href=\"https:\/\/tuscursoscloud.com\/producto\/master-de-desarrollo-personal-ipp-formacion\/#\" data-sptoggle=\"spcollapse\" data-sptarget=\"#collapse1022185\" aria-controls=\"collapse1022185\" aria-expanded=\"false\"><i class=\"ea-expand-icon eap-icon-ea-expand-plus\" aria-hidden=\"true\"><\/i>Bloque. Trascendencia<\/a><\/h3>\n<\/div>\n<div class=\"ea-card sp-ea-single\">\n<h3 class=\"ea-header\"><a id=\"ea-header-1022186\" class=\"collapsed\" tabindex=\"0\" role=\"button\" href=\"https:\/\/tuscursoscloud.com\/producto\/master-de-desarrollo-personal-ipp-formacion\/#\" data-sptoggle=\"spcollapse\" data-sptarget=\"#collapse1022186\" aria-controls=\"collapse1022186\" aria-expanded=\"false\"><i class=\"ea-expand-icon eap-icon-ea-expand-plus\" aria-hidden=\"true\"><\/i>Bloque. Dinero y carrera profesional<\/a><\/h3>\n<\/div>\n<\/div>\n<\/div>\n<\/div>\n<\/div>\n<\/div>\n<\/div>\n<\/div>\n<\/section>\n<\/div>\n<\/div>\n<\/div>\n<\/div>\n<div class=\"elementor-element elementor-element-1c13b68d e-flex e-con-boxed e-con e-parent e-lazyloaded\" data-id=\"1c13b68d\" data-element_type=\"container\">\n<div class=\"e-con-inner\">\n<div class=\"elementor-element elementor-element-388afa17 e-con-full e-flex e-con e-child\" data-id=\"388afa17\" data-element_type=\"container\">\n<div class=\"elementor-element elementor-element-26cdf9bf elementor-widget elementor-widget-image\" data-id=\"26cdf9bf\" data-element_type=\"widget\" data-widget_type=\"image.default\"><\/div>\n<\/div>\n<\/div>\n<\/div>\n<div class=\"elementor-element elementor-element-53e7be54 e-flex e-con-boxed e-con e-parent e-lazyloaded\" data-id=\"53e7be54\" data-element_type=\"container\" data-settings=\"{&quot;background_background&quot;:&quot;classic&quot;}\">\n<div class=\"e-con-inner\">\n<div class=\"elementor-element elementor-element-4f08c0ee elementor-widget elementor-widget-text-editor animated fadeInLeft\" data-id=\"4f08c0ee\" data-element_type=\"widget\" data-settings=\"{&quot;_animation&quot;:&quot;fadeInLeft&quot;}\" data-widget_type=\"text-editor.default\">\n<div class=\"elementor-widget-container\">\n<p>&nbsp;<\/p>\n<\/div>\n<\/div>\n<\/div>\n<\/div>\n","protected":false},"excerpt":{"rendered":"<p>Accede al Master de Desarrollo personal Master de Desarrollo personal \u2013 Sergio Fernandez\u00a0es la formaci\u00f3n que te ense\u00f1ara como vivir en plenitud y abundancia en cada \u00e1rea de tu vida No importa si te gusta el desarrollo personal o si piensas que es algo que se ha puesto de moda. Da igual que pienses que [&#8230;]\n","protected":false},"featured_media":33673,"template":"","meta":{"_monsterinsights_skip_tracking":false,"_monsterinsights_sitenote_active":false,"_monsterinsights_sitenote_note":"","_monsterinsights_sitenote_category":0,"jetpack_post_was_ever_published":false,"jetpack_publicize_message":"","jetpack_publicize_feature_enabled":true,"jetpack_social_post_already_shared":true,"jetpack_social_options":{"image_generator_settings":{"template":"highway","default_image_id":0,"font":"","enabled":false},"version":2}},"product_brand":[],"product_cat":[46],"product_tag":[263,142,260,211,254,119,251,215,257,249,243,230,182,226,253,236,229,143,228,232,258,234,262,239,220,265,219,225,240,238,140,242,235,244,266,267,248,210,245,212,250,227,255,264,252,217,216,233,261,73,237,231,247,221,246,222,223,224,259,241,256,218,213,214,53],"class_list":{"0":"post-33670","1":"product","2":"type-product","3":"status-publish","4":"has-post-thumbnail","6":"product_cat-superacion","7":"product_tag-animales","8":"product_tag-avanzado","9":"product_tag-biden","10":"product_tag-billetes","11":"product_tag-bitcoin","12":"product_tag-carrera","13":"product_tag-china","14":"product_tag-christopher-olivarrieta","15":"product_tag-cine","16":"product_tag-coranavirus","17":"product_tag-cultura","18":"product_tag-cursos","19":"product_tag-dinero","20":"product_tag-dios","21":"product_tag-dolar","22":"product_tag-enric-corbera","23":"product_tag-ensenanza-en-casa","24":"product_tag-entidades","25":"product_tag-escuela","26":"product_tag-especialidad","27":"product_tag-estrenos","28":"product_tag-estudios","29":"product_tag-facebook","30":"product_tag-famosos","31":"product_tag-free","32":"product_tag-gatos","33":"product_tag-gratis","34":"product_tag-guerra","35":"product_tag-humor","36":"product_tag-internet","37":"product_tag-jose-palomo","38":"product_tag-juegos","39":"product_tag-lavin","40":"product_tag-manga","41":"product_tag-mercado-libre","42":"product_tag-mercado-pago","43":"product_tag-meteorologia","44":"product_tag-moneda","45":"product_tag-musica","46":"product_tag-nuevo","47":"product_tag-omnicron","48":"product_tag-oracion","49":"product_tag-peliculas","50":"product_tag-perros","51":"product_tag-peso","52":"product_tag-porn","53":"product_tag-porno","54":"product_tag-profesional","55":"product_tag-putin","56":"product_tag-salud","57":"product_tag-sexo","58":"product_tag-talleres","59":"product_tag-television","60":"product_tag-terapias","61":"product_tag-trabajo","62":"product_tag-ucrania","63":"product_tag-ukrania","64":"product_tag-usa","65":"product_tag-vacuna","66":"product_tag-viajes","67":"product_tag-videos","68":"product_tag-xxx","69":"product_tag-youtube","70":"product_tag-youtube-yuen-guadalajara","71":"product_tag-yuen","73":"first","74":"instock","75":"downloadable","76":"virtual","77":"purchasable","78":"product-type-simple"},"jetpack_publicize_connections":[],"jetpack-related-posts":[{"id":30628,"url":"https:\/\/multiofertasvip.com\/?product=la-ley-del-espejo-sergio-fernandez","url_meta":{"origin":33670,"position":0},"title":"La Ley del Espejo-Sergio Fernandez","author":"multiofertasvip","date":"noviembre 29, 2022","format":false,"excerpt":"La Ley del Espejo, con Sergio Fern\u00e1ndez, es un curso de desarrollo personal que te explica una de las herramientas m\u00e1s poderosas para que las personas puedan conocerse y mejorar sus relaciones con los dem\u00e1s y con uno mismo. A trav\u00e9s de teor\u00eda y de ejercicios pr\u00e1cticos, Sergio te ayudar\u00e1\u2026","rel":"","context":"Entrada similar","block_context":{"text":"Entrada similar","link":""},"img":{"alt_text":"","src":"https:\/\/i0.wp.com\/multiofertasvip.com\/wp-content\/uploads\/2022\/11\/la-ley-del-espejo.jpg?fit=200%2C200&ssl=1&resize=350%2C200","width":350,"height":200},"classes":[]},{"id":35344,"url":"https:\/\/multiofertasvip.com\/?product=mastermind-lfpro-sergio-fernandez-2","url_meta":{"origin":33670,"position":1},"title":"Mastermind LFPRO \u2013 Sergio Fern\u00e1ndez","author":"multiofertasvip","date":"abril 1, 2026","format":false,"excerpt":"\u00a0 \u00a0 \u00a0 \u00a0 \u00a0 \u00a0 \u00a0","rel":"","context":"Entrada similar","block_context":{"text":"Entrada similar","link":""},"img":{"alt_text":"","src":"https:\/\/i0.wp.com\/multiofertasvip.com\/wp-content\/uploads\/2026\/04\/lfpro.jpg?fit=200%2C200&ssl=1&resize=350%2C200","width":350,"height":200},"classes":[]},{"id":34719,"url":"https:\/\/multiofertasvip.com\/?product=master-de-respiracion-consciente-nacho-munoz","url_meta":{"origin":33670,"position":2},"title":"M\u00e1ster de Respiraci\u00f3n Consciente \u2013 Nacho Mu\u00f1oz","author":"multiofertasvip","date":"enero 8, 2026","format":false,"excerpt":"El M\u00e1ster de Respiraci\u00f3n Consciente es un programa formativo profundo y pr\u00e1ctico dise\u00f1ado para que te conviertas en facilitador de Hipno-Respiraci\u00f3n Consciente, una de las herramientas m\u00e1s impactantes y transformadoras dentro del acompa\u00f1amiento personal y terap\u00e9utico. A trav\u00e9s de este m\u00e1ster aprender\u00e1s a integrar una metodolog\u00eda capaz de generar experiencias\u2026","rel":"","context":"Entrada similar","block_context":{"text":"Entrada similar","link":""},"img":{"alt_text":"","src":"https:\/\/i0.wp.com\/multiofertasvip.com\/wp-content\/uploads\/2026\/01\/respiracion-consciente.png?fit=200%2C200&ssl=1&resize=350%2C200","width":350,"height":200},"classes":[]},{"id":33075,"url":"https:\/\/multiofertasvip.com\/?product=master-coach-en-programacion-neurolinguistica-inteligencia-emocional-y-desarrollo-personal-juan-jose-saltos","url_meta":{"origin":33670,"position":3},"title":"Master Coach en Programaci\u00f3n Neuroling\u00fc\u00edstica, Inteligencia Emocional y Desarrollo Personal- Juan Jos\u00e9 Saltos","author":"multiofertasvip","date":"agosto 19, 2024","format":false,"excerpt":"Convi\u00e9rtete en un Experto del Desarrollo Personal\u00a0con t\u00e9cnicas de Programaci\u00f3n Neuroling\u00fc\u00edstica y Coaching 100% aplicables en ti y en los dem\u00e1s, y as\u00ed iniciar tu negocio o implementar en tu profesi\u00f3n actual. Toma el control de tu vida personal y profesional\u00a0aplicando t\u00e9cnicas para mejorar tu inteligencia emocional, relaciones personales, comunicaci\u00f3n\u2026","rel":"","context":"Entrada similar","block_context":{"text":"Entrada similar","link":""},"img":{"alt_text":"","src":"https:\/\/i0.wp.com\/multiofertasvip.com\/wp-content\/uploads\/2024\/08\/pnl.jpg?fit=200%2C200&ssl=1&resize=350%2C200","width":350,"height":200},"classes":[]},{"id":35339,"url":"https:\/\/multiofertasvip.com\/?product=plan-40-dias-para-vivir-con-abundancia-sergio-fernandez-2","url_meta":{"origin":33670,"position":4},"title":"Plan 40 d\u00edas para Vivir con Abundancia \u2013 S\u00e9rgio Fern\u00e1ndez","author":"multiofertasvip","date":"abril 1, 2026","format":false,"excerpt":"\u00a0 \u00a0 \u00a0 \u00a0 \u00a0 \u00a0 \u00a0","rel":"","context":"Entrada similar","block_context":{"text":"Entrada similar","link":""},"img":{"alt_text":"","src":"https:\/\/i0.wp.com\/multiofertasvip.com\/wp-content\/uploads\/2026\/04\/plan-40-dias.jpg?fit=200%2C200&ssl=1&resize=350%2C200","width":350,"height":200},"classes":[]},{"id":35209,"url":"https:\/\/multiofertasvip.com\/?product=mastermind-la-mente-maestra-eduardo-dharma-yoel-2","url_meta":{"origin":33670,"position":5},"title":"Mastermind La Mente Maestra Eduardo Dharma Yoel","author":"multiofertasvip","date":"marzo 20, 2026","format":false,"excerpt":"\u00a0 \u00a0 \u00a0 \u00a0 \u00a0 \u00a0 \u00a0","rel":"","context":"Entrada similar","block_context":{"text":"Entrada similar","link":""},"img":{"alt_text":"","src":"https:\/\/i0.wp.com\/multiofertasvip.com\/wp-content\/uploads\/2026\/03\/mastermind.png?fit=200%2C200&ssl=1&resize=350%2C200","width":350,"height":200},"classes":[]}],"jetpack_sharing_enabled":false,"jetpack_likes_enabled":false,"_links":{"self":[{"href":"https:\/\/multiofertasvip.com\/index.php?rest_route=\/wp\/v2\/product\/33670","targetHints":{"allow":["GET"]}}],"collection":[{"href":"https:\/\/multiofertasvip.com\/index.php?rest_route=\/wp\/v2\/product"}],"about":[{"href":"https:\/\/multiofertasvip.com\/index.php?rest_route=\/wp\/v2\/types\/product"}],"version-history":[{"count":1,"href":"https:\/\/multiofertasvip.com\/index.php?rest_route=\/wp\/v2\/product\/33670\/revisions"}],"predecessor-version":[{"id":33674,"href":"https:\/\/multiofertasvip.com\/index.php?rest_route=\/wp\/v2\/product\/33670\/revisions\/33674"}],"wp:featuredmedia":[{"embeddable":true,"href":"https:\/\/multiofertasvip.com\/index.php?rest_route=\/wp\/v2\/media\/33673"}],"wp:attachment":[{"href":"https:\/\/multiofertasvip.com\/index.php?rest_route=%2Fwp%2Fv2%2Fmedia&parent=33670"}],"wp:term":[{"taxonomy":"product_brand","embeddable":true,"href":"https:\/\/multiofertasvip.com\/index.php?rest_route=%2Fwp%2Fv2%2Fproduct_brand&post=33670"},{"taxonomy":"product_cat","embeddable":true,"href":"https:\/\/multiofertasvip.com\/index.php?rest_route=%2Fwp%2Fv2%2Fproduct_cat&post=33670"},{"taxonomy":"product_tag","embeddable":true,"href":"https:\/\/multiofertasvip.com\/index.php?rest_route=%2Fwp%2Fv2%2Fproduct_tag&post=33670"}],"curies":[{"name":"wp","href":"https:\/\/api.w.org\/{rel}","templated":true}]}}